{"id":8757,"date":"2025-11-07T23:46:55","date_gmt":"2025-11-07T23:46:55","guid":{"rendered":"https:\/\/gambling6.com\/poker\/"},"modified":"2025-11-15T16:00:17","modified_gmt":"2025-11-15T16:00:17","slug":"poker","status":"publish","type":"page","link":"https:\/\/gambling6.com\/hu\/poker\/","title":{"rendered":"Poker"},"content":{"rendered":"<h2 style=\"text-align: left;\"><img loading=\"lazy\" decoding=\"async\" class=\" wp-image-3009 alignright\" src=\"https:\/\/gambling6.com\/wp-content\/uploads\/2022\/04\/pokertournament-300x209.jpg\" alt=\"kezdj el p\u00f3kert\" width=\"266\" height=\"185\" srcset=\"https:\/\/gambling6.com\/wp-content\/uploads\/2022\/04\/pokertournament-300x209.jpg 300w, https:\/\/gambling6.com\/wp-content\/uploads\/2022\/04\/pokertournament.jpg 415w\" sizes=\"auto, (max-width: 266px) 100vw, 266px\" \/>Kezdje el az online p\u00f3kerez\u00e9st<\/h2>\n<p>Ha el szeretne kezdeni online p\u00f3kert j\u00e1tszani, van n\u00e9h\u00e1ny dolog, amit tudnia kell. A p\u00f3ker egy \u00fcgyess\u00e9gi j\u00e1t\u00e9k. Nem azt mondjuk, hogy nincs benne szerencse \u2013 s\u0151t, van \u2013, de az igazs\u00e1g az, hogy ha p\u00e9nzt akarsz keresni, mindenk\u00e9ppen van egy tanul\u00e1si g\u00f6rbe.<\/p>\n<h2>5 aranyszab\u00e1ly az online p\u00f3kerez\u00e9s elkezd\u00e9s\u00e9hez<\/h2>\n<ol>\n<li>V\u00e1laszd meg b\u00f6lcsen a p\u00f3kertermedet &#8211; olvasd el az \u00e9rt\u00e9kel\u00e9seinket, miel\u0151tt kiv\u00e1lasztod az oldalt, ahol j\u00e1tszani fogsz<\/li>\n<li>Kezdd j\u00e1t\u00e9kp\u00e9nzzel, hogy megismerkedj a szab\u00e1lyokkal \u00e9s mag\u00e1val a j\u00e1t\u00e9kkal, majd kezdd a legalacsonyabb val\u00f3di p\u00e9nzes szinttel<\/li>\n<li>T\u00f6lts sok id\u0151t a p\u00f3kerstrat\u00e9gi\u00e1r\u00f3l val\u00f3 olvas\u00e1ssal. Tudd, melyik kezd\u0151 k\u00e9z j\u00f3 az adott helyzetben, \u00e9s tudd, hogyan kell j\u00e1tszani vel\u00fck az asztaln\u00e1l melyik poz\u00edci\u00f3ban. A &#8222;feszes a megfelel\u0151&#8221; a legjobb tan\u00e1cs a kezd\u0151knek, \u00e9s a relat\u00edv poz\u00edci\u00f3d nagyon fontos a d\u00f6nt\u00e9seid szempontj\u00e1b\u00f3l.<\/li>\n<li>Haszn\u00e1lj ki egy j\u00f3 b\u00f3nuszaj\u00e1nlatot az els\u0151 befizet\u00e9sedhez, vagy ak\u00e1r egy ingyenes bankroll aj\u00e1nlatot, p\u00e9ld\u00e1ul a 888 Poker aj\u00e1nlat\u00e1t. 20,00 \u20ac-t (vagy GBP-t, att\u00f3l f\u00fcgg\u0151en, hol \u00e9lsz) adnak ingyen, csak a regisztr\u00e1ci\u00f3\u00e9rt! \u00c9s tov\u00e1bbra is kapsz egy 100%-os befizet\u00e9si b\u00f3nuszt, ak\u00e1r 300,00 \u20ac-ig vagy GBP-ig, amikor p\u00e9nzt fizetsz be. <a class=\"thirstylink\" title=\"888 poker en\" href=\"https:\/\/gambling6.com\/go\/888-poker-en\/\" target=\"_blank\" rel=\"nofollow noopener\"><span style=\"text-decoration: underline;\"><strong>Kattints ide a<\/strong><\/span><span style=\"text-decoration: underline;\"><strong>a<\/strong><\/span><span style=\"text-decoration: underline;\"><strong>menj <\/strong><\/span><span style=\"text-decoration: underline;\"><strong>a<\/strong><\/span><span style=\"text-decoration: underline;\"><strong>8<\/strong><\/span><span style=\"text-decoration: underline;\"><strong>88 P\u00f3kerhez most.<\/strong><\/span><\/a><\/li>\n<li>Kezeld gondosan a bankrollodat. Legyen legal\u00e1bb 100-szorosa, jobb, ha 200-szorosa a minim\u00e1lis t\u00e9tnek az adott szinten.<\/li>\n<\/ol>\n<p><a href=\"https:\/\/ic.aff-handler.com\/C\/46138?sr=1073333&amp;anid=\" rel=\"nofollow\"><img loading=\"lazy\" decoding=\"async\" class=\"aligncenter\" src=\"https:\/\/ic.aff-handler.com\/I\/46138?sr=1073333&amp;anid=\" width=\"563\" height=\"72\" \/><\/a><\/p>\n<h2>A legjobb weboldalak online p\u00f3kerez\u00e9shez kezd\u0151knek<\/h2>\n<p>Nos, egy weboldalt m\u00e1r eml\u00edtett\u00fcnk. Ez a 888 Poker, ahol a 20 eur\u00f3s ingyenes bankroll prom\u00f3ci\u00f3 lehet\u0151v\u00e9 teszi, hogy azonnal val\u00f3di p\u00e9nzzel j\u00e1tssz, befizet\u00e9s n\u00e9lk\u00fcl. \u00c9s k\u00e9s\u0151bb kapsz egy \u00fajabb b\u00f3nuszt, amikor saj\u00e1t p\u00e9nzt fizetsz be, ami megdupl\u00e1zza a p\u00e9nzed. Ez a szolg\u00e1ltat\u00f3 azonban nem fogad el j\u00e1t\u00e9kosokat az Egyes\u00fclt \u00c1llamokb\u00f3l.<\/p>\n<h2>A legjobb weboldalak amerikai p\u00f3kerj\u00e1t\u00e9kosok sz\u00e1m\u00e1ra<\/h2>\n<p>Az Egyes\u00fclt \u00c1llamokban \u00e9rv\u00e9nyes jogi korl\u00e1toz\u00e1sok miatt nincs annyi v\u00e1laszt\u00e1si lehet\u0151s\u00e9ged. A legt\u00f6bb \u00fczemeltet\u0151 kivonult az amerikai piacr\u00f3l, \u00e9s az online szerencsej\u00e1t\u00e9k-piac szab\u00e1lyoz\u00e1sa az Egyes\u00fclt \u00c1llamokban m\u00e9g mindig a j\u00f6v\u0151 dolga &#8211; legal\u00e1bbis a legt\u00f6bb \u00e1llam sz\u00e1m\u00e1ra.<\/p>\n<p>Ennek ellen\u00e9re jelenleg a legjobb v\u00e1laszt\u00e1s a BetOnline Poker lenne. <a class=\"thirstylink\" title=\"Betonline poker en\" href=\"https:\/\/gambling6.com\/go\/betonline-poker-en\/\" target=\"_blank\" rel=\"nofollow noopener\">Kattints erre a linkre, hogy megl\u00e1togasd a weboldalukat<\/a>, ahol p\u00f3kert \u00e9s mindenf\u00e9le kaszin\u00f3j\u00e1t\u00e9kot is j\u00e1tszhatsz.<\/p>\n","protected":false},"excerpt":{"rendered":"<p>Kezdje el az online p\u00f3kerez\u00e9st Ha el szeretne kezdeni online p\u00f3kert j\u00e1tszani, van n\u00e9h\u00e1ny dolog, amit tudnia kell. A p\u00f3ker egy \u00fcgyess\u00e9gi j\u00e1t\u00e9k. Nem azt mondjuk, hogy nincs benne szerencse \u2013 s\u0151t, van \u2013, de az igazs\u00e1g az, hogy ha p\u00e9nzt akarsz keresni, mindenk\u00e9ppen van egy tanul\u00e1si g\u00f6rbe. 5 aranyszab\u00e1ly az online p\u00f3kerez\u00e9s elkezd\u00e9s\u00e9hez V\u00e1laszd [&hellip;]<\/p>\n","protected":false},"author":1,"featured_media":0,"parent":0,"menu_order":5,"comment_status":"closed","ping_status":"closed","template":"","meta":{"footnotes":""},"class_list":["post-8757","page","type-page","status-publish","hentry"],"yoast_head":"<!-- This site is optimized with the Yoast SEO plugin v27.3 - https:\/\/yoast.com\/product\/yoast-seo-wordpress\/ -->\n<title>A legjobb helyek az online p\u00f3ker elkezd\u00e9s\u00e9hez?<\/title>\n<meta name=\"description\" content=\"A legjobb online p\u00f3kerhelyek, 5 aranyszab\u00e1ly a kezd\u00e9shez\" \/>\n<meta name=\"robots\" content=\"index, follow, max-snippet:-1, max-image-preview:large, max-video-preview:-1\" \/>\n<link rel=\"canonical\" href=\"https:\/\/gambling6.com\/hu\/poker\/\" \/>\n<meta property=\"og:locale\" content=\"hu_HU\" \/>\n<meta property=\"og:type\" content=\"article\" \/>\n<meta property=\"og:title\" content=\"A legjobb helyek az online p\u00f3ker elkezd\u00e9s\u00e9hez?\" \/>\n<meta property=\"og:description\" content=\"A legjobb online p\u00f3kerhelyek, 5 aranyszab\u00e1ly a kezd\u00e9shez\" \/>\n<meta property=\"og:url\" content=\"https:\/\/gambling6.com\/hu\/poker\/\" \/>\n<meta property=\"og:site_name\" content=\"Gambling6\" \/>\n<meta property=\"article:modified_time\" content=\"2025-11-15T16:00:17+00:00\" \/>\n<meta property=\"og:image\" content=\"https:\/\/gambling6.com\/wp-content\/uploads\/2022\/04\/pokertournament.jpg\" \/>\n\t<meta property=\"og:image:width\" content=\"415\" \/>\n\t<meta property=\"og:image:height\" content=\"289\" \/>\n\t<meta property=\"og:image:type\" content=\"image\/jpeg\" \/>\n<meta name=\"twitter:card\" content=\"summary_large_image\" \/>\n<meta name=\"twitter:label1\" content=\"Becs\u00fclt olvas\u00e1si id\u0151\" \/>\n\t<meta name=\"twitter:data1\" content=\"2 perc\" \/>\n<script type=\"application\/ld+json\" class=\"yoast-schema-graph\">{\"@context\":\"https:\\\/\\\/schema.org\",\"@graph\":[{\"@type\":\"WebPage\",\"@id\":\"https:\\\/\\\/gambling6.com\\\/hu\\\/poker\\\/\",\"url\":\"https:\\\/\\\/gambling6.com\\\/hu\\\/poker\\\/\",\"name\":\"A legjobb helyek az online p\u00f3ker elkezd\u00e9s\u00e9hez?\",\"isPartOf\":{\"@id\":\"https:\\\/\\\/gambling6.com\\\/hu\\\/#website\"},\"primaryImageOfPage\":{\"@id\":\"https:\\\/\\\/gambling6.com\\\/hu\\\/poker\\\/#primaryimage\"},\"image\":{\"@id\":\"https:\\\/\\\/gambling6.com\\\/hu\\\/poker\\\/#primaryimage\"},\"thumbnailUrl\":\"https:\\\/\\\/gambling6.com\\\/wp-content\\\/uploads\\\/2022\\\/04\\\/pokertournament-300x209.jpg\",\"datePublished\":\"2025-11-07T23:46:55+00:00\",\"dateModified\":\"2025-11-15T16:00:17+00:00\",\"description\":\"A legjobb online p\u00f3kerhelyek, 5 aranyszab\u00e1ly a kezd\u00e9shez\",\"breadcrumb\":{\"@id\":\"https:\\\/\\\/gambling6.com\\\/hu\\\/poker\\\/#breadcrumb\"},\"inLanguage\":\"hu\",\"potentialAction\":[{\"@type\":\"ReadAction\",\"target\":[\"https:\\\/\\\/gambling6.com\\\/hu\\\/poker\\\/\"]}]},{\"@type\":\"ImageObject\",\"inLanguage\":\"hu\",\"@id\":\"https:\\\/\\\/gambling6.com\\\/hu\\\/poker\\\/#primaryimage\",\"url\":\"https:\\\/\\\/gambling6.com\\\/wp-content\\\/uploads\\\/2022\\\/04\\\/pokertournament-300x209.jpg\",\"contentUrl\":\"https:\\\/\\\/gambling6.com\\\/wp-content\\\/uploads\\\/2022\\\/04\\\/pokertournament-300x209.jpg\"},{\"@type\":\"BreadcrumbList\",\"@id\":\"https:\\\/\\\/gambling6.com\\\/hu\\\/poker\\\/#breadcrumb\",\"itemListElement\":[{\"@type\":\"ListItem\",\"position\":1,\"name\":\"Home\",\"item\":\"https:\\\/\\\/gambling6.com\\\/hu\\\/home\\\/\"},{\"@type\":\"ListItem\",\"position\":2,\"name\":\"Poker\"}]},{\"@type\":\"WebSite\",\"@id\":\"https:\\\/\\\/gambling6.com\\\/hu\\\/#website\",\"url\":\"https:\\\/\\\/gambling6.com\\\/hu\\\/\",\"name\":\"Gambling6\",\"description\":\"\",\"potentialAction\":[{\"@type\":\"SearchAction\",\"target\":{\"@type\":\"EntryPoint\",\"urlTemplate\":\"https:\\\/\\\/gambling6.com\\\/hu\\\/?s={search_term_string}\"},\"query-input\":{\"@type\":\"PropertyValueSpecification\",\"valueRequired\":true,\"valueName\":\"search_term_string\"}}],\"inLanguage\":\"hu\"}]}<\/script>\n<!-- \/ Yoast SEO plugin. -->","yoast_head_json":{"title":"A legjobb helyek az online p\u00f3ker elkezd\u00e9s\u00e9hez?","description":"A legjobb online p\u00f3kerhelyek, 5 aranyszab\u00e1ly a kezd\u00e9shez","robots":{"index":"index","follow":"follow","max-snippet":"max-snippet:-1","max-image-preview":"max-image-preview:large","max-video-preview":"max-video-preview:-1"},"canonical":"https:\/\/gambling6.com\/hu\/poker\/","og_locale":"hu_HU","og_type":"article","og_title":"A legjobb helyek az online p\u00f3ker elkezd\u00e9s\u00e9hez?","og_description":"A legjobb online p\u00f3kerhelyek, 5 aranyszab\u00e1ly a kezd\u00e9shez","og_url":"https:\/\/gambling6.com\/hu\/poker\/","og_site_name":"Gambling6","article_modified_time":"2025-11-15T16:00:17+00:00","og_image":[{"width":415,"height":289,"url":"https:\/\/gambling6.com\/wp-content\/uploads\/2022\/04\/pokertournament.jpg","type":"image\/jpeg"}],"twitter_card":"summary_large_image","twitter_misc":{"Becs\u00fclt olvas\u00e1si id\u0151":"2 perc"},"schema":{"@context":"https:\/\/schema.org","@graph":[{"@type":"WebPage","@id":"https:\/\/gambling6.com\/hu\/poker\/","url":"https:\/\/gambling6.com\/hu\/poker\/","name":"A legjobb helyek az online p\u00f3ker elkezd\u00e9s\u00e9hez?","isPartOf":{"@id":"https:\/\/gambling6.com\/hu\/#website"},"primaryImageOfPage":{"@id":"https:\/\/gambling6.com\/hu\/poker\/#primaryimage"},"image":{"@id":"https:\/\/gambling6.com\/hu\/poker\/#primaryimage"},"thumbnailUrl":"https:\/\/gambling6.com\/wp-content\/uploads\/2022\/04\/pokertournament-300x209.jpg","datePublished":"2025-11-07T23:46:55+00:00","dateModified":"2025-11-15T16:00:17+00:00","description":"A legjobb online p\u00f3kerhelyek, 5 aranyszab\u00e1ly a kezd\u00e9shez","breadcrumb":{"@id":"https:\/\/gambling6.com\/hu\/poker\/#breadcrumb"},"inLanguage":"hu","potentialAction":[{"@type":"ReadAction","target":["https:\/\/gambling6.com\/hu\/poker\/"]}]},{"@type":"ImageObject","inLanguage":"hu","@id":"https:\/\/gambling6.com\/hu\/poker\/#primaryimage","url":"https:\/\/gambling6.com\/wp-content\/uploads\/2022\/04\/pokertournament-300x209.jpg","contentUrl":"https:\/\/gambling6.com\/wp-content\/uploads\/2022\/04\/pokertournament-300x209.jpg"},{"@type":"BreadcrumbList","@id":"https:\/\/gambling6.com\/hu\/poker\/#breadcrumb","itemListElement":[{"@type":"ListItem","position":1,"name":"Home","item":"https:\/\/gambling6.com\/hu\/home\/"},{"@type":"ListItem","position":2,"name":"Poker"}]},{"@type":"WebSite","@id":"https:\/\/gambling6.com\/hu\/#website","url":"https:\/\/gambling6.com\/hu\/","name":"Gambling6","description":"","potentialAction":[{"@type":"SearchAction","target":{"@type":"EntryPoint","urlTemplate":"https:\/\/gambling6.com\/hu\/?s={search_term_string}"},"query-input":{"@type":"PropertyValueSpecification","valueRequired":true,"valueName":"search_term_string"}}],"inLanguage":"hu"}]}},"_links":{"self":[{"href":"https:\/\/gambling6.com\/hu\/wp-json\/wp\/v2\/pages\/8757","targetHints":{"allow":["GET"]}}],"collection":[{"href":"https:\/\/gambling6.com\/hu\/wp-json\/wp\/v2\/pages"}],"about":[{"href":"https:\/\/gambling6.com\/hu\/wp-json\/wp\/v2\/types\/page"}],"author":[{"embeddable":true,"href":"https:\/\/gambling6.com\/hu\/wp-json\/wp\/v2\/users\/1"}],"replies":[{"embeddable":true,"href":"https:\/\/gambling6.com\/hu\/wp-json\/wp\/v2\/comments?post=8757"}],"version-history":[{"count":3,"href":"https:\/\/gambling6.com\/hu\/wp-json\/wp\/v2\/pages\/8757\/revisions"}],"predecessor-version":[{"id":10963,"href":"https:\/\/gambling6.com\/hu\/wp-json\/wp\/v2\/pages\/8757\/revisions\/10963"}],"wp:attachment":[{"href":"https:\/\/gambling6.com\/hu\/wp-json\/wp\/v2\/media?parent=8757"}],"curies":[{"name":"wp","href":"https:\/\/api.w.org\/{rel}","templated":true}]}}