{"id":8854,"date":"2025-11-08T08:47:43","date_gmt":"2025-11-08T08:47:43","guid":{"rendered":"https:\/\/gambling6.com\/kaszino\/online-szerencsejatek-fiokod-biztonsaganak-megorzese\/"},"modified":"2025-11-12T09:05:37","modified_gmt":"2025-11-12T09:05:37","slug":"online-szerencsejatek-fiokod-biztonsaganak-megorzese","status":"publish","type":"page","link":"https:\/\/gambling6.com\/hu\/kaszino\/online-szerencsejatek-fiokod-biztonsaganak-megorzese\/","title":{"rendered":"Online szerencsej\u00e1t\u00e9k-fi\u00f3kod biztons\u00e1g\u00e1nak meg\u0151rz\u00e9se"},"content":{"rendered":"<h2>Ker\u00fclje a rosszindulat\u00fa oldalakat, \u00e9s tegyen biztons\u00e1gi int\u00e9zked\u00e9seket.<\/h2>\n<p>Az online j\u00e1t\u00e9kok vil\u00e1ga jelent\u0151sen megn\u0151tt, \u00e9s b\u00e1r ez \u00e1ltal\u00e1ban j\u00f3 dolog a j\u00e1t\u00e9kosok sz\u00e1m\u00e1ra, n\u00e9h\u00e1ny h\u00e1tr\u00e1nnyal is j\u00e1r. A kaszin\u00f3k \u00e1ltal k\u00edn\u00e1lt online biztons\u00e1g vitathatatlanul a legfontosabb elem a val\u00f3di p\u00e9nzes j\u00e1t\u00e9k sor\u00e1n, \u00e9s a felhaszn\u00e1l\u00f3knak garant\u00e1lni kell a hib\u00e1tlan p\u00e9nz\u00fcgyi tranzakci\u00f3kat.<\/p>\n<p>Sajnos a mai technol\u00f3giailag fejlett vil\u00e1gban a csal\u00e1sok \u00e9s az online csal\u00e1sok t\u00fal gyakoriak ahhoz, hogy felt\u00e9telezz\u00fck, hogy nem fognak megt\u00f6rt\u00e9nni \u00d6nnel, \u00e9s ez\u00e9rt ne tegy\u00fcnk semmilyen int\u00e9zked\u00e9st a megel\u0151z\u00e9s\u00fckre. \u00daj online kaszin\u00f3k jelennek meg szinte egyik napr\u00f3l a m\u00e1sikra, hatalmas b\u00f3nuszokat \u00edg\u00e9rve, hogy beind\u00edts\u00e1k a j\u00e1t\u00e9kot \u00e9s nagysz\u00e1m\u00fa \u00fcgyfelet vonzzanak.<\/p>\n<p>Nagyon fontos tudni, hogy ezek megb\u00edzhat\u00f3ak-e, \u00e9s er\u0151sen aj\u00e1nlott el\u0151sz\u00f6r t\u00f6bb inform\u00e1ci\u00f3t szerezni m\u00e1s oldalakr\u00f3l. A felhaszn\u00e1l\u00f3k vagy tapasztalt j\u00e1t\u00e9kosok \u00e1ltal \u00edrt v\u00e9lem\u00e9nyek egyre n\u00e9pszer\u0171bbek az interneten, mivel egyre t\u00f6bb szerencsej\u00e1t\u00e9kos l\u00e1tja a vakon val\u00f3 belel\u00e9p\u00e9s kock\u00e1zat\u00e1t, \u00e9s el\u0151sz\u00f6r valamilyen megnyugv\u00e1st keres.<\/p>\n<h2>Online szerencsej\u00e1t\u00e9k az Egyes\u00fclt \u00c1llamokban<\/h2>\n<p><img loading=\"lazy\" decoding=\"async\" class=\" wp-image-2415 alignright\" src=\"https:\/\/gambling6.com\/wp-content\/uploads\/2022\/04\/1_play_euromillions_online3-300x200.jpg\" alt=\"kaszin\u00f3 biztons\u00e1g\" width=\"263\" height=\"175\" srcset=\"https:\/\/gambling6.com\/wp-content\/uploads\/2022\/04\/1_play_euromillions_online3-300x200.jpg 300w, https:\/\/gambling6.com\/wp-content\/uploads\/2022\/04\/1_play_euromillions_online3.jpg 320w\" sizes=\"auto, (max-width: 263px) 100vw, 263px\" \/>Az Egyes\u00fclt \u00c1llamok egy izgalmas online szerencsej\u00e1t\u00e9k-piac. M\u00edg az online kaszin\u00f3k k\u00e9t \u00e1llam kiv\u00e9tel\u00e9vel mindenhol betiltottak, a sz\u00fcrke online szerencsej\u00e1t\u00e9k-ipar hatalmas, f\u0151k\u00e9nt az\u00e9rt, mert az amerikai szerencsej\u00e1t\u00e9kosok online kaszin\u00f3j\u00e1t\u00e9kokat szeretn\u00e9nek j\u00e1tszani. A potenci\u00e1lis \u00fcgyfelek jelent\u0151s sz\u00e1ma azt is jelenti, hogy t\u00f6bb mint egy maroknyi amerikai online kaszin\u00f3 l\u00e9tezik, ami nagyon megk\u00f6nny\u00edti az amerikai j\u00e1t\u00e9kosok sz\u00e1m\u00e1ra az indul\u00e1st.<\/p>\n<p>S\u0151t, a vezet\u0151 oldalak amerikai hitelk\u00e1rty\u00e1kat is elfogadnak fizet\u00e9si m\u00f3dk\u00e9nt, \u00e9s mindent \u00fagy terveztek, hogy a j\u00e1t\u00e9kosok sz\u00e1m\u00e1ra a lehet\u0151 legk\u00e9nyelmesebb legyen. B\u00e1r ezeket az online kaszin\u00f3kat az Egyes\u00fclt \u00c1llamok nem szab\u00e1lyozza, offshore joghat\u00f3s\u00e1gok enged\u00e9lyeivel rendelkeznek, amelyek biztos\u00edtj\u00e1k a biztons\u00e1gos \u00e9s v\u00e9dett k\u00f6rnyezetet. A probl\u00e9ma az, hogy az amerikai piacot kiszolg\u00e1l\u00f3 nagyszer\u0171 kaszin\u00f3k mellett rengeteg gyan\u00fas oldal is l\u00e9tezik, amelyeknek probl\u00e9m\u00e1ik vannak a kifizet\u00e9sekkel, vagy egyszer\u0171en nem k\u00edn\u00e1lnak tisztess\u00e9ges kifizet\u00e9si sz\u00e1zal\u00e9kot a j\u00e1t\u00e9kaikra.<\/p>\n<p>Ez\u00e9rt elengedhetetlen, hogy el\u0151sz\u00f6r olvass el n\u00e9h\u00e1ny v\u00e9lem\u00e9nyt arr\u00f3l az oldalr\u00f3l, amelyhez csatlakozni szeretn\u00e9l, \u00e9s n\u00e9zd meg, hogy val\u00f3ban olyan j\u00f3-e, mint amilyennek l\u00e1tszik. Ez nem vesz ig\u00e9nybe t\u00f6bbet n\u00e9h\u00e1ny percn\u00e9l, \u00e9s biztos\u00edtja, hogy az online j\u00e1t\u00e9k\u00e9lm\u00e9nyed a lehet\u0151 legjobb legyen. Ami a tisztess\u00e9ges j\u00e1t\u00e9kot illeti, a megb\u00edzhat\u00f3 online kaszin\u00f3k v\u00e9letlensz\u00e1m-gener\u00e1torokat haszn\u00e1lnak annak biztos\u00edt\u00e1s\u00e1ra, hogy minden j\u00e1t\u00e9k kiz\u00e1r\u00f3lag a v\u00e9letlenen alapuljon. Egy online kaszin\u00f3 \u00f6tv\u00f6zheti a hagyom\u00e1nyos kaszin\u00f3asztalokat az online j\u00e1t\u00e9k el\u0151nyeivel egy oszt\u00f3 \u00e9l\u0151 vide\u00f3 k\u00f6zvet\u00edt\u00e9s\u00e9n kereszt\u00fcl.<\/p>\n<p>Egy amerikai szerencsej\u00e1t\u00e9kosk\u00e9nt nem t\u00e9vedhetsz, ha az online kaszin\u00f3j\u00e1t\u00e9kok piacvezet\u0151 szolg\u00e1ltat\u00f3j\u00e1t, nevezetesen a BetOnline-t v\u00e1lasztod. <a class=\"thirstylink\" title=\"Betonline casino en\" href=\"https:\/\/gambling6.com\/go\/betonline-casino-en\/\" target=\"_blank\" rel=\"nofollow noopener\">Kattints ide a weboldaluk megl\u00e1togat\u00e1s\u00e1hoz<\/a>. A biztons\u00e1god j\u00f3 kezekben van ott, ellent\u00e9tben a legt\u00f6bb m\u00e1s offshore kaszin\u00f3 \u00fczemeltet\u0151vel, amelyek amerikai lakosokat is elfogadnak.<\/p>\n<h2>Biztons\u00e1gi int\u00e9zked\u00e9sek, amelyeket \u00e9rdemes figyelembe venni<\/h2>\n<p>Azt is meg kell eml\u00edten\u00fcnk, hogy a felel\u0151ss\u00e9g jelent\u0151s r\u00e9sze a j\u00e1t\u00e9kost terheli, \u00e9s vannak konkr\u00e9t int\u00e9zked\u00e9sek, amelyeket megtehet a csal\u00e1sok megel\u0151z\u00e9se \u00e9s p\u00e9nzeszk\u00f6zei biztons\u00e1g\u00e1nak meg\u0151rz\u00e9se \u00e9rdek\u00e9ben.<\/p>\n<p><strong>1. Legyen biztons\u00e1gos jelszavad<\/strong><\/p>\n<p>Egyre t\u00f6bb oldal \u00f6szt\u00f6nzi a felhaszn\u00e1l\u00f3kat biztons\u00e1gos, nehezen kital\u00e1lhat\u00f3 jelszavak haszn\u00e1lat\u00e1ra. A nagy- \u00e9s kisbet\u0171s sz\u00e1mok \u00e9s bet\u0171k haszn\u00e1lata sokkal biztons\u00e1gosabb\u00e1 teszi a jelsz\u00f3t, \u00e9s azt is javasoljuk, hogy ne haszn\u00e1ld ugyanazt a jelsz\u00f3t t\u00f6bb fi\u00f3khoz.<\/p>\n<p><strong>2. Gy\u0151z\u0151dj meg r\u00f3la, hogy j\u00f3 v\u00edrusirt\u00f3d van<\/strong><\/p>\n<p>A legt\u00f6bb j\u00e1t\u00e9kos hajlamos elfelejteni a j\u00f3 v\u00edrusirt\u00f3 fontoss\u00e1g\u00e1t. Ez azonnal \u00e9szlelheti a probl\u00e9m\u00e1kat, amikor az interneten b\u00f6ng\u00e9szsz, vagy valamit let\u00f6ltesz, p\u00e9ld\u00e1ul egy \u00faj online kaszin\u00f3 alkalmaz\u00e1s\u00e1t.<\/p>\n<p><strong>3. Mindig gy\u0151z\u0151dj meg arr\u00f3l, hogy az oldal biztons\u00e1gos<\/strong><\/p>\n<p>Szem\u00e9lyes adatok, p\u00e9ld\u00e1ul fi\u00f3kadatok megad\u00e1sakor gy\u0151z\u0151dj meg arr\u00f3l, hogy az oldal biztons\u00e1gos. Ezt \u00fagy teheted meg, hogy a b\u00f6ng\u00e9sz\u0151 c\u00edmsor\u00e1ban ellen\u0151rized a HTTPS-t, \u00e9s megkeresed a z\u00e1rt lakatot.<\/p>\n","protected":false},"excerpt":{"rendered":"<p>Ker\u00fclje a rosszindulat\u00fa oldalakat, \u00e9s tegyen biztons\u00e1gi int\u00e9zked\u00e9seket. Az online j\u00e1t\u00e9kok vil\u00e1ga jelent\u0151sen megn\u0151tt, \u00e9s b\u00e1r ez \u00e1ltal\u00e1ban j\u00f3 dolog a j\u00e1t\u00e9kosok sz\u00e1m\u00e1ra, n\u00e9h\u00e1ny h\u00e1tr\u00e1nnyal is j\u00e1r. A kaszin\u00f3k \u00e1ltal k\u00edn\u00e1lt online biztons\u00e1g vitathatatlanul a legfontosabb elem a val\u00f3di p\u00e9nzes j\u00e1t\u00e9k sor\u00e1n, \u00e9s a felhaszn\u00e1l\u00f3knak garant\u00e1lni kell a hib\u00e1tlan p\u00e9nz\u00fcgyi tranzakci\u00f3kat. Sajnos a mai technol\u00f3giailag [&hellip;]<\/p>\n","protected":false},"author":1,"featured_media":0,"parent":8310,"menu_order":36,"comment_status":"closed","ping_status":"closed","template":"","meta":{"footnotes":""},"class_list":["post-8854","page","type-page","status-publish","hentry"],"yoast_head":"<!-- This site is optimized with the Yoast SEO plugin v27.4 - https:\/\/yoast.com\/product\/yoast-seo-wordpress\/ -->\n<title>Hogyan tudom biztons\u00e1gban tartani az online kaszin\u00f3sz\u00e1ml\u00e1mat?<\/title>\n<meta name=\"description\" content=\"Useful tips for online gambling safety making sure your casino account is safe\" \/>\n<meta name=\"robots\" content=\"index, follow, max-snippet:-1, max-image-preview:large, max-video-preview:-1\" \/>\n<link rel=\"canonical\" href=\"https:\/\/gambling6.com\/hu\/kaszino\/online-szerencsejatek-fiokod-biztonsaganak-megorzese\/\" \/>\n<meta property=\"og:locale\" content=\"hu_HU\" \/>\n<meta property=\"og:type\" content=\"article\" \/>\n<meta property=\"og:title\" content=\"Hogyan tudom biztons\u00e1gban tartani az online kaszin\u00f3sz\u00e1ml\u00e1mat?\" \/>\n<meta property=\"og:description\" content=\"Useful tips for online gambling safety making sure your casino account is safe\" \/>\n<meta property=\"og:url\" content=\"https:\/\/gambling6.com\/hu\/kaszino\/online-szerencsejatek-fiokod-biztonsaganak-megorzese\/\" \/>\n<meta property=\"og:site_name\" content=\"Gambling6\" \/>\n<meta property=\"article:modified_time\" content=\"2025-11-12T09:05:37+00:00\" \/>\n<meta property=\"og:image\" content=\"https:\/\/gambling6.com\/wp-content\/uploads\/2022\/04\/1_play_euromillions_online3.jpg\" \/>\n\t<meta property=\"og:image:width\" content=\"320\" \/>\n\t<meta property=\"og:image:height\" content=\"213\" \/>\n\t<meta property=\"og:image:type\" content=\"image\/jpeg\" \/>\n<meta name=\"twitter:card\" content=\"summary_large_image\" \/>\n<meta name=\"twitter:label1\" content=\"Becs\u00fclt olvas\u00e1si id\u0151\" \/>\n\t<meta name=\"twitter:data1\" content=\"4 perc\" \/>\n<script type=\"application\/ld+json\" class=\"yoast-schema-graph\">{\"@context\":\"https:\\\/\\\/schema.org\",\"@graph\":[{\"@type\":\"WebPage\",\"@id\":\"https:\\\/\\\/gambling6.com\\\/hu\\\/kaszino\\\/online-szerencsejatek-fiokod-biztonsaganak-megorzese\\\/\",\"url\":\"https:\\\/\\\/gambling6.com\\\/hu\\\/kaszino\\\/online-szerencsejatek-fiokod-biztonsaganak-megorzese\\\/\",\"name\":\"Hogyan tudom biztons\u00e1gban tartani az online kaszin\u00f3sz\u00e1ml\u00e1mat?\",\"isPartOf\":{\"@id\":\"https:\\\/\\\/gambling6.com\\\/hu\\\/#website\"},\"primaryImageOfPage\":{\"@id\":\"https:\\\/\\\/gambling6.com\\\/hu\\\/kaszino\\\/online-szerencsejatek-fiokod-biztonsaganak-megorzese\\\/#primaryimage\"},\"image\":{\"@id\":\"https:\\\/\\\/gambling6.com\\\/hu\\\/kaszino\\\/online-szerencsejatek-fiokod-biztonsaganak-megorzese\\\/#primaryimage\"},\"thumbnailUrl\":\"https:\\\/\\\/gambling6.com\\\/wp-content\\\/uploads\\\/2022\\\/04\\\/1_play_euromillions_online3-300x200.jpg\",\"datePublished\":\"2025-11-08T08:47:43+00:00\",\"dateModified\":\"2025-11-12T09:05:37+00:00\",\"description\":\"Useful tips for online gambling safety making sure your casino account is safe\",\"breadcrumb\":{\"@id\":\"https:\\\/\\\/gambling6.com\\\/hu\\\/kaszino\\\/online-szerencsejatek-fiokod-biztonsaganak-megorzese\\\/#breadcrumb\"},\"inLanguage\":\"hu\",\"potentialAction\":[{\"@type\":\"ReadAction\",\"target\":[\"https:\\\/\\\/gambling6.com\\\/hu\\\/kaszino\\\/online-szerencsejatek-fiokod-biztonsaganak-megorzese\\\/\"]}]},{\"@type\":\"ImageObject\",\"inLanguage\":\"hu\",\"@id\":\"https:\\\/\\\/gambling6.com\\\/hu\\\/kaszino\\\/online-szerencsejatek-fiokod-biztonsaganak-megorzese\\\/#primaryimage\",\"url\":\"https:\\\/\\\/gambling6.com\\\/wp-content\\\/uploads\\\/2022\\\/04\\\/1_play_euromillions_online3-300x200.jpg\",\"contentUrl\":\"https:\\\/\\\/gambling6.com\\\/wp-content\\\/uploads\\\/2022\\\/04\\\/1_play_euromillions_online3-300x200.jpg\"},{\"@type\":\"BreadcrumbList\",\"@id\":\"https:\\\/\\\/gambling6.com\\\/hu\\\/kaszino\\\/online-szerencsejatek-fiokod-biztonsaganak-megorzese\\\/#breadcrumb\",\"itemListElement\":[{\"@type\":\"ListItem\",\"position\":1,\"name\":\"Home\",\"item\":\"https:\\\/\\\/gambling6.com\\\/hu\\\/home\\\/\"},{\"@type\":\"ListItem\",\"position\":2,\"name\":\"Kaszin\u00f3\",\"item\":\"https:\\\/\\\/gambling6.com\\\/hu\\\/get-started-with-online-gambling\\\/\"},{\"@type\":\"ListItem\",\"position\":3,\"name\":\"Online szerencsej\u00e1t\u00e9k-fi\u00f3kod biztons\u00e1g\u00e1nak meg\u0151rz\u00e9se\"}]},{\"@type\":\"WebSite\",\"@id\":\"https:\\\/\\\/gambling6.com\\\/hu\\\/#website\",\"url\":\"https:\\\/\\\/gambling6.com\\\/hu\\\/\",\"name\":\"Gambling6\",\"description\":\"\",\"potentialAction\":[{\"@type\":\"SearchAction\",\"target\":{\"@type\":\"EntryPoint\",\"urlTemplate\":\"https:\\\/\\\/gambling6.com\\\/hu\\\/?s={search_term_string}\"},\"query-input\":{\"@type\":\"PropertyValueSpecification\",\"valueRequired\":true,\"valueName\":\"search_term_string\"}}],\"inLanguage\":\"hu\"}]}<\/script>\n<!-- \/ Yoast SEO plugin. -->","yoast_head_json":{"title":"Hogyan tudom biztons\u00e1gban tartani az online kaszin\u00f3sz\u00e1ml\u00e1mat?","description":"Useful tips for online gambling safety making sure your casino account is safe","robots":{"index":"index","follow":"follow","max-snippet":"max-snippet:-1","max-image-preview":"max-image-preview:large","max-video-preview":"max-video-preview:-1"},"canonical":"https:\/\/gambling6.com\/hu\/kaszino\/online-szerencsejatek-fiokod-biztonsaganak-megorzese\/","og_locale":"hu_HU","og_type":"article","og_title":"Hogyan tudom biztons\u00e1gban tartani az online kaszin\u00f3sz\u00e1ml\u00e1mat?","og_description":"Useful tips for online gambling safety making sure your casino account is safe","og_url":"https:\/\/gambling6.com\/hu\/kaszino\/online-szerencsejatek-fiokod-biztonsaganak-megorzese\/","og_site_name":"Gambling6","article_modified_time":"2025-11-12T09:05:37+00:00","og_image":[{"width":320,"height":213,"url":"https:\/\/gambling6.com\/wp-content\/uploads\/2022\/04\/1_play_euromillions_online3.jpg","type":"image\/jpeg"}],"twitter_card":"summary_large_image","twitter_misc":{"Becs\u00fclt olvas\u00e1si id\u0151":"4 perc"},"schema":{"@context":"https:\/\/schema.org","@graph":[{"@type":"WebPage","@id":"https:\/\/gambling6.com\/hu\/kaszino\/online-szerencsejatek-fiokod-biztonsaganak-megorzese\/","url":"https:\/\/gambling6.com\/hu\/kaszino\/online-szerencsejatek-fiokod-biztonsaganak-megorzese\/","name":"Hogyan tudom biztons\u00e1gban tartani az online kaszin\u00f3sz\u00e1ml\u00e1mat?","isPartOf":{"@id":"https:\/\/gambling6.com\/hu\/#website"},"primaryImageOfPage":{"@id":"https:\/\/gambling6.com\/hu\/kaszino\/online-szerencsejatek-fiokod-biztonsaganak-megorzese\/#primaryimage"},"image":{"@id":"https:\/\/gambling6.com\/hu\/kaszino\/online-szerencsejatek-fiokod-biztonsaganak-megorzese\/#primaryimage"},"thumbnailUrl":"https:\/\/gambling6.com\/wp-content\/uploads\/2022\/04\/1_play_euromillions_online3-300x200.jpg","datePublished":"2025-11-08T08:47:43+00:00","dateModified":"2025-11-12T09:05:37+00:00","description":"Useful tips for online gambling safety making sure your casino account is safe","breadcrumb":{"@id":"https:\/\/gambling6.com\/hu\/kaszino\/online-szerencsejatek-fiokod-biztonsaganak-megorzese\/#breadcrumb"},"inLanguage":"hu","potentialAction":[{"@type":"ReadAction","target":["https:\/\/gambling6.com\/hu\/kaszino\/online-szerencsejatek-fiokod-biztonsaganak-megorzese\/"]}]},{"@type":"ImageObject","inLanguage":"hu","@id":"https:\/\/gambling6.com\/hu\/kaszino\/online-szerencsejatek-fiokod-biztonsaganak-megorzese\/#primaryimage","url":"https:\/\/gambling6.com\/wp-content\/uploads\/2022\/04\/1_play_euromillions_online3-300x200.jpg","contentUrl":"https:\/\/gambling6.com\/wp-content\/uploads\/2022\/04\/1_play_euromillions_online3-300x200.jpg"},{"@type":"BreadcrumbList","@id":"https:\/\/gambling6.com\/hu\/kaszino\/online-szerencsejatek-fiokod-biztonsaganak-megorzese\/#breadcrumb","itemListElement":[{"@type":"ListItem","position":1,"name":"Home","item":"https:\/\/gambling6.com\/hu\/home\/"},{"@type":"ListItem","position":2,"name":"Kaszin\u00f3","item":"https:\/\/gambling6.com\/hu\/get-started-with-online-gambling\/"},{"@type":"ListItem","position":3,"name":"Online szerencsej\u00e1t\u00e9k-fi\u00f3kod biztons\u00e1g\u00e1nak meg\u0151rz\u00e9se"}]},{"@type":"WebSite","@id":"https:\/\/gambling6.com\/hu\/#website","url":"https:\/\/gambling6.com\/hu\/","name":"Gambling6","description":"","potentialAction":[{"@type":"SearchAction","target":{"@type":"EntryPoint","urlTemplate":"https:\/\/gambling6.com\/hu\/?s={search_term_string}"},"query-input":{"@type":"PropertyValueSpecification","valueRequired":true,"valueName":"search_term_string"}}],"inLanguage":"hu"}]}},"_links":{"self":[{"href":"https:\/\/gambling6.com\/hu\/wp-json\/wp\/v2\/pages\/8854","targetHints":{"allow":["GET"]}}],"collection":[{"href":"https:\/\/gambling6.com\/hu\/wp-json\/wp\/v2\/pages"}],"about":[{"href":"https:\/\/gambling6.com\/hu\/wp-json\/wp\/v2\/types\/page"}],"author":[{"embeddable":true,"href":"https:\/\/gambling6.com\/hu\/wp-json\/wp\/v2\/users\/1"}],"replies":[{"embeddable":true,"href":"https:\/\/gambling6.com\/hu\/wp-json\/wp\/v2\/comments?post=8854"}],"version-history":[{"count":1,"href":"https:\/\/gambling6.com\/hu\/wp-json\/wp\/v2\/pages\/8854\/revisions"}],"predecessor-version":[{"id":10441,"href":"https:\/\/gambling6.com\/hu\/wp-json\/wp\/v2\/pages\/8854\/revisions\/10441"}],"up":[{"embeddable":true,"href":"https:\/\/gambling6.com\/hu\/wp-json\/wp\/v2\/pages\/8310"}],"wp:attachment":[{"href":"https:\/\/gambling6.com\/hu\/wp-json\/wp\/v2\/media?parent=8854"}],"curies":[{"name":"wp","href":"https:\/\/api.w.org\/{rel}","templated":true}]}}