{"id":8893,"date":"2025-11-08T09:23:25","date_gmt":"2025-11-08T09:23:25","guid":{"rendered":"https:\/\/gambling6.com\/kaszino\/a-blackjack-eredete\/"},"modified":"2025-11-15T09:21:36","modified_gmt":"2025-11-15T09:21:36","slug":"a-blackjack-eredete","status":"publish","type":"page","link":"https:\/\/gambling6.com\/hu\/kaszino\/a-blackjack-eredete\/","title":{"rendered":"A blackjack eredete"},"content":{"rendered":"<h2>Amikor el\u0151sz\u00f6r j\u00e1tszottak blackjacket<\/h2>\n<p><a href=\"http:\/\/gambling6.com\/wp-content\/uploads\/2013\/12\/history-of-balck-jack.jpg\"><img loading=\"lazy\" decoding=\"async\" class=\"aligncenter size-full wp-image-547 alignright size-full wp-image-183\" style=\"margin: 5px; float: right;\" src=\"http:\/\/gambling6.com\/wp-content\/uploads\/2013\/12\/history-of-balck-jack.jpg\" alt=\"blackjack t\u00f6rt\u00e9nelem\" width=\"243\" height=\"207\" \/><\/a>A szerencsej\u00e1t\u00e9k-t\u00f6rt\u00e9n\u00e9szek zavarban vannak a Black Jack n\u00e9ven ismert j\u00e1t\u00e9k t\u00f6rt\u00e9net\u00e9t \u00e9s eredet\u00e9t illet\u0151en. T\u00f6rt\u00e9nete m\u00e9g ma is forr\u00f3 vitat\u00e9ma sok kutat\u00f3 sz\u00e1m\u00e1ra. A k\u00e1rtyaj\u00e1t\u00e9kok t\u00f6rt\u00e9net\u00e9b\u0151l meg\u00e1llap\u00edthat\u00f3, hogy a j\u00e1t\u00e9kk\u00e1rty\u00e1kat kezdetben K\u00edn\u00e1ban, Indi\u00e1ban \u00e9s Egyiptomban m\u00e1r Kr. u. 900-ban haszn\u00e1lt\u00e1k. \u00c1ll\u00edt\u00f3lag az els\u0151 k\u00e1rtyaj\u00e1t\u00e9kok K\u00edn\u00e1ban jelentek meg.<\/p>\n<p>De m\u00e9g mindig azt mondj\u00e1k, hogy a blackjack j\u00e1t\u00e9k\u00e1t val\u00f3j\u00e1ban a franci\u00e1k tal\u00e1lt\u00e1k fel. A franci\u00e1knak voltak \u201echemin de fer\u201d \u00e9s \u201eFrench Ferme\u201d n\u00e9ven ismert k\u00e1rtyaj\u00e1t\u00e9kaik. \u00dagy tartj\u00e1k, hogy a blackjack val\u00f3j\u00e1ban e k\u00e9t francia j\u00e1t\u00e9k sarja.<\/p>\n<p>Valamikor Kr. u. 1700 k\u00f6rny\u00e9k\u00e9n bevezett\u00e9k a korabeli francia kaszin\u00f3kban a \u201evingt-et-un\u201d n\u00e9ven ismert j\u00e1t\u00e9kot, ami huszonegyet jelent. Az 1800-as \u00e9vekben ugyanez a j\u00e1t\u00e9k az Egyes\u00fclt \u00c1llamokba is \u00e1tv\u00e1ndorolt.<\/p>\n<p>B\u00e1r a \u201evingt-et-un\u201d meglehet\u0151sen hasonl\u00edt a blackjackhez, bizonyos szempontb\u00f3l m\u00e9gis k\u00fcl\u00f6nb\u00f6zik. Ebben a j\u00e1t\u00e9kban a c\u00e9l egy \u201eNatural\u201d (term\u00e9szetes) eredm\u00e9ny el\u00e9r\u00e9se huszonegy lappal. Ezenk\u00edv\u00fcl a lapokat k\u00f6r\u00f6kben osztott\u00e1k, \u00e9s minden k\u00f6rre t\u00e9teket tettek. Csak az oszt\u00f3nak volt joga \u201edupl\u00e1zni\u201d, \u00e9s ha \u0151 nyerte a Natural-t, az \u00f6sszes t\u00f6bbi j\u00e1t\u00e9kos k\u00f6teles volt megh\u00e1romszorozni a nyerem\u00e9ny\u00e9t.<\/p>\n<p>A kutat\u00f3k egy m\u00e1sik \u00e9rvel\u00e9se szerint az olasz \u201eH\u00e9t \u00e9s f\u00e9l\u201d n\u00e9ven ismert j\u00e1t\u00e9k is hozz\u00e1j\u00e1rulhatott a jelenlegi blackjack kialakul\u00e1s\u00e1hoz. A j\u00e1t\u00e9kot 8-as, 9-es \u00e9s 10-es sz\u00e1mozott k\u00e1rty\u00e1kkal, valamint figur\u00e1s k\u00e1rty\u00e1kkal j\u00e1tszott\u00e1k. A figur\u00e1s k\u00e1rty\u00e1kat \u201efel\u00e9nek\u201d sz\u00e1m\u00edtott\u00e1k. Ezenk\u00edv\u00fcl a Gy\u00e9m\u00e1nt Kir\u00e1lyt joker k\u00e1rtyak\u00e9nt kezelt\u00e9k. \u00dagy tartj\u00e1k, hogy ez volt az els\u0151 j\u00e1t\u00e9k, amelyben bevezett\u00e9k a \u201ecs\u0151d\u201d fogalm\u00e1t. Ez azt jelenti, hogy ha egy j\u00e1t\u00e9kos k\u00e1rty\u00e1inak \u00f6sszege meghaladta a h\u00e9t \u00e9s f\u00e9lt, akkor cs\u0151dbe ment, vagyis kiesett a j\u00e1t\u00e9kb\u00f3l.<\/p>\n<p>Az \u201eEgy \u00e9s harminc\u201d, a h\u00edres spanyol j\u00e1t\u00e9k is hasonl\u00f3 volt a black jackhez. De ebben az \u00f6sszeg harmincegy volt a huszonegy helyett, r\u00e1ad\u00e1sul h\u00e1rom k\u00e1rty\u00e1val j\u00e1tszott\u00e1k kett\u0151 helyett, mint a black jackben.<\/p>\n<p>Kezdetben, amikor a blackjack 1910-ben megjelent az amerikai kaszin\u00f3kban, nem volt t\u00fal n\u00e9pszer\u0171. A j\u00e1t\u00e9kkaszin\u00f3k k\u00fcl\u00f6nf\u00e9le \u00f6szt\u00f6nz\u0151ket \u00e9s b\u00f3nuszokat vezettek be, hogy az embereket a j\u00e1t\u00e9khoz cs\u00e1b\u00edts\u00e1k. A j\u00e1t\u00e9kkaszin\u00f3k \u00e1ltal kezdetben k\u00edn\u00e1lt b\u00f3nusz kifizet\u00e9s 10:1 volt. N\u00e9h\u00e1ny kaszin\u00f3 is hozz\u00e1adta az \u00faj j\u00e1t\u00e9k cs\u00e1b\u00edt\u00e1s\u00e1t, \u00e9s felismerte mind a treff jeget, mind a pikk jeget, t\u00edzszeres kifizet\u00e9st eredm\u00e9nyezve.<\/p>\n<p>Egy m\u00e1sik k\u00fcl\u00f6n\u00f6s dolog, ahogy a &#8222;Blackjack&#8221; nevet haszn\u00e1lj\u00e1k ebben a j\u00e1t\u00e9kban. \u00c1ll\u00edt\u00f3lag az\u00e9rt nevezt\u00e9k Blackjacknek a j\u00e1t\u00e9kot, mert a b\u00f3nusz kifizet\u00e9shez a j\u00e1t\u00e9kosnak vagy a pikk jeggyel, vagy a pikk \u00e1szszal kellett rendelkeznie az els\u0151 k\u00e9t lapj\u00e1n.<\/p>\n<p>B\u00e1r ma m\u00e1r a pikk jeggyel m\u00e1r nem kell nyer\u0151 k\u00e9zhez jutni, \u00e9s minden t\u00edz\u00e9rt\u00e9k\u0171 lap, amelyen \u00e1sz van, nyer\u0151 k\u00e9znek min\u0151s\u00fcl, a Black Jack elnevez\u00e9s mag\u00e1ban hordozza azt.<\/p>\n","protected":false},"excerpt":{"rendered":"<p>Amikor el\u0151sz\u00f6r j\u00e1tszottak blackjacket A szerencsej\u00e1t\u00e9k-t\u00f6rt\u00e9n\u00e9szek zavarban vannak a Black Jack n\u00e9ven ismert j\u00e1t\u00e9k t\u00f6rt\u00e9net\u00e9t \u00e9s eredet\u00e9t illet\u0151en. T\u00f6rt\u00e9nete m\u00e9g ma is forr\u00f3 vitat\u00e9ma sok kutat\u00f3 sz\u00e1m\u00e1ra. A k\u00e1rtyaj\u00e1t\u00e9kok t\u00f6rt\u00e9net\u00e9b\u0151l meg\u00e1llap\u00edthat\u00f3, hogy a j\u00e1t\u00e9kk\u00e1rty\u00e1kat kezdetben K\u00edn\u00e1ban, Indi\u00e1ban \u00e9s Egyiptomban m\u00e1r Kr. u. 900-ban haszn\u00e1lt\u00e1k. \u00c1ll\u00edt\u00f3lag az els\u0151 k\u00e1rtyaj\u00e1t\u00e9kok K\u00edn\u00e1ban jelentek meg. De m\u00e9g mindig azt [&hellip;]<\/p>\n","protected":false},"author":1,"featured_media":8879,"parent":8310,"menu_order":56,"comment_status":"closed","ping_status":"closed","template":"","meta":{"footnotes":""},"class_list":["post-8893","page","type-page","status-publish","has-post-thumbnail","hentry"],"yoast_head":"<!-- This site is optimized with the Yoast SEO plugin v27.3 - https:\/\/yoast.com\/product\/yoast-seo-wordpress\/ -->\n<title>A blackjack k\u00e1rtyaj\u00e1t\u00e9k eredete<\/title>\n<meta name=\"description\" content=\"Olvass a Black Jack t\u00f6rt\u00e9net\u00e9r\u0151l, a n\u00e9pszer\u0171 utcai j\u00e1t\u00e9kt\u00f3l a kaszin\u00f3s id\u0151t\u00f6lt\u00e9sen \u00e1t az online kaszin\u00f3kig\" \/>\n<meta name=\"robots\" content=\"index, follow, max-snippet:-1, max-image-preview:large, max-video-preview:-1\" \/>\n<link rel=\"canonical\" href=\"https:\/\/gambling6.com\/hu\/kaszino\/a-blackjack-eredete\/\" \/>\n<meta property=\"og:locale\" content=\"hu_HU\" \/>\n<meta property=\"og:type\" content=\"article\" \/>\n<meta property=\"og:title\" content=\"A blackjack k\u00e1rtyaj\u00e1t\u00e9k eredete\" \/>\n<meta property=\"og:description\" content=\"Olvass a Black Jack t\u00f6rt\u00e9net\u00e9r\u0151l, a n\u00e9pszer\u0171 utcai j\u00e1t\u00e9kt\u00f3l a kaszin\u00f3s id\u0151t\u00f6lt\u00e9sen \u00e1t az online kaszin\u00f3kig\" \/>\n<meta property=\"og:url\" content=\"https:\/\/gambling6.com\/hu\/kaszino\/a-blackjack-eredete\/\" \/>\n<meta property=\"og:site_name\" content=\"Gambling6\" \/>\n<meta property=\"article:modified_time\" content=\"2025-11-15T09:21:36+00:00\" \/>\n<meta property=\"og:image\" content=\"https:\/\/gambling6.com\/wp-content\/uploads\/2013\/12\/history-of-balck-jack.jpg\" \/>\n\t<meta property=\"og:image:width\" content=\"243\" \/>\n\t<meta property=\"og:image:height\" content=\"207\" \/>\n\t<meta property=\"og:image:type\" content=\"image\/jpeg\" \/>\n<meta name=\"twitter:card\" content=\"summary_large_image\" \/>\n<meta name=\"twitter:label1\" content=\"Becs\u00fclt olvas\u00e1si id\u0151\" \/>\n\t<meta name=\"twitter:data1\" content=\"3 perc\" \/>\n<script type=\"application\/ld+json\" class=\"yoast-schema-graph\">{\"@context\":\"https:\\\/\\\/schema.org\",\"@graph\":[{\"@type\":\"WebPage\",\"@id\":\"https:\\\/\\\/gambling6.com\\\/hu\\\/kaszino\\\/a-blackjack-eredete\\\/\",\"url\":\"https:\\\/\\\/gambling6.com\\\/hu\\\/kaszino\\\/a-blackjack-eredete\\\/\",\"name\":\"A blackjack k\u00e1rtyaj\u00e1t\u00e9k eredete\",\"isPartOf\":{\"@id\":\"https:\\\/\\\/gambling6.com\\\/hu\\\/#website\"},\"primaryImageOfPage\":{\"@id\":\"https:\\\/\\\/gambling6.com\\\/hu\\\/kaszino\\\/a-blackjack-eredete\\\/#primaryimage\"},\"image\":{\"@id\":\"https:\\\/\\\/gambling6.com\\\/hu\\\/kaszino\\\/a-blackjack-eredete\\\/#primaryimage\"},\"thumbnailUrl\":\"https:\\\/\\\/gambling6.com\\\/wp-content\\\/uploads\\\/2013\\\/12\\\/history-of-balck-jack.jpg\",\"datePublished\":\"2025-11-08T09:23:25+00:00\",\"dateModified\":\"2025-11-15T09:21:36+00:00\",\"description\":\"Olvass a Black Jack t\u00f6rt\u00e9net\u00e9r\u0151l, a n\u00e9pszer\u0171 utcai j\u00e1t\u00e9kt\u00f3l a kaszin\u00f3s id\u0151t\u00f6lt\u00e9sen \u00e1t az online kaszin\u00f3kig\",\"breadcrumb\":{\"@id\":\"https:\\\/\\\/gambling6.com\\\/hu\\\/kaszino\\\/a-blackjack-eredete\\\/#breadcrumb\"},\"inLanguage\":\"hu\",\"potentialAction\":[{\"@type\":\"ReadAction\",\"target\":[\"https:\\\/\\\/gambling6.com\\\/hu\\\/kaszino\\\/a-blackjack-eredete\\\/\"]}]},{\"@type\":\"ImageObject\",\"inLanguage\":\"hu\",\"@id\":\"https:\\\/\\\/gambling6.com\\\/hu\\\/kaszino\\\/a-blackjack-eredete\\\/#primaryimage\",\"url\":\"https:\\\/\\\/gambling6.com\\\/wp-content\\\/uploads\\\/2013\\\/12\\\/history-of-balck-jack.jpg\",\"contentUrl\":\"https:\\\/\\\/gambling6.com\\\/wp-content\\\/uploads\\\/2013\\\/12\\\/history-of-balck-jack.jpg\",\"width\":243,\"height\":207,\"caption\":\"blackjack\"},{\"@type\":\"BreadcrumbList\",\"@id\":\"https:\\\/\\\/gambling6.com\\\/hu\\\/kaszino\\\/a-blackjack-eredete\\\/#breadcrumb\",\"itemListElement\":[{\"@type\":\"ListItem\",\"position\":1,\"name\":\"Home\",\"item\":\"https:\\\/\\\/gambling6.com\\\/hu\\\/home\\\/\"},{\"@type\":\"ListItem\",\"position\":2,\"name\":\"Kaszin\u00f3\",\"item\":\"https:\\\/\\\/gambling6.com\\\/hu\\\/get-started-with-online-gambling\\\/\"},{\"@type\":\"ListItem\",\"position\":3,\"name\":\"A blackjack eredete\"}]},{\"@type\":\"WebSite\",\"@id\":\"https:\\\/\\\/gambling6.com\\\/hu\\\/#website\",\"url\":\"https:\\\/\\\/gambling6.com\\\/hu\\\/\",\"name\":\"Gambling6\",\"description\":\"\",\"potentialAction\":[{\"@type\":\"SearchAction\",\"target\":{\"@type\":\"EntryPoint\",\"urlTemplate\":\"https:\\\/\\\/gambling6.com\\\/hu\\\/?s={search_term_string}\"},\"query-input\":{\"@type\":\"PropertyValueSpecification\",\"valueRequired\":true,\"valueName\":\"search_term_string\"}}],\"inLanguage\":\"hu\"}]}<\/script>\n<!-- \/ Yoast SEO plugin. -->","yoast_head_json":{"title":"A blackjack k\u00e1rtyaj\u00e1t\u00e9k eredete","description":"Olvass a Black Jack t\u00f6rt\u00e9net\u00e9r\u0151l, a n\u00e9pszer\u0171 utcai j\u00e1t\u00e9kt\u00f3l a kaszin\u00f3s id\u0151t\u00f6lt\u00e9sen \u00e1t az online kaszin\u00f3kig","robots":{"index":"index","follow":"follow","max-snippet":"max-snippet:-1","max-image-preview":"max-image-preview:large","max-video-preview":"max-video-preview:-1"},"canonical":"https:\/\/gambling6.com\/hu\/kaszino\/a-blackjack-eredete\/","og_locale":"hu_HU","og_type":"article","og_title":"A blackjack k\u00e1rtyaj\u00e1t\u00e9k eredete","og_description":"Olvass a Black Jack t\u00f6rt\u00e9net\u00e9r\u0151l, a n\u00e9pszer\u0171 utcai j\u00e1t\u00e9kt\u00f3l a kaszin\u00f3s id\u0151t\u00f6lt\u00e9sen \u00e1t az online kaszin\u00f3kig","og_url":"https:\/\/gambling6.com\/hu\/kaszino\/a-blackjack-eredete\/","og_site_name":"Gambling6","article_modified_time":"2025-11-15T09:21:36+00:00","og_image":[{"width":243,"height":207,"url":"https:\/\/gambling6.com\/wp-content\/uploads\/2013\/12\/history-of-balck-jack.jpg","type":"image\/jpeg"}],"twitter_card":"summary_large_image","twitter_misc":{"Becs\u00fclt olvas\u00e1si id\u0151":"3 perc"},"schema":{"@context":"https:\/\/schema.org","@graph":[{"@type":"WebPage","@id":"https:\/\/gambling6.com\/hu\/kaszino\/a-blackjack-eredete\/","url":"https:\/\/gambling6.com\/hu\/kaszino\/a-blackjack-eredete\/","name":"A blackjack k\u00e1rtyaj\u00e1t\u00e9k eredete","isPartOf":{"@id":"https:\/\/gambling6.com\/hu\/#website"},"primaryImageOfPage":{"@id":"https:\/\/gambling6.com\/hu\/kaszino\/a-blackjack-eredete\/#primaryimage"},"image":{"@id":"https:\/\/gambling6.com\/hu\/kaszino\/a-blackjack-eredete\/#primaryimage"},"thumbnailUrl":"https:\/\/gambling6.com\/wp-content\/uploads\/2013\/12\/history-of-balck-jack.jpg","datePublished":"2025-11-08T09:23:25+00:00","dateModified":"2025-11-15T09:21:36+00:00","description":"Olvass a Black Jack t\u00f6rt\u00e9net\u00e9r\u0151l, a n\u00e9pszer\u0171 utcai j\u00e1t\u00e9kt\u00f3l a kaszin\u00f3s id\u0151t\u00f6lt\u00e9sen \u00e1t az online kaszin\u00f3kig","breadcrumb":{"@id":"https:\/\/gambling6.com\/hu\/kaszino\/a-blackjack-eredete\/#breadcrumb"},"inLanguage":"hu","potentialAction":[{"@type":"ReadAction","target":["https:\/\/gambling6.com\/hu\/kaszino\/a-blackjack-eredete\/"]}]},{"@type":"ImageObject","inLanguage":"hu","@id":"https:\/\/gambling6.com\/hu\/kaszino\/a-blackjack-eredete\/#primaryimage","url":"https:\/\/gambling6.com\/wp-content\/uploads\/2013\/12\/history-of-balck-jack.jpg","contentUrl":"https:\/\/gambling6.com\/wp-content\/uploads\/2013\/12\/history-of-balck-jack.jpg","width":243,"height":207,"caption":"blackjack"},{"@type":"BreadcrumbList","@id":"https:\/\/gambling6.com\/hu\/kaszino\/a-blackjack-eredete\/#breadcrumb","itemListElement":[{"@type":"ListItem","position":1,"name":"Home","item":"https:\/\/gambling6.com\/hu\/home\/"},{"@type":"ListItem","position":2,"name":"Kaszin\u00f3","item":"https:\/\/gambling6.com\/hu\/get-started-with-online-gambling\/"},{"@type":"ListItem","position":3,"name":"A blackjack eredete"}]},{"@type":"WebSite","@id":"https:\/\/gambling6.com\/hu\/#website","url":"https:\/\/gambling6.com\/hu\/","name":"Gambling6","description":"","potentialAction":[{"@type":"SearchAction","target":{"@type":"EntryPoint","urlTemplate":"https:\/\/gambling6.com\/hu\/?s={search_term_string}"},"query-input":{"@type":"PropertyValueSpecification","valueRequired":true,"valueName":"search_term_string"}}],"inLanguage":"hu"}]}},"_links":{"self":[{"href":"https:\/\/gambling6.com\/hu\/wp-json\/wp\/v2\/pages\/8893","targetHints":{"allow":["GET"]}}],"collection":[{"href":"https:\/\/gambling6.com\/hu\/wp-json\/wp\/v2\/pages"}],"about":[{"href":"https:\/\/gambling6.com\/hu\/wp-json\/wp\/v2\/types\/page"}],"author":[{"embeddable":true,"href":"https:\/\/gambling6.com\/hu\/wp-json\/wp\/v2\/users\/1"}],"replies":[{"embeddable":true,"href":"https:\/\/gambling6.com\/hu\/wp-json\/wp\/v2\/comments?post=8893"}],"version-history":[{"count":1,"href":"https:\/\/gambling6.com\/hu\/wp-json\/wp\/v2\/pages\/8893\/revisions"}],"predecessor-version":[{"id":10870,"href":"https:\/\/gambling6.com\/hu\/wp-json\/wp\/v2\/pages\/8893\/revisions\/10870"}],"up":[{"embeddable":true,"href":"https:\/\/gambling6.com\/hu\/wp-json\/wp\/v2\/pages\/8310"}],"wp:featuredmedia":[{"embeddable":true,"href":"https:\/\/gambling6.com\/hu\/wp-json\/wp\/v2\/media\/8879"}],"wp:attachment":[{"href":"https:\/\/gambling6.com\/hu\/wp-json\/wp\/v2\/media?parent=8893"}],"curies":[{"name":"wp","href":"https:\/\/api.w.org\/{rel}","templated":true}]}}