{"id":8937,"date":"2025-11-08T10:12:41","date_gmt":"2025-11-08T10:12:41","guid":{"rendered":"https:\/\/gambling6.com\/kaszino\/minden-amit-az-online-nyerogepekrol-tudni-kell\/"},"modified":"2025-11-15T09:46:31","modified_gmt":"2025-11-15T09:46:31","slug":"minden-amit-az-online-nyerogepekrol-tudni-kell","status":"publish","type":"page","link":"https:\/\/gambling6.com\/hu\/kaszino\/minden-amit-az-online-nyerogepekrol-tudni-kell\/","title":{"rendered":"Minden, amit az online nyer\u0151g\u00e9pekr\u0151l tudni kell"},"content":{"rendered":"<h2>Nyer\u0151g\u00e9pek \u2013 a legn\u00e9pszer\u0171bb online kaszin\u00f3j\u00e1t\u00e9k<\/h2>\n<p>Az online nyer\u0151g\u00e9pek a legn\u00e9pszer\u0171bb v\u00e1laszt\u00e1s a kaszin\u00f3j\u00e1t\u00e9kosok k\u00f6r\u00e9ben, \u00e9s ennek sz\u00e1mos oka van. B\u00e1r a j\u00e1t\u00e9kok els\u0151 pillant\u00e1sra egyszer\u0171nek t\u0171nnek, val\u00f3j\u00e1ban van n\u00e9h\u00e1ny dolog, amit tudnod kell r\u00f3luk, ami seg\u00edthet jav\u00edtani az eredm\u00e9nyeidet \u00e9s jobb online j\u00e1t\u00e9k\u00e9lm\u00e9nyt teremteni. A val\u00f3di p\u00e9nzes nyer\u0151g\u00e9pekkel kapcsolatos k\u00fcl\u00f6nb\u00f6z\u0151 elemekr\u0151l tov\u00e1bbi inform\u00e1ci\u00f3kat a weboldalunkon tal\u00e1lsz, amely a j\u00e1t\u00e9kosok j\u00e1t\u00e9k\u00e1nak \u00e9s az alkalmazhat\u00f3 strat\u00e9gi\u00e1knak a bemutat\u00e1s\u00e1ra szolg\u00e1l.<\/p>\n<h2>Bemutatkozik az online nyer\u0151g\u00e9pek<\/h2>\n<p><img loading=\"lazy\" decoding=\"async\" class=\" alignright size-full wp-image-370\" style=\"margin: 5px; float: right;\" src=\"http:\/\/gambling6.com\/wp-content\/uploads\/2013\/12\/Slots-150x150.jpg\" alt=\"Nyer\u0151g\u00e9pek--150x150\" width=\"150\" height=\"150\" \/>A nyer\u0151g\u00e9pek nagyon n\u00e9pszer\u0171ek a hagyom\u00e1nyos kaszin\u00f3kban, \u00e9s jellemz\u0151en nagy termeket t\u00f6ltenek meg, hogy kiel\u00e9g\u00edts\u00e9k a nagy keresletet. Val\u00f3j\u00e1ban cs\u00facsid\u0151ben nagy val\u00f3sz\u00edn\u0171s\u00e9ggel nem tal\u00e1lsz nyer\u0151g\u00e9pet a n\u00e9pszer\u0171 kaszin\u00f3kban. A j\u00e1t\u00e9k koncepci\u00f3ja egyszer\u0171: 3 vagy 5 forg\u00f3 t\u00e1rcs\u00e1n t\u00f6bb szimb\u00f3lum tal\u00e1lhat\u00f3. A j\u00e1t\u00e9kosnak t\u00e9tet kell tennie, \u00e9s ki kell v\u00e1lasztania a j\u00e1tszani k\u00edv\u00e1nt vonalak sz\u00e1m\u00e1t.<\/p>\n<p>Ezut\u00e1n megp\u00f6rgetheti a t\u00e1rcs\u00e1kat, \u00e9s ha a szimb\u00f3lumok egy adott kombin\u00e1ci\u00f3ban \u00e1llnak meg minden kiv\u00e1lasztott vonalon, a j\u00e1t\u00e9k a nyerem\u00e9nyszorz\u00f3k \u00e9s a t\u00e9t nagys\u00e1ga alapj\u00e1n \u00edt\u00e9l oda egy nyerem\u00e9nyt. A j\u00e1t\u00e9knak ez az egyszer\u0171s\u00e9ge tette annyira n\u00e9pszer\u0171v\u00e9, kombin\u00e1lva a hatalmas nyerem\u00e9nyek megnyer\u00e9s\u00e9nek lehet\u0151s\u00e9g\u00e9vel. Ahogy az online kaszin\u00f3k az \u00e9vek sor\u00e1n egyre n\u00e9pszer\u0171bbek lettek, a nyer\u0151g\u00e9pek is megtartott\u00e1k n\u00e9pszer\u0171s\u00e9g\u00fcket, ahogy a j\u00e1t\u00e9kosok online t\u00e9rtek \u00e1t, hogy k\u00f6nnyebben hozz\u00e1f\u00e9rhessenek kedvenc j\u00e1t\u00e9kaikhoz.<\/p>\n<p>Ugyanazok a szab\u00e1lyok \u00e9rv\u00e9nyesek, de az online nyer\u0151g\u00e9pek most v\u00e9letlensz\u00e1m-gener\u00e1torokat haszn\u00e1lnak annak meghat\u00e1roz\u00e1s\u00e1ra, hogy mely szimb\u00f3lumok jelennek meg, miut\u00e1n a t\u00e1rcs\u00e1k meg\u00e1llnak forogni. A nyer\u0151g\u00e9pek es\u00e9lyei elm\u00e9letileg ugyanazok maradnak, de a legt\u00f6bb j\u00e1t\u00e9kos azt \u00e1ll\u00edtja, hogy az online nyer\u0151g\u00e9pek sokkal j\u00f6vedelmez\u0151bbek, mivel semmilyen m\u00f3don nem v\u00e1ltoznak a kaszin\u00f3parketten elfoglalt hely\u00fckt\u0151l f\u00fcgg\u0151en.<\/p>\n<h2>\u00daj lehet\u0151s\u00e9gek online<\/h2>\n<p>Az online nyer\u0151g\u00e9pek az elm\u00falt \u00e9vekben igaz\u00e1n beindultak, \u00e9s az internet lehet\u0151s\u00e9get adott a szoftverfejleszt\u0151knek, hogy a j\u00e1t\u00e9kot a k\u00f6vetkez\u0151 szintre emelj\u00e9k. A j\u00e1t\u00e9kosok most m\u00e1r sz\u00e1mos nyer\u0151vonal k\u00f6z\u00fcl v\u00e1laszthatnak. Minden tov\u00e1bbi vonalnak ugyanolyan es\u00e9lye van egy nyer\u0151 kombin\u00e1ci\u00f3 el\u00e9r\u00e9s\u00e9re, \u00edgy a j\u00e1t\u00e9kosnak lehet\u0151s\u00e9ge van t\u00f6bbet fizetni \u00e9s t\u00f6bb vonalon j\u00e1tszani egy p\u00f6rget\u00e9s alatt. Az internet a legjobb m\u00f3dot is biztos\u00edtotta az online nyer\u0151g\u00e9pek t\u00e9m\u00e1juk \u00e9s st\u00edlusuk alapj\u00e1n t\u00f6rt\u00e9n\u0151 b\u0151v\u00edt\u00e9s\u00e9re. \u00daj c\u00edmek jelennek meg meglehet\u0151sen gyakran, \u00e9s k\u00fcl\u00f6nb\u00f6z\u0151 t\u00e9m\u00e1kat \u00f6lelhetnek fel, a lehet\u0151s\u00e9geknek pedig val\u00f3ban csak a k\u00e9pzelet szab hat\u00e1rt. A n\u00e9pszer\u0171 filmek, mint p\u00e9ld\u00e1ul a S\u00f6t\u00e9t Lovag \u00e9s a Gladi\u00e1tor, inspir\u00e1lj\u00e1k az online nyer\u0151g\u00e9peket.<\/p>\n<p>A vonz\u00f3 t\u00e9m\u00e1j\u00fa \u00e9s figyelemfelkelt\u0151 diz\u00e1jnnal rendelkez\u0151 kaszin\u00f3j\u00e1t\u00e9kok legjobb kaszin\u00f3i k\u00f6z\u00e9 mindenk\u00e9ppen a 888 Casino tartozik. <a class=\"thirstylink\" title=\"888 casino en\" href=\"https:\/\/gambling6.com\/go\/888-casino-en\/\" target=\"_blank\" rel=\"nofollow noopener\">Ha ki szeretn\u00e9d pr\u00f3b\u00e1lni \u0151ket, k\u00f6vesd ezt a linket &#8211; nem fogsz csal\u00f3dni.<\/a><\/p>\n<h2>Progressz\u00edv nyer\u0151g\u00e9pek<\/h2>\n<p>A progressz\u00edv nyer\u0151g\u00e9pek megtal\u00e1lhat\u00f3k hagyom\u00e1nyos kaszin\u00f3kban is, de online igaz\u00e1n n\u00e9pszer\u0171ek. Az \u00f6tlet az, hogy a kaszin\u00f3 t\u00f6bb nyer\u0151g\u00e9pet \u00f6sszekapcsol, \u00edgy minden t\u00e9t hozz\u00e1j\u00e1rulhat egy standard jackpothoz, amelyet b\u00e1rmikor megnyerhetsz. Az online kaszin\u00f3k eset\u00e9ben ezeknek a j\u00e1t\u00e9koknak az \u00f6sszekapcsol\u00e1sa sokkal egyszer\u0171bb, lehet\u0151v\u00e9 t\u00e9ve, hogy t\u00f6bb felhaszn\u00e1l\u00f3 j\u00e1tssza ugyanazt a j\u00e1t\u00e9kot. Ez n\u00e9h\u00e1ny nagyon n\u00e9pszer\u0171 progressz\u00edv nyer\u0151g\u00e9phez vezet, amelyek t\u00f6bb milli\u00f3 doll\u00e1rt is kioszthatnak n\u00e9h\u00e1ny havonta.<\/p>\n<p>A jackpot minden tov\u00e1bbi t\u00e9ttel n\u00f6vekszik, amelyet a j\u00e1t\u00e9kosok tesznek meg, am\u00edg valaki el nem \u00e9ri a nyer\u0151 kombin\u00e1ci\u00f3t, \u00e9s el nem viszi a teljes \u00f6sszeget. P\u00e9ld\u00e1ul egy p\u00f3ker t\u00e9m\u00e1j\u00fa online nyer\u0151g\u00e9pen a jackpotot a Royal Flush eltal\u00e1l\u00e1s\u00e1val lehet megnyerni. Term\u00e9szetesen kisebb nyerem\u00e9nyeket is adnak m\u00e1s, gyakrabban el\u0151fordul\u00f3 kombin\u00e1ci\u00f3k\u00e9rt, \u00edgy a j\u00e1t\u00e9kosok nem csak a jackpotra fogadnak. A n\u00e9pszer\u0171 progressz\u00edv nyer\u0151g\u00e9pek egyszerre t\u00f6bb online kaszin\u00f3ban is megtal\u00e1lhat\u00f3k, felt\u00e9ve, hogy ugyanazt a szoftverszolg\u00e1ltat\u00f3t haszn\u00e1lj\u00e1k.<\/p>\n<h2>Strat\u00e9gi\u00e1k online nyer\u0151g\u00e9pekhez<\/h2>\n<p>B\u00e1r a nyer\u0151g\u00e9pek tiszt\u00e1n szerencsej\u00e1t\u00e9kok, n\u00e9h\u00e1ny hasznos tipp seg\u00edthet n\u00f6velni a profitot. A legfontosabb tudnival\u00f3, hogy egy p\u00f6rget\u00e9s nem f\u00fcgg az el\u0151z\u0151t\u0151l; minden p\u00f6rget\u00e9snek ugyanazok az es\u00e9lyei. Sok j\u00e1t\u00e9kos \u00fagy gondolja, hogy ha el\u00e9g sok\u00e1ig j\u00e1tszik, v\u00e9g\u00fcl megnyeri a nagyd\u00edjat. Az online nyer\u0151g\u00e9peken val\u00f3 nyer\u00e9s legjobb m\u00f3dja a bankroll megfelel\u0151 kezel\u00e9se, a felesleges kock\u00e1zatok korai elker\u00fcl\u00e9se. Ez azt jelenti, hogy kevesebb nyer\u0151vonalat kell j\u00e1tszani, \u00e9s ker\u00fclni kell azokat a j\u00e1t\u00e9kokat, amelyek \u201edupla vagy semmi\u201d funkci\u00f3kat k\u00edn\u00e1lnak. Ahhoz, hogy jobban megismerje a j\u00e1t\u00e9k m\u0171k\u00f6d\u00e9s\u00e9t, el\u0151sz\u00f6r virtu\u00e1lis p\u00e9nzzel j\u00e1tszhat.<\/p>\n","protected":false},"excerpt":{"rendered":"<p>Nyer\u0151g\u00e9pek \u2013 a legn\u00e9pszer\u0171bb online kaszin\u00f3j\u00e1t\u00e9k Az online nyer\u0151g\u00e9pek a legn\u00e9pszer\u0171bb v\u00e1laszt\u00e1s a kaszin\u00f3j\u00e1t\u00e9kosok k\u00f6r\u00e9ben, \u00e9s ennek sz\u00e1mos oka van. B\u00e1r a j\u00e1t\u00e9kok els\u0151 pillant\u00e1sra egyszer\u0171nek t\u0171nnek, val\u00f3j\u00e1ban van n\u00e9h\u00e1ny dolog, amit tudnod kell r\u00f3luk, ami seg\u00edthet jav\u00edtani az eredm\u00e9nyeidet \u00e9s jobb online j\u00e1t\u00e9k\u00e9lm\u00e9nyt teremteni. A val\u00f3di p\u00e9nzes nyer\u0151g\u00e9pekkel kapcsolatos k\u00fcl\u00f6nb\u00f6z\u0151 elemekr\u0151l tov\u00e1bbi inform\u00e1ci\u00f3kat a [&hellip;]<\/p>\n","protected":false},"author":1,"featured_media":8923,"parent":8310,"menu_order":42,"comment_status":"closed","ping_status":"closed","template":"","meta":{"footnotes":""},"class_list":["post-8937","page","type-page","status-publish","has-post-thumbnail","hentry"],"yoast_head":"<!-- This site is optimized with the Yoast SEO plugin v27.4 - https:\/\/yoast.com\/product\/yoast-seo-wordpress\/ -->\n<title>Inform\u00e1ci\u00f3k az online nyer\u0151g\u00e9pes j\u00e1t\u00e9kokr\u00f3l<\/title>\n<meta name=\"description\" content=\"Tanulj meg online nyer\u0151g\u00e9peken j\u00e1tszani, \u00e9s szerezz t\u00f6bb milli\u00f3 doll\u00e1rnyi progressz\u00edv jackpotot egyetlen eg\u00e9rkattint\u00e1ssal.\" \/>\n<meta name=\"robots\" content=\"index, follow, max-snippet:-1, max-image-preview:large, max-video-preview:-1\" \/>\n<link rel=\"canonical\" href=\"https:\/\/gambling6.com\/hu\/kaszino\/minden-amit-az-online-nyerogepekrol-tudni-kell\/\" \/>\n<meta property=\"og:locale\" content=\"hu_HU\" \/>\n<meta property=\"og:type\" content=\"article\" \/>\n<meta property=\"og:title\" content=\"Inform\u00e1ci\u00f3k az online nyer\u0151g\u00e9pes j\u00e1t\u00e9kokr\u00f3l\" \/>\n<meta property=\"og:description\" content=\"Tanulj meg online nyer\u0151g\u00e9peken j\u00e1tszani, \u00e9s szerezz t\u00f6bb milli\u00f3 doll\u00e1rnyi progressz\u00edv jackpotot egyetlen eg\u00e9rkattint\u00e1ssal.\" \/>\n<meta property=\"og:url\" content=\"https:\/\/gambling6.com\/hu\/kaszino\/minden-amit-az-online-nyerogepekrol-tudni-kell\/\" \/>\n<meta property=\"og:site_name\" content=\"Gambling6\" \/>\n<meta property=\"article:modified_time\" content=\"2025-11-15T09:46:31+00:00\" \/>\n<meta property=\"og:image\" content=\"https:\/\/gambling6.com\/wp-content\/uploads\/2013\/12\/Slots-150x150.jpg\" \/>\n\t<meta property=\"og:image:width\" content=\"150\" \/>\n\t<meta property=\"og:image:height\" content=\"150\" \/>\n\t<meta property=\"og:image:type\" content=\"image\/jpeg\" \/>\n<meta name=\"twitter:card\" content=\"summary_large_image\" \/>\n<meta name=\"twitter:label1\" content=\"Becs\u00fclt olvas\u00e1si id\u0151\" \/>\n\t<meta name=\"twitter:data1\" content=\"5 perc\" \/>\n<script type=\"application\/ld+json\" class=\"yoast-schema-graph\">{\"@context\":\"https:\\\/\\\/schema.org\",\"@graph\":[{\"@type\":\"WebPage\",\"@id\":\"https:\\\/\\\/gambling6.com\\\/hu\\\/kaszino\\\/minden-amit-az-online-nyerogepekrol-tudni-kell\\\/\",\"url\":\"https:\\\/\\\/gambling6.com\\\/hu\\\/kaszino\\\/minden-amit-az-online-nyerogepekrol-tudni-kell\\\/\",\"name\":\"Inform\u00e1ci\u00f3k az online nyer\u0151g\u00e9pes j\u00e1t\u00e9kokr\u00f3l\",\"isPartOf\":{\"@id\":\"https:\\\/\\\/gambling6.com\\\/hu\\\/#website\"},\"primaryImageOfPage\":{\"@id\":\"https:\\\/\\\/gambling6.com\\\/hu\\\/kaszino\\\/minden-amit-az-online-nyerogepekrol-tudni-kell\\\/#primaryimage\"},\"image\":{\"@id\":\"https:\\\/\\\/gambling6.com\\\/hu\\\/kaszino\\\/minden-amit-az-online-nyerogepekrol-tudni-kell\\\/#primaryimage\"},\"thumbnailUrl\":\"https:\\\/\\\/gambling6.com\\\/wp-content\\\/uploads\\\/2013\\\/12\\\/Slots-150x150.jpg\",\"datePublished\":\"2025-11-08T10:12:41+00:00\",\"dateModified\":\"2025-11-15T09:46:31+00:00\",\"description\":\"Tanulj meg online nyer\u0151g\u00e9peken j\u00e1tszani, \u00e9s szerezz t\u00f6bb milli\u00f3 doll\u00e1rnyi progressz\u00edv jackpotot egyetlen eg\u00e9rkattint\u00e1ssal.\",\"breadcrumb\":{\"@id\":\"https:\\\/\\\/gambling6.com\\\/hu\\\/kaszino\\\/minden-amit-az-online-nyerogepekrol-tudni-kell\\\/#breadcrumb\"},\"inLanguage\":\"hu\",\"potentialAction\":[{\"@type\":\"ReadAction\",\"target\":[\"https:\\\/\\\/gambling6.com\\\/hu\\\/kaszino\\\/minden-amit-az-online-nyerogepekrol-tudni-kell\\\/\"]}]},{\"@type\":\"ImageObject\",\"inLanguage\":\"hu\",\"@id\":\"https:\\\/\\\/gambling6.com\\\/hu\\\/kaszino\\\/minden-amit-az-online-nyerogepekrol-tudni-kell\\\/#primaryimage\",\"url\":\"https:\\\/\\\/gambling6.com\\\/wp-content\\\/uploads\\\/2013\\\/12\\\/Slots-150x150.jpg\",\"contentUrl\":\"https:\\\/\\\/gambling6.com\\\/wp-content\\\/uploads\\\/2013\\\/12\\\/Slots-150x150.jpg\",\"width\":150,\"height\":150},{\"@type\":\"BreadcrumbList\",\"@id\":\"https:\\\/\\\/gambling6.com\\\/hu\\\/kaszino\\\/minden-amit-az-online-nyerogepekrol-tudni-kell\\\/#breadcrumb\",\"itemListElement\":[{\"@type\":\"ListItem\",\"position\":1,\"name\":\"Home\",\"item\":\"https:\\\/\\\/gambling6.com\\\/hu\\\/home\\\/\"},{\"@type\":\"ListItem\",\"position\":2,\"name\":\"Kaszin\u00f3\",\"item\":\"https:\\\/\\\/gambling6.com\\\/hu\\\/get-started-with-online-gambling\\\/\"},{\"@type\":\"ListItem\",\"position\":3,\"name\":\"Minden, amit az online nyer\u0151g\u00e9pekr\u0151l tudni kell\"}]},{\"@type\":\"WebSite\",\"@id\":\"https:\\\/\\\/gambling6.com\\\/hu\\\/#website\",\"url\":\"https:\\\/\\\/gambling6.com\\\/hu\\\/\",\"name\":\"Gambling6\",\"description\":\"\",\"potentialAction\":[{\"@type\":\"SearchAction\",\"target\":{\"@type\":\"EntryPoint\",\"urlTemplate\":\"https:\\\/\\\/gambling6.com\\\/hu\\\/?s={search_term_string}\"},\"query-input\":{\"@type\":\"PropertyValueSpecification\",\"valueRequired\":true,\"valueName\":\"search_term_string\"}}],\"inLanguage\":\"hu\"}]}<\/script>\n<!-- \/ Yoast SEO plugin. -->","yoast_head_json":{"title":"Inform\u00e1ci\u00f3k az online nyer\u0151g\u00e9pes j\u00e1t\u00e9kokr\u00f3l","description":"Tanulj meg online nyer\u0151g\u00e9peken j\u00e1tszani, \u00e9s szerezz t\u00f6bb milli\u00f3 doll\u00e1rnyi progressz\u00edv jackpotot egyetlen eg\u00e9rkattint\u00e1ssal.","robots":{"index":"index","follow":"follow","max-snippet":"max-snippet:-1","max-image-preview":"max-image-preview:large","max-video-preview":"max-video-preview:-1"},"canonical":"https:\/\/gambling6.com\/hu\/kaszino\/minden-amit-az-online-nyerogepekrol-tudni-kell\/","og_locale":"hu_HU","og_type":"article","og_title":"Inform\u00e1ci\u00f3k az online nyer\u0151g\u00e9pes j\u00e1t\u00e9kokr\u00f3l","og_description":"Tanulj meg online nyer\u0151g\u00e9peken j\u00e1tszani, \u00e9s szerezz t\u00f6bb milli\u00f3 doll\u00e1rnyi progressz\u00edv jackpotot egyetlen eg\u00e9rkattint\u00e1ssal.","og_url":"https:\/\/gambling6.com\/hu\/kaszino\/minden-amit-az-online-nyerogepekrol-tudni-kell\/","og_site_name":"Gambling6","article_modified_time":"2025-11-15T09:46:31+00:00","og_image":[{"width":150,"height":150,"url":"https:\/\/gambling6.com\/wp-content\/uploads\/2013\/12\/Slots-150x150.jpg","type":"image\/jpeg"}],"twitter_card":"summary_large_image","twitter_misc":{"Becs\u00fclt olvas\u00e1si id\u0151":"5 perc"},"schema":{"@context":"https:\/\/schema.org","@graph":[{"@type":"WebPage","@id":"https:\/\/gambling6.com\/hu\/kaszino\/minden-amit-az-online-nyerogepekrol-tudni-kell\/","url":"https:\/\/gambling6.com\/hu\/kaszino\/minden-amit-az-online-nyerogepekrol-tudni-kell\/","name":"Inform\u00e1ci\u00f3k az online nyer\u0151g\u00e9pes j\u00e1t\u00e9kokr\u00f3l","isPartOf":{"@id":"https:\/\/gambling6.com\/hu\/#website"},"primaryImageOfPage":{"@id":"https:\/\/gambling6.com\/hu\/kaszino\/minden-amit-az-online-nyerogepekrol-tudni-kell\/#primaryimage"},"image":{"@id":"https:\/\/gambling6.com\/hu\/kaszino\/minden-amit-az-online-nyerogepekrol-tudni-kell\/#primaryimage"},"thumbnailUrl":"https:\/\/gambling6.com\/wp-content\/uploads\/2013\/12\/Slots-150x150.jpg","datePublished":"2025-11-08T10:12:41+00:00","dateModified":"2025-11-15T09:46:31+00:00","description":"Tanulj meg online nyer\u0151g\u00e9peken j\u00e1tszani, \u00e9s szerezz t\u00f6bb milli\u00f3 doll\u00e1rnyi progressz\u00edv jackpotot egyetlen eg\u00e9rkattint\u00e1ssal.","breadcrumb":{"@id":"https:\/\/gambling6.com\/hu\/kaszino\/minden-amit-az-online-nyerogepekrol-tudni-kell\/#breadcrumb"},"inLanguage":"hu","potentialAction":[{"@type":"ReadAction","target":["https:\/\/gambling6.com\/hu\/kaszino\/minden-amit-az-online-nyerogepekrol-tudni-kell\/"]}]},{"@type":"ImageObject","inLanguage":"hu","@id":"https:\/\/gambling6.com\/hu\/kaszino\/minden-amit-az-online-nyerogepekrol-tudni-kell\/#primaryimage","url":"https:\/\/gambling6.com\/wp-content\/uploads\/2013\/12\/Slots-150x150.jpg","contentUrl":"https:\/\/gambling6.com\/wp-content\/uploads\/2013\/12\/Slots-150x150.jpg","width":150,"height":150},{"@type":"BreadcrumbList","@id":"https:\/\/gambling6.com\/hu\/kaszino\/minden-amit-az-online-nyerogepekrol-tudni-kell\/#breadcrumb","itemListElement":[{"@type":"ListItem","position":1,"name":"Home","item":"https:\/\/gambling6.com\/hu\/home\/"},{"@type":"ListItem","position":2,"name":"Kaszin\u00f3","item":"https:\/\/gambling6.com\/hu\/get-started-with-online-gambling\/"},{"@type":"ListItem","position":3,"name":"Minden, amit az online nyer\u0151g\u00e9pekr\u0151l tudni kell"}]},{"@type":"WebSite","@id":"https:\/\/gambling6.com\/hu\/#website","url":"https:\/\/gambling6.com\/hu\/","name":"Gambling6","description":"","potentialAction":[{"@type":"SearchAction","target":{"@type":"EntryPoint","urlTemplate":"https:\/\/gambling6.com\/hu\/?s={search_term_string}"},"query-input":{"@type":"PropertyValueSpecification","valueRequired":true,"valueName":"search_term_string"}}],"inLanguage":"hu"}]}},"_links":{"self":[{"href":"https:\/\/gambling6.com\/hu\/wp-json\/wp\/v2\/pages\/8937","targetHints":{"allow":["GET"]}}],"collection":[{"href":"https:\/\/gambling6.com\/hu\/wp-json\/wp\/v2\/pages"}],"about":[{"href":"https:\/\/gambling6.com\/hu\/wp-json\/wp\/v2\/types\/page"}],"author":[{"embeddable":true,"href":"https:\/\/gambling6.com\/hu\/wp-json\/wp\/v2\/users\/1"}],"replies":[{"embeddable":true,"href":"https:\/\/gambling6.com\/hu\/wp-json\/wp\/v2\/comments?post=8937"}],"version-history":[{"count":2,"href":"https:\/\/gambling6.com\/hu\/wp-json\/wp\/v2\/pages\/8937\/revisions"}],"predecessor-version":[{"id":10895,"href":"https:\/\/gambling6.com\/hu\/wp-json\/wp\/v2\/pages\/8937\/revisions\/10895"}],"up":[{"embeddable":true,"href":"https:\/\/gambling6.com\/hu\/wp-json\/wp\/v2\/pages\/8310"}],"wp:featuredmedia":[{"embeddable":true,"href":"https:\/\/gambling6.com\/hu\/wp-json\/wp\/v2\/media\/8923"}],"wp:attachment":[{"href":"https:\/\/gambling6.com\/hu\/wp-json\/wp\/v2\/media?parent=8937"}],"curies":[{"name":"wp","href":"https:\/\/api.w.org\/{rel}","templated":true}]}}