{"id":8962,"date":"2025-11-08T12:03:37","date_gmt":"2025-11-08T12:03:37","guid":{"rendered":"https:\/\/gambling6.com\/kaszino\/hol-talalhatok-kivalo-minosegu-online-nyerogepeket\/"},"modified":"2025-11-12T17:06:21","modified_gmt":"2025-11-12T17:06:21","slug":"hol-talalhatok-kivalo-minosegu-online-nyerogepeket","status":"publish","type":"page","link":"https:\/\/gambling6.com\/hu\/kaszino\/hol-talalhatok-kivalo-minosegu-online-nyerogepeket\/","title":{"rendered":"Hol tal\u00e1lhatok kiv\u00e1l\u00f3 min\u0151s\u00e9g\u0171 online nyer\u0151g\u00e9peket?"},"content":{"rendered":"<h2>Min\u0151s\u00e9gi online nyer\u0151g\u00e9pes kaszin\u00f3k<\/h2>\n<p>Az online kaszin\u00f3k k\u00f6z\u00f6tt a nyer\u0151g\u00e9pek jellemz\u0151en az \u00e9len j\u00e1rnak a v\u00e1ltozatoss\u00e1g, a j\u00e1t\u00e9kosok sz\u00e1ma \u00e9s a jackpotok tekintet\u00e9ben. Term\u00e9szetesen nagyon k\u00f6nny\u0171 bel\u00e1tni, hogy mi\u00e9rt olyan n\u00e9pszer\u0171ek az online nyer\u0151g\u00e9pes j\u00e1t\u00e9kok, \u00e9s egyetlen egyszer\u0171 szimb\u00f3lump\u00f6rget\u00e9ssel minden j\u00e1t\u00e9kosnak lehet\u0151s\u00e9ge van nagy nyerem\u00e9nyek, ak\u00e1r t\u00f6bb milli\u00f3 doll\u00e1r megnyer\u00e9s\u00e9re. Val\u00f3j\u00e1ban a nyer\u0151g\u00e9pek annyira n\u00e9pszer\u0171ek online, hogy egyes online kaszin\u00f3k k\u00fcl\u00f6nleges b\u00f3nuszokat k\u00edn\u00e1lnak csak ezekre a j\u00e1t\u00e9kokra, mivel a j\u00e1t\u00e9kosok csak az\u00e9rt csatlakoznak, hogy k\u00fcl\u00f6nb\u00f6z\u0151 nyer\u0151g\u00e9peken j\u00e1tsszanak, \u00e9s semmi m\u00e1s nem \u00e9rdekli \u0151ket. Mivel az online nyer\u0151g\u00e9pekben a legjobb strat\u00e9gia a t\u00f6bb j\u00e1t\u00e9k, ezek a b\u00f3nuszok gyorsan hasznosak lesznek.<\/p>\n<h2>Kaszin\u00f3j\u00e1t\u00e9k-szoftver szolg\u00e1ltat\u00f3k<\/h2>\n<p><img loading=\"lazy\" decoding=\"async\" class=\"size-full wp-image-400 alignright\" src=\"https:\/\/gambling6.com\/wp-content\/uploads\/2013\/12\/mobile-gambling-150x150.jpg\" alt=\"online nyer\u0151g\u00e9p\" width=\"150\" height=\"150\" \/>Minden online kaszin\u00f3t egy szoftverfejleszt\u0151 m\u0171k\u00f6dtet, \u00e9s j\u00f3 n\u00e9h\u00e1ny olyan c\u00e9g van, amely az internet legszebb kaszin\u00f3j\u00e1t\u00e9kaival szerzett mag\u00e1nak nevet. K\u00f6vesd a linket, ha nem tudod, milyen nyer\u0151g\u00e9pes szoftvert v\u00e1laszd, \u00e9s ez elvezet a k\u00e9t legn\u00e9pszer\u0171bb n\u00e9vhez az ipar\u00e1gban.<\/p>\n<h2>A legjobb nyer\u0151g\u00e9pes j\u00e1t\u00e9kok az interneten<\/h2>\n<p>A grafika \u00e9s a funkci\u00f3k szoftverenk\u00e9nt nagym\u00e9rt\u00e9kben v\u00e1ltozhatnak, ez\u00e9rt mindig \u00e9rdemes t\u00f6bb lehet\u0151s\u00e9get is megn\u00e9zni, \u00e9s megn\u00e9zni, melyiket tal\u00e1lod a legvonz\u00f3bbnak. Ha tudod, hogyan n\u00e9znek ki egy adott szoftverfejleszt\u0151 j\u00e1t\u00e9kai, sokkal k\u00f6nnyebb dolgod lehet egy \u00faj online kaszin\u00f3 keres\u00e9se sor\u00e1n. B\u00e1r egyes oldalakon tal\u00e1lhat\u00f3 n\u00e9h\u00e1ny egyedi j\u00e1t\u00e9k, amelyeket kifejezetten az adott online kaszin\u00f3 sz\u00e1m\u00e1ra terveztek, az ugyanazon szoftverszolg\u00e1ltat\u00f3 \u00e1ltal m\u0171k\u00f6dtetett \u00f6sszes oldal szinte ugyanazokat a j\u00e1t\u00e9kokat k\u00edn\u00e1lja. Annak \u00e9rdek\u00e9ben, hogy \u00fcgyfeleik el\u00e9gedettek legyenek, egyes online kaszin\u00f3k t\u00f6bb szoftverszolg\u00e1ltat\u00f3 j\u00e1t\u00e9kait k\u00edn\u00e1lj\u00e1k, \u00e9s ezt mindig j\u00f3 l\u00e1tni.<\/p>\n<h3>Online nyer\u0151g\u00e9pes j\u00e1t\u00e9kok<\/h3>\n<p>Mivel annyi online kaszin\u00f3 k\u00edn\u00e1l nyer\u0151g\u00e9pes j\u00e1t\u00e9kokat k\u00fcl\u00f6nb\u00f6z\u0151 szolg\u00e1ltat\u00f3kt\u00f3l, nagyon neh\u00e9z lehet tudni, hogy melyek a legjobbak. Ez minden alkalommal garant\u00e1ltan nagyszer\u0171 j\u00e1t\u00e9k\u00e9lm\u00e9nyt ny\u00fajt. N\u00e9zd meg ezt a lehet\u0151s\u00e9get, amelyet ma az internet legjobb nyer\u0151g\u00e9pekkel rendelkez\u0151 kaszin\u00f3j\u00e1nak tartanak, mivel szinte mindent k\u00edn\u00e1l. Az itt felsorolt \u200b\u200boldal v\u00e1ltozhat, ha jobb lehet\u0151s\u00e9g jelenik meg, de jelenleg a legjobb oldal nyer\u0151g\u00e9pes j\u00e1t\u00e9kokhoz a 888 Casino. A 888 az online szerencsej\u00e1t\u00e9kok egyik vezet\u0151je, nagy sportfogad\u00e1ssal, realisztikus p\u00f3kerteremmel \u00e9s nagyszer\u0171 kaszin\u00f3val.<\/p>\n<p>Ami a 888 Casino-t ilyen nagyszer\u0171 helly\u00e9 teszi a nyer\u0151g\u00e9pes j\u00e1t\u00e9kokhoz, az az, hogy hossz\u00fa list\u00e1juk van a Playtech, az IGT, a Microgaming \u00e9s n\u00e9h\u00e1ny saj\u00e1t j\u00e1t\u00e9kkal. Egy \u00faj j\u00e1t\u00e9kosnak t\u00f6bb napba is telhet, mire v\u00e9gigj\u00e1tssza az \u00f6sszes el\u00e9rhet\u0151 j\u00e1t\u00e9kot, \u00e9s a k\u00fcl\u00f6nb\u00f6z\u0151 st\u00edlusok garant\u00e1lj\u00e1k, hogy soha nem fog unatkozni.<\/p>\n<p>Term\u00e9szetesen egy nagyszer\u0171 online kaszin\u00f3 nem csak a k\u00edn\u00e1lt j\u00e1t\u00e9kokr\u00f3l sz\u00f3l; sz\u00e1mos t\u00e9nyez\u0151nek er\u0151snek kell lennie ahhoz, hogy az eg\u00e9sz oldalt jelent\u0151snek tekints\u00e9k. Tal\u00e1n a legfontosabb a biztons\u00e1g, mivel a p\u00e9nz\u00fcgyi tranzakci\u00f3k az online szerencsej\u00e1t\u00e9k nagy r\u00e9sz\u00e9t k\u00e9pezik, \u00e9s az online kaszin\u00f3nak garant\u00e1lnia kell, hogy minden minden alkalommal biztons\u00e1gos \u00e9s v\u00e9dett legyen.<\/p>\n<p>\u00c9s ha \u00d6n az Egyes\u00fclt \u00c1llamokban \u00e9l, az amerikai jogszab\u00e1lyok megakad\u00e1lyozz\u00e1k, hogy csatlakozzon a 888 Kaszin\u00f3hoz. Az amerikai szerencsej\u00e1t\u00e9kosok sz\u00e1m\u00e1ra kev\u00e9s a j\u00f3 alternat\u00edva, de minden online szerencsej\u00e1t\u00e9khoz a BetOnline Kaszin\u00f3t tudjuk aj\u00e1nlani. Kattintson az al\u00e1bbi bannerre a BetOnlineCasino megl\u00e1togat\u00e1s\u00e1hoz &#8211; nem fog csal\u00f3dni!<\/p>\n<p><a class=\"thirstylink\" title=\"Betonline casino en\" href=\"https:\/\/gambling6.com\/go\/betonline-casino-en\/\" target=\"_blank\" rel=\"nofollow noopener\"><img loading=\"lazy\" decoding=\"async\" class=\" wp-image-7875 aligncenter\" src=\"https:\/\/gambling6.com\/wp-content\/uploads\/2025\/10\/BOL_AQC_banner_468x60_FS1_casino-300x38.gif\" alt=\"BetOnline casino\" width=\"553\" height=\"70\" \/><\/a><\/p>\n<p>Ez\u00e9rt mindig j\u00f3 ellen\u0151rizni a v\u00e9lem\u00e9nyeket, \u00e9s megn\u00e9zni, mely online kaszin\u00f3k megb\u00edzhat\u00f3ak, \u00e9s melyek ismertek a kifizet\u00e9si probl\u00e9m\u00e1kr\u00f3l. Mivel p\u00e9nzr\u0151l besz\u00e9l\u00fcnk, a b\u00f3nuszok \u00e9s prom\u00f3ci\u00f3k az elm\u00falt \u00e9vekben nagyon fontoss\u00e1 v\u00e1ltak, \u00e9s \u00e1ltal\u00e1ban ezek az els\u0151 dolgok, amiket egy \u00faj j\u00e1t\u00e9kos megn\u00e9z. Nagyon gyakori, hogy a vezet\u0151 online kaszin\u00f3k a befizet\u00e9s \u00f6sszege alapj\u00e1n \u00fcdv\u00f6zl\u0151 b\u00f3nuszokat k\u00edn\u00e1lnak, \u00e9s a nyer\u0151g\u00e9pes b\u00f3nuszok a leggyakoribbak a j\u00e1t\u00e9k n\u00e9pszer\u0171s\u00e9ge miatt.<\/p>\n","protected":false},"excerpt":{"rendered":"<p>Min\u0151s\u00e9gi online nyer\u0151g\u00e9pes kaszin\u00f3k Az online kaszin\u00f3k k\u00f6z\u00f6tt a nyer\u0151g\u00e9pek jellemz\u0151en az \u00e9len j\u00e1rnak a v\u00e1ltozatoss\u00e1g, a j\u00e1t\u00e9kosok sz\u00e1ma \u00e9s a jackpotok tekintet\u00e9ben. Term\u00e9szetesen nagyon k\u00f6nny\u0171 bel\u00e1tni, hogy mi\u00e9rt olyan n\u00e9pszer\u0171ek az online nyer\u0151g\u00e9pes j\u00e1t\u00e9kok, \u00e9s egyetlen egyszer\u0171 szimb\u00f3lump\u00f6rget\u00e9ssel minden j\u00e1t\u00e9kosnak lehet\u0151s\u00e9ge van nagy nyerem\u00e9nyek, ak\u00e1r t\u00f6bb milli\u00f3 doll\u00e1r megnyer\u00e9s\u00e9re. Val\u00f3j\u00e1ban a nyer\u0151g\u00e9pek annyira n\u00e9pszer\u0171ek [&hellip;]<\/p>\n","protected":false},"author":1,"featured_media":0,"parent":8310,"menu_order":47,"comment_status":"closed","ping_status":"closed","template":"","meta":{"footnotes":""},"class_list":["post-8962","page","type-page","status-publish","hentry"],"yoast_head":"<!-- This site is optimized with the Yoast SEO plugin v27.3 - https:\/\/yoast.com\/product\/yoast-seo-wordpress\/ -->\n<title>Kiv\u00e1l\u00f3 min\u0151s\u00e9g\u0171 online nyer\u0151g\u00e9pek<\/title>\n<meta name=\"description\" content=\"J\u00e1tssz a legjobb nyer\u0151g\u00e9pekkel \u00e9s nyer\u0151g\u00e9pes j\u00e1t\u00e9kokkal az interneten. Tal\u00e1ld meg a legjobb min\u0151s\u00e9g\u0171 online nyer\u0151g\u00e9peket itt!\" \/>\n<meta name=\"robots\" content=\"index, follow, max-snippet:-1, max-image-preview:large, max-video-preview:-1\" \/>\n<link rel=\"canonical\" href=\"https:\/\/gambling6.com\/hu\/kaszino\/hol-talalhatok-kivalo-minosegu-online-nyerogepeket\/\" \/>\n<meta property=\"og:locale\" content=\"hu_HU\" \/>\n<meta property=\"og:type\" content=\"article\" \/>\n<meta property=\"og:title\" content=\"Kiv\u00e1l\u00f3 min\u0151s\u00e9g\u0171 online nyer\u0151g\u00e9pek\" \/>\n<meta property=\"og:description\" content=\"J\u00e1tssz a legjobb nyer\u0151g\u00e9pekkel \u00e9s nyer\u0151g\u00e9pes j\u00e1t\u00e9kokkal az interneten. Tal\u00e1ld meg a legjobb min\u0151s\u00e9g\u0171 online nyer\u0151g\u00e9peket itt!\" \/>\n<meta property=\"og:url\" content=\"https:\/\/gambling6.com\/hu\/kaszino\/hol-talalhatok-kivalo-minosegu-online-nyerogepeket\/\" \/>\n<meta property=\"og:site_name\" content=\"Gambling6\" \/>\n<meta property=\"article:modified_time\" content=\"2025-11-12T17:06:21+00:00\" \/>\n<meta property=\"og:image\" content=\"https:\/\/gambling6.com\/wp-content\/uploads\/2013\/12\/mobile-gambling-150x150.jpg\" \/>\n\t<meta property=\"og:image:width\" content=\"150\" \/>\n\t<meta property=\"og:image:height\" content=\"150\" \/>\n\t<meta property=\"og:image:type\" content=\"image\/jpeg\" \/>\n<meta name=\"twitter:card\" content=\"summary_large_image\" \/>\n<meta name=\"twitter:label1\" content=\"Becs\u00fclt olvas\u00e1si id\u0151\" \/>\n\t<meta name=\"twitter:data1\" content=\"4 perc\" \/>\n<script type=\"application\/ld+json\" class=\"yoast-schema-graph\">{\"@context\":\"https:\\\/\\\/schema.org\",\"@graph\":[{\"@type\":\"WebPage\",\"@id\":\"https:\\\/\\\/gambling6.com\\\/hu\\\/kaszino\\\/hol-talalhatok-kivalo-minosegu-online-nyerogepeket\\\/\",\"url\":\"https:\\\/\\\/gambling6.com\\\/hu\\\/kaszino\\\/hol-talalhatok-kivalo-minosegu-online-nyerogepeket\\\/\",\"name\":\"Kiv\u00e1l\u00f3 min\u0151s\u00e9g\u0171 online nyer\u0151g\u00e9pek\",\"isPartOf\":{\"@id\":\"https:\\\/\\\/gambling6.com\\\/hu\\\/#website\"},\"primaryImageOfPage\":{\"@id\":\"https:\\\/\\\/gambling6.com\\\/hu\\\/kaszino\\\/hol-talalhatok-kivalo-minosegu-online-nyerogepeket\\\/#primaryimage\"},\"image\":{\"@id\":\"https:\\\/\\\/gambling6.com\\\/hu\\\/kaszino\\\/hol-talalhatok-kivalo-minosegu-online-nyerogepeket\\\/#primaryimage\"},\"thumbnailUrl\":\"https:\\\/\\\/gambling6.com\\\/wp-content\\\/uploads\\\/2013\\\/12\\\/mobile-gambling-150x150.jpg\",\"datePublished\":\"2025-11-08T12:03:37+00:00\",\"dateModified\":\"2025-11-12T17:06:21+00:00\",\"description\":\"J\u00e1tssz a legjobb nyer\u0151g\u00e9pekkel \u00e9s nyer\u0151g\u00e9pes j\u00e1t\u00e9kokkal az interneten. Tal\u00e1ld meg a legjobb min\u0151s\u00e9g\u0171 online nyer\u0151g\u00e9peket itt!\",\"breadcrumb\":{\"@id\":\"https:\\\/\\\/gambling6.com\\\/hu\\\/kaszino\\\/hol-talalhatok-kivalo-minosegu-online-nyerogepeket\\\/#breadcrumb\"},\"inLanguage\":\"hu\",\"potentialAction\":[{\"@type\":\"ReadAction\",\"target\":[\"https:\\\/\\\/gambling6.com\\\/hu\\\/kaszino\\\/hol-talalhatok-kivalo-minosegu-online-nyerogepeket\\\/\"]}]},{\"@type\":\"ImageObject\",\"inLanguage\":\"hu\",\"@id\":\"https:\\\/\\\/gambling6.com\\\/hu\\\/kaszino\\\/hol-talalhatok-kivalo-minosegu-online-nyerogepeket\\\/#primaryimage\",\"url\":\"https:\\\/\\\/gambling6.com\\\/wp-content\\\/uploads\\\/2013\\\/12\\\/mobile-gambling-150x150.jpg\",\"contentUrl\":\"https:\\\/\\\/gambling6.com\\\/wp-content\\\/uploads\\\/2013\\\/12\\\/mobile-gambling-150x150.jpg\"},{\"@type\":\"BreadcrumbList\",\"@id\":\"https:\\\/\\\/gambling6.com\\\/hu\\\/kaszino\\\/hol-talalhatok-kivalo-minosegu-online-nyerogepeket\\\/#breadcrumb\",\"itemListElement\":[{\"@type\":\"ListItem\",\"position\":1,\"name\":\"Home\",\"item\":\"https:\\\/\\\/gambling6.com\\\/hu\\\/home\\\/\"},{\"@type\":\"ListItem\",\"position\":2,\"name\":\"Kaszin\u00f3\",\"item\":\"https:\\\/\\\/gambling6.com\\\/hu\\\/get-started-with-online-gambling\\\/\"},{\"@type\":\"ListItem\",\"position\":3,\"name\":\"Hol tal\u00e1lhatok kiv\u00e1l\u00f3 min\u0151s\u00e9g\u0171 online nyer\u0151g\u00e9peket?\"}]},{\"@type\":\"WebSite\",\"@id\":\"https:\\\/\\\/gambling6.com\\\/hu\\\/#website\",\"url\":\"https:\\\/\\\/gambling6.com\\\/hu\\\/\",\"name\":\"Gambling6\",\"description\":\"\",\"potentialAction\":[{\"@type\":\"SearchAction\",\"target\":{\"@type\":\"EntryPoint\",\"urlTemplate\":\"https:\\\/\\\/gambling6.com\\\/hu\\\/?s={search_term_string}\"},\"query-input\":{\"@type\":\"PropertyValueSpecification\",\"valueRequired\":true,\"valueName\":\"search_term_string\"}}],\"inLanguage\":\"hu\"}]}<\/script>\n<!-- \/ Yoast SEO plugin. -->","yoast_head_json":{"title":"Kiv\u00e1l\u00f3 min\u0151s\u00e9g\u0171 online nyer\u0151g\u00e9pek","description":"J\u00e1tssz a legjobb nyer\u0151g\u00e9pekkel \u00e9s nyer\u0151g\u00e9pes j\u00e1t\u00e9kokkal az interneten. Tal\u00e1ld meg a legjobb min\u0151s\u00e9g\u0171 online nyer\u0151g\u00e9peket itt!","robots":{"index":"index","follow":"follow","max-snippet":"max-snippet:-1","max-image-preview":"max-image-preview:large","max-video-preview":"max-video-preview:-1"},"canonical":"https:\/\/gambling6.com\/hu\/kaszino\/hol-talalhatok-kivalo-minosegu-online-nyerogepeket\/","og_locale":"hu_HU","og_type":"article","og_title":"Kiv\u00e1l\u00f3 min\u0151s\u00e9g\u0171 online nyer\u0151g\u00e9pek","og_description":"J\u00e1tssz a legjobb nyer\u0151g\u00e9pekkel \u00e9s nyer\u0151g\u00e9pes j\u00e1t\u00e9kokkal az interneten. Tal\u00e1ld meg a legjobb min\u0151s\u00e9g\u0171 online nyer\u0151g\u00e9peket itt!","og_url":"https:\/\/gambling6.com\/hu\/kaszino\/hol-talalhatok-kivalo-minosegu-online-nyerogepeket\/","og_site_name":"Gambling6","article_modified_time":"2025-11-12T17:06:21+00:00","og_image":[{"width":150,"height":150,"url":"https:\/\/gambling6.com\/wp-content\/uploads\/2013\/12\/mobile-gambling-150x150.jpg","type":"image\/jpeg"}],"twitter_card":"summary_large_image","twitter_misc":{"Becs\u00fclt olvas\u00e1si id\u0151":"4 perc"},"schema":{"@context":"https:\/\/schema.org","@graph":[{"@type":"WebPage","@id":"https:\/\/gambling6.com\/hu\/kaszino\/hol-talalhatok-kivalo-minosegu-online-nyerogepeket\/","url":"https:\/\/gambling6.com\/hu\/kaszino\/hol-talalhatok-kivalo-minosegu-online-nyerogepeket\/","name":"Kiv\u00e1l\u00f3 min\u0151s\u00e9g\u0171 online nyer\u0151g\u00e9pek","isPartOf":{"@id":"https:\/\/gambling6.com\/hu\/#website"},"primaryImageOfPage":{"@id":"https:\/\/gambling6.com\/hu\/kaszino\/hol-talalhatok-kivalo-minosegu-online-nyerogepeket\/#primaryimage"},"image":{"@id":"https:\/\/gambling6.com\/hu\/kaszino\/hol-talalhatok-kivalo-minosegu-online-nyerogepeket\/#primaryimage"},"thumbnailUrl":"https:\/\/gambling6.com\/wp-content\/uploads\/2013\/12\/mobile-gambling-150x150.jpg","datePublished":"2025-11-08T12:03:37+00:00","dateModified":"2025-11-12T17:06:21+00:00","description":"J\u00e1tssz a legjobb nyer\u0151g\u00e9pekkel \u00e9s nyer\u0151g\u00e9pes j\u00e1t\u00e9kokkal az interneten. Tal\u00e1ld meg a legjobb min\u0151s\u00e9g\u0171 online nyer\u0151g\u00e9peket itt!","breadcrumb":{"@id":"https:\/\/gambling6.com\/hu\/kaszino\/hol-talalhatok-kivalo-minosegu-online-nyerogepeket\/#breadcrumb"},"inLanguage":"hu","potentialAction":[{"@type":"ReadAction","target":["https:\/\/gambling6.com\/hu\/kaszino\/hol-talalhatok-kivalo-minosegu-online-nyerogepeket\/"]}]},{"@type":"ImageObject","inLanguage":"hu","@id":"https:\/\/gambling6.com\/hu\/kaszino\/hol-talalhatok-kivalo-minosegu-online-nyerogepeket\/#primaryimage","url":"https:\/\/gambling6.com\/wp-content\/uploads\/2013\/12\/mobile-gambling-150x150.jpg","contentUrl":"https:\/\/gambling6.com\/wp-content\/uploads\/2013\/12\/mobile-gambling-150x150.jpg"},{"@type":"BreadcrumbList","@id":"https:\/\/gambling6.com\/hu\/kaszino\/hol-talalhatok-kivalo-minosegu-online-nyerogepeket\/#breadcrumb","itemListElement":[{"@type":"ListItem","position":1,"name":"Home","item":"https:\/\/gambling6.com\/hu\/home\/"},{"@type":"ListItem","position":2,"name":"Kaszin\u00f3","item":"https:\/\/gambling6.com\/hu\/get-started-with-online-gambling\/"},{"@type":"ListItem","position":3,"name":"Hol tal\u00e1lhatok kiv\u00e1l\u00f3 min\u0151s\u00e9g\u0171 online nyer\u0151g\u00e9peket?"}]},{"@type":"WebSite","@id":"https:\/\/gambling6.com\/hu\/#website","url":"https:\/\/gambling6.com\/hu\/","name":"Gambling6","description":"","potentialAction":[{"@type":"SearchAction","target":{"@type":"EntryPoint","urlTemplate":"https:\/\/gambling6.com\/hu\/?s={search_term_string}"},"query-input":{"@type":"PropertyValueSpecification","valueRequired":true,"valueName":"search_term_string"}}],"inLanguage":"hu"}]}},"_links":{"self":[{"href":"https:\/\/gambling6.com\/hu\/wp-json\/wp\/v2\/pages\/8962","targetHints":{"allow":["GET"]}}],"collection":[{"href":"https:\/\/gambling6.com\/hu\/wp-json\/wp\/v2\/pages"}],"about":[{"href":"https:\/\/gambling6.com\/hu\/wp-json\/wp\/v2\/types\/page"}],"author":[{"embeddable":true,"href":"https:\/\/gambling6.com\/hu\/wp-json\/wp\/v2\/users\/1"}],"replies":[{"embeddable":true,"href":"https:\/\/gambling6.com\/hu\/wp-json\/wp\/v2\/comments?post=8962"}],"version-history":[{"count":1,"href":"https:\/\/gambling6.com\/hu\/wp-json\/wp\/v2\/pages\/8962\/revisions"}],"predecessor-version":[{"id":10696,"href":"https:\/\/gambling6.com\/hu\/wp-json\/wp\/v2\/pages\/8962\/revisions\/10696"}],"up":[{"embeddable":true,"href":"https:\/\/gambling6.com\/hu\/wp-json\/wp\/v2\/pages\/8310"}],"wp:attachment":[{"href":"https:\/\/gambling6.com\/hu\/wp-json\/wp\/v2\/media?parent=8962"}],"curies":[{"name":"wp","href":"https:\/\/api.w.org\/{rel}","templated":true}]}}