{"id":9013,"date":"2025-11-08T13:07:34","date_gmt":"2025-11-08T13:07:34","guid":{"rendered":"https:\/\/gambling6.com\/kaszino\/nehany-kaszinojatek-valojaban-ingyenes\/"},"modified":"2025-11-08T13:07:34","modified_gmt":"2025-11-08T13:07:34","slug":"nehany-kaszinojatek-valojaban-ingyenes","status":"publish","type":"page","link":"https:\/\/gambling6.com\/hu\/kaszino\/nehany-kaszinojatek-valojaban-ingyenes\/","title":{"rendered":"N\u00e9h\u00e1ny kaszin\u00f3j\u00e1t\u00e9k val\u00f3j\u00e1ban ingyenes!"},"content":{"rendered":"<h2>Mi\u00e9rt k\u00edn\u00e1lnak ingyenes j\u00e1t\u00e9kokat a kaszin\u00f3k?<\/h2>\n<p>Az internetes technol\u00f3gia hajnal\u00e1val a <a href=\"http:\/\/gambling6.com\/wp-content\/uploads\/2013\/12\/img_116.png\"><img loading=\"lazy\" decoding=\"async\" class=\"alignright size-full wp-image-638 alignleft size-full wp-image-238\" style=\"margin: 5px; float: left;\" src=\"http:\/\/gambling6.com\/wp-content\/uploads\/2013\/12\/img_116.png\" alt=\"fre2 kaszin\u00f3j\u00e1t\u00e9kok\" width=\"219\" height=\"151\" \/><\/a>kaszin\u00f3rajong\u00f3k t\u00f6bbs\u00e9ge otthona k\u00e9nyelm\u00e9b\u0151l kezdett el kaszin\u00f3j\u00e1t\u00e9kokat j\u00e1tszani. Az online kaszin\u00f3k t\u00f6bb el\u0151nyt k\u00edn\u00e1lnak, mint a hagyom\u00e1nyos kaszin\u00f3k. Az online j\u00e1t\u00e9kok nemcsak k\u00e9nyelmet biztos\u00edtanak, hanem lehet\u0151v\u00e9 teszik, hogy kedvenc j\u00e1t\u00e9kait p\u00e9nze kock\u00e1ztat\u00e1sa n\u00e9lk\u00fcl j\u00e1tssza. Az online kaszin\u00f3k kem\u00e9ny versennyel n\u00e9znek szembe, ez\u00e9rt ingyenes j\u00e1t\u00e9kokat k\u00edn\u00e1lnak, hogy \u00f6szt\u00f6n\u00f6zz\u00e9k az \u00faj j\u00e1t\u00e9kosokat a tags\u00e1gra. Ezekkel az ingyenes j\u00e1t\u00e9kokkal addig j\u00e1tszhatsz, am\u00edg csiszolod a k\u00e9pess\u00e9geidet \u00e9s szak\u00e9rt\u0151v\u00e9 nem v\u00e1lsz.<\/p>\n<h2>Mire sz\u00e1m\u00edthatsz, amikor ingyenes j\u00e1t\u00e9kokat k\u00edn\u00e1l\u00f3 kaszin\u00f3kat v\u00e1lasztasz<\/h2>\n<p>A legfontosabb dolog, amit tenned kell ahhoz, hogy ingyenesen j\u00e1tssz <strong>kaszin\u00f3<\/strong>j\u00e1t\u00e9kokat, az, hogy keress egy j\u00f3 weboldalt, amely ingyenes j\u00e1t\u00e9kok sz\u00e9les v\u00e1laszt\u00e9k\u00e1t k\u00edn\u00e1lja. Gy\u0151z\u0151dj meg r\u00f3la, hogy a weboldal megb\u00edzhat\u00f3 \u00e9s j\u00f3 h\u00edr\u0171. Az online j\u00e1t\u00e9kkalandod egy fi\u00f3k megnyit\u00e1s\u00e1val kezd\u0151dik. Az online kaszin\u00f3k szem\u00e9lyes adatokat k\u00e9rnek t\u0151led, p\u00e9ld\u00e1ul a neved, \u00e9letkorod, c\u00edmed \u00e9s e-mail c\u00edmed megad\u00e1s\u00e1t. A legjobb kaszin\u00f3k igyekeznek biztons\u00e1gos \u00e9s k\u00e9nyelmes k\u00f6rnyezetet k\u00edn\u00e1lni, ahol \u00f3r\u00e1kig \u00e9lvezheted kedvenc j\u00e1t\u00e9kaidat. Miut\u00e1n regisztr\u00e1ltad a fi\u00f3kodat a weboldalon, v\u00e1laszthatsz a sz\u00f3rakoztat\u00f3 \u00e9s a val\u00f3di p\u00e9nzes m\u00f3d k\u00f6z\u00f6tt. V\u00e1laszthatsz a sz\u00f3rakoztat\u00f3 vagy az ingyenes p\u00e9nzes m\u00f3dot, hogy kipr\u00f3b\u00e1lj k\u00fcl\u00f6nb\u00f6z\u0151 j\u00e1t\u00e9kokat an\u00e9lk\u00fcl, hogy p\u00e9nzt k\u00f6lten\u00e9l a p\u00e9nzt\u00e1rc\u00e1db\u00f3l.<\/p>\n<h2>Van kock\u00e1zata az ingyenes j\u00e1t\u00e9koknak?<\/h2>\n<p>Nincs kock\u00e1zata az ingyenes <strong>kaszin\u00f3<\/strong> j\u00e1t\u00e9koknak, ha k\u00f6r\u00fcltekint\u0151en v\u00e1lasztasz egy megb\u00edzhat\u00f3 weboldalt. A kaszin\u00f3k minden sz\u00fcks\u00e9ges l\u00e9p\u00e9st megtesznek annak \u00e9rdek\u00e9ben, hogy kellemes j\u00e1t\u00e9k\u00e9lm\u00e9nyt ny\u00fajtsanak, \u00e9s igazi j\u00e1t\u00e9koss\u00e1 v\u00e1lhass.<\/p>\n<p>Ha szeretn\u00e9l ingyenesen kipr\u00f3b\u00e1lni kaszin\u00f3j\u00e1t\u00e9kokat, mik\u00f6zben val\u00f3di p\u00e9nzzel j\u00e1tszol, van egy kiv\u00e1l\u00f3 aj\u00e1nl\u00e1sunk sz\u00e1modra. A 888 Casino 20 eur\u00f3t ad j\u00e1t\u00e9kra, an\u00e9lk\u00fcl, hogy saj\u00e1t befizet\u00e9st kellene tenned. \u00c9s ha k\u00e9s\u0151bb \u00fagy d\u00f6ntesz, hogy tov\u00e1bbi \u00f6sszeget fizetsz be, akkor is kapsz egy \u00fajabb b\u00f3nuszt, ak\u00e1r 1500 eur\u00f3t az els\u0151 saj\u00e1t befizet\u00e9sedre. <a href=\"https:\/\/ic.aff-handler.com\/C\/45871?sr=1064399&amp;anid=\" rel=\"nofollow\"><img loading=\"lazy\" decoding=\"async\" class=\"aligncenter\" src=\"https:\/\/ic.aff-handler.com\/I\/45871?sr=1064399&amp;anid=\" width=\"594\" height=\"77\" \/><\/a><br \/>\n<strong>Vannak korl\u00e1toz\u00e1sok?<\/strong><\/p>\n<p>Az online kaszin\u00f3k \u00e1ltal\u00e1ban meghat\u00e1rozott sz\u00e1m\u00fa alkalommal \u00e9s egy adott ideig enged\u00e9lyezik a j\u00e1t\u00e9kok lej\u00e1tsz\u00e1s\u00e1t. Lehetnek bizonyos korl\u00e1toz\u00e1sok az ingyenes j\u00e1t\u00e9kok lej\u00e1tsz\u00e1s\u00e1ra vonatkoz\u00f3an. El\u0151fordulhat, hogy a kaszin\u00f3k nem enged\u00e9lyezik, hogy a weboldalukon tal\u00e1lhat\u00f3 \u00f6sszes j\u00e1t\u00e9kot ingyenesen j\u00e1tssz. A legt\u00f6bb kaszin\u00f3 megk\u00f6veteli, hogy a t\u00e9tet meghat\u00e1rozott sz\u00e1m\u00fa alkalommal tegy\u00e9l meg, miel\u0151tt kivehetn\u00e9d a nyert p\u00e9nzt.<\/p>\n<h2>Hol tal\u00e1lhatsz ingyenes kaszin\u00f3j\u00e1t\u00e9kokat?<\/h2>\n<p>Sok weboldal lehet\u0151v\u00e9 teszi, hogy ingyenes <strong>kaszin\u00f3<\/strong> j\u00e1t\u00e9kokat j\u00e1tssz. Az ingyenes j\u00e1t\u00e9kok legjobb helye egy olyan oldal, amely nem ig\u00e9nyli semmilyen szoftver let\u00f6lt\u00e9s\u00e9t. Lehet\u0151v\u00e9 teszi, hogy azonnal elkezdj j\u00e1tszani, ha csak r\u00e1kattintasz a kedvenc j\u00e1t\u00e9kodra. Ellen\u0151rizheted, hogy az oldal k\u00edn\u00e1l-e sz\u00e9les v\u00e1laszt\u00e9kban ingyenes j\u00e1t\u00e9kokat, p\u00e9ld\u00e1ul ingyenes asztali j\u00e1t\u00e9kokat, nyer\u0151g\u00e9peket, bing\u00f3t, vide\u00f3 p\u00f3kert \u00e9s m\u00e1s j\u00e1t\u00e9kokat, \u00edgy nem fogsz hamarosan unatkozni.<\/p>\n<p>Az ingyenes **kaszin\u00f3** j\u00e1t\u00e9kok lehet\u0151s\u00e9get k\u00edn\u00e1lnak arra, hogy kipr\u00f3b\u00e1lj b\u00e1rmilyen \u00faj programot, technik\u00e1t vagy strat\u00e9gi\u00e1t, \u00e9s meger\u0151s\u00edtsd, hogy az m\u0171k\u00f6dni fog-e sz\u00e1modra egy val\u00f3di online j\u00e1t\u00e9kk\u00f6rnyezetben. Mivel nem fogsz p\u00e9nzt vesz\u00edteni, nem fogsz nyom\u00e1st \u00e9rezni j\u00e1t\u00e9k k\u00f6zben.<\/p>\n","protected":false},"excerpt":{"rendered":"<p>Mi\u00e9rt k\u00edn\u00e1lnak ingyenes j\u00e1t\u00e9kokat a kaszin\u00f3k? Az internetes technol\u00f3gia hajnal\u00e1val a kaszin\u00f3rajong\u00f3k t\u00f6bbs\u00e9ge otthona k\u00e9nyelm\u00e9b\u0151l kezdett el kaszin\u00f3j\u00e1t\u00e9kokat j\u00e1tszani. Az online kaszin\u00f3k t\u00f6bb el\u0151nyt k\u00edn\u00e1lnak, mint a hagyom\u00e1nyos kaszin\u00f3k. Az online j\u00e1t\u00e9kok nemcsak k\u00e9nyelmet biztos\u00edtanak, hanem lehet\u0151v\u00e9 teszik, hogy kedvenc j\u00e1t\u00e9kait p\u00e9nze kock\u00e1ztat\u00e1sa n\u00e9lk\u00fcl j\u00e1tssza. Az online kaszin\u00f3k kem\u00e9ny versennyel n\u00e9znek szembe, ez\u00e9rt ingyenes j\u00e1t\u00e9kokat [&hellip;]<\/p>\n","protected":false},"author":1,"featured_media":8991,"parent":8310,"menu_order":53,"comment_status":"closed","ping_status":"closed","template":"","meta":{"footnotes":""},"class_list":["post-9013","page","type-page","status-publish","has-post-thumbnail","hentry"],"yoast_head":"<!-- This site is optimized with the Yoast SEO plugin v27.3 - https:\/\/yoast.com\/product\/yoast-seo-wordpress\/ -->\n<title>J\u00e1tssz online kaszin\u00f3j\u00e1t\u00e9kokat ingyen<\/title>\n<meta name=\"description\" content=\"Az ingyenes kaszin\u00f3j\u00e1t\u00e9kok j\u00e1tsz\u00e1sa nagyon sz\u00f3rakoztat\u00f3. N\u00e9h\u00e1ny fontos dolog ismerete az ingyenes kaszin\u00f3j\u00e1t\u00e9kokr\u00f3l seg\u00edthet ebben.\" \/>\n<meta name=\"robots\" content=\"index, follow, max-snippet:-1, max-image-preview:large, max-video-preview:-1\" \/>\n<link rel=\"canonical\" href=\"https:\/\/gambling6.com\/hu\/kaszino\/nehany-kaszinojatek-valojaban-ingyenes\/\" \/>\n<meta property=\"og:locale\" content=\"hu_HU\" \/>\n<meta property=\"og:type\" content=\"article\" \/>\n<meta property=\"og:title\" content=\"J\u00e1tssz online kaszin\u00f3j\u00e1t\u00e9kokat ingyen\" \/>\n<meta property=\"og:description\" content=\"Az ingyenes kaszin\u00f3j\u00e1t\u00e9kok j\u00e1tsz\u00e1sa nagyon sz\u00f3rakoztat\u00f3. N\u00e9h\u00e1ny fontos dolog ismerete az ingyenes kaszin\u00f3j\u00e1t\u00e9kokr\u00f3l seg\u00edthet ebben.\" \/>\n<meta property=\"og:url\" content=\"https:\/\/gambling6.com\/hu\/kaszino\/nehany-kaszinojatek-valojaban-ingyenes\/\" \/>\n<meta property=\"og:site_name\" content=\"Gambling6\" \/>\n<meta property=\"og:image\" content=\"https:\/\/gambling6.com\/wp-content\/uploads\/2013\/12\/img_116.png\" \/>\n\t<meta property=\"og:image:width\" content=\"270\" \/>\n\t<meta property=\"og:image:height\" content=\"186\" \/>\n\t<meta property=\"og:image:type\" content=\"image\/png\" \/>\n<meta name=\"twitter:card\" content=\"summary_large_image\" \/>\n<meta name=\"twitter:label1\" content=\"Becs\u00fclt olvas\u00e1si id\u0151\" \/>\n\t<meta name=\"twitter:data1\" content=\"4 perc\" \/>\n<script type=\"application\/ld+json\" class=\"yoast-schema-graph\">{\"@context\":\"https:\\\/\\\/schema.org\",\"@graph\":[{\"@type\":\"WebPage\",\"@id\":\"https:\\\/\\\/gambling6.com\\\/hu\\\/kaszino\\\/nehany-kaszinojatek-valojaban-ingyenes\\\/\",\"url\":\"https:\\\/\\\/gambling6.com\\\/hu\\\/kaszino\\\/nehany-kaszinojatek-valojaban-ingyenes\\\/\",\"name\":\"J\u00e1tssz online kaszin\u00f3j\u00e1t\u00e9kokat ingyen\",\"isPartOf\":{\"@id\":\"https:\\\/\\\/gambling6.com\\\/hu\\\/#website\"},\"primaryImageOfPage\":{\"@id\":\"https:\\\/\\\/gambling6.com\\\/hu\\\/kaszino\\\/nehany-kaszinojatek-valojaban-ingyenes\\\/#primaryimage\"},\"image\":{\"@id\":\"https:\\\/\\\/gambling6.com\\\/hu\\\/kaszino\\\/nehany-kaszinojatek-valojaban-ingyenes\\\/#primaryimage\"},\"thumbnailUrl\":\"https:\\\/\\\/gambling6.com\\\/wp-content\\\/uploads\\\/2013\\\/12\\\/img_116.png\",\"datePublished\":\"2025-11-08T13:07:34+00:00\",\"description\":\"Az ingyenes kaszin\u00f3j\u00e1t\u00e9kok j\u00e1tsz\u00e1sa nagyon sz\u00f3rakoztat\u00f3. N\u00e9h\u00e1ny fontos dolog ismerete az ingyenes kaszin\u00f3j\u00e1t\u00e9kokr\u00f3l seg\u00edthet ebben.\",\"breadcrumb\":{\"@id\":\"https:\\\/\\\/gambling6.com\\\/hu\\\/kaszino\\\/nehany-kaszinojatek-valojaban-ingyenes\\\/#breadcrumb\"},\"inLanguage\":\"hu\",\"potentialAction\":[{\"@type\":\"ReadAction\",\"target\":[\"https:\\\/\\\/gambling6.com\\\/hu\\\/kaszino\\\/nehany-kaszinojatek-valojaban-ingyenes\\\/\"]}]},{\"@type\":\"ImageObject\",\"inLanguage\":\"hu\",\"@id\":\"https:\\\/\\\/gambling6.com\\\/hu\\\/kaszino\\\/nehany-kaszinojatek-valojaban-ingyenes\\\/#primaryimage\",\"url\":\"https:\\\/\\\/gambling6.com\\\/wp-content\\\/uploads\\\/2013\\\/12\\\/img_116.png\",\"contentUrl\":\"https:\\\/\\\/gambling6.com\\\/wp-content\\\/uploads\\\/2013\\\/12\\\/img_116.png\",\"width\":270,\"height\":186},{\"@type\":\"BreadcrumbList\",\"@id\":\"https:\\\/\\\/gambling6.com\\\/hu\\\/kaszino\\\/nehany-kaszinojatek-valojaban-ingyenes\\\/#breadcrumb\",\"itemListElement\":[{\"@type\":\"ListItem\",\"position\":1,\"name\":\"Home\",\"item\":\"https:\\\/\\\/gambling6.com\\\/hu\\\/home\\\/\"},{\"@type\":\"ListItem\",\"position\":2,\"name\":\"Kaszin\u00f3\",\"item\":\"https:\\\/\\\/gambling6.com\\\/hu\\\/get-started-with-online-gambling\\\/\"},{\"@type\":\"ListItem\",\"position\":3,\"name\":\"N\u00e9h\u00e1ny kaszin\u00f3j\u00e1t\u00e9k val\u00f3j\u00e1ban ingyenes!\"}]},{\"@type\":\"WebSite\",\"@id\":\"https:\\\/\\\/gambling6.com\\\/hu\\\/#website\",\"url\":\"https:\\\/\\\/gambling6.com\\\/hu\\\/\",\"name\":\"Gambling6\",\"description\":\"\",\"potentialAction\":[{\"@type\":\"SearchAction\",\"target\":{\"@type\":\"EntryPoint\",\"urlTemplate\":\"https:\\\/\\\/gambling6.com\\\/hu\\\/?s={search_term_string}\"},\"query-input\":{\"@type\":\"PropertyValueSpecification\",\"valueRequired\":true,\"valueName\":\"search_term_string\"}}],\"inLanguage\":\"hu\"}]}<\/script>\n<!-- \/ Yoast SEO plugin. -->","yoast_head_json":{"title":"J\u00e1tssz online kaszin\u00f3j\u00e1t\u00e9kokat ingyen","description":"Az ingyenes kaszin\u00f3j\u00e1t\u00e9kok j\u00e1tsz\u00e1sa nagyon sz\u00f3rakoztat\u00f3. N\u00e9h\u00e1ny fontos dolog ismerete az ingyenes kaszin\u00f3j\u00e1t\u00e9kokr\u00f3l seg\u00edthet ebben.","robots":{"index":"index","follow":"follow","max-snippet":"max-snippet:-1","max-image-preview":"max-image-preview:large","max-video-preview":"max-video-preview:-1"},"canonical":"https:\/\/gambling6.com\/hu\/kaszino\/nehany-kaszinojatek-valojaban-ingyenes\/","og_locale":"hu_HU","og_type":"article","og_title":"J\u00e1tssz online kaszin\u00f3j\u00e1t\u00e9kokat ingyen","og_description":"Az ingyenes kaszin\u00f3j\u00e1t\u00e9kok j\u00e1tsz\u00e1sa nagyon sz\u00f3rakoztat\u00f3. N\u00e9h\u00e1ny fontos dolog ismerete az ingyenes kaszin\u00f3j\u00e1t\u00e9kokr\u00f3l seg\u00edthet ebben.","og_url":"https:\/\/gambling6.com\/hu\/kaszino\/nehany-kaszinojatek-valojaban-ingyenes\/","og_site_name":"Gambling6","og_image":[{"width":270,"height":186,"url":"https:\/\/gambling6.com\/wp-content\/uploads\/2013\/12\/img_116.png","type":"image\/png"}],"twitter_card":"summary_large_image","twitter_misc":{"Becs\u00fclt olvas\u00e1si id\u0151":"4 perc"},"schema":{"@context":"https:\/\/schema.org","@graph":[{"@type":"WebPage","@id":"https:\/\/gambling6.com\/hu\/kaszino\/nehany-kaszinojatek-valojaban-ingyenes\/","url":"https:\/\/gambling6.com\/hu\/kaszino\/nehany-kaszinojatek-valojaban-ingyenes\/","name":"J\u00e1tssz online kaszin\u00f3j\u00e1t\u00e9kokat ingyen","isPartOf":{"@id":"https:\/\/gambling6.com\/hu\/#website"},"primaryImageOfPage":{"@id":"https:\/\/gambling6.com\/hu\/kaszino\/nehany-kaszinojatek-valojaban-ingyenes\/#primaryimage"},"image":{"@id":"https:\/\/gambling6.com\/hu\/kaszino\/nehany-kaszinojatek-valojaban-ingyenes\/#primaryimage"},"thumbnailUrl":"https:\/\/gambling6.com\/wp-content\/uploads\/2013\/12\/img_116.png","datePublished":"2025-11-08T13:07:34+00:00","description":"Az ingyenes kaszin\u00f3j\u00e1t\u00e9kok j\u00e1tsz\u00e1sa nagyon sz\u00f3rakoztat\u00f3. N\u00e9h\u00e1ny fontos dolog ismerete az ingyenes kaszin\u00f3j\u00e1t\u00e9kokr\u00f3l seg\u00edthet ebben.","breadcrumb":{"@id":"https:\/\/gambling6.com\/hu\/kaszino\/nehany-kaszinojatek-valojaban-ingyenes\/#breadcrumb"},"inLanguage":"hu","potentialAction":[{"@type":"ReadAction","target":["https:\/\/gambling6.com\/hu\/kaszino\/nehany-kaszinojatek-valojaban-ingyenes\/"]}]},{"@type":"ImageObject","inLanguage":"hu","@id":"https:\/\/gambling6.com\/hu\/kaszino\/nehany-kaszinojatek-valojaban-ingyenes\/#primaryimage","url":"https:\/\/gambling6.com\/wp-content\/uploads\/2013\/12\/img_116.png","contentUrl":"https:\/\/gambling6.com\/wp-content\/uploads\/2013\/12\/img_116.png","width":270,"height":186},{"@type":"BreadcrumbList","@id":"https:\/\/gambling6.com\/hu\/kaszino\/nehany-kaszinojatek-valojaban-ingyenes\/#breadcrumb","itemListElement":[{"@type":"ListItem","position":1,"name":"Home","item":"https:\/\/gambling6.com\/hu\/home\/"},{"@type":"ListItem","position":2,"name":"Kaszin\u00f3","item":"https:\/\/gambling6.com\/hu\/get-started-with-online-gambling\/"},{"@type":"ListItem","position":3,"name":"N\u00e9h\u00e1ny kaszin\u00f3j\u00e1t\u00e9k val\u00f3j\u00e1ban ingyenes!"}]},{"@type":"WebSite","@id":"https:\/\/gambling6.com\/hu\/#website","url":"https:\/\/gambling6.com\/hu\/","name":"Gambling6","description":"","potentialAction":[{"@type":"SearchAction","target":{"@type":"EntryPoint","urlTemplate":"https:\/\/gambling6.com\/hu\/?s={search_term_string}"},"query-input":{"@type":"PropertyValueSpecification","valueRequired":true,"valueName":"search_term_string"}}],"inLanguage":"hu"}]}},"_links":{"self":[{"href":"https:\/\/gambling6.com\/hu\/wp-json\/wp\/v2\/pages\/9013","targetHints":{"allow":["GET"]}}],"collection":[{"href":"https:\/\/gambling6.com\/hu\/wp-json\/wp\/v2\/pages"}],"about":[{"href":"https:\/\/gambling6.com\/hu\/wp-json\/wp\/v2\/types\/page"}],"author":[{"embeddable":true,"href":"https:\/\/gambling6.com\/hu\/wp-json\/wp\/v2\/users\/1"}],"replies":[{"embeddable":true,"href":"https:\/\/gambling6.com\/hu\/wp-json\/wp\/v2\/comments?post=9013"}],"version-history":[{"count":0,"href":"https:\/\/gambling6.com\/hu\/wp-json\/wp\/v2\/pages\/9013\/revisions"}],"up":[{"embeddable":true,"href":"https:\/\/gambling6.com\/hu\/wp-json\/wp\/v2\/pages\/8310"}],"wp:featuredmedia":[{"embeddable":true,"href":"https:\/\/gambling6.com\/hu\/wp-json\/wp\/v2\/media\/8991"}],"wp:attachment":[{"href":"https:\/\/gambling6.com\/hu\/wp-json\/wp\/v2\/media?parent=9013"}],"curies":[{"name":"wp","href":"https:\/\/api.w.org\/{rel}","templated":true}]}}