{"id":9047,"date":"2025-11-08T13:38:23","date_gmt":"2025-11-08T13:38:23","guid":{"rendered":"https:\/\/gambling6.com\/kaszino\/online-penzes-kaszinok-az-apro-betus-resz-megertese\/"},"modified":"2025-11-15T09:08:25","modified_gmt":"2025-11-15T09:08:25","slug":"online-penzes-kaszinok-az-apro-betus-resz-megertese","status":"publish","type":"page","link":"https:\/\/gambling6.com\/hu\/kaszino\/online-penzes-kaszinok-az-apro-betus-resz-megertese\/","title":{"rendered":"Online p\u00e9nzes kaszin\u00f3k: Az apr\u00f3 bet\u0171s r\u00e9sz meg\u00e9rt\u00e9se"},"content":{"rendered":"<h2>Online kaszin\u00f3k \u00c1ltal\u00e1nos Szerz\u0151d\u00e9si Felt\u00e9teleinek ellen\u0151rz\u00e9se<\/h2>\n<p><img loading=\"lazy\" decoding=\"async\" class=\"alignright size-full wp-image-62 alignleft size-full wp-image-64\" style=\"margin: 5px; float: left;\" title=\"casino fine print\" src=\"http:\/\/gambling6.com\/wp-content\/uploads\/2013\/12\/casino-fine-print.jpg\" alt=\"casino fine print terms conditions\" width=\"168\" height=\"147\" \/><span style=\"box-sizing: border-box; margin: 0px; padding: 0px;\">Amikor regisztr\u00e1lsz egy <strong>online p\u00e9nzes kaszin\u00f3ban<\/strong>, el kell fogadnod a felhaszn\u00e1l\u00f3i szerz\u0151d\u00e9st, amely tartalmazza az online kaszin\u00f3 \u00e1ltal betartand\u00f3 \u00e1ltal\u00e1nos szerz\u0151d\u00e9si felt\u00e9teleket.<\/span>\u00a0E felt\u00e9telek n\u00e9melyike \u200b\u200ba kaszin\u00f3 banki folyamataira vonatkozik, m\u00edg m\u00e1sok a fogad\u00e1sokra, a j\u00e1t\u00e9kokra \u00e9s a b\u00f3nuszokra vonatkozhatnak.<\/p>\n<p>Miel\u0151tt elfogadn\u00e1 ezeket a felt\u00e9teleket, elengedhetetlen, hogy alaposan meg\u00e9rtse \u00e9s felismerje azok hat\u00e1s\u00e1t. A kaszin\u00f3ba \u00e9s a kaszin\u00f3b\u00f3l t\u00f6rt\u00e9n\u0151 p\u00e9nz\u00e1tutal\u00e1s tal\u00e1n a legfontosabb funkci\u00f3, amely hat\u00e1ssal van a j\u00e1t\u00e9kosra. Ez\u00e9rt elengedhetetlen, hogy tiszt\u00e1ban legyen azzal, hogy pontosan mire v\u00e1llalkozik, amikor elfogadja a kaszin\u00f3 felt\u00e9teleit. Ebben a cikkben igyeksz\u00fcnk leegyszer\u0171s\u00edteni a jogi nyelvet, hogy elmagyar\u00e1zzuk, mit is jelentenek ezek a felt\u00e9telek. A j\u00e1t\u00e9kosnak bizonyos k\u00f6telezetts\u00e9geket kell v\u00e1llalnia, amikor elfogadja a felhaszn\u00e1l\u00f3i szerz\u0151d\u00e9st. Bizonyos garanci\u00e1kat is kell ny\u00fajtania.<\/p>\n<p>\u00c1ltal\u00e1noss\u00e1gban elmondhat\u00f3, hogy egyes online kaszin\u00f3k apr\u00f3 bet\u0171s r\u00e9szeket tartalmaznak, amelyek nagyon negat\u00edv k\u00f6vetkezm\u00e9nyekkel j\u00e1rhatnak a j\u00e1t\u00e9kosokra n\u00e9zve. Arra a t\u00e9nyre \u00e9p\u00edtenek, hogy senki sem olvassa el az \u00f6sszes apr\u00f3 bet\u0171s r\u00e9szt. K\u00f6vetkez\u00e9sk\u00e9ppen azt javasoljuk, hogy olyan kaszin\u00f3kn\u00e1l maradjon, amelyek szab\u00e1lyozottak, j\u00f3 h\u00edrn\u00e9vnek \u00f6rvendenek, \u00e9s \u00edgy tisztess\u00e9ges felt\u00e9telekkel rendelkeznek.<\/p>\n<p>A BetOnline Casino egyike ezeknek a kaszin\u00f3knak. Az apr\u00f3 bet\u0171s r\u00e9sz\u00fck nem tartalmaz meglepet\u00e9seket. Azt t\u00fckr\u00f6zik, hogy a leg\u00fajabb amerikai szab\u00e1lyoz\u00e1sok miatt a befizet\u00e9si \u00e9s kifizet\u00e9si folyamat m\u00e1r nem olyan egyszer\u0171, mint r\u00e9gen. De a k\u00f6r\u00fclm\u00e9nyekhez k\u00e9pest a felt\u00e9teleik tov\u00e1bbra is tisztess\u00e9gesek.<\/p>\n<p><a class=\"thirstylink\" title=\"Betonline casino hu\" href=\"https:\/\/gambling6.com\/go\/betonline-casino-hu\/\" target=\"_blank\" rel=\"nofollow noopener\"><img loading=\"lazy\" decoding=\"async\" class=\" wp-image-7875 aligncenter\" src=\"https:\/\/gambling6.com\/wp-content\/uploads\/2025\/10\/BOL_AQC_banner_468x60_FS1_casino-300x38.gif\" alt=\"BetOnline kaszin\u00f3\" width=\"498\" height=\"63\" \/><\/a><\/p>\n<h2>Amit a kaszin\u00f3 apr\u00f3 bet\u0171s r\u00e9sze \u00e1ltal\u00e1ban megk\u00f6vetel a j\u00e1t\u00e9kost\u00f3l<\/h2>\n<p>A kaszin\u00f3 a j\u00e1t\u00e9kost\u00f3l azt is v\u00e1rja el, hogy meger\u0151s\u00edtse, hogy \u0151 a fogad\u00e1sokhoz felhaszn\u00e1lt p\u00e9nzeszk\u00f6z\u00f6k jogszer\u0171 tulajdonosa. M\u00e1s sz\u00f3val, nem haszn\u00e1lhat nem hozz\u00e1 tartoz\u00f3 hitelk\u00e1rty\u00e1t a sz\u00e1ml\u00e1ja finansz\u00edroz\u00e1s\u00e1ra. Ezenk\u00edv\u00fcl a hitelk\u00e1rty\u00e1j\u00e1t ellen\u0151rizni fogj\u00e1k, miel\u0151tt b\u00e1rmilyen kifizet\u00e9st v\u00e9grehajthatn\u00e1nak. Hasonl\u00f3k\u00e9ppen, nem haszn\u00e1lhat m\u00e1s fizet\u00e9si m\u00f3dokat, amelyek nem a nev\u00e9re sz\u00f3lnak.<\/p>\n<p>A meg\u00e1llapod\u00e1s megs\u00e9rt\u00e9se, legyen az banki folyamatokkal vagy fogad\u00e1sokkal kapcsolatos, el\u0151sz\u00f6r a j\u00e1t\u00e9kos sz\u00e1ml\u00e1j\u00e1t \u00e9rinti. Ha a sz\u00e1ml\u00e1t felf\u00fcggesztik, a p\u00e9nzes kaszin\u00f3 visszatarthatja a vitatott \u00f6sszegeket; a legt\u00f6bb esetben minden \u00f6sszeget visszatart, bele\u00e9rtve a b\u00f3nuszokat, befizet\u00e9seket \u00e9s visszat\u00e9r\u00edt\u00e9seket is, k\u00fcl\u00f6nbs\u00e9gt\u00e9tel n\u00e9lk\u00fcl. Ez \u00f6sszhangban van az \u00d6n \u00e1ltal elfogadott felt\u00e9telekkel.<\/p>\n<p>Ha a j\u00e1t\u00e9kos p\u00e9nzzel tartozik a kaszin\u00f3nak, a kaszin\u00f3 minden er\u0151fesz\u00edt\u00e9st megtehet az \u00f6sszeg behajt\u00e1sa \u00e9rdek\u00e9ben, bele\u00e9rtve a behajt\u00f3 \u00fcgyn\u00f6ks\u00e9gek bevon\u00e1s\u00e1t is. Egyes online kaszin\u00f3k szigor\u00fa szab\u00e1lyokkal rendelkeznek az alv\u00f3 sz\u00e1ml\u00e1kkal kapcsolatban. Az egyik bar\u00e1tom a saj\u00e1t k\u00e1r\u00e1n tanulta meg ezt. Regisztr\u00e1lt egy online kaszin\u00f3ban, \u00e9s egy ideig ott j\u00e1tszott, sz\u00e9p \u00f6sszeget nyerve. \u00c1tv\u00e1ltott egy m\u00e1sik kaszin\u00f3ba, azzal a tervvel, hogy r\u00f6vid id\u0151 m\u00falva visszat\u00e9r az els\u0151h\u00f6z. Amikor legk\u00f6zelebb ellen\u0151rizte a sz\u00e1ml\u00e1j\u00e1t, nem tal\u00e1lt egyenleget. Amikor felvette a kapcsolatot az \u00fcgyf\u00e9lszolg\u00e1lattal, azt mondt\u00e1k neki, hogy a p\u00e9nz\u00e9t elvesztett\u00e9k, mert t\u00f6bb mint 6 h\u00f3napja nem j\u00e1tszott a kaszin\u00f3ban. Ez term\u00e9szetesen n\u00e9mileg szokatlan, \u00e9s m\u00e9g ha veled is megt\u00f6rt\u00e9nne, egy r\u00f6vid e-maillel az \u00fcgyf\u00e9lszolg\u00e1latnak megoldhatod a probl\u00e9m\u00e1t.<\/p>\n<h2>Figyelemre m\u00e9lt\u00f3 dolgok<\/h2>\n<p>Ennek ellen\u00e9re, ha \u00fagy d\u00f6ntesz, hogy abbahagyod a j\u00e1t\u00e9kot az online kaszin\u00f3dban, mindenk\u00e9ppen vedd ki a kaszin\u00f3s p\u00e9nzsz\u00e1ml\u00e1don l\u00e9v\u0151 \u00f6sszes p\u00e9nzt, f\u00fcggetlen\u00fcl att\u00f3l, hogy milyen r\u00f6vid lesz a sz\u00fcnet. Ellen\u0151rizd, hogy levonnak-e d\u00edjat a kifizet\u00e9sek\u00e9rt. Ha fix d\u00edj van a kifizet\u00e9sek\u00e9rt, \u00e9rdemes lehet egyszerre kivenni az \u00f6sszes p\u00e9nzt, ahelyett, hogy t\u00f6bbsz\u00f6r kivenn\u00e9d. Ne vedd ki a p\u00e9nzt, ha r\u00f6vid id\u0151 m\u00falva \u00fajra befizetsz \u2013 p\u00e9nzt vesz\u00edtesz, ha m\u00e9gis megteszed. <strong>Hasonl\u00edtsd \u00f6ssze a rendelkez\u00e9sre \u00e1ll\u00f3 k\u00fcl\u00f6nb\u00f6z\u0151 p\u00e9nzfeldolgoz\u00e1si lehet\u0151s\u00e9geket \u2013 n\u00e9melyik alacsonyabb, m\u00e1sok magasabb d\u00edjakkal j\u00e1rnak!<\/strong><\/p>\n<p>A b\u00f3nuszokra \u00e9s a kaszin\u00f3 prom\u00f3ci\u00f3s aj\u00e1nlatokra vonatkoz\u00f3an tov\u00e1bbi felt\u00e9telek is vonatkoznak. \u00c1ltal\u00e1ban ezek a kaszin\u00f3 b\u00f3nusz felszabad\u00edt\u00e1s\u00e1hoz sz\u00fcks\u00e9ges jogosults\u00e1gi felt\u00e9telek \u00e9s fogad\u00e1si k\u00f6vetelm\u00e9nyek. J\u00f3 gyakorlat, ha elolvasod \u00e9s meg\u00e9rted ezeket a k\u00f6vetelm\u00e9nyeket, miel\u0151tt elfogadod a kaszin\u00f3 b\u00f3nusz aj\u00e1nlatokat. Hasonl\u00f3k\u00e9ppen, miel\u0151tt regisztr\u00e1ln\u00e1nak b\u00e1rmelyik online kaszin\u00f3ban, a j\u00e1t\u00e9kosoknak el kell olvasniuk a felhaszn\u00e1l\u00e1si felt\u00e9teleket, \u00e9s meg kell \u00e9rteni\u00fck az apr\u00f3 bet\u0171s r\u00e9szt \u00e9s a val\u00f3di p\u00e9nzes kaszin\u00f3kkal kapcsolatos GYIK-et, hogy k\u00e9s\u0151bb ne \u00e9rj\u00e9k felesleges kellemetlens\u00e9gek. Az online kaszin\u00f3k \u00e1ltal\u00e1ban egy eg\u00e9sz oldalt szentelnek a v\u00e9gfelhaszn\u00e1l\u00f3i szerz\u0151d\u00e9seknek, \u00e9s teEls\u0151dleges feladatod, hogy figyelmesen elolvasd \u0151ket, miel\u0151tt \u00fagy d\u00f6ntesz, hogy csatlakozol a kaszin\u00f3hoz.<\/p>\n","protected":false},"excerpt":{"rendered":"<p>Online kaszin\u00f3k \u00c1ltal\u00e1nos Szerz\u0151d\u00e9si Felt\u00e9teleinek ellen\u0151rz\u00e9se Amikor regisztr\u00e1lsz egy online p\u00e9nzes kaszin\u00f3ban, el kell fogadnod a felhaszn\u00e1l\u00f3i szerz\u0151d\u00e9st, amely tartalmazza az online kaszin\u00f3 \u00e1ltal betartand\u00f3 \u00e1ltal\u00e1nos szerz\u0151d\u00e9si felt\u00e9teleket.\u00a0E felt\u00e9telek n\u00e9melyike \u200b\u200ba kaszin\u00f3 banki folyamataira vonatkozik, m\u00edg m\u00e1sok a fogad\u00e1sokra, a j\u00e1t\u00e9kokra \u00e9s a b\u00f3nuszokra vonatkozhatnak. Miel\u0151tt elfogadn\u00e1 ezeket a felt\u00e9teleket, elengedhetetlen, hogy alaposan meg\u00e9rtse \u00e9s [&hellip;]<\/p>\n","protected":false},"author":1,"featured_media":9034,"parent":8310,"menu_order":68,"comment_status":"closed","ping_status":"closed","template":"","meta":{"footnotes":""},"class_list":["post-9047","page","type-page","status-publish","has-post-thumbnail","hentry"],"yoast_head":"<!-- This site is optimized with the Yoast SEO plugin v27.3 - https:\/\/yoast.com\/product\/yoast-seo-wordpress\/ -->\n<title>Mire kell figyelni a kaszin\u00f3 felhaszn\u00e1l\u00e1si felt\u00e9teleiben?<\/title>\n<meta name=\"description\" content=\"Online kaszin\u00f3k \u00c1ltal\u00e1nos Szerz\u0151d\u00e9si Felt\u00e9telei apr\u00f3 bet\u0171s bet\u0171vel - mire sz\u00e1m\u00edthat \u00e9s mire nem\" \/>\n<meta name=\"robots\" content=\"index, follow, max-snippet:-1, max-image-preview:large, max-video-preview:-1\" \/>\n<link rel=\"canonical\" href=\"https:\/\/gambling6.com\/hu\/kaszino\/online-penzes-kaszinok-az-apro-betus-resz-megertese\/\" \/>\n<meta property=\"og:locale\" content=\"hu_HU\" \/>\n<meta property=\"og:type\" content=\"article\" \/>\n<meta property=\"og:title\" content=\"Mire kell figyelni a kaszin\u00f3 felhaszn\u00e1l\u00e1si felt\u00e9teleiben?\" \/>\n<meta property=\"og:description\" content=\"Online kaszin\u00f3k \u00c1ltal\u00e1nos Szerz\u0151d\u00e9si Felt\u00e9telei apr\u00f3 bet\u0171s bet\u0171vel - mire sz\u00e1m\u00edthat \u00e9s mire nem\" \/>\n<meta property=\"og:url\" content=\"https:\/\/gambling6.com\/hu\/kaszino\/online-penzes-kaszinok-az-apro-betus-resz-megertese\/\" \/>\n<meta property=\"og:site_name\" content=\"Gambling6\" \/>\n<meta property=\"article:modified_time\" content=\"2025-11-15T09:08:25+00:00\" \/>\n<meta property=\"og:image\" content=\"https:\/\/gambling6.com\/wp-content\/uploads\/2013\/12\/casino-fine-print.jpg\" \/>\n\t<meta property=\"og:image:width\" content=\"200\" \/>\n\t<meta property=\"og:image:height\" content=\"175\" \/>\n\t<meta property=\"og:image:type\" content=\"image\/jpeg\" \/>\n<meta name=\"twitter:card\" content=\"summary_large_image\" \/>\n<meta name=\"twitter:label1\" content=\"Becs\u00fclt olvas\u00e1si id\u0151\" \/>\n\t<meta name=\"twitter:data1\" content=\"5 perc\" \/>\n<script type=\"application\/ld+json\" class=\"yoast-schema-graph\">{\"@context\":\"https:\\\/\\\/schema.org\",\"@graph\":[{\"@type\":\"WebPage\",\"@id\":\"https:\\\/\\\/gambling6.com\\\/hu\\\/kaszino\\\/online-penzes-kaszinok-az-apro-betus-resz-megertese\\\/\",\"url\":\"https:\\\/\\\/gambling6.com\\\/hu\\\/kaszino\\\/online-penzes-kaszinok-az-apro-betus-resz-megertese\\\/\",\"name\":\"Mire kell figyelni a kaszin\u00f3 felhaszn\u00e1l\u00e1si felt\u00e9teleiben?\",\"isPartOf\":{\"@id\":\"https:\\\/\\\/gambling6.com\\\/hu\\\/#website\"},\"primaryImageOfPage\":{\"@id\":\"https:\\\/\\\/gambling6.com\\\/hu\\\/kaszino\\\/online-penzes-kaszinok-az-apro-betus-resz-megertese\\\/#primaryimage\"},\"image\":{\"@id\":\"https:\\\/\\\/gambling6.com\\\/hu\\\/kaszino\\\/online-penzes-kaszinok-az-apro-betus-resz-megertese\\\/#primaryimage\"},\"thumbnailUrl\":\"https:\\\/\\\/gambling6.com\\\/wp-content\\\/uploads\\\/2013\\\/12\\\/casino-fine-print.jpg\",\"datePublished\":\"2025-11-08T13:38:23+00:00\",\"dateModified\":\"2025-11-15T09:08:25+00:00\",\"description\":\"Online kaszin\u00f3k \u00c1ltal\u00e1nos Szerz\u0151d\u00e9si Felt\u00e9telei apr\u00f3 bet\u0171s bet\u0171vel - mire sz\u00e1m\u00edthat \u00e9s mire nem\",\"breadcrumb\":{\"@id\":\"https:\\\/\\\/gambling6.com\\\/hu\\\/kaszino\\\/online-penzes-kaszinok-az-apro-betus-resz-megertese\\\/#breadcrumb\"},\"inLanguage\":\"hu\",\"potentialAction\":[{\"@type\":\"ReadAction\",\"target\":[\"https:\\\/\\\/gambling6.com\\\/hu\\\/kaszino\\\/online-penzes-kaszinok-az-apro-betus-resz-megertese\\\/\"]}]},{\"@type\":\"ImageObject\",\"inLanguage\":\"hu\",\"@id\":\"https:\\\/\\\/gambling6.com\\\/hu\\\/kaszino\\\/online-penzes-kaszinok-az-apro-betus-resz-megertese\\\/#primaryimage\",\"url\":\"https:\\\/\\\/gambling6.com\\\/wp-content\\\/uploads\\\/2013\\\/12\\\/casino-fine-print.jpg\",\"contentUrl\":\"https:\\\/\\\/gambling6.com\\\/wp-content\\\/uploads\\\/2013\\\/12\\\/casino-fine-print.jpg\",\"width\":200,\"height\":175,\"caption\":\"casino fine print\"},{\"@type\":\"BreadcrumbList\",\"@id\":\"https:\\\/\\\/gambling6.com\\\/hu\\\/kaszino\\\/online-penzes-kaszinok-az-apro-betus-resz-megertese\\\/#breadcrumb\",\"itemListElement\":[{\"@type\":\"ListItem\",\"position\":1,\"name\":\"Home\",\"item\":\"https:\\\/\\\/gambling6.com\\\/hu\\\/home\\\/\"},{\"@type\":\"ListItem\",\"position\":2,\"name\":\"Kaszin\u00f3\",\"item\":\"https:\\\/\\\/gambling6.com\\\/hu\\\/get-started-with-online-gambling\\\/\"},{\"@type\":\"ListItem\",\"position\":3,\"name\":\"Online p\u00e9nzes kaszin\u00f3k: Az apr\u00f3 bet\u0171s r\u00e9sz meg\u00e9rt\u00e9se\"}]},{\"@type\":\"WebSite\",\"@id\":\"https:\\\/\\\/gambling6.com\\\/hu\\\/#website\",\"url\":\"https:\\\/\\\/gambling6.com\\\/hu\\\/\",\"name\":\"Gambling6\",\"description\":\"\",\"potentialAction\":[{\"@type\":\"SearchAction\",\"target\":{\"@type\":\"EntryPoint\",\"urlTemplate\":\"https:\\\/\\\/gambling6.com\\\/hu\\\/?s={search_term_string}\"},\"query-input\":{\"@type\":\"PropertyValueSpecification\",\"valueRequired\":true,\"valueName\":\"search_term_string\"}}],\"inLanguage\":\"hu\"}]}<\/script>\n<!-- \/ Yoast SEO plugin. -->","yoast_head_json":{"title":"Mire kell figyelni a kaszin\u00f3 felhaszn\u00e1l\u00e1si felt\u00e9teleiben?","description":"Online kaszin\u00f3k \u00c1ltal\u00e1nos Szerz\u0151d\u00e9si Felt\u00e9telei apr\u00f3 bet\u0171s bet\u0171vel - mire sz\u00e1m\u00edthat \u00e9s mire nem","robots":{"index":"index","follow":"follow","max-snippet":"max-snippet:-1","max-image-preview":"max-image-preview:large","max-video-preview":"max-video-preview:-1"},"canonical":"https:\/\/gambling6.com\/hu\/kaszino\/online-penzes-kaszinok-az-apro-betus-resz-megertese\/","og_locale":"hu_HU","og_type":"article","og_title":"Mire kell figyelni a kaszin\u00f3 felhaszn\u00e1l\u00e1si felt\u00e9teleiben?","og_description":"Online kaszin\u00f3k \u00c1ltal\u00e1nos Szerz\u0151d\u00e9si Felt\u00e9telei apr\u00f3 bet\u0171s bet\u0171vel - mire sz\u00e1m\u00edthat \u00e9s mire nem","og_url":"https:\/\/gambling6.com\/hu\/kaszino\/online-penzes-kaszinok-az-apro-betus-resz-megertese\/","og_site_name":"Gambling6","article_modified_time":"2025-11-15T09:08:25+00:00","og_image":[{"width":200,"height":175,"url":"https:\/\/gambling6.com\/wp-content\/uploads\/2013\/12\/casino-fine-print.jpg","type":"image\/jpeg"}],"twitter_card":"summary_large_image","twitter_misc":{"Becs\u00fclt olvas\u00e1si id\u0151":"5 perc"},"schema":{"@context":"https:\/\/schema.org","@graph":[{"@type":"WebPage","@id":"https:\/\/gambling6.com\/hu\/kaszino\/online-penzes-kaszinok-az-apro-betus-resz-megertese\/","url":"https:\/\/gambling6.com\/hu\/kaszino\/online-penzes-kaszinok-az-apro-betus-resz-megertese\/","name":"Mire kell figyelni a kaszin\u00f3 felhaszn\u00e1l\u00e1si felt\u00e9teleiben?","isPartOf":{"@id":"https:\/\/gambling6.com\/hu\/#website"},"primaryImageOfPage":{"@id":"https:\/\/gambling6.com\/hu\/kaszino\/online-penzes-kaszinok-az-apro-betus-resz-megertese\/#primaryimage"},"image":{"@id":"https:\/\/gambling6.com\/hu\/kaszino\/online-penzes-kaszinok-az-apro-betus-resz-megertese\/#primaryimage"},"thumbnailUrl":"https:\/\/gambling6.com\/wp-content\/uploads\/2013\/12\/casino-fine-print.jpg","datePublished":"2025-11-08T13:38:23+00:00","dateModified":"2025-11-15T09:08:25+00:00","description":"Online kaszin\u00f3k \u00c1ltal\u00e1nos Szerz\u0151d\u00e9si Felt\u00e9telei apr\u00f3 bet\u0171s bet\u0171vel - mire sz\u00e1m\u00edthat \u00e9s mire nem","breadcrumb":{"@id":"https:\/\/gambling6.com\/hu\/kaszino\/online-penzes-kaszinok-az-apro-betus-resz-megertese\/#breadcrumb"},"inLanguage":"hu","potentialAction":[{"@type":"ReadAction","target":["https:\/\/gambling6.com\/hu\/kaszino\/online-penzes-kaszinok-az-apro-betus-resz-megertese\/"]}]},{"@type":"ImageObject","inLanguage":"hu","@id":"https:\/\/gambling6.com\/hu\/kaszino\/online-penzes-kaszinok-az-apro-betus-resz-megertese\/#primaryimage","url":"https:\/\/gambling6.com\/wp-content\/uploads\/2013\/12\/casino-fine-print.jpg","contentUrl":"https:\/\/gambling6.com\/wp-content\/uploads\/2013\/12\/casino-fine-print.jpg","width":200,"height":175,"caption":"casino fine print"},{"@type":"BreadcrumbList","@id":"https:\/\/gambling6.com\/hu\/kaszino\/online-penzes-kaszinok-az-apro-betus-resz-megertese\/#breadcrumb","itemListElement":[{"@type":"ListItem","position":1,"name":"Home","item":"https:\/\/gambling6.com\/hu\/home\/"},{"@type":"ListItem","position":2,"name":"Kaszin\u00f3","item":"https:\/\/gambling6.com\/hu\/get-started-with-online-gambling\/"},{"@type":"ListItem","position":3,"name":"Online p\u00e9nzes kaszin\u00f3k: Az apr\u00f3 bet\u0171s r\u00e9sz meg\u00e9rt\u00e9se"}]},{"@type":"WebSite","@id":"https:\/\/gambling6.com\/hu\/#website","url":"https:\/\/gambling6.com\/hu\/","name":"Gambling6","description":"","potentialAction":[{"@type":"SearchAction","target":{"@type":"EntryPoint","urlTemplate":"https:\/\/gambling6.com\/hu\/?s={search_term_string}"},"query-input":{"@type":"PropertyValueSpecification","valueRequired":true,"valueName":"search_term_string"}}],"inLanguage":"hu"}]}},"_links":{"self":[{"href":"https:\/\/gambling6.com\/hu\/wp-json\/wp\/v2\/pages\/9047","targetHints":{"allow":["GET"]}}],"collection":[{"href":"https:\/\/gambling6.com\/hu\/wp-json\/wp\/v2\/pages"}],"about":[{"href":"https:\/\/gambling6.com\/hu\/wp-json\/wp\/v2\/types\/page"}],"author":[{"embeddable":true,"href":"https:\/\/gambling6.com\/hu\/wp-json\/wp\/v2\/users\/1"}],"replies":[{"embeddable":true,"href":"https:\/\/gambling6.com\/hu\/wp-json\/wp\/v2\/comments?post=9047"}],"version-history":[{"count":1,"href":"https:\/\/gambling6.com\/hu\/wp-json\/wp\/v2\/pages\/9047\/revisions"}],"predecessor-version":[{"id":10859,"href":"https:\/\/gambling6.com\/hu\/wp-json\/wp\/v2\/pages\/9047\/revisions\/10859"}],"up":[{"embeddable":true,"href":"https:\/\/gambling6.com\/hu\/wp-json\/wp\/v2\/pages\/8310"}],"wp:featuredmedia":[{"embeddable":true,"href":"https:\/\/gambling6.com\/hu\/wp-json\/wp\/v2\/media\/9034"}],"wp:attachment":[{"href":"https:\/\/gambling6.com\/hu\/wp-json\/wp\/v2\/media?parent=9047"}],"curies":[{"name":"wp","href":"https:\/\/api.w.org\/{rel}","templated":true}]}}