{"id":9099,"date":"2025-11-08T14:54:21","date_gmt":"2025-11-08T14:54:21","guid":{"rendered":"https:\/\/gambling6.com\/sportfogadasi-tippek-az-online-fogadas-utmutatoja\/"},"modified":"2025-11-12T19:18:28","modified_gmt":"2025-11-12T19:18:28","slug":"sportfogadasi-tippek-az-online-fogadas-utmutatoja","status":"publish","type":"page","link":"https:\/\/gambling6.com\/hu\/sportfogadas\/sportfogadasi-tippek-az-online-fogadas-utmutatoja\/","title":{"rendered":"Sportfogad\u00e1si tippek &#8211; Az online fogad\u00e1s \u00fatmutat\u00f3ja"},"content":{"rendered":"<h2>Teljes k\u00f6r\u0171 \u00fatmutat\u00f3 az online fogad\u00e1s vil\u00e1g\u00e1ba!<\/h2>\n<p>Az emberis\u00e9g hajnala \u00f3ta a szerencsej\u00e1t\u00e9k a term\u00e9szet\u00fcnk r\u00e9sze. Amint az internet megjelent, term\u00e9szetes volt, hogy szerencsej\u00e1t\u00e9k-oldalak jelennek meg. Amint ez megt\u00f6rt\u00e9nt, hatalmas sikert arattak, \u00e9s az online szerencsej\u00e1t\u00e9k m\u00e1ra a vil\u00e1g egyik legn\u00e9pszer\u0171bb tev\u00e9kenys\u00e9g\u00e9v\u00e9 v\u00e1lt.<\/p>\n<p>Tegy\u00fck fel, hogy online szerencsej\u00e1t\u00e9kot szeretne kezdeni j\u00e1tszani. Ebben az esetben tudnia kell, hogy a nagyobb online szerencsej\u00e1t\u00e9k-webhelyek b\u00e1rmelyik\u00e9n t\u00f6rt\u00e9n\u0151 fi\u00f3kregisztr\u00e1ci\u00f3 mind\u00f6ssze n\u00e9h\u00e1ny percet vesz ig\u00e9nybe, ut\u00e1na szabadon j\u00e1tszhat b\u00e1rmit, amit csak szeretne, az online kaszin\u00f3j\u00e1t\u00e9kokt\u00f3l az online p\u00f3kerig, vagy ak\u00e1r sport- vagy p\u00e9nz\u00fcgyi oldalakon is fogadhat.<\/p>\n<p><img loading=\"lazy\" decoding=\"async\" class=\"size-medium wp-image-3057 alignright\" src=\"https:\/\/gambling6.com\/wp-content\/uploads\/2022\/04\/soccermoney-300x200.jpg\" alt=\"online fogad\u00e1si \u00fatmutat\u00f3\" width=\"300\" height=\"200\" srcset=\"https:\/\/gambling6.com\/wp-content\/uploads\/2022\/04\/soccermoney-300x200.jpg 300w, https:\/\/gambling6.com\/wp-content\/uploads\/2022\/04\/soccermoney.jpg 424w\" sizes=\"auto, (max-width: 300px) 100vw, 300px\" \/>Ha m\u00e1r az online fogad\u00e1sr\u00f3l besz\u00e9l\u00fcnk, tudnod kell, hogy ha egy olyan online szerencsej\u00e1t\u00e9k-weboldalhoz szeretn\u00e9l csatlakozni, amely nem k\u00f6veteli meg, hogy megtanulj egy \u00faj j\u00e1t\u00e9kot j\u00e1tszani (ami b\u00e1rmire igaz lenne, az online p\u00f3kert\u0151l az online kaszin\u00f3j\u00e1t\u00e9kokig), az online fogad\u00e1s a t\u00f6k\u00e9letes megold\u00e1s. M\u00e1r ismered a szab\u00e1lyokat \u2013 mind\u00f6ssze annyit kell tenned, hogy helyesen tippelsz egy profi sport\u00e1g meccs\u00e9nek eredm\u00e9ny\u00e9re, \u00e9s ennyi. Ha igazad van, fizetnek neked. Ha t\u00e9vedsz, \u00fajra pr\u00f3b\u00e1lkozhatsz.<\/p>\n<p>Tegy\u00fck fel, hogy eddig nem fedezted fel az online fogad\u00e1st. Ostobas\u00e1g lenne r\u00e9szedr\u0151l, ha an\u00e9lk\u00fcl kezden\u00e9l el j\u00e1tszani, hogy b\u00e1rmit is tudn\u00e1l az ipar\u00e1gr\u00f3l, a sportr\u00f3l, vagy ak\u00e1r az online szerencsej\u00e1t\u00e9k-webhelyekr\u0151l, amelyekhez csatlakozni szeretn\u00e9l. Ez\u00e9rt vannak olyan oldalak, amelyek egyetlen c\u00e9lja, hogy k\u00f6zelebb vigyenek kedvenc online szerencsej\u00e1t\u00e9k-tev\u00e9kenys\u00e9geidhez az\u00e1ltal, hogy a lehet\u0151 legt\u00f6bb tud\u00e1st k\u00edn\u00e1lj\u00e1k.<\/p>\n<p>A <strong>BetOnline<\/strong>\u00a0a vil\u00e1g egyik legjobb online fogad\u00e1si oldala. A versenyfogad\u00e1st\u00f3l a sportfogad\u00e1son \u00e1t a p\u00e9nz\u00fcgyi fogad\u00e1sig, mindegyiket r\u00e9szletesen bemutatjuk itt, \u00e9s mindent megtanulhatsz, amit egy kezd\u0151nek tudnia kell, mind\u00f6ssze n\u00e9h\u00e1ny percet t\u00f6ltve az \u00e9rdekl\u0151d\u00e9sednek megfelel\u0151 r\u00e9szben.<\/p>\n<p><a class=\"thirstylink\" title=\"Betonline sports en\" href=\"https:\/\/gambling6.com\/go\/betonline-sports-en\/\" target=\"_blank\" rel=\"nofollow noopener\">Csatlakozz a vil\u00e1g minden t\u00e1j\u00e1r\u00f3l \u00e9rkez\u0151 t\u00f6bb milli\u00f3 sportfogad\u00e1si rajong\u00f3hoz a Betonline-n\u00e1l, kedvenc sportfogad\u00f3 oldalunkn\u00e1l, ezen a linken kereszt\u00fcl.<\/a><\/p>\n<p>P\u00e9ld\u00e1ul, ha versenyekre szeretn\u00e9l fogadni, \u00e9rdemes felkeresned a Versenyfogad\u00e1s r\u00e9szt, amely mindent k\u00edn\u00e1l az online versenyz\u00e9sr\u0151l &#8211; a kutyaversenyekt\u0151l a r\u00e9gi l\u00f3versenyekig, vagy ak\u00e1r az \u00fajabb sportokig, mint a NASCAR vagy a Formula 1, a BetOnline mindent k\u00edn\u00e1l, amit ezekr\u0151l a sport\u00e1gakr\u00f3l tudni szeretn\u00e9l.<\/p>\n<p>\u00d6sszess\u00e9g\u00e9ben, ha sportfogad\u00e1st szeretn\u00e9l kezdeni, \u00e9rdemes kipr\u00f3b\u00e1lnod a BetOnline-t, az egyik legjobb online szerencsej\u00e1t\u00e9k-oldalt. Elvezetnek att\u00f3l, hogy semmit sem tudsz err\u0151l az ipar\u00e1gr\u00f3l, od\u00e1ig, hogy rengeteg p\u00e9nzt kereshetsz vele!<\/p>\n","protected":false},"excerpt":{"rendered":"<p>Teljes k\u00f6r\u0171 \u00fatmutat\u00f3 az online fogad\u00e1s vil\u00e1g\u00e1ba! Az emberis\u00e9g hajnala \u00f3ta a szerencsej\u00e1t\u00e9k a term\u00e9szet\u00fcnk r\u00e9sze. Amint az internet megjelent, term\u00e9szetes volt, hogy szerencsej\u00e1t\u00e9k-oldalak jelennek meg. Amint ez megt\u00f6rt\u00e9nt, hatalmas sikert arattak, \u00e9s az online szerencsej\u00e1t\u00e9k m\u00e1ra a vil\u00e1g egyik legn\u00e9pszer\u0171bb tev\u00e9kenys\u00e9g\u00e9v\u00e9 v\u00e1lt. Tegy\u00fck fel, hogy online szerencsej\u00e1t\u00e9kot szeretne kezdeni j\u00e1tszani. Ebben az esetben tudnia [&hellip;]<\/p>\n","protected":false},"author":1,"featured_media":0,"parent":9221,"menu_order":14,"comment_status":"closed","ping_status":"closed","template":"","meta":{"footnotes":""},"class_list":["post-9099","page","type-page","status-publish","hentry"],"yoast_head":"<!-- This site is optimized with the Yoast SEO plugin v27.3 - https:\/\/yoast.com\/product\/yoast-seo-wordpress\/ -->\n<title>\u00datmutat\u00f3 \u00e9s tippek online sportfogad\u00e1shoz<\/title>\n<meta name=\"description\" content=\"Kezdj el online fogadni m\u00e9g ma! L\u00e1togass el a BetOnline-ra, ahol a fogad\u00e1si lehet\u0151s\u00e9gek teljes v\u00e1laszt\u00e9k\u00e1t, valamint online p\u00f3kert \u00e9s kaszin\u00f3t tal\u00e1lsz egyetlen weboldalon.\" \/>\n<meta name=\"robots\" content=\"index, follow, max-snippet:-1, max-image-preview:large, max-video-preview:-1\" \/>\n<link rel=\"canonical\" href=\"https:\/\/gambling6.com\/hu\/sportfogadas\/sportfogadasi-tippek-az-online-fogadas-utmutatoja\/\" \/>\n<meta property=\"og:locale\" content=\"hu_HU\" \/>\n<meta property=\"og:type\" content=\"article\" \/>\n<meta property=\"og:title\" content=\"\u00datmutat\u00f3 \u00e9s tippek online sportfogad\u00e1shoz\" \/>\n<meta property=\"og:description\" content=\"Kezdj el online fogadni m\u00e9g ma! L\u00e1togass el a BetOnline-ra, ahol a fogad\u00e1si lehet\u0151s\u00e9gek teljes v\u00e1laszt\u00e9k\u00e1t, valamint online p\u00f3kert \u00e9s kaszin\u00f3t tal\u00e1lsz egyetlen weboldalon.\" \/>\n<meta property=\"og:url\" content=\"https:\/\/gambling6.com\/hu\/sportfogadas\/sportfogadasi-tippek-az-online-fogadas-utmutatoja\/\" \/>\n<meta property=\"og:site_name\" content=\"Gambling6\" \/>\n<meta property=\"article:modified_time\" content=\"2025-11-12T19:18:28+00:00\" \/>\n<meta property=\"og:image\" content=\"https:\/\/gambling6.com\/wp-content\/uploads\/2022\/04\/soccermoney.jpg\" \/>\n\t<meta property=\"og:image:width\" content=\"424\" \/>\n\t<meta property=\"og:image:height\" content=\"283\" \/>\n\t<meta property=\"og:image:type\" content=\"image\/jpeg\" \/>\n<meta name=\"twitter:card\" content=\"summary_large_image\" \/>\n<meta name=\"twitter:label1\" content=\"Becs\u00fclt olvas\u00e1si id\u0151\" \/>\n\t<meta name=\"twitter:data1\" content=\"3 perc\" \/>\n<script type=\"application\/ld+json\" class=\"yoast-schema-graph\">{\"@context\":\"https:\\\/\\\/schema.org\",\"@graph\":[{\"@type\":\"WebPage\",\"@id\":\"https:\\\/\\\/gambling6.com\\\/hu\\\/sportfogadas\\\/sportfogadasi-tippek-az-online-fogadas-utmutatoja\\\/\",\"url\":\"https:\\\/\\\/gambling6.com\\\/hu\\\/sportfogadas\\\/sportfogadasi-tippek-az-online-fogadas-utmutatoja\\\/\",\"name\":\"\u00datmutat\u00f3 \u00e9s tippek online sportfogad\u00e1shoz\",\"isPartOf\":{\"@id\":\"https:\\\/\\\/gambling6.com\\\/hu\\\/#website\"},\"primaryImageOfPage\":{\"@id\":\"https:\\\/\\\/gambling6.com\\\/hu\\\/sportfogadas\\\/sportfogadasi-tippek-az-online-fogadas-utmutatoja\\\/#primaryimage\"},\"image\":{\"@id\":\"https:\\\/\\\/gambling6.com\\\/hu\\\/sportfogadas\\\/sportfogadasi-tippek-az-online-fogadas-utmutatoja\\\/#primaryimage\"},\"thumbnailUrl\":\"https:\\\/\\\/gambling6.com\\\/wp-content\\\/uploads\\\/2022\\\/04\\\/soccermoney-300x200.jpg\",\"datePublished\":\"2025-11-08T14:54:21+00:00\",\"dateModified\":\"2025-11-12T19:18:28+00:00\",\"description\":\"Kezdj el online fogadni m\u00e9g ma! L\u00e1togass el a BetOnline-ra, ahol a fogad\u00e1si lehet\u0151s\u00e9gek teljes v\u00e1laszt\u00e9k\u00e1t, valamint online p\u00f3kert \u00e9s kaszin\u00f3t tal\u00e1lsz egyetlen weboldalon.\",\"breadcrumb\":{\"@id\":\"https:\\\/\\\/gambling6.com\\\/hu\\\/sportfogadas\\\/sportfogadasi-tippek-az-online-fogadas-utmutatoja\\\/#breadcrumb\"},\"inLanguage\":\"hu\",\"potentialAction\":[{\"@type\":\"ReadAction\",\"target\":[\"https:\\\/\\\/gambling6.com\\\/hu\\\/sportfogadas\\\/sportfogadasi-tippek-az-online-fogadas-utmutatoja\\\/\"]}]},{\"@type\":\"ImageObject\",\"inLanguage\":\"hu\",\"@id\":\"https:\\\/\\\/gambling6.com\\\/hu\\\/sportfogadas\\\/sportfogadasi-tippek-az-online-fogadas-utmutatoja\\\/#primaryimage\",\"url\":\"https:\\\/\\\/gambling6.com\\\/wp-content\\\/uploads\\\/2022\\\/04\\\/soccermoney-300x200.jpg\",\"contentUrl\":\"https:\\\/\\\/gambling6.com\\\/wp-content\\\/uploads\\\/2022\\\/04\\\/soccermoney-300x200.jpg\"},{\"@type\":\"BreadcrumbList\",\"@id\":\"https:\\\/\\\/gambling6.com\\\/hu\\\/sportfogadas\\\/sportfogadasi-tippek-az-online-fogadas-utmutatoja\\\/#breadcrumb\",\"itemListElement\":[{\"@type\":\"ListItem\",\"position\":1,\"name\":\"Home\",\"item\":\"https:\\\/\\\/gambling6.com\\\/hu\\\/home\\\/\"},{\"@type\":\"ListItem\",\"position\":2,\"name\":\"Sportfogad\u00e1s\",\"item\":\"https:\\\/\\\/gambling6.com\\\/hu\\\/introduction-to-online-sportsbetting\\\/\"},{\"@type\":\"ListItem\",\"position\":3,\"name\":\"Sportfogad\u00e1si tippek &#8211; Az online fogad\u00e1s \u00fatmutat\u00f3ja\"}]},{\"@type\":\"WebSite\",\"@id\":\"https:\\\/\\\/gambling6.com\\\/hu\\\/#website\",\"url\":\"https:\\\/\\\/gambling6.com\\\/hu\\\/\",\"name\":\"Gambling6\",\"description\":\"\",\"potentialAction\":[{\"@type\":\"SearchAction\",\"target\":{\"@type\":\"EntryPoint\",\"urlTemplate\":\"https:\\\/\\\/gambling6.com\\\/hu\\\/?s={search_term_string}\"},\"query-input\":{\"@type\":\"PropertyValueSpecification\",\"valueRequired\":true,\"valueName\":\"search_term_string\"}}],\"inLanguage\":\"hu\"}]}<\/script>\n<!-- \/ Yoast SEO plugin. -->","yoast_head_json":{"title":"\u00datmutat\u00f3 \u00e9s tippek online sportfogad\u00e1shoz","description":"Kezdj el online fogadni m\u00e9g ma! L\u00e1togass el a BetOnline-ra, ahol a fogad\u00e1si lehet\u0151s\u00e9gek teljes v\u00e1laszt\u00e9k\u00e1t, valamint online p\u00f3kert \u00e9s kaszin\u00f3t tal\u00e1lsz egyetlen weboldalon.","robots":{"index":"index","follow":"follow","max-snippet":"max-snippet:-1","max-image-preview":"max-image-preview:large","max-video-preview":"max-video-preview:-1"},"canonical":"https:\/\/gambling6.com\/hu\/sportfogadas\/sportfogadasi-tippek-az-online-fogadas-utmutatoja\/","og_locale":"hu_HU","og_type":"article","og_title":"\u00datmutat\u00f3 \u00e9s tippek online sportfogad\u00e1shoz","og_description":"Kezdj el online fogadni m\u00e9g ma! L\u00e1togass el a BetOnline-ra, ahol a fogad\u00e1si lehet\u0151s\u00e9gek teljes v\u00e1laszt\u00e9k\u00e1t, valamint online p\u00f3kert \u00e9s kaszin\u00f3t tal\u00e1lsz egyetlen weboldalon.","og_url":"https:\/\/gambling6.com\/hu\/sportfogadas\/sportfogadasi-tippek-az-online-fogadas-utmutatoja\/","og_site_name":"Gambling6","article_modified_time":"2025-11-12T19:18:28+00:00","og_image":[{"width":424,"height":283,"url":"https:\/\/gambling6.com\/wp-content\/uploads\/2022\/04\/soccermoney.jpg","type":"image\/jpeg"}],"twitter_card":"summary_large_image","twitter_misc":{"Becs\u00fclt olvas\u00e1si id\u0151":"3 perc"},"schema":{"@context":"https:\/\/schema.org","@graph":[{"@type":"WebPage","@id":"https:\/\/gambling6.com\/hu\/sportfogadas\/sportfogadasi-tippek-az-online-fogadas-utmutatoja\/","url":"https:\/\/gambling6.com\/hu\/sportfogadas\/sportfogadasi-tippek-az-online-fogadas-utmutatoja\/","name":"\u00datmutat\u00f3 \u00e9s tippek online sportfogad\u00e1shoz","isPartOf":{"@id":"https:\/\/gambling6.com\/hu\/#website"},"primaryImageOfPage":{"@id":"https:\/\/gambling6.com\/hu\/sportfogadas\/sportfogadasi-tippek-az-online-fogadas-utmutatoja\/#primaryimage"},"image":{"@id":"https:\/\/gambling6.com\/hu\/sportfogadas\/sportfogadasi-tippek-az-online-fogadas-utmutatoja\/#primaryimage"},"thumbnailUrl":"https:\/\/gambling6.com\/wp-content\/uploads\/2022\/04\/soccermoney-300x200.jpg","datePublished":"2025-11-08T14:54:21+00:00","dateModified":"2025-11-12T19:18:28+00:00","description":"Kezdj el online fogadni m\u00e9g ma! L\u00e1togass el a BetOnline-ra, ahol a fogad\u00e1si lehet\u0151s\u00e9gek teljes v\u00e1laszt\u00e9k\u00e1t, valamint online p\u00f3kert \u00e9s kaszin\u00f3t tal\u00e1lsz egyetlen weboldalon.","breadcrumb":{"@id":"https:\/\/gambling6.com\/hu\/sportfogadas\/sportfogadasi-tippek-az-online-fogadas-utmutatoja\/#breadcrumb"},"inLanguage":"hu","potentialAction":[{"@type":"ReadAction","target":["https:\/\/gambling6.com\/hu\/sportfogadas\/sportfogadasi-tippek-az-online-fogadas-utmutatoja\/"]}]},{"@type":"ImageObject","inLanguage":"hu","@id":"https:\/\/gambling6.com\/hu\/sportfogadas\/sportfogadasi-tippek-az-online-fogadas-utmutatoja\/#primaryimage","url":"https:\/\/gambling6.com\/wp-content\/uploads\/2022\/04\/soccermoney-300x200.jpg","contentUrl":"https:\/\/gambling6.com\/wp-content\/uploads\/2022\/04\/soccermoney-300x200.jpg"},{"@type":"BreadcrumbList","@id":"https:\/\/gambling6.com\/hu\/sportfogadas\/sportfogadasi-tippek-az-online-fogadas-utmutatoja\/#breadcrumb","itemListElement":[{"@type":"ListItem","position":1,"name":"Home","item":"https:\/\/gambling6.com\/hu\/home\/"},{"@type":"ListItem","position":2,"name":"Sportfogad\u00e1s","item":"https:\/\/gambling6.com\/hu\/introduction-to-online-sportsbetting\/"},{"@type":"ListItem","position":3,"name":"Sportfogad\u00e1si tippek &#8211; Az online fogad\u00e1s \u00fatmutat\u00f3ja"}]},{"@type":"WebSite","@id":"https:\/\/gambling6.com\/hu\/#website","url":"https:\/\/gambling6.com\/hu\/","name":"Gambling6","description":"","potentialAction":[{"@type":"SearchAction","target":{"@type":"EntryPoint","urlTemplate":"https:\/\/gambling6.com\/hu\/?s={search_term_string}"},"query-input":{"@type":"PropertyValueSpecification","valueRequired":true,"valueName":"search_term_string"}}],"inLanguage":"hu"}]}},"_links":{"self":[{"href":"https:\/\/gambling6.com\/hu\/wp-json\/wp\/v2\/pages\/9099","targetHints":{"allow":["GET"]}}],"collection":[{"href":"https:\/\/gambling6.com\/hu\/wp-json\/wp\/v2\/pages"}],"about":[{"href":"https:\/\/gambling6.com\/hu\/wp-json\/wp\/v2\/types\/page"}],"author":[{"embeddable":true,"href":"https:\/\/gambling6.com\/hu\/wp-json\/wp\/v2\/users\/1"}],"replies":[{"embeddable":true,"href":"https:\/\/gambling6.com\/hu\/wp-json\/wp\/v2\/comments?post=9099"}],"version-history":[{"count":1,"href":"https:\/\/gambling6.com\/hu\/wp-json\/wp\/v2\/pages\/9099\/revisions"}],"predecessor-version":[{"id":9223,"href":"https:\/\/gambling6.com\/hu\/wp-json\/wp\/v2\/pages\/9099\/revisions\/9223"}],"up":[{"embeddable":true,"href":"https:\/\/gambling6.com\/hu\/wp-json\/wp\/v2\/pages\/9221"}],"wp:attachment":[{"href":"https:\/\/gambling6.com\/hu\/wp-json\/wp\/v2\/media?parent=9099"}],"curies":[{"name":"wp","href":"https:\/\/api.w.org\/{rel}","templated":true}]}}