{"id":9166,"date":"2025-11-10T10:34:57","date_gmt":"2025-11-10T10:34:57","guid":{"rendered":"https:\/\/gambling6.com\/szerezzen-online-jegyeket-a-powerball-lottora\/"},"modified":"2025-11-15T08:45:49","modified_gmt":"2025-11-15T08:45:49","slug":"szerezzen-online-jegyeket-a-powerball-lottora","status":"publish","type":"page","link":"https:\/\/gambling6.com\/hu\/szerezzen-online-jegyeket-a-powerball-lottora\/","title":{"rendered":"Szerezzen online jegyeket a Powerball lott\u00f3ra"},"content":{"rendered":"<h2>J\u00e1tssz Powerball lott\u00f3t online.<\/h2>\n<p>A Powerball lott\u00f3 vil\u00e1gszerte ismert hihetetlen jackpotjair\u00f3l. Rendszeresen tal\u00e1lhatsz 100 milli\u00f3 doll\u00e1r feletti jackpotokat. <strong>A jackpotok n\u00f6veked\u00e9se exponenci\u00e1lis, mivel online is v\u00e1s\u00e1rolhatsz szelv\u00e9nyeket a Powerball lott\u00f3ra.<\/strong> A Powerball online j\u00e1t\u00e9ka egyszer\u0171 otthonod k\u00e9nyelm\u00e9b\u0151l, mind\u00f6ssze egy sz\u00e1m\u00edt\u00f3g\u00e9pre \u00e9s internetkapcsolatra van sz\u00fcks\u00e9ged.<\/p>\n<h2>Online Powerball szelv\u00e9nyek, egyszer\u0171, mint az 1-2-3<\/h2>\n<p>A Powerball lott\u00f3 online j\u00e1t\u00e9k\u00e1hoz fel kell keresned partner\u00fcnk, a <a class=\"thirstylink\" title=\"Redfoxlotto\" href=\"https:\/\/gambling6.com\/go\/redfoxlotto\/\" target=\"_blank\" rel=\"nofollow noopener\">RedFoxLotto (kattints ide a l\u00e1togat\u00e1shoz)<\/a> oldal\u00e1t, \u00e9s l\u00e9tre kell hoznod egy fi\u00f3kot. K\u00f6nny\u0171 fi\u00f3kot nyitni, \u00e9s perceken bel\u00fcl elkezdheted j\u00e1tszani a Powerball lott\u00f3n. A k\u00f6vetkez\u0151 l\u00e9p\u00e9s a szelv\u00e9nyr\u00e9szleg megnyit\u00e1sa, ahol az \u0171rlap seg\u00edts\u00e9g\u00e9vel \u00f6t f\u0151sz\u00e1mot kell kiv\u00e1lasztani.<\/p>\n<p>Ha ezzel megvagy, v\u00e1lassz egy Powerball b\u00f3nuszsz\u00e1mot. <strong>A jackpot megnyer\u00e9s\u00e9hez el kell tal\u00e1lnod az \u00f6t f\u0151sz\u00e1modat, valamint a Powerball sz\u00e1mot a kih\u00fazott goly\u00f3kkal.<\/strong> Ne agg\u00f3dj, ha ezek nem egyeznek, akkor is r\u00e9szt vehetsz a m\u00e1sik h\u00e9t nyerem\u00e9nyoszt\u00e1ly egyik\u00e9nek megszerz\u00e9s\u00e9ben.<\/p>\n<h2>A Powerball online szelv\u00e9nyelad\u00e1sai sz\u00e1rnyalnak<\/h2>\n<p><img loading=\"lazy\" decoding=\"async\" class=\"size-medium wp-image-1533 alignright\" src=\"https:\/\/gambling6.com\/wp-content\/uploads\/2022\/04\/2_ticket_powerball_au2-1-163x300.jpg\" alt=\"Powerball jegy\" width=\"163\" height=\"300\" srcset=\"https:\/\/gambling6.com\/wp-content\/uploads\/2022\/04\/2_ticket_powerball_au2-1-163x300.jpg 163w, https:\/\/gambling6.com\/wp-content\/uploads\/2022\/04\/2_ticket_powerball_au2-1.jpg 250w\" sizes=\"auto, (max-width: 163px) 100vw, 163px\" \/>Az elm\u00falt k\u00e9t \u00e9vben a Powerball USA szelv\u00e9nyelad\u00e1sai nagyon gyors \u00fctemben n\u0151ttek, ebben az id\u0151szakban \u00e9vr\u0151l \u00e9vre megdupl\u00e1z\u00f3dtak. <strong>A jackpotok m\u00e9rete, valamint az online szelv\u00e9nyv\u00e1s\u00e1rl\u00e1s egyszer\u0171s\u00e9ge volt a mozgat\u00f3rug\u00f3ja annak, hogy mi\u00e9rt volt ilyen jelent\u0151s a n\u00f6veked\u00e9s.<\/strong> Ha a m\u00falt b\u00e1rmilyen mutat\u00f3ja a j\u00f6v\u0151beli elad\u00e1soknak, akkor a jackpotok m\u00e9ret\u00e9nek tov\u00e1bbi n\u00f6veked\u00e9s\u00e9re sz\u00e1m\u00edthatunk az elk\u00f6vetkez\u0151 \u00e9vekben.<\/p>\n<h2>A lott\u00f3z\u00f3k sz\u00e1ma vil\u00e1gszerte n\u00f6vekszik.<\/h2>\n<p>A Mega Millions kiv\u00e9tel\u00e9vel, amely a lott\u00f3 jackpotok m\u00e9ret\u00e9nek rekordj\u00e1t tartja, az elm\u00falt \u00e9vben a legt\u00f6bb online j\u00e1tszott lott\u00f3n rekord jackpotokat l\u00e1ttunk. Nincsenek arra utal\u00f3 jelek, hogy ezek a rekordm\u00e9ret\u0171 jackpotok a k\u00f6zelj\u00f6v\u0151ben cs\u00f6kkenn\u00e9nek. S\u0151t, arra sz\u00e1m\u00edthatunk, hogy a rekordok ism\u00e9telten megd\u0151lnek, mivel az emberek el\u00e1rasztj\u00e1k a sz\u00e1m\u00edt\u00f3g\u00e9peiket, amikor a jackpotokr\u00f3l sz\u00f3l\u00f3 h\u00edrek el\u00e9rik a magas szintet.<\/p>\n<h2>Ellen\u0151rizze a Powerball nyer\u0151sz\u00e1mait online.<\/h2>\n<p>Gy\u0151z\u0151dj\u00f6n meg r\u00f3la, hogy ha szelv\u00e9nyt v\u00e1s\u00e1rol, sz\u00e1njon id\u0151t az eredm\u00e9nyek online adatb\u00e1zis-eszk\u00f6zzel t\u00f6rt\u00e9n\u0151 ellen\u0151rz\u00e9s\u00e9re. Sok nyerem\u00e9nyt nem vesznek fel minden \u00e9vben, mert amikor az emberek meghallj\u00e1k, hogy jackpotokat nyertek egy olyan ter\u00fcleten, ahol nem \u00e9lnek, vagy egy olyan int\u00e9zm\u00e9nyben, ahol nem vett\u00e9k a szelv\u00e9ny\u00fcket, eldobj\u00e1k a szelv\u00e9ny\u00fcket, \u00e9s nem ellen\u0151rzik, hogy m\u00e1s nyerem\u00e9nyszinteken nyertek-e.<\/p>\n<p>K\u00e9rj\u00fck, ne k\u00f6vesd el azt a hib\u00e1t, hogy a kuk\u00e1ba dobod a p\u00e9nzt, vagy l\u00e1thatatlanul hagyod a p\u00e9nzt\u00e1rc\u00e1dban. Meg\u00e9rdemled az \u00f6sszes p\u00e9nzt, amit nyert\u00e9l. J\u00e1tssz a Powerball lott\u00f3n online m\u00e9g ma, \u00e9s te lehetsz a vil\u00e1g k\u00f6vetkez\u0151 multimilliomosa.<\/p>\n<table style=\"width: 500px;\" border=\"1\" cellspacing=\"5\" cellpadding=\"5\" align=\"center\">\n<tbody>\n<tr>\n<td colspan=\"3\" align=\"center\">A 2013-as \u00e9v t\u00edz legnagyobb jackpotja<\/td>\n<\/tr>\n<tr>\n<td>Sorsol\u00e1s<\/td>\n<td align=\"center\">D\u00e1tum<\/td>\n<td align=\"center\">Jackpot (USD)<\/td>\n<\/tr>\n<tr>\n<td>Powerball &#8211; USA<\/td>\n<td align=\"center\">2013. m\u00e1jus 18.<\/td>\n<td align=\"right\">590 500 000 $<\/td>\n<\/tr>\n<tr>\n<td>Powerball &#8211; USA<\/td>\n<td align=\"center\">2013. augusztus 7.<\/td>\n<td align=\"right\">448\u00a0400\u00a0000 $<\/td>\n<\/tr>\n<tr>\n<td>Powerball &#8211; USA<\/td>\n<td align=\"center\">2013. szeptember 18.<\/td>\n<td align=\"right\">399\u00a0400\u00a0000 $<\/td>\n<\/tr>\n<tr>\n<td>Powerball &#8211; USA<\/td>\n<td align=\"center\">2013. m\u00e1rcius 23.<\/td>\n<td align=\"right\">338\u00a0300\u00a0000 $<\/td>\n<\/tr>\n<tr>\n<td>Powerball &#8211; USA<\/td>\n<td align=\"center\">2013. febru\u00e1r 6.<\/td>\n<td align=\"right\">217\u00a0000\u00a0000 $<\/td>\n<\/tr>\n<tr>\n<td>Powerball &#8211; USA<\/td>\n<td align=\"center\">2013. okt\u00f3ber 23.<\/td>\n<td align=\"right\">213 400 000 $<\/td>\n<\/tr>\n<tr>\n<td>Powerball &#8211; USA<\/td>\n<td align=\"center\">2013. j\u00fanius 22.<\/td>\n<td align=\"right\">131 500 000 $<\/td>\n<\/tr>\n<tr>\n<td>Powerball &#8211; USA<\/td>\n<td align=\"center\">2013. november 16.<\/td>\n<td align=\"right\">130 300 000 $<\/td>\n<\/tr>\n<tr>\n<td>Powerball &#8211; USA<\/td>\n<td align=\"center\">2013. december 11.<\/td>\n<td align=\"right\">122\u00a0900\u00a0000 $<\/td>\n<\/tr>\n<tr>\n<td>Powerball &#8211; USA<\/td>\n<td align=\"center\">2013. dec. 25.<\/td>\n<td align=\"right\">74\u00a0000\u00a0000 $<\/td>\n<\/tr>\n<\/tbody>\n<\/table>\n<p>&nbsp;<\/p>\n<table style=\"width: 500px;\" border=\"1\" cellspacing=\"5\" cellpadding=\"5\" align=\"center\">\n<tbody>\n<tr>\n<td colspan=\"3\" align=\"center\">Powerball Lotto &#8211; USA Nyerem\u00e9nyoszt\u00e1lyok<\/td>\n<\/tr>\n<tr>\n<td>Nyerem\u00e9ny<\/td>\n<td align=\"center\">M\u00e9rk\u0151z\u00e9sek<\/td>\n<td align=\"center\">Es\u00e9lyek<\/td>\n<\/tr>\n<tr>\n<td>1. (F\u0151nyerem\u00e9ny)<\/td>\n<td align=\"center\">5 + 1<\/td>\n<td align=\"right\">175 223 510 : 1<\/td>\n<\/tr>\n<tr>\n<td>2.<\/td>\n<td align=\"center\">5<\/td>\n<td align=\"right\">5 153 633 : 1<\/td>\n<\/tr>\n<tr>\n<td>3.<\/td>\n<td align=\"center\">4 + 1<\/td>\n<td align=\"right\">648 976 : 1<\/td>\n<\/tr>\n<tr>\n<td>4.<\/td>\n<td align=\"center\">4<\/td>\n<td align=\"right\">19 087 : 1<\/td>\n<\/tr>\n<tr>\n<td>5.<\/td>\n<td align=\"cente\">3 + 1<\/td>\n<td align=\"right\">12 245:1<\/td>\n<\/tr>\n<tr>\n<td>6.<\/td>\n<td align=\"center\">3<\/td>\n<td align=\"right\">360:1<\/td>\n<\/tr>\n<tr>\n<td>7.<\/td>\n<td align=\"center\">2 + 1<\/td>\n<td align=\"right\">706:1<\/td>\n<\/tr>\n<tr>\n<td>8.<\/td>\n<td align=\"center\">1 + 1<\/td>\n<td align=\"right\">111:1<\/td>\n<\/tr>\n<tr>\n<td>9.<\/td>\n<td align=\"center\">0 + 1<\/td>\n<td align=\"right\">55: 1<\/td>\n<\/tr>\n<\/tbody>\n<\/table>\n","protected":false},"excerpt":{"rendered":"<p>J\u00e1tssz Powerball lott\u00f3t online. A Powerball lott\u00f3 vil\u00e1gszerte ismert hihetetlen jackpotjair\u00f3l. Rendszeresen tal\u00e1lhatsz 100 milli\u00f3 doll\u00e1r feletti jackpotokat. A jackpotok n\u00f6veked\u00e9se exponenci\u00e1lis, mivel online is v\u00e1s\u00e1rolhatsz szelv\u00e9nyeket a Powerball lott\u00f3ra. A Powerball online j\u00e1t\u00e9ka egyszer\u0171 otthonod k\u00e9nyelm\u00e9b\u0151l, mind\u00f6ssze egy sz\u00e1m\u00edt\u00f3g\u00e9pre \u00e9s internetkapcsolatra van sz\u00fcks\u00e9ged. Online Powerball szelv\u00e9nyek, egyszer\u0171, mint az 1-2-3 A Powerball lott\u00f3 online [&hellip;]<\/p>\n","protected":false},"author":1,"featured_media":0,"parent":0,"menu_order":4,"comment_status":"closed","ping_status":"closed","template":"","meta":{"footnotes":""},"class_list":["post-9166","page","type-page","status-publish","hentry"],"yoast_head":"<!-- This site is optimized with the Yoast SEO plugin v27.4 - https:\/\/yoast.com\/product\/yoast-seo-wordpress\/ -->\n<title>V\u00e1s\u00e1roljon Powerball lott\u00f3szelv\u00e9nyeket online<\/title>\n<meta name=\"description\" content=\"Szerezd meg online jegyeidet m\u00e9g ma az amerikai Powerball lott\u00f3j\u00e1t\u00e9kra.\" \/>\n<meta name=\"robots\" content=\"index, follow, max-snippet:-1, max-image-preview:large, max-video-preview:-1\" \/>\n<link rel=\"canonical\" href=\"https:\/\/gambling6.com\/hu\/szerezzen-online-jegyeket-a-powerball-lottora\/\" \/>\n<meta property=\"og:locale\" content=\"hu_HU\" \/>\n<meta property=\"og:type\" content=\"article\" \/>\n<meta property=\"og:title\" content=\"V\u00e1s\u00e1roljon Powerball lott\u00f3szelv\u00e9nyeket online\" \/>\n<meta property=\"og:description\" content=\"Szerezd meg online jegyeidet m\u00e9g ma az amerikai Powerball lott\u00f3j\u00e1t\u00e9kra.\" \/>\n<meta property=\"og:url\" content=\"https:\/\/gambling6.com\/hu\/szerezzen-online-jegyeket-a-powerball-lottora\/\" \/>\n<meta property=\"og:site_name\" content=\"Gambling6\" \/>\n<meta property=\"article:modified_time\" content=\"2025-11-15T08:45:49+00:00\" \/>\n<meta property=\"og:image\" content=\"https:\/\/gambling6.com\/wp-content\/uploads\/2022\/04\/2_ticket_powerball_au2-1.jpg\" \/>\n\t<meta property=\"og:image:width\" content=\"250\" \/>\n\t<meta property=\"og:image:height\" content=\"460\" \/>\n\t<meta property=\"og:image:type\" content=\"image\/jpeg\" \/>\n<meta name=\"twitter:card\" content=\"summary_large_image\" \/>\n<meta name=\"twitter:label1\" content=\"Becs\u00fclt olvas\u00e1si id\u0151\" \/>\n\t<meta name=\"twitter:data1\" content=\"3 perc\" \/>\n<script type=\"application\/ld+json\" class=\"yoast-schema-graph\">{\"@context\":\"https:\\\/\\\/schema.org\",\"@graph\":[{\"@type\":\"WebPage\",\"@id\":\"https:\\\/\\\/gambling6.com\\\/hu\\\/szerezzen-online-jegyeket-a-powerball-lottora\\\/\",\"url\":\"https:\\\/\\\/gambling6.com\\\/hu\\\/szerezzen-online-jegyeket-a-powerball-lottora\\\/\",\"name\":\"V\u00e1s\u00e1roljon Powerball lott\u00f3szelv\u00e9nyeket online\",\"isPartOf\":{\"@id\":\"https:\\\/\\\/gambling6.com\\\/hu\\\/#website\"},\"primaryImageOfPage\":{\"@id\":\"https:\\\/\\\/gambling6.com\\\/hu\\\/szerezzen-online-jegyeket-a-powerball-lottora\\\/#primaryimage\"},\"image\":{\"@id\":\"https:\\\/\\\/gambling6.com\\\/hu\\\/szerezzen-online-jegyeket-a-powerball-lottora\\\/#primaryimage\"},\"thumbnailUrl\":\"https:\\\/\\\/gambling6.com\\\/wp-content\\\/uploads\\\/2022\\\/04\\\/2_ticket_powerball_au2-1-163x300.jpg\",\"datePublished\":\"2025-11-10T10:34:57+00:00\",\"dateModified\":\"2025-11-15T08:45:49+00:00\",\"description\":\"Szerezd meg online jegyeidet m\u00e9g ma az amerikai Powerball lott\u00f3j\u00e1t\u00e9kra.\",\"breadcrumb\":{\"@id\":\"https:\\\/\\\/gambling6.com\\\/hu\\\/szerezzen-online-jegyeket-a-powerball-lottora\\\/#breadcrumb\"},\"inLanguage\":\"hu\",\"potentialAction\":[{\"@type\":\"ReadAction\",\"target\":[\"https:\\\/\\\/gambling6.com\\\/hu\\\/szerezzen-online-jegyeket-a-powerball-lottora\\\/\"]}]},{\"@type\":\"ImageObject\",\"inLanguage\":\"hu\",\"@id\":\"https:\\\/\\\/gambling6.com\\\/hu\\\/szerezzen-online-jegyeket-a-powerball-lottora\\\/#primaryimage\",\"url\":\"https:\\\/\\\/gambling6.com\\\/wp-content\\\/uploads\\\/2022\\\/04\\\/2_ticket_powerball_au2-1-163x300.jpg\",\"contentUrl\":\"https:\\\/\\\/gambling6.com\\\/wp-content\\\/uploads\\\/2022\\\/04\\\/2_ticket_powerball_au2-1-163x300.jpg\"},{\"@type\":\"BreadcrumbList\",\"@id\":\"https:\\\/\\\/gambling6.com\\\/hu\\\/szerezzen-online-jegyeket-a-powerball-lottora\\\/#breadcrumb\",\"itemListElement\":[{\"@type\":\"ListItem\",\"position\":1,\"name\":\"Home\",\"item\":\"https:\\\/\\\/gambling6.com\\\/hu\\\/home\\\/\"},{\"@type\":\"ListItem\",\"position\":2,\"name\":\"Szerezzen online jegyeket a Powerball lott\u00f3ra\"}]},{\"@type\":\"WebSite\",\"@id\":\"https:\\\/\\\/gambling6.com\\\/hu\\\/#website\",\"url\":\"https:\\\/\\\/gambling6.com\\\/hu\\\/\",\"name\":\"Gambling6\",\"description\":\"\",\"potentialAction\":[{\"@type\":\"SearchAction\",\"target\":{\"@type\":\"EntryPoint\",\"urlTemplate\":\"https:\\\/\\\/gambling6.com\\\/hu\\\/?s={search_term_string}\"},\"query-input\":{\"@type\":\"PropertyValueSpecification\",\"valueRequired\":true,\"valueName\":\"search_term_string\"}}],\"inLanguage\":\"hu\"}]}<\/script>\n<!-- \/ Yoast SEO plugin. -->","yoast_head_json":{"title":"V\u00e1s\u00e1roljon Powerball lott\u00f3szelv\u00e9nyeket online","description":"Szerezd meg online jegyeidet m\u00e9g ma az amerikai Powerball lott\u00f3j\u00e1t\u00e9kra.","robots":{"index":"index","follow":"follow","max-snippet":"max-snippet:-1","max-image-preview":"max-image-preview:large","max-video-preview":"max-video-preview:-1"},"canonical":"https:\/\/gambling6.com\/hu\/szerezzen-online-jegyeket-a-powerball-lottora\/","og_locale":"hu_HU","og_type":"article","og_title":"V\u00e1s\u00e1roljon Powerball lott\u00f3szelv\u00e9nyeket online","og_description":"Szerezd meg online jegyeidet m\u00e9g ma az amerikai Powerball lott\u00f3j\u00e1t\u00e9kra.","og_url":"https:\/\/gambling6.com\/hu\/szerezzen-online-jegyeket-a-powerball-lottora\/","og_site_name":"Gambling6","article_modified_time":"2025-11-15T08:45:49+00:00","og_image":[{"width":250,"height":460,"url":"https:\/\/gambling6.com\/wp-content\/uploads\/2022\/04\/2_ticket_powerball_au2-1.jpg","type":"image\/jpeg"}],"twitter_card":"summary_large_image","twitter_misc":{"Becs\u00fclt olvas\u00e1si id\u0151":"3 perc"},"schema":{"@context":"https:\/\/schema.org","@graph":[{"@type":"WebPage","@id":"https:\/\/gambling6.com\/hu\/szerezzen-online-jegyeket-a-powerball-lottora\/","url":"https:\/\/gambling6.com\/hu\/szerezzen-online-jegyeket-a-powerball-lottora\/","name":"V\u00e1s\u00e1roljon Powerball lott\u00f3szelv\u00e9nyeket online","isPartOf":{"@id":"https:\/\/gambling6.com\/hu\/#website"},"primaryImageOfPage":{"@id":"https:\/\/gambling6.com\/hu\/szerezzen-online-jegyeket-a-powerball-lottora\/#primaryimage"},"image":{"@id":"https:\/\/gambling6.com\/hu\/szerezzen-online-jegyeket-a-powerball-lottora\/#primaryimage"},"thumbnailUrl":"https:\/\/gambling6.com\/wp-content\/uploads\/2022\/04\/2_ticket_powerball_au2-1-163x300.jpg","datePublished":"2025-11-10T10:34:57+00:00","dateModified":"2025-11-15T08:45:49+00:00","description":"Szerezd meg online jegyeidet m\u00e9g ma az amerikai Powerball lott\u00f3j\u00e1t\u00e9kra.","breadcrumb":{"@id":"https:\/\/gambling6.com\/hu\/szerezzen-online-jegyeket-a-powerball-lottora\/#breadcrumb"},"inLanguage":"hu","potentialAction":[{"@type":"ReadAction","target":["https:\/\/gambling6.com\/hu\/szerezzen-online-jegyeket-a-powerball-lottora\/"]}]},{"@type":"ImageObject","inLanguage":"hu","@id":"https:\/\/gambling6.com\/hu\/szerezzen-online-jegyeket-a-powerball-lottora\/#primaryimage","url":"https:\/\/gambling6.com\/wp-content\/uploads\/2022\/04\/2_ticket_powerball_au2-1-163x300.jpg","contentUrl":"https:\/\/gambling6.com\/wp-content\/uploads\/2022\/04\/2_ticket_powerball_au2-1-163x300.jpg"},{"@type":"BreadcrumbList","@id":"https:\/\/gambling6.com\/hu\/szerezzen-online-jegyeket-a-powerball-lottora\/#breadcrumb","itemListElement":[{"@type":"ListItem","position":1,"name":"Home","item":"https:\/\/gambling6.com\/hu\/home\/"},{"@type":"ListItem","position":2,"name":"Szerezzen online jegyeket a Powerball lott\u00f3ra"}]},{"@type":"WebSite","@id":"https:\/\/gambling6.com\/hu\/#website","url":"https:\/\/gambling6.com\/hu\/","name":"Gambling6","description":"","potentialAction":[{"@type":"SearchAction","target":{"@type":"EntryPoint","urlTemplate":"https:\/\/gambling6.com\/hu\/?s={search_term_string}"},"query-input":{"@type":"PropertyValueSpecification","valueRequired":true,"valueName":"search_term_string"}}],"inLanguage":"hu"}]}},"_links":{"self":[{"href":"https:\/\/gambling6.com\/hu\/wp-json\/wp\/v2\/pages\/9166","targetHints":{"allow":["GET"]}}],"collection":[{"href":"https:\/\/gambling6.com\/hu\/wp-json\/wp\/v2\/pages"}],"about":[{"href":"https:\/\/gambling6.com\/hu\/wp-json\/wp\/v2\/types\/page"}],"author":[{"embeddable":true,"href":"https:\/\/gambling6.com\/hu\/wp-json\/wp\/v2\/users\/1"}],"replies":[{"embeddable":true,"href":"https:\/\/gambling6.com\/hu\/wp-json\/wp\/v2\/comments?post=9166"}],"version-history":[{"count":2,"href":"https:\/\/gambling6.com\/hu\/wp-json\/wp\/v2\/pages\/9166\/revisions"}],"predecessor-version":[{"id":10848,"href":"https:\/\/gambling6.com\/hu\/wp-json\/wp\/v2\/pages\/9166\/revisions\/10848"}],"wp:attachment":[{"href":"https:\/\/gambling6.com\/hu\/wp-json\/wp\/v2\/media?parent=9166"}],"curies":[{"name":"wp","href":"https:\/\/api.w.org\/{rel}","templated":true}]}}