{"id":9221,"date":"2025-11-10T12:21:13","date_gmt":"2025-11-10T12:21:13","guid":{"rendered":"https:\/\/gambling6.com\/sportfogadas\/"},"modified":"2025-11-12T10:20:54","modified_gmt":"2025-11-12T10:20:54","slug":"sportfogadas","status":"publish","type":"page","link":"https:\/\/gambling6.com\/hu\/sportfogadas\/","title":{"rendered":"Sportfogad\u00e1s"},"content":{"rendered":"<h2>A sportfogad\u00e1s alapjai<\/h2>\n<p>A sportfogad\u00e1s, egy olyan kifejez\u00e9s, amely egyszer\u0171en a le\u00edr\u00f3 szavak \u00f6sszevon\u00e1s\u00e1b\u00f3l sz\u00e1rmazik, a profi \u00e9s amat\u0151r sportesem\u00e9nyek kimenetel\u00e9nek el\u0151rejelz\u00e9s\u00e9t, valamint az eredm\u00e9nyre val\u00f3 fogad\u00e1s megt\u00e9tel\u00e9t jelenti. <strong>A sportfogad\u00e1s kifejez\u00e9s olyan helyet jel\u00f6l, ahol valaki r\u00e9szt vesz a sportfogad\u00e1sban.<\/strong> \u00d6sszess\u00e9g\u00e9ben az Egyes\u00fclt \u00c1llamokban a tev\u00e9kenys\u00e9g nem leg\u00e1lis. L\u00e9nyeg\u00e9ben az Amerika \u00f6tven \u00e1llam\u00e1b\u00f3l csak n\u00e9gyben ismerik el a sportfogad\u00e1st \u00e9s a sportfogad\u00e1sokat 100%-ban leg\u00e1lisnak. Azt\u00e1n j\u00f6tt az internet.<\/p>\n<h2>Milli\u00f3k vesznek r\u00e9szt naponta sportfogad\u00e1sban<\/h2>\n<p>Naponta emberek milli\u00f3i l\u00e1togatnak el t\u00f6bb ezer weboldalra, hogy fogadjanak b\u00e1rmilyen sport\u00e1gra, amit csak tal\u00e1lnak. Azonban <strong>ez a bevezet\u00e9s az online sportfogad\u00e1sba megmutatja, hogy ez t\u00f6bb ann\u00e1l, mint hogy ismerj\u00fck a spreadet \u00e9s arra a csapatra fogadunk,<\/strong> amelyet meg akarunk nyerni. Egy m\u00e9rk\u0151z\u00e9sre tett fogad\u00e1s nemcsak \u00e9rdekesebb\u00e9 teheti a n\u00e9z\u00e9s\u00e9t, de a sportfogad\u00e1s m\u0171v\u00e9szet\u00e9vel rengeteg p\u00e9nzt is kereshetsz, ha helyesen csin\u00e1lod. Ha ez egy \u00faj v\u00e1llalkoz\u00e1s b\u00e1rki sz\u00e1m\u00e1ra, aki tapasztalatlan a sportfogad\u00e1sban, akkor ismernie kell a sportfogad\u00e1s alapjait \u00e9s elveit, ha azt szeretn\u00e9, hogy ne zavarodjon el, amikor az akci\u00f3 elkezd\u0151dik.<\/p>\n<h2>Online sportfogad\u00e1si terminol\u00f3gia<\/h2>\n<p>El\u0151sz\u00f6r is,<strong>meg kell ismerkedned a sportfogad\u00e1sban haszn\u00e1lt terminol\u00f3gi\u00e1val<\/strong>. A &#8222;<a href=\"http:\/\/en.wikipedia.org\/wiki\/Handicapping\" target=\"_blank\" rel=\"noopener\">Hendikep<\/a>&#8221; az els\u0151 kifejez\u00e9s, amit bemutatok; azt jelenti, hogy az egyik csapatnak vagy szem\u00e9lynek el\u0151nyt adunk a m\u00e1sikkal szemben az\u00e1ltal, hogy meghosszabb\u00edtjuk a m\u00e1sik \u00fct\u00e9seit, g\u00f3ljait, touchdownjait vagy egyszer\u0171en a pontjait, hogy az ellenf\u00e9lnek jobb es\u00e9lye legyen kiegyenl\u00edteni a j\u00e1t\u00e9kszintj\u00e9t. Tegy\u00fck fel p\u00e9ld\u00e1ul, hogy Michael Jordannal kos\u00e1rlabd\u00e1zn\u00e9k egy az egy ellen, \u00e9s az nyerne, aki el\u0151sz\u00f6r \u00e9r el 21 pontot. \u00c9n 18 pontos el\u0151nyt kaphatn\u00e9k, ami azt jelenten\u00e9, hogy neki 18 pontos hendikepje lenne. Neki 21 pontot kell szereznie, miel\u0151tt \u00e9n 3 pontot szerezn\u00e9k, hogy nyerjen. Sz\u00e1mos p\u00e9lda l\u00e9tezik a hendikepez\u00e9sre, vagy ahogy m\u00e1s n\u00e9ven nevezik, &#8222;pontk\u00fcl\u00f6nbs\u00e9gekre&#8221;. Ennek az elvnek a meg\u00e9rt\u00e9se az egyik kulcsa a j\u00f3 online sportfogad\u00e1si fogad\u00e1sok meg\u00e9rt\u00e9s\u00e9hez.<\/p>\n<p>Ismerd az online sportfogad\u00f3irod\u00e1dat<\/p>\n<p><strong>A sportfogad\u00e1s, legyen az online vagy \u00e9l\u0151, \u00e1ltal\u00e1ban az \u00fagynevezett &#8222;sportfogad\u00f3irod\u00e1kban&#8221; t\u00f6rt\u00e9nik.<\/strong> A &#8222;fogad\u00f3iroda&#8221; egy olyan int\u00e9zm\u00e9ny, amely fogad\u00e1sokat fogad el, \u00e9s a bukm\u00e9ker az a szem\u00e9ly, aki \u00e1ltal\u00e1ban meghat\u00e1rozza a k\u00fcl\u00f6nbs\u00e9get egy adott int\u00e9zm\u00e9ny sz\u00e1m\u00e1ra. A k\u00fcl\u00f6nbs\u00e9g meghat\u00e1roz\u00e1s\u00e1nak folyamata a &#8222;p\u00e1ros p\u00e9nzzel&#8221; (1:1-es odds\u00fa fogad\u00e1s) szemben nagyon bonyolult lehet, \u00e9s sportfogad\u00f3irod\u00e1nk\u00e9nt elt\u00e9r\u0151 lehet.<\/p>\n<h2>Betonline Sportfogad\u00e1s &#8211; amerikai sportrajong\u00f3kat fogad<\/h2>\n<p>Ha k\u00e9szen \u00e1llsz a sportfogad\u00e1sra, egy j\u00f3 h\u00edr\u0171 online kaszin\u00f3t vagy sportfogad\u00f3 irod\u00e1t kell tal\u00e1lnod, ahol megteheted a fogad\u00e1saidat. <a class=\"thirstylink\" title=\"Betonline casino en\" href=\"https:\/\/gambling6.com\/go\/betonline-casino-en\/\" target=\"_blank\" rel=\"nofollow noopener\">Megn\u00e9zheted a Betonline sportfogad\u00e1st<\/a>, ez egy j\u00f3l ismert online kaszin\u00f3, amely hihetetlen biztons\u00e1g\u00e1r\u00f3l h\u00edres. Sz\u00e1mos k\u00fcl\u00f6nb\u00f6z\u0151 befizet\u00e9si \u00e9s kifizet\u00e9si m\u00f3dot k\u00edn\u00e1lnak, \u00e9s biztosan tal\u00e1lsz egy olyan m\u00f3dot, amely megfelel a szem\u00e9lyes ig\u00e9nyeidnek.<\/p>\n<p>Egy m\u00e1sik nagyszer\u0171 alternat\u00edva a 888 Casino &#8211; a sportfogad\u00e1si szekci\u00f3juk az egyik legjobb a piacon. Emellett nagyszer\u0171 p\u00f3kerteremmel, a legjobb kaszin\u00f3j\u00e1t\u00e9kokkal, s\u0151t olyan dolgokkal is rendelkeznek, mint a bing\u00f3 \u00e9s a kapar\u00f3s sorsjegyek.<\/p>\n<p>A 888 egyetlen h\u00e1tr\u00e1nya, hogy nem fogadnak el \u00fcgyfeleket az Egyes\u00fclt \u00c1llamokb\u00f3l. De ha egy m\u00e1sik orsz\u00e1g lakosa, akkor mindenk\u00e9ppen <a class=\"thirstylink\" title=\"888 casino en\" href=\"https:\/\/gambling6.com\/go\/888-casino-en\/\" target=\"_blank\" rel=\"nofollow noopener\">l\u00e1togasson el a 888 Casino weboldal\u00e1ra \u2013 csak k\u00f6vesse ezt a linket.<\/a><\/p>\n<p>Tesztelje a terepet, de m\u00e9g sokat kell tanulnia az online sportfogad\u00e1sr\u00f3l. Folyamatosan friss\u00edtj\u00fck ezt az oldalt, hogy megismerhesse az es\u00e9lyeket \u00e9s az egyes esem\u00e9nyek kimenetel\u00e9hez hozz\u00e1j\u00e1rul\u00f3 t\u00e9nyez\u0151ket.<strong> Ha szak\u00e9rt\u0151v\u00e9 szeretne v\u00e1lni a sportfogad\u00e1s t\u00e9m\u00e1j\u00e1ban<\/strong>, j\u00f3 helyen j\u00e1r. D\u0151lj\u00f6n h\u00e1tra, helyezze mag\u00e1t k\u00e9nyelembe, \u00e9s v\u00e1rja, hogy j\u00f3l \u00e9rezze mag\u00e1t az online sportfogad\u00e1ssal.<\/p>\n","protected":false},"excerpt":{"rendered":"<p>A sportfogad\u00e1s alapjai A sportfogad\u00e1s, egy olyan kifejez\u00e9s, amely egyszer\u0171en a le\u00edr\u00f3 szavak \u00f6sszevon\u00e1s\u00e1b\u00f3l sz\u00e1rmazik, a profi \u00e9s amat\u0151r sportesem\u00e9nyek kimenetel\u00e9nek el\u0151rejelz\u00e9s\u00e9t, valamint az eredm\u00e9nyre val\u00f3 fogad\u00e1s megt\u00e9tel\u00e9t jelenti. A sportfogad\u00e1s kifejez\u00e9s olyan helyet jel\u00f6l, ahol valaki r\u00e9szt vesz a sportfogad\u00e1sban. \u00d6sszess\u00e9g\u00e9ben az Egyes\u00fclt \u00c1llamokban a tev\u00e9kenys\u00e9g nem leg\u00e1lis. L\u00e9nyeg\u00e9ben az Amerika \u00f6tven \u00e1llam\u00e1b\u00f3l csak [&hellip;]<\/p>\n","protected":false},"author":1,"featured_media":0,"parent":0,"menu_order":4,"comment_status":"closed","ping_status":"closed","template":"","meta":{"footnotes":""},"class_list":["post-9221","page","type-page","status-publish","hentry"],"yoast_head":"<!-- This site is optimized with the Yoast SEO plugin v27.5 - https:\/\/yoast.com\/product\/yoast-seo-wordpress\/ -->\n<title>Bevezet\u00e9s az online sportfogad\u00e1sba<\/title>\n<meta name=\"description\" content=\"Ismerkedjen meg az online sportfogad\u00e1sban haszn\u00e1lt terminol\u00f3gi\u00e1val.\" \/>\n<meta name=\"robots\" content=\"index, follow, max-snippet:-1, max-image-preview:large, max-video-preview:-1\" \/>\n<link rel=\"canonical\" href=\"https:\/\/gambling6.com\/hu\/sportfogadas\/\" \/>\n<meta property=\"og:locale\" content=\"hu_HU\" \/>\n<meta property=\"og:type\" content=\"article\" \/>\n<meta property=\"og:title\" content=\"Bevezet\u00e9s az online sportfogad\u00e1sba\" \/>\n<meta property=\"og:description\" content=\"Ismerkedjen meg az online sportfogad\u00e1sban haszn\u00e1lt terminol\u00f3gi\u00e1val.\" \/>\n<meta property=\"og:url\" content=\"https:\/\/gambling6.com\/hu\/sportfogadas\/\" \/>\n<meta property=\"og:site_name\" content=\"Gambling6\" \/>\n<meta property=\"article:modified_time\" content=\"2025-11-12T10:20:54+00:00\" \/>\n<meta name=\"twitter:card\" content=\"summary_large_image\" \/>\n<meta name=\"twitter:label1\" content=\"Becs\u00fclt olvas\u00e1si id\u0151\" \/>\n\t<meta name=\"twitter:data1\" content=\"4 perc\" \/>\n<script type=\"application\/ld+json\" class=\"yoast-schema-graph\">{\"@context\":\"https:\\\/\\\/schema.org\",\"@graph\":[{\"@type\":\"WebPage\",\"@id\":\"https:\\\/\\\/gambling6.com\\\/hu\\\/sportfogadas\\\/\",\"url\":\"https:\\\/\\\/gambling6.com\\\/hu\\\/sportfogadas\\\/\",\"name\":\"Bevezet\u00e9s az online sportfogad\u00e1sba\",\"isPartOf\":{\"@id\":\"https:\\\/\\\/gambling6.com\\\/hu\\\/#website\"},\"datePublished\":\"2025-11-10T12:21:13+00:00\",\"dateModified\":\"2025-11-12T10:20:54+00:00\",\"description\":\"Ismerkedjen meg az online sportfogad\u00e1sban haszn\u00e1lt terminol\u00f3gi\u00e1val.\",\"breadcrumb\":{\"@id\":\"https:\\\/\\\/gambling6.com\\\/hu\\\/sportfogadas\\\/#breadcrumb\"},\"inLanguage\":\"hu\",\"potentialAction\":[{\"@type\":\"ReadAction\",\"target\":[\"https:\\\/\\\/gambling6.com\\\/hu\\\/sportfogadas\\\/\"]}]},{\"@type\":\"BreadcrumbList\",\"@id\":\"https:\\\/\\\/gambling6.com\\\/hu\\\/sportfogadas\\\/#breadcrumb\",\"itemListElement\":[{\"@type\":\"ListItem\",\"position\":1,\"name\":\"Home\",\"item\":\"https:\\\/\\\/gambling6.com\\\/hu\\\/home\\\/\"},{\"@type\":\"ListItem\",\"position\":2,\"name\":\"Sportfogad\u00e1s\"}]},{\"@type\":\"WebSite\",\"@id\":\"https:\\\/\\\/gambling6.com\\\/hu\\\/#website\",\"url\":\"https:\\\/\\\/gambling6.com\\\/hu\\\/\",\"name\":\"Gambling6\",\"description\":\"\",\"potentialAction\":[{\"@type\":\"SearchAction\",\"target\":{\"@type\":\"EntryPoint\",\"urlTemplate\":\"https:\\\/\\\/gambling6.com\\\/hu\\\/?s={search_term_string}\"},\"query-input\":{\"@type\":\"PropertyValueSpecification\",\"valueRequired\":true,\"valueName\":\"search_term_string\"}}],\"inLanguage\":\"hu\"}]}<\/script>\n<!-- \/ Yoast SEO plugin. -->","yoast_head_json":{"title":"Bevezet\u00e9s az online sportfogad\u00e1sba","description":"Ismerkedjen meg az online sportfogad\u00e1sban haszn\u00e1lt terminol\u00f3gi\u00e1val.","robots":{"index":"index","follow":"follow","max-snippet":"max-snippet:-1","max-image-preview":"max-image-preview:large","max-video-preview":"max-video-preview:-1"},"canonical":"https:\/\/gambling6.com\/hu\/sportfogadas\/","og_locale":"hu_HU","og_type":"article","og_title":"Bevezet\u00e9s az online sportfogad\u00e1sba","og_description":"Ismerkedjen meg az online sportfogad\u00e1sban haszn\u00e1lt terminol\u00f3gi\u00e1val.","og_url":"https:\/\/gambling6.com\/hu\/sportfogadas\/","og_site_name":"Gambling6","article_modified_time":"2025-11-12T10:20:54+00:00","twitter_card":"summary_large_image","twitter_misc":{"Becs\u00fclt olvas\u00e1si id\u0151":"4 perc"},"schema":{"@context":"https:\/\/schema.org","@graph":[{"@type":"WebPage","@id":"https:\/\/gambling6.com\/hu\/sportfogadas\/","url":"https:\/\/gambling6.com\/hu\/sportfogadas\/","name":"Bevezet\u00e9s az online sportfogad\u00e1sba","isPartOf":{"@id":"https:\/\/gambling6.com\/hu\/#website"},"datePublished":"2025-11-10T12:21:13+00:00","dateModified":"2025-11-12T10:20:54+00:00","description":"Ismerkedjen meg az online sportfogad\u00e1sban haszn\u00e1lt terminol\u00f3gi\u00e1val.","breadcrumb":{"@id":"https:\/\/gambling6.com\/hu\/sportfogadas\/#breadcrumb"},"inLanguage":"hu","potentialAction":[{"@type":"ReadAction","target":["https:\/\/gambling6.com\/hu\/sportfogadas\/"]}]},{"@type":"BreadcrumbList","@id":"https:\/\/gambling6.com\/hu\/sportfogadas\/#breadcrumb","itemListElement":[{"@type":"ListItem","position":1,"name":"Home","item":"https:\/\/gambling6.com\/hu\/home\/"},{"@type":"ListItem","position":2,"name":"Sportfogad\u00e1s"}]},{"@type":"WebSite","@id":"https:\/\/gambling6.com\/hu\/#website","url":"https:\/\/gambling6.com\/hu\/","name":"Gambling6","description":"","potentialAction":[{"@type":"SearchAction","target":{"@type":"EntryPoint","urlTemplate":"https:\/\/gambling6.com\/hu\/?s={search_term_string}"},"query-input":{"@type":"PropertyValueSpecification","valueRequired":true,"valueName":"search_term_string"}}],"inLanguage":"hu"}]}},"_links":{"self":[{"href":"https:\/\/gambling6.com\/hu\/wp-json\/wp\/v2\/pages\/9221","targetHints":{"allow":["GET"]}}],"collection":[{"href":"https:\/\/gambling6.com\/hu\/wp-json\/wp\/v2\/pages"}],"about":[{"href":"https:\/\/gambling6.com\/hu\/wp-json\/wp\/v2\/types\/page"}],"author":[{"embeddable":true,"href":"https:\/\/gambling6.com\/hu\/wp-json\/wp\/v2\/users\/1"}],"replies":[{"embeddable":true,"href":"https:\/\/gambling6.com\/hu\/wp-json\/wp\/v2\/comments?post=9221"}],"version-history":[{"count":1,"href":"https:\/\/gambling6.com\/hu\/wp-json\/wp\/v2\/pages\/9221\/revisions"}],"predecessor-version":[{"id":10529,"href":"https:\/\/gambling6.com\/hu\/wp-json\/wp\/v2\/pages\/9221\/revisions\/10529"}],"wp:attachment":[{"href":"https:\/\/gambling6.com\/hu\/wp-json\/wp\/v2\/media?parent=9221"}],"curies":[{"name":"wp","href":"https:\/\/api.w.org\/{rel}","templated":true}]}}