{"id":9302,"date":"2025-11-10T13:21:42","date_gmt":"2025-11-10T13:21:42","guid":{"rendered":"https:\/\/gambling6.com\/lotto\/"},"modified":"2025-11-15T11:41:06","modified_gmt":"2025-11-15T11:41:06","slug":"lotto","status":"publish","type":"page","link":"https:\/\/gambling6.com\/hu\/lotto\/","title":{"rendered":"Lott\u00f3"},"content":{"rendered":"<h2>A lott\u00f3 nemzetk\u00f6ziv\u00e9 \u00e9s online t\u00e9rh\u00f3d\u00edt\u00e1sban is el\u00e9rhet\u0151.<\/h2>\n<p>B\u00e1r nagyszer\u0171 sz\u00f3rakoz\u00e1si formak\u00e9nt tartj\u00e1k sz\u00e1mon, a nemzetk\u00f6zi lott\u00f3szelv\u00e9nyek v\u00e1s\u00e1rl\u00e1sa is nagy \u00fczlett\u00e9 v\u00e1lt. A szerencsej\u00e1t\u00e9k \u00e1ltal\u00e1noss\u00e1gban robban\u00e1sszer\u0171en terjedt, r\u00e9szben a p\u00f3ker m\u00e9diabeli kiv\u00e1l\u00f3 megjelen\u00e9se miatt, \u00e9s tov\u00e1bbi sikereket az internetnek tulajdon\u00edtanak. <strong>A nemzetk\u00f6zi lott\u00f3k \u00e9s a szelv\u00e9nyek online v\u00e1s\u00e1rl\u00e1sa felgyors\u00edtotta a jackpotok n\u00f6veked\u00e9s\u00e9t,<\/strong> \u00e9s sokan most m\u00e1r a RedFoxLotto j\u00e1t\u00e9k\u00e1t is a j\u00f6vedelm\u00fck r\u00e9sz\u00e9v\u00e9 teszik.<\/p>\n<h2>Az internet megk\u00f6nny\u00edti a lott\u00f3szelv\u00e9nyek v\u00e1s\u00e1rl\u00e1s\u00e1t.<\/h2>\n<p>Az internet sokf\u00e9lek\u00e9ppen megv\u00e1ltoztatta az \u00e9let\u00fcnket; mindenk\u00e9ppen sokkal kisebb helly\u00e9 tette a vil\u00e1got. Naponta t\u00f6bb sz\u00e1z lott\u00f3t j\u00e1tszanak vil\u00e1gszerte sz\u00e1mos orsz\u00e1gban. A legt\u00f6bb nemzeti sorsol\u00e1s, bele\u00e9rtve a nagyobb jackpotokkal rendelkez\u0151ket is, el\u00e9rhet\u0151v\u00e9 v\u00e1lt a nemzetk\u00f6zi lott\u00f3szelv\u00e9nyeket v\u00e1s\u00e1rl\u00f3k sz\u00e1m\u00e1ra. <strong>A nagyobb vil\u00e1glott\u00f3k, mint p\u00e9ld\u00e1ul az Egyes\u00fclt \u00c1llamokban a Mega Millions, valamint az Egyes\u00fclt \u00c1llamokban \u00e9s Ausztr\u00e1li\u00e1ban a Powerball, lehet\u0151v\u00e9 teszik a szelv\u00e9nyek online v\u00e1s\u00e1rl\u00e1s\u00e1t partner\u00fcnk\u00f6n, a RedFoxLotto-n kereszt\u00fcl.<\/strong><img loading=\"lazy\" decoding=\"async\" class=\" alignright size-full wp-image-437\" style=\"margin: 10px; border: 5px none #ffffff; float: right;\" src=\"http:\/\/gambling6.com\/wp-content\/uploads\/2013\/12\/International-Community-150x150.jpg\" alt=\"Nemzetk\u00f6zi online lott\u00f3k\" width=\"150\" height=\"150\" \/><\/p>\n<h2>V\u00e1s\u00e1roljon lott\u00f3szelv\u00e9nyeket a nap 24 \u00f3r\u00e1j\u00e1ban, a h\u00e9t minden napj\u00e1n<\/h2>\n<p>A mai technol\u00f3giai vil\u00e1gban sz\u00e1mos nemzetk\u00f6zi lott\u00f3ra a nap 24 \u00f3r\u00e1j\u00e1ban, a h\u00e9t 365 napj\u00e1n v\u00e1s\u00e1rolhatunk szelv\u00e9nyeket. Az internet seg\u00edts\u00e9g\u00e9vel ezeket a szelv\u00e9nyeket an\u00e9lk\u00fcl v\u00e1s\u00e1rolhatjuk meg, hogy lott\u00f3z\u00f3khoz kellene rohannunk vagy sorban \u00e1llnunk. Id\u0151t sz\u00e1nunk a sz\u00e1mok kiv\u00e1laszt\u00e1s\u00e1ra, \u00e9s ehhez felhaszn\u00e1ljuk a rendelkez\u00e9sre \u00e1ll\u00f3 k\u00fcl\u00f6nb\u00f6z\u0151 eszk\u00f6z\u00f6ket. A nemzetk\u00f6zi lott\u00f3k egyszer\u0171s\u00e9ge rekord szintre emelte a jackpotokat \u00e9s a t\u00f6bbszint\u0171 nyerem\u00e9nyeket. A nyerem\u00e9nyszintek sokakat arra k\u00e9sztettek, hogy v\u00e1llalkoz\u00e1st \u00e9p\u00edtsenek a RedFoxLotto online j\u00e1t\u00e9k\u00e1val.<\/p>\n<h2>A lott\u00f3szelv\u00e9nyek online v\u00e1s\u00e1rl\u00e1sa biztons\u00e1gos.<\/h2>\n<p>Partner\u00fcnkkel, a RedFoxLotto-val a nemzetk\u00f6zi lott\u00f3kra sz\u00f3l\u00f3 szelv\u00e9nyek v\u00e1s\u00e1rl\u00e1sa biztons\u00e1gos \u00e9s egyszer\u0171. El\u0151sz\u00f6r is sz\u00e1ml\u00e1t kell nyitnia. A sz\u00e1mlanyit\u00e1skor szem\u00e9lyes adatokat kell megadnia. Gy\u0151z\u0151dj\u00f6n meg r\u00f3la, hogy a fi\u00f3kj\u00e1hoz tartoz\u00f3 aktu\u00e1lis \u00e9s helyes adatokat adja meg, hogy ellen\u0151rizni tudja szem\u00e9lyazonoss\u00e1g\u00e1t, amikor megnyeri a nagy jackpotot. A megadott \u00e9s elk\u00fcld\u00f6tt inform\u00e1ci\u00f3kat 256 bites titkos\u00edt\u00e1s v\u00e9di, \u00e9s a biztons\u00e1gos kik\u00f6t\u0151i t\u00e1rhely biztos\u00edtja, hogy azok bizalmasak maradjanak, \u00e9s csak a weboldalon meghat\u00e1rozott c\u00e9lokra haszn\u00e1lj\u00e1k fel \u0151ket.<\/p>\n<h2>Online banki m\u00f3dszerek a RedFoxLotto megnyer\u00e9s\u00e9hez<\/h2>\n<p>Jegyek v\u00e1s\u00e1rl\u00e1s\u00e1hoz olyan k\u00e1rty\u00e1kat haszn\u00e1lhat, mint a Visa, MasterCard \u00e9s Visa debit. Sz\u00e1mos m\u00e1s fizet\u00e9si m\u00f3d is el\u00e9rhet\u0151, p\u00e9ld\u00e1ul banki \u00e1tutal\u00e1s \u00e9s kriptovaluta-fizet\u00e9s. De ha jelent\u0151s nyerem\u00e9nyt \u00e9rsz el, meg kell adnod egy banksz\u00e1ml\u00e1t, hogy a nyerem\u00e9nyed \u00e1tutalhat\u00f3 legyen sz\u00e1modra. A biztons\u00e1gos k\u00f6rnyezet t\u00f6k\u00e9letes v\u00e1laszt\u00e1ss\u00e1 teszi a nemzetk\u00f6zi lott\u00f3k j\u00e1t\u00e9k\u00e1hoz \u00e9s a nyerem\u00e9ny \u00e1tv\u00e9tel\u00e9hez.<\/p>\n<h2>A lott\u00f3szelv\u00e9nyek online v\u00e1s\u00e1rl\u00e1s\u00e1nak vannak el\u0151nyei.<\/h2>\n<p>A lott\u00f3szelv\u00e9nyek online v\u00e1s\u00e1rl\u00e1s\u00e1nak tov\u00e1bbi el\u0151nye, hogy sz\u00e1mos eszk\u00f6z \u00e1ll rendelkez\u00e9sre, amelyek seg\u00edtenek a legt\u00f6bb nagy nemzetk\u00f6zi sorsol\u00e1s sz\u00e1mainak elemz\u00e9s\u00e9ben. Az online lott\u00f3eszk\u00f6z\u00f6k lehet\u0151v\u00e9 teszik a leggyakoribb \u00e9s a legritk\u00e1bb sz\u00e1mok, valamint a lott\u00f3el\u0151zm\u00e9nyek megtekint\u00e9s\u00e9t vil\u00e1gszerte. Ez az inform\u00e1ci\u00f3 el\u0151nyt jelent a szelv\u00e9nyek v\u00e1s\u00e1rl\u00e1sakor, \u00e9s t\u00f6bbszint\u0171 nyerem\u00e9nyekkel er\u0151s\u00edtheti banksz\u00e1ml\u00e1dat.<\/p>\n<p>A RedFoxLotto j\u00e1t\u00e9ka sz\u00f3rakoztat\u00f3 \u00e9s j\u00f6vedelmez\u0151 lehet. Kezdj el nemzetk\u00f6zi lott\u00f3kat j\u00e1tszani m\u00e9g ma! <a class=\"thirstylink\" title=\"Redfoxlotto\" href=\"https:\/\/gambling6.com\/go\/redfoxlotto\/\" target=\"_blank\" rel=\"nofollow noopener\">Nemzetk\u00f6zi lott\u00f3szelv\u00e9nyek online v\u00e1s\u00e1rl\u00e1s\u00e1hoz l\u00e1togassa meg partner\u00fcnket, a RedFoxLotto-t.<\/a><\/p>\n<h2>Sz\u00fcks\u00e9ges az adott orsz\u00e1g lakosainak lenni ahhoz, hogy nemzetk\u00f6zi lott\u00f3n j\u00e1tsszon?<\/h2>\n<p>Az egyszer\u0171 v\u00e1lasz: nem, nem kell! Ha cikkeket olvasott az interneten vagy az \u00fajs\u00e1gj\u00e1ban olyan emberekr\u0151l, akik t\u00f6bb milli\u00f3 doll\u00e1ros jackpotokat nyertek, tal\u00e1n arra gondolt: \u201eMi\u00e9rt ne pr\u00f3b\u00e1lhatn\u00e9k ki egy ilyen lott\u00f3t?\u201d Nos, most m\u00e1r nem jelent probl\u00e9m\u00e1t, hogy nem annak az orsz\u00e1gnak a lakosa, ahol a jackpot lott\u00f3t sorsolj\u00e1k.<\/p>\n<p>B\u00e1rmelyik lott\u00f3 jackpotra szelv\u00e9nyt szerezhet, amelyet meg szeretne nyerni, mivel ezek online el\u00e9rhet\u0151k b\u00e1rki sz\u00e1m\u00e1ra a vil\u00e1gon. Ez a weboldal seg\u00edt online lott\u00f3szelv\u00e9nyt v\u00e1s\u00e1rolni a legjelent\u0151sebb nemzetk\u00f6zi jackpotokra. \u00c9s az elj\u00e1r\u00e1s nem is lehetne egyszer\u0171bb. Kattintson a fenti linkre, \u00e9s v\u00e1lasszon egy lott\u00f3t. Egy olyan oldalra ker\u00fclsz, ahol kiv\u00e1laszthatod a kedvenc sz\u00e1maidat az adott lott\u00f3hoz, vagy hagyhatod, hogy a sz\u00e1m\u00edt\u00f3g\u00e9p v\u00e9letlenszer\u0171en v\u00e1lassza ki a sz\u00e1mokat helyetted.<\/p>\n<p>Ezut\u00e1n online fizethetsz, a sz\u00e1modra legk\u00e9nyelmesebb fizet\u00e9si m\u00f3ddal. Ezek a fizet\u00e9si m\u00f3dok k\u00f6z\u00e9 tartoznak a n\u00e9pszer\u0171, biztons\u00e1gos e-p\u00e9nzt\u00e1rca megold\u00e1sok, mint a Skrill, s\u0151t m\u00e9g a kriptovaluta is. Term\u00e9szetesen v\u00e1laszthatod a legn\u00e9pszer\u0171bb lehet\u0151s\u00e9get is: a hitelk\u00e1rty\u00e1s fizet\u00e9st.<\/p>\n<p><strong>Mi t\u00f6rt\u00e9nik ezut\u00e1n \u2013 hogyan kapom meg az online lott\u00f3szelv\u00e9nyemet?<\/strong> \u00dagy m\u0171k\u00f6dik, mint egy fut\u00e1rszolg\u00e1lat \u2013 az online lott\u00f3szelv\u00e9nyedA szelv\u00e9nyeket a nevedre v\u00e1s\u00e1rolj\u00e1k meg, majd beolvass\u00e1k \u00e9s felt\u00f6ltik a fi\u00f3kodba.<\/p>\n<p>Csak h\u00e1trad\u0151lj \u00e9s v\u00e1rd a sorsol\u00e1st, ellen\u0151rizd a sz\u00e1maidat, \u00e9s n\u00e9zd meg, mennyit nyert\u00e9l. Ha 2000 eur\u00f3n\u00e1l kevesebbet nyersz, a p\u00e9nzt j\u00f3v\u00e1\u00edrj\u00e1k az \u00fcgyf\u00e9lsz\u00e1ml\u00e1don. Enn\u00e9l nagyobb \u00f6sszegek eset\u00e9n a RedFoxLotto szab\u00e1lyzata el\u0151\u00edrja, hogy kit\u00f6lts egy ig\u00e9nyl\u0151lapot, amelyet a weboldal biztos\u00edt. \u0150k tov\u00e1bb\u00edtj\u00e1k azt a nevedben az illet\u00e9kes lott\u00f3bizotts\u00e1gnak, \u00e9s miel\u0151tt \u00e9szrevenn\u00e9d, m\u00e1ris meg\u00e9rkezik a csekk a post\u00e1dra! <a class=\"thirstylink\" title=\"Redfoxlotto\" href=\"https:\/\/gambling6.com\/go\/redfoxlotto\/\" target=\"_blank\" rel=\"nofollow noopener\">V\u00e1s\u00e1rolj lott\u00f3szelv\u00e9nyeket m\u00e9g ma a RedFoxLotto-n\u00e1l!<\/a><\/p>\n<p>&nbsp;<\/p>\n","protected":false},"excerpt":{"rendered":"<p>A lott\u00f3 nemzetk\u00f6ziv\u00e9 \u00e9s online t\u00e9rh\u00f3d\u00edt\u00e1sban is el\u00e9rhet\u0151. B\u00e1r nagyszer\u0171 sz\u00f3rakoz\u00e1si formak\u00e9nt tartj\u00e1k sz\u00e1mon, a nemzetk\u00f6zi lott\u00f3szelv\u00e9nyek v\u00e1s\u00e1rl\u00e1sa is nagy \u00fczlett\u00e9 v\u00e1lt. A szerencsej\u00e1t\u00e9k \u00e1ltal\u00e1noss\u00e1gban robban\u00e1sszer\u0171en terjedt, r\u00e9szben a p\u00f3ker m\u00e9diabeli kiv\u00e1l\u00f3 megjelen\u00e9se miatt, \u00e9s tov\u00e1bbi sikereket az internetnek tulajdon\u00edtanak. A nemzetk\u00f6zi lott\u00f3k \u00e9s a szelv\u00e9nyek online v\u00e1s\u00e1rl\u00e1sa felgyors\u00edtotta a jackpotok n\u00f6veked\u00e9s\u00e9t, \u00e9s sokan most [&hellip;]<\/p>\n","protected":false},"author":1,"featured_media":9286,"parent":0,"menu_order":8,"comment_status":"closed","ping_status":"closed","template":"","meta":{"footnotes":""},"class_list":["post-9302","page","type-page","status-publish","has-post-thumbnail","hentry"],"yoast_head":"<!-- This site is optimized with the Yoast SEO plugin v27.5 - https:\/\/yoast.com\/product\/yoast-seo-wordpress\/ -->\n<title>Nemzetk\u00f6zi Lott\u00f3jegyek online v\u00e1s\u00e1rl\u00e1sa<\/title>\n<meta name=\"description\" content=\"Nemzetk\u00f6zi lott\u00f3k online v\u00e1s\u00e1rl\u00e1sa egyszer\u0171. Nem sz\u00e1m\u00edt, hol \u00e9lsz, vegy\u00e9l r\u00e9szt a vil\u00e1g legjobb lott\u00f3iban.\" \/>\n<meta name=\"robots\" content=\"index, follow, max-snippet:-1, max-image-preview:large, max-video-preview:-1\" \/>\n<link rel=\"canonical\" href=\"https:\/\/gambling6.com\/hu\/lotto\/\" \/>\n<meta property=\"og:locale\" content=\"hu_HU\" \/>\n<meta property=\"og:type\" content=\"article\" \/>\n<meta property=\"og:title\" content=\"Nemzetk\u00f6zi Lott\u00f3jegyek online v\u00e1s\u00e1rl\u00e1sa\" \/>\n<meta property=\"og:description\" content=\"Nemzetk\u00f6zi lott\u00f3k online v\u00e1s\u00e1rl\u00e1sa egyszer\u0171. Nem sz\u00e1m\u00edt, hol \u00e9lsz, vegy\u00e9l r\u00e9szt a vil\u00e1g legjobb lott\u00f3iban.\" \/>\n<meta property=\"og:url\" content=\"https:\/\/gambling6.com\/hu\/lotto\/\" \/>\n<meta property=\"og:site_name\" content=\"Gambling6\" \/>\n<meta property=\"article:modified_time\" content=\"2025-11-15T11:41:06+00:00\" \/>\n<meta property=\"og:image\" content=\"https:\/\/gambling6.com\/wp-content\/uploads\/2013\/12\/International-Community-150x150.jpg\" \/>\n\t<meta property=\"og:image:width\" content=\"150\" \/>\n\t<meta property=\"og:image:height\" content=\"150\" \/>\n\t<meta property=\"og:image:type\" content=\"image\/jpeg\" \/>\n<meta name=\"twitter:card\" content=\"summary_large_image\" \/>\n<meta name=\"twitter:label1\" content=\"Becs\u00fclt olvas\u00e1si id\u0151\" \/>\n\t<meta name=\"twitter:data1\" content=\"6 perc\" \/>\n<script type=\"application\/ld+json\" class=\"yoast-schema-graph\">{\"@context\":\"https:\\\/\\\/schema.org\",\"@graph\":[{\"@type\":\"WebPage\",\"@id\":\"https:\\\/\\\/gambling6.com\\\/hu\\\/lotto\\\/\",\"url\":\"https:\\\/\\\/gambling6.com\\\/hu\\\/lotto\\\/\",\"name\":\"Nemzetk\u00f6zi Lott\u00f3jegyek online v\u00e1s\u00e1rl\u00e1sa\",\"isPartOf\":{\"@id\":\"https:\\\/\\\/gambling6.com\\\/hu\\\/#website\"},\"primaryImageOfPage\":{\"@id\":\"https:\\\/\\\/gambling6.com\\\/hu\\\/lotto\\\/#primaryimage\"},\"image\":{\"@id\":\"https:\\\/\\\/gambling6.com\\\/hu\\\/lotto\\\/#primaryimage\"},\"thumbnailUrl\":\"https:\\\/\\\/gambling6.com\\\/wp-content\\\/uploads\\\/2013\\\/12\\\/International-Community-150x150.jpg\",\"datePublished\":\"2025-11-10T13:21:42+00:00\",\"dateModified\":\"2025-11-15T11:41:06+00:00\",\"description\":\"Nemzetk\u00f6zi lott\u00f3k online v\u00e1s\u00e1rl\u00e1sa egyszer\u0171. Nem sz\u00e1m\u00edt, hol \u00e9lsz, vegy\u00e9l r\u00e9szt a vil\u00e1g legjobb lott\u00f3iban.\",\"breadcrumb\":{\"@id\":\"https:\\\/\\\/gambling6.com\\\/hu\\\/lotto\\\/#breadcrumb\"},\"inLanguage\":\"hu\",\"potentialAction\":[{\"@type\":\"ReadAction\",\"target\":[\"https:\\\/\\\/gambling6.com\\\/hu\\\/lotto\\\/\"]}]},{\"@type\":\"ImageObject\",\"inLanguage\":\"hu\",\"@id\":\"https:\\\/\\\/gambling6.com\\\/hu\\\/lotto\\\/#primaryimage\",\"url\":\"https:\\\/\\\/gambling6.com\\\/wp-content\\\/uploads\\\/2013\\\/12\\\/International-Community-150x150.jpg\",\"contentUrl\":\"https:\\\/\\\/gambling6.com\\\/wp-content\\\/uploads\\\/2013\\\/12\\\/International-Community-150x150.jpg\",\"width\":150,\"height\":150},{\"@type\":\"BreadcrumbList\",\"@id\":\"https:\\\/\\\/gambling6.com\\\/hu\\\/lotto\\\/#breadcrumb\",\"itemListElement\":[{\"@type\":\"ListItem\",\"position\":1,\"name\":\"Home\",\"item\":\"https:\\\/\\\/gambling6.com\\\/hu\\\/home\\\/\"},{\"@type\":\"ListItem\",\"position\":2,\"name\":\"Lott\u00f3\"}]},{\"@type\":\"WebSite\",\"@id\":\"https:\\\/\\\/gambling6.com\\\/hu\\\/#website\",\"url\":\"https:\\\/\\\/gambling6.com\\\/hu\\\/\",\"name\":\"Gambling6\",\"description\":\"\",\"potentialAction\":[{\"@type\":\"SearchAction\",\"target\":{\"@type\":\"EntryPoint\",\"urlTemplate\":\"https:\\\/\\\/gambling6.com\\\/hu\\\/?s={search_term_string}\"},\"query-input\":{\"@type\":\"PropertyValueSpecification\",\"valueRequired\":true,\"valueName\":\"search_term_string\"}}],\"inLanguage\":\"hu\"}]}<\/script>\n<!-- \/ Yoast SEO plugin. -->","yoast_head_json":{"title":"Nemzetk\u00f6zi Lott\u00f3jegyek online v\u00e1s\u00e1rl\u00e1sa","description":"Nemzetk\u00f6zi lott\u00f3k online v\u00e1s\u00e1rl\u00e1sa egyszer\u0171. Nem sz\u00e1m\u00edt, hol \u00e9lsz, vegy\u00e9l r\u00e9szt a vil\u00e1g legjobb lott\u00f3iban.","robots":{"index":"index","follow":"follow","max-snippet":"max-snippet:-1","max-image-preview":"max-image-preview:large","max-video-preview":"max-video-preview:-1"},"canonical":"https:\/\/gambling6.com\/hu\/lotto\/","og_locale":"hu_HU","og_type":"article","og_title":"Nemzetk\u00f6zi Lott\u00f3jegyek online v\u00e1s\u00e1rl\u00e1sa","og_description":"Nemzetk\u00f6zi lott\u00f3k online v\u00e1s\u00e1rl\u00e1sa egyszer\u0171. Nem sz\u00e1m\u00edt, hol \u00e9lsz, vegy\u00e9l r\u00e9szt a vil\u00e1g legjobb lott\u00f3iban.","og_url":"https:\/\/gambling6.com\/hu\/lotto\/","og_site_name":"Gambling6","article_modified_time":"2025-11-15T11:41:06+00:00","og_image":[{"width":150,"height":150,"url":"https:\/\/gambling6.com\/wp-content\/uploads\/2013\/12\/International-Community-150x150.jpg","type":"image\/jpeg"}],"twitter_card":"summary_large_image","twitter_misc":{"Becs\u00fclt olvas\u00e1si id\u0151":"6 perc"},"schema":{"@context":"https:\/\/schema.org","@graph":[{"@type":"WebPage","@id":"https:\/\/gambling6.com\/hu\/lotto\/","url":"https:\/\/gambling6.com\/hu\/lotto\/","name":"Nemzetk\u00f6zi Lott\u00f3jegyek online v\u00e1s\u00e1rl\u00e1sa","isPartOf":{"@id":"https:\/\/gambling6.com\/hu\/#website"},"primaryImageOfPage":{"@id":"https:\/\/gambling6.com\/hu\/lotto\/#primaryimage"},"image":{"@id":"https:\/\/gambling6.com\/hu\/lotto\/#primaryimage"},"thumbnailUrl":"https:\/\/gambling6.com\/wp-content\/uploads\/2013\/12\/International-Community-150x150.jpg","datePublished":"2025-11-10T13:21:42+00:00","dateModified":"2025-11-15T11:41:06+00:00","description":"Nemzetk\u00f6zi lott\u00f3k online v\u00e1s\u00e1rl\u00e1sa egyszer\u0171. Nem sz\u00e1m\u00edt, hol \u00e9lsz, vegy\u00e9l r\u00e9szt a vil\u00e1g legjobb lott\u00f3iban.","breadcrumb":{"@id":"https:\/\/gambling6.com\/hu\/lotto\/#breadcrumb"},"inLanguage":"hu","potentialAction":[{"@type":"ReadAction","target":["https:\/\/gambling6.com\/hu\/lotto\/"]}]},{"@type":"ImageObject","inLanguage":"hu","@id":"https:\/\/gambling6.com\/hu\/lotto\/#primaryimage","url":"https:\/\/gambling6.com\/wp-content\/uploads\/2013\/12\/International-Community-150x150.jpg","contentUrl":"https:\/\/gambling6.com\/wp-content\/uploads\/2013\/12\/International-Community-150x150.jpg","width":150,"height":150},{"@type":"BreadcrumbList","@id":"https:\/\/gambling6.com\/hu\/lotto\/#breadcrumb","itemListElement":[{"@type":"ListItem","position":1,"name":"Home","item":"https:\/\/gambling6.com\/hu\/home\/"},{"@type":"ListItem","position":2,"name":"Lott\u00f3"}]},{"@type":"WebSite","@id":"https:\/\/gambling6.com\/hu\/#website","url":"https:\/\/gambling6.com\/hu\/","name":"Gambling6","description":"","potentialAction":[{"@type":"SearchAction","target":{"@type":"EntryPoint","urlTemplate":"https:\/\/gambling6.com\/hu\/?s={search_term_string}"},"query-input":{"@type":"PropertyValueSpecification","valueRequired":true,"valueName":"search_term_string"}}],"inLanguage":"hu"}]}},"_links":{"self":[{"href":"https:\/\/gambling6.com\/hu\/wp-json\/wp\/v2\/pages\/9302","targetHints":{"allow":["GET"]}}],"collection":[{"href":"https:\/\/gambling6.com\/hu\/wp-json\/wp\/v2\/pages"}],"about":[{"href":"https:\/\/gambling6.com\/hu\/wp-json\/wp\/v2\/types\/page"}],"author":[{"embeddable":true,"href":"https:\/\/gambling6.com\/hu\/wp-json\/wp\/v2\/users\/1"}],"replies":[{"embeddable":true,"href":"https:\/\/gambling6.com\/hu\/wp-json\/wp\/v2\/comments?post=9302"}],"version-history":[{"count":3,"href":"https:\/\/gambling6.com\/hu\/wp-json\/wp\/v2\/pages\/9302\/revisions"}],"predecessor-version":[{"id":10956,"href":"https:\/\/gambling6.com\/hu\/wp-json\/wp\/v2\/pages\/9302\/revisions\/10956"}],"wp:featuredmedia":[{"embeddable":true,"href":"https:\/\/gambling6.com\/hu\/wp-json\/wp\/v2\/media\/9286"}],"wp:attachment":[{"href":"https:\/\/gambling6.com\/hu\/wp-json\/wp\/v2\/media?parent=9302"}],"curies":[{"name":"wp","href":"https:\/\/api.w.org\/{rel}","templated":true}]}}