{"id":9359,"date":"2025-11-10T20:40:57","date_gmt":"2025-11-10T20:40:57","guid":{"rendered":"https:\/\/gambling6.com\/lotto\/szerezzen-online-jegyeket-a-mega-millions-lottora\/"},"modified":"2025-11-10T20:40:57","modified_gmt":"2025-11-10T20:40:57","slug":"szerezzen-online-jegyeket-a-mega-millions-lottora","status":"publish","type":"page","link":"https:\/\/gambling6.com\/hu\/lotto\/szerezzen-online-jegyeket-a-mega-millions-lottora\/","title":{"rendered":"Szerezzen online jegyeket a Mega Millions lott\u00f3ra"},"content":{"rendered":"<h2>Mega Millions lott\u00f3szelv\u00e9nyek a vil\u00e1g b\u00e1rmely pontj\u00e1r\u00f3l el\u00e9rhet\u0151k<\/h2>\n<p>Hihetetlen\u00fcl sok ember v\u00e1s\u00e1rol lott\u00f3szelv\u00e9nyt minden egyes nap, \u00c9szak-Amerik\u00e1ban \u00e9s vil\u00e1gszerte egyar\u00e1nt. A legt\u00f6bb lott\u00f3r\u00e9sztvev\u0151 j\u00f3l tudja, hogy nagyon csek\u00e9ly az es\u00e9lye a jackpot megnyer\u00e9s\u00e9re. <strong>M\u00e9gis, mivel lehet\u0151s\u00e9g van\u00a0<\/strong><span style=\"box-sizing: border-box; margin: 0px; padding: 0px;\"><strong>online szelv\u00e9nyt v\u00e1s\u00e1rolni a Mega Millions lott\u00f3ra, az emberek naponta rohannak a sz\u00e1m\u00edt\u00f3g\u00e9p\u00fckh\u00f6z<\/strong>, bejelentkeznek partner\u00fcnk, a RedFoxLotto.com oldal\u00e1ra, \u00e9s szelv\u00e9nyeket v\u00e1s\u00e1rolnak<\/span> a gigantikus, amerikai sz\u00e9khely\u0171 Mega Millions lott\u00f3ra.<img loading=\"lazy\" decoding=\"async\" class=\" alignright wp-image-544\" style=\"margin: 10px; border: 5px solid #ffffff; float: right;\" src=\"http:\/\/gambling6.com\/wp-content\/uploads\/2013\/12\/get-mega-millions-tickets-online.png\" alt=\"online Megamillions jegyeid\" width=\"297\" height=\"163\" srcset=\"https:\/\/gambling6.com\/wp-content\/uploads\/2013\/12\/get-mega-millions-tickets-online.png 388w, https:\/\/gambling6.com\/wp-content\/uploads\/2013\/12\/get-mega-millions-tickets-online-300x165.png 300w\" sizes=\"auto, (max-width: 297px) 100vw, 297px\" \/><\/p>\n<h2>Ahhoz, hogy nyerj, online kell beszerezned a szelv\u00e9nyeidet.<\/h2>\n<p>Sokan ink\u00e1bb szeretn\u00e9nek egy kis es\u00e9lyt a nyer\u00e9sre, mint a semmit. Ahogy a mond\u00e1s tartja: \u201eszelv\u00e9ny n\u00e9lk\u00fcl nem lehet nyerni\u201d. Ez a mondat sok ember fej\u00e9ben megmaradt, \u00e9s mivel a lott\u00f3 k\u00e9pei nap mint nap el\u00e1rasztj\u00e1k \u0151ket, nagyon val\u00f3sz\u00edn\u0171, hogy online v\u00e1s\u00e1rolj\u00e1k meg a szelv\u00e9nyeiket. Az internet lehet\u0151v\u00e9 tette az emberek sz\u00e1m\u00e1ra, hogy vil\u00e1gszerte minden lott\u00f3sorsol\u00e1sra jegyet v\u00e1s\u00e1roljanak. Mivel a Mega Millions a vil\u00e1g egyik legnagyobb lott\u00f3ja, egyszer\u0171en logikus, hogy az emberek \u00f6z\u00f6nlenek az online szelv\u00e9nyv\u00e1s\u00e1rl\u00e1shoz.<\/p>\n<p>A szelv\u00e9nyed beszerz\u00e9s\u00e9hez <a class=\"thirstylink\" title=\"Redfoxlotto\" href=\"https:\/\/gambling6.com\/go\/redfoxlotto\/\" target=\"_blank\" rel=\"nofollow noopener\">kattints ide a RedFoxLotto.com<\/a> weboldal megl\u00e1togat\u00e1s\u00e1hoz, amely egy kiv\u00e1l\u00f3 lott\u00f3szelv\u00e9ny-k\u00fcld\u0151 szolg\u00e1ltat\u00e1s, ahol a vil\u00e1g minden t\u00e1j\u00e1r\u00f3l v\u00e1s\u00e1rolhatsz lott\u00f3szelv\u00e9nyeket a legjelent\u0151sebb jackpotokra.<\/p>\n<h2>\u00c9letre sz\u00f3l\u00f3 lehet\u0151s\u00e9gek v\u00e1rnak az online v\u00e1s\u00e1rl\u00f3kra.<\/h2>\n<p>Fontos megjegyezni, hogy az emberek az\u00e9rt v\u00e1s\u00e1rolnak online szelv\u00e9nyeket a Mega Millions lott\u00f3ra, hogy megpr\u00f3b\u00e1lj\u00e1k megv\u00e1ltoztatni az \u00e9let\u00fcket. Amikor meghallj\u00e1k az eredm\u00e9nyeket, miszerint egy pennsylvaniai Tunkhannockban \u00e9l\u0151 p\u00e1r nyerte a f\u0151d\u00edjat, csal\u00f3dottak, \u00e9s m\u00e9g csak nem is ellen\u0151rzik a szelv\u00e9nyeiket.<\/p>\n<h2>A Mega Millions \u00e9s a Powerball online szelv\u00e9nyei a legn\u00e9pszer\u0171bbek.<\/h2>\n<p>Az Egyes\u00fclt \u00c1llamok k\u00e9t lott\u00f3ja, nevezetesen a Megamillions \u00e9s a Powerball, val\u00f3ban a legnagyobb jackpotot termel\u0151 lott\u00f3k vil\u00e1gszerte. Nem meglep\u0151 teh\u00e1t, hogy e k\u00e9t \u00f3ri\u00e1s online jegyelad\u00e1sai h\u00e9tr\u0151l h\u00e9tre \u00faj magass\u00e1gokba sz\u00f6knek. A Mega Millions online szelv\u00e9nyeinek megv\u00e1s\u00e1rl\u00e1sa rendszeresen rendk\u00edv\u00fcli szintre emeli a jackpotokat.<\/p>\n<h2>A leny\u0171g\u00f6z\u0151 Mega Millions jackpotok 2013-ban majdnem rekordot d\u00f6nt\u00f6ttek<\/h2>\n<table style=\"width: 500px;\" border=\"1\" cellspacing=\"5\" cellpadding=\"5\" align=\"center\">\n<tbody>\n<tr>\n<td colspan=\"3\" align=\"center\">A 2013-as \u00f6t legnagyobb jackpot<\/td>\n<\/tr>\n<tr>\n<td>Sorsol\u00e1s<\/td>\n<td align=\"center\">D\u00e1tum<\/td>\n<td align=\"center\">Jackpot (USD)<\/td>\n<\/tr>\n<tr>\n<td>Mega Millions &#8211; USA<\/td>\n<td align=\"center\">2013. dec. 17.<\/td>\n<td align=\"right\">636 000 000 $<\/td>\n<\/tr>\n<tr>\n<td>Mega Millions &#8211; USA<\/td>\n<td align=\"center\">2013. m\u00e1jus 17.<\/td>\n<td align=\"right\">190\u00a0000\u00a0000 $<\/td>\n<\/tr>\n<tr>\n<td>Mega Millions &#8211; USA<\/td>\n<td align=\"center\">2013. okt\u00f3ber 1.<\/td>\n<td align=\"right\">189\u00a0000\u00a0000 $<\/td>\n<\/tr>\n<tr>\n<td>Mega Millions &#8211; USA<\/td>\n<td align=\"center\">2013. janu\u00e1r 25.<\/td>\n<td align=\"right\">89\u00a0000\u00a0000 $<\/td>\n<\/tr>\n<tr>\n<td>Mega Millions &#8211; USA<\/td>\n<td align=\"center\">2013. j\u00falius 5.<\/td>\n<td align=\"right\">79\u00a0000\u00a0000 $<\/td>\n<\/tr>\n<\/tbody>\n<\/table>\n<h2>\u00a0Sz\u00e1mos nyerem\u00e9ny a Mega Millions online szelv\u00e9nyen tulajdonosok<\/h2>\n<table style=\"width: 500px;\" border=\"1\" cellspacing=\"5\" cellpadding=\"5\" align=\"center\">\n<tbody>\n<tr>\n<td colspan=\"3\" align=\"center\">Mega Millions Lott\u00f3 Nyerem\u00e9nyszintek<\/td>\n<\/tr>\n<tr>\n<td>Nyerem\u00e9ny<\/td>\n<td align=\"center\">M\u00e9rk\u0151z\u00e9sek<\/td>\n<td align=\"center\">Es\u00e9lyek<\/td>\n<\/tr>\n<tr>\n<td>1. (Jackpot)<\/td>\n<td align=\"center\">5 + 1<\/td>\n<td align=\"right\">175 711 538 : 1<\/td>\n<\/tr>\n<tr>\n<td>2.<\/td>\n<td align=\"center\">5<\/td>\n<td align=\"right\">3 904 701 : 1<\/td>\n<\/tr>\n<tr>\n<td>3.<\/td>\n<td align=\"center\">4 + 1<\/td>\n<td align=\"right\">689 065 : 1<\/td>\n<\/tr>\n<tr>\n<td>4.<\/td>\n<td align=\"center\">4<\/td>\n<td align=\"right\">15 313 \u200b\u200b: 1<\/td>\n<\/tr>\n<tr>\n<td>5.<\/td>\n<td align=\"center\">3 + 1<\/td>\n<td align=\"right\">13 781 : 1<\/td>\n<\/tr>\n<tr>\n<td>6.<\/td>\n<td align=\"center\">2 + 1<\/td>\n<td align=\"right\">844 : 1<\/td>\n<\/tr>\n<tr>\n<td>7.<\/td>\n<td align=\"center\">3<\/td>\n<td align=\"right\">360 : 1<\/td>\n<\/tr>\n<tr>\n<td>8.<\/td>\n<td align=\"center\">1 + 1<\/td>\n<td align=\"right\">141 : 1<\/td>\n<\/tr>\n<tr>\n<td>9.<\/td>\n<td align=\"center\">0 + 1<\/td>\n<td align=\"right\">75 : 1<\/td>\n<\/tr>\n<\/tbody>\n<\/table>\n<p style=\"text-align: center;\"><strong>J\u00e1tssz Mega Millions-t m\u00e9g ma online szelv\u00e9nyeiddel, \u00e9s val\u00f3ra v\u00e1lhatnak \u00e1lmaid!<\/strong><\/p>\n","protected":false},"excerpt":{"rendered":"<p>Mega Millions lott\u00f3szelv\u00e9nyek a vil\u00e1g b\u00e1rmely pontj\u00e1r\u00f3l el\u00e9rhet\u0151k Hihetetlen\u00fcl sok ember v\u00e1s\u00e1rol lott\u00f3szelv\u00e9nyt minden egyes nap, \u00c9szak-Amerik\u00e1ban \u00e9s vil\u00e1gszerte egyar\u00e1nt. A legt\u00f6bb lott\u00f3r\u00e9sztvev\u0151 j\u00f3l tudja, hogy nagyon csek\u00e9ly az es\u00e9lye a jackpot megnyer\u00e9s\u00e9re. M\u00e9gis, mivel lehet\u0151s\u00e9g van\u00a0online szelv\u00e9nyt v\u00e1s\u00e1rolni a Mega Millions lott\u00f3ra, az emberek naponta rohannak a sz\u00e1m\u00edt\u00f3g\u00e9p\u00fckh\u00f6z, bejelentkeznek partner\u00fcnk, a RedFoxLotto.com oldal\u00e1ra, \u00e9s [&hellip;]<\/p>\n","protected":false},"author":1,"featured_media":9345,"parent":9302,"menu_order":13,"comment_status":"closed","ping_status":"closed","template":"","meta":{"footnotes":""},"class_list":["post-9359","page","type-page","status-publish","has-post-thumbnail","hentry"],"yoast_head":"<!-- This site is optimized with the Yoast SEO plugin v27.5 - https:\/\/yoast.com\/product\/yoast-seo-wordpress\/ -->\n<title>V\u00e1s\u00e1roljon Mega Millions lott\u00f3szelv\u00e9nyeket online<\/title>\n<meta name=\"description\" content=\"Nyerjen nagyot online Mega Millions lott\u00f3szelv\u00e9nyeivel.\" \/>\n<meta name=\"robots\" content=\"index, follow, max-snippet:-1, max-image-preview:large, max-video-preview:-1\" \/>\n<link rel=\"canonical\" href=\"https:\/\/gambling6.com\/hu\/lotto\/szerezzen-online-jegyeket-a-mega-millions-lottora\/\" \/>\n<meta property=\"og:locale\" content=\"hu_HU\" \/>\n<meta property=\"og:type\" content=\"article\" \/>\n<meta property=\"og:title\" content=\"V\u00e1s\u00e1roljon Mega Millions lott\u00f3szelv\u00e9nyeket online\" \/>\n<meta property=\"og:description\" content=\"Nyerjen nagyot online Mega Millions lott\u00f3szelv\u00e9nyeivel.\" \/>\n<meta property=\"og:url\" content=\"https:\/\/gambling6.com\/hu\/lotto\/szerezzen-online-jegyeket-a-mega-millions-lottora\/\" \/>\n<meta property=\"og:site_name\" content=\"Gambling6\" \/>\n<meta property=\"og:image\" content=\"https:\/\/gambling6.com\/wp-content\/uploads\/2013\/12\/get-mega-millions-tickets-online.png\" \/>\n\t<meta property=\"og:image:width\" content=\"388\" \/>\n\t<meta property=\"og:image:height\" content=\"213\" \/>\n\t<meta property=\"og:image:type\" content=\"image\/png\" \/>\n<meta name=\"twitter:card\" content=\"summary_large_image\" \/>\n<meta name=\"twitter:label1\" content=\"Becs\u00fclt olvas\u00e1si id\u0151\" \/>\n\t<meta name=\"twitter:data1\" content=\"3 perc\" \/>\n<script type=\"application\/ld+json\" class=\"yoast-schema-graph\">{\"@context\":\"https:\\\/\\\/schema.org\",\"@graph\":[{\"@type\":\"WebPage\",\"@id\":\"https:\\\/\\\/gambling6.com\\\/hu\\\/lotto\\\/szerezzen-online-jegyeket-a-mega-millions-lottora\\\/\",\"url\":\"https:\\\/\\\/gambling6.com\\\/hu\\\/lotto\\\/szerezzen-online-jegyeket-a-mega-millions-lottora\\\/\",\"name\":\"V\u00e1s\u00e1roljon Mega Millions lott\u00f3szelv\u00e9nyeket online\",\"isPartOf\":{\"@id\":\"https:\\\/\\\/gambling6.com\\\/hu\\\/#website\"},\"primaryImageOfPage\":{\"@id\":\"https:\\\/\\\/gambling6.com\\\/hu\\\/lotto\\\/szerezzen-online-jegyeket-a-mega-millions-lottora\\\/#primaryimage\"},\"image\":{\"@id\":\"https:\\\/\\\/gambling6.com\\\/hu\\\/lotto\\\/szerezzen-online-jegyeket-a-mega-millions-lottora\\\/#primaryimage\"},\"thumbnailUrl\":\"https:\\\/\\\/gambling6.com\\\/wp-content\\\/uploads\\\/2013\\\/12\\\/get-mega-millions-tickets-online.png\",\"datePublished\":\"2025-11-10T20:40:57+00:00\",\"description\":\"Nyerjen nagyot online Mega Millions lott\u00f3szelv\u00e9nyeivel.\",\"breadcrumb\":{\"@id\":\"https:\\\/\\\/gambling6.com\\\/hu\\\/lotto\\\/szerezzen-online-jegyeket-a-mega-millions-lottora\\\/#breadcrumb\"},\"inLanguage\":\"hu\",\"potentialAction\":[{\"@type\":\"ReadAction\",\"target\":[\"https:\\\/\\\/gambling6.com\\\/hu\\\/lotto\\\/szerezzen-online-jegyeket-a-mega-millions-lottora\\\/\"]}]},{\"@type\":\"ImageObject\",\"inLanguage\":\"hu\",\"@id\":\"https:\\\/\\\/gambling6.com\\\/hu\\\/lotto\\\/szerezzen-online-jegyeket-a-mega-millions-lottora\\\/#primaryimage\",\"url\":\"https:\\\/\\\/gambling6.com\\\/wp-content\\\/uploads\\\/2013\\\/12\\\/get-mega-millions-tickets-online.png\",\"contentUrl\":\"https:\\\/\\\/gambling6.com\\\/wp-content\\\/uploads\\\/2013\\\/12\\\/get-mega-millions-tickets-online.png\",\"width\":388,\"height\":213},{\"@type\":\"BreadcrumbList\",\"@id\":\"https:\\\/\\\/gambling6.com\\\/hu\\\/lotto\\\/szerezzen-online-jegyeket-a-mega-millions-lottora\\\/#breadcrumb\",\"itemListElement\":[{\"@type\":\"ListItem\",\"position\":1,\"name\":\"Home\",\"item\":\"https:\\\/\\\/gambling6.com\\\/hu\\\/home\\\/\"},{\"@type\":\"ListItem\",\"position\":2,\"name\":\"Lott\u00f3\",\"item\":\"https:\\\/\\\/gambling6.com\\\/hu\\\/lotto\\\/\"},{\"@type\":\"ListItem\",\"position\":3,\"name\":\"Szerezzen online jegyeket a Mega Millions lott\u00f3ra\"}]},{\"@type\":\"WebSite\",\"@id\":\"https:\\\/\\\/gambling6.com\\\/hu\\\/#website\",\"url\":\"https:\\\/\\\/gambling6.com\\\/hu\\\/\",\"name\":\"Gambling6\",\"description\":\"\",\"potentialAction\":[{\"@type\":\"SearchAction\",\"target\":{\"@type\":\"EntryPoint\",\"urlTemplate\":\"https:\\\/\\\/gambling6.com\\\/hu\\\/?s={search_term_string}\"},\"query-input\":{\"@type\":\"PropertyValueSpecification\",\"valueRequired\":true,\"valueName\":\"search_term_string\"}}],\"inLanguage\":\"hu\"}]}<\/script>\n<!-- \/ Yoast SEO plugin. -->","yoast_head_json":{"title":"V\u00e1s\u00e1roljon Mega Millions lott\u00f3szelv\u00e9nyeket online","description":"Nyerjen nagyot online Mega Millions lott\u00f3szelv\u00e9nyeivel.","robots":{"index":"index","follow":"follow","max-snippet":"max-snippet:-1","max-image-preview":"max-image-preview:large","max-video-preview":"max-video-preview:-1"},"canonical":"https:\/\/gambling6.com\/hu\/lotto\/szerezzen-online-jegyeket-a-mega-millions-lottora\/","og_locale":"hu_HU","og_type":"article","og_title":"V\u00e1s\u00e1roljon Mega Millions lott\u00f3szelv\u00e9nyeket online","og_description":"Nyerjen nagyot online Mega Millions lott\u00f3szelv\u00e9nyeivel.","og_url":"https:\/\/gambling6.com\/hu\/lotto\/szerezzen-online-jegyeket-a-mega-millions-lottora\/","og_site_name":"Gambling6","og_image":[{"width":388,"height":213,"url":"https:\/\/gambling6.com\/wp-content\/uploads\/2013\/12\/get-mega-millions-tickets-online.png","type":"image\/png"}],"twitter_card":"summary_large_image","twitter_misc":{"Becs\u00fclt olvas\u00e1si id\u0151":"3 perc"},"schema":{"@context":"https:\/\/schema.org","@graph":[{"@type":"WebPage","@id":"https:\/\/gambling6.com\/hu\/lotto\/szerezzen-online-jegyeket-a-mega-millions-lottora\/","url":"https:\/\/gambling6.com\/hu\/lotto\/szerezzen-online-jegyeket-a-mega-millions-lottora\/","name":"V\u00e1s\u00e1roljon Mega Millions lott\u00f3szelv\u00e9nyeket online","isPartOf":{"@id":"https:\/\/gambling6.com\/hu\/#website"},"primaryImageOfPage":{"@id":"https:\/\/gambling6.com\/hu\/lotto\/szerezzen-online-jegyeket-a-mega-millions-lottora\/#primaryimage"},"image":{"@id":"https:\/\/gambling6.com\/hu\/lotto\/szerezzen-online-jegyeket-a-mega-millions-lottora\/#primaryimage"},"thumbnailUrl":"https:\/\/gambling6.com\/wp-content\/uploads\/2013\/12\/get-mega-millions-tickets-online.png","datePublished":"2025-11-10T20:40:57+00:00","description":"Nyerjen nagyot online Mega Millions lott\u00f3szelv\u00e9nyeivel.","breadcrumb":{"@id":"https:\/\/gambling6.com\/hu\/lotto\/szerezzen-online-jegyeket-a-mega-millions-lottora\/#breadcrumb"},"inLanguage":"hu","potentialAction":[{"@type":"ReadAction","target":["https:\/\/gambling6.com\/hu\/lotto\/szerezzen-online-jegyeket-a-mega-millions-lottora\/"]}]},{"@type":"ImageObject","inLanguage":"hu","@id":"https:\/\/gambling6.com\/hu\/lotto\/szerezzen-online-jegyeket-a-mega-millions-lottora\/#primaryimage","url":"https:\/\/gambling6.com\/wp-content\/uploads\/2013\/12\/get-mega-millions-tickets-online.png","contentUrl":"https:\/\/gambling6.com\/wp-content\/uploads\/2013\/12\/get-mega-millions-tickets-online.png","width":388,"height":213},{"@type":"BreadcrumbList","@id":"https:\/\/gambling6.com\/hu\/lotto\/szerezzen-online-jegyeket-a-mega-millions-lottora\/#breadcrumb","itemListElement":[{"@type":"ListItem","position":1,"name":"Home","item":"https:\/\/gambling6.com\/hu\/home\/"},{"@type":"ListItem","position":2,"name":"Lott\u00f3","item":"https:\/\/gambling6.com\/hu\/lotto\/"},{"@type":"ListItem","position":3,"name":"Szerezzen online jegyeket a Mega Millions lott\u00f3ra"}]},{"@type":"WebSite","@id":"https:\/\/gambling6.com\/hu\/#website","url":"https:\/\/gambling6.com\/hu\/","name":"Gambling6","description":"","potentialAction":[{"@type":"SearchAction","target":{"@type":"EntryPoint","urlTemplate":"https:\/\/gambling6.com\/hu\/?s={search_term_string}"},"query-input":{"@type":"PropertyValueSpecification","valueRequired":true,"valueName":"search_term_string"}}],"inLanguage":"hu"}]}},"_links":{"self":[{"href":"https:\/\/gambling6.com\/hu\/wp-json\/wp\/v2\/pages\/9359","targetHints":{"allow":["GET"]}}],"collection":[{"href":"https:\/\/gambling6.com\/hu\/wp-json\/wp\/v2\/pages"}],"about":[{"href":"https:\/\/gambling6.com\/hu\/wp-json\/wp\/v2\/types\/page"}],"author":[{"embeddable":true,"href":"https:\/\/gambling6.com\/hu\/wp-json\/wp\/v2\/users\/1"}],"replies":[{"embeddable":true,"href":"https:\/\/gambling6.com\/hu\/wp-json\/wp\/v2\/comments?post=9359"}],"version-history":[{"count":0,"href":"https:\/\/gambling6.com\/hu\/wp-json\/wp\/v2\/pages\/9359\/revisions"}],"up":[{"embeddable":true,"href":"https:\/\/gambling6.com\/hu\/wp-json\/wp\/v2\/pages\/9302"}],"wp:featuredmedia":[{"embeddable":true,"href":"https:\/\/gambling6.com\/hu\/wp-json\/wp\/v2\/media\/9345"}],"wp:attachment":[{"href":"https:\/\/gambling6.com\/hu\/wp-json\/wp\/v2\/media?parent=9359"}],"curies":[{"name":"wp","href":"https:\/\/api.w.org\/{rel}","templated":true}]}}