{"id":9402,"date":"2025-11-10T21:39:16","date_gmt":"2025-11-10T21:39:16","guid":{"rendered":"https:\/\/gambling6.com\/lotto\/hogyan-vasarolhatok-online-szelvenyeket-az-euromillions-lottora-europan-kivulrol\/"},"modified":"2025-11-12T18:45:57","modified_gmt":"2025-11-12T18:45:57","slug":"hogyan-vasarolhatok-online-szelvenyeket-az-euromillions-lottora-europan-kivulrol","status":"publish","type":"page","link":"https:\/\/gambling6.com\/hu\/lotto\/hogyan-vasarolhatok-online-szelvenyeket-az-euromillions-lottora-europan-kivulrol\/","title":{"rendered":"Hogyan v\u00e1s\u00e1rolhatok online szelv\u00e9nyeket az Euromillions lott\u00f3ra Eur\u00f3p\u00e1n k\u00edv\u00fclr\u0151l?"},"content":{"rendered":"<h2>Euro Millions<\/h2>\n<p>185 milli\u00f3 eur\u00f3 a t\u00e9t, \u00e9s a szok\u00e1sos\u00a0<span style=\"box-sizing: border-box; margin: 0px; padding: 0px;\">t\u00f6bb mint 100 milli\u00f3 eur\u00f3s nyerem\u00e9ny lehet\u0151s\u00e9ge miatt\u00a0<strong>az emberek rohannak a sz\u00e1m\u00edt\u00f3g\u00e9p\u00fckh\u00f6z, hogy online szelv\u00e9nyeket v\u00e1s\u00e1roljanak az EuroMillions<\/strong><\/span><strong>lott\u00f3ra.<\/strong> Az Euromillions lott\u00f3t Eur\u00f3pa-szerte 9 orsz\u00e1gban j\u00e1tssz\u00e1k, \u00e9s tavaly t\u00f6bb mint 2,5 milli\u00e1rd doll\u00e1r \u00e9rt\u00e9k\u0171 nyerem\u00e9nyt fizetett ki. Mi\u00e9rt ne szeretne es\u00e9lyt nyerni ezt a jackpotot? Csak fel kell keresnie partner\u00fcnket, a RedFoxLotto-t, \u00e9s beszereznie online szelv\u00e9nyeit. A RedFoxLotto j\u00e1t\u00e9ka m\u00e9g soha nem volt ilyen egyszer\u0171.<\/p>\n<p><strong>Hetente k\u00e9tszer v\u00e1s\u00e1rolhat online szelv\u00e9nyeket az Euromillions lott\u00f3ra<\/strong>, \u00e9s ezzel ak\u00e1r 13 k\u00fcl\u00f6nb\u00f6z\u0151 nyerem\u00e9nyszintet is megnyerhet. Online szelv\u00e9nyv\u00e1s\u00e1rl\u00e1shoz v\u00e1lasszon ki 5 f\u0151sz\u00e1mot 1-t\u0151l 50-ig. M\u00e1sodszor, k\u00e9t szerencsecsillag-sz\u00e1mot, mindkett\u0151t 1 \u00e9s 11 k\u00f6z\u00f6tt, egy k\u00fcl\u00f6n g\u00e9pen h\u00faznak. A f\u0151nyerem\u00e9ny jackpotj\u00e1nak ig\u00e9nyl\u00e9s\u00e9hez mind a h\u00e9t sz\u00e1mot el kell tal\u00e1lnia.<\/p>\n<h2>Mi\u00e9rt \u00e9rdemes online j\u00e1tszani az Euromillions lott\u00f3n?<\/h2>\n<p><img loading=\"lazy\" decoding=\"async\" class=\" wp-image-1437 alignright\" src=\"https:\/\/gambling6.com\/wp-content\/uploads\/2022\/04\/2_ticket_euromillions-112x300.jpg\" alt=\"euromillions ticket\" width=\"99\" height=\"265\" srcset=\"https:\/\/gambling6.com\/wp-content\/uploads\/2022\/04\/2_ticket_euromillions-112x300.jpg 112w, https:\/\/gambling6.com\/wp-content\/uploads\/2022\/04\/2_ticket_euromillions.jpg 200w\" sizes=\"auto, (max-width: 99px) 100vw, 99px\" \/>A lott\u00f3l\u00e1z Eur\u00f3p\u00e1ban j\u00e1rv\u00e1nyszer\u0171 m\u00e9reteket \u00f6lthet \u2013 \u00e9s el\u00e9rte is. Ennek \u00e9rdek\u00e9ben az emberek hetente sorba \u00e1llnak, hogy j\u00e1tsszanak Eur\u00f3pa legnagyobb lott\u00f3j\u00e1n, amely a vil\u00e1g h\u00e1rom legnagyobb el\u00e9rhet\u0151 jackpotj\u00e1nak egyik\u00e9vel rendelkezik. Az Euromillions lott\u00f3 2004-ben indult, \u00e9s Belgiumban, Franciaorsz\u00e1gban, \u00cdrorsz\u00e1gban, Ausztri\u00e1ban, Luxemburgban, Spanyolorsz\u00e1gban, Portug\u00e1li\u00e1ban, Sv\u00e1jcban \u00e9s az Egyes\u00fclt Kir\u00e1lys\u00e1gban j\u00e1tssz\u00e1k. Egy sk\u00f3t p\u00e1r nyerte meg a valaha volt legnagyobb jackpotot 2011 j\u00falius\u00e1ban, 185 milli\u00f3 eur\u00f3t.<\/p>\n<p>A fent eml\u00edtett orsz\u00e1gokban \u00e9l\u0151 \u00f6sszes eur\u00f3pai j\u00e1t\u00e9kos mellett hetente t\u00f6bb milli\u00f3 ember v\u00e1s\u00e1rol online szelv\u00e9nyt. Az Euromillions lott\u00f3 online szelv\u00e9nyeinek megszerz\u00e9se nagyon egyszer\u0171: l\u00e1togassa meg partner\u00fcnket, a RedFoxLotto-t. Az EuroMillions lott\u00f3 f\u0151nyerem\u00e9ny\u00e9nek megnyer\u00e9s\u00e9nek es\u00e9lye 1 a 116 531 800-hoz. Ha azonban a m\u00e1sik 13 nyerem\u00e9nyszint valamelyik\u00e9n szeretne r\u00e9szt venni, az \u00f6sszes\u00edtett es\u00e9lye 1 a 13-hoz.<\/p>\n<p>Az Euromillions lott\u00f3t ism\u00e9t a vil\u00e1g egyik legizgalmasabb j\u00e1t\u00e9k\u00e1nak tal\u00e1lja. <span style=\"box-sizing: border-box; margin: 0px; padding: 0px;\">Sz\u00e1nj id\u0151t arra, hogy\u00a0<a href=\"https:\/\/gambling6.com\/go\/redfoxlotto-en\/\" target=\"_blank\" rel=\"noopener\">l\u00e1togass el m\u00e9g ma a RedFoxLotto oldal\u00e1ra ezen a linken kereszt\u00fcl<\/a>, nyisson egy fi\u00f3kot, \u00e9s kezdjen el j\u00e1tszani ezen a gigantikus eur\u00f3pai lott\u00f3n.<\/span> Biztosak vagyunk benne, hogy \u00f6r\u00fclni fog, hogy ezt tette. K\u00f6nny\u0171 online szelv\u00e9nyeket szerezni az EuroMillionsra \u00e9s m\u00e1s n\u00e9pszer\u0171 lott\u00f3kra vil\u00e1gszerte.<\/p>\n<table style=\"width: 500px;\" border=\"1\" cellspacing=\"5\" cellpadding=\"5\" align=\"center\">\n<tbody>\n<tr>\n<td colspan=\"3\" align=\"center\">A 2013-as \u00f6t legnagyobb jackpot<\/td>\n<\/tr>\n<tr>\n<td>Sorol\u00e1s<\/td>\n<td align=\"center\">D\u00e1tum<\/td>\n<td align=\"center\">Jackpot (USD)<\/td>\n<\/tr>\n<tr>\n<td>Euro Millions &#8211; Eur\u00f3pa<\/td>\n<td align=\"center\">2013. j\u00fanius 25.<\/td>\n<td align=\"right\">260 129 094 $<\/td>\n<\/tr>\n<tr>\n<td>Euro Millions &#8211; Eur\u00f3pa<\/td>\n<td align=\"center\">2013. november 15.<\/td>\n<td align=\"right\">137 000 000 $<\/td>\n<\/tr>\n<tr>\n<td>Euro Millions &#8211; Eur\u00f3pa<\/td>\n<td align=\"center\">2013. m\u00e1jus 28.<\/td>\n<td align=\"right\">132 676 542 $<\/td>\n<\/tr>\n<tr>\n<td>Euro Millions &#8211; Eur\u00f3pa<\/td>\n<td align=\"center\">2013. j\u00fanius 25.<\/td>\n<td align=\"right\">131 636 203 $<\/td>\n<\/tr>\n<tr>\n<td>Euro Millions &#8211; Eur\u00f3pa<\/td>\n<td align=\"center\">2013. augusztus 23.<\/td>\n<td align=\"right\">131 628 767 $<\/td>\n<\/tr>\n<\/tbody>\n<\/table>\n<p>&nbsp;<\/p>\n<table style=\"width: 500px;\" border=\"1\" cellspacing=\"5\" cellpadding=\"5\" align=\"center\">\n<tbody>\n<tr>\n<td colspan=\"3\" align=\"center\">Euro Millions nyerem\u00e9nyszintek<\/td>\n<\/tr>\n<tr>\n<td>Nyerem\u00e9ny<\/td>\n<td align=\"center\">M\u00e9rk\u0151z\u00e9sek<\/td>\n<td align=\"center\">Es\u00e9lyek<\/td>\n<\/tr>\n<tr>\n<td>1. (Jackpot)<\/td>\n<td align=\"center\">5 + 2<\/td>\n<td align=\"right\">116 531 800 : 1<\/td>\n<\/tr>\n<tr>\n<td>2.<\/td>\n<td align=\"center\">5 + 1<\/td>\n<td align=\"right\">6 473 989 : 1<\/td>\n<\/tr>\n<tr>\n<td>3.<\/td>\n<td align=\"center\">5.<\/td>\n<td align=\"right\">3 236 994 : 1<\/td>\n<\/tr>\n<tr>\n<td>4.<\/td>\n<td align=\"center\">4 + 2<\/td>\n<td align=\"right\">517 919 : 1<\/td>\n<\/tr>\n<tr>\n<td>5.<\/td>\n<td align=\"center\">4 + 1<\/td>\n<td align=\"right\">28 773 : 1<\/td>\n<\/tr>\n<tr>\n<td>6.<\/td>\n<td align=\"center\">4<\/td>\n<td align=\"right\">14 387 : 1<\/td>\n<\/tr>\n<tr>\n<td>7.<\/td>\n<td align=\"center\">3 + 2<\/td>\n<td align=\"right\">11 771 : 1<\/td>\n<\/tr>\n<tr>\n<td>8.<\/td>\n<td align=\"center\">2 + 2<\/td>\n<td align=\"right\">821 : 1<\/td>\n<\/tr>\n<tr>\n<td>9.<\/td>\n<td align=\"center\">3 + 1<\/td>\n<td align=\"right\">654 : 1<\/td>\n<\/tr>\n<tr>\n<td>10.<\/td>\n<td align=\"center\">3<\/td>\n<td align=\"right\">327 : 1<\/td>\n<\/tr>\n<tr>\n<td>11.<\/td>\n<td align=\"center\">1 + 2<\/td>\n<td align=\"right\">156 : 1<\/td>\n<\/tr>\n<tr>\n<td>12.<\/td>\n<td align=\"center\">2 + 1<\/td>\n<td align=\"right\">46 : 1<\/td>\n<\/tr>\n<tr>\n<td>13.<\/td>\n<td align=\"center\">2<\/td>\n<td align=\"right\">23 : 1<\/td>\n<\/tr>\n<\/tbody>\n<\/table>\n","protected":false},"excerpt":{"rendered":"<p>Euro Millions 185 milli\u00f3 eur\u00f3 a t\u00e9t, \u00e9s a szok\u00e1sos\u00a0t\u00f6bb mint 100 milli\u00f3 eur\u00f3s nyerem\u00e9ny lehet\u0151s\u00e9ge miatt\u00a0az emberek rohannak a sz\u00e1m\u00edt\u00f3g\u00e9p\u00fckh\u00f6z, hogy online szelv\u00e9nyeket v\u00e1s\u00e1roljanak az EuroMillionslott\u00f3ra. Az Euromillions lott\u00f3t Eur\u00f3pa-szerte 9 orsz\u00e1gban j\u00e1tssz\u00e1k, \u00e9s tavaly t\u00f6bb mint 2,5 milli\u00e1rd doll\u00e1r \u00e9rt\u00e9k\u0171 nyerem\u00e9nyt fizetett ki. Mi\u00e9rt ne szeretne es\u00e9lyt nyerni ezt a jackpotot? Csak fel [&hellip;]<\/p>\n","protected":false},"author":1,"featured_media":0,"parent":9302,"menu_order":2,"comment_status":"closed","ping_status":"closed","template":"","meta":{"footnotes":""},"class_list":["post-9402","page","type-page","status-publish","hentry"],"yoast_head":"<!-- This site is optimized with the Yoast SEO plugin v27.4 - https:\/\/yoast.com\/product\/yoast-seo-wordpress\/ -->\n<title>V\u00e1s\u00e1roljon online jegyeket az Euromillions lott\u00f3ra<\/title>\n<meta name=\"description\" content=\"Mindenk\u00e9ppen szerezd be online szelv\u00e9nyeidet Eur\u00f3pa legnagyobb lott\u00f3j\u00e1ra, az Euromillionsra \u00e9s az Euromillions UK-ra egy megb\u00edzhat\u00f3 szolg\u00e1ltat\u00f3t\u00f3l, p\u00e9ld\u00e1ul a RedFoxLotto.com-t\u00f3l.\" \/>\n<meta name=\"robots\" content=\"index, follow, max-snippet:-1, max-image-preview:large, max-video-preview:-1\" \/>\n<link rel=\"canonical\" href=\"https:\/\/gambling6.com\/hu\/lotto\/hogyan-vasarolhatok-online-szelvenyeket-az-euromillions-lottora-europan-kivulrol\/\" \/>\n<meta property=\"og:locale\" content=\"hu_HU\" \/>\n<meta property=\"og:type\" content=\"article\" \/>\n<meta property=\"og:title\" content=\"V\u00e1s\u00e1roljon online jegyeket az Euromillions lott\u00f3ra\" \/>\n<meta property=\"og:description\" content=\"Mindenk\u00e9ppen szerezd be online szelv\u00e9nyeidet Eur\u00f3pa legnagyobb lott\u00f3j\u00e1ra, az Euromillionsra \u00e9s az Euromillions UK-ra egy megb\u00edzhat\u00f3 szolg\u00e1ltat\u00f3t\u00f3l, p\u00e9ld\u00e1ul a RedFoxLotto.com-t\u00f3l.\" \/>\n<meta property=\"og:url\" content=\"https:\/\/gambling6.com\/hu\/lotto\/hogyan-vasarolhatok-online-szelvenyeket-az-euromillions-lottora-europan-kivulrol\/\" \/>\n<meta property=\"og:site_name\" content=\"Gambling6\" \/>\n<meta property=\"article:modified_time\" content=\"2025-11-12T18:45:57+00:00\" \/>\n<meta property=\"og:image\" content=\"https:\/\/gambling6.com\/wp-content\/uploads\/2022\/04\/2_ticket_euromillions.jpg\" \/>\n\t<meta property=\"og:image:width\" content=\"200\" \/>\n\t<meta property=\"og:image:height\" content=\"534\" \/>\n\t<meta property=\"og:image:type\" content=\"image\/jpeg\" \/>\n<meta name=\"twitter:card\" content=\"summary_large_image\" \/>\n<meta name=\"twitter:label1\" content=\"Becs\u00fclt olvas\u00e1si id\u0151\" \/>\n\t<meta name=\"twitter:data1\" content=\"3 perc\" \/>\n<script type=\"application\/ld+json\" class=\"yoast-schema-graph\">{\"@context\":\"https:\\\/\\\/schema.org\",\"@graph\":[{\"@type\":\"WebPage\",\"@id\":\"https:\\\/\\\/gambling6.com\\\/hu\\\/lotto\\\/hogyan-vasarolhatok-online-szelvenyeket-az-euromillions-lottora-europan-kivulrol\\\/\",\"url\":\"https:\\\/\\\/gambling6.com\\\/hu\\\/lotto\\\/hogyan-vasarolhatok-online-szelvenyeket-az-euromillions-lottora-europan-kivulrol\\\/\",\"name\":\"V\u00e1s\u00e1roljon online jegyeket az Euromillions lott\u00f3ra\",\"isPartOf\":{\"@id\":\"https:\\\/\\\/gambling6.com\\\/hu\\\/#website\"},\"primaryImageOfPage\":{\"@id\":\"https:\\\/\\\/gambling6.com\\\/hu\\\/lotto\\\/hogyan-vasarolhatok-online-szelvenyeket-az-euromillions-lottora-europan-kivulrol\\\/#primaryimage\"},\"image\":{\"@id\":\"https:\\\/\\\/gambling6.com\\\/hu\\\/lotto\\\/hogyan-vasarolhatok-online-szelvenyeket-az-euromillions-lottora-europan-kivulrol\\\/#primaryimage\"},\"thumbnailUrl\":\"https:\\\/\\\/gambling6.com\\\/wp-content\\\/uploads\\\/2022\\\/04\\\/2_ticket_euromillions-112x300.jpg\",\"datePublished\":\"2025-11-10T21:39:16+00:00\",\"dateModified\":\"2025-11-12T18:45:57+00:00\",\"description\":\"Mindenk\u00e9ppen szerezd be online szelv\u00e9nyeidet Eur\u00f3pa legnagyobb lott\u00f3j\u00e1ra, az Euromillionsra \u00e9s az Euromillions UK-ra egy megb\u00edzhat\u00f3 szolg\u00e1ltat\u00f3t\u00f3l, p\u00e9ld\u00e1ul a RedFoxLotto.com-t\u00f3l.\",\"breadcrumb\":{\"@id\":\"https:\\\/\\\/gambling6.com\\\/hu\\\/lotto\\\/hogyan-vasarolhatok-online-szelvenyeket-az-euromillions-lottora-europan-kivulrol\\\/#breadcrumb\"},\"inLanguage\":\"hu\",\"potentialAction\":[{\"@type\":\"ReadAction\",\"target\":[\"https:\\\/\\\/gambling6.com\\\/hu\\\/lotto\\\/hogyan-vasarolhatok-online-szelvenyeket-az-euromillions-lottora-europan-kivulrol\\\/\"]}]},{\"@type\":\"ImageObject\",\"inLanguage\":\"hu\",\"@id\":\"https:\\\/\\\/gambling6.com\\\/hu\\\/lotto\\\/hogyan-vasarolhatok-online-szelvenyeket-az-euromillions-lottora-europan-kivulrol\\\/#primaryimage\",\"url\":\"https:\\\/\\\/gambling6.com\\\/wp-content\\\/uploads\\\/2022\\\/04\\\/2_ticket_euromillions-112x300.jpg\",\"contentUrl\":\"https:\\\/\\\/gambling6.com\\\/wp-content\\\/uploads\\\/2022\\\/04\\\/2_ticket_euromillions-112x300.jpg\"},{\"@type\":\"BreadcrumbList\",\"@id\":\"https:\\\/\\\/gambling6.com\\\/hu\\\/lotto\\\/hogyan-vasarolhatok-online-szelvenyeket-az-euromillions-lottora-europan-kivulrol\\\/#breadcrumb\",\"itemListElement\":[{\"@type\":\"ListItem\",\"position\":1,\"name\":\"Home\",\"item\":\"https:\\\/\\\/gambling6.com\\\/hu\\\/home\\\/\"},{\"@type\":\"ListItem\",\"position\":2,\"name\":\"Lott\u00f3\",\"item\":\"https:\\\/\\\/gambling6.com\\\/hu\\\/lotto\\\/\"},{\"@type\":\"ListItem\",\"position\":3,\"name\":\"Hogyan v\u00e1s\u00e1rolhatok online szelv\u00e9nyeket az Euromillions lott\u00f3ra Eur\u00f3p\u00e1n k\u00edv\u00fclr\u0151l?\"}]},{\"@type\":\"WebSite\",\"@id\":\"https:\\\/\\\/gambling6.com\\\/hu\\\/#website\",\"url\":\"https:\\\/\\\/gambling6.com\\\/hu\\\/\",\"name\":\"Gambling6\",\"description\":\"\",\"potentialAction\":[{\"@type\":\"SearchAction\",\"target\":{\"@type\":\"EntryPoint\",\"urlTemplate\":\"https:\\\/\\\/gambling6.com\\\/hu\\\/?s={search_term_string}\"},\"query-input\":{\"@type\":\"PropertyValueSpecification\",\"valueRequired\":true,\"valueName\":\"search_term_string\"}}],\"inLanguage\":\"hu\"}]}<\/script>\n<!-- \/ Yoast SEO plugin. -->","yoast_head_json":{"title":"V\u00e1s\u00e1roljon online jegyeket az Euromillions lott\u00f3ra","description":"Mindenk\u00e9ppen szerezd be online szelv\u00e9nyeidet Eur\u00f3pa legnagyobb lott\u00f3j\u00e1ra, az Euromillionsra \u00e9s az Euromillions UK-ra egy megb\u00edzhat\u00f3 szolg\u00e1ltat\u00f3t\u00f3l, p\u00e9ld\u00e1ul a RedFoxLotto.com-t\u00f3l.","robots":{"index":"index","follow":"follow","max-snippet":"max-snippet:-1","max-image-preview":"max-image-preview:large","max-video-preview":"max-video-preview:-1"},"canonical":"https:\/\/gambling6.com\/hu\/lotto\/hogyan-vasarolhatok-online-szelvenyeket-az-euromillions-lottora-europan-kivulrol\/","og_locale":"hu_HU","og_type":"article","og_title":"V\u00e1s\u00e1roljon online jegyeket az Euromillions lott\u00f3ra","og_description":"Mindenk\u00e9ppen szerezd be online szelv\u00e9nyeidet Eur\u00f3pa legnagyobb lott\u00f3j\u00e1ra, az Euromillionsra \u00e9s az Euromillions UK-ra egy megb\u00edzhat\u00f3 szolg\u00e1ltat\u00f3t\u00f3l, p\u00e9ld\u00e1ul a RedFoxLotto.com-t\u00f3l.","og_url":"https:\/\/gambling6.com\/hu\/lotto\/hogyan-vasarolhatok-online-szelvenyeket-az-euromillions-lottora-europan-kivulrol\/","og_site_name":"Gambling6","article_modified_time":"2025-11-12T18:45:57+00:00","og_image":[{"width":200,"height":534,"url":"https:\/\/gambling6.com\/wp-content\/uploads\/2022\/04\/2_ticket_euromillions.jpg","type":"image\/jpeg"}],"twitter_card":"summary_large_image","twitter_misc":{"Becs\u00fclt olvas\u00e1si id\u0151":"3 perc"},"schema":{"@context":"https:\/\/schema.org","@graph":[{"@type":"WebPage","@id":"https:\/\/gambling6.com\/hu\/lotto\/hogyan-vasarolhatok-online-szelvenyeket-az-euromillions-lottora-europan-kivulrol\/","url":"https:\/\/gambling6.com\/hu\/lotto\/hogyan-vasarolhatok-online-szelvenyeket-az-euromillions-lottora-europan-kivulrol\/","name":"V\u00e1s\u00e1roljon online jegyeket az Euromillions lott\u00f3ra","isPartOf":{"@id":"https:\/\/gambling6.com\/hu\/#website"},"primaryImageOfPage":{"@id":"https:\/\/gambling6.com\/hu\/lotto\/hogyan-vasarolhatok-online-szelvenyeket-az-euromillions-lottora-europan-kivulrol\/#primaryimage"},"image":{"@id":"https:\/\/gambling6.com\/hu\/lotto\/hogyan-vasarolhatok-online-szelvenyeket-az-euromillions-lottora-europan-kivulrol\/#primaryimage"},"thumbnailUrl":"https:\/\/gambling6.com\/wp-content\/uploads\/2022\/04\/2_ticket_euromillions-112x300.jpg","datePublished":"2025-11-10T21:39:16+00:00","dateModified":"2025-11-12T18:45:57+00:00","description":"Mindenk\u00e9ppen szerezd be online szelv\u00e9nyeidet Eur\u00f3pa legnagyobb lott\u00f3j\u00e1ra, az Euromillionsra \u00e9s az Euromillions UK-ra egy megb\u00edzhat\u00f3 szolg\u00e1ltat\u00f3t\u00f3l, p\u00e9ld\u00e1ul a RedFoxLotto.com-t\u00f3l.","breadcrumb":{"@id":"https:\/\/gambling6.com\/hu\/lotto\/hogyan-vasarolhatok-online-szelvenyeket-az-euromillions-lottora-europan-kivulrol\/#breadcrumb"},"inLanguage":"hu","potentialAction":[{"@type":"ReadAction","target":["https:\/\/gambling6.com\/hu\/lotto\/hogyan-vasarolhatok-online-szelvenyeket-az-euromillions-lottora-europan-kivulrol\/"]}]},{"@type":"ImageObject","inLanguage":"hu","@id":"https:\/\/gambling6.com\/hu\/lotto\/hogyan-vasarolhatok-online-szelvenyeket-az-euromillions-lottora-europan-kivulrol\/#primaryimage","url":"https:\/\/gambling6.com\/wp-content\/uploads\/2022\/04\/2_ticket_euromillions-112x300.jpg","contentUrl":"https:\/\/gambling6.com\/wp-content\/uploads\/2022\/04\/2_ticket_euromillions-112x300.jpg"},{"@type":"BreadcrumbList","@id":"https:\/\/gambling6.com\/hu\/lotto\/hogyan-vasarolhatok-online-szelvenyeket-az-euromillions-lottora-europan-kivulrol\/#breadcrumb","itemListElement":[{"@type":"ListItem","position":1,"name":"Home","item":"https:\/\/gambling6.com\/hu\/home\/"},{"@type":"ListItem","position":2,"name":"Lott\u00f3","item":"https:\/\/gambling6.com\/hu\/lotto\/"},{"@type":"ListItem","position":3,"name":"Hogyan v\u00e1s\u00e1rolhatok online szelv\u00e9nyeket az Euromillions lott\u00f3ra Eur\u00f3p\u00e1n k\u00edv\u00fclr\u0151l?"}]},{"@type":"WebSite","@id":"https:\/\/gambling6.com\/hu\/#website","url":"https:\/\/gambling6.com\/hu\/","name":"Gambling6","description":"","potentialAction":[{"@type":"SearchAction","target":{"@type":"EntryPoint","urlTemplate":"https:\/\/gambling6.com\/hu\/?s={search_term_string}"},"query-input":{"@type":"PropertyValueSpecification","valueRequired":true,"valueName":"search_term_string"}}],"inLanguage":"hu"}]}},"_links":{"self":[{"href":"https:\/\/gambling6.com\/hu\/wp-json\/wp\/v2\/pages\/9402","targetHints":{"allow":["GET"]}}],"collection":[{"href":"https:\/\/gambling6.com\/hu\/wp-json\/wp\/v2\/pages"}],"about":[{"href":"https:\/\/gambling6.com\/hu\/wp-json\/wp\/v2\/types\/page"}],"author":[{"embeddable":true,"href":"https:\/\/gambling6.com\/hu\/wp-json\/wp\/v2\/users\/1"}],"replies":[{"embeddable":true,"href":"https:\/\/gambling6.com\/hu\/wp-json\/wp\/v2\/comments?post=9402"}],"version-history":[{"count":1,"href":"https:\/\/gambling6.com\/hu\/wp-json\/wp\/v2\/pages\/9402\/revisions"}],"predecessor-version":[{"id":10765,"href":"https:\/\/gambling6.com\/hu\/wp-json\/wp\/v2\/pages\/9402\/revisions\/10765"}],"up":[{"embeddable":true,"href":"https:\/\/gambling6.com\/hu\/wp-json\/wp\/v2\/pages\/9302"}],"wp:attachment":[{"href":"https:\/\/gambling6.com\/hu\/wp-json\/wp\/v2\/media?parent=9402"}],"curies":[{"name":"wp","href":"https:\/\/api.w.org\/{rel}","templated":true}]}}