{"id":9426,"date":"2025-11-11T02:31:15","date_gmt":"2025-11-11T02:31:15","guid":{"rendered":"https:\/\/gambling6.com\/lotto\/szerezzen-online-jegyeket-a-new-york-i-lottora\/"},"modified":"2025-11-11T02:31:15","modified_gmt":"2025-11-11T02:31:15","slug":"szerezzen-online-jegyeket-a-new-york-i-lottora","status":"publish","type":"page","link":"https:\/\/gambling6.com\/hu\/lotto\/szerezzen-online-jegyeket-a-new-york-i-lottora\/","title":{"rendered":"Szerezzen online jegyeket a New York-i lott\u00f3ra"},"content":{"rendered":"<h2>New York Lott\u00f3 online<\/h2>\n<p>A 3 milli\u00f3 doll\u00e1rt\u00f3l kezd\u0151d\u0151 jackpotokkal a New York Lotto a sorsol\u00e1s napj\u00e1n akkora lesz, mint maga a v\u00e1ros. T\u00e1j\u00e9koztat\u00e1sul k\u00f6z\u00f6lj\u00fck, hogy a minim\u00e1lis jackpot sokkal magasabb, mint a legt\u00f6bb esetben, <strong>ez\u00e9rt d\u00f6nt\u00e9shozatalkor \u00e9rdemes online szelv\u00e9nyeket v\u00e1s\u00e1rolni a New York Lott\u00f3hoz<\/strong>.<\/p>\n<p>Ha a jackpotot nem nyerik meg, akkor v\u00e1rhat\u00f3an \u00e1th\u00faz\u00f3d\u00f3 jackpotokra sz\u00e1m\u00edthatnak, amelyeket gyakran 10 sz\u00e1mjegy\u0171re emelnek. Val\u00f3j\u00e1ban a New York Lott\u00f3 rekordjackpotja 58 milli\u00f3 doll\u00e1r. <strong>Ha online is megv\u00e1s\u00e1rolhatja szelv\u00e9nyeit, r\u00e9szt vehet a k\u00f6vetkez\u0151 rekordjackpotban.<\/strong><\/p>\n<h2>A New York Lott\u00f3t hetente k\u00e9tszer sorsolj\u00e1k ki.<\/h2>\n<p>A jackpot mindig t\u00f6bb milli\u00f3 doll\u00e1r a hetente k\u00e9tszer New Yorkban megrendezett sorsol\u00e1son. Csak logikus, hogy a vil\u00e1g egyik legnagyobb v\u00e1ros\u00e1ban van egy jackpot lott\u00f3, amely a vil\u00e1g egyik legnagyobbjak\u00e9nt indul. Minden h\u00e9ten New York-i lakosok milli\u00f3i \u00e1llnak sorba, hogy szelv\u00e9nyt v\u00e1s\u00e1roljanak erre az \u00e9let\u00fcket megv\u00e1ltoztat\u00f3 lott\u00f3ra. <b>Nem kell sorban \u00e1llnod, ha online is v\u00e1s\u00e1rolhatsz szelv\u00e9nyeket.<\/b><\/p>\n<p>Az Egyes\u00fclt \u00c1llamok egyik legr\u00e9gebbi lott\u00f3jak\u00e9nt, amelyet 1967-ben alap\u00edtottak, a New York-i Lott\u00f3 k\u00f6zel 40 milli\u00e1rd doll\u00e1rt gy\u0171jt\u00f6tt \u00f6ssze j\u00f3t\u00e9konys\u00e1gi c\u00e9lokra vil\u00e1gszerte. 2004-ben egyetlen szelv\u00e9nytulajdonos 58 milli\u00f3 doll\u00e1rt zsebelt be, ami akkoriban az Egyes\u00fclt \u00c1llamok t\u00f6rt\u00e9nelm\u00e9nek egyik legnagyobb lott\u00f3nyerem\u00e9nye volt.<\/p>\n<p>A New York-i Lott\u00f3 k\u00f6nnyen j\u00e1tszhat\u00f3. Enn\u00e9l a 6\/59-es st\u00edlus\u00fa lott\u00f3n\u00e1l hat sz\u00e1mot kell v\u00e1lasztanod 1-t\u0151l 59-ig, valamint egy b\u00f3nuszsz\u00e1mot.<strong> A jackpot megnyer\u00e9s\u00e9hez hat els\u0151dleges sz\u00e1mot kell eltal\u00e1lnod, \u00e9s az es\u00e9lyed k\u00f6r\u00fclbel\u00fcl 1 a 45 milli\u00f3hoz.<\/strong> \u00d6t, n\u00e9gy vagy h\u00e1rom sz\u00e1m eltal\u00e1l\u00e1s\u00e1val r\u00e9szt vehetsz az \u00f6t m\u00e1sodlagos nyerem\u00e9ny egyik\u00e9n, amelyek minden h\u00e9t szerd\u00e1j\u00e1n \u00e9s szombatj\u00e1n sorsolnak.<\/p>\n<p>A New York-i lott\u00f3 egy olyan j\u00e1t\u00e9k, amit mindenki j\u00e1tszani akar, \u00e9s most\u00a0<span style=\"box-sizing: border-box; margin: 0px; padding: 0px;\"><a href=\"https:\/\/gambling6.com\/go\/redfoxlotto-en\/\" target=\"_blank\" rel=\"noopener\">online is beszerezheted szelv\u00e9nyeidet partner\u00fcnk\u00f6n, a RedFoxLotto-n kereszt\u00fcl<\/a><\/span><a class=\"thirstylink\" title=\"RedFoxLotto en\" href=\"https:\/\/gambling6.com\/go\/redfoxlotto-en\/\" target=\"_blank\" rel=\"nofollow noopener\">\u00a0ezen a linken kereszt\u00fcl.<\/a><\/p>\n<table style=\"width: 500px;\" border=\"1\" cellspacing=\"5\" cellpadding=\"5\" align=\"center\">\n<tbody>\n<tr>\n<td colspan=\"3\" align=\"center\">A 2013-as \u00f6t legnagyobb jackpot<\/td>\n<\/tr>\n<tr>\n<td>Sorol\u00e1s<\/td>\n<td align=\"center\">D\u00e1tum<\/td>\n<td align=\"center\">Jackpot (USD)<\/td>\n<\/tr>\n<tr>\n<td>New York Lott\u00f3 &#8211; USA<\/td>\n<td align=\"center\">2013. \u00e1prilis 10.<\/td>\n<td align=\"right\">26 500 000 $<\/td>\n<\/tr>\n<tr>\n<td>New York Lott\u00f3 &#8211; USA<\/td>\n<td align=\"center\">2013. j\u00fanius 29.<\/td>\n<td align=\"right\">10 700 000 doll\u00e1r<\/td>\n<\/tr>\n<tr>\n<td>New York Lott\u00f3 &#8211; USA<\/td>\n<td align=\"center\">2013. szeptember 4.<\/td>\n<td align=\"right\">7 100 000 doll\u00e1r<\/td>\n<\/tr>\n<tr>\n<td>New York Lott\u00f3 &#8211; USA<\/td>\n<td align=\"center\">2013. november 6.<\/td>\n<td align=\"right\">6 200 000 doll\u00e1r<\/td>\n<\/tr>\n<tr>\n<td>New York Lott\u00f3 &#8211; USA<\/td>\n<td align=\"center\">2013. november 23.<\/td>\n<td align=\"right\">3 200 000 doll\u00e1r<\/td>\n<\/tr>\n<\/tbody>\n<\/table>\n<p>&nbsp;<\/p>\n<table style=\"width: 500px;\" border=\"1\" cellspacing=\"5\" cellpadding=\"5\" align=\"center\">\n<tbody>\n<tr>\n<td colspan=\"3\" align=\"center\">New York Lott\u00f3 &#8211; USA Nyerem\u00e9nyoszt\u00e1lyok<\/td>\n<\/tr>\n<tr>\n<td>Nyerem\u00e9ny<\/td>\n<td align=\"center\">M\u00e9rk\u0151z\u00e9sek<\/td>\n<td align=\"center\">Es\u00e9lyek<\/td>\n<\/tr>\n<tr>\n<td>1. (F\u0151nyerem\u00e9ny)<\/td>\n<td align=\"center\">6<\/td>\n<td align=\"right\">45 057 474 : 1<\/td>\n<\/tr>\n<tr>\n<td>2.<\/td>\n<td align=\"center\">5 + 1<\/td>\n<td align=\"right\">7 509 579 : 1<\/td>\n<\/tr>\n<tr>\n<td>3.<\/td>\n<td align=\"center\">5.<\/td>\n<td align=\"right\">141 690 : 1<\/td>\n<\/tr>\n<tr>\n<td>4.<\/td>\n<td align=\"center\">4.<\/td>\n<td align=\"right\">2180 : 1<\/td>\n<\/tr>\n<tr>\n<td>5.<\/td>\n<td align=\"center\">3.<\/td>\n<td align=\"right\">96 : 1<\/td>\n<\/tr>\n<\/tbody>\n<\/table>\n","protected":false},"excerpt":{"rendered":"<p>New York Lott\u00f3 online A 3 milli\u00f3 doll\u00e1rt\u00f3l kezd\u0151d\u0151 jackpotokkal a New York Lotto a sorsol\u00e1s napj\u00e1n akkora lesz, mint maga a v\u00e1ros. T\u00e1j\u00e9koztat\u00e1sul k\u00f6z\u00f6lj\u00fck, hogy a minim\u00e1lis jackpot sokkal magasabb, mint a legt\u00f6bb esetben, ez\u00e9rt d\u00f6nt\u00e9shozatalkor \u00e9rdemes online szelv\u00e9nyeket v\u00e1s\u00e1rolni a New York Lott\u00f3hoz. Ha a jackpotot nem nyerik meg, akkor v\u00e1rhat\u00f3an \u00e1th\u00faz\u00f3d\u00f3 jackpotokra [&hellip;]<\/p>\n","protected":false},"author":1,"featured_media":0,"parent":9302,"menu_order":12,"comment_status":"closed","ping_status":"closed","template":"","meta":{"footnotes":""},"class_list":["post-9426","page","type-page","status-publish","hentry"],"yoast_head":"<!-- This site is optimized with the Yoast SEO plugin v27.4 - https:\/\/yoast.com\/product\/yoast-seo-wordpress\/ -->\n<title>V\u00e1s\u00e1roljon jegyeket a New York-i lott\u00f3ra online<\/title>\n<meta name=\"description\" content=\"V\u00e1lj azonnal milliomoss\u00e1, \u00e9s szerezd meg online szelv\u00e9nyeidet a New York-i Lott\u00f3ra.\" \/>\n<meta name=\"robots\" content=\"index, follow, max-snippet:-1, max-image-preview:large, max-video-preview:-1\" \/>\n<link rel=\"canonical\" href=\"https:\/\/gambling6.com\/hu\/lotto\/szerezzen-online-jegyeket-a-new-york-i-lottora\/\" \/>\n<meta property=\"og:locale\" content=\"hu_HU\" \/>\n<meta property=\"og:type\" content=\"article\" \/>\n<meta property=\"og:title\" content=\"V\u00e1s\u00e1roljon jegyeket a New York-i lott\u00f3ra online\" \/>\n<meta property=\"og:description\" content=\"V\u00e1lj azonnal milliomoss\u00e1, \u00e9s szerezd meg online szelv\u00e9nyeidet a New York-i Lott\u00f3ra.\" \/>\n<meta property=\"og:url\" content=\"https:\/\/gambling6.com\/hu\/lotto\/szerezzen-online-jegyeket-a-new-york-i-lottora\/\" \/>\n<meta property=\"og:site_name\" content=\"Gambling6\" \/>\n<meta name=\"twitter:card\" content=\"summary_large_image\" \/>\n<meta name=\"twitter:label1\" content=\"Becs\u00fclt olvas\u00e1si id\u0151\" \/>\n\t<meta name=\"twitter:data1\" content=\"2 perc\" \/>\n<script type=\"application\/ld+json\" class=\"yoast-schema-graph\">{\"@context\":\"https:\\\/\\\/schema.org\",\"@graph\":[{\"@type\":\"WebPage\",\"@id\":\"https:\\\/\\\/gambling6.com\\\/hu\\\/lotto\\\/szerezzen-online-jegyeket-a-new-york-i-lottora\\\/\",\"url\":\"https:\\\/\\\/gambling6.com\\\/hu\\\/lotto\\\/szerezzen-online-jegyeket-a-new-york-i-lottora\\\/\",\"name\":\"V\u00e1s\u00e1roljon jegyeket a New York-i lott\u00f3ra online\",\"isPartOf\":{\"@id\":\"https:\\\/\\\/gambling6.com\\\/hu\\\/#website\"},\"datePublished\":\"2025-11-11T02:31:15+00:00\",\"description\":\"V\u00e1lj azonnal milliomoss\u00e1, \u00e9s szerezd meg online szelv\u00e9nyeidet a New York-i Lott\u00f3ra.\",\"breadcrumb\":{\"@id\":\"https:\\\/\\\/gambling6.com\\\/hu\\\/lotto\\\/szerezzen-online-jegyeket-a-new-york-i-lottora\\\/#breadcrumb\"},\"inLanguage\":\"hu\",\"potentialAction\":[{\"@type\":\"ReadAction\",\"target\":[\"https:\\\/\\\/gambling6.com\\\/hu\\\/lotto\\\/szerezzen-online-jegyeket-a-new-york-i-lottora\\\/\"]}]},{\"@type\":\"BreadcrumbList\",\"@id\":\"https:\\\/\\\/gambling6.com\\\/hu\\\/lotto\\\/szerezzen-online-jegyeket-a-new-york-i-lottora\\\/#breadcrumb\",\"itemListElement\":[{\"@type\":\"ListItem\",\"position\":1,\"name\":\"Home\",\"item\":\"https:\\\/\\\/gambling6.com\\\/hu\\\/home\\\/\"},{\"@type\":\"ListItem\",\"position\":2,\"name\":\"Lott\u00f3\",\"item\":\"https:\\\/\\\/gambling6.com\\\/hu\\\/lotto\\\/\"},{\"@type\":\"ListItem\",\"position\":3,\"name\":\"Szerezzen online jegyeket a New York-i lott\u00f3ra\"}]},{\"@type\":\"WebSite\",\"@id\":\"https:\\\/\\\/gambling6.com\\\/hu\\\/#website\",\"url\":\"https:\\\/\\\/gambling6.com\\\/hu\\\/\",\"name\":\"Gambling6\",\"description\":\"\",\"potentialAction\":[{\"@type\":\"SearchAction\",\"target\":{\"@type\":\"EntryPoint\",\"urlTemplate\":\"https:\\\/\\\/gambling6.com\\\/hu\\\/?s={search_term_string}\"},\"query-input\":{\"@type\":\"PropertyValueSpecification\",\"valueRequired\":true,\"valueName\":\"search_term_string\"}}],\"inLanguage\":\"hu\"}]}<\/script>\n<!-- \/ Yoast SEO plugin. -->","yoast_head_json":{"title":"V\u00e1s\u00e1roljon jegyeket a New York-i lott\u00f3ra online","description":"V\u00e1lj azonnal milliomoss\u00e1, \u00e9s szerezd meg online szelv\u00e9nyeidet a New York-i Lott\u00f3ra.","robots":{"index":"index","follow":"follow","max-snippet":"max-snippet:-1","max-image-preview":"max-image-preview:large","max-video-preview":"max-video-preview:-1"},"canonical":"https:\/\/gambling6.com\/hu\/lotto\/szerezzen-online-jegyeket-a-new-york-i-lottora\/","og_locale":"hu_HU","og_type":"article","og_title":"V\u00e1s\u00e1roljon jegyeket a New York-i lott\u00f3ra online","og_description":"V\u00e1lj azonnal milliomoss\u00e1, \u00e9s szerezd meg online szelv\u00e9nyeidet a New York-i Lott\u00f3ra.","og_url":"https:\/\/gambling6.com\/hu\/lotto\/szerezzen-online-jegyeket-a-new-york-i-lottora\/","og_site_name":"Gambling6","twitter_card":"summary_large_image","twitter_misc":{"Becs\u00fclt olvas\u00e1si id\u0151":"2 perc"},"schema":{"@context":"https:\/\/schema.org","@graph":[{"@type":"WebPage","@id":"https:\/\/gambling6.com\/hu\/lotto\/szerezzen-online-jegyeket-a-new-york-i-lottora\/","url":"https:\/\/gambling6.com\/hu\/lotto\/szerezzen-online-jegyeket-a-new-york-i-lottora\/","name":"V\u00e1s\u00e1roljon jegyeket a New York-i lott\u00f3ra online","isPartOf":{"@id":"https:\/\/gambling6.com\/hu\/#website"},"datePublished":"2025-11-11T02:31:15+00:00","description":"V\u00e1lj azonnal milliomoss\u00e1, \u00e9s szerezd meg online szelv\u00e9nyeidet a New York-i Lott\u00f3ra.","breadcrumb":{"@id":"https:\/\/gambling6.com\/hu\/lotto\/szerezzen-online-jegyeket-a-new-york-i-lottora\/#breadcrumb"},"inLanguage":"hu","potentialAction":[{"@type":"ReadAction","target":["https:\/\/gambling6.com\/hu\/lotto\/szerezzen-online-jegyeket-a-new-york-i-lottora\/"]}]},{"@type":"BreadcrumbList","@id":"https:\/\/gambling6.com\/hu\/lotto\/szerezzen-online-jegyeket-a-new-york-i-lottora\/#breadcrumb","itemListElement":[{"@type":"ListItem","position":1,"name":"Home","item":"https:\/\/gambling6.com\/hu\/home\/"},{"@type":"ListItem","position":2,"name":"Lott\u00f3","item":"https:\/\/gambling6.com\/hu\/lotto\/"},{"@type":"ListItem","position":3,"name":"Szerezzen online jegyeket a New York-i lott\u00f3ra"}]},{"@type":"WebSite","@id":"https:\/\/gambling6.com\/hu\/#website","url":"https:\/\/gambling6.com\/hu\/","name":"Gambling6","description":"","potentialAction":[{"@type":"SearchAction","target":{"@type":"EntryPoint","urlTemplate":"https:\/\/gambling6.com\/hu\/?s={search_term_string}"},"query-input":{"@type":"PropertyValueSpecification","valueRequired":true,"valueName":"search_term_string"}}],"inLanguage":"hu"}]}},"_links":{"self":[{"href":"https:\/\/gambling6.com\/hu\/wp-json\/wp\/v2\/pages\/9426","targetHints":{"allow":["GET"]}}],"collection":[{"href":"https:\/\/gambling6.com\/hu\/wp-json\/wp\/v2\/pages"}],"about":[{"href":"https:\/\/gambling6.com\/hu\/wp-json\/wp\/v2\/types\/page"}],"author":[{"embeddable":true,"href":"https:\/\/gambling6.com\/hu\/wp-json\/wp\/v2\/users\/1"}],"replies":[{"embeddable":true,"href":"https:\/\/gambling6.com\/hu\/wp-json\/wp\/v2\/comments?post=9426"}],"version-history":[{"count":0,"href":"https:\/\/gambling6.com\/hu\/wp-json\/wp\/v2\/pages\/9426\/revisions"}],"up":[{"embeddable":true,"href":"https:\/\/gambling6.com\/hu\/wp-json\/wp\/v2\/pages\/9302"}],"wp:attachment":[{"href":"https:\/\/gambling6.com\/hu\/wp-json\/wp\/v2\/media?parent=9426"}],"curies":[{"name":"wp","href":"https:\/\/api.w.org\/{rel}","templated":true}]}}