{"id":9492,"date":"2025-11-11T03:27:43","date_gmt":"2025-11-11T03:27:43","guid":{"rendered":"https:\/\/gambling6.com\/lotto\/vegyen-reszt-a-kanadai-6-49-es-lotton\/"},"modified":"2025-11-11T03:27:43","modified_gmt":"2025-11-11T03:27:43","slug":"vegyen-reszt-a-kanadai-6-49-es-lotton","status":"publish","type":"page","link":"https:\/\/gambling6.com\/hu\/lotto\/vegyen-reszt-a-kanadai-6-49-es-lotton\/","title":{"rendered":"Vegyen r\u00e9szt a kanadai 6\/49-es lott\u00f3n"},"content":{"rendered":"<h2>Kanada Lotto 6\/49<\/h2>\n<p>1982 \u00f3ta Kanad\u00e1ban k\u00e9t dolog volt garant\u00e1lt t\u00e9len. Az els\u0151 dolog, amire sz\u00e1m\u00edthatt\u00e1l, az az volt, hogy n\u00e9zheted a Hockey Night in Canada-t a CBC-n. A m\u00e1sodik dolog, amit megj\u00f3solhatsz, az volt, hogy valaki milliomos lesz a Lotto 6\/49-en j\u00e1tszva. Ma is sz\u00e1m\u00edthatsz a szombat esti sorsol\u00e1sra. <strong>A nagy k\u00fcl\u00f6nbs\u00e9g ma az, hogy online is v\u00e1s\u00e1rolhatsz jegyeket a kanadai Lotto 6\/49 sorsol\u00e1s\u00e1ra.<\/strong> Sz\u00e1nj id\u0151t arra, hogy <a class=\"thirstylink\" title=\"Redfoxlotto\" href=\"https:\/\/gambling6.com\/go\/redfoxlotto\/\" target=\"_blank\" rel=\"nofollow noopener\">v\u00e1s\u00e1rold meg jegyeidet online m\u00e9g ma partner\u00fcnkn\u00e9l, a RedFoxLotto.com-n\u00e1l.<\/a><img loading=\"lazy\" decoding=\"async\" class=\" alignright size-full wp-image-562\" style=\"margin: 10px; border: 5px solid #ffffff; float: right;\" src=\"http:\/\/gambling6.com\/wp-content\/uploads\/2013\/12\/get-online-649-lotto-tickets.png\" alt=\"Lotto 6\/49 Kanada\" width=\"300\" height=\"190\" \/><\/p>\n<p>Annak val\u00f3sz\u00edn\u0171s\u00e9ge, hogy valaki megnyeri a f\u0151nyerem\u00e9nyt a kanadai Lotto 6\/49-en, 13 983 816:1. A nyerem\u00e9ny megszerz\u00e9s\u00e9nek \u00f6sszes\u00edtett es\u00e9lye nagyj\u00e1b\u00f3l 1 a 32-h\u00f6z. Online szelv\u00e9nyek megszerz\u00e9s\u00e9hez el\u0151sz\u00f6r hat f\u0151 goly\u00f3t kell kiv\u00e1lasztania 1-t\u0151l 49-ig. <strong>Ahhoz, hogy r\u00e9szesedjen a jackpotb\u00f3l, mind a hat kih\u00fazott sz\u00e1mot el kell tal\u00e1lnia<\/strong>. A 2. d\u00edj megszerz\u00e9s\u00e9hez \u00f6t f\u0151 sz\u00e1mot \u00e9s a b\u00f3nusz sz\u00e1mot kell helyesen eltal\u00e1lnia. A sorsol\u00e1sok szombat \u00e9s szerda este, Kanad\u00e1ban EST szerint k\u00f6r\u00fclbel\u00fcl 19:10-kor zajlanak. Hat nyerem\u00e9nyszint van, \u00e9s ha senki sem ig\u00e9nyli a jackpotot, akkor azt a k\u00f6vetkez\u0151 j\u00e1t\u00e9kra viszi \u00e1t, am\u00edg valaki v\u00e9g\u00fcl meg nem nyeri. <\/p>\n<h2>J\u00e1tssz hatalmas jackpotok\u00e9rt online szelv\u00e9nyekkel a Lott\u00f3 6\/49-re<\/h2>\n<table style=\"width: 500px;\" border=\"1\" cellspacing=\"5\" cellpadding=\"5\" align=\"center\">\n<tbody>\n<tr>\n<td colspan=\"3\" align=\"center\">A 2013-as \u00f6t legnagyobb jackpot<\/td>\n<\/tr>\n<tr>\n<td>Sorol\u00e1s<\/td>\n<td align=\"center\">D\u00e1tum<\/td>\n<td align=\"center\">Jackpot (USD)<\/td>\n<\/tr>\n<tr>\n<td>6\/49-es Lott\u00f3 &#8211; Kanada<\/td>\n<td align=\"center\">2013. \u00e1prilis 13.<\/td>\n<td align=\"right\">58 974 913 $<\/td>\n<\/tr>\n<tr>\n<td>6\/49-es Lott\u00f3 &#8211; Kanada<\/td>\n<td align=\"center\">2013. okt\u00f3ber 12.<\/td>\n<td align=\"right\">37 200 000 $<\/td>\n<\/tr>\n<tr>\n<td>6\/49-es Lott\u00f3 &#8211; Kanada<\/td>\n<td align=\"center\">2013. okt\u00f3ber 30.<\/td>\n<td align=\"right\">18 807 390 $<\/td>\n<\/tr>\n<tr>\n<td>6\/49-es Lott\u00f3 &#8211; Kanada<\/td>\n<td align=\"center\">2013. j\u00falius 6.<\/td>\n<td align=\"right\">18 351 756 $<\/td>\n<\/tr>\n<tr>\n<td>6\/49-es Lott\u00f3 &#8211; Kanada<\/td>\n<td align=\"center\">2013. december 4.<\/td>\n<td align=\"right\">17 670 000 $<\/td>\n<\/tr>\n<\/tbody>\n<\/table>\n<h2>Sz\u00e1mos nyerem\u00e9nyszint k\u00f6z\u00fcl v\u00e1laszthat online lott\u00f3szelv\u00e9nyekkel<\/h2>\n<p>A h\u00e9t k\u00fcl\u00f6nb\u00f6z\u0151 nyerem\u00e9nyoszt\u00e1lyban val\u00f3 nyer\u00e9s lehet\u0151s\u00e9ge \u00faj lehet\u0151s\u00e9gek t\u00e1rh\u00e1z\u00e1t nyitja meg, amikor online v\u00e1s\u00e1rol szelv\u00e9nyeket a Lotto 6\/49-re. Sokan val\u00f3j\u00e1ban elfelejtik az \u00f6sszes extra szintet, amelyeken nyerem\u00e9nyt lehet nyerni. Fontos, hogy miut\u00e1n megv\u00e1s\u00e1rolta a szelv\u00e9nyeket, ellen\u0151rizze \u0151ket, hogy nyert-e valamit.<\/p>\n<p>T\u00e9ny, hogy sokan hetente v\u00e1s\u00e1rolnak szelv\u00e9nyeket, \u00e9s nem ellen\u0151rzik, hogy nyertek-e valamit, miut\u00e1n meghallott\u00e1k, hogy valaki m\u00e1s v\u00e1s\u00e1rolt szelv\u00e9nyt egy m\u00e1sik helysz\u00ednen, mint az \u00f6v\u00e9k, \u00e9s megnyerte a f\u0151nyerem\u00e9nyt. <b>Amilyen egyszer\u0171 online Lotto 6\/49 szelv\u00e9nyeket v\u00e1s\u00e1rolni, ugyanolyan egyszer\u0171 online ellen\u0151rizni is a szelv\u00e9nyeit.<\/b> Sz\u00e1mos eszk\u00f6z \u00e1ll rendelkez\u00e9sre, amelyek seg\u00edtenek a vil\u00e1g legnagyobb lott\u00f3inak adatb\u00e1zisaiban val\u00f3 keres\u00e9sben.<\/p>\n<table style=\"width: 500px;\" border=\"1\" cellspacing=\"5\" cellpadding=\"5\" align=\"center\">\n<tbody>\n<tr>\n<td colspan=\"3\" align=\"center\">Lotto 6\/49 &#8211; Kanadai nyerem\u00e9nyoszt\u00e1lyok<\/td>\n<\/tr>\n<tr>\n<td>Nyerem\u00e9ny<\/td>\n<td align=\"center\">M\u00e9rk\u0151z\u00e9sek<\/td>\n<td align=\"center\">Nyer\u00e9si es\u00e9lyek<\/td>\n<\/tr>\n<tr>\n<td>1. (f\u0151nyerem\u00e9ny)<\/td>\n<td align=\"center\">6<\/td>\n<td align=\"right\">13 983 816 : 1<\/td>\n<\/tr>\n<tr>\n<td>2.<\/td>\n<td align=\"center\">5 + 1<\/td>\n<td align=\"right\">2 330 636 : 1<\/td>\n<\/tr>\n<tr>\n<td>3.<\/td>\n<td align=\"center\">5<\/td>\n<td align=\"right\">55 492 : 1<\/td>\n<\/tr>\n<tr>\n<td>4.<\/td>\n<td align=\"center\">4<\/td>\n<td align=\"right\">1033 : 1<\/td>\n<\/tr>\n<tr>\n<td>5.<\/td>\n<td align=\"center\">3<\/td>\n<td align=\"right\">57 : 1<\/td>\n<\/tr>\n<tr>\n<td>6.<\/td>\n<td align=\"center\">2 + 1<\/td>\n<td align=\"right\">81 : 1<\/td>\n<\/tr>\n<tr>\n<td>7.<\/td>\n<td align=\"center\">2<\/td>\n<td align=\"right\">8 : 1<\/td>\n<\/tr>\n<\/tbody>\n<\/table>\n<p style=\"text-align: center;\"><strong>J\u00e1tssz online a kanadai lott\u00f3n a 6\/49-es sz\u00e1mon, \u00e9s \u00e9lvezd a milliomoss\u00e1 v\u00e1l\u00e1s szabads\u00e1g\u00e1t!<\/strong><\/p>\n","protected":false},"excerpt":{"rendered":"<p>Kanada Lotto 6\/49 1982 \u00f3ta Kanad\u00e1ban k\u00e9t dolog volt garant\u00e1lt t\u00e9len. Az els\u0151 dolog, amire sz\u00e1m\u00edthatt\u00e1l, az az volt, hogy n\u00e9zheted a Hockey Night in Canada-t a CBC-n. A m\u00e1sodik dolog, amit megj\u00f3solhatsz, az volt, hogy valaki milliomos lesz a Lotto 6\/49-en j\u00e1tszva. Ma is sz\u00e1m\u00edthatsz a szombat esti sorsol\u00e1sra. A nagy k\u00fcl\u00f6nbs\u00e9g ma az, [&hellip;]<\/p>\n","protected":false},"author":1,"featured_media":9478,"parent":9302,"menu_order":5,"comment_status":"closed","ping_status":"closed","template":"","meta":{"footnotes":""},"class_list":["post-9492","page","type-page","status-publish","has-post-thumbnail","hentry"],"yoast_head":"<!-- This site is optimized with the Yoast SEO plugin v27.4 - https:\/\/yoast.com\/product\/yoast-seo-wordpress\/ -->\n<title>Szerezzen online jegyeket a kanadai 6\/49-es lott\u00f3ra<\/title>\n<meta name=\"description\" content=\"Most m\u00e1r k\u00f6nnyen online lehet jegyet v\u00e1s\u00e1rolni a Lotto 6\/49-re Kanad\u00e1ban.\" \/>\n<meta name=\"robots\" content=\"index, follow, max-snippet:-1, max-image-preview:large, max-video-preview:-1\" \/>\n<link rel=\"canonical\" href=\"https:\/\/gambling6.com\/hu\/lotto\/vegyen-reszt-a-kanadai-6-49-es-lotton\/\" \/>\n<meta property=\"og:locale\" content=\"hu_HU\" \/>\n<meta property=\"og:type\" content=\"article\" \/>\n<meta property=\"og:title\" content=\"Szerezzen online jegyeket a kanadai 6\/49-es lott\u00f3ra\" \/>\n<meta property=\"og:description\" content=\"Most m\u00e1r k\u00f6nnyen online lehet jegyet v\u00e1s\u00e1rolni a Lotto 6\/49-re Kanad\u00e1ban.\" \/>\n<meta property=\"og:url\" content=\"https:\/\/gambling6.com\/hu\/lotto\/vegyen-reszt-a-kanadai-6-49-es-lotton\/\" \/>\n<meta property=\"og:site_name\" content=\"Gambling6\" \/>\n<meta property=\"og:image\" content=\"https:\/\/gambling6.com\/wp-content\/uploads\/2013\/12\/get-online-649-lotto-tickets.png\" \/>\n\t<meta property=\"og:image:width\" content=\"300\" \/>\n\t<meta property=\"og:image:height\" content=\"190\" \/>\n\t<meta property=\"og:image:type\" content=\"image\/png\" \/>\n<meta name=\"twitter:card\" content=\"summary_large_image\" \/>\n<meta name=\"twitter:label1\" content=\"Becs\u00fclt olvas\u00e1si id\u0151\" \/>\n\t<meta name=\"twitter:data1\" content=\"2 perc\" \/>\n<script type=\"application\/ld+json\" class=\"yoast-schema-graph\">{\"@context\":\"https:\\\/\\\/schema.org\",\"@graph\":[{\"@type\":\"WebPage\",\"@id\":\"https:\\\/\\\/gambling6.com\\\/hu\\\/lotto\\\/vegyen-reszt-a-kanadai-6-49-es-lotton\\\/\",\"url\":\"https:\\\/\\\/gambling6.com\\\/hu\\\/lotto\\\/vegyen-reszt-a-kanadai-6-49-es-lotton\\\/\",\"name\":\"Szerezzen online jegyeket a kanadai 6\\\/49-es lott\u00f3ra\",\"isPartOf\":{\"@id\":\"https:\\\/\\\/gambling6.com\\\/hu\\\/#website\"},\"primaryImageOfPage\":{\"@id\":\"https:\\\/\\\/gambling6.com\\\/hu\\\/lotto\\\/vegyen-reszt-a-kanadai-6-49-es-lotton\\\/#primaryimage\"},\"image\":{\"@id\":\"https:\\\/\\\/gambling6.com\\\/hu\\\/lotto\\\/vegyen-reszt-a-kanadai-6-49-es-lotton\\\/#primaryimage\"},\"thumbnailUrl\":\"https:\\\/\\\/gambling6.com\\\/wp-content\\\/uploads\\\/2013\\\/12\\\/get-online-649-lotto-tickets.png\",\"datePublished\":\"2025-11-11T03:27:43+00:00\",\"description\":\"Most m\u00e1r k\u00f6nnyen online lehet jegyet v\u00e1s\u00e1rolni a Lotto 6\\\/49-re Kanad\u00e1ban.\",\"breadcrumb\":{\"@id\":\"https:\\\/\\\/gambling6.com\\\/hu\\\/lotto\\\/vegyen-reszt-a-kanadai-6-49-es-lotton\\\/#breadcrumb\"},\"inLanguage\":\"hu\",\"potentialAction\":[{\"@type\":\"ReadAction\",\"target\":[\"https:\\\/\\\/gambling6.com\\\/hu\\\/lotto\\\/vegyen-reszt-a-kanadai-6-49-es-lotton\\\/\"]}]},{\"@type\":\"ImageObject\",\"inLanguage\":\"hu\",\"@id\":\"https:\\\/\\\/gambling6.com\\\/hu\\\/lotto\\\/vegyen-reszt-a-kanadai-6-49-es-lotton\\\/#primaryimage\",\"url\":\"https:\\\/\\\/gambling6.com\\\/wp-content\\\/uploads\\\/2013\\\/12\\\/get-online-649-lotto-tickets.png\",\"contentUrl\":\"https:\\\/\\\/gambling6.com\\\/wp-content\\\/uploads\\\/2013\\\/12\\\/get-online-649-lotto-tickets.png\",\"width\":300,\"height\":190},{\"@type\":\"BreadcrumbList\",\"@id\":\"https:\\\/\\\/gambling6.com\\\/hu\\\/lotto\\\/vegyen-reszt-a-kanadai-6-49-es-lotton\\\/#breadcrumb\",\"itemListElement\":[{\"@type\":\"ListItem\",\"position\":1,\"name\":\"Home\",\"item\":\"https:\\\/\\\/gambling6.com\\\/hu\\\/home\\\/\"},{\"@type\":\"ListItem\",\"position\":2,\"name\":\"Lott\u00f3\",\"item\":\"https:\\\/\\\/gambling6.com\\\/hu\\\/lotto\\\/\"},{\"@type\":\"ListItem\",\"position\":3,\"name\":\"Vegyen r\u00e9szt a kanadai 6\\\/49-es lott\u00f3n\"}]},{\"@type\":\"WebSite\",\"@id\":\"https:\\\/\\\/gambling6.com\\\/hu\\\/#website\",\"url\":\"https:\\\/\\\/gambling6.com\\\/hu\\\/\",\"name\":\"Gambling6\",\"description\":\"\",\"potentialAction\":[{\"@type\":\"SearchAction\",\"target\":{\"@type\":\"EntryPoint\",\"urlTemplate\":\"https:\\\/\\\/gambling6.com\\\/hu\\\/?s={search_term_string}\"},\"query-input\":{\"@type\":\"PropertyValueSpecification\",\"valueRequired\":true,\"valueName\":\"search_term_string\"}}],\"inLanguage\":\"hu\"}]}<\/script>\n<!-- \/ Yoast SEO plugin. -->","yoast_head_json":{"title":"Szerezzen online jegyeket a kanadai 6\/49-es lott\u00f3ra","description":"Most m\u00e1r k\u00f6nnyen online lehet jegyet v\u00e1s\u00e1rolni a Lotto 6\/49-re Kanad\u00e1ban.","robots":{"index":"index","follow":"follow","max-snippet":"max-snippet:-1","max-image-preview":"max-image-preview:large","max-video-preview":"max-video-preview:-1"},"canonical":"https:\/\/gambling6.com\/hu\/lotto\/vegyen-reszt-a-kanadai-6-49-es-lotton\/","og_locale":"hu_HU","og_type":"article","og_title":"Szerezzen online jegyeket a kanadai 6\/49-es lott\u00f3ra","og_description":"Most m\u00e1r k\u00f6nnyen online lehet jegyet v\u00e1s\u00e1rolni a Lotto 6\/49-re Kanad\u00e1ban.","og_url":"https:\/\/gambling6.com\/hu\/lotto\/vegyen-reszt-a-kanadai-6-49-es-lotton\/","og_site_name":"Gambling6","og_image":[{"width":300,"height":190,"url":"https:\/\/gambling6.com\/wp-content\/uploads\/2013\/12\/get-online-649-lotto-tickets.png","type":"image\/png"}],"twitter_card":"summary_large_image","twitter_misc":{"Becs\u00fclt olvas\u00e1si id\u0151":"2 perc"},"schema":{"@context":"https:\/\/schema.org","@graph":[{"@type":"WebPage","@id":"https:\/\/gambling6.com\/hu\/lotto\/vegyen-reszt-a-kanadai-6-49-es-lotton\/","url":"https:\/\/gambling6.com\/hu\/lotto\/vegyen-reszt-a-kanadai-6-49-es-lotton\/","name":"Szerezzen online jegyeket a kanadai 6\/49-es lott\u00f3ra","isPartOf":{"@id":"https:\/\/gambling6.com\/hu\/#website"},"primaryImageOfPage":{"@id":"https:\/\/gambling6.com\/hu\/lotto\/vegyen-reszt-a-kanadai-6-49-es-lotton\/#primaryimage"},"image":{"@id":"https:\/\/gambling6.com\/hu\/lotto\/vegyen-reszt-a-kanadai-6-49-es-lotton\/#primaryimage"},"thumbnailUrl":"https:\/\/gambling6.com\/wp-content\/uploads\/2013\/12\/get-online-649-lotto-tickets.png","datePublished":"2025-11-11T03:27:43+00:00","description":"Most m\u00e1r k\u00f6nnyen online lehet jegyet v\u00e1s\u00e1rolni a Lotto 6\/49-re Kanad\u00e1ban.","breadcrumb":{"@id":"https:\/\/gambling6.com\/hu\/lotto\/vegyen-reszt-a-kanadai-6-49-es-lotton\/#breadcrumb"},"inLanguage":"hu","potentialAction":[{"@type":"ReadAction","target":["https:\/\/gambling6.com\/hu\/lotto\/vegyen-reszt-a-kanadai-6-49-es-lotton\/"]}]},{"@type":"ImageObject","inLanguage":"hu","@id":"https:\/\/gambling6.com\/hu\/lotto\/vegyen-reszt-a-kanadai-6-49-es-lotton\/#primaryimage","url":"https:\/\/gambling6.com\/wp-content\/uploads\/2013\/12\/get-online-649-lotto-tickets.png","contentUrl":"https:\/\/gambling6.com\/wp-content\/uploads\/2013\/12\/get-online-649-lotto-tickets.png","width":300,"height":190},{"@type":"BreadcrumbList","@id":"https:\/\/gambling6.com\/hu\/lotto\/vegyen-reszt-a-kanadai-6-49-es-lotton\/#breadcrumb","itemListElement":[{"@type":"ListItem","position":1,"name":"Home","item":"https:\/\/gambling6.com\/hu\/home\/"},{"@type":"ListItem","position":2,"name":"Lott\u00f3","item":"https:\/\/gambling6.com\/hu\/lotto\/"},{"@type":"ListItem","position":3,"name":"Vegyen r\u00e9szt a kanadai 6\/49-es lott\u00f3n"}]},{"@type":"WebSite","@id":"https:\/\/gambling6.com\/hu\/#website","url":"https:\/\/gambling6.com\/hu\/","name":"Gambling6","description":"","potentialAction":[{"@type":"SearchAction","target":{"@type":"EntryPoint","urlTemplate":"https:\/\/gambling6.com\/hu\/?s={search_term_string}"},"query-input":{"@type":"PropertyValueSpecification","valueRequired":true,"valueName":"search_term_string"}}],"inLanguage":"hu"}]}},"_links":{"self":[{"href":"https:\/\/gambling6.com\/hu\/wp-json\/wp\/v2\/pages\/9492","targetHints":{"allow":["GET"]}}],"collection":[{"href":"https:\/\/gambling6.com\/hu\/wp-json\/wp\/v2\/pages"}],"about":[{"href":"https:\/\/gambling6.com\/hu\/wp-json\/wp\/v2\/types\/page"}],"author":[{"embeddable":true,"href":"https:\/\/gambling6.com\/hu\/wp-json\/wp\/v2\/users\/1"}],"replies":[{"embeddable":true,"href":"https:\/\/gambling6.com\/hu\/wp-json\/wp\/v2\/comments?post=9492"}],"version-history":[{"count":0,"href":"https:\/\/gambling6.com\/hu\/wp-json\/wp\/v2\/pages\/9492\/revisions"}],"up":[{"embeddable":true,"href":"https:\/\/gambling6.com\/hu\/wp-json\/wp\/v2\/pages\/9302"}],"wp:featuredmedia":[{"embeddable":true,"href":"https:\/\/gambling6.com\/hu\/wp-json\/wp\/v2\/media\/9478"}],"wp:attachment":[{"href":"https:\/\/gambling6.com\/hu\/wp-json\/wp\/v2\/media?parent=9492"}],"curies":[{"name":"wp","href":"https:\/\/api.w.org\/{rel}","templated":true}]}}