{"id":9625,"date":"2025-11-11T08:14:10","date_gmt":"2025-11-11T08:14:10","guid":{"rendered":"https:\/\/gambling6.com\/lotto\/vasaroljon-jegyeket-a-florida-lottery-online\/"},"modified":"2025-11-11T08:14:10","modified_gmt":"2025-11-11T08:14:10","slug":"vasaroljon-jegyeket-a-florida-lottery-online","status":"publish","type":"page","link":"https:\/\/gambling6.com\/hu\/lotto\/vasaroljon-jegyeket-a-florida-lottery-online\/","title":{"rendered":"V\u00e1s\u00e1roljon jegyeket a Florida Lottery online"},"content":{"rendered":"<h2>Florida Lotto<\/h2>\n<p>Forr\u00f3 \u00e1llam, forr\u00f3 lott\u00f3! A floridaiak minden bizonnyal egyet\u00e9rtenek abban, hogy a lott\u00f3juk k\u00f6telez\u0151 minden szerd\u00e1n \u00e9s szombaton. A 2 milli\u00f3 doll\u00e1rt\u00f3l kezd\u0151d\u0151 \u00e9s gyakran 10 milli\u00f3 feletti jackpotokkal a Florida Lott\u00f3 hihetetlen\u00fcl n\u00e9pszer\u0171v\u00e9 v\u00e1lt a h\u00f3madarak \u00e9s az online lott\u00f3 fanatikusok k\u00f6r\u00e9ben. <strong>K\u00f6nnyebb online beszerezni a Florida Lott\u00f3 szelv\u00e9nyeit, mint Florid\u00e1ba utazni a megv\u00e1s\u00e1rl\u00e1sukhoz.<\/strong><\/p>\n<p>B\u00e1r a jackpot megnyer\u00e9s\u00e9nek es\u00e9lye 1 a 22 957 480-hoz,<strong>jobb, mint 1 a 67-hez az es\u00e9lye annak, hogy megnyerje a n\u00e9gy szint egyik nyerem\u00e9ny\u00e9t<\/strong>. Mivel csak n\u00e9gy nyerem\u00e9nyszint van, a p\u00e9nz\u00f6sszegek magasabbak, mint a legt\u00f6bb m\u00e1s lott\u00f3n. A jackpot megnyer\u00e9se azonban nem kiz\u00e1rt. A rekord jackpot alig t\u00f6bb mint 106 milli\u00f3 doll\u00e1r volt; ez volt az amerikai t\u00f6rt\u00e9nelem egyik legnagyobb jackpotja abban az id\u0151ben, amikor megnyert\u00e9k. <\/p>\n<h2>Florida Lotto t\u00e1mogatja az oktat\u00e1st<\/h2>\n<p>1988-ban hozt\u00e1k l\u00e9tre a Florida Lott\u00f3t, hogy seg\u00edts\u00e9k az oktat\u00e1st Florida \u00e1llamban. Sok p\u00e9nzt gy\u0171jt\u00f6ttek \u00f6ssze az \u00fcgy \u00e9rdek\u00e9ben, \u00e9s az online \u00e9rt\u00e9kes\u00edt\u00e9s hozz\u00e1ad\u00e1s\u00e1val a Florida Lott\u00f3 jackpotjai gyorsan n\u00f6vekedtek. Ezt bizony\u00edtja az 1990-es rekord 106 milli\u00f3 doll\u00e1ros jackpot. <strong>Ezt a rekord jackpotot hat k\u00fcl\u00f6nb\u00f6z\u0151 nyertes vitte el, \u00e9s mindegyik\u00fcknek szerepeltek a sz\u00e1mok a szelv\u00e9ny\u00e9n.<\/strong><\/p>\n<p>A lott\u00f3 lej\u00e1tsz\u00e1s\u00e1hoz hat sz\u00e1mot kell v\u00e1lasztania 1 \u00e9s 53 k\u00f6z\u00f6tt. A jackpot ig\u00e9nyl\u00e9s\u00e9hez egyszer\u0171en mind a hat sz\u00e1mot el kell tal\u00e1lnia. Ha a jackpotot nem ig\u00e9nylik, akkor a k\u00f6vetkez\u0151 sorsol\u00e1sra ker\u00fcl. Online szelv\u00e9nytulajdonosk\u00e9nt lehet\u0151s\u00e9ge van n\u00e9gy k\u00fcl\u00f6nb\u00f6z\u0151 nyerem\u00e9nyszinten nyerni, amelyekkel ak\u00e1r nagy p\u00e9nzeket is behajthat.<\/p>\n<p>Tal\u00e1n nem b\u00edrja a forr\u00f3 floridai \u00e9ghajlatot. Ennek ellen\u00e9re mindenk\u00e9ppen <a class=\"thirstylink\" title=\"TheLotter en\" href=\"https:\/\/gambling6.com\/go\/thelotter-en\/\" target=\"_blank\" rel=\"nofollow noopener\"><strong>kihaszn\u00e1lhatja az online szelv\u00e9nyek beszerz\u00e9s\u00e9nek lehet\u0151s\u00e9g\u00e9t a Florida Lottora, ha felkeresi partner\u00fcnket, a TheLottert<\/strong>.<\/a><\/p>\n<p>&nbsp;<\/p>\n<table style=\"width: 500px;\" border=\"1\" cellspacing=\"5\" cellpadding=\"5\" align=\"center\">\n<tbody>\n<tr>\n<td colspan=\"3\" align=\"center\">2013 legnagyobb jackpotjai<\/td>\n<\/tr>\n<tr>\n<td>Sorol\u00e1s<\/td>\n<td align=\"center\">D\u00e1tum<\/td>\n<td align=\"center\">Jackpot (USD)<\/td>\n<\/tr>\n<tr>\n<td>Florida Lotto &#8211; USA<\/td>\n<td align=\"center\">2013. augusztus 24.<\/td>\n<td align=\"right\">58 000 000 $<\/td>\n<\/tr>\n<tr>\n<td>Florida Lotto &#8211; USA<\/td>\n<td align=\"center\">2013. december 18.<\/td>\n<td align=\"right\">46 000 000 doll\u00e1r<\/td>\n<\/tr>\n<\/tbody>\n<\/table>\n<table style=\"width: 500px;\" border=\"1\" cellspacing=\"5\" cellpadding=\"5\" align=\"center\">\n<tbody>\n<tr>\n<td colspan=\"3\" align=\"center\">Florida Lotto &#8211; USA Nyerem\u00e9nyoszt\u00e1lyok<\/td>\n<\/tr>\n<tr>\n<td>Nyerem\u00e9ny<\/td>\n<td align=\"center\">M\u00e9rk\u0151z\u00e9sek<\/td>\n<td align=\"center\">Es\u00e9lyek<\/td>\n<\/tr>\n<tr>\n<td>1. (F\u0151nyerem\u00e9ny)<\/td>\n<td align=\"center\">6<\/td>\n<td align=\"right\">22 957 480 : 1<\/td>\n<\/tr>\n<tr>\n<td>2.<\/td>\n<td align=\"center\">5<\/td>\n<td align=\"right\">81 410 : 1<\/td>\n<\/tr>\n<tr>\n<td>3.<\/td>\n<td align=\"center\">4<\/td>\n<td align=\"right\">1416:1<\/td>\n<\/tr>\n<tr>\n<td>4.<\/td>\n<td align=\"center\">3<\/td>\n<td align=\"right\">71:1<\/td>\n<\/tr>\n<\/tbody>\n<\/table>\n","protected":false},"excerpt":{"rendered":"<p>Florida Lotto Forr\u00f3 \u00e1llam, forr\u00f3 lott\u00f3! A floridaiak minden bizonnyal egyet\u00e9rtenek abban, hogy a lott\u00f3juk k\u00f6telez\u0151 minden szerd\u00e1n \u00e9s szombaton. A 2 milli\u00f3 doll\u00e1rt\u00f3l kezd\u0151d\u0151 \u00e9s gyakran 10 milli\u00f3 feletti jackpotokkal a Florida Lott\u00f3 hihetetlen\u00fcl n\u00e9pszer\u0171v\u00e9 v\u00e1lt a h\u00f3madarak \u00e9s az online lott\u00f3 fanatikusok k\u00f6r\u00e9ben. K\u00f6nnyebb online beszerezni a Florida Lott\u00f3 szelv\u00e9nyeit, mint Florid\u00e1ba utazni [&hellip;]<\/p>\n","protected":false},"author":1,"featured_media":0,"parent":9302,"menu_order":11,"comment_status":"closed","ping_status":"closed","template":"","meta":{"footnotes":""},"class_list":["post-9625","page","type-page","status-publish","hentry"],"yoast_head":"<!-- This site is optimized with the Yoast SEO plugin v27.4 - https:\/\/yoast.com\/product\/yoast-seo-wordpress\/ -->\n<title>Szerezzen online jegyeket a floridai lott\u00f3ra<\/title>\n<meta name=\"description\" content=\"Vegyen r\u00e9szt a Florida Lott\u00f3n, \u00e9s gy\u0151zze le a h\u0151s\u00e9get online jegyv\u00e1s\u00e1rl\u00e1ssal.\" \/>\n<meta name=\"robots\" content=\"index, follow, max-snippet:-1, max-image-preview:large, max-video-preview:-1\" \/>\n<link rel=\"canonical\" href=\"https:\/\/gambling6.com\/hu\/lotto\/vasaroljon-jegyeket-a-florida-lottery-online\/\" \/>\n<meta property=\"og:locale\" content=\"hu_HU\" \/>\n<meta property=\"og:type\" content=\"article\" \/>\n<meta property=\"og:title\" content=\"Szerezzen online jegyeket a floridai lott\u00f3ra\" \/>\n<meta property=\"og:description\" content=\"Vegyen r\u00e9szt a Florida Lott\u00f3n, \u00e9s gy\u0151zze le a h\u0151s\u00e9get online jegyv\u00e1s\u00e1rl\u00e1ssal.\" \/>\n<meta property=\"og:url\" content=\"https:\/\/gambling6.com\/hu\/lotto\/vasaroljon-jegyeket-a-florida-lottery-online\/\" \/>\n<meta property=\"og:site_name\" content=\"Gambling6\" \/>\n<meta name=\"twitter:card\" content=\"summary_large_image\" \/>\n<meta name=\"twitter:label1\" content=\"Becs\u00fclt olvas\u00e1si id\u0151\" \/>\n\t<meta name=\"twitter:data1\" content=\"2 perc\" \/>\n<script type=\"application\/ld+json\" class=\"yoast-schema-graph\">{\"@context\":\"https:\\\/\\\/schema.org\",\"@graph\":[{\"@type\":\"WebPage\",\"@id\":\"https:\\\/\\\/gambling6.com\\\/hu\\\/lotto\\\/vasaroljon-jegyeket-a-florida-lottery-online\\\/\",\"url\":\"https:\\\/\\\/gambling6.com\\\/hu\\\/lotto\\\/vasaroljon-jegyeket-a-florida-lottery-online\\\/\",\"name\":\"Szerezzen online jegyeket a floridai lott\u00f3ra\",\"isPartOf\":{\"@id\":\"https:\\\/\\\/gambling6.com\\\/hu\\\/#website\"},\"datePublished\":\"2025-11-11T08:14:10+00:00\",\"description\":\"Vegyen r\u00e9szt a Florida Lott\u00f3n, \u00e9s gy\u0151zze le a h\u0151s\u00e9get online jegyv\u00e1s\u00e1rl\u00e1ssal.\",\"breadcrumb\":{\"@id\":\"https:\\\/\\\/gambling6.com\\\/hu\\\/lotto\\\/vasaroljon-jegyeket-a-florida-lottery-online\\\/#breadcrumb\"},\"inLanguage\":\"hu\",\"potentialAction\":[{\"@type\":\"ReadAction\",\"target\":[\"https:\\\/\\\/gambling6.com\\\/hu\\\/lotto\\\/vasaroljon-jegyeket-a-florida-lottery-online\\\/\"]}]},{\"@type\":\"BreadcrumbList\",\"@id\":\"https:\\\/\\\/gambling6.com\\\/hu\\\/lotto\\\/vasaroljon-jegyeket-a-florida-lottery-online\\\/#breadcrumb\",\"itemListElement\":[{\"@type\":\"ListItem\",\"position\":1,\"name\":\"Home\",\"item\":\"https:\\\/\\\/gambling6.com\\\/hu\\\/home\\\/\"},{\"@type\":\"ListItem\",\"position\":2,\"name\":\"Lott\u00f3\",\"item\":\"https:\\\/\\\/gambling6.com\\\/hu\\\/lotto\\\/\"},{\"@type\":\"ListItem\",\"position\":3,\"name\":\"V\u00e1s\u00e1roljon jegyeket a Florida Lottery online\"}]},{\"@type\":\"WebSite\",\"@id\":\"https:\\\/\\\/gambling6.com\\\/hu\\\/#website\",\"url\":\"https:\\\/\\\/gambling6.com\\\/hu\\\/\",\"name\":\"Gambling6\",\"description\":\"\",\"potentialAction\":[{\"@type\":\"SearchAction\",\"target\":{\"@type\":\"EntryPoint\",\"urlTemplate\":\"https:\\\/\\\/gambling6.com\\\/hu\\\/?s={search_term_string}\"},\"query-input\":{\"@type\":\"PropertyValueSpecification\",\"valueRequired\":true,\"valueName\":\"search_term_string\"}}],\"inLanguage\":\"hu\"}]}<\/script>\n<!-- \/ Yoast SEO plugin. -->","yoast_head_json":{"title":"Szerezzen online jegyeket a floridai lott\u00f3ra","description":"Vegyen r\u00e9szt a Florida Lott\u00f3n, \u00e9s gy\u0151zze le a h\u0151s\u00e9get online jegyv\u00e1s\u00e1rl\u00e1ssal.","robots":{"index":"index","follow":"follow","max-snippet":"max-snippet:-1","max-image-preview":"max-image-preview:large","max-video-preview":"max-video-preview:-1"},"canonical":"https:\/\/gambling6.com\/hu\/lotto\/vasaroljon-jegyeket-a-florida-lottery-online\/","og_locale":"hu_HU","og_type":"article","og_title":"Szerezzen online jegyeket a floridai lott\u00f3ra","og_description":"Vegyen r\u00e9szt a Florida Lott\u00f3n, \u00e9s gy\u0151zze le a h\u0151s\u00e9get online jegyv\u00e1s\u00e1rl\u00e1ssal.","og_url":"https:\/\/gambling6.com\/hu\/lotto\/vasaroljon-jegyeket-a-florida-lottery-online\/","og_site_name":"Gambling6","twitter_card":"summary_large_image","twitter_misc":{"Becs\u00fclt olvas\u00e1si id\u0151":"2 perc"},"schema":{"@context":"https:\/\/schema.org","@graph":[{"@type":"WebPage","@id":"https:\/\/gambling6.com\/hu\/lotto\/vasaroljon-jegyeket-a-florida-lottery-online\/","url":"https:\/\/gambling6.com\/hu\/lotto\/vasaroljon-jegyeket-a-florida-lottery-online\/","name":"Szerezzen online jegyeket a floridai lott\u00f3ra","isPartOf":{"@id":"https:\/\/gambling6.com\/hu\/#website"},"datePublished":"2025-11-11T08:14:10+00:00","description":"Vegyen r\u00e9szt a Florida Lott\u00f3n, \u00e9s gy\u0151zze le a h\u0151s\u00e9get online jegyv\u00e1s\u00e1rl\u00e1ssal.","breadcrumb":{"@id":"https:\/\/gambling6.com\/hu\/lotto\/vasaroljon-jegyeket-a-florida-lottery-online\/#breadcrumb"},"inLanguage":"hu","potentialAction":[{"@type":"ReadAction","target":["https:\/\/gambling6.com\/hu\/lotto\/vasaroljon-jegyeket-a-florida-lottery-online\/"]}]},{"@type":"BreadcrumbList","@id":"https:\/\/gambling6.com\/hu\/lotto\/vasaroljon-jegyeket-a-florida-lottery-online\/#breadcrumb","itemListElement":[{"@type":"ListItem","position":1,"name":"Home","item":"https:\/\/gambling6.com\/hu\/home\/"},{"@type":"ListItem","position":2,"name":"Lott\u00f3","item":"https:\/\/gambling6.com\/hu\/lotto\/"},{"@type":"ListItem","position":3,"name":"V\u00e1s\u00e1roljon jegyeket a Florida Lottery online"}]},{"@type":"WebSite","@id":"https:\/\/gambling6.com\/hu\/#website","url":"https:\/\/gambling6.com\/hu\/","name":"Gambling6","description":"","potentialAction":[{"@type":"SearchAction","target":{"@type":"EntryPoint","urlTemplate":"https:\/\/gambling6.com\/hu\/?s={search_term_string}"},"query-input":{"@type":"PropertyValueSpecification","valueRequired":true,"valueName":"search_term_string"}}],"inLanguage":"hu"}]}},"_links":{"self":[{"href":"https:\/\/gambling6.com\/hu\/wp-json\/wp\/v2\/pages\/9625","targetHints":{"allow":["GET"]}}],"collection":[{"href":"https:\/\/gambling6.com\/hu\/wp-json\/wp\/v2\/pages"}],"about":[{"href":"https:\/\/gambling6.com\/hu\/wp-json\/wp\/v2\/types\/page"}],"author":[{"embeddable":true,"href":"https:\/\/gambling6.com\/hu\/wp-json\/wp\/v2\/users\/1"}],"replies":[{"embeddable":true,"href":"https:\/\/gambling6.com\/hu\/wp-json\/wp\/v2\/comments?post=9625"}],"version-history":[{"count":0,"href":"https:\/\/gambling6.com\/hu\/wp-json\/wp\/v2\/pages\/9625\/revisions"}],"up":[{"embeddable":true,"href":"https:\/\/gambling6.com\/hu\/wp-json\/wp\/v2\/pages\/9302"}],"wp:attachment":[{"href":"https:\/\/gambling6.com\/hu\/wp-json\/wp\/v2\/media?parent=9625"}],"curies":[{"name":"wp","href":"https:\/\/api.w.org\/{rel}","templated":true}]}}