{"id":9657,"date":"2025-11-11T09:16:13","date_gmt":"2025-11-11T09:16:13","guid":{"rendered":"https:\/\/gambling6.com\/lotto\/szerezzen-el-gordo-lottoszelvenyeket-barhonnan\/"},"modified":"2025-11-15T11:27:14","modified_gmt":"2025-11-15T11:27:14","slug":"szerezzen-el-gordo-lottoszelvenyeket-barhonnan","status":"publish","type":"page","link":"https:\/\/gambling6.com\/hu\/lotto\/szerezzen-el-gordo-lottoszelvenyeket-barhonnan\/","title":{"rendered":"Szerezzen El Gordo lott\u00f3szelv\u00e9nyeket b\u00e1rhonnan"},"content":{"rendered":"<h2>K\u00f6nnyen v\u00e1s\u00e1rolhat online szelv\u00e9nyeket az El Gordo lott\u00f3ra.<\/h2>\n<p><img loading=\"lazy\" decoding=\"async\" class=\" wp-image-1569 alignright\" src=\"https:\/\/gambling6.com\/wp-content\/uploads\/2022\/04\/2_ticket_spanish_lottery.jpg\" alt=\"a zs\u00edros jegy\" width=\"200\" height=\"274\" \/>Eur\u00f3p\u00e1ban az El Gordo lott\u00f3 hatalmas, \u00e9s Spanyolorsz\u00e1gban \u00e9s k\u00fclf\u00f6ld\u00f6n egyar\u00e1nt j\u00e1tszanak rajta az emberek. Hetente k\u00f6r\u00fclbel\u00fcl 6,5 milli\u00f3 eur\u00f3s minim\u00e1lis jackpotra sz\u00e1m\u00edthat. Hetente csak egy sorsol\u00e1s van vas\u00e1rnap, \u00e9s az emberek minden h\u00e9ten sorban \u00e1llnak, hogy j\u00e1tsszanak. A jackpot ak\u00e1r 26 milli\u00f3 eur\u00f3t is el\u00e9rhet. Ha azonban gyakoriak az \u00e1r\u00e1thelyez\u00e9sek (nem jackpot), akkor az el\u0151z\u0151 hetekr\u0151l \u00e1tvitel ut\u00e1n ak\u00e1r 35 milli\u00f3 eur\u00f3t is el\u00e9rhet.<\/p>\n<h2>Az eur\u00f3paiak hetente v\u00e1s\u00e1rolnak online lott\u00f3szelv\u00e9nyeket.<\/h2>\n<p>Eur\u00f3pa tov\u00e1bbra is n\u00f6vekv\u0151 lott\u00f3bev\u00e9teli forr\u00e1s; Minden h\u00e9ten t\u00f6bb milli\u00f3 j\u00e1t\u00e9kos \u00e1ll sorba, hogy j\u00e1tsszon a lott\u00f3n ezen a kontinensen. Ahhoz, hogy online szelv\u00e9nyeket szerezzen az El Gordo lott\u00f3ra, fel kell keresnie partner\u00fcnk, a RedFoxLotto oldal\u00e1t, be kell jelentkeznie fi\u00f3kj\u00e1ba, majd el kell d\u00f6ntenie, hogy gyorst\u00e9teket szeretne-e haszn\u00e1lni, vagy saj\u00e1t sz\u00e1mokat szeretne v\u00e1lasztani. Ha saj\u00e1t sz\u00e1mokat v\u00e1laszt, \u00f6t f\u0151sz\u00e1mot \u00e9s egy b\u00f3nuszsz\u00e1mot kell v\u00e1lasztania.<\/p>\n<p>Az eur\u00f3paiak online v\u00e1s\u00e1rolnak szelv\u00e9nyt a vas\u00e1rnapi sorsol\u00e1sra.<\/h2>\n<p>Az El Gordo, m\u00e1s n\u00e9ven a spanyol 6\/49 lott\u00f3, nem \u00f6sszekeverend\u0151 az El Gordo kar\u00e1csonyi lott\u00f3val. Ezt a n\u00e9pszer\u0171 heti lott\u00f3t vas\u00e1rnaponk\u00e9nt sorsolj\u00e1k. Amikor online szelv\u00e9nyt v\u00e1s\u00e1rol az El Gordo lott\u00f3ra, ne feledje, hogy 1:10 az es\u00e9lye a nyerem\u00e9nynek. Ez az\u00e9rt van, mert a jackpot megnyer\u00e9se mellett h\u00e9t k\u00fcl\u00f6nb\u00f6z\u0151 nyerem\u00e9nyszint is van.<\/p>\n<h2>Milli\u00f3kat k\u00f6ltenek havonta szelv\u00e9nyv\u00e1s\u00e1rl\u00e1sra.<\/h2>\n<p>Az eur\u00f3paiak az elm\u00falt \u00e9vekben meg\u0151r\u00fcltek a lott\u00f3szelv\u00e9nyek\u00e9rt. \u00c9szak-Amerika ut\u00e1n a m\u00e1sodik helyen \u00e1llnak, az eur\u00f3paiak \u00e9vente t\u00f6bb sz\u00e1zmilli\u00f3 doll\u00e1rt k\u00f6ltenek szelv\u00e9nyekre. Most, hogy online is lehet szelv\u00e9nyeket v\u00e1s\u00e1rolni vil\u00e1gszerte lott\u00f3kra, az elad\u00e1sok dr\u00e1maian megn\u0151ttek. Ha szeretn\u00e9d megv\u00e1s\u00e1rolni a szelv\u00e9nyeidet a k\u00f6zelg\u0151 El Gordo lott\u00f3ra,\u00a0<a class=\"thirstylink\" title=\"Redfoxlotto\" href=\"https:\/\/gambling6.com\/go\/redfoxlotto\/\" target=\"_blank\" rel=\"nofollow noopener\">egyszer\u0171en l\u00e1togass el partner\u00fcnk, a RedFoxLotto oldal\u00e1ra<\/a>, regisztr\u00e1lj egy fi\u00f3kot, \u00e9s m\u00e1ris j\u00f3 \u00faton haladhatsz afel\u00e9, hogy egyik napr\u00f3l a m\u00e1sikra multimilliomos legy\u00e9l.<\/p>\n<table style=\"width: 500px;\" border=\"1\" cellspacing=\"5\" cellpadding=\"5\" align=\"center\">\n<tbody>\n<tr>\n<td colspan=\"3\" align=\"center\">2013 legnagyobb jackpotjai<\/td>\n<\/tr>\n<tr>\n<td>Sorol\u00e1s<\/td>\n<td align=\"center\">D\u00e1tum<\/td>\n<td align=\"center\">Jackpot (USD)<\/td>\n<\/tr>\n<tr>\n<td>El Gordo &#8211; Spanyolorsz\u00e1g<\/td>\n<td align=\"center\">2013. okt\u00f3ber 13.<\/td>\n<td align=\"right\">13 327 360 $<\/td>\n<\/tr>\n<tr>\n<td>El Gordo &#8211; Spanyolorsz\u00e1g<\/td>\n<td align=\"center\">2013. augusztus 4.<\/td>\n<td align=\"right\">10 275 000 $<\/td>\n<\/tr>\n<tr>\n<td>El Gordo &#8211; Spanyolorsz\u00e1g<\/td>\n<td align=\"center\">2013. j\u00fanius 16.<\/td>\n<td align=\"right\">9 590 000 $<\/td>\n<\/tr>\n<tr>\n<td>El Gordo &#8211; Spanyolorsz\u00e1g<\/td>\n<td align=\"center\">2013. j\u00fanius 23.<\/td>\n<td align=\"right\">6 850 000 $<\/td>\n<\/tr>\n<\/tbody>\n<\/table>\n<p>&nbsp;<\/p>\n<table style=\"width: 500px;\" border=\"1\" cellspacing=\"5\" cellpadding=\"5\" align=\"center\">\n<tbody>\n<tr>\n<td colspan=\"3\" align=\"center\">El Gordo Lott\u00f3 &#8211; Spanyol 6\/49 Nyerem\u00e9nyszintek<\/td>\n<\/tr>\n<tr>\n<td>Nyerem\u00e9ny<\/td>\n<td align=\"center\">M\u00e9rk\u0151z\u00e9sek<\/td>\n<td align=\"center\">Es\u00e9lyek<\/td>\n<\/tr>\n<tr>\n<td>1. (F\u0151nyerem\u00e9ny)<\/td>\n<td align=\"center\">5 + 1<\/td>\n<td align=\"right\">31 625 100 : 1<\/td>\n<\/tr>\n<tr>\n<td>2.<\/td>\n<td align=\"center\">5<\/td>\n<td align=\"right\">3 513 900 : 1<\/td>\n<\/tr>\n<tr>\n<td>3.<\/td>\n<td align=\"center\">4 + 1<\/td>\n<td align=\"right\">129 082 : 1<\/td>\n<\/tr>\n<tr>\n<td>4.<\/td>\n<td align=\"center\">4<\/td>\n<td align=\"right\">14 342 : 1<\/td>\n<\/tr>\n<tr>\n<td>5.<\/td>\n<td align=\"center\">3 + 1<\/td>\n<td align=\"right\">2689 : 1<\/td>\n<\/tr>\n<tr>\n<td>6.<\/td>\n<td align=\"center\">3<\/td>\n<td align=\"right\">299 : 1<\/td>\n<\/tr>\n<tr>\n<td>7.<\/td>\n<td align=\"center\">2 + 1<\/td>\n<td align=\"right\">172 : 1<\/td>\n<\/tr>\n<tr>\n<td>8.<\/td>\n<td align=\"center\">2<\/td>\n<td align=\"right\">19 : 1<\/td>\n<\/tr>\n<tr>\n<td>9.<\/td>\n<td align=\"center\">0 + 1<\/td>\n<td align=\"right\">10 : 1<\/td>\n<\/tr>\n<\/tbody>\n<\/table>\n","protected":false},"excerpt":{"rendered":"<p>K\u00f6nnyen v\u00e1s\u00e1rolhat online szelv\u00e9nyeket az El Gordo lott\u00f3ra. Eur\u00f3p\u00e1ban az El Gordo lott\u00f3 hatalmas, \u00e9s Spanyolorsz\u00e1gban \u00e9s k\u00fclf\u00f6ld\u00f6n egyar\u00e1nt j\u00e1tszanak rajta az emberek. Hetente k\u00f6r\u00fclbel\u00fcl 6,5 milli\u00f3 eur\u00f3s minim\u00e1lis jackpotra sz\u00e1m\u00edthat. Hetente csak egy sorsol\u00e1s van vas\u00e1rnap, \u00e9s az emberek minden h\u00e9ten sorban \u00e1llnak, hogy j\u00e1tsszanak. A jackpot ak\u00e1r 26 milli\u00f3 eur\u00f3t is el\u00e9rhet. Ha [&hellip;]<\/p>\n","protected":false},"author":1,"featured_media":0,"parent":9302,"menu_order":3,"comment_status":"closed","ping_status":"closed","template":"","meta":{"footnotes":""},"class_list":["post-9657","page","type-page","status-publish","hentry"],"yoast_head":"<!-- This site is optimized with the Yoast SEO plugin v27.6 - https:\/\/yoast.com\/product\/yoast-seo-wordpress\/ -->\n<title>V\u00e1s\u00e1roljon szelv\u00e9nyeket az El Gordo lott\u00f3ra online<\/title>\n<meta name=\"description\" content=\"V\u00e1lj milliomoss\u00e1, ha online szerzed be szelv\u00e9nyeidet az El Gordo lott\u00f3ra.\" \/>\n<meta name=\"robots\" content=\"index, follow, max-snippet:-1, max-image-preview:large, max-video-preview:-1\" \/>\n<link rel=\"canonical\" href=\"https:\/\/gambling6.com\/hu\/lotto\/szerezzen-el-gordo-lottoszelvenyeket-barhonnan\/\" \/>\n<meta property=\"og:locale\" content=\"hu_HU\" \/>\n<meta property=\"og:type\" content=\"article\" \/>\n<meta property=\"og:title\" content=\"V\u00e1s\u00e1roljon szelv\u00e9nyeket az El Gordo lott\u00f3ra online\" \/>\n<meta property=\"og:description\" content=\"V\u00e1lj milliomoss\u00e1, ha online szerzed be szelv\u00e9nyeidet az El Gordo lott\u00f3ra.\" \/>\n<meta property=\"og:url\" content=\"https:\/\/gambling6.com\/hu\/lotto\/szerezzen-el-gordo-lottoszelvenyeket-barhonnan\/\" \/>\n<meta property=\"og:site_name\" content=\"Gambling6\" \/>\n<meta property=\"article:modified_time\" content=\"2025-11-15T11:27:14+00:00\" \/>\n<meta property=\"og:image\" content=\"https:\/\/gambling6.com\/wp-content\/uploads\/2022\/04\/2_ticket_spanish_lottery.jpg\" \/>\n\t<meta property=\"og:image:width\" content=\"219\" \/>\n\t<meta property=\"og:image:height\" content=\"300\" \/>\n\t<meta property=\"og:image:type\" content=\"image\/jpeg\" \/>\n<meta name=\"twitter:card\" content=\"summary_large_image\" \/>\n<meta name=\"twitter:label1\" content=\"Becs\u00fclt olvas\u00e1si id\u0151\" \/>\n\t<meta name=\"twitter:data1\" content=\"2 perc\" \/>\n<script type=\"application\/ld+json\" class=\"yoast-schema-graph\">{\"@context\":\"https:\\\/\\\/schema.org\",\"@graph\":[{\"@type\":\"WebPage\",\"@id\":\"https:\\\/\\\/gambling6.com\\\/hu\\\/lotto\\\/szerezzen-el-gordo-lottoszelvenyeket-barhonnan\\\/\",\"url\":\"https:\\\/\\\/gambling6.com\\\/hu\\\/lotto\\\/szerezzen-el-gordo-lottoszelvenyeket-barhonnan\\\/\",\"name\":\"V\u00e1s\u00e1roljon szelv\u00e9nyeket az El Gordo lott\u00f3ra online\",\"isPartOf\":{\"@id\":\"https:\\\/\\\/gambling6.com\\\/hu\\\/#website\"},\"primaryImageOfPage\":{\"@id\":\"https:\\\/\\\/gambling6.com\\\/hu\\\/lotto\\\/szerezzen-el-gordo-lottoszelvenyeket-barhonnan\\\/#primaryimage\"},\"image\":{\"@id\":\"https:\\\/\\\/gambling6.com\\\/hu\\\/lotto\\\/szerezzen-el-gordo-lottoszelvenyeket-barhonnan\\\/#primaryimage\"},\"thumbnailUrl\":\"https:\\\/\\\/gambling6.com\\\/wp-content\\\/uploads\\\/2022\\\/04\\\/2_ticket_spanish_lottery.jpg\",\"datePublished\":\"2025-11-11T09:16:13+00:00\",\"dateModified\":\"2025-11-15T11:27:14+00:00\",\"description\":\"V\u00e1lj milliomoss\u00e1, ha online szerzed be szelv\u00e9nyeidet az El Gordo lott\u00f3ra.\",\"breadcrumb\":{\"@id\":\"https:\\\/\\\/gambling6.com\\\/hu\\\/lotto\\\/szerezzen-el-gordo-lottoszelvenyeket-barhonnan\\\/#breadcrumb\"},\"inLanguage\":\"hu\",\"potentialAction\":[{\"@type\":\"ReadAction\",\"target\":[\"https:\\\/\\\/gambling6.com\\\/hu\\\/lotto\\\/szerezzen-el-gordo-lottoszelvenyeket-barhonnan\\\/\"]}]},{\"@type\":\"ImageObject\",\"inLanguage\":\"hu\",\"@id\":\"https:\\\/\\\/gambling6.com\\\/hu\\\/lotto\\\/szerezzen-el-gordo-lottoszelvenyeket-barhonnan\\\/#primaryimage\",\"url\":\"https:\\\/\\\/gambling6.com\\\/wp-content\\\/uploads\\\/2022\\\/04\\\/2_ticket_spanish_lottery.jpg\",\"contentUrl\":\"https:\\\/\\\/gambling6.com\\\/wp-content\\\/uploads\\\/2022\\\/04\\\/2_ticket_spanish_lottery.jpg\"},{\"@type\":\"BreadcrumbList\",\"@id\":\"https:\\\/\\\/gambling6.com\\\/hu\\\/lotto\\\/szerezzen-el-gordo-lottoszelvenyeket-barhonnan\\\/#breadcrumb\",\"itemListElement\":[{\"@type\":\"ListItem\",\"position\":1,\"name\":\"Home\",\"item\":\"https:\\\/\\\/gambling6.com\\\/hu\\\/home\\\/\"},{\"@type\":\"ListItem\",\"position\":2,\"name\":\"Lott\u00f3\",\"item\":\"https:\\\/\\\/gambling6.com\\\/hu\\\/lotto\\\/\"},{\"@type\":\"ListItem\",\"position\":3,\"name\":\"Szerezzen El Gordo lott\u00f3szelv\u00e9nyeket b\u00e1rhonnan\"}]},{\"@type\":\"WebSite\",\"@id\":\"https:\\\/\\\/gambling6.com\\\/hu\\\/#website\",\"url\":\"https:\\\/\\\/gambling6.com\\\/hu\\\/\",\"name\":\"Gambling6\",\"description\":\"\",\"potentialAction\":[{\"@type\":\"SearchAction\",\"target\":{\"@type\":\"EntryPoint\",\"urlTemplate\":\"https:\\\/\\\/gambling6.com\\\/hu\\\/?s={search_term_string}\"},\"query-input\":{\"@type\":\"PropertyValueSpecification\",\"valueRequired\":true,\"valueName\":\"search_term_string\"}}],\"inLanguage\":\"hu\"}]}<\/script>\n<!-- \/ Yoast SEO plugin. -->","yoast_head_json":{"title":"V\u00e1s\u00e1roljon szelv\u00e9nyeket az El Gordo lott\u00f3ra online","description":"V\u00e1lj milliomoss\u00e1, ha online szerzed be szelv\u00e9nyeidet az El Gordo lott\u00f3ra.","robots":{"index":"index","follow":"follow","max-snippet":"max-snippet:-1","max-image-preview":"max-image-preview:large","max-video-preview":"max-video-preview:-1"},"canonical":"https:\/\/gambling6.com\/hu\/lotto\/szerezzen-el-gordo-lottoszelvenyeket-barhonnan\/","og_locale":"hu_HU","og_type":"article","og_title":"V\u00e1s\u00e1roljon szelv\u00e9nyeket az El Gordo lott\u00f3ra online","og_description":"V\u00e1lj milliomoss\u00e1, ha online szerzed be szelv\u00e9nyeidet az El Gordo lott\u00f3ra.","og_url":"https:\/\/gambling6.com\/hu\/lotto\/szerezzen-el-gordo-lottoszelvenyeket-barhonnan\/","og_site_name":"Gambling6","article_modified_time":"2025-11-15T11:27:14+00:00","og_image":[{"width":219,"height":300,"url":"https:\/\/gambling6.com\/wp-content\/uploads\/2022\/04\/2_ticket_spanish_lottery.jpg","type":"image\/jpeg"}],"twitter_card":"summary_large_image","twitter_misc":{"Becs\u00fclt olvas\u00e1si id\u0151":"2 perc"},"schema":{"@context":"https:\/\/schema.org","@graph":[{"@type":"WebPage","@id":"https:\/\/gambling6.com\/hu\/lotto\/szerezzen-el-gordo-lottoszelvenyeket-barhonnan\/","url":"https:\/\/gambling6.com\/hu\/lotto\/szerezzen-el-gordo-lottoszelvenyeket-barhonnan\/","name":"V\u00e1s\u00e1roljon szelv\u00e9nyeket az El Gordo lott\u00f3ra online","isPartOf":{"@id":"https:\/\/gambling6.com\/hu\/#website"},"primaryImageOfPage":{"@id":"https:\/\/gambling6.com\/hu\/lotto\/szerezzen-el-gordo-lottoszelvenyeket-barhonnan\/#primaryimage"},"image":{"@id":"https:\/\/gambling6.com\/hu\/lotto\/szerezzen-el-gordo-lottoszelvenyeket-barhonnan\/#primaryimage"},"thumbnailUrl":"https:\/\/gambling6.com\/wp-content\/uploads\/2022\/04\/2_ticket_spanish_lottery.jpg","datePublished":"2025-11-11T09:16:13+00:00","dateModified":"2025-11-15T11:27:14+00:00","description":"V\u00e1lj milliomoss\u00e1, ha online szerzed be szelv\u00e9nyeidet az El Gordo lott\u00f3ra.","breadcrumb":{"@id":"https:\/\/gambling6.com\/hu\/lotto\/szerezzen-el-gordo-lottoszelvenyeket-barhonnan\/#breadcrumb"},"inLanguage":"hu","potentialAction":[{"@type":"ReadAction","target":["https:\/\/gambling6.com\/hu\/lotto\/szerezzen-el-gordo-lottoszelvenyeket-barhonnan\/"]}]},{"@type":"ImageObject","inLanguage":"hu","@id":"https:\/\/gambling6.com\/hu\/lotto\/szerezzen-el-gordo-lottoszelvenyeket-barhonnan\/#primaryimage","url":"https:\/\/gambling6.com\/wp-content\/uploads\/2022\/04\/2_ticket_spanish_lottery.jpg","contentUrl":"https:\/\/gambling6.com\/wp-content\/uploads\/2022\/04\/2_ticket_spanish_lottery.jpg"},{"@type":"BreadcrumbList","@id":"https:\/\/gambling6.com\/hu\/lotto\/szerezzen-el-gordo-lottoszelvenyeket-barhonnan\/#breadcrumb","itemListElement":[{"@type":"ListItem","position":1,"name":"Home","item":"https:\/\/gambling6.com\/hu\/home\/"},{"@type":"ListItem","position":2,"name":"Lott\u00f3","item":"https:\/\/gambling6.com\/hu\/lotto\/"},{"@type":"ListItem","position":3,"name":"Szerezzen El Gordo lott\u00f3szelv\u00e9nyeket b\u00e1rhonnan"}]},{"@type":"WebSite","@id":"https:\/\/gambling6.com\/hu\/#website","url":"https:\/\/gambling6.com\/hu\/","name":"Gambling6","description":"","potentialAction":[{"@type":"SearchAction","target":{"@type":"EntryPoint","urlTemplate":"https:\/\/gambling6.com\/hu\/?s={search_term_string}"},"query-input":{"@type":"PropertyValueSpecification","valueRequired":true,"valueName":"search_term_string"}}],"inLanguage":"hu"}]}},"_links":{"self":[{"href":"https:\/\/gambling6.com\/hu\/wp-json\/wp\/v2\/pages\/9657","targetHints":{"allow":["GET"]}}],"collection":[{"href":"https:\/\/gambling6.com\/hu\/wp-json\/wp\/v2\/pages"}],"about":[{"href":"https:\/\/gambling6.com\/hu\/wp-json\/wp\/v2\/types\/page"}],"author":[{"embeddable":true,"href":"https:\/\/gambling6.com\/hu\/wp-json\/wp\/v2\/users\/1"}],"replies":[{"embeddable":true,"href":"https:\/\/gambling6.com\/hu\/wp-json\/wp\/v2\/comments?post=9657"}],"version-history":[{"count":1,"href":"https:\/\/gambling6.com\/hu\/wp-json\/wp\/v2\/pages\/9657\/revisions"}],"predecessor-version":[{"id":10946,"href":"https:\/\/gambling6.com\/hu\/wp-json\/wp\/v2\/pages\/9657\/revisions\/10946"}],"up":[{"embeddable":true,"href":"https:\/\/gambling6.com\/hu\/wp-json\/wp\/v2\/pages\/9302"}],"wp:attachment":[{"href":"https:\/\/gambling6.com\/hu\/wp-json\/wp\/v2\/media?parent=9657"}],"curies":[{"name":"wp","href":"https:\/\/api.w.org\/{rel}","templated":true}]}}