{"id":9669,"date":"2025-11-11T09:32:24","date_gmt":"2025-11-11T09:32:24","guid":{"rendered":"https:\/\/gambling6.com\/lotto\/szerezzen-online-jegyeket-az-ausztral-lottora\/"},"modified":"2025-11-11T09:32:24","modified_gmt":"2025-11-11T09:32:24","slug":"szerezzen-online-jegyeket-az-ausztral-lottora","status":"publish","type":"page","link":"https:\/\/gambling6.com\/hu\/lotto\/szerezzen-online-jegyeket-az-ausztral-lottora\/","title":{"rendered":"Szerezzen online jegyeket az ausztr\u00e1l lott\u00f3ra"},"content":{"rendered":"<h2>Az Ausztr\u00e1l Lott\u00f3<\/h2>\n<p>Minden h\u00e9ten, kedden \u00e9s cs\u00fct\u00f6rt\u00f6k\u00f6n k\u00e9t nagyon izgalmas lott\u00f3 ker\u00fcl megrendez\u00e9sre Ausztr\u00e1li\u00e1ban. A Powerball \u00e9s az Oz Lotto szelv\u00e9nyek online is megv\u00e1s\u00e1rolhat\u00f3k. Az Ausztr\u00e1l Lott\u00f3 online szelv\u00e9nyv\u00e1s\u00e1rl\u00e1sa olyan egyszer\u0171, mint \u201em\u00e9g egy garn\u00e9l\u00e1t dobni a Barbie bab\u00e1ra\u201d. Az emberek ezeken a lott\u00f3kon j\u00e1tszanak a rendszeresen magas, 50 milli\u00f3 doll\u00e1ros vagy ann\u00e1l is nagyobb jackpotok\u00e9rt.<\/p>\n<p>Mindk\u00e9t jackpot nyer\u00e9si es\u00e9lyei meglehet\u0151sen kedvez\u0151ek a m\u00e9ret\u00fckh\u00f6z k\u00e9pest, \u00e9s az online szelv\u00e9nyv\u00e1s\u00e1rl\u00e1s lehet\u0151s\u00e9g\u00e9vel el\u00e9g gyorsan emelkednek. Ezek a jackpotok vil\u00e1gszerte n\u00e9pszer\u0171v\u00e9 v\u00e1ltak az elm\u00falt \u00e9vekben. Naponta hallunk egyre t\u00f6bbet ezekr\u0151l a sorsol\u00e1sokr\u00f3l a h\u00edrekben.<\/p>\n<h2>Az online Oz Lotto szelv\u00e9nyek biztons\u00e1gosak.<\/h2>\n<p>Biztons\u00e1gosan kiv\u00e1laszthatja a 7 sz\u00e1m\u00e1t, \u00e9s v\u00e1rhatja a sorsol\u00e1st. Partner\u00fcnk, a <a class=\"thirstylink\" title=\"Redfoxlotto\" href=\"https:\/\/gambling6.com\/go\/redfoxlotto\/\" target=\"_blank\" rel=\"nofollow noopener\">RedFoxLotto.com<\/a> leveszi a v\u00e1lladr\u00f3l az online lott\u00f3szelv\u00e9ny-v\u00e1s\u00e1rl\u00e1ssal j\u00e1r\u00f3 aggodalmakat, \u00edgy \u00d6nnek csak h\u00e1trad\u0151lnie \u00e9s v\u00e1rnia kell a nyerem\u00e9nyre.<\/p>\n<p>Az amerikai j\u00e1t\u00e9kosoknak, <span style=\"box-sizing: border-box; margin: 0px; padding: 0px;\">akik r\u00e9szt szeretn\u00e9nek venni \u00e9s online szelv\u00e9nyt v\u00e1s\u00e1rolni szeretn\u00e9nek a Powerballra vagy b\u00e1rmely m\u00e1s ausztr\u00e1l lott\u00f3ra, a m\u00e1sodik aj\u00e1nl\u00e1sunkat kell v\u00e1lasztaniuk: <a href=\"https:\/\/gambling6.com\/go\/thelotter-en\/\" target=\"_blank\" rel=\"noopener\">TheLotter. Kattintson ide a<\/a><\/span><a class=\"thirstylink\" title=\"TheLotter en\" href=\"https:\/\/gambling6.com\/go\/thelotter-en\/\" target=\"_blank\" rel=\"nofollow noopener\">\u00a0weboldaluk megtekint\u00e9s\u00e9hez.<\/a><\/p>\n<h2>Hatalmas jackpotok online szelv\u00e9nyekkel a Powerball Australia j\u00e1t\u00e9kra<\/h2>\n<table style=\"width: 500px;\" border=\"1\" cellspacing=\"5\" cellpadding=\"5\" align=\"center\">\n<tbody>\n<tr>\n<td colspan=\"3\" align=\"center\">A 2013-as \u00f6t legnagyobb jackpot<\/td>\n<\/tr>\n<tr>\n<td>Sorsol\u00e1s<\/td>\n<td align=\"center\">D\u00e1tum<\/td>\n<td align=\"center\">Jackpot (USD)<\/td>\n<\/tr>\n<tr>\n<td>Powerball &#8211; Ausztr\u00e1lia<\/td>\n<td align=\"center\">2013. m\u00e1jus 2.<\/td>\n<td align=\"right\">55 229 291 $<\/td>\n<\/tr>\n<tr>\n<td>Powerball &#8211; Ausztr\u00e1lia<\/td>\n<td align=\"center\">2013. j\u00falius 18.<\/td>\n<td align=\"right\">26 700 000 $<\/td>\n<\/tr>\n<tr>\n<td>Powerball &#8211; Ausztr\u00e1lia<\/td>\n<td align=\"center\">2013. szeptember 19.<\/td>\n<td align=\"right\">26 700 000 $<\/td>\n<\/tr>\n<tr>\n<td>Powerball &#8211; Ausztr\u00e1lia<\/td>\n<td align=\"center\">2013. okt\u00f3ber 24.<\/td>\n<td align=\"right\">26 700 000 $<\/td>\n<\/tr>\n<tr>\n<td>Powerball &#8211; Ausztr\u00e1lia<\/td>\n<td align=\"center\">2013. janu\u00e1r 3.<\/td>\n<td align=\"right\">22 250 000 $<\/td>\n<\/tr>\n<\/tbody>\n<\/table>\n<h2>\u00a0Nyolc nyerem\u00e9nyoszt\u00e1ly az ausztr\u00e1l Powerball online szelv\u00e9nyen v\u00e1s\u00e1rl\u00f3k<\/h2>\n<table style=\"width: 500px;\" border=\"1\" cellspacing=\"5\" cellpadding=\"5\" align=\"center\">\n<tbody>\n<tr>\n<td colspan=\"3\" align=\"center\">Powerball Lotto &#8211; Ausztr\u00e1lia Nyerem\u00e9nyoszt\u00e1lyok<\/td>\n<\/tr>\n<tr>\n<td>Nyerem\u00e9ny<\/td>\n<td align=\"center\">M\u00e9rk\u0151z\u00e9sek<\/td>\n<td align=\"center\">Es\u00e9lyek<\/td>\n<\/tr>\n<tr>\n<td>1. (Jackpot)<\/td>\n<td align=\"center\">6 + 1<\/td>\n<td align=\"right\">76 767 600 : 1<\/td>\n<\/tr>\n<tr>\n<td>2.<\/td>\n<td align=\"center\">6<\/td>\n<td align=\"right\">4 040 400 : 1<\/td>\n<\/tr>\n<tr>\n<td>3.<\/td>\n<td align=\"center\">5 + 1<\/td>\n<td align=\"right\">376 312 : 1<\/td>\n<\/tr>\n<tr>\n<td>4.<\/td>\n<td align=\"center\">5<\/td>\n<td align=\"right\">19 806 : 1<\/td>\n<\/tr>\n<tr>\n<td>5.<\/td>\n<td align=\"center\">4 + 1<\/td>\n<td align=\"right\">9 123 : 1<\/td>\n<\/tr>\n<tr>\n<td>6.<\/td>\n<td align=\"center\">3 + 1<\/td>\n<td align=\"right\">641 : 1<\/td>\n<\/tr>\n<tr>\n<td>7.<\/td>\n<td align=\"center\">4<\/td>\n<td align=\"right\">480 : 1<\/td>\n<\/tr>\n<tr>\n<td>8.<\/td>\n<td align=\"center\">2 + 1<\/td>\n<td align=\"right\">110 : 1<\/td>\n<\/tr>\n<\/tbody>\n<\/table>\n<h2>\u00a0Az online Oz Lotto szelv\u00e9nytulajdonosok nagyot nyerhetnek<\/h2>\n<table style=\"width: 500px;\" border=\"1\" cellspacing=\"5\" cellpadding=\"5\" align=\"center\">\n<tbody>\n<tr>\n<td colspan=\"3\" align=\"center\">A 2013-as \u00f6t legnagyobb jackpot<\/td>\n<\/tr>\n<tr>\n<td>Sorol\u00e1s<\/td>\n<td align=\"center\">D\u00e1tum<\/td>\n<td align=\"center\">Jackpot (USD)<\/td>\n<\/tr>\n<tr>\n<td>Oz Lotto &#8211; Ausztr\u00e1lia<\/td>\n<td align=\"center\">2013. dec. 17.<\/td>\n<td align=\"right\">62 300 000 $<\/td>\n<\/tr>\n<tr>\n<td>Oz Lotto &#8211; Ausztr\u00e1lia<\/td>\n<td align=\"center\">2013. j\u00fal. 2.<\/td>\n<td align=\"right\">44 500 000 $<\/td>\n<\/tr>\n<tr>\n<td>Oz Lotto &#8211; Ausztr\u00e1lia<\/td>\n<td align=\"center\">2013. \u00e1prilis 30.<\/td>\n<td align=\"right\">26 700 000 $<\/td>\n<\/tr>\n<tr>\n<td>Oz Lotto &#8211; Ausztr\u00e1lia<\/td>\n<td align=\"center\">2013. janu\u00e1r 29.<\/td>\n<td align=\"right\">20 296 484 $<\/td>\n<\/tr>\n<tr>\n<td>Oz Lotto &#8211; Ausztr\u00e1lia<\/td>\n<td align=\"center\">2013. szeptember 3.<\/td>\n<td align=\"right\">19 790 620 $<\/td>\n<\/tr>\n<\/tbody>\n<\/table>\n<h2>\u00a0Ellen\u0151rizze a szelv\u00e9nyeket online, hogy tal\u00e1l-e tal\u00e1latot fizet\u00e9s<\/h2>\n<table style=\"width: 500px;\" border=\"1\" cellspacing=\"5\" cellpadding=\"5\" align=\"center\">\n<tbody>\n<tr>\n<td colspan=\"3\" align=\"center\">Oz Lotto &#8211; Ausztr\u00e1lia nyerem\u00e9nyoszt\u00e1lyok<\/td>\n<\/tr>\n<tr>\n<td>Nyerem\u00e9ny<\/td>\n<td align=\"center\">M\u00e9rk\u0151z\u00e9sek<\/td>\n<td align=\"center\">Es\u00e9lyek<\/td>\n<\/tr>\n<tr>\n<td>1. (F\u0151nyerem\u00e9ny)<\/td>\n<td align=\"center\">7<\/td>\n<td align=\"right\">45 379 620 : 1<\/td>\n<\/tr>\n<tr>\n<td>2.<\/td>\n<td align=\"center\">6 + 1<\/td>\n<td align=\"right\">3 241 401 : 1<\/td>\n<\/tr>\n<tr>\n<td>3.<\/td>\n<td align=\"center\">6.<\/td>\n<td align=\"right\">180 078 : 1<\/td>\n<\/tr>\n<tr>\n<td>4.<\/td>\n<td align=\"center\">5 + 1<\/td>\n<td align=\"right\">29 602 : 1<\/td>\n<\/tr>\n<tr>\n<td>5.<\/td>\n<td align=\"center\">5<\/td>\n<td align=\"right\">3430 : 1<\/td>\n<\/tr>\n<tr>\n<td>6.<\/td>\n<td align=\"center\">4<\/td>\n<td align=\"right\">154 : 1<\/td>\n<\/tr>\n<tr>\n<td>7.<\/td>\n<td align=\"center\">3 + 1<\/td>\n<td align=\"right\">55 : 1<\/td>\n<\/tr>\n<\/tbody>\n<\/table>\n","protected":false},"excerpt":{"rendered":"<p>Az Ausztr\u00e1l Lott\u00f3 Minden h\u00e9ten, kedden \u00e9s cs\u00fct\u00f6rt\u00f6k\u00f6n k\u00e9t nagyon izgalmas lott\u00f3 ker\u00fcl megrendez\u00e9sre Ausztr\u00e1li\u00e1ban. A Powerball \u00e9s az Oz Lotto szelv\u00e9nyek online is megv\u00e1s\u00e1rolhat\u00f3k. Az Ausztr\u00e1l Lott\u00f3 online szelv\u00e9nyv\u00e1s\u00e1rl\u00e1sa olyan egyszer\u0171, mint \u201em\u00e9g egy garn\u00e9l\u00e1t dobni a Barbie bab\u00e1ra\u201d. Az emberek ezeken a lott\u00f3kon j\u00e1tszanak a rendszeresen magas, 50 milli\u00f3 doll\u00e1ros vagy ann\u00e1l is [&hellip;]<\/p>\n","protected":false},"author":1,"featured_media":0,"parent":9302,"menu_order":9,"comment_status":"closed","ping_status":"closed","template":"","meta":{"footnotes":""},"class_list":["post-9669","page","type-page","status-publish","hentry"],"yoast_head":"<!-- This site is optimized with the Yoast SEO plugin v27.4 - https:\/\/yoast.com\/product\/yoast-seo-wordpress\/ -->\n<title>V\u00e1s\u00e1roljon ausztr\u00e1l lott\u00f3szelv\u00e9nyeket online<\/title>\n<meta name=\"description\" content=\"Az ausztr\u00e1l lott\u00f3k online v\u00e1s\u00e1rl\u00e1sa \u00faj szintre emeli az izgalmakat.\" \/>\n<meta name=\"robots\" content=\"index, follow, max-snippet:-1, max-image-preview:large, max-video-preview:-1\" \/>\n<link rel=\"canonical\" href=\"https:\/\/gambling6.com\/hu\/lotto\/szerezzen-online-jegyeket-az-ausztral-lottora\/\" \/>\n<meta property=\"og:locale\" content=\"hu_HU\" \/>\n<meta property=\"og:type\" content=\"article\" \/>\n<meta property=\"og:title\" content=\"V\u00e1s\u00e1roljon ausztr\u00e1l lott\u00f3szelv\u00e9nyeket online\" \/>\n<meta property=\"og:description\" content=\"Az ausztr\u00e1l lott\u00f3k online v\u00e1s\u00e1rl\u00e1sa \u00faj szintre emeli az izgalmakat.\" \/>\n<meta property=\"og:url\" content=\"https:\/\/gambling6.com\/hu\/lotto\/szerezzen-online-jegyeket-az-ausztral-lottora\/\" \/>\n<meta property=\"og:site_name\" content=\"Gambling6\" \/>\n<meta name=\"twitter:card\" content=\"summary_large_image\" \/>\n<meta name=\"twitter:label1\" content=\"Becs\u00fclt olvas\u00e1si id\u0151\" \/>\n\t<meta name=\"twitter:data1\" content=\"2 perc\" \/>\n<script type=\"application\/ld+json\" class=\"yoast-schema-graph\">{\"@context\":\"https:\\\/\\\/schema.org\",\"@graph\":[{\"@type\":\"WebPage\",\"@id\":\"https:\\\/\\\/gambling6.com\\\/hu\\\/lotto\\\/szerezzen-online-jegyeket-az-ausztral-lottora\\\/\",\"url\":\"https:\\\/\\\/gambling6.com\\\/hu\\\/lotto\\\/szerezzen-online-jegyeket-az-ausztral-lottora\\\/\",\"name\":\"V\u00e1s\u00e1roljon ausztr\u00e1l lott\u00f3szelv\u00e9nyeket online\",\"isPartOf\":{\"@id\":\"https:\\\/\\\/gambling6.com\\\/hu\\\/#website\"},\"datePublished\":\"2025-11-11T09:32:24+00:00\",\"description\":\"Az ausztr\u00e1l lott\u00f3k online v\u00e1s\u00e1rl\u00e1sa \u00faj szintre emeli az izgalmakat.\",\"breadcrumb\":{\"@id\":\"https:\\\/\\\/gambling6.com\\\/hu\\\/lotto\\\/szerezzen-online-jegyeket-az-ausztral-lottora\\\/#breadcrumb\"},\"inLanguage\":\"hu\",\"potentialAction\":[{\"@type\":\"ReadAction\",\"target\":[\"https:\\\/\\\/gambling6.com\\\/hu\\\/lotto\\\/szerezzen-online-jegyeket-az-ausztral-lottora\\\/\"]}]},{\"@type\":\"BreadcrumbList\",\"@id\":\"https:\\\/\\\/gambling6.com\\\/hu\\\/lotto\\\/szerezzen-online-jegyeket-az-ausztral-lottora\\\/#breadcrumb\",\"itemListElement\":[{\"@type\":\"ListItem\",\"position\":1,\"name\":\"Home\",\"item\":\"https:\\\/\\\/gambling6.com\\\/hu\\\/home\\\/\"},{\"@type\":\"ListItem\",\"position\":2,\"name\":\"Lott\u00f3\",\"item\":\"https:\\\/\\\/gambling6.com\\\/hu\\\/lotto\\\/\"},{\"@type\":\"ListItem\",\"position\":3,\"name\":\"Szerezzen online jegyeket az ausztr\u00e1l lott\u00f3ra\"}]},{\"@type\":\"WebSite\",\"@id\":\"https:\\\/\\\/gambling6.com\\\/hu\\\/#website\",\"url\":\"https:\\\/\\\/gambling6.com\\\/hu\\\/\",\"name\":\"Gambling6\",\"description\":\"\",\"potentialAction\":[{\"@type\":\"SearchAction\",\"target\":{\"@type\":\"EntryPoint\",\"urlTemplate\":\"https:\\\/\\\/gambling6.com\\\/hu\\\/?s={search_term_string}\"},\"query-input\":{\"@type\":\"PropertyValueSpecification\",\"valueRequired\":true,\"valueName\":\"search_term_string\"}}],\"inLanguage\":\"hu\"}]}<\/script>\n<!-- \/ Yoast SEO plugin. -->","yoast_head_json":{"title":"V\u00e1s\u00e1roljon ausztr\u00e1l lott\u00f3szelv\u00e9nyeket online","description":"Az ausztr\u00e1l lott\u00f3k online v\u00e1s\u00e1rl\u00e1sa \u00faj szintre emeli az izgalmakat.","robots":{"index":"index","follow":"follow","max-snippet":"max-snippet:-1","max-image-preview":"max-image-preview:large","max-video-preview":"max-video-preview:-1"},"canonical":"https:\/\/gambling6.com\/hu\/lotto\/szerezzen-online-jegyeket-az-ausztral-lottora\/","og_locale":"hu_HU","og_type":"article","og_title":"V\u00e1s\u00e1roljon ausztr\u00e1l lott\u00f3szelv\u00e9nyeket online","og_description":"Az ausztr\u00e1l lott\u00f3k online v\u00e1s\u00e1rl\u00e1sa \u00faj szintre emeli az izgalmakat.","og_url":"https:\/\/gambling6.com\/hu\/lotto\/szerezzen-online-jegyeket-az-ausztral-lottora\/","og_site_name":"Gambling6","twitter_card":"summary_large_image","twitter_misc":{"Becs\u00fclt olvas\u00e1si id\u0151":"2 perc"},"schema":{"@context":"https:\/\/schema.org","@graph":[{"@type":"WebPage","@id":"https:\/\/gambling6.com\/hu\/lotto\/szerezzen-online-jegyeket-az-ausztral-lottora\/","url":"https:\/\/gambling6.com\/hu\/lotto\/szerezzen-online-jegyeket-az-ausztral-lottora\/","name":"V\u00e1s\u00e1roljon ausztr\u00e1l lott\u00f3szelv\u00e9nyeket online","isPartOf":{"@id":"https:\/\/gambling6.com\/hu\/#website"},"datePublished":"2025-11-11T09:32:24+00:00","description":"Az ausztr\u00e1l lott\u00f3k online v\u00e1s\u00e1rl\u00e1sa \u00faj szintre emeli az izgalmakat.","breadcrumb":{"@id":"https:\/\/gambling6.com\/hu\/lotto\/szerezzen-online-jegyeket-az-ausztral-lottora\/#breadcrumb"},"inLanguage":"hu","potentialAction":[{"@type":"ReadAction","target":["https:\/\/gambling6.com\/hu\/lotto\/szerezzen-online-jegyeket-az-ausztral-lottora\/"]}]},{"@type":"BreadcrumbList","@id":"https:\/\/gambling6.com\/hu\/lotto\/szerezzen-online-jegyeket-az-ausztral-lottora\/#breadcrumb","itemListElement":[{"@type":"ListItem","position":1,"name":"Home","item":"https:\/\/gambling6.com\/hu\/home\/"},{"@type":"ListItem","position":2,"name":"Lott\u00f3","item":"https:\/\/gambling6.com\/hu\/lotto\/"},{"@type":"ListItem","position":3,"name":"Szerezzen online jegyeket az ausztr\u00e1l lott\u00f3ra"}]},{"@type":"WebSite","@id":"https:\/\/gambling6.com\/hu\/#website","url":"https:\/\/gambling6.com\/hu\/","name":"Gambling6","description":"","potentialAction":[{"@type":"SearchAction","target":{"@type":"EntryPoint","urlTemplate":"https:\/\/gambling6.com\/hu\/?s={search_term_string}"},"query-input":{"@type":"PropertyValueSpecification","valueRequired":true,"valueName":"search_term_string"}}],"inLanguage":"hu"}]}},"_links":{"self":[{"href":"https:\/\/gambling6.com\/hu\/wp-json\/wp\/v2\/pages\/9669","targetHints":{"allow":["GET"]}}],"collection":[{"href":"https:\/\/gambling6.com\/hu\/wp-json\/wp\/v2\/pages"}],"about":[{"href":"https:\/\/gambling6.com\/hu\/wp-json\/wp\/v2\/types\/page"}],"author":[{"embeddable":true,"href":"https:\/\/gambling6.com\/hu\/wp-json\/wp\/v2\/users\/1"}],"replies":[{"embeddable":true,"href":"https:\/\/gambling6.com\/hu\/wp-json\/wp\/v2\/comments?post=9669"}],"version-history":[{"count":0,"href":"https:\/\/gambling6.com\/hu\/wp-json\/wp\/v2\/pages\/9669\/revisions"}],"up":[{"embeddable":true,"href":"https:\/\/gambling6.com\/hu\/wp-json\/wp\/v2\/pages\/9302"}],"wp:attachment":[{"href":"https:\/\/gambling6.com\/hu\/wp-json\/wp\/v2\/media?parent=9669"}],"curies":[{"name":"wp","href":"https:\/\/api.w.org\/{rel}","templated":true}]}}