{"id":9690,"date":"2025-11-11T10:08:32","date_gmt":"2025-11-11T10:08:32","guid":{"rendered":"https:\/\/gambling6.com\/lotto\/szerezzen-online-jegyeket-a-mega-sena-lottora\/"},"modified":"2025-11-11T10:08:32","modified_gmt":"2025-11-11T10:08:32","slug":"szerezzen-online-jegyeket-a-mega-sena-lottora","status":"publish","type":"page","link":"https:\/\/gambling6.com\/hu\/lotto\/szerezzen-online-jegyeket-a-mega-sena-lottora\/","title":{"rendered":"Szerezzen online jegyeket a Mega Sena lott\u00f3ra"},"content":{"rendered":"<h2>Mega Sena Lott\u00f3<\/h2>\n<p>A garant\u00e1lt minimum 1,1 milli\u00f3 doll\u00e1ros jackpottal rendelkez\u0151 brazil Mega Sena Lott\u00f3 hetente k\u00e9tszer hatalmas rajong\u00f3t\u00e1bort vonz. A Mega Sena Lott\u00f3 online szelv\u00e9nyv\u00e1s\u00e1rl\u00e1s\u00e1nak lehet\u0151s\u00e9g\u00e9vel a jackpotok gyakran sokkal magasabbra k\u00fasznak<strong>.<\/strong> Egy olyan orsz\u00e1gban, amely vil\u00e1gszerte ismert a gy\u00f6ny\u00f6r\u0171 tengerparti n\u0151kr\u0151l \u00e9s a sz\u00f3rakoz\u00e1sr\u00f3l, Braz\u00edlia nemzeti Mega-Sena Lott\u00f3ja fokozza az izgalmakat a 35 milli\u00f3 doll\u00e1ros jackpotokkal.<\/p>\n<p><strong>Mintha a 35 milli\u00f3 doll\u00e1r nem lenne el\u00e9g, szilveszterkor egy k\u00fcl\u00f6nleges sorsol\u00e1sra ker\u00fcl sor, amelynek garant\u00e1lt jackpotja 200 milli\u00f3 doll\u00e1r.<\/strong><\/p>\n<p>A Braz\u00edli\u00e1ban hetente k\u00e9tszer megrendezett Mega-Sena Lott\u00f3 D\u00e9l-Amerika legnagyobbja, \u00e9s online is megv\u00e1s\u00e1rolhat\u00f3. Braz\u00edlia lakosai, sz\u00e1mos online j\u00e1t\u00e9kossal egy\u00fctt, hetente k\u00e9tszer \u00f6z\u00f6nlenek, hogy szelv\u00e9nyeket v\u00e1s\u00e1roljanak erre a k\u00f6nnyen j\u00e1tszhat\u00f3 lott\u00f3ra. <\/p>\n<h2>J\u00e1tssz online a Mega-Sena lott\u00f3n.<\/h2>\n<p>A lott\u00f3n val\u00f3 r\u00e9szv\u00e9telhez mind\u00f6ssze hat sz\u00e1mot kell kiv\u00e1lasztanod 1 \u00e9s 60 k\u00f6z\u00f6tt, \u00e9s megv\u00e1rnod a sorsol\u00e1st. A jackpot ig\u00e9nyl\u00e9s\u00e9hez mind\u00f6ssze hat sz\u00e1mot kell eltal\u00e1lnod. <strong>online j\u00e1t\u00e9kosk\u00e9nt a k\u00f6vetkez\u0151 l\u00e9p\u00e9s az, hogy Braz\u00edli\u00e1ba rep\u00fclsz<\/strong>, ig\u00e9nyeld a jackpotodat, \u00e9s ellepd a tengerpartot az \u00f6sszes \u00fajonnan tal\u00e1lt bar\u00e1toddal.<\/p>\n<p>Az online szelv\u00e9nyeiddel a Mega Sena megnyer\u00e9s\u00e9nek es\u00e9lye k\u00f6r\u00fclbel\u00fcl 50 000 000 az 1-hez. A Mega Sena szelv\u00e9nyek online v\u00e1s\u00e1rl\u00e1s\u00e1val a m\u00e1sodik vagy harmadik oszt\u00e1ly\u00fa nyerem\u00e9nyek egyik\u00e9t is megnyerheted, amelyek gyakran jelent\u0151sek. <a class=\"thirstylink\" title=\"Redfoxlotto\" href=\"https:\/\/gambling6.com\/go\/redfoxlotto\/\" target=\"_blank\" rel=\"nofollow noopener\">Kattints ide, hogy felkeresd partner\u00fcnk, a RedFoxlotto weboldal\u00e1t, \u00e9s online beszerezd a Mega Sena lott\u00f3szelv\u00e9nyeidet.<\/a><\/p>\n<table style=\"width: 500px;\" border=\"1\" cellspacing=\"5\" cellpadding=\"5\" align=\"center\">\n<tbody>\n<tr>\n<td colspan=\"3\" align=\"center\">A 2013-as \u00f6t legnagyobb jackpot<\/td>\n<\/tr>\n<tr>\n<td>Sorol\u00e1s<\/td>\n<td align=\"center\">D\u00e1tum<\/td>\n<td align=\"center\">Jackpot (USD)<\/td>\n<\/tr>\n<tr>\n<td>Mega-Sena &#8211; Latin-Amerika<\/td>\n<td align=\"center\">2013. november 6.<\/td>\n<td align=\"right\">34 615 000 $<\/td>\n<\/tr>\n<tr>\n<td>Mega-Sena &#8211; Latin-Amerika<\/td>\n<td align=\"center\">2013. j\u00fanius 1.<\/td>\n<td align=\"right\">18 505 745 $<\/td>\n<\/tr>\n<tr>\n<td>Mega-Sena &#8211; Latin-Amerika<\/td>\n<td align=\"center\">2013. j\u00falius 3.<\/td>\n<td align=\"right\">18 205 319 $<\/td>\n<\/tr>\n<tr>\n<td>Mega-Sena &#8211; Latin-Amerika<\/td>\n<td align=\"center\">2013. augusztus 31.<\/td>\n<td align=\"right\">13 760 000 $<\/td>\n<\/tr>\n<tr>\n<td>Mega-Sena &#8211; Latin-Amerika<\/td>\n<td align=\"center\">2013. augusztus 14.<\/td>\n<td align=\"right\">10 884 923 $<\/td>\n<\/tr>\n<\/tbody>\n<\/table>\n<p>&nbsp;<\/p>\n<table style=\"width: 500px;\" border=\"1\" cellspacing=\"5\" cellpadding=\"5\" align=\"center\">\n<tbody>\n<tr>\n<td colspan=\"3\" align=\"center\">Mega-Sena Lott\u00f3 &#8211; Braz\u00edlia Nyerem\u00e9nyszintek<\/td>\n<\/tr>\n<tr>\n<td>Nyerem\u00e9ny<\/td>\n<td align=\"center\">M\u00e9rk\u0151z\u00e9sek<\/td>\n<td align=\"center\">Es\u00e9lyek<\/td>\n<\/tr>\n<tr>\n<td>1. (F\u0151nyerem\u00e9ny)<\/td>\n<td align=\"center\">6<\/td>\n<td align=\"right\">50 063 856 : 1<\/td>\n<\/tr>\n<tr>\n<td>2.<\/td>\n<td align=\"center\">5<\/td>\n<td align=\"right\">154 518 : 1<\/td>\n<\/tr>\n<tr>\n<td>3.<\/td>\n<td align=\"center\">4<\/td>\n<td align=\"right\">2332 : 1<\/td>\n<\/tr>\n<\/tbody>\n<\/table>\n","protected":false},"excerpt":{"rendered":"<p>Mega Sena Lott\u00f3 A garant\u00e1lt minimum 1,1 milli\u00f3 doll\u00e1ros jackpottal rendelkez\u0151 brazil Mega Sena Lott\u00f3 hetente k\u00e9tszer hatalmas rajong\u00f3t\u00e1bort vonz. A Mega Sena Lott\u00f3 online szelv\u00e9nyv\u00e1s\u00e1rl\u00e1s\u00e1nak lehet\u0151s\u00e9g\u00e9vel a jackpotok gyakran sokkal magasabbra k\u00fasznak. Egy olyan orsz\u00e1gban, amely vil\u00e1gszerte ismert a gy\u00f6ny\u00f6r\u0171 tengerparti n\u0151kr\u0151l \u00e9s a sz\u00f3rakoz\u00e1sr\u00f3l, Braz\u00edlia nemzeti Mega-Sena Lott\u00f3ja fokozza az izgalmakat a 35 [&hellip;]<\/p>\n","protected":false},"author":1,"featured_media":0,"parent":9302,"menu_order":8,"comment_status":"closed","ping_status":"closed","template":"","meta":{"footnotes":""},"class_list":["post-9690","page","type-page","status-publish","hentry"],"yoast_head":"<!-- This site is optimized with the Yoast SEO plugin v27.3 - https:\/\/yoast.com\/product\/yoast-seo-wordpress\/ -->\n<title>V\u00e1s\u00e1roljon online jegyeket a Mega Sena lott\u00f3ra<\/title>\n<meta name=\"description\" content=\"Tudja meg, hogyan szerezhet online szelv\u00e9nyeket a brazil Mega-Sena lott\u00f3ra.\" \/>\n<meta name=\"robots\" content=\"index, follow, max-snippet:-1, max-image-preview:large, max-video-preview:-1\" \/>\n<link rel=\"canonical\" href=\"https:\/\/gambling6.com\/hu\/lotto\/szerezzen-online-jegyeket-a-mega-sena-lottora\/\" \/>\n<meta property=\"og:locale\" content=\"hu_HU\" \/>\n<meta property=\"og:type\" content=\"article\" \/>\n<meta property=\"og:title\" content=\"V\u00e1s\u00e1roljon online jegyeket a Mega Sena lott\u00f3ra\" \/>\n<meta property=\"og:description\" content=\"Tudja meg, hogyan szerezhet online szelv\u00e9nyeket a brazil Mega-Sena lott\u00f3ra.\" \/>\n<meta property=\"og:url\" content=\"https:\/\/gambling6.com\/hu\/lotto\/szerezzen-online-jegyeket-a-mega-sena-lottora\/\" \/>\n<meta property=\"og:site_name\" content=\"Gambling6\" \/>\n<meta name=\"twitter:card\" content=\"summary_large_image\" \/>\n<meta name=\"twitter:label1\" content=\"Becs\u00fclt olvas\u00e1si id\u0151\" \/>\n\t<meta name=\"twitter:data1\" content=\"2 perc\" \/>\n<script type=\"application\/ld+json\" class=\"yoast-schema-graph\">{\"@context\":\"https:\\\/\\\/schema.org\",\"@graph\":[{\"@type\":\"WebPage\",\"@id\":\"https:\\\/\\\/gambling6.com\\\/hu\\\/lotto\\\/szerezzen-online-jegyeket-a-mega-sena-lottora\\\/\",\"url\":\"https:\\\/\\\/gambling6.com\\\/hu\\\/lotto\\\/szerezzen-online-jegyeket-a-mega-sena-lottora\\\/\",\"name\":\"V\u00e1s\u00e1roljon online jegyeket a Mega Sena lott\u00f3ra\",\"isPartOf\":{\"@id\":\"https:\\\/\\\/gambling6.com\\\/hu\\\/#website\"},\"datePublished\":\"2025-11-11T10:08:32+00:00\",\"description\":\"Tudja meg, hogyan szerezhet online szelv\u00e9nyeket a brazil Mega-Sena lott\u00f3ra.\",\"breadcrumb\":{\"@id\":\"https:\\\/\\\/gambling6.com\\\/hu\\\/lotto\\\/szerezzen-online-jegyeket-a-mega-sena-lottora\\\/#breadcrumb\"},\"inLanguage\":\"hu\",\"potentialAction\":[{\"@type\":\"ReadAction\",\"target\":[\"https:\\\/\\\/gambling6.com\\\/hu\\\/lotto\\\/szerezzen-online-jegyeket-a-mega-sena-lottora\\\/\"]}]},{\"@type\":\"BreadcrumbList\",\"@id\":\"https:\\\/\\\/gambling6.com\\\/hu\\\/lotto\\\/szerezzen-online-jegyeket-a-mega-sena-lottora\\\/#breadcrumb\",\"itemListElement\":[{\"@type\":\"ListItem\",\"position\":1,\"name\":\"Home\",\"item\":\"https:\\\/\\\/gambling6.com\\\/hu\\\/home\\\/\"},{\"@type\":\"ListItem\",\"position\":2,\"name\":\"Lott\u00f3\",\"item\":\"https:\\\/\\\/gambling6.com\\\/hu\\\/lotto\\\/\"},{\"@type\":\"ListItem\",\"position\":3,\"name\":\"Szerezzen online jegyeket a Mega Sena lott\u00f3ra\"}]},{\"@type\":\"WebSite\",\"@id\":\"https:\\\/\\\/gambling6.com\\\/hu\\\/#website\",\"url\":\"https:\\\/\\\/gambling6.com\\\/hu\\\/\",\"name\":\"Gambling6\",\"description\":\"\",\"potentialAction\":[{\"@type\":\"SearchAction\",\"target\":{\"@type\":\"EntryPoint\",\"urlTemplate\":\"https:\\\/\\\/gambling6.com\\\/hu\\\/?s={search_term_string}\"},\"query-input\":{\"@type\":\"PropertyValueSpecification\",\"valueRequired\":true,\"valueName\":\"search_term_string\"}}],\"inLanguage\":\"hu\"}]}<\/script>\n<!-- \/ Yoast SEO plugin. -->","yoast_head_json":{"title":"V\u00e1s\u00e1roljon online jegyeket a Mega Sena lott\u00f3ra","description":"Tudja meg, hogyan szerezhet online szelv\u00e9nyeket a brazil Mega-Sena lott\u00f3ra.","robots":{"index":"index","follow":"follow","max-snippet":"max-snippet:-1","max-image-preview":"max-image-preview:large","max-video-preview":"max-video-preview:-1"},"canonical":"https:\/\/gambling6.com\/hu\/lotto\/szerezzen-online-jegyeket-a-mega-sena-lottora\/","og_locale":"hu_HU","og_type":"article","og_title":"V\u00e1s\u00e1roljon online jegyeket a Mega Sena lott\u00f3ra","og_description":"Tudja meg, hogyan szerezhet online szelv\u00e9nyeket a brazil Mega-Sena lott\u00f3ra.","og_url":"https:\/\/gambling6.com\/hu\/lotto\/szerezzen-online-jegyeket-a-mega-sena-lottora\/","og_site_name":"Gambling6","twitter_card":"summary_large_image","twitter_misc":{"Becs\u00fclt olvas\u00e1si id\u0151":"2 perc"},"schema":{"@context":"https:\/\/schema.org","@graph":[{"@type":"WebPage","@id":"https:\/\/gambling6.com\/hu\/lotto\/szerezzen-online-jegyeket-a-mega-sena-lottora\/","url":"https:\/\/gambling6.com\/hu\/lotto\/szerezzen-online-jegyeket-a-mega-sena-lottora\/","name":"V\u00e1s\u00e1roljon online jegyeket a Mega Sena lott\u00f3ra","isPartOf":{"@id":"https:\/\/gambling6.com\/hu\/#website"},"datePublished":"2025-11-11T10:08:32+00:00","description":"Tudja meg, hogyan szerezhet online szelv\u00e9nyeket a brazil Mega-Sena lott\u00f3ra.","breadcrumb":{"@id":"https:\/\/gambling6.com\/hu\/lotto\/szerezzen-online-jegyeket-a-mega-sena-lottora\/#breadcrumb"},"inLanguage":"hu","potentialAction":[{"@type":"ReadAction","target":["https:\/\/gambling6.com\/hu\/lotto\/szerezzen-online-jegyeket-a-mega-sena-lottora\/"]}]},{"@type":"BreadcrumbList","@id":"https:\/\/gambling6.com\/hu\/lotto\/szerezzen-online-jegyeket-a-mega-sena-lottora\/#breadcrumb","itemListElement":[{"@type":"ListItem","position":1,"name":"Home","item":"https:\/\/gambling6.com\/hu\/home\/"},{"@type":"ListItem","position":2,"name":"Lott\u00f3","item":"https:\/\/gambling6.com\/hu\/lotto\/"},{"@type":"ListItem","position":3,"name":"Szerezzen online jegyeket a Mega Sena lott\u00f3ra"}]},{"@type":"WebSite","@id":"https:\/\/gambling6.com\/hu\/#website","url":"https:\/\/gambling6.com\/hu\/","name":"Gambling6","description":"","potentialAction":[{"@type":"SearchAction","target":{"@type":"EntryPoint","urlTemplate":"https:\/\/gambling6.com\/hu\/?s={search_term_string}"},"query-input":{"@type":"PropertyValueSpecification","valueRequired":true,"valueName":"search_term_string"}}],"inLanguage":"hu"}]}},"_links":{"self":[{"href":"https:\/\/gambling6.com\/hu\/wp-json\/wp\/v2\/pages\/9690","targetHints":{"allow":["GET"]}}],"collection":[{"href":"https:\/\/gambling6.com\/hu\/wp-json\/wp\/v2\/pages"}],"about":[{"href":"https:\/\/gambling6.com\/hu\/wp-json\/wp\/v2\/types\/page"}],"author":[{"embeddable":true,"href":"https:\/\/gambling6.com\/hu\/wp-json\/wp\/v2\/users\/1"}],"replies":[{"embeddable":true,"href":"https:\/\/gambling6.com\/hu\/wp-json\/wp\/v2\/comments?post=9690"}],"version-history":[{"count":0,"href":"https:\/\/gambling6.com\/hu\/wp-json\/wp\/v2\/pages\/9690\/revisions"}],"up":[{"embeddable":true,"href":"https:\/\/gambling6.com\/hu\/wp-json\/wp\/v2\/pages\/9302"}],"wp:attachment":[{"href":"https:\/\/gambling6.com\/hu\/wp-json\/wp\/v2\/media?parent=9690"}],"curies":[{"name":"wp","href":"https:\/\/api.w.org\/{rel}","templated":true}]}}