{"id":9714,"date":"2025-11-11T10:45:26","date_gmt":"2025-11-11T10:45:26","guid":{"rendered":"https:\/\/gambling6.com\/lotto\/szerezzen-online-jegyeket-az-egyesult-kiralysag-nemzeti-lottojara\/"},"modified":"2025-11-15T11:13:45","modified_gmt":"2025-11-15T11:13:45","slug":"szerezzen-online-jegyeket-az-egyesult-kiralysag-nemzeti-lottojara","status":"publish","type":"page","link":"https:\/\/gambling6.com\/hu\/lotto\/szerezzen-online-jegyeket-az-egyesult-kiralysag-nemzeti-lottojara\/","title":{"rendered":"Szerezzen online jegyeket az Egyes\u00fclt Kir\u00e1lys\u00e1g Nemzeti Lott\u00f3j\u00e1ra"},"content":{"rendered":"<h2>Jegyek az Egyes\u00fclt Kir\u00e1lys\u00e1g Nemzeti Lott\u00f3j\u00e1ra az interneten<\/h2>\n<p><strong style=\"background-color: initial;\">Ha online szelv\u00e9nnyel rendelkezik az Egyes\u00fclt Kir\u00e1lys\u00e1g Nemzeti Lott\u00f3j\u00e1ra, Nagy-Britannia kedvenc lott\u00f3j\u00e1nak r\u00e9sz\u00e9v\u00e9 v\u00e1lik.<\/strong><span style=\"background-color: initial;\"> A szelv\u00e9nyek elad\u00e1sa, mind online, mind helyben, sorsol\u00e1sonk\u00e9nt k\u00f6r\u00fclbel\u00fcl 50 000 000 fontot tesz ki. Egy szelv\u00e9nnyel 1:56 es\u00e9lye van 25 font megnyer\u00e9s\u00e9re, amely a Egyes\u00fclt Kir\u00e1lys\u00e1g Nemzeti Lott\u00f3j\u00e1nak bel\u00e9p\u0151 szint\u0171 nyerem\u00e9nye.<\/span><\/p>\n<p>A lott\u00f3 lej\u00e1tsz\u00e1s\u00e1hoz hat alapsz\u00e1mot kell v\u00e1lasztania 1 \u00e9s 49 k\u00f6z\u00f6tt. A jackpot elnyer\u00e9s\u00e9hez egyszer\u0171en el kell tal\u00e1lnia hat sz\u00e1mot. <strong>Az Egyes\u00fclt Kir\u00e1lys\u00e1g Nemzeti Lott\u00f3j\u00e1nak megnyer\u00e9s\u00e9nek es\u00e9lye k\u00f6r\u00fclbel\u00fcl 1:14 milli\u00f3.<\/strong> Ezek az es\u00e9lyek sokkal jobbak, mint az Euromillions megnyer\u00e9se; s\u0151t, k\u00f6r\u00fclbel\u00fcl t\u00edzszer nagyobb az es\u00e9lye a nyerem\u00e9nyre.<\/p>\n<p>Szerd\u00e1n \u00e9s szombatonk\u00e9nt a szelv\u00e9nyelad\u00e1sok sz\u00e1rnyalnak, mivel a\u00a0<span style=\"box-sizing: border-box; margin: 0px; padding: 0px;\">helyi britek \u00e9s\u00a0<strong>nemzetk\u00f6zi online lott\u00f3j\u00e1t\u00e9kosok v\u00e1s\u00e1rolnak szelv\u00e9nyeket, hogy megnyerj\u00e9k<\/strong><\/span><strong>a f\u0151nyerem\u00e9nyt<\/strong>, amely szinte mindig meghaladja az 5 milli\u00f3 fontot. M\u00edg a szelv\u00e9nyelad\u00e1sok 45%-a garant\u00e1ltan a nyerem\u00e9nyalapba ker\u00fcl, a lott\u00f3 1994-es bevezet\u00e9se \u00f3ta t\u00f6bb mint 42 milli\u00e1rd fontot adom\u00e1nyoztak nemes c\u00e9lokra az Egyes\u00fclt Kir\u00e1lys\u00e1gban \u00e9s k\u00fclf\u00f6ld\u00f6n.<\/p>\n<p><img loading=\"lazy\" decoding=\"async\" class=\"size-medium wp-image-1371 alignright\" src=\"https:\/\/gambling6.com\/wp-content\/uploads\/2022\/04\/2_ticket_uk_lottery-192x300.jpg\" alt=\"jegy uk lott\u00f3\" width=\"192\" height=\"300\" srcset=\"https:\/\/gambling6.com\/wp-content\/uploads\/2022\/04\/2_ticket_uk_lottery-192x300.jpg 192w, https:\/\/gambling6.com\/wp-content\/uploads\/2022\/04\/2_ticket_uk_lottery.jpg 564w\" sizes=\"auto, (max-width: 192px) 100vw, 192px\" \/>Amikor ezt a lott\u00f3t szombaton \u00e9s szerd\u00e1nk\u00e9nt sorsolj\u00e1k Londonban, a k\u00f6z\u00f6ns\u00e9g meglehet\u0151sen nagy, szelv\u00e9nyeket szorongatva a tenyer\u00fckben. Az emberek a helyi kocsm\u00e1kban a t\u00e9v\u00e9 el\u0151tt \u00f6z\u00f6nlenek, abban a rem\u00e9nyben, hogy megnyerik az 5 milli\u00f3 fontot. R\u00e1ad\u00e1sul, ha a jackpotot nem nyerik meg, azt \u00e1tviszik a k\u00f6vetkez\u0151 sorsol\u00e1sra. <a class=\"thirstylink\" title=\"RedFoxLotto hu\" href=\"https:\/\/gambling6.com\/go\/redfoxlotto-hu\/\" target=\"_blank\" rel=\"nofollow noopener\">Szerezd meg online szelv\u00e9nyedet \u00e9s es\u00e9lyed van a nyerem\u00e9nyre az Egyes\u00fclt Kir\u00e1lys\u00e1g Nemzeti Lott\u00f3j\u00e1n, ha ell\u00e1togatsz partner\u00fcnk, a RedFoxLotto oldal\u00e1ra.<\/a><\/p>\n<table style=\"width: 500px;\" border=\"1\" cellspacing=\"5\" cellpadding=\"5\" align=\"center\">\n<tbody>\n<tr>\n<td colspan=\"3\" align=\"center\">A 2013-as \u00f6t legnagyobb jackpot<\/td>\n<\/tr>\n<tr>\n<td>Sorsol\u00e1s<\/td>\n<td align=\"center\">D\u00e1tum<\/td>\n<td align=\"center\">Jackpot (USD)<\/td>\n<\/tr>\n<tr>\n<td>Nemzeti Lott\u00f3 &#8211; Egyes\u00fclt Kir\u00e1lys\u00e1g<\/td>\n<td align=\"center\">2013. okt\u00f3ber 5.<\/td>\n<td style=\"text-align: center;\" align=\"right\">16 500 000 $<\/td>\n<\/tr>\n<tr>\n<td>Nemzeti Lott\u00f3 &#8211; Egyes\u00fclt Kir\u00e1lys\u00e1g<\/td>\n<td align=\"center\">2013. okt\u00f3ber 12.<\/td>\n<td align=\"right\">16 500 000 $<\/td>\n<\/tr>\n<tr>\n<td>Nemzeti Lott\u00f3 &#8211; Egyes\u00fclt Kir\u00e1lys\u00e1g<\/td>\n<td align=\"center\">2013. szeptember 18.<\/td>\n<td align=\"right\">14 025 000 $<\/td>\n<\/tr>\n<tr>\n<td>Nemzeti Lott\u00f3 &#8211; Egyes\u00fclt Kir\u00e1lys\u00e1g<\/td>\n<td align=\"center\">2013. december 18.<\/td>\n<td align=\"right\">13 173 600 $<\/td>\n<\/tr>\n<tr>\n<td>Nemzeti Lott\u00f3 &#8211; Egyes\u00fclt Kir\u00e1lys\u00e1g<\/td>\n<td align=\"center\">2013. november 2.<\/td>\n<td align=\"right\">13 134 000 doll\u00e1r<\/td>\n<\/tr>\n<\/tbody>\n<\/table>\n<p>&nbsp;<\/p>\n<table style=\"width: 500px;\" border=\"1\" cellspacing=\"5\" cellpadding=\"5\" align=\"center\">\n<tbody>\n<tr>\n<td colspan=\"3\" align=\"center\">Egyes\u00fclt Kir\u00e1lys\u00e1g Nemzeti Lott\u00f3j\u00e1nak Nyerem\u00e9nyszintjei<\/td>\n<\/tr>\n<tr>\n<td>Nyerem\u00e9ny<\/td>\n<td align=\"center\">M\u00e9rk\u0151z\u00e9sek<\/td>\n<td align=\"center\">Es\u00e9lyek<\/td>\n<\/tr>\n<tr>\n<td>1. (Jackpot)<\/td>\n<td style=\"text-align: center;\" align=\"center\">6<\/td>\n<td align=\"right\">13 983 816 : 1<\/td>\n<\/tr>\n<tr>\n<td>2.<\/td>\n<td align=\"center\">5 + 1<\/td>\n<td align=\"right\">2 330 636 : 1<\/td>\n<\/tr>\n<tr>\n<td>3.<\/td>\n<td align=\"center\">5<\/td>\n<td align=\"right\">55 492 : 1<\/td>\n<\/tr>\n<tr>\n<td>4.<\/td>\n<td align=\"center\">4<\/td>\n<td align=\"right\">1 033 : 1<\/td>\n<\/tr>\n<tr>\n<td>5.<\/td>\n<td align=\"center\">3<\/td>\n<td align=\"right\">57 : 1<\/td>\n<\/tr>\n<\/tbody>\n<\/table>\n","protected":false},"excerpt":{"rendered":"<p>Jegyek az Egyes\u00fclt Kir\u00e1lys\u00e1g Nemzeti Lott\u00f3j\u00e1ra az interneten Ha online szelv\u00e9nnyel rendelkezik az Egyes\u00fclt Kir\u00e1lys\u00e1g Nemzeti Lott\u00f3j\u00e1ra, Nagy-Britannia kedvenc lott\u00f3j\u00e1nak r\u00e9sz\u00e9v\u00e9 v\u00e1lik. A szelv\u00e9nyek elad\u00e1sa, mind online, mind helyben, sorsol\u00e1sonk\u00e9nt k\u00f6r\u00fclbel\u00fcl 50 000 000 fontot tesz ki. Egy szelv\u00e9nnyel 1:56 es\u00e9lye van 25 font megnyer\u00e9s\u00e9re, amely a Egyes\u00fclt Kir\u00e1lys\u00e1g Nemzeti Lott\u00f3j\u00e1nak bel\u00e9p\u0151 szint\u0171 nyerem\u00e9nye. A [&hellip;]<\/p>\n","protected":false},"author":1,"featured_media":0,"parent":9302,"menu_order":6,"comment_status":"closed","ping_status":"closed","template":"","meta":{"footnotes":""},"class_list":["post-9714","page","type-page","status-publish","hentry"],"yoast_head":"<!-- This site is optimized with the Yoast SEO plugin v27.3 - https:\/\/yoast.com\/product\/yoast-seo-wordpress\/ -->\n<title>V\u00e1s\u00e1roljon jegyeket az Egyes\u00fclt Kir\u00e1lys\u00e1g Nemzeti Lott\u00f3j\u00e1ra online<\/title>\n<meta name=\"description\" content=\"Vegyen r\u00e9szt az Egyes\u00fclt Kir\u00e1lys\u00e1g Nemzeti Lott\u00f3j\u00e1n online jegyv\u00e1s\u00e1rl\u00e1ssal.\" \/>\n<meta name=\"robots\" content=\"index, follow, max-snippet:-1, max-image-preview:large, max-video-preview:-1\" \/>\n<link rel=\"canonical\" href=\"https:\/\/gambling6.com\/hu\/lotto\/szerezzen-online-jegyeket-az-egyesult-kiralysag-nemzeti-lottojara\/\" \/>\n<meta property=\"og:locale\" content=\"hu_HU\" \/>\n<meta property=\"og:type\" content=\"article\" \/>\n<meta property=\"og:title\" content=\"V\u00e1s\u00e1roljon jegyeket az Egyes\u00fclt Kir\u00e1lys\u00e1g Nemzeti Lott\u00f3j\u00e1ra online\" \/>\n<meta property=\"og:description\" content=\"Vegyen r\u00e9szt az Egyes\u00fclt Kir\u00e1lys\u00e1g Nemzeti Lott\u00f3j\u00e1n online jegyv\u00e1s\u00e1rl\u00e1ssal.\" \/>\n<meta property=\"og:url\" content=\"https:\/\/gambling6.com\/hu\/lotto\/szerezzen-online-jegyeket-az-egyesult-kiralysag-nemzeti-lottojara\/\" \/>\n<meta property=\"og:site_name\" content=\"Gambling6\" \/>\n<meta property=\"article:modified_time\" content=\"2025-11-15T11:13:45+00:00\" \/>\n<meta property=\"og:image\" content=\"https:\/\/gambling6.com\/wp-content\/uploads\/2022\/04\/2_ticket_uk_lottery.jpg\" \/>\n\t<meta property=\"og:image:width\" content=\"564\" \/>\n\t<meta property=\"og:image:height\" content=\"883\" \/>\n\t<meta property=\"og:image:type\" content=\"image\/jpeg\" \/>\n<meta name=\"twitter:card\" content=\"summary_large_image\" \/>\n<meta name=\"twitter:label1\" content=\"Becs\u00fclt olvas\u00e1si id\u0151\" \/>\n\t<meta name=\"twitter:data1\" content=\"2 perc\" \/>\n<script type=\"application\/ld+json\" class=\"yoast-schema-graph\">{\"@context\":\"https:\\\/\\\/schema.org\",\"@graph\":[{\"@type\":\"WebPage\",\"@id\":\"https:\\\/\\\/gambling6.com\\\/hu\\\/lotto\\\/szerezzen-online-jegyeket-az-egyesult-kiralysag-nemzeti-lottojara\\\/\",\"url\":\"https:\\\/\\\/gambling6.com\\\/hu\\\/lotto\\\/szerezzen-online-jegyeket-az-egyesult-kiralysag-nemzeti-lottojara\\\/\",\"name\":\"V\u00e1s\u00e1roljon jegyeket az Egyes\u00fclt Kir\u00e1lys\u00e1g Nemzeti Lott\u00f3j\u00e1ra online\",\"isPartOf\":{\"@id\":\"https:\\\/\\\/gambling6.com\\\/hu\\\/#website\"},\"primaryImageOfPage\":{\"@id\":\"https:\\\/\\\/gambling6.com\\\/hu\\\/lotto\\\/szerezzen-online-jegyeket-az-egyesult-kiralysag-nemzeti-lottojara\\\/#primaryimage\"},\"image\":{\"@id\":\"https:\\\/\\\/gambling6.com\\\/hu\\\/lotto\\\/szerezzen-online-jegyeket-az-egyesult-kiralysag-nemzeti-lottojara\\\/#primaryimage\"},\"thumbnailUrl\":\"https:\\\/\\\/gambling6.com\\\/wp-content\\\/uploads\\\/2022\\\/04\\\/2_ticket_uk_lottery-192x300.jpg\",\"datePublished\":\"2025-11-11T10:45:26+00:00\",\"dateModified\":\"2025-11-15T11:13:45+00:00\",\"description\":\"Vegyen r\u00e9szt az Egyes\u00fclt Kir\u00e1lys\u00e1g Nemzeti Lott\u00f3j\u00e1n online jegyv\u00e1s\u00e1rl\u00e1ssal.\",\"breadcrumb\":{\"@id\":\"https:\\\/\\\/gambling6.com\\\/hu\\\/lotto\\\/szerezzen-online-jegyeket-az-egyesult-kiralysag-nemzeti-lottojara\\\/#breadcrumb\"},\"inLanguage\":\"hu\",\"potentialAction\":[{\"@type\":\"ReadAction\",\"target\":[\"https:\\\/\\\/gambling6.com\\\/hu\\\/lotto\\\/szerezzen-online-jegyeket-az-egyesult-kiralysag-nemzeti-lottojara\\\/\"]}]},{\"@type\":\"ImageObject\",\"inLanguage\":\"hu\",\"@id\":\"https:\\\/\\\/gambling6.com\\\/hu\\\/lotto\\\/szerezzen-online-jegyeket-az-egyesult-kiralysag-nemzeti-lottojara\\\/#primaryimage\",\"url\":\"https:\\\/\\\/gambling6.com\\\/wp-content\\\/uploads\\\/2022\\\/04\\\/2_ticket_uk_lottery-192x300.jpg\",\"contentUrl\":\"https:\\\/\\\/gambling6.com\\\/wp-content\\\/uploads\\\/2022\\\/04\\\/2_ticket_uk_lottery-192x300.jpg\"},{\"@type\":\"BreadcrumbList\",\"@id\":\"https:\\\/\\\/gambling6.com\\\/hu\\\/lotto\\\/szerezzen-online-jegyeket-az-egyesult-kiralysag-nemzeti-lottojara\\\/#breadcrumb\",\"itemListElement\":[{\"@type\":\"ListItem\",\"position\":1,\"name\":\"Home\",\"item\":\"https:\\\/\\\/gambling6.com\\\/hu\\\/home\\\/\"},{\"@type\":\"ListItem\",\"position\":2,\"name\":\"Lott\u00f3\",\"item\":\"https:\\\/\\\/gambling6.com\\\/hu\\\/lotto\\\/\"},{\"@type\":\"ListItem\",\"position\":3,\"name\":\"Szerezzen online jegyeket az Egyes\u00fclt Kir\u00e1lys\u00e1g Nemzeti Lott\u00f3j\u00e1ra\"}]},{\"@type\":\"WebSite\",\"@id\":\"https:\\\/\\\/gambling6.com\\\/hu\\\/#website\",\"url\":\"https:\\\/\\\/gambling6.com\\\/hu\\\/\",\"name\":\"Gambling6\",\"description\":\"\",\"potentialAction\":[{\"@type\":\"SearchAction\",\"target\":{\"@type\":\"EntryPoint\",\"urlTemplate\":\"https:\\\/\\\/gambling6.com\\\/hu\\\/?s={search_term_string}\"},\"query-input\":{\"@type\":\"PropertyValueSpecification\",\"valueRequired\":true,\"valueName\":\"search_term_string\"}}],\"inLanguage\":\"hu\"}]}<\/script>\n<!-- \/ Yoast SEO plugin. -->","yoast_head_json":{"title":"V\u00e1s\u00e1roljon jegyeket az Egyes\u00fclt Kir\u00e1lys\u00e1g Nemzeti Lott\u00f3j\u00e1ra online","description":"Vegyen r\u00e9szt az Egyes\u00fclt Kir\u00e1lys\u00e1g Nemzeti Lott\u00f3j\u00e1n online jegyv\u00e1s\u00e1rl\u00e1ssal.","robots":{"index":"index","follow":"follow","max-snippet":"max-snippet:-1","max-image-preview":"max-image-preview:large","max-video-preview":"max-video-preview:-1"},"canonical":"https:\/\/gambling6.com\/hu\/lotto\/szerezzen-online-jegyeket-az-egyesult-kiralysag-nemzeti-lottojara\/","og_locale":"hu_HU","og_type":"article","og_title":"V\u00e1s\u00e1roljon jegyeket az Egyes\u00fclt Kir\u00e1lys\u00e1g Nemzeti Lott\u00f3j\u00e1ra online","og_description":"Vegyen r\u00e9szt az Egyes\u00fclt Kir\u00e1lys\u00e1g Nemzeti Lott\u00f3j\u00e1n online jegyv\u00e1s\u00e1rl\u00e1ssal.","og_url":"https:\/\/gambling6.com\/hu\/lotto\/szerezzen-online-jegyeket-az-egyesult-kiralysag-nemzeti-lottojara\/","og_site_name":"Gambling6","article_modified_time":"2025-11-15T11:13:45+00:00","og_image":[{"width":564,"height":883,"url":"https:\/\/gambling6.com\/wp-content\/uploads\/2022\/04\/2_ticket_uk_lottery.jpg","type":"image\/jpeg"}],"twitter_card":"summary_large_image","twitter_misc":{"Becs\u00fclt olvas\u00e1si id\u0151":"2 perc"},"schema":{"@context":"https:\/\/schema.org","@graph":[{"@type":"WebPage","@id":"https:\/\/gambling6.com\/hu\/lotto\/szerezzen-online-jegyeket-az-egyesult-kiralysag-nemzeti-lottojara\/","url":"https:\/\/gambling6.com\/hu\/lotto\/szerezzen-online-jegyeket-az-egyesult-kiralysag-nemzeti-lottojara\/","name":"V\u00e1s\u00e1roljon jegyeket az Egyes\u00fclt Kir\u00e1lys\u00e1g Nemzeti Lott\u00f3j\u00e1ra online","isPartOf":{"@id":"https:\/\/gambling6.com\/hu\/#website"},"primaryImageOfPage":{"@id":"https:\/\/gambling6.com\/hu\/lotto\/szerezzen-online-jegyeket-az-egyesult-kiralysag-nemzeti-lottojara\/#primaryimage"},"image":{"@id":"https:\/\/gambling6.com\/hu\/lotto\/szerezzen-online-jegyeket-az-egyesult-kiralysag-nemzeti-lottojara\/#primaryimage"},"thumbnailUrl":"https:\/\/gambling6.com\/wp-content\/uploads\/2022\/04\/2_ticket_uk_lottery-192x300.jpg","datePublished":"2025-11-11T10:45:26+00:00","dateModified":"2025-11-15T11:13:45+00:00","description":"Vegyen r\u00e9szt az Egyes\u00fclt Kir\u00e1lys\u00e1g Nemzeti Lott\u00f3j\u00e1n online jegyv\u00e1s\u00e1rl\u00e1ssal.","breadcrumb":{"@id":"https:\/\/gambling6.com\/hu\/lotto\/szerezzen-online-jegyeket-az-egyesult-kiralysag-nemzeti-lottojara\/#breadcrumb"},"inLanguage":"hu","potentialAction":[{"@type":"ReadAction","target":["https:\/\/gambling6.com\/hu\/lotto\/szerezzen-online-jegyeket-az-egyesult-kiralysag-nemzeti-lottojara\/"]}]},{"@type":"ImageObject","inLanguage":"hu","@id":"https:\/\/gambling6.com\/hu\/lotto\/szerezzen-online-jegyeket-az-egyesult-kiralysag-nemzeti-lottojara\/#primaryimage","url":"https:\/\/gambling6.com\/wp-content\/uploads\/2022\/04\/2_ticket_uk_lottery-192x300.jpg","contentUrl":"https:\/\/gambling6.com\/wp-content\/uploads\/2022\/04\/2_ticket_uk_lottery-192x300.jpg"},{"@type":"BreadcrumbList","@id":"https:\/\/gambling6.com\/hu\/lotto\/szerezzen-online-jegyeket-az-egyesult-kiralysag-nemzeti-lottojara\/#breadcrumb","itemListElement":[{"@type":"ListItem","position":1,"name":"Home","item":"https:\/\/gambling6.com\/hu\/home\/"},{"@type":"ListItem","position":2,"name":"Lott\u00f3","item":"https:\/\/gambling6.com\/hu\/lotto\/"},{"@type":"ListItem","position":3,"name":"Szerezzen online jegyeket az Egyes\u00fclt Kir\u00e1lys\u00e1g Nemzeti Lott\u00f3j\u00e1ra"}]},{"@type":"WebSite","@id":"https:\/\/gambling6.com\/hu\/#website","url":"https:\/\/gambling6.com\/hu\/","name":"Gambling6","description":"","potentialAction":[{"@type":"SearchAction","target":{"@type":"EntryPoint","urlTemplate":"https:\/\/gambling6.com\/hu\/?s={search_term_string}"},"query-input":{"@type":"PropertyValueSpecification","valueRequired":true,"valueName":"search_term_string"}}],"inLanguage":"hu"}]}},"_links":{"self":[{"href":"https:\/\/gambling6.com\/hu\/wp-json\/wp\/v2\/pages\/9714","targetHints":{"allow":["GET"]}}],"collection":[{"href":"https:\/\/gambling6.com\/hu\/wp-json\/wp\/v2\/pages"}],"about":[{"href":"https:\/\/gambling6.com\/hu\/wp-json\/wp\/v2\/types\/page"}],"author":[{"embeddable":true,"href":"https:\/\/gambling6.com\/hu\/wp-json\/wp\/v2\/users\/1"}],"replies":[{"embeddable":true,"href":"https:\/\/gambling6.com\/hu\/wp-json\/wp\/v2\/comments?post=9714"}],"version-history":[{"count":1,"href":"https:\/\/gambling6.com\/hu\/wp-json\/wp\/v2\/pages\/9714\/revisions"}],"predecessor-version":[{"id":10941,"href":"https:\/\/gambling6.com\/hu\/wp-json\/wp\/v2\/pages\/9714\/revisions\/10941"}],"up":[{"embeddable":true,"href":"https:\/\/gambling6.com\/hu\/wp-json\/wp\/v2\/pages\/9302"}],"wp:attachment":[{"href":"https:\/\/gambling6.com\/hu\/wp-json\/wp\/v2\/media?parent=9714"}],"curies":[{"name":"wp","href":"https:\/\/api.w.org\/{rel}","templated":true}]}}