{"id":9715,"date":"2025-11-11T10:46:40","date_gmt":"2025-11-11T10:46:40","guid":{"rendered":"https:\/\/gambling6.com\/lotto\/szerezz-online-jegyeket-a-superenalotto-ra\/"},"modified":"2025-11-11T10:46:40","modified_gmt":"2025-11-11T10:46:40","slug":"szerezz-online-jegyeket-a-superenalotto-ra","status":"publish","type":"page","link":"https:\/\/gambling6.com\/hu\/lotto\/szerezz-online-jegyeket-a-superenalotto-ra\/","title":{"rendered":"Szerezz online jegyeket a Superenalotto-ra"},"content":{"rendered":"<h2>Superenalotto<\/h2>\n<p>Az olaszok lott\u00f3fanatikusok, k\u00fcl\u00f6n\u00f6sen szeretik a Superenalottojukat. A lott\u00f3 szelv\u00e9nyeinek elad\u00e1sa minden h\u00e9ten elk\u00e9peszt\u0151, a nyer\u00e9si es\u00e9lyek meghaladj\u00e1k az 1:600 \u200b\u200bmilli\u00f3t. <strong>Az olasz Superenalotto online lott\u00f3szelv\u00e9nyeinek v\u00e1s\u00e1rl\u00e1sa a lehet\u0151 legrosszabb es\u00e9lyeket k\u00edn\u00e1lja a vil\u00e1g \u00f6sszes lott\u00f3ja k\u00f6z\u00fcl.<\/strong> M\u00e9gis \u00fagy t\u0171nik, hogy ez a f\u0151 vonzer\u0151 a helyi eur\u00f3paiak \u00e9s a vil\u00e1g online lott\u00f3j\u00e1t\u00e9kosai sz\u00e1m\u00e1ra.<\/p>\n<h2><img loading=\"lazy\" decoding=\"async\" class=\"size-full wp-image-1575 alignright\" src=\"https:\/\/gambling6.com\/wp-content\/uploads\/2022\/04\/2_ticket_superenalotto.jpg\" alt=\"superenalotto ticket\" width=\"228\" height=\"300\" \/>Jackpotok \u00e1tj\u00e1tsz\u00e1sa a SuperEnalotto-ban<\/h2>\n<p>Az olasz Superenalotto megnyer\u00e9s\u00e9nek es\u00e9lyei miatt el\u00e9g gyakran el\u0151fordul, hogy a jackpotot \u00e1tj\u00e1tssz\u00e1k. Ha hat sz\u00e1mot v\u00e1lasztasz 1 \u00e9s 90 k\u00f6z\u00f6tt, es\u00e9lyed van a jackpot megnyer\u00e9s\u00e9re, ha mind a hat sz\u00e1mot eltal\u00e1lod. Ha csak \u00f6t sz\u00e1mot tal\u00e1lsz el, a b\u00f3nusz a m\u00e1sodik kateg\u00f3ri\u00e1s nyerem\u00e9nyt jelenti. A b\u00f3nuszsz\u00e1mot k\u00fcl\u00f6n h\u00fazz\u00e1k ki, \u00e9s jolly ball n\u00e9ven ismert. <strong>Az online j\u00e1t\u00e9kosok sietve v\u00e1s\u00e1rolnak szelv\u00e9nyeket, hogy megpr\u00f3b\u00e1lj\u00e1k megszerezni a rekord \u00e9rt\u00e9k\u0171, ak\u00e1r 500 milli\u00f3 eur\u00f3s jackpotokat.<\/strong><\/p>\n<p>Az olasz Superenalotto hetente h\u00e1romszor sorsol. <b>A jackpot 2 milli\u00f3 eur\u00f3t\u00f3l kezd\u0151dik, \u00e9s nem meglep\u0151, hogy az emberek annyira \u00e9rdekl\u0151dnek a j\u00e1t\u00e9k ir\u00e1nt.<\/b> Mind a helyiek, mind az online j\u00e1t\u00e9kosok szeretn\u00e9nek egy r\u00e9szt ebb\u0151l a nemzetk\u00f6zi lott\u00f3b\u00f3l, amely a besz\u00e1mol\u00f3k szerint a legmagasabb nyer\u00e9si es\u00e9lyeket k\u00edn\u00e1lja.<\/p>\n<p>Az 1997-ben bevezetett Superenalotto Olaszorsz\u00e1gban gyorsan felkeltette az eur\u00f3pai lott\u00f3j\u00e1t\u00e9kosok figyelm\u00e9t, a jackpotok pedig egyre n\u0151ttek \u00e9s halmoz\u00f3dtak. A legnagyobb jackpotot egyetlen szelv\u00e9nytulajdonos nyerte 2010-ben, 223 milli\u00f3 eur\u00f3 \u00e9rt\u00e9kben. <strong>Mivel\u00a0<\/strong><span style=\"box-sizing: border-box; margin: 0px; padding: 0px;\"><strong>t\u00f6bb ember v\u00e1s\u00e1rol online szelv\u00e9nyt a Superenalotto-ra<\/strong>, a jackpotnak lehet\u0151s\u00e9ge van m\u00e9g nagyobbra n\u0151ni, mivel nincs korl\u00e1tja a m\u00e9ret\u00e9nek<\/span>.<\/p>\n<p>A nagy jackpot megnyer\u00e9se mellett az online j\u00e1t\u00e9kosok r\u00e9szt vehetnek a tov\u00e1bbi \u00f6t el\u00e9rhet\u0151 nyerem\u00e9ny egyik\u00e9ben is. <a class=\"thirstylink\" title=\"RedFoxLotto en\" href=\"https:\/\/gambling6.com\/go\/redfoxlotto-en\/\" target=\"_blank\" rel=\"nofollow noopener\">Ha a RedFoxLotto-n kereszt\u00fcl szeretn\u00e9 megv\u00e1s\u00e1rolni az olaszorsz\u00e1gi Superenalotto szelv\u00e9nyeit, kattintson ide.<\/a><\/p>\n<table style=\"width: 500px;\" border=\"1\" cellspacing=\"5\" cellpadding=\"5\" align=\"center\">\n<tbody>\n<tr>\n<td colspan=\"3\" align=\"center\">2013 legnagyobb jackpotjai<\/td>\n<\/tr>\n<tr>\n<td>Sorsol\u00e1s<\/td>\n<td align=\"center\">D\u00e1tum<\/td>\n<td align=\"center\">Jackpot (USD)<\/td>\n<\/tr>\n<tr>\n<td>Superenalotto &#8211; Olaszorsz\u00e1g<\/td>\n<td align=\"center\">2013. j\u00fanius 29.<\/td>\n<td align=\"right\">55 759 000 $<\/td>\n<\/tr>\n<tr>\n<td>Superenalotto &#8211; Olaszorsz\u00e1g<\/td>\n<td align=\"center\">2013. okt\u00f3ber 15.<\/td>\n<td align=\"right\">25 124 430 $<\/td>\n<\/tr>\n<tr>\n<td>Superenalotto &#8211; Olaszorsz\u00e1g<\/td>\n<td align=\"center\">2013. okt\u00f3ber 3.<\/td>\n<td align=\"right\">21 372 000 $<\/td>\n<\/tr>\n<tr>\n<td>Superenalotto &#8211; Olaszorsz\u00e1g<\/td>\n<td align=\"center\">2013. j\u00falius 27.<\/td>\n<td align=\"right\">19 043 000 $<\/td>\n<\/tr>\n<\/tbody>\n<\/table>\n<p>&nbsp;<\/p>\n<table style=\"width: 500px;\" border=\"1\" cellspacing=\"5\" cellpadding=\"5\" align=\"center\">\n<tbody>\n<tr>\n<td colspan=\"3\" align=\"center\">Superenalotto &#8211; Olaszorsz\u00e1g nyerem\u00e9nyoszt\u00e1lyok<\/td>\n<\/tr>\n<tr>\n<td>Nyerem\u00e9ny<\/td>\n<td align=\"center\">M\u00e9rk\u0151z\u00e9sek<\/td>\n<td align=\"center\">Es\u00e9lyek<\/td>\n<\/tr>\n<tr>\n<td>1. (f\u0151nyerem\u00e9ny)<\/td>\n<td align=\"center\">6<\/td>\n<td align=\"right\">622 614 630 : 1<\/td>\n<\/tr>\n<tr>\n<td>2.<\/td>\n<td align=\"center\">5 + 1<\/td>\n<td align=\"right\">103 769 105 : 1<\/td>\n<\/tr>\n<tr>\n<td>3.<\/td>\n<td align=\"center\">5.<\/td>\n<td align=\"right\">1 235 346 : 1<\/td>\n<\/tr>\n<tr>\n<td>4.<\/td>\n<td align=\"center\">4.<\/td>\n<td align=\"right\">11 907 : 1<\/td>\n<\/tr>\n<tr>\n<td>5.<\/td>\n<td align=\"center\">3.<\/td>\n<td align=\"right\">327 : 1<\/td>\n<\/tr>\n<\/tbody>\n<\/table>\n","protected":false},"excerpt":{"rendered":"<p>Superenalotto Az olaszok lott\u00f3fanatikusok, k\u00fcl\u00f6n\u00f6sen szeretik a Superenalottojukat. A lott\u00f3 szelv\u00e9nyeinek elad\u00e1sa minden h\u00e9ten elk\u00e9peszt\u0151, a nyer\u00e9si es\u00e9lyek meghaladj\u00e1k az 1:600 \u200b\u200bmilli\u00f3t. Az olasz Superenalotto online lott\u00f3szelv\u00e9nyeinek v\u00e1s\u00e1rl\u00e1sa a lehet\u0151 legrosszabb es\u00e9lyeket k\u00edn\u00e1lja a vil\u00e1g \u00f6sszes lott\u00f3ja k\u00f6z\u00fcl. M\u00e9gis \u00fagy t\u0171nik, hogy ez a f\u0151 vonzer\u0151 a helyi eur\u00f3paiak \u00e9s a vil\u00e1g online lott\u00f3j\u00e1t\u00e9kosai sz\u00e1m\u00e1ra. [&hellip;]<\/p>\n","protected":false},"author":1,"featured_media":0,"parent":9302,"menu_order":7,"comment_status":"closed","ping_status":"closed","template":"","meta":{"footnotes":""},"class_list":["post-9715","page","type-page","status-publish","hentry"],"yoast_head":"<!-- This site is optimized with the Yoast SEO plugin v27.4 - https:\/\/yoast.com\/product\/yoast-seo-wordpress\/ -->\n<title>V\u00e1s\u00e1roljon jegyeket a Superenalotto-ra online<\/title>\n<meta name=\"description\" content=\"Szerezd meg online Superenalotto szelv\u00e9nyeidet partner\u00fcnk, a RedFoxLotto weboldal\u00e1n.\" \/>\n<meta name=\"robots\" content=\"index, follow, max-snippet:-1, max-image-preview:large, max-video-preview:-1\" \/>\n<link rel=\"canonical\" href=\"https:\/\/gambling6.com\/hu\/lotto\/szerezz-online-jegyeket-a-superenalotto-ra\/\" \/>\n<meta property=\"og:locale\" content=\"hu_HU\" \/>\n<meta property=\"og:type\" content=\"article\" \/>\n<meta property=\"og:title\" content=\"V\u00e1s\u00e1roljon jegyeket a Superenalotto-ra online\" \/>\n<meta property=\"og:description\" content=\"Szerezd meg online Superenalotto szelv\u00e9nyeidet partner\u00fcnk, a RedFoxLotto weboldal\u00e1n.\" \/>\n<meta property=\"og:url\" content=\"https:\/\/gambling6.com\/hu\/lotto\/szerezz-online-jegyeket-a-superenalotto-ra\/\" \/>\n<meta property=\"og:site_name\" content=\"Gambling6\" \/>\n<meta property=\"og:image\" content=\"https:\/\/gambling6.com\/wp-content\/uploads\/2022\/04\/2_ticket_superenalotto.jpg\" \/>\n\t<meta property=\"og:image:width\" content=\"228\" \/>\n\t<meta property=\"og:image:height\" content=\"300\" \/>\n\t<meta property=\"og:image:type\" content=\"image\/jpeg\" \/>\n<meta name=\"twitter:card\" content=\"summary_large_image\" \/>\n<meta name=\"twitter:label1\" content=\"Becs\u00fclt olvas\u00e1si id\u0151\" \/>\n\t<meta name=\"twitter:data1\" content=\"2 perc\" \/>\n<script type=\"application\/ld+json\" class=\"yoast-schema-graph\">{\"@context\":\"https:\\\/\\\/schema.org\",\"@graph\":[{\"@type\":\"WebPage\",\"@id\":\"https:\\\/\\\/gambling6.com\\\/hu\\\/lotto\\\/szerezz-online-jegyeket-a-superenalotto-ra\\\/\",\"url\":\"https:\\\/\\\/gambling6.com\\\/hu\\\/lotto\\\/szerezz-online-jegyeket-a-superenalotto-ra\\\/\",\"name\":\"V\u00e1s\u00e1roljon jegyeket a Superenalotto-ra online\",\"isPartOf\":{\"@id\":\"https:\\\/\\\/gambling6.com\\\/hu\\\/#website\"},\"primaryImageOfPage\":{\"@id\":\"https:\\\/\\\/gambling6.com\\\/hu\\\/lotto\\\/szerezz-online-jegyeket-a-superenalotto-ra\\\/#primaryimage\"},\"image\":{\"@id\":\"https:\\\/\\\/gambling6.com\\\/hu\\\/lotto\\\/szerezz-online-jegyeket-a-superenalotto-ra\\\/#primaryimage\"},\"thumbnailUrl\":\"https:\\\/\\\/gambling6.com\\\/wp-content\\\/uploads\\\/2022\\\/04\\\/2_ticket_superenalotto.jpg\",\"datePublished\":\"2025-11-11T10:46:40+00:00\",\"description\":\"Szerezd meg online Superenalotto szelv\u00e9nyeidet partner\u00fcnk, a RedFoxLotto weboldal\u00e1n.\",\"breadcrumb\":{\"@id\":\"https:\\\/\\\/gambling6.com\\\/hu\\\/lotto\\\/szerezz-online-jegyeket-a-superenalotto-ra\\\/#breadcrumb\"},\"inLanguage\":\"hu\",\"potentialAction\":[{\"@type\":\"ReadAction\",\"target\":[\"https:\\\/\\\/gambling6.com\\\/hu\\\/lotto\\\/szerezz-online-jegyeket-a-superenalotto-ra\\\/\"]}]},{\"@type\":\"ImageObject\",\"inLanguage\":\"hu\",\"@id\":\"https:\\\/\\\/gambling6.com\\\/hu\\\/lotto\\\/szerezz-online-jegyeket-a-superenalotto-ra\\\/#primaryimage\",\"url\":\"https:\\\/\\\/gambling6.com\\\/wp-content\\\/uploads\\\/2022\\\/04\\\/2_ticket_superenalotto.jpg\",\"contentUrl\":\"https:\\\/\\\/gambling6.com\\\/wp-content\\\/uploads\\\/2022\\\/04\\\/2_ticket_superenalotto.jpg\"},{\"@type\":\"BreadcrumbList\",\"@id\":\"https:\\\/\\\/gambling6.com\\\/hu\\\/lotto\\\/szerezz-online-jegyeket-a-superenalotto-ra\\\/#breadcrumb\",\"itemListElement\":[{\"@type\":\"ListItem\",\"position\":1,\"name\":\"Home\",\"item\":\"https:\\\/\\\/gambling6.com\\\/hu\\\/home\\\/\"},{\"@type\":\"ListItem\",\"position\":2,\"name\":\"Lott\u00f3\",\"item\":\"https:\\\/\\\/gambling6.com\\\/hu\\\/lotto\\\/\"},{\"@type\":\"ListItem\",\"position\":3,\"name\":\"Szerezz online jegyeket a Superenalotto-ra\"}]},{\"@type\":\"WebSite\",\"@id\":\"https:\\\/\\\/gambling6.com\\\/hu\\\/#website\",\"url\":\"https:\\\/\\\/gambling6.com\\\/hu\\\/\",\"name\":\"Gambling6\",\"description\":\"\",\"potentialAction\":[{\"@type\":\"SearchAction\",\"target\":{\"@type\":\"EntryPoint\",\"urlTemplate\":\"https:\\\/\\\/gambling6.com\\\/hu\\\/?s={search_term_string}\"},\"query-input\":{\"@type\":\"PropertyValueSpecification\",\"valueRequired\":true,\"valueName\":\"search_term_string\"}}],\"inLanguage\":\"hu\"}]}<\/script>\n<!-- \/ Yoast SEO plugin. -->","yoast_head_json":{"title":"V\u00e1s\u00e1roljon jegyeket a Superenalotto-ra online","description":"Szerezd meg online Superenalotto szelv\u00e9nyeidet partner\u00fcnk, a RedFoxLotto weboldal\u00e1n.","robots":{"index":"index","follow":"follow","max-snippet":"max-snippet:-1","max-image-preview":"max-image-preview:large","max-video-preview":"max-video-preview:-1"},"canonical":"https:\/\/gambling6.com\/hu\/lotto\/szerezz-online-jegyeket-a-superenalotto-ra\/","og_locale":"hu_HU","og_type":"article","og_title":"V\u00e1s\u00e1roljon jegyeket a Superenalotto-ra online","og_description":"Szerezd meg online Superenalotto szelv\u00e9nyeidet partner\u00fcnk, a RedFoxLotto weboldal\u00e1n.","og_url":"https:\/\/gambling6.com\/hu\/lotto\/szerezz-online-jegyeket-a-superenalotto-ra\/","og_site_name":"Gambling6","og_image":[{"width":228,"height":300,"url":"https:\/\/gambling6.com\/wp-content\/uploads\/2022\/04\/2_ticket_superenalotto.jpg","type":"image\/jpeg"}],"twitter_card":"summary_large_image","twitter_misc":{"Becs\u00fclt olvas\u00e1si id\u0151":"2 perc"},"schema":{"@context":"https:\/\/schema.org","@graph":[{"@type":"WebPage","@id":"https:\/\/gambling6.com\/hu\/lotto\/szerezz-online-jegyeket-a-superenalotto-ra\/","url":"https:\/\/gambling6.com\/hu\/lotto\/szerezz-online-jegyeket-a-superenalotto-ra\/","name":"V\u00e1s\u00e1roljon jegyeket a Superenalotto-ra online","isPartOf":{"@id":"https:\/\/gambling6.com\/hu\/#website"},"primaryImageOfPage":{"@id":"https:\/\/gambling6.com\/hu\/lotto\/szerezz-online-jegyeket-a-superenalotto-ra\/#primaryimage"},"image":{"@id":"https:\/\/gambling6.com\/hu\/lotto\/szerezz-online-jegyeket-a-superenalotto-ra\/#primaryimage"},"thumbnailUrl":"https:\/\/gambling6.com\/wp-content\/uploads\/2022\/04\/2_ticket_superenalotto.jpg","datePublished":"2025-11-11T10:46:40+00:00","description":"Szerezd meg online Superenalotto szelv\u00e9nyeidet partner\u00fcnk, a RedFoxLotto weboldal\u00e1n.","breadcrumb":{"@id":"https:\/\/gambling6.com\/hu\/lotto\/szerezz-online-jegyeket-a-superenalotto-ra\/#breadcrumb"},"inLanguage":"hu","potentialAction":[{"@type":"ReadAction","target":["https:\/\/gambling6.com\/hu\/lotto\/szerezz-online-jegyeket-a-superenalotto-ra\/"]}]},{"@type":"ImageObject","inLanguage":"hu","@id":"https:\/\/gambling6.com\/hu\/lotto\/szerezz-online-jegyeket-a-superenalotto-ra\/#primaryimage","url":"https:\/\/gambling6.com\/wp-content\/uploads\/2022\/04\/2_ticket_superenalotto.jpg","contentUrl":"https:\/\/gambling6.com\/wp-content\/uploads\/2022\/04\/2_ticket_superenalotto.jpg"},{"@type":"BreadcrumbList","@id":"https:\/\/gambling6.com\/hu\/lotto\/szerezz-online-jegyeket-a-superenalotto-ra\/#breadcrumb","itemListElement":[{"@type":"ListItem","position":1,"name":"Home","item":"https:\/\/gambling6.com\/hu\/home\/"},{"@type":"ListItem","position":2,"name":"Lott\u00f3","item":"https:\/\/gambling6.com\/hu\/lotto\/"},{"@type":"ListItem","position":3,"name":"Szerezz online jegyeket a Superenalotto-ra"}]},{"@type":"WebSite","@id":"https:\/\/gambling6.com\/hu\/#website","url":"https:\/\/gambling6.com\/hu\/","name":"Gambling6","description":"","potentialAction":[{"@type":"SearchAction","target":{"@type":"EntryPoint","urlTemplate":"https:\/\/gambling6.com\/hu\/?s={search_term_string}"},"query-input":{"@type":"PropertyValueSpecification","valueRequired":true,"valueName":"search_term_string"}}],"inLanguage":"hu"}]}},"_links":{"self":[{"href":"https:\/\/gambling6.com\/hu\/wp-json\/wp\/v2\/pages\/9715","targetHints":{"allow":["GET"]}}],"collection":[{"href":"https:\/\/gambling6.com\/hu\/wp-json\/wp\/v2\/pages"}],"about":[{"href":"https:\/\/gambling6.com\/hu\/wp-json\/wp\/v2\/types\/page"}],"author":[{"embeddable":true,"href":"https:\/\/gambling6.com\/hu\/wp-json\/wp\/v2\/users\/1"}],"replies":[{"embeddable":true,"href":"https:\/\/gambling6.com\/hu\/wp-json\/wp\/v2\/comments?post=9715"}],"version-history":[{"count":0,"href":"https:\/\/gambling6.com\/hu\/wp-json\/wp\/v2\/pages\/9715\/revisions"}],"up":[{"embeddable":true,"href":"https:\/\/gambling6.com\/hu\/wp-json\/wp\/v2\/pages\/9302"}],"wp:attachment":[{"href":"https:\/\/gambling6.com\/hu\/wp-json\/wp\/v2\/media?parent=9715"}],"curies":[{"name":"wp","href":"https:\/\/api.w.org\/{rel}","templated":true}]}}