{"id":5551,"date":"2022-05-30T10:08:50","date_gmt":"2022-05-30T09:08:50","guid":{"rendered":"https:\/\/gambling6.com\/?p=5551"},"modified":"2025-11-17T11:03:16","modified_gmt":"2025-11-17T11:03:16","slug":"recensione-del-casino-888","status":"publish","type":"page","link":"https:\/\/gambling6.com\/it\/recensione-del-casino-888\/","title":{"rendered":"Recensione del casin\u00f2 888"},"content":{"rendered":"<h2>Non solo un sito di roulette &#8211; 888 Casino<\/h2>\n<p>Il casin\u00f2 online 888 \u00e8 un marchio affermato nell&#8217;industria del gioco. Questo casin\u00f2 online ha sia un fantastico casin\u00f2 basato su Flash che si carica rapidamente sul browser, sia l&#8217;opzione del software di gioco che \u00e8 necessario scaricare per accedere ai giochi. La versione da scaricare \u00e8 la preferita dai giocatori, in quanto offre una sensazione e un aspetto coerenti per tutti i giochi.<br \/>\n<a href=\"https:\/\/ic.aff-handler.com\/C\/45871?sr=1064399&amp;anid=\" rel=\"nofollow\"><img loading=\"lazy\" decoding=\"async\" class=\"alignnone\" src=\"https:\/\/ic.aff-handler.com\/I\/45871?sr=1064399&amp;anid=\" width=\"499\" height=\"64\" \/><\/a><br \/>\nDalla Roulette Europea alla Roulette 3D, in questo casin\u00f2 potrete divertirvi con ogni tipo di roulette che avete in mente. Ci sono anche giochi di roulette a ingresso libero in cui \u00e8 possibile imparare le regole dei giochi nel caso in cui si sia alle prime armi. L&#8217;attrazione principale del casin\u00f2 \u00e8 la roulette dal vivo. Si ha la possibilit\u00e0 di scegliere tra tre tavoli a singolo zero Roulette europea, francese e Venezia (con croupier di lingua italiana).<\/p>\n<p>La gamma delle puntate parte da 1 fino a un massimo di 200. Le valute accettate sono USD, Euro e GBP. Il gioco offre una grande estetica ai giocatori. La cosa migliore \u00e8 che i giocatori possono giocare tramite browser e non devono scaricare alcun software. Ci sono due diverse visualizzazioni del gioco: quella classica e quella in 3D. Il gioco ha tutto, qualsiasi fan della Roulette non potrebbe chiedere di pi\u00f9.<\/p>\n<p>Ma oltre ai giochi di roulette, qui troverete tutti i tipi di giochi online a pagamento. Poker, scommesse sportive, bingo, gratta e vinci, slot machine, blackjack: se ne trovano a bizzeffe!<\/p>\n<p>Questo casin\u00f2 con sede a Gibilterra \u00e8 molto serio quando si tratta di proteggere le informazioni personali dei suoi membri. Segue diversi protocolli di sicurezza rigorosi per mantenere i dati e le informazioni al sicuro dagli attacchi dei ladri informatici. Il casin\u00f2 \u00e8 orgoglioso di avere diverse certificazioni di sicurezza. Dispone di 20 diversi metodi di deposito che includono i nomi pi\u00f9 affidabili del settore come Visa e Neteller. \u00c8 essenziale che il casin\u00f2 mantenga un alto livello di sicurezza, poich\u00e9 i giocatori devono fornire documenti di verifica per prevenire le frodi e le informazioni sono di natura sensibile. Con queste misure di sicurezza, i giocatori possono godersi il gioco senza preoccupazioni.<\/p>\n<p>Oltre ai giochi, la cosa che pi\u00f9 interessa i giocatori di casin\u00f2 sono i bonus e le promozioni. 888 offre grandi promozioni a intervalli regolari. Offrono un generoso bonus di iscrizione a tutti i nuovi giocatori. Siete liberi di utilizzarlo in qualsiasi sezione di gioco del casin\u00f2. Quando si gioca per la prima volta alla roulette, si viene accolti con un bonus di adesione di 1.500 euro. Il casin\u00f2 ha anche una promozione di riferimento in cui si possono ottenere bonus invitando gli amici a diventare membri del casin\u00f2. Nel complesso, il <a class=\"thirstylink\" title=\"888 casino it\" href=\"https:\/\/gambling6.com\/go\/888-casino-it\/\" target=\"_blank\" rel=\"nofollow noopener\">Casin\u00f2 888<\/a> \u00e8 un luogo divertente per tutti gli appassionati di roulette. Ogni appassionato di gioco d&#8217;azzardo pu\u00f2 divertirsi e divertire in questo casin\u00f2!<\/p>\n","protected":false},"excerpt":{"rendered":"<p>Non solo un sito di roulette &#8211; 888 Casino Il casin\u00f2 online 888 \u00e8 un marchio affermato nell&#8217;industria del gioco. Questo casin\u00f2 online ha sia un fantastico casin\u00f2 basato su Flash che si carica rapidamente sul browser, sia l&#8217;opzione del software di gioco che \u00e8 necessario scaricare per accedere ai giochi. La versione da scaricare [&hellip;]<\/p>\n","protected":false},"author":1,"featured_media":0,"parent":0,"menu_order":3,"comment_status":"closed","ping_status":"closed","template":"","meta":{"footnotes":""},"class_list":["post-5551","page","type-page","status-publish","hentry"],"yoast_head":"<!-- This site is optimized with the Yoast SEO plugin v27.4 - https:\/\/yoast.com\/product\/yoast-seo-wordpress\/ -->\n<title>Recensione del sito 888 Casino<\/title>\n<meta name=\"description\" content=\"888 Casin\u00f2 - Una recensione del pi\u00f9 popolare sito di roulette online\" \/>\n<meta name=\"robots\" content=\"index, follow, max-snippet:-1, max-image-preview:large, max-video-preview:-1\" \/>\n<link rel=\"canonical\" href=\"https:\/\/gambling6.com\/it\/recensione-del-casino-888\/\" \/>\n<meta property=\"og:locale\" content=\"it_IT\" \/>\n<meta property=\"og:type\" content=\"article\" \/>\n<meta property=\"og:title\" content=\"Recensione del sito 888 Casino\" \/>\n<meta property=\"og:description\" content=\"888 Casin\u00f2 - Una recensione del pi\u00f9 popolare sito di roulette online\" \/>\n<meta property=\"og:url\" content=\"https:\/\/gambling6.com\/it\/recensione-del-casino-888\/\" \/>\n<meta property=\"og:site_name\" content=\"Gambling6\" \/>\n<meta property=\"article:modified_time\" content=\"2025-11-17T11:03:16+00:00\" \/>\n<meta property=\"og:image\" content=\"https:\/\/ic.aff-handler.com\/I\/45871?sr=1064399&amp;anid=\" \/>\n<meta name=\"twitter:card\" content=\"summary_large_image\" \/>\n<meta name=\"twitter:label1\" content=\"Tempo di lettura stimato\" \/>\n\t<meta name=\"twitter:data1\" content=\"3 minuti\" \/>\n<script type=\"application\/ld+json\" class=\"yoast-schema-graph\">{\"@context\":\"https:\\\/\\\/schema.org\",\"@graph\":[{\"@type\":\"WebPage\",\"@id\":\"https:\\\/\\\/gambling6.com\\\/it\\\/recensione-del-casino-888\\\/\",\"url\":\"https:\\\/\\\/gambling6.com\\\/it\\\/recensione-del-casino-888\\\/\",\"name\":\"Recensione del sito 888 Casino\",\"isPartOf\":{\"@id\":\"https:\\\/\\\/gambling6.com\\\/it\\\/#website\"},\"primaryImageOfPage\":{\"@id\":\"https:\\\/\\\/gambling6.com\\\/it\\\/recensione-del-casino-888\\\/#primaryimage\"},\"image\":{\"@id\":\"https:\\\/\\\/gambling6.com\\\/it\\\/recensione-del-casino-888\\\/#primaryimage\"},\"thumbnailUrl\":\"https:\\\/\\\/ic.aff-handler.com\\\/I\\\/45871?sr=1064399&amp;anid=\",\"datePublished\":\"2022-05-30T09:08:50+00:00\",\"dateModified\":\"2025-11-17T11:03:16+00:00\",\"description\":\"888 Casin\u00f2 - Una recensione del pi\u00f9 popolare sito di roulette online\",\"breadcrumb\":{\"@id\":\"https:\\\/\\\/gambling6.com\\\/it\\\/recensione-del-casino-888\\\/#breadcrumb\"},\"inLanguage\":\"it-IT\",\"potentialAction\":[{\"@type\":\"ReadAction\",\"target\":[\"https:\\\/\\\/gambling6.com\\\/it\\\/recensione-del-casino-888\\\/\"]}]},{\"@type\":\"ImageObject\",\"inLanguage\":\"it-IT\",\"@id\":\"https:\\\/\\\/gambling6.com\\\/it\\\/recensione-del-casino-888\\\/#primaryimage\",\"url\":\"https:\\\/\\\/ic.aff-handler.com\\\/I\\\/45871?sr=1064399&amp;anid=\",\"contentUrl\":\"https:\\\/\\\/ic.aff-handler.com\\\/I\\\/45871?sr=1064399&amp;anid=\"},{\"@type\":\"BreadcrumbList\",\"@id\":\"https:\\\/\\\/gambling6.com\\\/it\\\/recensione-del-casino-888\\\/#breadcrumb\",\"itemListElement\":[{\"@type\":\"ListItem\",\"position\":1,\"name\":\"Home\",\"item\":\"https:\\\/\\\/gambling6.com\\\/it\\\/home\\\/\"},{\"@type\":\"ListItem\",\"position\":2,\"name\":\"Recensione del casin\u00f2 888\"}]},{\"@type\":\"WebSite\",\"@id\":\"https:\\\/\\\/gambling6.com\\\/it\\\/#website\",\"url\":\"https:\\\/\\\/gambling6.com\\\/it\\\/\",\"name\":\"Gambling6\",\"description\":\"\",\"potentialAction\":[{\"@type\":\"SearchAction\",\"target\":{\"@type\":\"EntryPoint\",\"urlTemplate\":\"https:\\\/\\\/gambling6.com\\\/it\\\/?s={search_term_string}\"},\"query-input\":{\"@type\":\"PropertyValueSpecification\",\"valueRequired\":true,\"valueName\":\"search_term_string\"}}],\"inLanguage\":\"it-IT\"}]}<\/script>\n<!-- \/ Yoast SEO plugin. -->","yoast_head_json":{"title":"Recensione del sito 888 Casino","description":"888 Casin\u00f2 - Una recensione del pi\u00f9 popolare sito di roulette online","robots":{"index":"index","follow":"follow","max-snippet":"max-snippet:-1","max-image-preview":"max-image-preview:large","max-video-preview":"max-video-preview:-1"},"canonical":"https:\/\/gambling6.com\/it\/recensione-del-casino-888\/","og_locale":"it_IT","og_type":"article","og_title":"Recensione del sito 888 Casino","og_description":"888 Casin\u00f2 - Una recensione del pi\u00f9 popolare sito di roulette online","og_url":"https:\/\/gambling6.com\/it\/recensione-del-casino-888\/","og_site_name":"Gambling6","article_modified_time":"2025-11-17T11:03:16+00:00","og_image":[{"url":"https:\/\/ic.aff-handler.com\/I\/45871?sr=1064399&amp;anid=","type":"","width":"","height":""}],"twitter_card":"summary_large_image","twitter_misc":{"Tempo di lettura stimato":"3 minuti"},"schema":{"@context":"https:\/\/schema.org","@graph":[{"@type":"WebPage","@id":"https:\/\/gambling6.com\/it\/recensione-del-casino-888\/","url":"https:\/\/gambling6.com\/it\/recensione-del-casino-888\/","name":"Recensione del sito 888 Casino","isPartOf":{"@id":"https:\/\/gambling6.com\/it\/#website"},"primaryImageOfPage":{"@id":"https:\/\/gambling6.com\/it\/recensione-del-casino-888\/#primaryimage"},"image":{"@id":"https:\/\/gambling6.com\/it\/recensione-del-casino-888\/#primaryimage"},"thumbnailUrl":"https:\/\/ic.aff-handler.com\/I\/45871?sr=1064399&amp;anid=","datePublished":"2022-05-30T09:08:50+00:00","dateModified":"2025-11-17T11:03:16+00:00","description":"888 Casin\u00f2 - Una recensione del pi\u00f9 popolare sito di roulette online","breadcrumb":{"@id":"https:\/\/gambling6.com\/it\/recensione-del-casino-888\/#breadcrumb"},"inLanguage":"it-IT","potentialAction":[{"@type":"ReadAction","target":["https:\/\/gambling6.com\/it\/recensione-del-casino-888\/"]}]},{"@type":"ImageObject","inLanguage":"it-IT","@id":"https:\/\/gambling6.com\/it\/recensione-del-casino-888\/#primaryimage","url":"https:\/\/ic.aff-handler.com\/I\/45871?sr=1064399&amp;anid=","contentUrl":"https:\/\/ic.aff-handler.com\/I\/45871?sr=1064399&amp;anid="},{"@type":"BreadcrumbList","@id":"https:\/\/gambling6.com\/it\/recensione-del-casino-888\/#breadcrumb","itemListElement":[{"@type":"ListItem","position":1,"name":"Home","item":"https:\/\/gambling6.com\/it\/home\/"},{"@type":"ListItem","position":2,"name":"Recensione del casin\u00f2 888"}]},{"@type":"WebSite","@id":"https:\/\/gambling6.com\/it\/#website","url":"https:\/\/gambling6.com\/it\/","name":"Gambling6","description":"","potentialAction":[{"@type":"SearchAction","target":{"@type":"EntryPoint","urlTemplate":"https:\/\/gambling6.com\/it\/?s={search_term_string}"},"query-input":{"@type":"PropertyValueSpecification","valueRequired":true,"valueName":"search_term_string"}}],"inLanguage":"it-IT"}]}},"_links":{"self":[{"href":"https:\/\/gambling6.com\/it\/wp-json\/wp\/v2\/pages\/5551","targetHints":{"allow":["GET"]}}],"collection":[{"href":"https:\/\/gambling6.com\/it\/wp-json\/wp\/v2\/pages"}],"about":[{"href":"https:\/\/gambling6.com\/it\/wp-json\/wp\/v2\/types\/page"}],"author":[{"embeddable":true,"href":"https:\/\/gambling6.com\/it\/wp-json\/wp\/v2\/users\/1"}],"replies":[{"embeddable":true,"href":"https:\/\/gambling6.com\/it\/wp-json\/wp\/v2\/comments?post=5551"}],"version-history":[{"count":1,"href":"https:\/\/gambling6.com\/it\/wp-json\/wp\/v2\/pages\/5551\/revisions"}],"predecessor-version":[{"id":5552,"href":"https:\/\/gambling6.com\/it\/wp-json\/wp\/v2\/pages\/5551\/revisions\/5552"}],"wp:attachment":[{"href":"https:\/\/gambling6.com\/it\/wp-json\/wp\/v2\/media?parent=5551"}],"curies":[{"name":"wp","href":"https:\/\/api.w.org\/{rel}","templated":true}]}}