{"id":5796,"date":"2022-06-02T14:44:35","date_gmt":"2022-06-02T13:44:35","guid":{"rendered":"https:\/\/gambling6.com\/?p=5796"},"modified":"2025-11-17T12:14:46","modified_gmt":"2025-11-17T12:14:46","slug":"recensione-di-redfoxlotto","status":"publish","type":"page","link":"https:\/\/gambling6.com\/it\/recensione-di-redfoxlotto\/","title":{"rendered":"Recensione di RedFoxLotto"},"content":{"rendered":"<h2>Una recensione di RedFoxLotto<\/h2>\n<p><strong>RedFoxLotto<\/strong> \u00e8 un sito estremamente facile da usare, sicuro e protetto per acquistare biglietti online per tutte le principali lotterie del mondo. Sul sito web di RedFoxLotto \u00e8 possibile giocare a molte lotterie mondiali e i biglietti della lotteria mondiale possono essere ordinati 24 ore al giorno, sette giorni alla settimana. \u00c8 facile creare un account, depositare denaro e iniziare a giocare ai biglietti della lotteria internazionale in pochi minuti.<\/p>\n<h2>Potete tenere tutti i soldi che vincete al RedFoxLotto<\/h2>\n<p>RedFoxLotto impiega corrieri della lotteria in tutto il mondo che acquistano i biglietti della lotteria che desiderate giocare per vostro conto. Una volta acquistati i biglietti, il vostro nome viene stampato sui biglietti, che vengono scansionati e caricati sul vostro conto prima dell&#8217;estrazione. Questo metodo vi garantisce di vedere i vostri biglietti e di ricevere il 100% delle vostre vincite. RedFoxLotto non prende una percentuale sulle vincite; tutte le spese sono incluse nell&#8217;acquisto dei biglietti. <strong>Che vinciate 10 o 10 milioni di dollari, ogni centesimo viene depositato sul vostro conto online RedFoxLotto.<\/strong><\/p>\n<h2>Biglietti disponibili per tutte le principali lotterie<\/h2>\n<p><strong>Sono disponibili biglietti per tutte le principali lotterie del mondo, tra cui MEGA Millions, Powerball USA, Eurojackpot, Euro Millions e altre ancora.<\/strong> Indipendentemente dal Paese in cui vivete, potete partecipare all&#8217;acquisto di biglietti per tutte le principali lotterie del mondo. Tutto ci\u00f2 che dovete fare \u00e8 accedere al vostro conto, scegliere il RedFoxLotto che desiderate giocare, scegliere i numeri che desiderate giocare e sedervi ad aspettare l&#8217;estrazione. RedFoxLotto vi invier\u00e0 le notifiche di eventuali vincite.<br \/>\n<a href=\"https:\/\/redfoxlotto.com\/?ref=a8564250a2&amp;medium=G6\"><img loading=\"lazy\" decoding=\"async\" class=\"aligncenter\" src=\"https:\/\/redfoxlotto.com\/image\/?size=7&amp;lottery=powerball\" width=\"532\" height=\"68\" \/><\/a><\/p>\n<h2>Facile riscuotere le vincite al RedFoxLotto<\/h2>\n<p>Per ogni biglietto vincente, <strong>RedFoxLotto vi informer\u00e0 via e-mail o vi chiamer\u00e0 nel caso di premi pi\u00f9 consistenti per informarvi della vincita<\/strong>. Le vincite fino a 2.000 euro saranno depositate automaticamente sul vostro conto. Se vi capita di vincere un premio superiore a 2.000 euro, gli esperti di elaborazione di RedFoxLotto vi guideranno attraverso i passi necessari per ricevere le vostre vincite. I vincitori di grandi premi possono scegliere di far agire RedFoxLotto per loro conto o, se preferiscono, possono recarsi di persona a ritirare le loro vincite. Siamo certi che se diventerete vincitori multimilionari, non avrete problemi a compiere tutti i passi necessari per riscuotere le vostre vincite.<\/p>\n<h2>Pagare i biglietti della lotteria online<\/h2>\n<p>RedFoxLotto offre molte opzioni di pagamento sicure, indipendentemente dal Paese in cui si vive. <strong>Accetta le carte di credito Visa, MasterCard, American Express, Money Booker e una serie di altri prodotti net wallet.<\/strong> Potete scegliere di depositare le vostre vincite utilizzando uno di questi metodi o di ricevere il denaro direttamente sul vostro conto bancario. RedFoxLotto opera all&#8217;interno del sistema bancario del Regno Unito ed \u00e8 fortemente regolamentato dall&#8217;Organizzazione Internazionale delle Lotterie.<\/p>\n<p>Ogni anno RedFoxLotto registra milioni di dollari di vincite e ha una garanzia di pagamento del 100%. In caso di domande, \u00e8 facile contattare i rappresentanti del servizio clienti dedicato, disponibili 24 ore su 24 all&#8217;indirizzo win trillions. Non \u00e8 pi\u00f9 necessario visitare i chioschi della lotteria locale per acquistare i biglietti di tutte le principali lotterie internazionali. Potete acquistare i biglietti comodamente da casa o dall&#8217;ufficio in tempo utile per tutte le lotterie.<\/p>\n<p><strong>Iniziate oggi stesso a giocare alle lotterie internazionali online visitando il nostro partner RedFoxLotto e aprendo il vostro conto personale.<\/strong> Una volta aperto il conto, troverete molte offerte di bonus e programmi speciali per l&#8217;acquisto di biglietti che renderanno il gioco del Lotto facile e redditizio.<\/p>\n<p><a class=\"thirstylink\" title=\"RedFoxLotto en\" href=\"https:\/\/gambling6.com\/go\/redfoxlotto-en\/\" target=\"_blank\" rel=\"nofollow noopener\">Cliccate qui ora per creare il vostro conto personale online su RedFoxLotto<\/a> e potreste diventare multimilionari da un giorno all&#8217;altro.<\/p>\n","protected":false},"excerpt":{"rendered":"<p>Una recensione di RedFoxLotto RedFoxLotto \u00e8 un sito estremamente facile da usare, sicuro e protetto per acquistare biglietti online per tutte le principali lotterie del mondo. Sul sito web di RedFoxLotto \u00e8 possibile giocare a molte lotterie mondiali e i biglietti della lotteria mondiale possono essere ordinati 24 ore al giorno, sette giorni alla settimana. [&hellip;]<\/p>\n","protected":false},"author":1,"featured_media":0,"parent":0,"menu_order":1,"comment_status":"closed","ping_status":"closed","template":"","meta":{"footnotes":""},"class_list":["post-5796","page","type-page","status-publish","hentry"],"yoast_head":"<!-- This site is optimized with the Yoast SEO plugin v27.4 - https:\/\/yoast.com\/product\/yoast-seo-wordpress\/ -->\n<title>Recensione RedFoxLotto<\/title>\n<meta name=\"description\" content=\"\u00c8 possibile acquistare biglietti per tutte le lotterie internazionali online, compresi Powerball e MEGA Millions.\" \/>\n<meta name=\"robots\" content=\"index, follow, max-snippet:-1, max-image-preview:large, max-video-preview:-1\" \/>\n<link rel=\"canonical\" href=\"https:\/\/gambling6.com\/it\/recensione-di-redfoxlotto\/\" \/>\n<meta property=\"og:locale\" content=\"it_IT\" \/>\n<meta property=\"og:type\" content=\"article\" \/>\n<meta property=\"og:title\" content=\"Recensione RedFoxLotto\" \/>\n<meta property=\"og:description\" content=\"\u00c8 possibile acquistare biglietti per tutte le lotterie internazionali online, compresi Powerball e MEGA Millions.\" \/>\n<meta property=\"og:url\" content=\"https:\/\/gambling6.com\/it\/recensione-di-redfoxlotto\/\" \/>\n<meta property=\"og:site_name\" content=\"Gambling6\" \/>\n<meta property=\"article:published_time\" content=\"2022-06-02T13:44:35+00:00\" \/>\n<meta property=\"article:modified_time\" content=\"2025-11-17T12:14:46+00:00\" \/>\n<meta property=\"og:image\" content=\"https:\/\/redfoxlotto.com\/image\/?size=7&amp;lottery=powerball\" \/>\n<meta name=\"author\" content=\"Catfish\" \/>\n<meta name=\"twitter:card\" content=\"summary_large_image\" \/>\n<meta name=\"twitter:label1\" content=\"Scritto da\" \/>\n\t<meta name=\"twitter:data1\" content=\"Catfish\" \/>\n\t<meta name=\"twitter:label2\" content=\"Tempo di lettura stimato\" \/>\n\t<meta name=\"twitter:data2\" content=\"3 minuti\" \/>\n<script type=\"application\/ld+json\" class=\"yoast-schema-graph\">{\"@context\":\"https:\\\/\\\/schema.org\",\"@graph\":[{\"@type\":\"Article\",\"@id\":\"https:\\\/\\\/gambling6.com\\\/it\\\/recensione-di-redfoxlotto\\\/#article\",\"isPartOf\":{\"@id\":\"https:\\\/\\\/gambling6.com\\\/it\\\/recensione-di-redfoxlotto\\\/\"},\"author\":{\"name\":\"Catfish\",\"@id\":\"https:\\\/\\\/gambling6.com\\\/it\\\/#\\\/schema\\\/person\\\/d093de87a44a018ef67117d02d86ddaf\"},\"headline\":\"Recensione di RedFoxLotto\",\"datePublished\":\"2022-06-02T13:44:35+00:00\",\"dateModified\":\"2025-11-17T12:14:46+00:00\",\"mainEntityOfPage\":{\"@id\":\"https:\\\/\\\/gambling6.com\\\/it\\\/recensione-di-redfoxlotto\\\/\"},\"wordCount\":587,\"image\":{\"@id\":\"https:\\\/\\\/gambling6.com\\\/it\\\/recensione-di-redfoxlotto\\\/#primaryimage\"},\"thumbnailUrl\":\"https:\\\/\\\/redfoxlotto.com\\\/image\\\/?size=7&amp;lottery=powerball\",\"articleSection\":[\"Lotteria Notizie\"],\"inLanguage\":\"it-IT\"},{\"@type\":\"WebPage\",\"@id\":\"https:\\\/\\\/gambling6.com\\\/it\\\/recensione-di-redfoxlotto\\\/\",\"url\":\"https:\\\/\\\/gambling6.com\\\/it\\\/recensione-di-redfoxlotto\\\/\",\"name\":\"Recensione RedFoxLotto\",\"isPartOf\":{\"@id\":\"https:\\\/\\\/gambling6.com\\\/it\\\/#website\"},\"primaryImageOfPage\":{\"@id\":\"https:\\\/\\\/gambling6.com\\\/it\\\/recensione-di-redfoxlotto\\\/#primaryimage\"},\"image\":{\"@id\":\"https:\\\/\\\/gambling6.com\\\/it\\\/recensione-di-redfoxlotto\\\/#primaryimage\"},\"thumbnailUrl\":\"https:\\\/\\\/redfoxlotto.com\\\/image\\\/?size=7&amp;lottery=powerball\",\"datePublished\":\"2022-06-02T13:44:35+00:00\",\"dateModified\":\"2025-11-17T12:14:46+00:00\",\"author\":{\"@id\":\"https:\\\/\\\/gambling6.com\\\/it\\\/#\\\/schema\\\/person\\\/d093de87a44a018ef67117d02d86ddaf\"},\"description\":\"\u00c8 possibile acquistare biglietti per tutte le lotterie internazionali online, compresi Powerball e MEGA Millions.\",\"breadcrumb\":{\"@id\":\"https:\\\/\\\/gambling6.com\\\/it\\\/recensione-di-redfoxlotto\\\/#breadcrumb\"},\"inLanguage\":\"it-IT\",\"potentialAction\":[{\"@type\":\"ReadAction\",\"target\":[\"https:\\\/\\\/gambling6.com\\\/it\\\/recensione-di-redfoxlotto\\\/\"]}]},{\"@type\":\"ImageObject\",\"inLanguage\":\"it-IT\",\"@id\":\"https:\\\/\\\/gambling6.com\\\/it\\\/recensione-di-redfoxlotto\\\/#primaryimage\",\"url\":\"https:\\\/\\\/redfoxlotto.com\\\/image\\\/?size=7&amp;lottery=powerball\",\"contentUrl\":\"https:\\\/\\\/redfoxlotto.com\\\/image\\\/?size=7&amp;lottery=powerball\"},{\"@type\":\"BreadcrumbList\",\"@id\":\"https:\\\/\\\/gambling6.com\\\/it\\\/recensione-di-redfoxlotto\\\/#breadcrumb\",\"itemListElement\":[{\"@type\":\"ListItem\",\"position\":1,\"name\":\"Home\",\"item\":\"https:\\\/\\\/gambling6.com\\\/it\\\/home\\\/\"},{\"@type\":\"ListItem\",\"position\":2,\"name\":\"Recensione di RedFoxLotto\"}]},{\"@type\":\"WebSite\",\"@id\":\"https:\\\/\\\/gambling6.com\\\/it\\\/#website\",\"url\":\"https:\\\/\\\/gambling6.com\\\/it\\\/\",\"name\":\"Gambling6\",\"description\":\"\",\"potentialAction\":[{\"@type\":\"SearchAction\",\"target\":{\"@type\":\"EntryPoint\",\"urlTemplate\":\"https:\\\/\\\/gambling6.com\\\/it\\\/?s={search_term_string}\"},\"query-input\":{\"@type\":\"PropertyValueSpecification\",\"valueRequired\":true,\"valueName\":\"search_term_string\"}}],\"inLanguage\":\"it-IT\"},{\"@type\":\"Person\",\"@id\":\"https:\\\/\\\/gambling6.com\\\/it\\\/#\\\/schema\\\/person\\\/d093de87a44a018ef67117d02d86ddaf\",\"name\":\"Catfish\",\"image\":{\"@type\":\"ImageObject\",\"inLanguage\":\"it-IT\",\"@id\":\"https:\\\/\\\/secure.gravatar.com\\\/avatar\\\/32edfa28ccbf005c231538b245a2670a36c7f33f2d3a9ab09e50843b363f2821?s=96&d=mm&r=g\",\"url\":\"https:\\\/\\\/secure.gravatar.com\\\/avatar\\\/32edfa28ccbf005c231538b245a2670a36c7f33f2d3a9ab09e50843b363f2821?s=96&d=mm&r=g\",\"contentUrl\":\"https:\\\/\\\/secure.gravatar.com\\\/avatar\\\/32edfa28ccbf005c231538b245a2670a36c7f33f2d3a9ab09e50843b363f2821?s=96&d=mm&r=g\",\"caption\":\"Catfish\"},\"sameAs\":[\"http:\\\/\\\/gambling6.com\"],\"url\":\"https:\\\/\\\/gambling6.com\\\/it\\\/author\\\/catfish\\\/\"}]}<\/script>\n<!-- \/ Yoast SEO plugin. -->","yoast_head_json":{"title":"Recensione RedFoxLotto","description":"\u00c8 possibile acquistare biglietti per tutte le lotterie internazionali online, compresi Powerball e MEGA Millions.","robots":{"index":"index","follow":"follow","max-snippet":"max-snippet:-1","max-image-preview":"max-image-preview:large","max-video-preview":"max-video-preview:-1"},"canonical":"https:\/\/gambling6.com\/it\/recensione-di-redfoxlotto\/","og_locale":"it_IT","og_type":"article","og_title":"Recensione RedFoxLotto","og_description":"\u00c8 possibile acquistare biglietti per tutte le lotterie internazionali online, compresi Powerball e MEGA Millions.","og_url":"https:\/\/gambling6.com\/it\/recensione-di-redfoxlotto\/","og_site_name":"Gambling6","article_published_time":"2022-06-02T13:44:35+00:00","article_modified_time":"2025-11-17T12:14:46+00:00","og_image":[{"url":"https:\/\/redfoxlotto.com\/image\/?size=7&amp;lottery=powerball","type":"","width":"","height":""}],"author":"Catfish","twitter_card":"summary_large_image","twitter_misc":{"Scritto da":"Catfish","Tempo di lettura stimato":"3 minuti"},"schema":{"@context":"https:\/\/schema.org","@graph":[{"@type":"Article","@id":"https:\/\/gambling6.com\/it\/recensione-di-redfoxlotto\/#article","isPartOf":{"@id":"https:\/\/gambling6.com\/it\/recensione-di-redfoxlotto\/"},"author":{"name":"Catfish","@id":"https:\/\/gambling6.com\/it\/#\/schema\/person\/d093de87a44a018ef67117d02d86ddaf"},"headline":"Recensione di RedFoxLotto","datePublished":"2022-06-02T13:44:35+00:00","dateModified":"2025-11-17T12:14:46+00:00","mainEntityOfPage":{"@id":"https:\/\/gambling6.com\/it\/recensione-di-redfoxlotto\/"},"wordCount":587,"image":{"@id":"https:\/\/gambling6.com\/it\/recensione-di-redfoxlotto\/#primaryimage"},"thumbnailUrl":"https:\/\/redfoxlotto.com\/image\/?size=7&amp;lottery=powerball","articleSection":["Lotteria Notizie"],"inLanguage":"it-IT"},{"@type":"WebPage","@id":"https:\/\/gambling6.com\/it\/recensione-di-redfoxlotto\/","url":"https:\/\/gambling6.com\/it\/recensione-di-redfoxlotto\/","name":"Recensione RedFoxLotto","isPartOf":{"@id":"https:\/\/gambling6.com\/it\/#website"},"primaryImageOfPage":{"@id":"https:\/\/gambling6.com\/it\/recensione-di-redfoxlotto\/#primaryimage"},"image":{"@id":"https:\/\/gambling6.com\/it\/recensione-di-redfoxlotto\/#primaryimage"},"thumbnailUrl":"https:\/\/redfoxlotto.com\/image\/?size=7&amp;lottery=powerball","datePublished":"2022-06-02T13:44:35+00:00","dateModified":"2025-11-17T12:14:46+00:00","author":{"@id":"https:\/\/gambling6.com\/it\/#\/schema\/person\/d093de87a44a018ef67117d02d86ddaf"},"description":"\u00c8 possibile acquistare biglietti per tutte le lotterie internazionali online, compresi Powerball e MEGA Millions.","breadcrumb":{"@id":"https:\/\/gambling6.com\/it\/recensione-di-redfoxlotto\/#breadcrumb"},"inLanguage":"it-IT","potentialAction":[{"@type":"ReadAction","target":["https:\/\/gambling6.com\/it\/recensione-di-redfoxlotto\/"]}]},{"@type":"ImageObject","inLanguage":"it-IT","@id":"https:\/\/gambling6.com\/it\/recensione-di-redfoxlotto\/#primaryimage","url":"https:\/\/redfoxlotto.com\/image\/?size=7&amp;lottery=powerball","contentUrl":"https:\/\/redfoxlotto.com\/image\/?size=7&amp;lottery=powerball"},{"@type":"BreadcrumbList","@id":"https:\/\/gambling6.com\/it\/recensione-di-redfoxlotto\/#breadcrumb","itemListElement":[{"@type":"ListItem","position":1,"name":"Home","item":"https:\/\/gambling6.com\/it\/home\/"},{"@type":"ListItem","position":2,"name":"Recensione di RedFoxLotto"}]},{"@type":"WebSite","@id":"https:\/\/gambling6.com\/it\/#website","url":"https:\/\/gambling6.com\/it\/","name":"Gambling6","description":"","potentialAction":[{"@type":"SearchAction","target":{"@type":"EntryPoint","urlTemplate":"https:\/\/gambling6.com\/it\/?s={search_term_string}"},"query-input":{"@type":"PropertyValueSpecification","valueRequired":true,"valueName":"search_term_string"}}],"inLanguage":"it-IT"},{"@type":"Person","@id":"https:\/\/gambling6.com\/it\/#\/schema\/person\/d093de87a44a018ef67117d02d86ddaf","name":"Catfish","image":{"@type":"ImageObject","inLanguage":"it-IT","@id":"https:\/\/secure.gravatar.com\/avatar\/32edfa28ccbf005c231538b245a2670a36c7f33f2d3a9ab09e50843b363f2821?s=96&d=mm&r=g","url":"https:\/\/secure.gravatar.com\/avatar\/32edfa28ccbf005c231538b245a2670a36c7f33f2d3a9ab09e50843b363f2821?s=96&d=mm&r=g","contentUrl":"https:\/\/secure.gravatar.com\/avatar\/32edfa28ccbf005c231538b245a2670a36c7f33f2d3a9ab09e50843b363f2821?s=96&d=mm&r=g","caption":"Catfish"},"sameAs":["http:\/\/gambling6.com"],"url":"https:\/\/gambling6.com\/it\/author\/catfish\/"}]}},"_links":{"self":[{"href":"https:\/\/gambling6.com\/it\/wp-json\/wp\/v2\/pages\/5796","targetHints":{"allow":["GET"]}}],"collection":[{"href":"https:\/\/gambling6.com\/it\/wp-json\/wp\/v2\/pages"}],"about":[{"href":"https:\/\/gambling6.com\/it\/wp-json\/wp\/v2\/types\/page"}],"author":[{"embeddable":true,"href":"https:\/\/gambling6.com\/it\/wp-json\/wp\/v2\/users\/1"}],"replies":[{"embeddable":true,"href":"https:\/\/gambling6.com\/it\/wp-json\/wp\/v2\/comments?post=5796"}],"version-history":[{"count":1,"href":"https:\/\/gambling6.com\/it\/wp-json\/wp\/v2\/pages\/5796\/revisions"}],"predecessor-version":[{"id":5797,"href":"https:\/\/gambling6.com\/it\/wp-json\/wp\/v2\/pages\/5796\/revisions\/5797"}],"wp:attachment":[{"href":"https:\/\/gambling6.com\/it\/wp-json\/wp\/v2\/media?parent=5796"}],"curies":[{"name":"wp","href":"https:\/\/api.w.org\/{rel}","templated":true}]}}