{"id":6061,"date":"2022-06-07T09:07:14","date_gmt":"2022-06-07T08:07:14","guid":{"rendered":"https:\/\/gambling6.com\/?p=6061"},"modified":"2025-11-17T16:15:03","modified_gmt":"2025-11-17T16:15:03","slug":"strategia-di-gioco-per-il-bingo-online","status":"publish","type":"page","link":"https:\/\/gambling6.com\/it\/bingo\/strategia-di-gioco-per-il-bingo-online\/","title":{"rendered":"Strategia di gioco per il Bingo online"},"content":{"rendered":"<h2>Giocare a bingo online con la giusta strategia<\/h2>\n<p>Grazie allo sviluppo di Internet, oggi \u00e8 possibile divertirsi con il bingo comodamente da casa. La cosa migliore \u00e8 che si pu\u00f2 giocare quando si vuole. Questo \u00e8 il motivo per cui il bingo online \u00e8 diventato cos\u00ec popolare tra le persone, soprattutto tra le donne. Se siete alle prime armi, non preoccupatevi, potete imparare il gioco provandolo prima su un sito di bingo gratuito. Un buon punto di partenza \u00e8 Bingo Billy &#8211; <a class=\"thirstylink\" title=\"Bingo Billy en\" href=\"https:\/\/gambling6.com\/go\/downtownbingo-en\/\" target=\"_blank\" rel=\"nofollow noopener\">clicca qui per visitare il sito.<\/a><\/p>\n<p>Tuttavia, se state giocando online, ecco alcuni suggerimenti che possono aiutarvi ad aumentare le vostre possibilit\u00e0 di vincita. Continuate a leggere per saperne di pi\u00f9. Fate una rapida ricerca e scoprite quali sono i siti di bingo che offrono i migliori bonus sul deposito. Molti siti offrono anche lucrosi bonus di iscrizione. \u00c8 sempre consigliabile giocare a bingo su siti di casin\u00f2 affidabili. Assicuratevi di leggere le recensioni degli utenti reali di questi siti di casin\u00f2 prima di registrarvi o iscrivervi.<br \/>\n<a href=\"https:\/\/record.revenueplanet.com\/_BoBybWC_aAPUOsjNOfgKefwM06wa-Rwt\/1\/\" target=\"_new\" rel=\"noopener\"><img loading=\"lazy\" decoding=\"async\" class=\"aligncenter\" style=\"border: none;\" src=\"https:\/\/media.revenueplanet.com\/uploads\/nbb-468x60-nov-generic.gif\" alt=\"BingoBilly bingo gratuito\" width=\"468\" height=\"60\" \/><\/a><\/p>\n<p>Solo i casin\u00f2 affidabili e di fiducia pagano l&#8217;intero importo vinto in una partita. Internet \u00e8 invaso da siti di bingo e purtroppo ci sono molti siti fraudolenti che rubano il vostro denaro e non vi pagano quando vincete una partita. Per questo motivo, \u00e8 necessario fare molta attenzione quando si sceglie un casin\u00f2 online. I giochi di bingo sono giocati solo per divertimento.<\/p>\n<p>Le regole e i regolamenti del gioco sono molto semplici da seguire. Il gioco del bingo dipende totalmente dalla fortuna. Non c&#8217;\u00e8 nessun elemento che possa prevedere il risultato o influenzare il gioco. Potete rilassarvi e giocare a vostro piacimento perch\u00e9 non c&#8217;\u00e8 nessuna decisione da prendere. Il bingo online ha reso il gioco pi\u00f9 accessibile, in quanto si pu\u00f2 giocare nel proprio tempo libero e da qualsiasi luogo che disponga di una connessione a Internet e di un computer.<\/p>\n<p>Cercate sempre di giocare su un sito meno affollato. Questo aumenter\u00e0 le vostre possibilit\u00e0 di vincere il gioco, poich\u00e9 dovrete competere con un numero inferiore di giocatori. Su un sito con un numero equilibrato di giocatori, si hanno maggiori possibilit\u00e0 di vincere la partita. Optate per i siti che offrono chat room per facilitare la comunicazione tra i giocatori. Si pu\u00f2 anche chattare con gli altri giocatori sulle carte che stanno giocando. Potete anche aumentare il numero di carte per portare la vittoria dalla vostra parte.<\/p>\n<p>Molto dipende anche dall&#8217;orario in cui si sceglie di giocare. Si \u00e8 visto che se si gioca nelle ore pi\u00f9 strane si ha la possibilit\u00e0 di vincere perch\u00e9 non molti giocatori sono online a quell&#8217;ora del giorno. Nei giochi di bingo con grandi jackpot evitate sempre di giocare con troppe carte. Scegliete sempre i siti di casin\u00f2 che offrono bonus di deposito del 100%. Al giorno d&#8217;oggi \u00e8 anche possibile imbattersi in programmi di riferimento da parte dei siti di casin\u00f2. Come parte del programma, vi verr\u00e0 assegnato del denaro gratuito se il vostro referente si registra al casin\u00f2. Oltre a questo, ci sono anche molti bonus promozionali che il casin\u00f2 online offre di tanto in tanto.<\/p>\n","protected":false},"excerpt":{"rendered":"<p>Giocare a bingo online con la giusta strategia Grazie allo sviluppo di Internet, oggi \u00e8 possibile divertirsi con il bingo comodamente da casa. La cosa migliore \u00e8 che si pu\u00f2 giocare quando si vuole. Questo \u00e8 il motivo per cui il bingo online \u00e8 diventato cos\u00ec popolare tra le persone, soprattutto tra le donne. Se [&hellip;]<\/p>\n","protected":false},"author":1,"featured_media":0,"parent":8510,"menu_order":3,"comment_status":"closed","ping_status":"closed","template":"","meta":{"footnotes":""},"class_list":["post-6061","page","type-page","status-publish","hentry"],"yoast_head":"<!-- This site is optimized with the Yoast SEO plugin v27.5 - https:\/\/yoast.com\/product\/yoast-seo-wordpress\/ -->\n<title>Strategia di gioco per il Bingo online<\/title>\n<meta name=\"description\" content=\"Aumentate le vostre possibilit\u00e0 di vincere al bingo online seguendo la giusta strategia di gioco.\" \/>\n<meta name=\"robots\" content=\"index, follow, max-snippet:-1, max-image-preview:large, max-video-preview:-1\" \/>\n<link rel=\"canonical\" href=\"https:\/\/gambling6.com\/it\/bingo\/strategia-di-gioco-per-il-bingo-online\/\" \/>\n<meta property=\"og:locale\" content=\"it_IT\" \/>\n<meta property=\"og:type\" content=\"article\" \/>\n<meta property=\"og:title\" content=\"Strategia di gioco per il Bingo online\" \/>\n<meta property=\"og:description\" content=\"Aumentate le vostre possibilit\u00e0 di vincere al bingo online seguendo la giusta strategia di gioco.\" \/>\n<meta property=\"og:url\" content=\"https:\/\/gambling6.com\/it\/bingo\/strategia-di-gioco-per-il-bingo-online\/\" \/>\n<meta property=\"og:site_name\" content=\"Gambling6\" \/>\n<meta property=\"article:published_time\" content=\"2022-06-07T08:07:14+00:00\" \/>\n<meta property=\"article:modified_time\" content=\"2025-11-17T16:15:03+00:00\" \/>\n<meta property=\"og:image\" content=\"https:\/\/media.revenueplanet.com\/uploads\/nbb-468x60-nov-generic.gif\" \/>\n<meta name=\"author\" content=\"Catfish\" \/>\n<meta name=\"twitter:card\" content=\"summary_large_image\" \/>\n<meta name=\"twitter:label1\" content=\"Scritto da\" \/>\n\t<meta name=\"twitter:data1\" content=\"Catfish\" \/>\n\t<meta name=\"twitter:label2\" content=\"Tempo di lettura stimato\" \/>\n\t<meta name=\"twitter:data2\" content=\"3 minuti\" \/>\n<script type=\"application\/ld+json\" class=\"yoast-schema-graph\">{\"@context\":\"https:\\\/\\\/schema.org\",\"@graph\":[{\"@type\":\"Article\",\"@id\":\"https:\\\/\\\/gambling6.com\\\/it\\\/bingo\\\/strategia-di-gioco-per-il-bingo-online\\\/#article\",\"isPartOf\":{\"@id\":\"https:\\\/\\\/gambling6.com\\\/it\\\/bingo\\\/strategia-di-gioco-per-il-bingo-online\\\/\"},\"author\":{\"name\":\"Catfish\",\"@id\":\"https:\\\/\\\/gambling6.com\\\/it\\\/#\\\/schema\\\/person\\\/d093de87a44a018ef67117d02d86ddaf\"},\"headline\":\"Strategia di gioco per il Bingo online\",\"datePublished\":\"2022-06-07T08:07:14+00:00\",\"dateModified\":\"2025-11-17T16:15:03+00:00\",\"mainEntityOfPage\":{\"@id\":\"https:\\\/\\\/gambling6.com\\\/it\\\/bingo\\\/strategia-di-gioco-per-il-bingo-online\\\/\"},\"wordCount\":516,\"image\":{\"@id\":\"https:\\\/\\\/gambling6.com\\\/it\\\/bingo\\\/strategia-di-gioco-per-il-bingo-online\\\/#primaryimage\"},\"thumbnailUrl\":\"https:\\\/\\\/media.revenueplanet.com\\\/uploads\\\/nbb-468x60-nov-generic.gif\",\"articleSection\":[\"Bingo Notizie\"],\"inLanguage\":\"it-IT\"},{\"@type\":\"WebPage\",\"@id\":\"https:\\\/\\\/gambling6.com\\\/it\\\/bingo\\\/strategia-di-gioco-per-il-bingo-online\\\/\",\"url\":\"https:\\\/\\\/gambling6.com\\\/it\\\/bingo\\\/strategia-di-gioco-per-il-bingo-online\\\/\",\"name\":\"Strategia di gioco per il Bingo online\",\"isPartOf\":{\"@id\":\"https:\\\/\\\/gambling6.com\\\/it\\\/#website\"},\"primaryImageOfPage\":{\"@id\":\"https:\\\/\\\/gambling6.com\\\/it\\\/bingo\\\/strategia-di-gioco-per-il-bingo-online\\\/#primaryimage\"},\"image\":{\"@id\":\"https:\\\/\\\/gambling6.com\\\/it\\\/bingo\\\/strategia-di-gioco-per-il-bingo-online\\\/#primaryimage\"},\"thumbnailUrl\":\"https:\\\/\\\/media.revenueplanet.com\\\/uploads\\\/nbb-468x60-nov-generic.gif\",\"datePublished\":\"2022-06-07T08:07:14+00:00\",\"dateModified\":\"2025-11-17T16:15:03+00:00\",\"author\":{\"@id\":\"https:\\\/\\\/gambling6.com\\\/it\\\/#\\\/schema\\\/person\\\/d093de87a44a018ef67117d02d86ddaf\"},\"description\":\"Aumentate le vostre possibilit\u00e0 di vincere al bingo online seguendo la giusta strategia di gioco.\",\"breadcrumb\":{\"@id\":\"https:\\\/\\\/gambling6.com\\\/it\\\/bingo\\\/strategia-di-gioco-per-il-bingo-online\\\/#breadcrumb\"},\"inLanguage\":\"it-IT\",\"potentialAction\":[{\"@type\":\"ReadAction\",\"target\":[\"https:\\\/\\\/gambling6.com\\\/it\\\/bingo\\\/strategia-di-gioco-per-il-bingo-online\\\/\"]}]},{\"@type\":\"ImageObject\",\"inLanguage\":\"it-IT\",\"@id\":\"https:\\\/\\\/gambling6.com\\\/it\\\/bingo\\\/strategia-di-gioco-per-il-bingo-online\\\/#primaryimage\",\"url\":\"https:\\\/\\\/media.revenueplanet.com\\\/uploads\\\/nbb-468x60-nov-generic.gif\",\"contentUrl\":\"https:\\\/\\\/media.revenueplanet.com\\\/uploads\\\/nbb-468x60-nov-generic.gif\"},{\"@type\":\"BreadcrumbList\",\"@id\":\"https:\\\/\\\/gambling6.com\\\/it\\\/bingo\\\/strategia-di-gioco-per-il-bingo-online\\\/#breadcrumb\",\"itemListElement\":[{\"@type\":\"ListItem\",\"position\":1,\"name\":\"Home\",\"item\":\"https:\\\/\\\/gambling6.com\\\/it\\\/home\\\/\"},{\"@type\":\"ListItem\",\"position\":2,\"name\":\"Strategia di gioco per il Bingo online\"}]},{\"@type\":\"WebSite\",\"@id\":\"https:\\\/\\\/gambling6.com\\\/it\\\/#website\",\"url\":\"https:\\\/\\\/gambling6.com\\\/it\\\/\",\"name\":\"Gambling6\",\"description\":\"\",\"potentialAction\":[{\"@type\":\"SearchAction\",\"target\":{\"@type\":\"EntryPoint\",\"urlTemplate\":\"https:\\\/\\\/gambling6.com\\\/it\\\/?s={search_term_string}\"},\"query-input\":{\"@type\":\"PropertyValueSpecification\",\"valueRequired\":true,\"valueName\":\"search_term_string\"}}],\"inLanguage\":\"it-IT\"},{\"@type\":\"Person\",\"@id\":\"https:\\\/\\\/gambling6.com\\\/it\\\/#\\\/schema\\\/person\\\/d093de87a44a018ef67117d02d86ddaf\",\"name\":\"Catfish\",\"image\":{\"@type\":\"ImageObject\",\"inLanguage\":\"it-IT\",\"@id\":\"https:\\\/\\\/secure.gravatar.com\\\/avatar\\\/32edfa28ccbf005c231538b245a2670a36c7f33f2d3a9ab09e50843b363f2821?s=96&d=mm&r=g\",\"url\":\"https:\\\/\\\/secure.gravatar.com\\\/avatar\\\/32edfa28ccbf005c231538b245a2670a36c7f33f2d3a9ab09e50843b363f2821?s=96&d=mm&r=g\",\"contentUrl\":\"https:\\\/\\\/secure.gravatar.com\\\/avatar\\\/32edfa28ccbf005c231538b245a2670a36c7f33f2d3a9ab09e50843b363f2821?s=96&d=mm&r=g\",\"caption\":\"Catfish\"},\"sameAs\":[\"http:\\\/\\\/gambling6.com\"],\"url\":\"https:\\\/\\\/gambling6.com\\\/it\\\/author\\\/catfish\\\/\"}]}<\/script>\n<!-- \/ Yoast SEO plugin. -->","yoast_head_json":{"title":"Strategia di gioco per il Bingo online","description":"Aumentate le vostre possibilit\u00e0 di vincere al bingo online seguendo la giusta strategia di gioco.","robots":{"index":"index","follow":"follow","max-snippet":"max-snippet:-1","max-image-preview":"max-image-preview:large","max-video-preview":"max-video-preview:-1"},"canonical":"https:\/\/gambling6.com\/it\/bingo\/strategia-di-gioco-per-il-bingo-online\/","og_locale":"it_IT","og_type":"article","og_title":"Strategia di gioco per il Bingo online","og_description":"Aumentate le vostre possibilit\u00e0 di vincere al bingo online seguendo la giusta strategia di gioco.","og_url":"https:\/\/gambling6.com\/it\/bingo\/strategia-di-gioco-per-il-bingo-online\/","og_site_name":"Gambling6","article_published_time":"2022-06-07T08:07:14+00:00","article_modified_time":"2025-11-17T16:15:03+00:00","og_image":[{"url":"https:\/\/media.revenueplanet.com\/uploads\/nbb-468x60-nov-generic.gif","type":"","width":"","height":""}],"author":"Catfish","twitter_card":"summary_large_image","twitter_misc":{"Scritto da":"Catfish","Tempo di lettura stimato":"3 minuti"},"schema":{"@context":"https:\/\/schema.org","@graph":[{"@type":"Article","@id":"https:\/\/gambling6.com\/it\/bingo\/strategia-di-gioco-per-il-bingo-online\/#article","isPartOf":{"@id":"https:\/\/gambling6.com\/it\/bingo\/strategia-di-gioco-per-il-bingo-online\/"},"author":{"name":"Catfish","@id":"https:\/\/gambling6.com\/it\/#\/schema\/person\/d093de87a44a018ef67117d02d86ddaf"},"headline":"Strategia di gioco per il Bingo online","datePublished":"2022-06-07T08:07:14+00:00","dateModified":"2025-11-17T16:15:03+00:00","mainEntityOfPage":{"@id":"https:\/\/gambling6.com\/it\/bingo\/strategia-di-gioco-per-il-bingo-online\/"},"wordCount":516,"image":{"@id":"https:\/\/gambling6.com\/it\/bingo\/strategia-di-gioco-per-il-bingo-online\/#primaryimage"},"thumbnailUrl":"https:\/\/media.revenueplanet.com\/uploads\/nbb-468x60-nov-generic.gif","articleSection":["Bingo Notizie"],"inLanguage":"it-IT"},{"@type":"WebPage","@id":"https:\/\/gambling6.com\/it\/bingo\/strategia-di-gioco-per-il-bingo-online\/","url":"https:\/\/gambling6.com\/it\/bingo\/strategia-di-gioco-per-il-bingo-online\/","name":"Strategia di gioco per il Bingo online","isPartOf":{"@id":"https:\/\/gambling6.com\/it\/#website"},"primaryImageOfPage":{"@id":"https:\/\/gambling6.com\/it\/bingo\/strategia-di-gioco-per-il-bingo-online\/#primaryimage"},"image":{"@id":"https:\/\/gambling6.com\/it\/bingo\/strategia-di-gioco-per-il-bingo-online\/#primaryimage"},"thumbnailUrl":"https:\/\/media.revenueplanet.com\/uploads\/nbb-468x60-nov-generic.gif","datePublished":"2022-06-07T08:07:14+00:00","dateModified":"2025-11-17T16:15:03+00:00","author":{"@id":"https:\/\/gambling6.com\/it\/#\/schema\/person\/d093de87a44a018ef67117d02d86ddaf"},"description":"Aumentate le vostre possibilit\u00e0 di vincere al bingo online seguendo la giusta strategia di gioco.","breadcrumb":{"@id":"https:\/\/gambling6.com\/it\/bingo\/strategia-di-gioco-per-il-bingo-online\/#breadcrumb"},"inLanguage":"it-IT","potentialAction":[{"@type":"ReadAction","target":["https:\/\/gambling6.com\/it\/bingo\/strategia-di-gioco-per-il-bingo-online\/"]}]},{"@type":"ImageObject","inLanguage":"it-IT","@id":"https:\/\/gambling6.com\/it\/bingo\/strategia-di-gioco-per-il-bingo-online\/#primaryimage","url":"https:\/\/media.revenueplanet.com\/uploads\/nbb-468x60-nov-generic.gif","contentUrl":"https:\/\/media.revenueplanet.com\/uploads\/nbb-468x60-nov-generic.gif"},{"@type":"BreadcrumbList","@id":"https:\/\/gambling6.com\/it\/bingo\/strategia-di-gioco-per-il-bingo-online\/#breadcrumb","itemListElement":[{"@type":"ListItem","position":1,"name":"Home","item":"https:\/\/gambling6.com\/it\/home\/"},{"@type":"ListItem","position":2,"name":"Strategia di gioco per il Bingo online"}]},{"@type":"WebSite","@id":"https:\/\/gambling6.com\/it\/#website","url":"https:\/\/gambling6.com\/it\/","name":"Gambling6","description":"","potentialAction":[{"@type":"SearchAction","target":{"@type":"EntryPoint","urlTemplate":"https:\/\/gambling6.com\/it\/?s={search_term_string}"},"query-input":{"@type":"PropertyValueSpecification","valueRequired":true,"valueName":"search_term_string"}}],"inLanguage":"it-IT"},{"@type":"Person","@id":"https:\/\/gambling6.com\/it\/#\/schema\/person\/d093de87a44a018ef67117d02d86ddaf","name":"Catfish","image":{"@type":"ImageObject","inLanguage":"it-IT","@id":"https:\/\/secure.gravatar.com\/avatar\/32edfa28ccbf005c231538b245a2670a36c7f33f2d3a9ab09e50843b363f2821?s=96&d=mm&r=g","url":"https:\/\/secure.gravatar.com\/avatar\/32edfa28ccbf005c231538b245a2670a36c7f33f2d3a9ab09e50843b363f2821?s=96&d=mm&r=g","contentUrl":"https:\/\/secure.gravatar.com\/avatar\/32edfa28ccbf005c231538b245a2670a36c7f33f2d3a9ab09e50843b363f2821?s=96&d=mm&r=g","caption":"Catfish"},"sameAs":["http:\/\/gambling6.com"],"url":"https:\/\/gambling6.com\/it\/author\/catfish\/"}]}},"_links":{"self":[{"href":"https:\/\/gambling6.com\/it\/wp-json\/wp\/v2\/pages\/6061","targetHints":{"allow":["GET"]}}],"collection":[{"href":"https:\/\/gambling6.com\/it\/wp-json\/wp\/v2\/pages"}],"about":[{"href":"https:\/\/gambling6.com\/it\/wp-json\/wp\/v2\/types\/page"}],"author":[{"embeddable":true,"href":"https:\/\/gambling6.com\/it\/wp-json\/wp\/v2\/users\/1"}],"replies":[{"embeddable":true,"href":"https:\/\/gambling6.com\/it\/wp-json\/wp\/v2\/comments?post=6061"}],"version-history":[{"count":1,"href":"https:\/\/gambling6.com\/it\/wp-json\/wp\/v2\/pages\/6061\/revisions"}],"predecessor-version":[{"id":6062,"href":"https:\/\/gambling6.com\/it\/wp-json\/wp\/v2\/pages\/6061\/revisions\/6062"}],"up":[{"embeddable":true,"href":"https:\/\/gambling6.com\/it\/wp-json\/wp\/v2\/pages\/8510"}],"wp:attachment":[{"href":"https:\/\/gambling6.com\/it\/wp-json\/wp\/v2\/media?parent=6061"}],"curies":[{"name":"wp","href":"https:\/\/api.w.org\/{rel}","templated":true}]}}