{"id":8123,"date":"2025-10-29T11:21:36","date_gmt":"2025-10-29T11:21:36","guid":{"rendered":"https:\/\/gambling6.com\/?page_id=8123"},"modified":"2025-10-29T11:21:36","modified_gmt":"2025-10-29T11:21:36","slug":"home","status":"publish","type":"page","link":"https:\/\/gambling6.com\/it\/","title":{"rendered":"Home"},"content":{"rendered":"<h1>Benvenuto su Gambling6 &#8211; informazioni su tutto ci\u00f2 che ti serve per il gioco d&#8217;azzardo con soldi veri<\/h1>\n<p><img loading=\"lazy\" decoding=\"async\" class=\" wp-image-2679 alignright\" src=\"https:\/\/gambling6.com\/wp-content\/uploads\/2022\/04\/1_win_lottery_online1.jpg\" alt=\"Gioco d'azzardo online con soldi veri\" width=\"253\" height=\"168\" \/><br \/>\nPer molte persone, il mondo del gioco d&#8217;azzardo online con soldi veri pu\u00f2 sembrare spaventoso e qualcosa che sono riluttanti a provare. Potrebbero apprezzare il gioco d&#8217;azzardo in generale, ma si chiedono se i siti di gioco d&#8217;azzardo online siano affidabili. Tuttavia, oggi \u00e8 uno dei modi pi\u00f9 semplici per divertirsi con tutti i tuoi giochi da casin\u00f2 preferiti, anche se non vivi vicino a un casin\u00f2.<\/p>\n<p>I siti web di gioco d&#8217;azzardo online hanno creato un modo per giocare a poker, blackjack, roulette, video poker, slot machine, bingo, gratta e vinci, scommettere su eventi sportivi e ora \u00e8 anche possibile partecipare a qualsiasi grande jackpot del lotto mondiale online, senza dover lasciare il comfort della propria casa.<\/p>\n<p>Tutti amano i siti di casin\u00f2 con pagamenti rapidi e, se ti piace il gioco d&#8217;azzardo, devi scoprire di cosa si tratta e vedere come puoi iniziare con i numerosi siti di gioco online disponibili. Seguire i consigli di un sito di risorse sul gioco d&#8217;azzardo online come il nostro ti aiuter\u00e0 a scegliere un buon fornitore e ti garantir\u00e0 un&#8217;esperienza fantastica. Se vuoi iniziare subito, ecco i miei consigli personali:<\/p>\n<h2>Il miglior sito di gioco d&#8217;azzardo a tutto tondo<\/h2>\n<p>Personalmente, mi piace giocare d&#8217;azzardo online sotto lo stesso tetto, senza dover effettuare depositi su vari siti. Ecco perch\u00e9 il mio sito completo preferito \u00e8 888, un ottimo casin\u00f2 online con le slot machine pi\u00f9 belle che abbia mai visto e un&#8217;eccellente sala da poker online. La selezione di giochi da casin\u00f2, tra cui blackjack, roulette e altro ancora, non lascia nulla a desiderare. Se stai cercando un&#8217;esperienza di bingo o gratta e vinci reale, non c&#8217;\u00e8 niente di meglio di 888.<\/p>\n<p>Ecco perch\u00e9 il mio sito preferito \u00e8 888: un ottimo casin\u00f2 online con le slot machine pi\u00f9 belle che abbia mai visto e un&#8217;eccellente sala da poker online. La selezione di giochi da casin\u00f2, tra cui blackjack, roulette e altro ancora, non lascia nulla a desiderare. Se siete alla ricerca di un&#8217;esperienza di bingo o gratta e vinci reale, non potete trovare di meglio di 888.<\/p>\n<p>E poi c&#8217;\u00e8 la sezione delle scommesse sportive, che offre un&#8217;ampia scelta di eventi su cui scommettere e le migliori quote che potrete trovare sul web. Potete persino scommettere su dati finanziari, come i principali indici azionari e i tassi di cambio delle valute! <a class=\"thirstylink\" title=\"888 casino en\" href=\"https:\/\/gambling6.com\/go\/888-casino-en\/\" target=\"_blank\" rel=\"nofollow noopener\">Utilizza questo link per andare su 888 oggi stesso e riceverai un bonus fino a 1500 \u20ac sul tuo primo deposito.<\/a><\/p>\n<h2>Il miglior sito di gioco d&#8217;azzardo a tutto tondo per i residenti negli Stati Uniti<\/h2>\n<p>Se sei residente negli Stati Uniti, le tue scelte sono limitate e alcuni degli operatori che accettano clienti statunitensi sono un po&#8217; loschi, quindi devi stare attento a chi scegli.<\/p>\n<p>Un sito si distingue dalla massa, per\u00f2, ed \u00e8 B<a class=\"thirstylink\" title=\"Betonline casino en\" href=\"https:\/\/gambling6.com\/go\/betonline-casino-en\/\" target=\"_blank\" rel=\"nofollow noopener\">etonline: qui puoi giocare a poker online, giochi da casin\u00f2, slot machine, roulette, blackjack e piazzare scommesse sportive<\/a>. Accettano giocatori dagli Stati Uniti e ci sono diversi modi per depositare fondi sul tuo conto e prelevare le tue vincite.<\/p>\n<h2>Gambling6 &#8211; le sei forme pi\u00f9 popolari di gioco d&#8217;azzardo online<\/h2>\n<p>Su Gambling6.com troverai informazioni su quanto segue:<\/p>\n<ul>\n<li>Giochi da casin\u00f2, tra cui blackjack, roulette, craps, video poker, slot machine, ecc.<\/li>\n<li>Tutte le varianti del poker<\/li>\n<li>Bingo online<\/li>\n<li>Gratta e vinci online<\/li>\n<li>Scommesse sportive e scommesse su altri eventi<\/li>\n<li>Come acquistare online un biglietto per qualsiasi lotteria al di fuori del proprio paese di residenza<\/li>\n<\/ul>\n<h2>Che ne dici di un po&#8217; di divertimento con la lotteria e jackpot di livello mondiale?<\/h2>\n<p>Supponiamo che tu sia un appassionato di lotterie e non voglia limitarti alla lotteria locale. In tal caso, abbiamo buone notizie per te: ora puoi tentare la fortuna con qualsiasi jackpot della lotteria in tutto il mondo &#8211; RedFoxLotto ti consente di acquistare online biglietti della lotteria per i jackpot pi\u00f9 alti al mondo, come Mega Millions, Powerball, El Gordo, EuroMillions e molti altri. <a href=\"https:\/\/redfoxlotto.com\/it\">Clicca qui per verificare quale lotteria ha il jackpot pi\u00f9 alto in palio e acquista un biglietto in pochi secondi!<\/a><\/p>\n<h2>Domande frequenti sui casin\u00f2 online<\/h2>\n<p>Se sei nuovo nel mondo dei casin\u00f2 online, probabilmente avrai delle domande sul gioco online e su come funziona. Alcune delle tue domande sono le stesse che hanno molti altri nuovi giocatori di casin\u00f2 online. Queste domande hanno trovato risposta nella sezione Domande frequenti e ti aiuteranno a iniziare.<\/p>\n<p><strong>Devo avere una certa et\u00e0 per giocare in un casin\u00f2 online?<\/strong><\/p>\n<p>Ogni casin\u00f2 online stabilisce le proprie regole e linee guida. Tuttavia, la maggior parte di essi richiede che i giocatori abbiano almeno 18 o 21 anni per partecipare ai giochi con soldi veri.<\/p>\n<p><strong>Devo scaricare qualcosa sul mio computer per giocare ai giochi dei casin\u00f2 online?<\/strong><\/p>\n<p>Molti casin\u00f2 online ti consentono di giocare in modalit\u00e0 instant play. Se scegli di usufruire della modalit\u00e0 instant play, non dovrai scaricare alcun software sul tuo computer.<\/p>\n<p><strong>Quanto \u00e8 difficile registrarsi in un casin\u00f2 online?<\/strong><\/p>\n<p>Il processo \u00e8 in realt\u00e0 molto semplice. Dovrai inserire alcune informazioni di base su di te e scaricare e installare il software se intendi giocare ai giochi che richiedono il download. L&#8217;intero processo richiede solo pochi minuti.<\/p>\n<p><strong>Devo depositare denaro immediatamente?<\/strong><\/p>\n<p>La maggior parte dei casin\u00f2 ti consentir\u00e0 di provare i loro giochi senza effettuare alcun deposito. Alcuni ti offrono giri gratuiti o ti consentono di giocare gratuitamente per un determinato periodo di tempo. Spesso, puoi persino conservare le tue vincite durante questo periodo se effettui un deposito in denaro reale in un secondo momento!<\/p>\n<p><strong>In cosa consistono i bonus?<\/strong><\/p>\n<p>La maggior parte dei casin\u00f2 online utilizza i bonus per invogliare i giocatori a giocare e a tornare. Alcuni bonus hanno un valore di centinaia o addirittura migliaia di dollari. Nella maggior parte dei casi, dovrai sbloccare i bonus prima di poterli utilizzare. Le istruzioni per sbloccare il bonus sono disponibili sul casin\u00f2 online che offre il bonus.<\/p>\n<p><strong>A quali giochi posso giocare in un casin\u00f2 online?<\/strong><\/p>\n<p>Ogni casin\u00f2 online offre una propria selezione di giochi. Tuttavia, alcuni dei giochi pi\u00f9 comuni includono video slot, slot machine, roulette, craps, blackjack, poker e persino lotterie da tutto il mondo.<\/p>\n<p><strong>Quanto denaro posso davvero vincere giocando in un casin\u00f2 online?<\/strong><\/p>\n<p>Prima di tutto, non \u00e8 garantito che vincerai qualcosa. Tuttavia, ci sono molti soldi da vincere. Troverai jackpot da milioni di dollari alle slot machine, tornei di poker con 1 milione di dollari o pi\u00f9 in premi garantiti, ecc. Infatti, la maggior parte dei casin\u00f2 online ha percentuali di vincita migliori rispetto ai casin\u00f2 tradizionali. Questo perch\u00e9 hanno costi generali inferiori e possono permettersi di pagare una percentuale pi\u00f9 alta delle scommesse.<\/p>\n","protected":false},"excerpt":{"rendered":"<p>Benvenuto su Gambling6 &#8211; informazioni su tutto ci\u00f2 che ti serve per il gioco d&#8217;azzardo con soldi veri Per molte persone, il mondo del gioco d&#8217;azzardo online con soldi veri pu\u00f2 sembrare spaventoso e qualcosa che sono riluttanti a provare. Potrebbero apprezzare il gioco d&#8217;azzardo in generale, ma si chiedono se i siti di gioco [&hellip;]<\/p>\n","protected":false},"author":1,"featured_media":0,"parent":0,"menu_order":1,"comment_status":"closed","ping_status":"closed","template":"","meta":{"footnotes":""},"class_list":["post-8123","page","type-page","status-publish","hentry"],"yoast_head":"<!-- This site is optimized with the Yoast SEO plugin v27.4 - https:\/\/yoast.com\/product\/yoast-seo-wordpress\/ -->\n<title>Il miglior gioco d&#039;azzardo online con soldi veri | Benvenuto su Gambling6<\/title>\n<meta name=\"description\" content=\"Se ti piace giocare d&#039;azzardo con soldi veri, il nostro sito dedicato al gioco d&#039;azzardo ha tutte le informazioni che ti servono sui 6 giochi online pi\u00f9 popolari.\" \/>\n<meta name=\"robots\" content=\"index, follow, max-snippet:-1, max-image-preview:large, max-video-preview:-1\" \/>\n<link rel=\"canonical\" href=\"https:\/\/gambling6.com\/it\/\" \/>\n<meta property=\"og:locale\" content=\"it_IT\" \/>\n<meta property=\"og:type\" content=\"article\" \/>\n<meta property=\"og:title\" content=\"Il miglior gioco d&#039;azzardo online con soldi veri | Benvenuto su Gambling6\" \/>\n<meta property=\"og:description\" content=\"Se ti piace giocare d&#039;azzardo con soldi veri, il nostro sito dedicato al gioco d&#039;azzardo ha tutte le informazioni che ti servono sui 6 giochi online pi\u00f9 popolari.\" \/>\n<meta property=\"og:url\" content=\"https:\/\/gambling6.com\/it\/\" \/>\n<meta property=\"og:site_name\" content=\"Gambling6\" \/>\n<meta property=\"og:image\" content=\"https:\/\/gambling6.com\/wp-content\/uploads\/2022\/04\/1_win_lottery_online1.jpg\" \/>\n\t<meta property=\"og:image:width\" content=\"300\" \/>\n\t<meta property=\"og:image:height\" content=\"199\" \/>\n\t<meta property=\"og:image:type\" content=\"image\/jpeg\" \/>\n<meta name=\"twitter:card\" content=\"summary_large_image\" \/>\n<meta name=\"twitter:label1\" content=\"Tempo di lettura stimato\" \/>\n\t<meta name=\"twitter:data1\" content=\"5 minuti\" \/>\n<script type=\"application\/ld+json\" class=\"yoast-schema-graph\">{\"@context\":\"https:\\\/\\\/schema.org\",\"@graph\":[{\"@type\":\"WebPage\",\"@id\":\"https:\\\/\\\/gambling6.com\\\/it\\\/\",\"url\":\"https:\\\/\\\/gambling6.com\\\/it\\\/\",\"name\":\"Il miglior gioco d'azzardo online con soldi veri | Benvenuto su Gambling6\",\"isPartOf\":{\"@id\":\"https:\\\/\\\/gambling6.com\\\/it\\\/#website\"},\"primaryImageOfPage\":{\"@id\":\"https:\\\/\\\/gambling6.com\\\/it\\\/#primaryimage\"},\"image\":{\"@id\":\"https:\\\/\\\/gambling6.com\\\/it\\\/#primaryimage\"},\"thumbnailUrl\":\"https:\\\/\\\/gambling6.com\\\/wp-content\\\/uploads\\\/2022\\\/04\\\/1_win_lottery_online1.jpg\",\"datePublished\":\"2025-10-29T11:21:36+00:00\",\"description\":\"Se ti piace giocare d'azzardo con soldi veri, il nostro sito dedicato al gioco d'azzardo ha tutte le informazioni che ti servono sui 6 giochi online pi\u00f9 popolari.\",\"breadcrumb\":{\"@id\":\"https:\\\/\\\/gambling6.com\\\/it\\\/#breadcrumb\"},\"inLanguage\":\"it-IT\",\"potentialAction\":[{\"@type\":\"ReadAction\",\"target\":[\"https:\\\/\\\/gambling6.com\\\/it\\\/\"]}]},{\"@type\":\"ImageObject\",\"inLanguage\":\"it-IT\",\"@id\":\"https:\\\/\\\/gambling6.com\\\/it\\\/#primaryimage\",\"url\":\"https:\\\/\\\/gambling6.com\\\/wp-content\\\/uploads\\\/2022\\\/04\\\/1_win_lottery_online1.jpg\",\"contentUrl\":\"https:\\\/\\\/gambling6.com\\\/wp-content\\\/uploads\\\/2022\\\/04\\\/1_win_lottery_online1.jpg\"},{\"@type\":\"BreadcrumbList\",\"@id\":\"https:\\\/\\\/gambling6.com\\\/it\\\/#breadcrumb\",\"itemListElement\":[{\"@type\":\"ListItem\",\"position\":1,\"name\":\"Home\",\"item\":\"https:\\\/\\\/gambling6.com\\\/it\\\/home\\\/\"},{\"@type\":\"ListItem\",\"position\":2,\"name\":\"Home\"}]},{\"@type\":\"WebSite\",\"@id\":\"https:\\\/\\\/gambling6.com\\\/it\\\/#website\",\"url\":\"https:\\\/\\\/gambling6.com\\\/it\\\/\",\"name\":\"Gambling6\",\"description\":\"\",\"potentialAction\":[{\"@type\":\"SearchAction\",\"target\":{\"@type\":\"EntryPoint\",\"urlTemplate\":\"https:\\\/\\\/gambling6.com\\\/it\\\/?s={search_term_string}\"},\"query-input\":{\"@type\":\"PropertyValueSpecification\",\"valueRequired\":true,\"valueName\":\"search_term_string\"}}],\"inLanguage\":\"it-IT\"}]}<\/script>\n<!-- \/ Yoast SEO plugin. -->","yoast_head_json":{"title":"Il miglior gioco d'azzardo online con soldi veri | Benvenuto su Gambling6","description":"Se ti piace giocare d'azzardo con soldi veri, il nostro sito dedicato al gioco d'azzardo ha tutte le informazioni che ti servono sui 6 giochi online pi\u00f9 popolari.","robots":{"index":"index","follow":"follow","max-snippet":"max-snippet:-1","max-image-preview":"max-image-preview:large","max-video-preview":"max-video-preview:-1"},"canonical":"https:\/\/gambling6.com\/it\/","og_locale":"it_IT","og_type":"article","og_title":"Il miglior gioco d'azzardo online con soldi veri | Benvenuto su Gambling6","og_description":"Se ti piace giocare d'azzardo con soldi veri, il nostro sito dedicato al gioco d'azzardo ha tutte le informazioni che ti servono sui 6 giochi online pi\u00f9 popolari.","og_url":"https:\/\/gambling6.com\/it\/","og_site_name":"Gambling6","og_image":[{"width":300,"height":199,"url":"https:\/\/gambling6.com\/wp-content\/uploads\/2022\/04\/1_win_lottery_online1.jpg","type":"image\/jpeg"}],"twitter_card":"summary_large_image","twitter_misc":{"Tempo di lettura stimato":"5 minuti"},"schema":{"@context":"https:\/\/schema.org","@graph":[{"@type":"WebPage","@id":"https:\/\/gambling6.com\/it\/","url":"https:\/\/gambling6.com\/it\/","name":"Il miglior gioco d'azzardo online con soldi veri | Benvenuto su Gambling6","isPartOf":{"@id":"https:\/\/gambling6.com\/it\/#website"},"primaryImageOfPage":{"@id":"https:\/\/gambling6.com\/it\/#primaryimage"},"image":{"@id":"https:\/\/gambling6.com\/it\/#primaryimage"},"thumbnailUrl":"https:\/\/gambling6.com\/wp-content\/uploads\/2022\/04\/1_win_lottery_online1.jpg","datePublished":"2025-10-29T11:21:36+00:00","description":"Se ti piace giocare d'azzardo con soldi veri, il nostro sito dedicato al gioco d'azzardo ha tutte le informazioni che ti servono sui 6 giochi online pi\u00f9 popolari.","breadcrumb":{"@id":"https:\/\/gambling6.com\/it\/#breadcrumb"},"inLanguage":"it-IT","potentialAction":[{"@type":"ReadAction","target":["https:\/\/gambling6.com\/it\/"]}]},{"@type":"ImageObject","inLanguage":"it-IT","@id":"https:\/\/gambling6.com\/it\/#primaryimage","url":"https:\/\/gambling6.com\/wp-content\/uploads\/2022\/04\/1_win_lottery_online1.jpg","contentUrl":"https:\/\/gambling6.com\/wp-content\/uploads\/2022\/04\/1_win_lottery_online1.jpg"},{"@type":"BreadcrumbList","@id":"https:\/\/gambling6.com\/it\/#breadcrumb","itemListElement":[{"@type":"ListItem","position":1,"name":"Home","item":"https:\/\/gambling6.com\/it\/home\/"},{"@type":"ListItem","position":2,"name":"Home"}]},{"@type":"WebSite","@id":"https:\/\/gambling6.com\/it\/#website","url":"https:\/\/gambling6.com\/it\/","name":"Gambling6","description":"","potentialAction":[{"@type":"SearchAction","target":{"@type":"EntryPoint","urlTemplate":"https:\/\/gambling6.com\/it\/?s={search_term_string}"},"query-input":{"@type":"PropertyValueSpecification","valueRequired":true,"valueName":"search_term_string"}}],"inLanguage":"it-IT"}]}},"_links":{"self":[{"href":"https:\/\/gambling6.com\/it\/wp-json\/wp\/v2\/pages\/8123","targetHints":{"allow":["GET"]}}],"collection":[{"href":"https:\/\/gambling6.com\/it\/wp-json\/wp\/v2\/pages"}],"about":[{"href":"https:\/\/gambling6.com\/it\/wp-json\/wp\/v2\/types\/page"}],"author":[{"embeddable":true,"href":"https:\/\/gambling6.com\/it\/wp-json\/wp\/v2\/users\/1"}],"replies":[{"embeddable":true,"href":"https:\/\/gambling6.com\/it\/wp-json\/wp\/v2\/comments?post=8123"}],"version-history":[{"count":1,"href":"https:\/\/gambling6.com\/it\/wp-json\/wp\/v2\/pages\/8123\/revisions"}],"predecessor-version":[{"id":8124,"href":"https:\/\/gambling6.com\/it\/wp-json\/wp\/v2\/pages\/8123\/revisions\/8124"}],"wp:attachment":[{"href":"https:\/\/gambling6.com\/it\/wp-json\/wp\/v2\/media?parent=8123"}],"curies":[{"name":"wp","href":"https:\/\/api.w.org\/{rel}","templated":true}]}}