{"id":8312,"date":"2025-11-07T09:38:04","date_gmt":"2025-11-07T09:38:04","guid":{"rendered":"https:\/\/gambling6.com\/casino\/"},"modified":"2025-11-15T07:16:24","modified_gmt":"2025-11-15T07:16:24","slug":"casino","status":"publish","type":"page","link":"https:\/\/gambling6.com\/it\/casino\/","title":{"rendered":"Casin\u00f2"},"content":{"rendered":"<h2>Guida introduttiva al casin\u00f2 online<\/h2>\n<p>Diciamocelo: il casin\u00f2 online \u00e8 qui per restare. Considerata la sua crescente popolarit\u00e0, \u00e8 confermato che i giocatori lo adorano. Giocare online con soldi veri ha reso tutti felici una volta che hanno iniziato, e ne chiedono sempre di pi\u00f9. Quasi ogni giorno, una grande quantit\u00e0 di denaro passa di mano in questi casin\u00f2 con soldi veri. Che si tratti di depositi o prelievi, tutto avviene a velocit\u00e0 supersonica tramite Internet.<\/p>\n<p>Tuttavia, \u00e8 qui che molte persone diventano un po&#8217; nervose. Pi\u00f9 che le combinazioni di carte o slot, sono le opzioni di pagamento e la loro sicurezza a preoccupare i giocatori. Non si pu\u00f2 certo dare loro la colpa. Le transazioni online possono causare molti grattacapi se non si presta la dovuta attenzione.<\/p>\n<p>Ecco perch\u00e9 molti casin\u00f2 online fanno di tutto per convincere i clienti che le <strong>opzioni di pagamento offerte sui loro siti sono sicure e protette.<\/strong> \u00c8 davvero una buona idea essere attenti quando si tratta di transazioni online. L&#8217;ultima cosa che si desidera \u00e8 che i dati della propria carta di credito finiscano nelle mani sbagliate. Internet \u00e8 pieno di hacker e truffatori, e l&#8217;ultima cosa che vuoi \u00e8 diventarne la prossima vittima. La cosa migliore che puoi fare \u00e8 approfondire la tua conoscenza delle modalit\u00e0 di pagamento online e della loro variet\u00e0.<\/p>\n<p>I casin\u00f2 online offrono diversi canali di pagamento sicuri da utilizzare quando si gioca d&#8217;azzardo online. Pagare tramite carta di credito o di debito \u00e8 piuttosto comune nel panorama dei casin\u00f2 online. Quasi tutti i casin\u00f2 accettano Visa, MasterCard e American Express. Puoi utilizzare qualsiasi di queste carte per effettuare transazioni.<\/p>\n<h2>Casin\u00f2 online che accettano clienti statunitensi<\/h2>\n<p><img loading=\"lazy\" decoding=\"async\" class=\" wp-image-2901 alignright\" src=\"https:\/\/gambling6.com\/wp-content\/uploads\/2022\/04\/download-image2-300x190.jpg\" alt=\"scarica casin\u00f2 online\" width=\"249\" height=\"158\" srcset=\"https:\/\/gambling6.com\/wp-content\/uploads\/2022\/04\/download-image2-300x190.jpg 300w, https:\/\/gambling6.com\/wp-content\/uploads\/2022\/04\/download-image2.jpg 435w\" sizes=\"auto, (max-width: 249px) 100vw, 249px\" \/>Se sei residente negli Stati Uniti, le tue opzioni per quanto riguarda i casin\u00f2 online sono piuttosto limitate a causa della legislazione statunitense. Lo stesso vale per le opzioni di pagamento a tua disposizione. Ecco perch\u00e9, come residente negli Stati Uniti, dovresti cercare un casin\u00f2 con metodi di deposito e prelievo convenienti per iniziare a giocare d&#8217;azzardo online.<\/p>\n<p>Soprattutto per quanto riguarda la facilit\u00e0 di elaborazione dei pagamenti, BetOnline Casino si distingue dalla massa, motivo per cui lo consigliamo vivamente ai visitatori statunitensi. <a class=\"thirstylink\" title=\"Betonline casino en\" href=\"https:\/\/gambling6.com\/go\/betonline-casino-en\/\" target=\"_blank\" rel=\"nofollow noopener\"><strong>Clicca <\/strong><strong>qui per visitarli subito.<\/strong><\/a><\/p>\n<p>Sebbene possa sembrare un suggerimento ovvio, prima di inserire i dati della tua carta di credito, assicurati di avere ben chiaro lo scopo della transazione e di fidarti del sito. Puoi anche andare oltre la semplice digitazione dei dati della tua carta di credito scegliendo modalit\u00e0 di pagamento online. Esistono diversi portali online dedicati a questo scopo. \u00c8 vero che i casin\u00f2 possono avere il loro sito preferito per le transazioni online, ma alcuni sono pi\u00f9 popolari di altri.<\/p>\n<p>Questi siti per le transazioni online includono Neteller, Money Transfer, eWalletXpress, PayPal, Instadebit e Moneybookers. Moneybookers \u00e8 un metodo molto popolare nei paesi europei, incluso il Regno Unito. Questa funzionalit\u00e0 ha reso i cittadini europei grandi fan dei casin\u00f2 online.<\/p>\n<h2>Casin\u00f2 che elaborano pagamenti tramite PayPal<\/h2>\n<p>Se hai familiarit\u00e0 con PayPal, non avrai problemi a utilizzarlo per le tue sessioni di gioco online. Tutto ci\u00f2 che devi fare \u00e8 registrare il tuo nome e associare la tua carta di credito al conto. Questa modalit\u00e0 di pagamento \u00e8 accettata dalla maggior parte dei casin\u00f2 e dei siti di gioco d&#8217;azzardo online. Se desideri mantenere l&#8217;anonimato quando giochi d&#8217;azzardo online, eWalletXpress \u00e8 la soluzione pi\u00f9 adatta a te. Oltre alla sicurezza, questo sito aiuta i depositanti a rimanere nascosti. \u00c8 un metodo di transazione veloce accettato dalla maggior parte dei casin\u00f2 online.<\/p>\n<p>Grazie alla popolarit\u00e0 delle transazioni online, incluso il gioco d&#8217;azzardo online, PayPal ha guadagnato molta attenzione. Sembra che ci siano pochi casin\u00f2 che si affidano a questo sito per la sua modalit\u00e0 di pagamento sicura.<\/p>\n<p>888 Casino offre l&#8217;opzione PayPal a tutti i suoi giocatori residenti nel Regno Unito e in Irlanda. Tuttavia, se sei residente in Australia e desideri giocare su questo sito, puoi effettuare le tue transazioni tramite MasterCard. Oltre ai due paesi sopra menzionati, gli altri paesi europei coperti da questo sistema di transazioni online sono Spagna, Portogallo, Italia, Austria, Finlandia, Svezia e Danimarca.<\/p>\n<p>Al momento, 888 Casino ha anche un&#8217;offerta eccezionale per i nuovi giocatori: <strong>un bonus del 100% e fino a \u20ac1500,00 sul primo deposito per i nuovi giocatori!<\/strong> Questa offerta promozionale \u00e8 riservata ai residenti di determinati paesi. <a class=\"thirstylink\" title=\"888 casino it\" href=\"https:\/\/gambling6.com\/go\/888-casino-it\/\" target=\"_blank\" rel=\"nofollow noopener\">Consulta i siti web di 888 per maggiori informazioni.<\/a><\/p>\n<p>In breve, la maggior parte offre opzioni di pagamento per tutti i giocatori, indipendentemente da dove vivano.I cittadini americani e australiani possono utilizzare Visa, MasterCard, Neteller e Moneybookers, mentre chi vive in Europa pu\u00f2 utilizzare il sistema PayPal.<\/p>\n<p>888 Casino offre una variet\u00e0 di giochi, inclusi quelli 3D. Puoi piazzare le tue scommesse utilizzando PayPal, MasterCard o qualsiasi altro metodo di pagamento accettato. Tutti questi metodi di pagamento sono piuttosto sicuri e protetti. Tuttavia, come molti altri casin\u00f2 online, anche 888casinos.com prevede un importo minimo di deposito da rispettare. L&#8217;importo, tuttavia, dipende spesso dal tipo di metodo di pagamento scelto. Se utilizzi MasterCard o Visa, dovrai depositare 20 $, 20 \u20ac o 20 \u00a3, a seconda della regione in cui ti trovi. Tuttavia, i giocatori che utilizzano carte di debito Maestro dovranno depositare almeno 10 $ o 10 \u20ac. Se utilizzi siti online come PayPal, MoneyBookers o Neteller, l&#8217;importo minimo sar\u00e0 di 20 $.<\/p>\n<p>Nella maggior parte dei casi, l&#8217;importo pu\u00f2 variare da valuta a valuta a seconda del tasso di cambio e di altre commissioni applicabili. Ecco perch\u00e9, mentre un giocatore pu\u00f2 depositare 10 \u00a3 tramite Neteller, un altro potrebbe finire per pagare 20 $, il doppio dell&#8217;importo precedente. Quindi, quando si effettuano transazioni, \u00e8 meglio conoscere la valuta che si suppone si utilizzi in un determinato casin\u00f2.<\/p>\n<p>In conclusione, quando si gioca online con i propri soldi in un casin\u00f2 online, \u00e8 meglio utilizzare una modalit\u00e0 di pagamento affidabile. In questo modo, non ce ne pentiremo in seguito. Dopotutto, si \u00e8 l\u00ec per divertirsi e non per finire vittime di frodi. Quindi, andate sul sicuro e lasciate girare la ruota!<\/p>\n","protected":false},"excerpt":{"rendered":"<p>Guida introduttiva al casin\u00f2 online Diciamocelo: il casin\u00f2 online \u00e8 qui per restare. Considerata la sua crescente popolarit\u00e0, \u00e8 confermato che i giocatori lo adorano. Giocare online con soldi veri ha reso tutti felici una volta che hanno iniziato, e ne chiedono sempre di pi\u00f9. Quasi ogni giorno, una grande quantit\u00e0 di denaro passa di [&hellip;]<\/p>\n","protected":false},"author":1,"featured_media":0,"parent":0,"menu_order":2,"comment_status":"closed","ping_status":"closed","template":"","meta":{"footnotes":""},"class_list":["post-8312","page","type-page","status-publish","hentry"],"yoast_head":"<!-- This site is optimized with the Yoast SEO plugin v27.3 - https:\/\/yoast.com\/product\/yoast-seo-wordpress\/ -->\n<title>Inizia con il gioco d&#039;azzardo online | Guida ai casin\u00f2 online<\/title>\n<meta name=\"description\" content=\"Ammettiamolo: i casin\u00f2 online sono qui per restare. Inizia subito: la nostra guida ai casin\u00f2 online ti aiuta a scegliere i siti migliori per te.\" \/>\n<meta name=\"robots\" content=\"index, follow, max-snippet:-1, max-image-preview:large, max-video-preview:-1\" \/>\n<link rel=\"canonical\" href=\"https:\/\/gambling6.com\/it\/casino\/\" \/>\n<meta property=\"og:locale\" content=\"it_IT\" \/>\n<meta property=\"og:type\" content=\"article\" \/>\n<meta property=\"og:title\" content=\"Inizia con il gioco d&#039;azzardo online | Guida ai casin\u00f2 online\" \/>\n<meta property=\"og:description\" content=\"Ammettiamolo: i casin\u00f2 online sono qui per restare. Inizia subito: la nostra guida ai casin\u00f2 online ti aiuta a scegliere i siti migliori per te.\" \/>\n<meta property=\"og:url\" content=\"https:\/\/gambling6.com\/it\/casino\/\" \/>\n<meta property=\"og:site_name\" content=\"Gambling6\" \/>\n<meta property=\"article:modified_time\" content=\"2025-11-15T07:16:24+00:00\" \/>\n<meta property=\"og:image\" content=\"https:\/\/gambling6.com\/wp-content\/uploads\/2022\/04\/download-image2.jpg\" \/>\n\t<meta property=\"og:image:width\" content=\"435\" \/>\n\t<meta property=\"og:image:height\" content=\"276\" \/>\n\t<meta property=\"og:image:type\" content=\"image\/jpeg\" \/>\n<meta name=\"twitter:card\" content=\"summary_large_image\" \/>\n<meta name=\"twitter:label1\" content=\"Tempo di lettura stimato\" \/>\n\t<meta name=\"twitter:data1\" content=\"5 minuti\" \/>\n<script type=\"application\/ld+json\" class=\"yoast-schema-graph\">{\"@context\":\"https:\\\/\\\/schema.org\",\"@graph\":[{\"@type\":\"WebPage\",\"@id\":\"https:\\\/\\\/gambling6.com\\\/it\\\/casino\\\/\",\"url\":\"https:\\\/\\\/gambling6.com\\\/it\\\/casino\\\/\",\"name\":\"Inizia con il gioco d'azzardo online | Guida ai casin\u00f2 online\",\"isPartOf\":{\"@id\":\"https:\\\/\\\/gambling6.com\\\/it\\\/#website\"},\"primaryImageOfPage\":{\"@id\":\"https:\\\/\\\/gambling6.com\\\/it\\\/casino\\\/#primaryimage\"},\"image\":{\"@id\":\"https:\\\/\\\/gambling6.com\\\/it\\\/casino\\\/#primaryimage\"},\"thumbnailUrl\":\"https:\\\/\\\/gambling6.com\\\/wp-content\\\/uploads\\\/2022\\\/04\\\/download-image2-300x190.jpg\",\"datePublished\":\"2025-11-07T09:38:04+00:00\",\"dateModified\":\"2025-11-15T07:16:24+00:00\",\"description\":\"Ammettiamolo: i casin\u00f2 online sono qui per restare. Inizia subito: la nostra guida ai casin\u00f2 online ti aiuta a scegliere i siti migliori per te.\",\"breadcrumb\":{\"@id\":\"https:\\\/\\\/gambling6.com\\\/it\\\/casino\\\/#breadcrumb\"},\"inLanguage\":\"it-IT\",\"potentialAction\":[{\"@type\":\"ReadAction\",\"target\":[\"https:\\\/\\\/gambling6.com\\\/it\\\/casino\\\/\"]}]},{\"@type\":\"ImageObject\",\"inLanguage\":\"it-IT\",\"@id\":\"https:\\\/\\\/gambling6.com\\\/it\\\/casino\\\/#primaryimage\",\"url\":\"https:\\\/\\\/gambling6.com\\\/wp-content\\\/uploads\\\/2022\\\/04\\\/download-image2-300x190.jpg\",\"contentUrl\":\"https:\\\/\\\/gambling6.com\\\/wp-content\\\/uploads\\\/2022\\\/04\\\/download-image2-300x190.jpg\"},{\"@type\":\"BreadcrumbList\",\"@id\":\"https:\\\/\\\/gambling6.com\\\/it\\\/casino\\\/#breadcrumb\",\"itemListElement\":[{\"@type\":\"ListItem\",\"position\":1,\"name\":\"Home\",\"item\":\"https:\\\/\\\/gambling6.com\\\/it\\\/home\\\/\"},{\"@type\":\"ListItem\",\"position\":2,\"name\":\"Casin\u00f2\"}]},{\"@type\":\"WebSite\",\"@id\":\"https:\\\/\\\/gambling6.com\\\/it\\\/#website\",\"url\":\"https:\\\/\\\/gambling6.com\\\/it\\\/\",\"name\":\"Gambling6\",\"description\":\"\",\"potentialAction\":[{\"@type\":\"SearchAction\",\"target\":{\"@type\":\"EntryPoint\",\"urlTemplate\":\"https:\\\/\\\/gambling6.com\\\/it\\\/?s={search_term_string}\"},\"query-input\":{\"@type\":\"PropertyValueSpecification\",\"valueRequired\":true,\"valueName\":\"search_term_string\"}}],\"inLanguage\":\"it-IT\"}]}<\/script>\n<!-- \/ Yoast SEO plugin. -->","yoast_head_json":{"title":"Inizia con il gioco d'azzardo online | Guida ai casin\u00f2 online","description":"Ammettiamolo: i casin\u00f2 online sono qui per restare. Inizia subito: la nostra guida ai casin\u00f2 online ti aiuta a scegliere i siti migliori per te.","robots":{"index":"index","follow":"follow","max-snippet":"max-snippet:-1","max-image-preview":"max-image-preview:large","max-video-preview":"max-video-preview:-1"},"canonical":"https:\/\/gambling6.com\/it\/casino\/","og_locale":"it_IT","og_type":"article","og_title":"Inizia con il gioco d'azzardo online | Guida ai casin\u00f2 online","og_description":"Ammettiamolo: i casin\u00f2 online sono qui per restare. Inizia subito: la nostra guida ai casin\u00f2 online ti aiuta a scegliere i siti migliori per te.","og_url":"https:\/\/gambling6.com\/it\/casino\/","og_site_name":"Gambling6","article_modified_time":"2025-11-15T07:16:24+00:00","og_image":[{"width":435,"height":276,"url":"https:\/\/gambling6.com\/wp-content\/uploads\/2022\/04\/download-image2.jpg","type":"image\/jpeg"}],"twitter_card":"summary_large_image","twitter_misc":{"Tempo di lettura stimato":"5 minuti"},"schema":{"@context":"https:\/\/schema.org","@graph":[{"@type":"WebPage","@id":"https:\/\/gambling6.com\/it\/casino\/","url":"https:\/\/gambling6.com\/it\/casino\/","name":"Inizia con il gioco d'azzardo online | Guida ai casin\u00f2 online","isPartOf":{"@id":"https:\/\/gambling6.com\/it\/#website"},"primaryImageOfPage":{"@id":"https:\/\/gambling6.com\/it\/casino\/#primaryimage"},"image":{"@id":"https:\/\/gambling6.com\/it\/casino\/#primaryimage"},"thumbnailUrl":"https:\/\/gambling6.com\/wp-content\/uploads\/2022\/04\/download-image2-300x190.jpg","datePublished":"2025-11-07T09:38:04+00:00","dateModified":"2025-11-15T07:16:24+00:00","description":"Ammettiamolo: i casin\u00f2 online sono qui per restare. Inizia subito: la nostra guida ai casin\u00f2 online ti aiuta a scegliere i siti migliori per te.","breadcrumb":{"@id":"https:\/\/gambling6.com\/it\/casino\/#breadcrumb"},"inLanguage":"it-IT","potentialAction":[{"@type":"ReadAction","target":["https:\/\/gambling6.com\/it\/casino\/"]}]},{"@type":"ImageObject","inLanguage":"it-IT","@id":"https:\/\/gambling6.com\/it\/casino\/#primaryimage","url":"https:\/\/gambling6.com\/wp-content\/uploads\/2022\/04\/download-image2-300x190.jpg","contentUrl":"https:\/\/gambling6.com\/wp-content\/uploads\/2022\/04\/download-image2-300x190.jpg"},{"@type":"BreadcrumbList","@id":"https:\/\/gambling6.com\/it\/casino\/#breadcrumb","itemListElement":[{"@type":"ListItem","position":1,"name":"Home","item":"https:\/\/gambling6.com\/it\/home\/"},{"@type":"ListItem","position":2,"name":"Casin\u00f2"}]},{"@type":"WebSite","@id":"https:\/\/gambling6.com\/it\/#website","url":"https:\/\/gambling6.com\/it\/","name":"Gambling6","description":"","potentialAction":[{"@type":"SearchAction","target":{"@type":"EntryPoint","urlTemplate":"https:\/\/gambling6.com\/it\/?s={search_term_string}"},"query-input":{"@type":"PropertyValueSpecification","valueRequired":true,"valueName":"search_term_string"}}],"inLanguage":"it-IT"}]}},"_links":{"self":[{"href":"https:\/\/gambling6.com\/it\/wp-json\/wp\/v2\/pages\/8312","targetHints":{"allow":["GET"]}}],"collection":[{"href":"https:\/\/gambling6.com\/it\/wp-json\/wp\/v2\/pages"}],"about":[{"href":"https:\/\/gambling6.com\/it\/wp-json\/wp\/v2\/types\/page"}],"author":[{"embeddable":true,"href":"https:\/\/gambling6.com\/it\/wp-json\/wp\/v2\/users\/1"}],"replies":[{"embeddable":true,"href":"https:\/\/gambling6.com\/it\/wp-json\/wp\/v2\/comments?post=8312"}],"version-history":[{"count":2,"href":"https:\/\/gambling6.com\/it\/wp-json\/wp\/v2\/pages\/8312\/revisions"}],"predecessor-version":[{"id":10815,"href":"https:\/\/gambling6.com\/it\/wp-json\/wp\/v2\/pages\/8312\/revisions\/10815"}],"wp:attachment":[{"href":"https:\/\/gambling6.com\/it\/wp-json\/wp\/v2\/media?parent=8312"}],"curies":[{"name":"wp","href":"https:\/\/api.w.org\/{rel}","templated":true}]}}