{"id":8352,"date":"2025-11-07T12:13:35","date_gmt":"2025-11-07T12:13:35","guid":{"rendered":"https:\/\/gambling6.com\/casino\/recensioni-dei-casino\/"},"modified":"2025-11-12T06:44:10","modified_gmt":"2025-11-12T06:44:10","slug":"recensioni-dei-casino","status":"publish","type":"page","link":"https:\/\/gambling6.com\/it\/casino\/recensioni-dei-casino\/","title":{"rendered":"Recensioni dei casin\u00f2"},"content":{"rendered":"<h2>Ti aiutiamo a scegliere il miglior sito di gioco d&#8217;azzardo tramite le nostre recensioni<\/h2>\n<p>I siti web dei casin\u00f2 sono luoghi che ti offrono la possibilit\u00e0 di piazzare scommesse su giochi da casin\u00f2 o eventi sportivi, o di scommettere in una sala da poker online. Il gioco d&#8217;azzardo online ti offre la comodit\u00e0 di giocare da casa. Puoi provare l&#8217;emozione di scommettere sui tuoi sport preferiti senza uscire dal comfort di casa. La popolarit\u00e0 del gioco d&#8217;azzardo online ha dato vita a numerosi siti di scommesse e casin\u00f2 online. Come qualsiasi altro settore, anche il gioco d&#8217;azzardo online ha operatori senza scrupoli. Pertanto, scegliere il miglior sito web di casin\u00f2 \u00e8 fondamentale. <strong>Leggere le recensioni dei nostri siti web di casin\u00f2 pu\u00f2 aiutarti a determinare se sono affidabili.<\/strong><\/p>\n<p><a href=\"https:\/\/ic.aff-handler.com\/C\/47965?sr=1064399&amp;anid=\" rel=\"nofollow\"><img loading=\"lazy\" decoding=\"async\" class=\"alignright\" src=\"https:\/\/ic.aff-handler.com\/I\/47965?sr=1064399&amp;anid=\" width=\"420\" height=\"84\" \/><\/a><\/p>\n<ul>\n<li><strong>Reputazione<\/strong><\/li>\n<\/ul>\n<p>La reputazione dei siti web di casin\u00f2 \u00e8 la prima e pi\u00f9 importante cosa da considerare prima di prendere una decisione. Poich\u00e9 non \u00e8 possibile ispezionare fisicamente il casin\u00f2, \u00e8 necessario basarsi sulla sua reputazione per decidere se giocare o meno. I migliori siti web di casin\u00f2 sono quelli che vantano anni di esperienza nel settore e si sono guadagnati una buona reputazione per l&#8217;eccellente servizio clienti.<\/p>\n<ul>\n<li><strong>Licenza<\/strong><\/li>\n<\/ul>\n<p>I siti web di casin\u00f2 affidabili ottengono le licenze necessarie per svolgere le proprie attivit\u00e0. Commissioni di gioco d&#8217;azzardo rinomate o autorit\u00e0 di gioco registrate in determinate giurisdizioni rilasciano le licenze ai siti di gioco d&#8217;azzardo, dopo essersi assicurati che il sito web del casin\u00f2 soddisfi determinati standard in termini di sicurezza, politica di gioco leale, pagamenti e servizio clienti. I siti di gioco d&#8217;azzardo affidabili espongono tale licenza in modo evidente, ma una <strong>buona recensione del casin\u00f2 dovrebbe anche indicare dove il casin\u00f2 ha ottenuto la licenza<\/strong>. Inoltre, i suoi sistemi e processi vengono verificati dai rispettivi enti e ottiene certificazioni. \u00c8 possibile consultare queste certificazioni sui rispettivi siti web. Scegliere un sito di gioco d&#8217;azzardo autorizzato aiuta a vivere un&#8217;esperienza di gioco sicura.<\/p>\n<ul>\n<li><strong>Opzioni di gioco<\/strong><\/li>\n<\/ul>\n<p>Il sito di casin\u00f2 che si desidera scegliere deve offrire una vasta gamma di giochi, tra cui craps, roulette, blackjack, slot machine, video poker e giochi da tavolo. Il software di gioco utilizzato dal sito di casin\u00f2 aiuta a valutare la qualit\u00e0 dell&#8217;esperienza di gioco. Se scegli un sito di casin\u00f2 che offre una vasta gamma di giochi, la tua esperienza di gioco online sar\u00e0 pi\u00f9 piacevole.<\/p>\n<ul>\n<li><strong>Software di gioco<\/strong><\/li>\n<\/ul>\n<p>I migliori siti di gioco online utilizzano il software di gioco pi\u00f9 affidabile, che offre un ambiente che ti fa sentire come se fossi in un vero casin\u00f2. Offre grafica e audio di altissima qualit\u00e0. \u00c8 intuitivo, quindi puoi scaricarlo, installarlo e utilizzarlo facilmente.<\/p>\n<ul>\n<li><strong>Opzioni di deposito e prelievo<\/strong><\/li>\n<\/ul>\n<p>\u00c8 fondamentale leggere le recensioni sulle opzioni di deposito e prelievo offerte dal casin\u00f2 online. Le opzioni dovrebbero essere adatte alle tue esigenze. Al giorno d&#8217;oggi, molti giocatori desiderano maggiore sicurezza durante il gioco nei casin\u00f2 online, quindi desiderano pi\u00f9 di un&#8217;opzione di deposito. I migliori siti di gioco offrono diverse opzioni, come carte di credito, bonifici bancari, portafogli elettronici come Neteller e PayPal, carte come Ukash e Paysafecard e persino pagamenti in criptovaluta. Le nostre pagine di recensioni sui casin\u00f2 forniscono informazioni su depositi e prelievi rapidi e senza problemi. Il casin\u00f2 si impegna a proteggere le tue informazioni finanziarie e personali effettuando le transazioni tramite server sicuri.<\/p>\n<ul>\n<li><strong>Assistenza clienti<\/strong><\/li>\n<\/ul>\n<p><span style=\"background-color: transparent;\">L&#8217;assistenza clienti \u00e8 uno degli aspetti pi\u00f9 importanti da considerare prima di scegliere un <\/span><strong style=\"background-color: transparent;\">sito web di casin\u00f2.<\/strong><span style=\"background-color: transparent;\">Il sito migliore offre un&#8217;assistenza clienti cordiale tramite telefono, e-mail e chat dal vivo 24 ore su 24, 7 giorni su 7.<\/span><\/p>\n<p>In caso di dubbi, affidati a un casin\u00f2 leader di mercato come 888 Casino: ha tutto ci\u00f2 che ti serve per il gioco d&#8217;azzardo. <a class=\"thirstylink\" title=\"888 casino en\" href=\"https:\/\/gambling6.com\/go\/888-casino-en\/\" target=\"_blank\" rel=\"nofollow noopener\">Clicca qui per visitare 888 oggi stesso.<\/a><\/p>\n","protected":false},"excerpt":{"rendered":"<p>Ti aiutiamo a scegliere il miglior sito di gioco d&#8217;azzardo tramite le nostre recensioni I siti web dei casin\u00f2 sono luoghi che ti offrono la possibilit\u00e0 di piazzare scommesse su giochi da casin\u00f2 o eventi sportivi, o di scommettere in una sala da poker online. Il gioco d&#8217;azzardo online ti offre la comodit\u00e0 di giocare [&hellip;]<\/p>\n","protected":false},"author":1,"featured_media":0,"parent":8312,"menu_order":0,"comment_status":"closed","ping_status":"closed","template":"","meta":{"footnotes":""},"class_list":["post-8352","page","type-page","status-publish","hentry"],"yoast_head":"<!-- This site is optimized with the Yoast SEO plugin v27.3 - https:\/\/yoast.com\/product\/yoast-seo-wordpress\/ -->\n<title>Recensioni e test dei siti web di casin\u00f2 online consigliati<\/title>\n<meta name=\"description\" content=\"Le nostre recensioni sui siti web dei casin\u00f2 ti danno un&#039;idea di cosa cercare quando cerchi i migliori siti di casin\u00f2 online.\" \/>\n<meta name=\"robots\" content=\"index, follow, max-snippet:-1, max-image-preview:large, max-video-preview:-1\" \/>\n<link rel=\"canonical\" href=\"https:\/\/gambling6.com\/it\/casino\/recensioni-dei-casino\/\" \/>\n<meta property=\"og:locale\" content=\"it_IT\" \/>\n<meta property=\"og:type\" content=\"article\" \/>\n<meta property=\"og:title\" content=\"Recensioni e test dei siti web di casin\u00f2 online consigliati\" \/>\n<meta property=\"og:description\" content=\"Le nostre recensioni sui siti web dei casin\u00f2 ti danno un&#039;idea di cosa cercare quando cerchi i migliori siti di casin\u00f2 online.\" \/>\n<meta property=\"og:url\" content=\"https:\/\/gambling6.com\/it\/casino\/recensioni-dei-casino\/\" \/>\n<meta property=\"og:site_name\" content=\"Gambling6\" \/>\n<meta property=\"article:modified_time\" content=\"2025-11-12T06:44:10+00:00\" \/>\n<meta property=\"og:image\" content=\"https:\/\/ic.aff-handler.com\/I\/47965?sr=1064399&amp;anid=\" \/>\n<meta name=\"twitter:card\" content=\"summary_large_image\" \/>\n<meta name=\"twitter:label1\" content=\"Tempo di lettura stimato\" \/>\n\t<meta name=\"twitter:data1\" content=\"3 minuti\" \/>\n<script type=\"application\/ld+json\" class=\"yoast-schema-graph\">{\"@context\":\"https:\\\/\\\/schema.org\",\"@graph\":[{\"@type\":\"WebPage\",\"@id\":\"https:\\\/\\\/gambling6.com\\\/it\\\/casino\\\/recensioni-dei-casino\\\/\",\"url\":\"https:\\\/\\\/gambling6.com\\\/it\\\/casino\\\/recensioni-dei-casino\\\/\",\"name\":\"Recensioni e test dei siti web di casin\u00f2 online consigliati\",\"isPartOf\":{\"@id\":\"https:\\\/\\\/gambling6.com\\\/it\\\/#website\"},\"primaryImageOfPage\":{\"@id\":\"https:\\\/\\\/gambling6.com\\\/it\\\/casino\\\/recensioni-dei-casino\\\/#primaryimage\"},\"image\":{\"@id\":\"https:\\\/\\\/gambling6.com\\\/it\\\/casino\\\/recensioni-dei-casino\\\/#primaryimage\"},\"thumbnailUrl\":\"https:\\\/\\\/ic.aff-handler.com\\\/I\\\/47965?sr=1064399&amp;anid=\",\"datePublished\":\"2025-11-07T12:13:35+00:00\",\"dateModified\":\"2025-11-12T06:44:10+00:00\",\"description\":\"Le nostre recensioni sui siti web dei casin\u00f2 ti danno un'idea di cosa cercare quando cerchi i migliori siti di casin\u00f2 online.\",\"breadcrumb\":{\"@id\":\"https:\\\/\\\/gambling6.com\\\/it\\\/casino\\\/recensioni-dei-casino\\\/#breadcrumb\"},\"inLanguage\":\"it-IT\",\"potentialAction\":[{\"@type\":\"ReadAction\",\"target\":[\"https:\\\/\\\/gambling6.com\\\/it\\\/casino\\\/recensioni-dei-casino\\\/\"]}]},{\"@type\":\"ImageObject\",\"inLanguage\":\"it-IT\",\"@id\":\"https:\\\/\\\/gambling6.com\\\/it\\\/casino\\\/recensioni-dei-casino\\\/#primaryimage\",\"url\":\"https:\\\/\\\/ic.aff-handler.com\\\/I\\\/47965?sr=1064399&amp;anid=\",\"contentUrl\":\"https:\\\/\\\/ic.aff-handler.com\\\/I\\\/47965?sr=1064399&amp;anid=\"},{\"@type\":\"BreadcrumbList\",\"@id\":\"https:\\\/\\\/gambling6.com\\\/it\\\/casino\\\/recensioni-dei-casino\\\/#breadcrumb\",\"itemListElement\":[{\"@type\":\"ListItem\",\"position\":1,\"name\":\"Home\",\"item\":\"https:\\\/\\\/gambling6.com\\\/it\\\/home\\\/\"},{\"@type\":\"ListItem\",\"position\":2,\"name\":\"Casin\u00f2\",\"item\":\"https:\\\/\\\/gambling6.com\\\/it\\\/casino\\\/\"},{\"@type\":\"ListItem\",\"position\":3,\"name\":\"Recensioni dei casin\u00f2\"}]},{\"@type\":\"WebSite\",\"@id\":\"https:\\\/\\\/gambling6.com\\\/it\\\/#website\",\"url\":\"https:\\\/\\\/gambling6.com\\\/it\\\/\",\"name\":\"Gambling6\",\"description\":\"\",\"potentialAction\":[{\"@type\":\"SearchAction\",\"target\":{\"@type\":\"EntryPoint\",\"urlTemplate\":\"https:\\\/\\\/gambling6.com\\\/it\\\/?s={search_term_string}\"},\"query-input\":{\"@type\":\"PropertyValueSpecification\",\"valueRequired\":true,\"valueName\":\"search_term_string\"}}],\"inLanguage\":\"it-IT\"}]}<\/script>\n<!-- \/ Yoast SEO plugin. -->","yoast_head_json":{"title":"Recensioni e test dei siti web di casin\u00f2 online consigliati","description":"Le nostre recensioni sui siti web dei casin\u00f2 ti danno un'idea di cosa cercare quando cerchi i migliori siti di casin\u00f2 online.","robots":{"index":"index","follow":"follow","max-snippet":"max-snippet:-1","max-image-preview":"max-image-preview:large","max-video-preview":"max-video-preview:-1"},"canonical":"https:\/\/gambling6.com\/it\/casino\/recensioni-dei-casino\/","og_locale":"it_IT","og_type":"article","og_title":"Recensioni e test dei siti web di casin\u00f2 online consigliati","og_description":"Le nostre recensioni sui siti web dei casin\u00f2 ti danno un'idea di cosa cercare quando cerchi i migliori siti di casin\u00f2 online.","og_url":"https:\/\/gambling6.com\/it\/casino\/recensioni-dei-casino\/","og_site_name":"Gambling6","article_modified_time":"2025-11-12T06:44:10+00:00","og_image":[{"url":"https:\/\/ic.aff-handler.com\/I\/47965?sr=1064399&amp;anid=","type":"","width":"","height":""}],"twitter_card":"summary_large_image","twitter_misc":{"Tempo di lettura stimato":"3 minuti"},"schema":{"@context":"https:\/\/schema.org","@graph":[{"@type":"WebPage","@id":"https:\/\/gambling6.com\/it\/casino\/recensioni-dei-casino\/","url":"https:\/\/gambling6.com\/it\/casino\/recensioni-dei-casino\/","name":"Recensioni e test dei siti web di casin\u00f2 online consigliati","isPartOf":{"@id":"https:\/\/gambling6.com\/it\/#website"},"primaryImageOfPage":{"@id":"https:\/\/gambling6.com\/it\/casino\/recensioni-dei-casino\/#primaryimage"},"image":{"@id":"https:\/\/gambling6.com\/it\/casino\/recensioni-dei-casino\/#primaryimage"},"thumbnailUrl":"https:\/\/ic.aff-handler.com\/I\/47965?sr=1064399&amp;anid=","datePublished":"2025-11-07T12:13:35+00:00","dateModified":"2025-11-12T06:44:10+00:00","description":"Le nostre recensioni sui siti web dei casin\u00f2 ti danno un'idea di cosa cercare quando cerchi i migliori siti di casin\u00f2 online.","breadcrumb":{"@id":"https:\/\/gambling6.com\/it\/casino\/recensioni-dei-casino\/#breadcrumb"},"inLanguage":"it-IT","potentialAction":[{"@type":"ReadAction","target":["https:\/\/gambling6.com\/it\/casino\/recensioni-dei-casino\/"]}]},{"@type":"ImageObject","inLanguage":"it-IT","@id":"https:\/\/gambling6.com\/it\/casino\/recensioni-dei-casino\/#primaryimage","url":"https:\/\/ic.aff-handler.com\/I\/47965?sr=1064399&amp;anid=","contentUrl":"https:\/\/ic.aff-handler.com\/I\/47965?sr=1064399&amp;anid="},{"@type":"BreadcrumbList","@id":"https:\/\/gambling6.com\/it\/casino\/recensioni-dei-casino\/#breadcrumb","itemListElement":[{"@type":"ListItem","position":1,"name":"Home","item":"https:\/\/gambling6.com\/it\/home\/"},{"@type":"ListItem","position":2,"name":"Casin\u00f2","item":"https:\/\/gambling6.com\/it\/casino\/"},{"@type":"ListItem","position":3,"name":"Recensioni dei casin\u00f2"}]},{"@type":"WebSite","@id":"https:\/\/gambling6.com\/it\/#website","url":"https:\/\/gambling6.com\/it\/","name":"Gambling6","description":"","potentialAction":[{"@type":"SearchAction","target":{"@type":"EntryPoint","urlTemplate":"https:\/\/gambling6.com\/it\/?s={search_term_string}"},"query-input":{"@type":"PropertyValueSpecification","valueRequired":true,"valueName":"search_term_string"}}],"inLanguage":"it-IT"}]}},"_links":{"self":[{"href":"https:\/\/gambling6.com\/it\/wp-json\/wp\/v2\/pages\/8352","targetHints":{"allow":["GET"]}}],"collection":[{"href":"https:\/\/gambling6.com\/it\/wp-json\/wp\/v2\/pages"}],"about":[{"href":"https:\/\/gambling6.com\/it\/wp-json\/wp\/v2\/types\/page"}],"author":[{"embeddable":true,"href":"https:\/\/gambling6.com\/it\/wp-json\/wp\/v2\/users\/1"}],"replies":[{"embeddable":true,"href":"https:\/\/gambling6.com\/it\/wp-json\/wp\/v2\/comments?post=8352"}],"version-history":[{"count":1,"href":"https:\/\/gambling6.com\/it\/wp-json\/wp\/v2\/pages\/8352\/revisions"}],"predecessor-version":[{"id":10373,"href":"https:\/\/gambling6.com\/it\/wp-json\/wp\/v2\/pages\/8352\/revisions\/10373"}],"up":[{"embeddable":true,"href":"https:\/\/gambling6.com\/it\/wp-json\/wp\/v2\/pages\/8312"}],"wp:attachment":[{"href":"https:\/\/gambling6.com\/it\/wp-json\/wp\/v2\/media?parent=8352"}],"curies":[{"name":"wp","href":"https:\/\/api.w.org\/{rel}","templated":true}]}}