{"id":8376,"date":"2025-11-07T13:26:46","date_gmt":"2025-11-07T13:26:46","guid":{"rendered":"https:\/\/gambling6.com\/casino\/casino-online-vs-casino-terrestri\/"},"modified":"2025-11-07T13:26:46","modified_gmt":"2025-11-07T13:26:46","slug":"casino-online-vs-casino-terrestri","status":"publish","type":"page","link":"https:\/\/gambling6.com\/it\/casino\/casino-online-vs-casino-terrestri\/","title":{"rendered":"Casin\u00f2 online vs casin\u00f2 terrestri"},"content":{"rendered":"<h2>Casin\u00f2 live o online<\/h2>\n<h3>Ogni tipologia ha qualcosa che piace ai giocatori<\/h3>\n<p><img loading=\"lazy\" decoding=\"async\" class=\" wp-image-332 alignright\" src=\"https:\/\/gambling6.com\/wp-content\/uploads\/2013\/12\/phil_ivey-247x300.jpg\" alt=\"casin\u00f2 live\" width=\"175\" height=\"213\" srcset=\"https:\/\/gambling6.com\/wp-content\/uploads\/2013\/12\/phil_ivey-247x300.jpg 247w, https:\/\/gambling6.com\/wp-content\/uploads\/2013\/12\/phil_ivey.jpg 250w\" sizes=\"auto, (max-width: 175px) 100vw, 175px\" \/>I giocatori di casin\u00f2 dovrebbero giocare ai loro giochi preferiti in un modo che si senta a proprio agio e che si adatti alla loro personalit\u00e0. Alcuni giocatori preferiranno sempre giocare nei casin\u00f2 tradizionali perch\u00e9 ne apprezzano l&#8217;atmosfera. Amano interagire con gli altri giocatori, la folla e il rumore.<\/p>\n<p>Tuttavia, altri giocatori di casin\u00f2 preferiscono l&#8217;idea di giocare in un ambiente tranquillo e rilassante, dove hanno il pieno controllo. Questi giocatori tendono a preferire i casin\u00f2 online. Indipendentemente da come un giocatore voglia divertirsi, c&#8217;\u00e8 sempre qualcosa di adatto, che si tratti di casin\u00f2 tradizionali o online. Ecco le differenze significative tra i casin\u00f2 online e quelli terrestri:<\/p>\n<ul>\n<li>Ovviamente, i casin\u00f2 online e quelli terrestri si trovano in contesti completamente diversi. Un casin\u00f2 terrestre \u00e8 un luogo in cui i giocatori possono sentirsi parte integrante del gioco. I casin\u00f2 online si giocano su Internet, il che significa che i giocatori possono giocare ai giochi che desiderano da qualsiasi luogo. Questo luogo pu\u00f2 essere la propria casa, il proprio ufficio o qualsiasi altro luogo, purch\u00e9 sia \u200b\u200bpossibile connettersi a Internet.<\/li>\n<li>I casin\u00f2 terrestri dispongono di club per giocatori che consentono loro di guadagnare premi. I premi variano a seconda del casin\u00f2. Anche i siti di gioco d&#8217;azzardo online hanno la loro versione di questi club, denominati programmi VIP. Tuttavia, molti giocatori di casin\u00f2 scoprono che i casin\u00f2 online tendono ad essere pi\u00f9 generosi perch\u00e9 non hanno le stesse spese generali dei casin\u00f2 tradizionali.<\/li>\n<li>Sebbene i casin\u00f2 tradizionali offrano ai giocatori la possibilit\u00e0 di giocare praticamente a qualsiasi gioco desiderino, ci saranno comunque momenti in cui non vorranno attraversare l&#8217;intero casin\u00f2 per passare da un gioco all&#8217;altro. Ci saranno anche momenti in cui vorranno giocare a un gioco in particolare, ma non ci sar\u00e0 un posto disponibile. Tuttavia, i casin\u00f2 online permettono ai giocatori di giocare ai giochi che desiderano in qualsiasi momento, senza dover camminare o aspettare per un posto.<\/li>\n<li>I casin\u00f2 tradizionali possono essere intimidatori per i nuovi giocatori e spesso non dispongono di risorse gratuite che possano aiutarli a imparare i giochi e le varie strategie. I casin\u00f2 online permettono ai giocatori di giocare in un ambiente che li faccia sentire meno intimiditi e offrono una vasta gamma di contenuti gratuiti per guidarli attraverso i vari aspetti del gioco online.<\/li>\n<\/ul>\n<p>Chiunque pensi che i casin\u00f2 online possano fare al caso suo, vorr\u00e0 iniziare imparando tutto il possibile sui casin\u00f2 gestiti da Microgaming. Il migliore tra questi \u00e8 senza dubbio 888 Casino, che potete visitare cliccando sul banner qui sotto.<br \/>\n<a href=\"https:\/\/ic.aff-handler.com\/C\/45871?sr=1064399&amp;anid=\" rel=\"nofollow\"><img loading=\"lazy\" decoding=\"async\" class=\"aligncenter\" src=\"https:\/\/ic.aff-handler.com\/I\/45871?sr=1064399&amp;anid=\" width=\"725\" height=\"93\" \/><\/a><br \/>\nSe risiedi negli Stati Uniti, la tua scelta migliore sarebbe BetOnline per i giochi da casin\u00f2 in generale o per il poker online. <img loading=\"lazy\" decoding=\"async\" class=\" wp-image-7875 aligncenter\" src=\"https:\/\/gambling6.com\/wp-content\/uploads\/2025\/10\/BOL_AQC_banner_468x60_FS1_casino-300x38.gif\" alt=\"Casin\u00f2 BetOnline\" width=\"694\" height=\"88\" \/><\/p>\n","protected":false},"excerpt":{"rendered":"<p>Casin\u00f2 live o online Ogni tipologia ha qualcosa che piace ai giocatori I giocatori di casin\u00f2 dovrebbero giocare ai loro giochi preferiti in un modo che si senta a proprio agio e che si adatti alla loro personalit\u00e0. Alcuni giocatori preferiranno sempre giocare nei casin\u00f2 tradizionali perch\u00e9 ne apprezzano l&#8217;atmosfera. Amano interagire con gli altri [&hellip;]<\/p>\n","protected":false},"author":1,"featured_media":0,"parent":8312,"menu_order":28,"comment_status":"closed","ping_status":"closed","template":"","meta":{"footnotes":""},"class_list":["post-8376","page","type-page","status-publish","hentry"],"yoast_head":"<!-- This site is optimized with the Yoast SEO plugin v27.3 - https:\/\/yoast.com\/product\/yoast-seo-wordpress\/ -->\n<title>Confronto tra casin\u00f2 terrestri e online<\/title>\n<meta name=\"description\" content=\"Sia i casin\u00f2 online che quelli terrestri offrono ai giocatori momenti piacevoli e numerose opportunit\u00e0.\" \/>\n<meta name=\"robots\" content=\"index, follow, max-snippet:-1, max-image-preview:large, max-video-preview:-1\" \/>\n<link rel=\"canonical\" href=\"https:\/\/gambling6.com\/it\/casino\/casino-online-vs-casino-terrestri\/\" \/>\n<meta property=\"og:locale\" content=\"it_IT\" \/>\n<meta property=\"og:type\" content=\"article\" \/>\n<meta property=\"og:title\" content=\"Confronto tra casin\u00f2 terrestri e online\" \/>\n<meta property=\"og:description\" content=\"Sia i casin\u00f2 online che quelli terrestri offrono ai giocatori momenti piacevoli e numerose opportunit\u00e0.\" \/>\n<meta property=\"og:url\" content=\"https:\/\/gambling6.com\/it\/casino\/casino-online-vs-casino-terrestri\/\" \/>\n<meta property=\"og:site_name\" content=\"Gambling6\" \/>\n<meta property=\"og:image\" content=\"https:\/\/gambling6.com\/wp-content\/uploads\/2013\/12\/phil_ivey.jpg\" \/>\n\t<meta property=\"og:image:width\" content=\"250\" \/>\n\t<meta property=\"og:image:height\" content=\"304\" \/>\n\t<meta property=\"og:image:type\" content=\"image\/jpeg\" \/>\n<meta name=\"twitter:card\" content=\"summary_large_image\" \/>\n<meta name=\"twitter:label1\" content=\"Tempo di lettura stimato\" \/>\n\t<meta name=\"twitter:data1\" content=\"2 minuti\" \/>\n<script type=\"application\/ld+json\" class=\"yoast-schema-graph\">{\"@context\":\"https:\\\/\\\/schema.org\",\"@graph\":[{\"@type\":\"WebPage\",\"@id\":\"https:\\\/\\\/gambling6.com\\\/it\\\/casino\\\/casino-online-vs-casino-terrestri\\\/\",\"url\":\"https:\\\/\\\/gambling6.com\\\/it\\\/casino\\\/casino-online-vs-casino-terrestri\\\/\",\"name\":\"Confronto tra casin\u00f2 terrestri e online\",\"isPartOf\":{\"@id\":\"https:\\\/\\\/gambling6.com\\\/it\\\/#website\"},\"primaryImageOfPage\":{\"@id\":\"https:\\\/\\\/gambling6.com\\\/it\\\/casino\\\/casino-online-vs-casino-terrestri\\\/#primaryimage\"},\"image\":{\"@id\":\"https:\\\/\\\/gambling6.com\\\/it\\\/casino\\\/casino-online-vs-casino-terrestri\\\/#primaryimage\"},\"thumbnailUrl\":\"https:\\\/\\\/gambling6.com\\\/wp-content\\\/uploads\\\/2013\\\/12\\\/phil_ivey-247x300.jpg\",\"datePublished\":\"2025-11-07T13:26:46+00:00\",\"description\":\"Sia i casin\u00f2 online che quelli terrestri offrono ai giocatori momenti piacevoli e numerose opportunit\u00e0.\",\"breadcrumb\":{\"@id\":\"https:\\\/\\\/gambling6.com\\\/it\\\/casino\\\/casino-online-vs-casino-terrestri\\\/#breadcrumb\"},\"inLanguage\":\"it-IT\",\"potentialAction\":[{\"@type\":\"ReadAction\",\"target\":[\"https:\\\/\\\/gambling6.com\\\/it\\\/casino\\\/casino-online-vs-casino-terrestri\\\/\"]}]},{\"@type\":\"ImageObject\",\"inLanguage\":\"it-IT\",\"@id\":\"https:\\\/\\\/gambling6.com\\\/it\\\/casino\\\/casino-online-vs-casino-terrestri\\\/#primaryimage\",\"url\":\"https:\\\/\\\/gambling6.com\\\/wp-content\\\/uploads\\\/2013\\\/12\\\/phil_ivey-247x300.jpg\",\"contentUrl\":\"https:\\\/\\\/gambling6.com\\\/wp-content\\\/uploads\\\/2013\\\/12\\\/phil_ivey-247x300.jpg\"},{\"@type\":\"BreadcrumbList\",\"@id\":\"https:\\\/\\\/gambling6.com\\\/it\\\/casino\\\/casino-online-vs-casino-terrestri\\\/#breadcrumb\",\"itemListElement\":[{\"@type\":\"ListItem\",\"position\":1,\"name\":\"Home\",\"item\":\"https:\\\/\\\/gambling6.com\\\/it\\\/home\\\/\"},{\"@type\":\"ListItem\",\"position\":2,\"name\":\"Casin\u00f2\",\"item\":\"https:\\\/\\\/gambling6.com\\\/it\\\/casino\\\/\"},{\"@type\":\"ListItem\",\"position\":3,\"name\":\"Casin\u00f2 online vs casin\u00f2 terrestri\"}]},{\"@type\":\"WebSite\",\"@id\":\"https:\\\/\\\/gambling6.com\\\/it\\\/#website\",\"url\":\"https:\\\/\\\/gambling6.com\\\/it\\\/\",\"name\":\"Gambling6\",\"description\":\"\",\"potentialAction\":[{\"@type\":\"SearchAction\",\"target\":{\"@type\":\"EntryPoint\",\"urlTemplate\":\"https:\\\/\\\/gambling6.com\\\/it\\\/?s={search_term_string}\"},\"query-input\":{\"@type\":\"PropertyValueSpecification\",\"valueRequired\":true,\"valueName\":\"search_term_string\"}}],\"inLanguage\":\"it-IT\"}]}<\/script>\n<!-- \/ Yoast SEO plugin. -->","yoast_head_json":{"title":"Confronto tra casin\u00f2 terrestri e online","description":"Sia i casin\u00f2 online che quelli terrestri offrono ai giocatori momenti piacevoli e numerose opportunit\u00e0.","robots":{"index":"index","follow":"follow","max-snippet":"max-snippet:-1","max-image-preview":"max-image-preview:large","max-video-preview":"max-video-preview:-1"},"canonical":"https:\/\/gambling6.com\/it\/casino\/casino-online-vs-casino-terrestri\/","og_locale":"it_IT","og_type":"article","og_title":"Confronto tra casin\u00f2 terrestri e online","og_description":"Sia i casin\u00f2 online che quelli terrestri offrono ai giocatori momenti piacevoli e numerose opportunit\u00e0.","og_url":"https:\/\/gambling6.com\/it\/casino\/casino-online-vs-casino-terrestri\/","og_site_name":"Gambling6","og_image":[{"width":250,"height":304,"url":"https:\/\/gambling6.com\/wp-content\/uploads\/2013\/12\/phil_ivey.jpg","type":"image\/jpeg"}],"twitter_card":"summary_large_image","twitter_misc":{"Tempo di lettura stimato":"2 minuti"},"schema":{"@context":"https:\/\/schema.org","@graph":[{"@type":"WebPage","@id":"https:\/\/gambling6.com\/it\/casino\/casino-online-vs-casino-terrestri\/","url":"https:\/\/gambling6.com\/it\/casino\/casino-online-vs-casino-terrestri\/","name":"Confronto tra casin\u00f2 terrestri e online","isPartOf":{"@id":"https:\/\/gambling6.com\/it\/#website"},"primaryImageOfPage":{"@id":"https:\/\/gambling6.com\/it\/casino\/casino-online-vs-casino-terrestri\/#primaryimage"},"image":{"@id":"https:\/\/gambling6.com\/it\/casino\/casino-online-vs-casino-terrestri\/#primaryimage"},"thumbnailUrl":"https:\/\/gambling6.com\/wp-content\/uploads\/2013\/12\/phil_ivey-247x300.jpg","datePublished":"2025-11-07T13:26:46+00:00","description":"Sia i casin\u00f2 online che quelli terrestri offrono ai giocatori momenti piacevoli e numerose opportunit\u00e0.","breadcrumb":{"@id":"https:\/\/gambling6.com\/it\/casino\/casino-online-vs-casino-terrestri\/#breadcrumb"},"inLanguage":"it-IT","potentialAction":[{"@type":"ReadAction","target":["https:\/\/gambling6.com\/it\/casino\/casino-online-vs-casino-terrestri\/"]}]},{"@type":"ImageObject","inLanguage":"it-IT","@id":"https:\/\/gambling6.com\/it\/casino\/casino-online-vs-casino-terrestri\/#primaryimage","url":"https:\/\/gambling6.com\/wp-content\/uploads\/2013\/12\/phil_ivey-247x300.jpg","contentUrl":"https:\/\/gambling6.com\/wp-content\/uploads\/2013\/12\/phil_ivey-247x300.jpg"},{"@type":"BreadcrumbList","@id":"https:\/\/gambling6.com\/it\/casino\/casino-online-vs-casino-terrestri\/#breadcrumb","itemListElement":[{"@type":"ListItem","position":1,"name":"Home","item":"https:\/\/gambling6.com\/it\/home\/"},{"@type":"ListItem","position":2,"name":"Casin\u00f2","item":"https:\/\/gambling6.com\/it\/casino\/"},{"@type":"ListItem","position":3,"name":"Casin\u00f2 online vs casin\u00f2 terrestri"}]},{"@type":"WebSite","@id":"https:\/\/gambling6.com\/it\/#website","url":"https:\/\/gambling6.com\/it\/","name":"Gambling6","description":"","potentialAction":[{"@type":"SearchAction","target":{"@type":"EntryPoint","urlTemplate":"https:\/\/gambling6.com\/it\/?s={search_term_string}"},"query-input":{"@type":"PropertyValueSpecification","valueRequired":true,"valueName":"search_term_string"}}],"inLanguage":"it-IT"}]}},"_links":{"self":[{"href":"https:\/\/gambling6.com\/it\/wp-json\/wp\/v2\/pages\/8376","targetHints":{"allow":["GET"]}}],"collection":[{"href":"https:\/\/gambling6.com\/it\/wp-json\/wp\/v2\/pages"}],"about":[{"href":"https:\/\/gambling6.com\/it\/wp-json\/wp\/v2\/types\/page"}],"author":[{"embeddable":true,"href":"https:\/\/gambling6.com\/it\/wp-json\/wp\/v2\/users\/1"}],"replies":[{"embeddable":true,"href":"https:\/\/gambling6.com\/it\/wp-json\/wp\/v2\/comments?post=8376"}],"version-history":[{"count":0,"href":"https:\/\/gambling6.com\/it\/wp-json\/wp\/v2\/pages\/8376\/revisions"}],"up":[{"embeddable":true,"href":"https:\/\/gambling6.com\/it\/wp-json\/wp\/v2\/pages\/8312"}],"wp:attachment":[{"href":"https:\/\/gambling6.com\/it\/wp-json\/wp\/v2\/media?parent=8376"}],"curies":[{"name":"wp","href":"https:\/\/api.w.org\/{rel}","templated":true}]}}