{"id":8400,"date":"2025-11-07T16:13:07","date_gmt":"2025-11-07T16:13:07","guid":{"rendered":"https:\/\/gambling6.com\/casino\/cinque-motivi-principali-per-iscriversi-a-un-casino-online\/"},"modified":"2025-11-12T08:39:15","modified_gmt":"2025-11-12T08:39:15","slug":"cinque-motivi-principali-per-iscriversi-a-un-casino-online","status":"publish","type":"page","link":"https:\/\/gambling6.com\/it\/casino\/cinque-motivi-principali-per-iscriversi-a-un-casino-online\/","title":{"rendered":"Cinque motivi principali per iscriversi a un casin\u00f2 online"},"content":{"rendered":"<h2>Perch\u00e9 dovresti iscriverti a un casin\u00f2 online<\/h2>\n<h2>Molti motivi rendono i casin\u00f2 online cos\u00ec fantastici<\/h2>\n<p><img loading=\"lazy\" decoding=\"async\" class=\"size-medium wp-image-318 alignright\" src=\"https:\/\/gambling6.com\/wp-content\/uploads\/2013\/12\/classic-casino-games-300x179.jpg\" alt=\"casin\u00f2 online\" width=\"300\" height=\"179\" srcset=\"https:\/\/gambling6.com\/wp-content\/uploads\/2013\/12\/classic-casino-games-300x179.jpg 300w, https:\/\/gambling6.com\/wp-content\/uploads\/2013\/12\/classic-casino-games.jpg 612w\" sizes=\"auto, (max-width: 300px) 100vw, 300px\" \/>Ogni giocatore di casin\u00f2 online ha le sue ragioni personali per giocare ai giochi da casin\u00f2 su Internet. Tuttavia, alcune ragioni sono pi\u00f9 popolari. Quando i giocatori decidono di giocare online, vedranno che un mondo completamente nuovo si aprir\u00e0 davanti ai loro occhi. I casin\u00f2 online sono disponibili in molti stili diversi, quindi i giocatori possono cercare fino a trovare quello pi\u00f9 adatto a loro.<\/p>\n<p>Con il nostro casin\u00f2 online preferito, 888, non puoi sbagliare. <a class=\"thirstylink\" title=\"888 casino en\" href=\"https:\/\/gambling6.com\/go\/888-casino-en\/\" target=\"_blank\" rel=\"nofollow noopener\">Questo link ti porter\u00e0 al loro sito web e ti garantir\u00e0 un bel bonus fino a 1500 \u20ac.<\/a><\/p>\n<h2>Ecco cinque dei motivi principali per cui la maggior parte dei giocatori si iscrive a un casin\u00f2 online:<\/h2>\n<ol>\n<li>Uno dei motivi principali per iscriversi a un casin\u00f2 online sono i bonus. Esistono molti tipi di bonus nei casin\u00f2 online e ogni casin\u00f2 consente ai propri giocatori di usufruire di quelli che ritiene pi\u00f9 appropriati. Tuttavia, alcuni bonus possono valere molto e offrire ai giocatori la possibilit\u00e0 di ottenere centinaia o addirittura migliaia di dollari gratuitamente. Alcuni dei bonus pi\u00f9 comuni nei casin\u00f2 online sono bonus di benvenuto, bonus di ricarica, bonus di gioco e bonus di referral. I giocatori vogliono leggere i requisiti del bonus in modo da sapere come rimanere idonei e cosa devono fare esattamente per ottenerlo.<\/li>\n<li>Un altro motivo principale per cui molti giocatori si iscrivono ai casin\u00f2 online \u00e8 il numero di giochi a cui possono giocare in un unico posto. Quando i giocatori vanno in uno dei casin\u00f2 online pi\u00f9 popolari, possono passare da un gioco all&#8217;altro senza mai alzarsi dal loro posto. Non dovranno preoccuparsi di aspettare che si liberi un posto o di tutti gli altri problemi che derivano dal giocare nei casin\u00f2 tradizionali. I giochi sono facilmente disponibili e sempre disponibili, a condizione che il giocatore abbia scelto uno dei casin\u00f2 pi\u00f9 popolari.<\/li>\n<li>Un altro motivo per cui molti giocatori si rivolgono ai casin\u00f2 online \u00e8 finanziario. I giocatori che trascorrono del tempo nei casin\u00f2 online non devono pagare spese come benzina, biglietti, alloggi in hotel, pasti fuori o qualsiasi altra spesa che affrontano quando pianificano un viaggio nei casin\u00f2 tradizionali. Questo significa che i giocatori avranno pi\u00f9 soldi da investire nei giochi, il che \u00e8 sempre un vantaggio.<\/li>\n<li>Alcuni giocatori conducono vite frenetiche e impegnate. Ci\u00f2 significa che potrebbero trovare molto difficile anche solo raggiungere i casin\u00f2 tradizionali. Tuttavia, i casin\u00f2 online sono sempre a loro disposizione. Anche se possono accedere solo per pochi minuti durante il giorno, potranno almeno giocare un po&#8217; iscrivendosi a un casin\u00f2 online.<\/li>\n<li>Un altro vantaggio indiscutibile del giocare nei casin\u00f2 online \u00e8 che i giocatori hanno il controllo totale sulla propria esperienza di gioco. Possono scegliere il casin\u00f2, i bonus, le promozioni e i giochi, e possono personalizzare molti aspetti dei diversi giochi del casin\u00f2 online.<\/li>\n<\/ol>\n<p>Chiunque cerchi un buon casin\u00f2 online che renda tutto sicuro e semplice vorr\u00e0 leggere le recensioni e trovarne uno che utilizzi un software affidabile, offra un&#8217;assistenza eccellente e offra molti giochi.<\/p>\n","protected":false},"excerpt":{"rendered":"<p>Perch\u00e9 dovresti iscriverti a un casin\u00f2 online Molti motivi rendono i casin\u00f2 online cos\u00ec fantastici Ogni giocatore di casin\u00f2 online ha le sue ragioni personali per giocare ai giochi da casin\u00f2 su Internet. Tuttavia, alcune ragioni sono pi\u00f9 popolari. Quando i giocatori decidono di giocare online, vedranno che un mondo completamente nuovo si aprir\u00e0 davanti [&hellip;]<\/p>\n","protected":false},"author":1,"featured_media":0,"parent":8312,"menu_order":30,"comment_status":"closed","ping_status":"closed","template":"","meta":{"footnotes":""},"class_list":["post-8400","page","type-page","status-publish","hentry"],"yoast_head":"<!-- This site is optimized with the Yoast SEO plugin v27.5 - https:\/\/yoast.com\/product\/yoast-seo-wordpress\/ -->\n<title>Motivi per iscriversi a un casin\u00f2 online<\/title>\n<meta name=\"description\" content=\"I casin\u00f2 online hanno molto da offrire ai giocatori che vogliono divertirsi e avere tante possibilit\u00e0 di vincere.\" \/>\n<meta name=\"robots\" content=\"index, follow, max-snippet:-1, max-image-preview:large, max-video-preview:-1\" \/>\n<link rel=\"canonical\" href=\"https:\/\/gambling6.com\/it\/casino\/cinque-motivi-principali-per-iscriversi-a-un-casino-online\/\" \/>\n<meta property=\"og:locale\" content=\"it_IT\" \/>\n<meta property=\"og:type\" content=\"article\" \/>\n<meta property=\"og:title\" content=\"Motivi per iscriversi a un casin\u00f2 online\" \/>\n<meta property=\"og:description\" content=\"I casin\u00f2 online hanno molto da offrire ai giocatori che vogliono divertirsi e avere tante possibilit\u00e0 di vincere.\" \/>\n<meta property=\"og:url\" content=\"https:\/\/gambling6.com\/it\/casino\/cinque-motivi-principali-per-iscriversi-a-un-casino-online\/\" \/>\n<meta property=\"og:site_name\" content=\"Gambling6\" \/>\n<meta property=\"article:modified_time\" content=\"2025-11-12T08:39:15+00:00\" \/>\n<meta property=\"og:image\" content=\"https:\/\/gambling6.com\/wp-content\/uploads\/2013\/12\/classic-casino-games.jpg\" \/>\n\t<meta property=\"og:image:width\" content=\"612\" \/>\n\t<meta property=\"og:image:height\" content=\"366\" \/>\n\t<meta property=\"og:image:type\" content=\"image\/jpeg\" \/>\n<meta name=\"twitter:card\" content=\"summary_large_image\" \/>\n<meta name=\"twitter:label1\" content=\"Tempo di lettura stimato\" \/>\n\t<meta name=\"twitter:data1\" content=\"3 minuti\" \/>\n<script type=\"application\/ld+json\" class=\"yoast-schema-graph\">{\"@context\":\"https:\\\/\\\/schema.org\",\"@graph\":[{\"@type\":\"WebPage\",\"@id\":\"https:\\\/\\\/gambling6.com\\\/it\\\/casino\\\/cinque-motivi-principali-per-iscriversi-a-un-casino-online\\\/\",\"url\":\"https:\\\/\\\/gambling6.com\\\/it\\\/casino\\\/cinque-motivi-principali-per-iscriversi-a-un-casino-online\\\/\",\"name\":\"Motivi per iscriversi a un casin\u00f2 online\",\"isPartOf\":{\"@id\":\"https:\\\/\\\/gambling6.com\\\/it\\\/#website\"},\"primaryImageOfPage\":{\"@id\":\"https:\\\/\\\/gambling6.com\\\/it\\\/casino\\\/cinque-motivi-principali-per-iscriversi-a-un-casino-online\\\/#primaryimage\"},\"image\":{\"@id\":\"https:\\\/\\\/gambling6.com\\\/it\\\/casino\\\/cinque-motivi-principali-per-iscriversi-a-un-casino-online\\\/#primaryimage\"},\"thumbnailUrl\":\"https:\\\/\\\/gambling6.com\\\/wp-content\\\/uploads\\\/2013\\\/12\\\/classic-casino-games-300x179.jpg\",\"datePublished\":\"2025-11-07T16:13:07+00:00\",\"dateModified\":\"2025-11-12T08:39:15+00:00\",\"description\":\"I casin\u00f2 online hanno molto da offrire ai giocatori che vogliono divertirsi e avere tante possibilit\u00e0 di vincere.\",\"breadcrumb\":{\"@id\":\"https:\\\/\\\/gambling6.com\\\/it\\\/casino\\\/cinque-motivi-principali-per-iscriversi-a-un-casino-online\\\/#breadcrumb\"},\"inLanguage\":\"it-IT\",\"potentialAction\":[{\"@type\":\"ReadAction\",\"target\":[\"https:\\\/\\\/gambling6.com\\\/it\\\/casino\\\/cinque-motivi-principali-per-iscriversi-a-un-casino-online\\\/\"]}]},{\"@type\":\"ImageObject\",\"inLanguage\":\"it-IT\",\"@id\":\"https:\\\/\\\/gambling6.com\\\/it\\\/casino\\\/cinque-motivi-principali-per-iscriversi-a-un-casino-online\\\/#primaryimage\",\"url\":\"https:\\\/\\\/gambling6.com\\\/wp-content\\\/uploads\\\/2013\\\/12\\\/classic-casino-games-300x179.jpg\",\"contentUrl\":\"https:\\\/\\\/gambling6.com\\\/wp-content\\\/uploads\\\/2013\\\/12\\\/classic-casino-games-300x179.jpg\"},{\"@type\":\"BreadcrumbList\",\"@id\":\"https:\\\/\\\/gambling6.com\\\/it\\\/casino\\\/cinque-motivi-principali-per-iscriversi-a-un-casino-online\\\/#breadcrumb\",\"itemListElement\":[{\"@type\":\"ListItem\",\"position\":1,\"name\":\"Home\",\"item\":\"https:\\\/\\\/gambling6.com\\\/it\\\/home\\\/\"},{\"@type\":\"ListItem\",\"position\":2,\"name\":\"Casin\u00f2\",\"item\":\"https:\\\/\\\/gambling6.com\\\/it\\\/casino\\\/\"},{\"@type\":\"ListItem\",\"position\":3,\"name\":\"Cinque motivi principali per iscriversi a un casin\u00f2 online\"}]},{\"@type\":\"WebSite\",\"@id\":\"https:\\\/\\\/gambling6.com\\\/it\\\/#website\",\"url\":\"https:\\\/\\\/gambling6.com\\\/it\\\/\",\"name\":\"Gambling6\",\"description\":\"\",\"potentialAction\":[{\"@type\":\"SearchAction\",\"target\":{\"@type\":\"EntryPoint\",\"urlTemplate\":\"https:\\\/\\\/gambling6.com\\\/it\\\/?s={search_term_string}\"},\"query-input\":{\"@type\":\"PropertyValueSpecification\",\"valueRequired\":true,\"valueName\":\"search_term_string\"}}],\"inLanguage\":\"it-IT\"}]}<\/script>\n<!-- \/ Yoast SEO plugin. -->","yoast_head_json":{"title":"Motivi per iscriversi a un casin\u00f2 online","description":"I casin\u00f2 online hanno molto da offrire ai giocatori che vogliono divertirsi e avere tante possibilit\u00e0 di vincere.","robots":{"index":"index","follow":"follow","max-snippet":"max-snippet:-1","max-image-preview":"max-image-preview:large","max-video-preview":"max-video-preview:-1"},"canonical":"https:\/\/gambling6.com\/it\/casino\/cinque-motivi-principali-per-iscriversi-a-un-casino-online\/","og_locale":"it_IT","og_type":"article","og_title":"Motivi per iscriversi a un casin\u00f2 online","og_description":"I casin\u00f2 online hanno molto da offrire ai giocatori che vogliono divertirsi e avere tante possibilit\u00e0 di vincere.","og_url":"https:\/\/gambling6.com\/it\/casino\/cinque-motivi-principali-per-iscriversi-a-un-casino-online\/","og_site_name":"Gambling6","article_modified_time":"2025-11-12T08:39:15+00:00","og_image":[{"width":612,"height":366,"url":"https:\/\/gambling6.com\/wp-content\/uploads\/2013\/12\/classic-casino-games.jpg","type":"image\/jpeg"}],"twitter_card":"summary_large_image","twitter_misc":{"Tempo di lettura stimato":"3 minuti"},"schema":{"@context":"https:\/\/schema.org","@graph":[{"@type":"WebPage","@id":"https:\/\/gambling6.com\/it\/casino\/cinque-motivi-principali-per-iscriversi-a-un-casino-online\/","url":"https:\/\/gambling6.com\/it\/casino\/cinque-motivi-principali-per-iscriversi-a-un-casino-online\/","name":"Motivi per iscriversi a un casin\u00f2 online","isPartOf":{"@id":"https:\/\/gambling6.com\/it\/#website"},"primaryImageOfPage":{"@id":"https:\/\/gambling6.com\/it\/casino\/cinque-motivi-principali-per-iscriversi-a-un-casino-online\/#primaryimage"},"image":{"@id":"https:\/\/gambling6.com\/it\/casino\/cinque-motivi-principali-per-iscriversi-a-un-casino-online\/#primaryimage"},"thumbnailUrl":"https:\/\/gambling6.com\/wp-content\/uploads\/2013\/12\/classic-casino-games-300x179.jpg","datePublished":"2025-11-07T16:13:07+00:00","dateModified":"2025-11-12T08:39:15+00:00","description":"I casin\u00f2 online hanno molto da offrire ai giocatori che vogliono divertirsi e avere tante possibilit\u00e0 di vincere.","breadcrumb":{"@id":"https:\/\/gambling6.com\/it\/casino\/cinque-motivi-principali-per-iscriversi-a-un-casino-online\/#breadcrumb"},"inLanguage":"it-IT","potentialAction":[{"@type":"ReadAction","target":["https:\/\/gambling6.com\/it\/casino\/cinque-motivi-principali-per-iscriversi-a-un-casino-online\/"]}]},{"@type":"ImageObject","inLanguage":"it-IT","@id":"https:\/\/gambling6.com\/it\/casino\/cinque-motivi-principali-per-iscriversi-a-un-casino-online\/#primaryimage","url":"https:\/\/gambling6.com\/wp-content\/uploads\/2013\/12\/classic-casino-games-300x179.jpg","contentUrl":"https:\/\/gambling6.com\/wp-content\/uploads\/2013\/12\/classic-casino-games-300x179.jpg"},{"@type":"BreadcrumbList","@id":"https:\/\/gambling6.com\/it\/casino\/cinque-motivi-principali-per-iscriversi-a-un-casino-online\/#breadcrumb","itemListElement":[{"@type":"ListItem","position":1,"name":"Home","item":"https:\/\/gambling6.com\/it\/home\/"},{"@type":"ListItem","position":2,"name":"Casin\u00f2","item":"https:\/\/gambling6.com\/it\/casino\/"},{"@type":"ListItem","position":3,"name":"Cinque motivi principali per iscriversi a un casin\u00f2 online"}]},{"@type":"WebSite","@id":"https:\/\/gambling6.com\/it\/#website","url":"https:\/\/gambling6.com\/it\/","name":"Gambling6","description":"","potentialAction":[{"@type":"SearchAction","target":{"@type":"EntryPoint","urlTemplate":"https:\/\/gambling6.com\/it\/?s={search_term_string}"},"query-input":{"@type":"PropertyValueSpecification","valueRequired":true,"valueName":"search_term_string"}}],"inLanguage":"it-IT"}]}},"_links":{"self":[{"href":"https:\/\/gambling6.com\/it\/wp-json\/wp\/v2\/pages\/8400","targetHints":{"allow":["GET"]}}],"collection":[{"href":"https:\/\/gambling6.com\/it\/wp-json\/wp\/v2\/pages"}],"about":[{"href":"https:\/\/gambling6.com\/it\/wp-json\/wp\/v2\/types\/page"}],"author":[{"embeddable":true,"href":"https:\/\/gambling6.com\/it\/wp-json\/wp\/v2\/users\/1"}],"replies":[{"embeddable":true,"href":"https:\/\/gambling6.com\/it\/wp-json\/wp\/v2\/comments?post=8400"}],"version-history":[{"count":1,"href":"https:\/\/gambling6.com\/it\/wp-json\/wp\/v2\/pages\/8400\/revisions"}],"predecessor-version":[{"id":10415,"href":"https:\/\/gambling6.com\/it\/wp-json\/wp\/v2\/pages\/8400\/revisions\/10415"}],"up":[{"embeddable":true,"href":"https:\/\/gambling6.com\/it\/wp-json\/wp\/v2\/pages\/8312"}],"wp:attachment":[{"href":"https:\/\/gambling6.com\/it\/wp-json\/wp\/v2\/media?parent=8400"}],"curies":[{"name":"wp","href":"https:\/\/api.w.org\/{rel}","templated":true}]}}