{"id":8453,"date":"2025-11-07T17:46:30","date_gmt":"2025-11-07T17:46:30","guid":{"rendered":"https:\/\/gambling6.com\/suggerimenti-sui-migliori-siti-web-di-bingo\/"},"modified":"2025-11-12T12:06:54","modified_gmt":"2025-11-12T12:06:54","slug":"suggerimenti-sui-migliori-siti-web-di-bingo","status":"publish","type":"page","link":"https:\/\/gambling6.com\/it\/bingo\/suggerimenti-sui-migliori-siti-web-di-bingo\/","title":{"rendered":"Suggerimenti sui migliori siti web di bingo"},"content":{"rendered":"<h2>Scegliere un sito web di bingo<\/h2>\n<p>Il bingo \u00e8 un gioco emozionante che richiede molta meno abilit\u00e0 rispetto a giochi come il blackjack o il poker. Il gioco attrae molte persone per la sua semplicit\u00e0. Non richiede l&#8217;apprendimento di regole o strategie complicate. Inoltre, giocare a bingo con le cartelle \u00e8 pi\u00f9 economico. Molti siti offrono questo gioco online. \u00c8 possibile iscriversi a uno di essi e giocare anche per una somma minima. <img loading=\"lazy\" decoding=\"async\" class=\" alignright size-full wp-image-213\" style=\"margin: 5px; float: right;\" src=\"http:\/\/gambling6.com\/wp-content\/uploads\/2013\/12\/img_110.png\" alt=\"scegli il miglior sito web di bingo\" width=\"288\" height=\"175\" \/><\/p>\n<p>Con cos\u00ec tanti siti di bingo disponibili, <strong>scoprire qual \u00e8 il miglior sito web di bingo online pu\u00f2 essere una vera sfida<\/strong>. \u00c8 quindi consigliabile considerare fattori essenziali e decidere se un sito \u00e8 adatto alle proprie esigenze.<\/p>\n<ul>\n<li><strong>Reputazione ed esperienza<\/strong><\/li>\n<\/ul>\n<p>Assicurati di scegliere un sito web di bingo che sia presente nel settore da molto tempo e abbia una solida reputazione per offrire un&#8217;esperienza di gioco positiva. Puoi verificarlo leggendo le recensioni di professionisti e giocatori reali. Un sito web di bingo con molti giocatori pu\u00f2 essere affidabile, poich\u00e9 i giocatori non vogliono rimanere su un sito che non offre un&#8217;esperienza di gioco piacevole.<\/p>\n<p><a href=\"https:\/\/record.revenueplanet.com\/_BoBybWC_aAPUOsjNOfgKefwM06wa-Rwt\/1\/\" target=\"_new\"><img loading=\"lazy\" decoding=\"async\" class=\"aligncenter\" style=\"border: none;\" src=\"https:\/\/media.revenueplanet.com\/uploads\/nbb-468x60-nov-generic.gif\" alt=\"BingoBilly Bingo Gratis\" width=\"686\" height=\"88\" \/><\/a><\/p>\n<ul>\n<li><strong>Giochi offerti<\/strong><\/li>\n<\/ul>\n<p>Il sito che vuoi scegliere deve offrire un&#8217;ampia gamma di giochi. Il <strong>Bingo<\/strong> \u00e8 disponibile in varie forme. 90 palline, 80 palline, 75 palline, mini, quickie, coverall, bonanza e pattern sono alcune delle varianti pi\u00f9 popolari del gioco. Scegliere il sito che offre tutte queste varianti ti aiuta a divertirti senza annoiarti.<\/p>\n<ul>\n<li><strong>Bonus<\/strong><\/li>\n<\/ul>\n<p>Sebbene non sia consigliabile scegliere in base al bonus offerto dal sito web di gioco, il sito con il bonus pi\u00f9 alto non \u00e8 necessariamente il sito di bingo migliore per te. Funzionalit\u00e0 utili e un&#8217;ampia variet\u00e0 di giochi sono sicuramente aspetti pi\u00f9 importanti. La maggior parte dei siti di bingo offre un bonus di benvenuto. Una volta effettuato il deposito iniziale, l&#8217;importo del bonus di benvenuto verr\u00e0 depositato automaticamente sul tuo conto. Puoi utilizzare questo bonus per giocare di pi\u00f9. Assicurati di leggere i termini e le condizioni associati al bonus. Di solito, il bonus dovrebbe essere utilizzato entro un mese.<\/p>\n<ul>\n<li><strong>Metodi di deposito e prelievo<\/strong><\/li>\n<\/ul>\n<p>Il miglior sito di bingo offre diversi metodi di deposito, cos\u00ec puoi scegliere quello pi\u00f9 comodo per te. Offre anche una vasta gamma di opzioni per prelevare le tue vincite. Semplifica la creazione di un account. Puoi completare facilmente la registrazione online e i dati bancari.<\/p>\n<ul>\n<li><strong>Servizio clienti<\/strong><\/li>\n<\/ul>\n<p>Puoi verificare se il sito di gioco offre il miglior servizio clienti. Il sito migliore ha un team clienti ben preparato che risponde alle tue domande e risolve rapidamente i tuoi problemi. Che tu rimanga bloccato durante l&#8217;apertura di un conto o riscontri problemi nel prelevare le tue vincite, puoi ottenere il loro aiuto in qualsiasi momento. Offrono supporto tramite chat dal vivo, telefono ed e-mail per risolvere i tuoi problemi in modo professionale.<\/p>\n<p>Considerare tutti questi aspetti pu\u00f2 aiutarti a scegliere un fantastico sito di bingo online. Personalmente, ci piace Bingo Billy. Anche se risiedi negli Stati Uniti, puoi comunque giocare su <a class=\"thirstylink\" title=\"Bingo Billy en\" href=\"https:\/\/gambling6.com\/go\/bingobilly-en\/\" target=\"_blank\" rel=\"nofollow noopener\">Bingo Billy segui questo link al loro sito web.<\/a><\/p>\n","protected":false},"excerpt":{"rendered":"<p>Scegliere un sito web di bingo Il bingo \u00e8 un gioco emozionante che richiede molta meno abilit\u00e0 rispetto a giochi come il blackjack o il poker. Il gioco attrae molte persone per la sua semplicit\u00e0. Non richiede l&#8217;apprendimento di regole o strategie complicate. Inoltre, giocare a bingo con le cartelle \u00e8 pi\u00f9 economico. Molti siti [&hellip;]<\/p>\n","protected":false},"author":1,"featured_media":216,"parent":8510,"menu_order":5,"comment_status":"closed","ping_status":"closed","template":"","meta":{"footnotes":""},"class_list":["post-8453","page","type-page","status-publish","has-post-thumbnail","hentry"],"yoast_head":"<!-- This site is optimized with the Yoast SEO plugin v27.3 - https:\/\/yoast.com\/product\/yoast-seo-wordpress\/ -->\n<title>Suggerimenti per il bingo: quali sono i migliori siti web di bingo?<\/title>\n<meta name=\"description\" content=\"Scegliere il miglior sito di bingo \u00e8 importante, ma quale scegliere? Trova le risposte qui.\" \/>\n<meta name=\"robots\" content=\"index, follow, max-snippet:-1, max-image-preview:large, max-video-preview:-1\" \/>\n<link rel=\"canonical\" href=\"https:\/\/gambling6.com\/it\/bingo\/suggerimenti-sui-migliori-siti-web-di-bingo\/\" \/>\n<meta property=\"og:locale\" content=\"it_IT\" \/>\n<meta property=\"og:type\" content=\"article\" \/>\n<meta property=\"og:title\" content=\"Suggerimenti per il bingo: quali sono i migliori siti web di bingo?\" \/>\n<meta property=\"og:description\" content=\"Scegliere il miglior sito di bingo \u00e8 importante, ma quale scegliere? Trova le risposte qui.\" \/>\n<meta property=\"og:url\" content=\"https:\/\/gambling6.com\/it\/bingo\/suggerimenti-sui-migliori-siti-web-di-bingo\/\" \/>\n<meta property=\"og:site_name\" content=\"Gambling6\" \/>\n<meta property=\"article:modified_time\" content=\"2025-11-12T12:06:54+00:00\" \/>\n<meta property=\"og:image\" content=\"https:\/\/gambling6.com\/wp-content\/uploads\/2013\/12\/img_110.png\" \/>\n\t<meta property=\"og:image:width\" content=\"288\" \/>\n\t<meta property=\"og:image:height\" content=\"175\" \/>\n\t<meta property=\"og:image:type\" content=\"image\/png\" \/>\n<meta name=\"twitter:card\" content=\"summary_large_image\" \/>\n<meta name=\"twitter:label1\" content=\"Tempo di lettura stimato\" \/>\n\t<meta name=\"twitter:data1\" content=\"2 minuti\" \/>\n<script type=\"application\/ld+json\" class=\"yoast-schema-graph\">{\"@context\":\"https:\\\/\\\/schema.org\",\"@graph\":[{\"@type\":\"WebPage\",\"@id\":\"https:\\\/\\\/gambling6.com\\\/it\\\/bingo\\\/suggerimenti-sui-migliori-siti-web-di-bingo\\\/\",\"url\":\"https:\\\/\\\/gambling6.com\\\/it\\\/bingo\\\/suggerimenti-sui-migliori-siti-web-di-bingo\\\/\",\"name\":\"Suggerimenti per il bingo: quali sono i migliori siti web di bingo?\",\"isPartOf\":{\"@id\":\"https:\\\/\\\/gambling6.com\\\/it\\\/#website\"},\"primaryImageOfPage\":{\"@id\":\"https:\\\/\\\/gambling6.com\\\/it\\\/bingo\\\/suggerimenti-sui-migliori-siti-web-di-bingo\\\/#primaryimage\"},\"image\":{\"@id\":\"https:\\\/\\\/gambling6.com\\\/it\\\/bingo\\\/suggerimenti-sui-migliori-siti-web-di-bingo\\\/#primaryimage\"},\"thumbnailUrl\":\"https:\\\/\\\/gambling6.com\\\/wp-content\\\/uploads\\\/2013\\\/12\\\/img_110.png\",\"datePublished\":\"2025-11-07T17:46:30+00:00\",\"dateModified\":\"2025-11-12T12:06:54+00:00\",\"description\":\"Scegliere il miglior sito di bingo \u00e8 importante, ma quale scegliere? Trova le risposte qui.\",\"breadcrumb\":{\"@id\":\"https:\\\/\\\/gambling6.com\\\/it\\\/bingo\\\/suggerimenti-sui-migliori-siti-web-di-bingo\\\/#breadcrumb\"},\"inLanguage\":\"it-IT\",\"potentialAction\":[{\"@type\":\"ReadAction\",\"target\":[\"https:\\\/\\\/gambling6.com\\\/it\\\/bingo\\\/suggerimenti-sui-migliori-siti-web-di-bingo\\\/\"]}]},{\"@type\":\"ImageObject\",\"inLanguage\":\"it-IT\",\"@id\":\"https:\\\/\\\/gambling6.com\\\/it\\\/bingo\\\/suggerimenti-sui-migliori-siti-web-di-bingo\\\/#primaryimage\",\"url\":\"https:\\\/\\\/gambling6.com\\\/wp-content\\\/uploads\\\/2013\\\/12\\\/img_110.png\",\"contentUrl\":\"https:\\\/\\\/gambling6.com\\\/wp-content\\\/uploads\\\/2013\\\/12\\\/img_110.png\",\"width\":288,\"height\":175},{\"@type\":\"BreadcrumbList\",\"@id\":\"https:\\\/\\\/gambling6.com\\\/it\\\/bingo\\\/suggerimenti-sui-migliori-siti-web-di-bingo\\\/#breadcrumb\",\"itemListElement\":[{\"@type\":\"ListItem\",\"position\":1,\"name\":\"Home\",\"item\":\"https:\\\/\\\/gambling6.com\\\/it\\\/home\\\/\"},{\"@type\":\"ListItem\",\"position\":2,\"name\":\"Bingo\",\"item\":\"https:\\\/\\\/gambling6.com\\\/it\\\/all-about-bingo\\\/\"},{\"@type\":\"ListItem\",\"position\":3,\"name\":\"Suggerimenti sui migliori siti web di bingo\"}]},{\"@type\":\"WebSite\",\"@id\":\"https:\\\/\\\/gambling6.com\\\/it\\\/#website\",\"url\":\"https:\\\/\\\/gambling6.com\\\/it\\\/\",\"name\":\"Gambling6\",\"description\":\"\",\"potentialAction\":[{\"@type\":\"SearchAction\",\"target\":{\"@type\":\"EntryPoint\",\"urlTemplate\":\"https:\\\/\\\/gambling6.com\\\/it\\\/?s={search_term_string}\"},\"query-input\":{\"@type\":\"PropertyValueSpecification\",\"valueRequired\":true,\"valueName\":\"search_term_string\"}}],\"inLanguage\":\"it-IT\"}]}<\/script>\n<!-- \/ Yoast SEO plugin. -->","yoast_head_json":{"title":"Suggerimenti per il bingo: quali sono i migliori siti web di bingo?","description":"Scegliere il miglior sito di bingo \u00e8 importante, ma quale scegliere? Trova le risposte qui.","robots":{"index":"index","follow":"follow","max-snippet":"max-snippet:-1","max-image-preview":"max-image-preview:large","max-video-preview":"max-video-preview:-1"},"canonical":"https:\/\/gambling6.com\/it\/bingo\/suggerimenti-sui-migliori-siti-web-di-bingo\/","og_locale":"it_IT","og_type":"article","og_title":"Suggerimenti per il bingo: quali sono i migliori siti web di bingo?","og_description":"Scegliere il miglior sito di bingo \u00e8 importante, ma quale scegliere? Trova le risposte qui.","og_url":"https:\/\/gambling6.com\/it\/bingo\/suggerimenti-sui-migliori-siti-web-di-bingo\/","og_site_name":"Gambling6","article_modified_time":"2025-11-12T12:06:54+00:00","og_image":[{"width":288,"height":175,"url":"https:\/\/gambling6.com\/wp-content\/uploads\/2013\/12\/img_110.png","type":"image\/png"}],"twitter_card":"summary_large_image","twitter_misc":{"Tempo di lettura stimato":"2 minuti"},"schema":{"@context":"https:\/\/schema.org","@graph":[{"@type":"WebPage","@id":"https:\/\/gambling6.com\/it\/bingo\/suggerimenti-sui-migliori-siti-web-di-bingo\/","url":"https:\/\/gambling6.com\/it\/bingo\/suggerimenti-sui-migliori-siti-web-di-bingo\/","name":"Suggerimenti per il bingo: quali sono i migliori siti web di bingo?","isPartOf":{"@id":"https:\/\/gambling6.com\/it\/#website"},"primaryImageOfPage":{"@id":"https:\/\/gambling6.com\/it\/bingo\/suggerimenti-sui-migliori-siti-web-di-bingo\/#primaryimage"},"image":{"@id":"https:\/\/gambling6.com\/it\/bingo\/suggerimenti-sui-migliori-siti-web-di-bingo\/#primaryimage"},"thumbnailUrl":"https:\/\/gambling6.com\/wp-content\/uploads\/2013\/12\/img_110.png","datePublished":"2025-11-07T17:46:30+00:00","dateModified":"2025-11-12T12:06:54+00:00","description":"Scegliere il miglior sito di bingo \u00e8 importante, ma quale scegliere? Trova le risposte qui.","breadcrumb":{"@id":"https:\/\/gambling6.com\/it\/bingo\/suggerimenti-sui-migliori-siti-web-di-bingo\/#breadcrumb"},"inLanguage":"it-IT","potentialAction":[{"@type":"ReadAction","target":["https:\/\/gambling6.com\/it\/bingo\/suggerimenti-sui-migliori-siti-web-di-bingo\/"]}]},{"@type":"ImageObject","inLanguage":"it-IT","@id":"https:\/\/gambling6.com\/it\/bingo\/suggerimenti-sui-migliori-siti-web-di-bingo\/#primaryimage","url":"https:\/\/gambling6.com\/wp-content\/uploads\/2013\/12\/img_110.png","contentUrl":"https:\/\/gambling6.com\/wp-content\/uploads\/2013\/12\/img_110.png","width":288,"height":175},{"@type":"BreadcrumbList","@id":"https:\/\/gambling6.com\/it\/bingo\/suggerimenti-sui-migliori-siti-web-di-bingo\/#breadcrumb","itemListElement":[{"@type":"ListItem","position":1,"name":"Home","item":"https:\/\/gambling6.com\/it\/home\/"},{"@type":"ListItem","position":2,"name":"Bingo","item":"https:\/\/gambling6.com\/it\/all-about-bingo\/"},{"@type":"ListItem","position":3,"name":"Suggerimenti sui migliori siti web di bingo"}]},{"@type":"WebSite","@id":"https:\/\/gambling6.com\/it\/#website","url":"https:\/\/gambling6.com\/it\/","name":"Gambling6","description":"","potentialAction":[{"@type":"SearchAction","target":{"@type":"EntryPoint","urlTemplate":"https:\/\/gambling6.com\/it\/?s={search_term_string}"},"query-input":{"@type":"PropertyValueSpecification","valueRequired":true,"valueName":"search_term_string"}}],"inLanguage":"it-IT"}]}},"_links":{"self":[{"href":"https:\/\/gambling6.com\/it\/wp-json\/wp\/v2\/pages\/8453","targetHints":{"allow":["GET"]}}],"collection":[{"href":"https:\/\/gambling6.com\/it\/wp-json\/wp\/v2\/pages"}],"about":[{"href":"https:\/\/gambling6.com\/it\/wp-json\/wp\/v2\/types\/page"}],"author":[{"embeddable":true,"href":"https:\/\/gambling6.com\/it\/wp-json\/wp\/v2\/users\/1"}],"replies":[{"embeddable":true,"href":"https:\/\/gambling6.com\/it\/wp-json\/wp\/v2\/comments?post=8453"}],"version-history":[{"count":2,"href":"https:\/\/gambling6.com\/it\/wp-json\/wp\/v2\/pages\/8453\/revisions"}],"predecessor-version":[{"id":10621,"href":"https:\/\/gambling6.com\/it\/wp-json\/wp\/v2\/pages\/8453\/revisions\/10621"}],"up":[{"embeddable":true,"href":"https:\/\/gambling6.com\/it\/wp-json\/wp\/v2\/pages\/8510"}],"wp:featuredmedia":[{"embeddable":true,"href":"https:\/\/gambling6.com\/it\/wp-json\/wp\/v2\/media\/216"}],"wp:attachment":[{"href":"https:\/\/gambling6.com\/it\/wp-json\/wp\/v2\/media?parent=8453"}],"curies":[{"name":"wp","href":"https:\/\/api.w.org\/{rel}","templated":true}]}}