{"id":8580,"date":"2025-11-07T20:35:03","date_gmt":"2025-11-07T20:35:03","guid":{"rendered":"https:\/\/gambling6.com\/casino\/passare-al-mobile-il-gioco-dazzardo-in-movimento\/"},"modified":"2025-11-12T09:22:04","modified_gmt":"2025-11-12T09:22:04","slug":"passare-al-mobile-il-gioco-dazzardo-in-movimento","status":"publish","type":"page","link":"https:\/\/gambling6.com\/it\/casino\/passare-al-mobile-il-gioco-dazzardo-in-movimento\/","title":{"rendered":"Passare al mobile: il gioco d&#8217;azzardo in movimento"},"content":{"rendered":"<h2>Gioco d&#8217;azzardo online su dispositivi mobili<\/h2>\n<h3>HTML5 vs. App native: la scelta \u00e8 tua!<\/h3>\n<p>Consultando una buona directory dedicata al gioco d&#8217;azzardo, \u00e8 facile notare che ci sono molte ottime opzioni per i giocatori che desiderano divertirsi con i loro giochi preferiti su Internet. Diversi siti offrono giochi d&#8217;azzardo online sicuri in quasi tutte le categorie, con poker, casin\u00f2 e scommesse sportive in genere in cima alla lista. \u00c8 fondamentale notare che ci sono opzioni anche per i giocatori statunitensi, nonostante le normative vigenti in questo mercato, quindi gli americani non dovrebbero avere problemi a trovare un sito affidabile tramite un portale di iGambling.<\/p>\n<p><img loading=\"lazy\" decoding=\"async\" class=\" alignright size-full wp-image-400\" style=\"margin: 5px; float: right;\" src=\"http:\/\/gambling6.com\/wp-content\/uploads\/2013\/12\/mobile-gambling-150x150.jpg\" alt=\"app per il gioco d'azzardo mobile\" width=\"150\" height=\"150\" \/>Mentre l&#8217;offerta di gioco d&#8217;azzardo online continua a crescere, la tendenza sembra essere quella di puntare sul gioco mobile. Praticamente tutti i principali operatori del settore hanno, o stanno lavorando a, un&#8217;applicazione mobile che consente ai propri utenti di accedere agli stessi servizi che hanno a casa da uno smartphone. In una recente intervista, il responsabile dell&#8217;informazione di Intralot, il Dott. Christos Dimitriadis, ha affermato che il gioco d&#8217;azzardo mobile diventer\u00e0 legale in tutti i paesi dell&#8217;Unione Europea.<\/p>\n<p>Sebbene non abbia specificato quando ci\u00f2 accadr\u00e0, il fatto che gli stati debbano mantenere il controllo sul gioco d&#8217;azzardo rende il gioco d&#8217;azzardo mobile legale e rigorosamente regolamentato. Con sempre pi\u00f9 giocatori che giocano su dispositivi mobili, sia gli operatori che le autorit\u00e0 di regolamentazione di specifici mercati devono collaborare per raggiungere una soluzione ideale.<\/p>\n<h2>HTML5<\/h2>\n<p>Alcuni dei principali operatori del mercato del gioco d&#8217;azzardo online hanno gi\u00e0 adottato misure significative per migliorare la propria offerta mobile. 888 \u00e8 noto in tutto il mondo, principalmente per le sue scommesse sportive online, che coprono praticamente tutto il globo e offrono scommesse su tutti i principali sport e vari campionati. Il sito offre anche giochi da casin\u00f2, poker, bingo e altre categorie di gioco online, rendendolo uno dei nomi pi\u00f9 importanti del settore.<\/p>\n<p><a class=\"thirstylink\" title=\"888 casino en\" href=\"https:\/\/gambling6.com\/go\/888-casino-en\/\" target=\"_blank\" rel=\"nofollow noopener\"><strong>Clicca qui per visitare 888 Casino<\/strong><\/a> &#8211; crea un account giocatore gratuitamente, quindi scarica l&#8217;app mobile.<\/p>\n<p>Di recente, 888 ha modificato la sua piattaforma mobile in una versione HTML5 per renderla molto pi\u00f9 comoda per i giocatori. In pratica, lo streaming audio e video dell&#8217;operatore sar\u00e0 ora basato su HTML5, consentendo agli utenti di seguire l&#8217;azione sul dispositivo preferito senza bisogno di un plug-in Flash. Questo apre anche le porte a nuove possibilit\u00e0, poich\u00e9 gli utenti possono ora piazzare scommesse ricevendo dati in tempo reale. La versione HTML5 offre anche un&#8217;esperienza utente migliore. \u00c8 in grado di rilevare le dimensioni dello schermo del dispositivo, le capacit\u00e0 del sistema e le connessioni disponibili.<\/p>\n<p>Ci\u00f2 significa adottare le precauzioni necessarie per garantire che tutto funzioni senza intoppi, come ridurre la qualit\u00e0 o attendere prima di avviare un video per risparmiare larghezza di banda. I siti web di recensioni di giochi d&#8217;azzardo semplificano notevolmente la ricerca di un casin\u00f2 online affidabile raggruppando i siti in diverse categorie in base ai loro punti di forza. Alcuni siti tendono a concentrarsi sulle loro offerte per dispositivi mobili e i casin\u00f2 online statunitensi sono sempre un ottimo argomento di discussione.<\/p>\n<h2>App native<\/h2>\n<p>Le app native richiedono il download e l&#8217;installazione, il che significa che devono essere disponibili diverse versioni per supportare i vari sistemi operativi mobili attualmente disponibili. Sebbene siano molto comuni tra i casin\u00f2 online, stanno effettivamente perdendo terreno rispetto a HTML5. Ci sono molte ragioni per questo, la principale delle quali \u00e8 che una versione HTML5 pu\u00f2 adattarsi a tutti i dispositivi mobili e apportare autonomamente le modifiche necessarie. \u00c8 fondamentale notare che, come accennato in precedenza, 888 non abbandoner\u00e0 le sue app native, n\u00e9 smetter\u00e0 di utilizzare la tecnologia HTML4.<\/p>\n<p>Questo \u00e8 un ottimo esempio anche per altri operatori, poich\u00e9 passare a HTML5 da un giorno all&#8217;altro e abbandonare le opzioni precedenti significherebbe che alcuni utenti non avrebbero pi\u00f9 accesso alle offerte. Non tutti i giocatori dispongono della tecnologia necessaria per eseguire perfettamente la nuova generazione di software, quindi, sebbene questo sia un buon passo avanti verso un gioco d&#8217;azzardo mobile migliore, non dovrebbe influire negativamente sui clienti attuali. Le app native rimangono un ottimo modo per godersi i giochi da casin\u00f2 online su diversi dispositivi mobili. L&#8217;intero processo di avviamento di solito non richiede molto tempo, quindi, sebbene HTML5 rappresenti il \u200b\u200bprossimo grande passo per tutti gli operatori, anche le offerte ora disponibili sono davvero fantastiche.<\/p>\n","protected":false},"excerpt":{"rendered":"<p>Gioco d&#8217;azzardo online su dispositivi mobili HTML5 vs. App native: la scelta \u00e8 tua! Consultando una buona directory dedicata al gioco d&#8217;azzardo, \u00e8 facile notare che ci sono molte ottime opzioni per i giocatori che desiderano divertirsi con i loro giochi preferiti su Internet. Diversi siti offrono giochi d&#8217;azzardo online sicuri in quasi tutte le [&hellip;]<\/p>\n","protected":false},"author":1,"featured_media":403,"parent":8312,"menu_order":40,"comment_status":"closed","ping_status":"closed","template":"","meta":{"footnotes":""},"class_list":["post-8580","page","type-page","status-publish","has-post-thumbnail","hentry"],"yoast_head":"<!-- This site is optimized with the Yoast SEO plugin v27.4 - https:\/\/yoast.com\/product\/yoast-seo-wordpress\/ -->\n<title>Gioco d&#039;azzardo online su dispositivi mobili<\/title>\n<meta name=\"description\" content=\"Il gioco d&#039;azzardo su dispositivi mobili sta diventando sempre pi\u00f9 popolare e le applicazioni stanno migliorando la grafica e aggiungendo pi\u00f9 funzionalit\u00e0.\" \/>\n<meta name=\"robots\" content=\"index, follow, max-snippet:-1, max-image-preview:large, max-video-preview:-1\" \/>\n<link rel=\"canonical\" href=\"https:\/\/gambling6.com\/it\/casino\/passare-al-mobile-il-gioco-dazzardo-in-movimento\/\" \/>\n<meta property=\"og:locale\" content=\"it_IT\" \/>\n<meta property=\"og:type\" content=\"article\" \/>\n<meta property=\"og:title\" content=\"Gioco d&#039;azzardo online su dispositivi mobili\" \/>\n<meta property=\"og:description\" content=\"Il gioco d&#039;azzardo su dispositivi mobili sta diventando sempre pi\u00f9 popolare e le applicazioni stanno migliorando la grafica e aggiungendo pi\u00f9 funzionalit\u00e0.\" \/>\n<meta property=\"og:url\" content=\"https:\/\/gambling6.com\/it\/casino\/passare-al-mobile-il-gioco-dazzardo-in-movimento\/\" \/>\n<meta property=\"og:site_name\" content=\"Gambling6\" \/>\n<meta property=\"article:modified_time\" content=\"2025-11-12T09:22:04+00:00\" \/>\n<meta property=\"og:image\" content=\"https:\/\/gambling6.com\/wp-content\/uploads\/2013\/12\/mobile-gambling-150x150.jpg\" \/>\n\t<meta property=\"og:image:width\" content=\"150\" \/>\n\t<meta property=\"og:image:height\" content=\"150\" \/>\n\t<meta property=\"og:image:type\" content=\"image\/jpeg\" \/>\n<meta name=\"twitter:card\" content=\"summary_large_image\" \/>\n<meta name=\"twitter:label1\" content=\"Tempo di lettura stimato\" \/>\n\t<meta name=\"twitter:data1\" content=\"4 minuti\" \/>\n<script type=\"application\/ld+json\" class=\"yoast-schema-graph\">{\"@context\":\"https:\\\/\\\/schema.org\",\"@graph\":[{\"@type\":\"WebPage\",\"@id\":\"https:\\\/\\\/gambling6.com\\\/it\\\/casino\\\/passare-al-mobile-il-gioco-dazzardo-in-movimento\\\/\",\"url\":\"https:\\\/\\\/gambling6.com\\\/it\\\/casino\\\/passare-al-mobile-il-gioco-dazzardo-in-movimento\\\/\",\"name\":\"Gioco d'azzardo online su dispositivi mobili\",\"isPartOf\":{\"@id\":\"https:\\\/\\\/gambling6.com\\\/it\\\/#website\"},\"primaryImageOfPage\":{\"@id\":\"https:\\\/\\\/gambling6.com\\\/it\\\/casino\\\/passare-al-mobile-il-gioco-dazzardo-in-movimento\\\/#primaryimage\"},\"image\":{\"@id\":\"https:\\\/\\\/gambling6.com\\\/it\\\/casino\\\/passare-al-mobile-il-gioco-dazzardo-in-movimento\\\/#primaryimage\"},\"thumbnailUrl\":\"https:\\\/\\\/gambling6.com\\\/wp-content\\\/uploads\\\/2013\\\/12\\\/mobile-gambling-150x150.jpg\",\"datePublished\":\"2025-11-07T20:35:03+00:00\",\"dateModified\":\"2025-11-12T09:22:04+00:00\",\"description\":\"Il gioco d'azzardo su dispositivi mobili sta diventando sempre pi\u00f9 popolare e le applicazioni stanno migliorando la grafica e aggiungendo pi\u00f9 funzionalit\u00e0.\",\"breadcrumb\":{\"@id\":\"https:\\\/\\\/gambling6.com\\\/it\\\/casino\\\/passare-al-mobile-il-gioco-dazzardo-in-movimento\\\/#breadcrumb\"},\"inLanguage\":\"it-IT\",\"potentialAction\":[{\"@type\":\"ReadAction\",\"target\":[\"https:\\\/\\\/gambling6.com\\\/it\\\/casino\\\/passare-al-mobile-il-gioco-dazzardo-in-movimento\\\/\"]}]},{\"@type\":\"ImageObject\",\"inLanguage\":\"it-IT\",\"@id\":\"https:\\\/\\\/gambling6.com\\\/it\\\/casino\\\/passare-al-mobile-il-gioco-dazzardo-in-movimento\\\/#primaryimage\",\"url\":\"https:\\\/\\\/gambling6.com\\\/wp-content\\\/uploads\\\/2013\\\/12\\\/mobile-gambling-150x150.jpg\",\"contentUrl\":\"https:\\\/\\\/gambling6.com\\\/wp-content\\\/uploads\\\/2013\\\/12\\\/mobile-gambling-150x150.jpg\",\"width\":150,\"height\":150,\"caption\":\"online slotmachine\"},{\"@type\":\"BreadcrumbList\",\"@id\":\"https:\\\/\\\/gambling6.com\\\/it\\\/casino\\\/passare-al-mobile-il-gioco-dazzardo-in-movimento\\\/#breadcrumb\",\"itemListElement\":[{\"@type\":\"ListItem\",\"position\":1,\"name\":\"Home\",\"item\":\"https:\\\/\\\/gambling6.com\\\/it\\\/home\\\/\"},{\"@type\":\"ListItem\",\"position\":2,\"name\":\"Casin\u00f2\",\"item\":\"https:\\\/\\\/gambling6.com\\\/it\\\/casino\\\/\"},{\"@type\":\"ListItem\",\"position\":3,\"name\":\"Passare al mobile: il gioco d&#8217;azzardo in movimento\"}]},{\"@type\":\"WebSite\",\"@id\":\"https:\\\/\\\/gambling6.com\\\/it\\\/#website\",\"url\":\"https:\\\/\\\/gambling6.com\\\/it\\\/\",\"name\":\"Gambling6\",\"description\":\"\",\"potentialAction\":[{\"@type\":\"SearchAction\",\"target\":{\"@type\":\"EntryPoint\",\"urlTemplate\":\"https:\\\/\\\/gambling6.com\\\/it\\\/?s={search_term_string}\"},\"query-input\":{\"@type\":\"PropertyValueSpecification\",\"valueRequired\":true,\"valueName\":\"search_term_string\"}}],\"inLanguage\":\"it-IT\"}]}<\/script>\n<!-- \/ Yoast SEO plugin. -->","yoast_head_json":{"title":"Gioco d'azzardo online su dispositivi mobili","description":"Il gioco d'azzardo su dispositivi mobili sta diventando sempre pi\u00f9 popolare e le applicazioni stanno migliorando la grafica e aggiungendo pi\u00f9 funzionalit\u00e0.","robots":{"index":"index","follow":"follow","max-snippet":"max-snippet:-1","max-image-preview":"max-image-preview:large","max-video-preview":"max-video-preview:-1"},"canonical":"https:\/\/gambling6.com\/it\/casino\/passare-al-mobile-il-gioco-dazzardo-in-movimento\/","og_locale":"it_IT","og_type":"article","og_title":"Gioco d'azzardo online su dispositivi mobili","og_description":"Il gioco d'azzardo su dispositivi mobili sta diventando sempre pi\u00f9 popolare e le applicazioni stanno migliorando la grafica e aggiungendo pi\u00f9 funzionalit\u00e0.","og_url":"https:\/\/gambling6.com\/it\/casino\/passare-al-mobile-il-gioco-dazzardo-in-movimento\/","og_site_name":"Gambling6","article_modified_time":"2025-11-12T09:22:04+00:00","og_image":[{"width":150,"height":150,"url":"https:\/\/gambling6.com\/wp-content\/uploads\/2013\/12\/mobile-gambling-150x150.jpg","type":"image\/jpeg"}],"twitter_card":"summary_large_image","twitter_misc":{"Tempo di lettura stimato":"4 minuti"},"schema":{"@context":"https:\/\/schema.org","@graph":[{"@type":"WebPage","@id":"https:\/\/gambling6.com\/it\/casino\/passare-al-mobile-il-gioco-dazzardo-in-movimento\/","url":"https:\/\/gambling6.com\/it\/casino\/passare-al-mobile-il-gioco-dazzardo-in-movimento\/","name":"Gioco d'azzardo online su dispositivi mobili","isPartOf":{"@id":"https:\/\/gambling6.com\/it\/#website"},"primaryImageOfPage":{"@id":"https:\/\/gambling6.com\/it\/casino\/passare-al-mobile-il-gioco-dazzardo-in-movimento\/#primaryimage"},"image":{"@id":"https:\/\/gambling6.com\/it\/casino\/passare-al-mobile-il-gioco-dazzardo-in-movimento\/#primaryimage"},"thumbnailUrl":"https:\/\/gambling6.com\/wp-content\/uploads\/2013\/12\/mobile-gambling-150x150.jpg","datePublished":"2025-11-07T20:35:03+00:00","dateModified":"2025-11-12T09:22:04+00:00","description":"Il gioco d'azzardo su dispositivi mobili sta diventando sempre pi\u00f9 popolare e le applicazioni stanno migliorando la grafica e aggiungendo pi\u00f9 funzionalit\u00e0.","breadcrumb":{"@id":"https:\/\/gambling6.com\/it\/casino\/passare-al-mobile-il-gioco-dazzardo-in-movimento\/#breadcrumb"},"inLanguage":"it-IT","potentialAction":[{"@type":"ReadAction","target":["https:\/\/gambling6.com\/it\/casino\/passare-al-mobile-il-gioco-dazzardo-in-movimento\/"]}]},{"@type":"ImageObject","inLanguage":"it-IT","@id":"https:\/\/gambling6.com\/it\/casino\/passare-al-mobile-il-gioco-dazzardo-in-movimento\/#primaryimage","url":"https:\/\/gambling6.com\/wp-content\/uploads\/2013\/12\/mobile-gambling-150x150.jpg","contentUrl":"https:\/\/gambling6.com\/wp-content\/uploads\/2013\/12\/mobile-gambling-150x150.jpg","width":150,"height":150,"caption":"online slotmachine"},{"@type":"BreadcrumbList","@id":"https:\/\/gambling6.com\/it\/casino\/passare-al-mobile-il-gioco-dazzardo-in-movimento\/#breadcrumb","itemListElement":[{"@type":"ListItem","position":1,"name":"Home","item":"https:\/\/gambling6.com\/it\/home\/"},{"@type":"ListItem","position":2,"name":"Casin\u00f2","item":"https:\/\/gambling6.com\/it\/casino\/"},{"@type":"ListItem","position":3,"name":"Passare al mobile: il gioco d&#8217;azzardo in movimento"}]},{"@type":"WebSite","@id":"https:\/\/gambling6.com\/it\/#website","url":"https:\/\/gambling6.com\/it\/","name":"Gambling6","description":"","potentialAction":[{"@type":"SearchAction","target":{"@type":"EntryPoint","urlTemplate":"https:\/\/gambling6.com\/it\/?s={search_term_string}"},"query-input":{"@type":"PropertyValueSpecification","valueRequired":true,"valueName":"search_term_string"}}],"inLanguage":"it-IT"}]}},"_links":{"self":[{"href":"https:\/\/gambling6.com\/it\/wp-json\/wp\/v2\/pages\/8580","targetHints":{"allow":["GET"]}}],"collection":[{"href":"https:\/\/gambling6.com\/it\/wp-json\/wp\/v2\/pages"}],"about":[{"href":"https:\/\/gambling6.com\/it\/wp-json\/wp\/v2\/types\/page"}],"author":[{"embeddable":true,"href":"https:\/\/gambling6.com\/it\/wp-json\/wp\/v2\/users\/1"}],"replies":[{"embeddable":true,"href":"https:\/\/gambling6.com\/it\/wp-json\/wp\/v2\/comments?post=8580"}],"version-history":[{"count":1,"href":"https:\/\/gambling6.com\/it\/wp-json\/wp\/v2\/pages\/8580\/revisions"}],"predecessor-version":[{"id":10463,"href":"https:\/\/gambling6.com\/it\/wp-json\/wp\/v2\/pages\/8580\/revisions\/10463"}],"up":[{"embeddable":true,"href":"https:\/\/gambling6.com\/it\/wp-json\/wp\/v2\/pages\/8312"}],"wp:featuredmedia":[{"embeddable":true,"href":"https:\/\/gambling6.com\/it\/wp-json\/wp\/v2\/media\/403"}],"wp:attachment":[{"href":"https:\/\/gambling6.com\/it\/wp-json\/wp\/v2\/media?parent=8580"}],"curies":[{"name":"wp","href":"https:\/\/api.w.org\/{rel}","templated":true}]}}