{"id":8635,"date":"2025-11-07T21:49:02","date_gmt":"2025-11-07T21:49:02","guid":{"rendered":"https:\/\/gambling6.com\/giocare-sui-siti-di-poker-europei\/"},"modified":"2025-11-12T11:33:23","modified_gmt":"2025-11-12T11:33:23","slug":"giocare-sui-siti-di-poker-europei","status":"publish","type":"page","link":"https:\/\/gambling6.com\/it\/poker\/giocare-sui-siti-di-poker-europei\/","title":{"rendered":"Giocare sui siti di poker europei"},"content":{"rendered":"<p>Anche i siti europei offrono il poker.<br \/>\nNegli ultimi anni, la popolarit\u00e0 del poker ha raggiunto nuovi livelli. I paesi europei rappresentano un mercato significativo per i siti di poker online e la stretta del governo americano sul gioco d&#8217;azzardo online ha costretto gli operatori a concentrarsi in modo significativo sul mercato europeo. Sebbene il poker dal vivo sia una passione tra gli europei, il poker online sta rapidamente raggiungendo i giocatori pi\u00f9 esperti di Internet. Paesi come Regno Unito, Austria e Germania ospitano persino tour e tornei di poker internazionali.<\/p>\n<p><img loading=\"lazy\" decoding=\"async\" class=\"size-full wp-image-3075 alignright\" src=\"https:\/\/gambling6.com\/wp-content\/uploads\/2022\/04\/poker_bonusode_test_bericht.png\" alt=\"siti di poker europei\" width=\"246\" height=\"200\" \/>Il continente europeo comprende diversi paesi membri dell&#8217;Unione Europea (UE). Il poker online \u00e8 visto di buon occhio in tutta l&#8217;Unione Europea: infatti, ai siti di poker online non \u00e8 stato vietato di operare nei mercati europei. Tuttavia, ogni paese membro applica le proprie leggi in materia di gioco d&#8217;azzardo online. Pertanto, spiegare la legalit\u00e0 del poker online in Europa \u00e8 piuttosto complesso. Tutti i paesi membri dell&#8217;Unione Europea devono accettare i servizi degli altri paesi membri, ma ogni paese ha la libert\u00e0 di decidere sulla legalit\u00e0 del gioco d&#8217;azzardo online.<\/p>\n<p>Di conseguenza, alcuni membri dell&#8217;UE hanno vietato il gioco d&#8217;azzardo online, alcuni lo hanno legalizzato, mentre altri hanno adottato un approccio ambiguo. Sebbene giocare d&#8217;azzardo online sia lecito, i giocatori di poker online europei devono procedere con cautela: si consiglia di verificare le normative locali relative al gioco d&#8217;azzardo online prima di decidere di giocare. Sebbene i siti di poker online siano tassati e regolamentati dall&#8217;Unione Europea, esistono differenze nelle leggi dei singoli stati membri in materia di gioco d&#8217;azzardo online.<\/p>\n<h2>Il miglior sito di poker online per i giocatori europei<\/h2>\n<p>I giocatori di poker online europei hanno una selezione di siti di poker molto pi\u00f9 ampia rispetto ai giocatori statunitensi. Il sito che si distingue dalla massa \u00e8 888 Poker.<\/p>\n<p><span style=\"background-color: transparent;\"><strong>888 Poker<\/strong> \u00e8 un nome familiare tra i siti di poker europei. E offre persino ai nuovi giocatori un <span style=\"font-size: medium;\"><strong>bankroll gratuito di 20 \u20ac: un inizio totalmente privo di rischi per il poker con soldi veri<\/strong><\/span>! Inoltre, hai diritto a un ulteriore bonus di 300 \u20ac su un deposito successivo. <\/span><a class=\"thirstylink\" title=\"888 poker en\" href=\"https:\/\/gambling6.com\/go\/888-poker-en\/\" target=\"_blank\" rel=\"nofollow noopener\"><strong>Clicca qui per registrarti su 888 e iniziare a giocare con 20\u20ac in denaro reale gratis.<\/strong><\/a><br \/>\n<a href=\"https:\/\/ic.aff-handler.com\/C\/46138?sr=1073333&amp;anid=\" rel=\"nofollow\"><img loading=\"lazy\" decoding=\"async\" class=\"aligncenter\" src=\"https:\/\/ic.aff-handler.com\/I\/46138?sr=1073333&amp;anid=\" width=\"530\" height=\"68\" \/><\/a><\/p>\n<p>Ad esempio, il Regno Unito consente ai suoi cittadini di giocare d&#8217;azzardo online e consente anche ai siti di gioco d&#8217;azzardo stranieri di operare nel paese. I Paesi Bassi consentono ai residenti di giocare solo sui siti di poker online dotati di licenza olandese. I paesi dell&#8217;Europa orientale, d&#8217;altra parte, non erano coinvolti nella corsa al gioco d&#8217;azzardo online, ma ultimamente, grazie alla facilit\u00e0 di accesso a internet, si sono uniti alla mischia. Recentemente, \u00e8 stata presentata all&#8217;UE una proposta che chiede un sistema normativo uniforme per il gioco d&#8217;azzardo online in tutti gli Stati membri. Ci\u00f2 contribuirebbe a standardizzare e semplificare il processo di licenza in tutta Europa.<\/p>\n<p>Per quanto riguarda i giocatori sui siti di poker europei, si applicano solo le leggi fiscali. I giocatori sono tassati dai rispettivi paesi e dall&#8217;UE quando depositano su un sito di poker online con sede all&#8217;estero. Diversi paesi in Europa parlano lingue diverse. I siti di poker europei generalmente si rivolgono alla loro clientela nella lingua locale. Tuttavia, alcuni dei principali siti di poker oggi offrono i loro siti web in diverse lingue, poich\u00e9 il loro software di poker supporta pi\u00f9 lingue.<\/p>\n<p>Anche l&#8217;assistenza clienti \u00e8 fornita in diverse lingue. Oltre all&#8217;inglese, il sito di poker pu\u00f2 offrire francese, spagnolo, tedesco, olandese, danese, italiano, norvegese, portoghese, ecc. Come per le lingue, anche i siti di poker europei accettano valute diverse. Sebbene le valute principali siano il dollaro statunitense o la sterlina britannica, l&#8217;euro \u00e8 la valuta comune nell&#8217;UE. I giocatori di poker europei preferiscono utilizzare l&#8217;euro o la sterlina britannica per effettuare depositi su un sito di poker online.<\/p>\n<p>I siti di poker europei offrono generalmente diverse opzioni di deposito e prelievo per soddisfare le esigenze dei clienti di vari paesi dell&#8217;Unione Europea. I metodi di pagamento standard sui siti di poker online includono carte di debito, carte di credito, portafogli elettronici, bonifici bancari, trasferimenti bancari e assegni elettronici. Il metodo pi\u00f9 semplice e diffuso per finanziare un conto di poker online \u00e8 la carta di credito. Tuttavia, alcuni emittenti di carte di credito potrebbero non approvare le transazioni per il gioco d&#8217;azzardo online, quindi \u00e8 meglio verificare prima di optare per questo metodo.<\/p>\n<p>Molti giocatori di poker trovano conveniente finanziare i propri conti di poker online tramite portafogli elettronici. I giocatori possono aprire un conto con uno qualsiasi dei servizi di portafoglio elettronico e finanziare il conto tramite la propria banca. Il portafoglio elettronicoA sua volta, il conto pu\u00f2 essere utilizzato per effettuare depositi sul conto poker. Tra i portafogli elettronici pi\u00f9 diffusi offerti dalle aziende europee figurano Neteller, Moneybookers ed e-WalletXpress, tra gli altri. Il giocatore pu\u00f2 scegliere tra molti altri portafogli elettronici, a seconda delle proprie esigenze.<\/p>\n","protected":false},"excerpt":{"rendered":"<p>Anche i siti europei offrono il poker. Negli ultimi anni, la popolarit\u00e0 del poker ha raggiunto nuovi livelli. I paesi europei rappresentano un mercato significativo per i siti di poker online e la stretta del governo americano sul gioco d&#8217;azzardo online ha costretto gli operatori a concentrarsi in modo significativo sul mercato europeo. Sebbene il [&hellip;]<\/p>\n","protected":false},"author":1,"featured_media":0,"parent":8760,"menu_order":22,"comment_status":"closed","ping_status":"closed","template":"","meta":{"footnotes":""},"class_list":["post-8635","page","type-page","status-publish","hentry"],"yoast_head":"<!-- This site is optimized with the Yoast SEO plugin v27.5 - https:\/\/yoast.com\/product\/yoast-seo-wordpress\/ -->\n<title>I migliori siti di poker europei<\/title>\n<meta name=\"description\" content=\"I giocatori di poker europei hanno molti siti tra cui scegliere: ecco le nostre sale da poker preferite nell&#039;UE\" \/>\n<meta name=\"robots\" content=\"index, follow, max-snippet:-1, max-image-preview:large, max-video-preview:-1\" \/>\n<link rel=\"canonical\" href=\"https:\/\/gambling6.com\/it\/poker\/giocare-sui-siti-di-poker-europei\/\" \/>\n<meta property=\"og:locale\" content=\"it_IT\" \/>\n<meta property=\"og:type\" content=\"article\" \/>\n<meta property=\"og:title\" content=\"I migliori siti di poker europei\" \/>\n<meta property=\"og:description\" content=\"I giocatori di poker europei hanno molti siti tra cui scegliere: ecco le nostre sale da poker preferite nell&#039;UE\" \/>\n<meta property=\"og:url\" content=\"https:\/\/gambling6.com\/it\/poker\/giocare-sui-siti-di-poker-europei\/\" \/>\n<meta property=\"og:site_name\" content=\"Gambling6\" \/>\n<meta property=\"article:modified_time\" content=\"2025-11-12T11:33:23+00:00\" \/>\n<meta property=\"og:image\" content=\"https:\/\/gambling6.com\/wp-content\/uploads\/2022\/04\/poker_bonusode_test_bericht.png\" \/>\n\t<meta property=\"og:image:width\" content=\"246\" \/>\n\t<meta property=\"og:image:height\" content=\"200\" \/>\n\t<meta property=\"og:image:type\" content=\"image\/png\" \/>\n<meta name=\"twitter:card\" content=\"summary_large_image\" \/>\n<meta name=\"twitter:label1\" content=\"Tempo di lettura stimato\" \/>\n\t<meta name=\"twitter:data1\" content=\"4 minuti\" \/>\n<script type=\"application\/ld+json\" class=\"yoast-schema-graph\">{\"@context\":\"https:\\\/\\\/schema.org\",\"@graph\":[{\"@type\":\"WebPage\",\"@id\":\"https:\\\/\\\/gambling6.com\\\/it\\\/poker\\\/giocare-sui-siti-di-poker-europei\\\/\",\"url\":\"https:\\\/\\\/gambling6.com\\\/it\\\/poker\\\/giocare-sui-siti-di-poker-europei\\\/\",\"name\":\"I migliori siti di poker europei\",\"isPartOf\":{\"@id\":\"https:\\\/\\\/gambling6.com\\\/it\\\/#website\"},\"primaryImageOfPage\":{\"@id\":\"https:\\\/\\\/gambling6.com\\\/it\\\/poker\\\/giocare-sui-siti-di-poker-europei\\\/#primaryimage\"},\"image\":{\"@id\":\"https:\\\/\\\/gambling6.com\\\/it\\\/poker\\\/giocare-sui-siti-di-poker-europei\\\/#primaryimage\"},\"thumbnailUrl\":\"https:\\\/\\\/gambling6.com\\\/wp-content\\\/uploads\\\/2022\\\/04\\\/poker_bonusode_test_bericht.png\",\"datePublished\":\"2025-11-07T21:49:02+00:00\",\"dateModified\":\"2025-11-12T11:33:23+00:00\",\"description\":\"I giocatori di poker europei hanno molti siti tra cui scegliere: ecco le nostre sale da poker preferite nell'UE\",\"breadcrumb\":{\"@id\":\"https:\\\/\\\/gambling6.com\\\/it\\\/poker\\\/giocare-sui-siti-di-poker-europei\\\/#breadcrumb\"},\"inLanguage\":\"it-IT\",\"potentialAction\":[{\"@type\":\"ReadAction\",\"target\":[\"https:\\\/\\\/gambling6.com\\\/it\\\/poker\\\/giocare-sui-siti-di-poker-europei\\\/\"]}]},{\"@type\":\"ImageObject\",\"inLanguage\":\"it-IT\",\"@id\":\"https:\\\/\\\/gambling6.com\\\/it\\\/poker\\\/giocare-sui-siti-di-poker-europei\\\/#primaryimage\",\"url\":\"https:\\\/\\\/gambling6.com\\\/wp-content\\\/uploads\\\/2022\\\/04\\\/poker_bonusode_test_bericht.png\",\"contentUrl\":\"https:\\\/\\\/gambling6.com\\\/wp-content\\\/uploads\\\/2022\\\/04\\\/poker_bonusode_test_bericht.png\"},{\"@type\":\"BreadcrumbList\",\"@id\":\"https:\\\/\\\/gambling6.com\\\/it\\\/poker\\\/giocare-sui-siti-di-poker-europei\\\/#breadcrumb\",\"itemListElement\":[{\"@type\":\"ListItem\",\"position\":1,\"name\":\"Home\",\"item\":\"https:\\\/\\\/gambling6.com\\\/it\\\/home\\\/\"},{\"@type\":\"ListItem\",\"position\":2,\"name\":\"Poker\",\"item\":\"https:\\\/\\\/gambling6.com\\\/it\\\/poker\\\/\"},{\"@type\":\"ListItem\",\"position\":3,\"name\":\"Giocare sui siti di poker europei\"}]},{\"@type\":\"WebSite\",\"@id\":\"https:\\\/\\\/gambling6.com\\\/it\\\/#website\",\"url\":\"https:\\\/\\\/gambling6.com\\\/it\\\/\",\"name\":\"Gambling6\",\"description\":\"\",\"potentialAction\":[{\"@type\":\"SearchAction\",\"target\":{\"@type\":\"EntryPoint\",\"urlTemplate\":\"https:\\\/\\\/gambling6.com\\\/it\\\/?s={search_term_string}\"},\"query-input\":{\"@type\":\"PropertyValueSpecification\",\"valueRequired\":true,\"valueName\":\"search_term_string\"}}],\"inLanguage\":\"it-IT\"}]}<\/script>\n<!-- \/ Yoast SEO plugin. -->","yoast_head_json":{"title":"I migliori siti di poker europei","description":"I giocatori di poker europei hanno molti siti tra cui scegliere: ecco le nostre sale da poker preferite nell'UE","robots":{"index":"index","follow":"follow","max-snippet":"max-snippet:-1","max-image-preview":"max-image-preview:large","max-video-preview":"max-video-preview:-1"},"canonical":"https:\/\/gambling6.com\/it\/poker\/giocare-sui-siti-di-poker-europei\/","og_locale":"it_IT","og_type":"article","og_title":"I migliori siti di poker europei","og_description":"I giocatori di poker europei hanno molti siti tra cui scegliere: ecco le nostre sale da poker preferite nell'UE","og_url":"https:\/\/gambling6.com\/it\/poker\/giocare-sui-siti-di-poker-europei\/","og_site_name":"Gambling6","article_modified_time":"2025-11-12T11:33:23+00:00","og_image":[{"width":246,"height":200,"url":"https:\/\/gambling6.com\/wp-content\/uploads\/2022\/04\/poker_bonusode_test_bericht.png","type":"image\/png"}],"twitter_card":"summary_large_image","twitter_misc":{"Tempo di lettura stimato":"4 minuti"},"schema":{"@context":"https:\/\/schema.org","@graph":[{"@type":"WebPage","@id":"https:\/\/gambling6.com\/it\/poker\/giocare-sui-siti-di-poker-europei\/","url":"https:\/\/gambling6.com\/it\/poker\/giocare-sui-siti-di-poker-europei\/","name":"I migliori siti di poker europei","isPartOf":{"@id":"https:\/\/gambling6.com\/it\/#website"},"primaryImageOfPage":{"@id":"https:\/\/gambling6.com\/it\/poker\/giocare-sui-siti-di-poker-europei\/#primaryimage"},"image":{"@id":"https:\/\/gambling6.com\/it\/poker\/giocare-sui-siti-di-poker-europei\/#primaryimage"},"thumbnailUrl":"https:\/\/gambling6.com\/wp-content\/uploads\/2022\/04\/poker_bonusode_test_bericht.png","datePublished":"2025-11-07T21:49:02+00:00","dateModified":"2025-11-12T11:33:23+00:00","description":"I giocatori di poker europei hanno molti siti tra cui scegliere: ecco le nostre sale da poker preferite nell'UE","breadcrumb":{"@id":"https:\/\/gambling6.com\/it\/poker\/giocare-sui-siti-di-poker-europei\/#breadcrumb"},"inLanguage":"it-IT","potentialAction":[{"@type":"ReadAction","target":["https:\/\/gambling6.com\/it\/poker\/giocare-sui-siti-di-poker-europei\/"]}]},{"@type":"ImageObject","inLanguage":"it-IT","@id":"https:\/\/gambling6.com\/it\/poker\/giocare-sui-siti-di-poker-europei\/#primaryimage","url":"https:\/\/gambling6.com\/wp-content\/uploads\/2022\/04\/poker_bonusode_test_bericht.png","contentUrl":"https:\/\/gambling6.com\/wp-content\/uploads\/2022\/04\/poker_bonusode_test_bericht.png"},{"@type":"BreadcrumbList","@id":"https:\/\/gambling6.com\/it\/poker\/giocare-sui-siti-di-poker-europei\/#breadcrumb","itemListElement":[{"@type":"ListItem","position":1,"name":"Home","item":"https:\/\/gambling6.com\/it\/home\/"},{"@type":"ListItem","position":2,"name":"Poker","item":"https:\/\/gambling6.com\/it\/poker\/"},{"@type":"ListItem","position":3,"name":"Giocare sui siti di poker europei"}]},{"@type":"WebSite","@id":"https:\/\/gambling6.com\/it\/#website","url":"https:\/\/gambling6.com\/it\/","name":"Gambling6","description":"","potentialAction":[{"@type":"SearchAction","target":{"@type":"EntryPoint","urlTemplate":"https:\/\/gambling6.com\/it\/?s={search_term_string}"},"query-input":{"@type":"PropertyValueSpecification","valueRequired":true,"valueName":"search_term_string"}}],"inLanguage":"it-IT"}]}},"_links":{"self":[{"href":"https:\/\/gambling6.com\/it\/wp-json\/wp\/v2\/pages\/8635","targetHints":{"allow":["GET"]}}],"collection":[{"href":"https:\/\/gambling6.com\/it\/wp-json\/wp\/v2\/pages"}],"about":[{"href":"https:\/\/gambling6.com\/it\/wp-json\/wp\/v2\/types\/page"}],"author":[{"embeddable":true,"href":"https:\/\/gambling6.com\/it\/wp-json\/wp\/v2\/users\/1"}],"replies":[{"embeddable":true,"href":"https:\/\/gambling6.com\/it\/wp-json\/wp\/v2\/comments?post=8635"}],"version-history":[{"count":2,"href":"https:\/\/gambling6.com\/it\/wp-json\/wp\/v2\/pages\/8635\/revisions"}],"predecessor-version":[{"id":10580,"href":"https:\/\/gambling6.com\/it\/wp-json\/wp\/v2\/pages\/8635\/revisions\/10580"}],"up":[{"embeddable":true,"href":"https:\/\/gambling6.com\/it\/wp-json\/wp\/v2\/pages\/8760"}],"wp:attachment":[{"href":"https:\/\/gambling6.com\/it\/wp-json\/wp\/v2\/media?parent=8635"}],"curies":[{"name":"wp","href":"https:\/\/api.w.org\/{rel}","templated":true}]}}