{"id":8710,"date":"2025-11-07T23:02:34","date_gmt":"2025-11-07T23:02:34","guid":{"rendered":"https:\/\/gambling6.com\/gratta-e-vinci\/"},"modified":"2025-11-07T23:02:34","modified_gmt":"2025-11-07T23:02:34","slug":"gratta-e-vinci","status":"publish","type":"page","link":"https:\/\/gambling6.com\/it\/gratta-e-vinci\/","title":{"rendered":"Gratta e vinci"},"content":{"rendered":"<p>Se ti piace l&#8217;emozione di giocare ai Gratta e Vinci o ad altri giochi a vincita immediata, <strong>apprezzerai i nostri consigli sui siti web per giocare ai Gratta e Vinci online.<\/strong> Ci sono molte opzioni per giocare ai Gratta e Vinci su Internet. Tutti questi siti offrono bonus di iscrizione e una buona selezione di prodotti. Puoi registrarti, scegliere un metodo di pagamento, ricaricare il tuo account e iniziare a giocare in pochi minuti.<img loading=\"lazy\" decoding=\"async\" class=\" alignright wp-image-511\" style=\"margin: 10px; border: 5px solid #ffffff; float: right;\" src=\"http:\/\/gambling6.com\/wp-content\/uploads\/2013\/12\/best_online_scratchcards.jpg\" alt=\"migliori gratta e vinci online\" width=\"299\" height=\"163\" srcset=\"https:\/\/gambling6.com\/wp-content\/uploads\/2013\/12\/best_online_scratchcards.jpg 446w, https:\/\/gambling6.com\/wp-content\/uploads\/2013\/12\/best_online_scratchcards-300x163.jpg 300w\" sizes=\"auto, (max-width: 299px) 100vw, 299px\" \/><\/p>\n<h2>I siti di gratta e vinci online offrono animazioni fantastiche<\/h2>\n<p>A differenza dei giochi a cui si gioca con le cartelle del proprio rivenditore di lotterie preferito, le versioni online dei gratta e vinci offrono animazioni emozionanti che creano un&#8217;atmosfera divertente. L&#8217;emozione della vincita e la scarica di adrenalina che si prova nel vedere i premi apparire sullo schermo sono ci\u00f2 che spinge i giocatori a tornare sui siti di gratta e vinci online. Questi siti hanno aggiunto supporti visivi per aumentare la suspense e l&#8217;eccitazione.<\/p>\n<h2>I gratta e vinci Instant Win di 888 Casino sono progettati per i giocatori europei e del Regno Unito<\/h2>\n<p>888 Casino \u00e8 noto a livello internazionale come un casin\u00f2 di livello mondiale, ma \u00e8 anche una forza da non sottovalutare nel settore dei gratta e vinci online. <a class=\"thirstylink\" title=\"888 casino it\" href=\"https:\/\/gambling6.com\/go\/888-casino-it\/\" target=\"_blank\" rel=\"nofollow noopener\">Puoi visitare la sezione gratta e vinci cliccando qui.<\/a><\/p>\n<p>Cosa troverai esattamente nei giochi gratta e vinci online di 888 Casino? Soprattutto, i giocatori adoreranno il numero di cartelle offerte. Puoi giocare a oltre 40 giochi diversi e, se ti stanchi dei gratta e vinci, puoi passare rapidamente alle centinaia di slot machine online con jackpot progressivi e una gamma di giochi per tutti i giocatori. Molte di queste slot machine iniziano come slot da un centesimo con vincite fantastiche.<\/p>\n<p>Questo sito offre un&#8217;ampia gamma di giochi da casin\u00f2, ma anche poker e scommesse sportive.<\/p>\n<p>L&#8217;entusiasmo di 888 Casino \u00e8 alimentato dal team di supporto, che si occupa di creare un ambiente che ti fa tornare. Sono sempre alla ricerca di nuovi modi per offrirti nuovi giochi e nuove possibilit\u00e0 di vincita, tenendoti aggiornato in ogni fase del percorso.<\/p>\n<p>Unisci enormi jackpot a tantissimi titoli di gioco e aggiungi un team di livello mondiale che lavora giorno e notte per offrirti nuovi programmi per intrattenerti, e otterrai un delizioso mix di divertimento con i gratta e vinci. Assicurati di unirti all&#8217;azione dei gratta e vinci su 888 Casino.<\/p>\n","protected":false},"excerpt":{"rendered":"<p>Se ti piace l&#8217;emozione di giocare ai Gratta e Vinci o ad altri giochi a vincita immediata, apprezzerai i nostri consigli sui siti web per giocare ai Gratta e Vinci online. Ci sono molte opzioni per giocare ai Gratta e Vinci su Internet. Tutti questi siti offrono bonus di iscrizione e una buona selezione di [&hellip;]<\/p>\n","protected":false},"author":1,"featured_media":514,"parent":0,"menu_order":7,"comment_status":"closed","ping_status":"closed","template":"","meta":{"footnotes":""},"class_list":["post-8710","page","type-page","status-publish","has-post-thumbnail","hentry"],"yoast_head":"<!-- This site is optimized with the Yoast SEO plugin v27.4 - https:\/\/yoast.com\/product\/yoast-seo-wordpress\/ -->\n<title>Quali sono i migliori siti di gratta e vinci online?<\/title>\n<meta name=\"description\" content=\"Inizia a giocare sul miglior sito web per gratta e vinci online. Decine di gratta e vinci disponibili con un&#039;ampia gamma di premi.\" \/>\n<meta name=\"robots\" content=\"index, follow, max-snippet:-1, max-image-preview:large, max-video-preview:-1\" \/>\n<link rel=\"canonical\" href=\"https:\/\/gambling6.com\/it\/gratta-e-vinci\/\" \/>\n<meta property=\"og:locale\" content=\"it_IT\" \/>\n<meta property=\"og:type\" content=\"article\" \/>\n<meta property=\"og:title\" content=\"Quali sono i migliori siti di gratta e vinci online?\" \/>\n<meta property=\"og:description\" content=\"Inizia a giocare sul miglior sito web per gratta e vinci online. Decine di gratta e vinci disponibili con un&#039;ampia gamma di premi.\" \/>\n<meta property=\"og:url\" content=\"https:\/\/gambling6.com\/it\/gratta-e-vinci\/\" \/>\n<meta property=\"og:site_name\" content=\"Gambling6\" \/>\n<meta property=\"og:image\" content=\"https:\/\/gambling6.com\/wp-content\/uploads\/2013\/12\/best_online_scratchcards.jpg\" \/>\n\t<meta property=\"og:image:width\" content=\"446\" \/>\n\t<meta property=\"og:image:height\" content=\"243\" \/>\n\t<meta property=\"og:image:type\" content=\"image\/jpeg\" \/>\n<meta name=\"twitter:card\" content=\"summary_large_image\" \/>\n<meta name=\"twitter:label1\" content=\"Tempo di lettura stimato\" \/>\n\t<meta name=\"twitter:data1\" content=\"2 minuti\" \/>\n<script type=\"application\/ld+json\" class=\"yoast-schema-graph\">{\"@context\":\"https:\\\/\\\/schema.org\",\"@graph\":[{\"@type\":\"WebPage\",\"@id\":\"https:\\\/\\\/gambling6.com\\\/it\\\/gratta-e-vinci\\\/\",\"url\":\"https:\\\/\\\/gambling6.com\\\/it\\\/gratta-e-vinci\\\/\",\"name\":\"Quali sono i migliori siti di gratta e vinci online?\",\"isPartOf\":{\"@id\":\"https:\\\/\\\/gambling6.com\\\/it\\\/#website\"},\"primaryImageOfPage\":{\"@id\":\"https:\\\/\\\/gambling6.com\\\/it\\\/gratta-e-vinci\\\/#primaryimage\"},\"image\":{\"@id\":\"https:\\\/\\\/gambling6.com\\\/it\\\/gratta-e-vinci\\\/#primaryimage\"},\"thumbnailUrl\":\"https:\\\/\\\/gambling6.com\\\/wp-content\\\/uploads\\\/2013\\\/12\\\/best_online_scratchcards.jpg\",\"datePublished\":\"2025-11-07T23:02:34+00:00\",\"description\":\"Inizia a giocare sul miglior sito web per gratta e vinci online. Decine di gratta e vinci disponibili con un'ampia gamma di premi.\",\"breadcrumb\":{\"@id\":\"https:\\\/\\\/gambling6.com\\\/it\\\/gratta-e-vinci\\\/#breadcrumb\"},\"inLanguage\":\"it-IT\",\"potentialAction\":[{\"@type\":\"ReadAction\",\"target\":[\"https:\\\/\\\/gambling6.com\\\/it\\\/gratta-e-vinci\\\/\"]}]},{\"@type\":\"ImageObject\",\"inLanguage\":\"it-IT\",\"@id\":\"https:\\\/\\\/gambling6.com\\\/it\\\/gratta-e-vinci\\\/#primaryimage\",\"url\":\"https:\\\/\\\/gambling6.com\\\/wp-content\\\/uploads\\\/2013\\\/12\\\/best_online_scratchcards.jpg\",\"contentUrl\":\"https:\\\/\\\/gambling6.com\\\/wp-content\\\/uploads\\\/2013\\\/12\\\/best_online_scratchcards.jpg\",\"width\":446,\"height\":243},{\"@type\":\"BreadcrumbList\",\"@id\":\"https:\\\/\\\/gambling6.com\\\/it\\\/gratta-e-vinci\\\/#breadcrumb\",\"itemListElement\":[{\"@type\":\"ListItem\",\"position\":1,\"name\":\"Home\",\"item\":\"https:\\\/\\\/gambling6.com\\\/it\\\/home\\\/\"},{\"@type\":\"ListItem\",\"position\":2,\"name\":\"Gratta e vinci\"}]},{\"@type\":\"WebSite\",\"@id\":\"https:\\\/\\\/gambling6.com\\\/it\\\/#website\",\"url\":\"https:\\\/\\\/gambling6.com\\\/it\\\/\",\"name\":\"Gambling6\",\"description\":\"\",\"potentialAction\":[{\"@type\":\"SearchAction\",\"target\":{\"@type\":\"EntryPoint\",\"urlTemplate\":\"https:\\\/\\\/gambling6.com\\\/it\\\/?s={search_term_string}\"},\"query-input\":{\"@type\":\"PropertyValueSpecification\",\"valueRequired\":true,\"valueName\":\"search_term_string\"}}],\"inLanguage\":\"it-IT\"}]}<\/script>\n<!-- \/ Yoast SEO plugin. -->","yoast_head_json":{"title":"Quali sono i migliori siti di gratta e vinci online?","description":"Inizia a giocare sul miglior sito web per gratta e vinci online. Decine di gratta e vinci disponibili con un'ampia gamma di premi.","robots":{"index":"index","follow":"follow","max-snippet":"max-snippet:-1","max-image-preview":"max-image-preview:large","max-video-preview":"max-video-preview:-1"},"canonical":"https:\/\/gambling6.com\/it\/gratta-e-vinci\/","og_locale":"it_IT","og_type":"article","og_title":"Quali sono i migliori siti di gratta e vinci online?","og_description":"Inizia a giocare sul miglior sito web per gratta e vinci online. Decine di gratta e vinci disponibili con un'ampia gamma di premi.","og_url":"https:\/\/gambling6.com\/it\/gratta-e-vinci\/","og_site_name":"Gambling6","og_image":[{"width":446,"height":243,"url":"https:\/\/gambling6.com\/wp-content\/uploads\/2013\/12\/best_online_scratchcards.jpg","type":"image\/jpeg"}],"twitter_card":"summary_large_image","twitter_misc":{"Tempo di lettura stimato":"2 minuti"},"schema":{"@context":"https:\/\/schema.org","@graph":[{"@type":"WebPage","@id":"https:\/\/gambling6.com\/it\/gratta-e-vinci\/","url":"https:\/\/gambling6.com\/it\/gratta-e-vinci\/","name":"Quali sono i migliori siti di gratta e vinci online?","isPartOf":{"@id":"https:\/\/gambling6.com\/it\/#website"},"primaryImageOfPage":{"@id":"https:\/\/gambling6.com\/it\/gratta-e-vinci\/#primaryimage"},"image":{"@id":"https:\/\/gambling6.com\/it\/gratta-e-vinci\/#primaryimage"},"thumbnailUrl":"https:\/\/gambling6.com\/wp-content\/uploads\/2013\/12\/best_online_scratchcards.jpg","datePublished":"2025-11-07T23:02:34+00:00","description":"Inizia a giocare sul miglior sito web per gratta e vinci online. Decine di gratta e vinci disponibili con un'ampia gamma di premi.","breadcrumb":{"@id":"https:\/\/gambling6.com\/it\/gratta-e-vinci\/#breadcrumb"},"inLanguage":"it-IT","potentialAction":[{"@type":"ReadAction","target":["https:\/\/gambling6.com\/it\/gratta-e-vinci\/"]}]},{"@type":"ImageObject","inLanguage":"it-IT","@id":"https:\/\/gambling6.com\/it\/gratta-e-vinci\/#primaryimage","url":"https:\/\/gambling6.com\/wp-content\/uploads\/2013\/12\/best_online_scratchcards.jpg","contentUrl":"https:\/\/gambling6.com\/wp-content\/uploads\/2013\/12\/best_online_scratchcards.jpg","width":446,"height":243},{"@type":"BreadcrumbList","@id":"https:\/\/gambling6.com\/it\/gratta-e-vinci\/#breadcrumb","itemListElement":[{"@type":"ListItem","position":1,"name":"Home","item":"https:\/\/gambling6.com\/it\/home\/"},{"@type":"ListItem","position":2,"name":"Gratta e vinci"}]},{"@type":"WebSite","@id":"https:\/\/gambling6.com\/it\/#website","url":"https:\/\/gambling6.com\/it\/","name":"Gambling6","description":"","potentialAction":[{"@type":"SearchAction","target":{"@type":"EntryPoint","urlTemplate":"https:\/\/gambling6.com\/it\/?s={search_term_string}"},"query-input":{"@type":"PropertyValueSpecification","valueRequired":true,"valueName":"search_term_string"}}],"inLanguage":"it-IT"}]}},"_links":{"self":[{"href":"https:\/\/gambling6.com\/it\/wp-json\/wp\/v2\/pages\/8710","targetHints":{"allow":["GET"]}}],"collection":[{"href":"https:\/\/gambling6.com\/it\/wp-json\/wp\/v2\/pages"}],"about":[{"href":"https:\/\/gambling6.com\/it\/wp-json\/wp\/v2\/types\/page"}],"author":[{"embeddable":true,"href":"https:\/\/gambling6.com\/it\/wp-json\/wp\/v2\/users\/1"}],"replies":[{"embeddable":true,"href":"https:\/\/gambling6.com\/it\/wp-json\/wp\/v2\/comments?post=8710"}],"version-history":[{"count":0,"href":"https:\/\/gambling6.com\/it\/wp-json\/wp\/v2\/pages\/8710\/revisions"}],"wp:featuredmedia":[{"embeddable":true,"href":"https:\/\/gambling6.com\/it\/wp-json\/wp\/v2\/media\/514"}],"wp:attachment":[{"href":"https:\/\/gambling6.com\/it\/wp-json\/wp\/v2\/media?parent=8710"}],"curies":[{"name":"wp","href":"https:\/\/api.w.org\/{rel}","templated":true}]}}