{"id":8760,"date":"2025-11-07T23:49:02","date_gmt":"2025-11-07T23:49:02","guid":{"rendered":"https:\/\/gambling6.com\/poker\/"},"modified":"2025-11-12T11:19:48","modified_gmt":"2025-11-12T11:19:48","slug":"poker","status":"publish","type":"page","link":"https:\/\/gambling6.com\/it\/poker\/","title":{"rendered":"Poker"},"content":{"rendered":"<h2 style=\"text-align: left;\"><img loading=\"lazy\" decoding=\"async\" class=\" wp-image-3009 alignright\" src=\"https:\/\/gambling6.com\/wp-content\/uploads\/2022\/04\/pokertournament-300x209.jpg\" alt=\"inizia a giocare a poker\" width=\"266\" height=\"185\" srcset=\"https:\/\/gambling6.com\/wp-content\/uploads\/2022\/04\/pokertournament-300x209.jpg 300w, https:\/\/gambling6.com\/wp-content\/uploads\/2022\/04\/pokertournament.jpg 415w\" sizes=\"auto, (max-width: 266px) 100vw, 266px\" \/>Inizia con il poker online<\/h2>\n<p>Se vuoi iniziare a giocare a poker online, ci sono un paio di cose che devi sapere. Il poker \u00e8 un gioco di abilit\u00e0. Ora, non stiamo dicendo che non ci sia fortuna in gioco &#8211; anzi, c&#8217;\u00e8 &#8211; ma la verit\u00e0 \u00e8 che se vuoi fare soldi, c&#8217;\u00e8 sicuramente una curva di apprendimento.<\/p>\n<h2>5 regole d&#8217;oro per iniziare a giocare a poker online<\/h2>\n<ol>\n<li>Scegli con attenzione la tua sala da poker: leggi le nostre recensioni prima di scegliere il sito in cui giocare<\/li>\n<li>Inizia con soldi finti per familiarizzare con le regole e il gioco stesso, poi inizia con il livello pi\u00f9 basso di soldi veri<\/li>\n<li>Dedica molto tempo alla lettura di strategie di poker. Impara quali mani iniziali sono buone in quale situazione e come giocarle in quale posizione al tavolo. &#8220;Tight is right&#8221; \u00e8 il consiglio migliore per i principianti, e la tua posizione relativa \u00e8 molto importante per le tue decisioni.<\/li>\n<li>Usa un buon bonus per il tuo primo deposito, o anche un&#8217;offerta di bankroll gratuito come quella di 888 Poker. Ti daranno 20,00 \u20ac (o GBP, a seconda di dove vivi) gratis solo per la registrazione! E ricevi comunque un bonus sul deposito del 100% e fino a 300,00 \u20ac o GBP quando depositi denaro. <a class=\"thirstylink\" title=\"888 poker en\" href=\"https:\/\/gambling6.com\/go\/888-poker-en\/\" target=\"_blank\" rel=\"nofollow noopener\"><span style=\"text-decoration: underline;\"><strong>Clicca qui per<\/strong><\/span><span style=\"text-decoration: underline;\"><strong>andare<\/strong><\/span><span style=\"text-decoration: underline;\"><strong>a<\/strong><\/span><span style=\"text-decoration: underline;\"><strong>8<\/strong><\/span><span style=\"text-decoration: underline;\"><strong>88 Poker ora.<\/strong><\/span><\/a><\/li>\n<li>Gestisci attentamente il tuo bankroll. Avere almeno 100 volte, meglio 200 volte, l&#8217;importo della puntata minima per il livello a cui stai giocando.<\/li>\n<\/ol>\n<p><a href=\"https:\/\/ic.aff-handler.com\/C\/46138?sr=1073333&amp;anid=\" rel=\"nofollow\"><img loading=\"lazy\" decoding=\"async\" class=\"aligncenter\" src=\"https:\/\/ic.aff-handler.com\/I\/46138?sr=1073333&amp;anid=\" width=\"563\" height=\"72\" \/><\/a><\/p>\n<h2>I migliori siti web per giocare a poker online per principianti<\/h2>\n<p>Beh, un sito web che abbiamo gi\u00e0 menzionato. Si tratta di 888 Poker, dove la promozione con bankroll gratuito da 20\u20ac ti permette di giocare subito con soldi veri, senza dover depositare. E in seguito riceverai un altro bonus quando depositi denaro tuo, che raddoppier\u00e0 il tuo capitale. Questo provider, per\u00f2, non accetta giocatori dagli Stati Uniti.<\/p>\n<h2>I migliori siti web per giocatori di poker statunitensi<\/h2>\n<p>A causa delle restrizioni legali negli Stati Uniti, non hai molte scelte. La maggior parte degli operatori si \u00e8 ritirata dal mercato statunitense e un mercato del gioco d&#8217;azzardo online regolamentato negli Stati Uniti \u00e8 ancora un futuro, almeno per la maggior parte degli stati.<\/p>\n<p>Detto questo, al momento, la tua opzione migliore sarebbe BetOnline Poker. <a class=\"thirstylink\" title=\"Betonline poker it\" href=\"https:\/\/gambling6.com\/go\/betonline-poker-it\/\" target=\"_blank\" rel=\"nofollow noopener\">Clicca su questo link per visitare il loro sito<\/a>, dove puoi giocare a poker e a tutti i tipi di giochi da casin\u00f2.<\/p>\n","protected":false},"excerpt":{"rendered":"<p>Inizia con il poker online Se vuoi iniziare a giocare a poker online, ci sono un paio di cose che devi sapere. Il poker \u00e8 un gioco di abilit\u00e0. Ora, non stiamo dicendo che non ci sia fortuna in gioco &#8211; anzi, c&#8217;\u00e8 &#8211; ma la verit\u00e0 \u00e8 che se vuoi fare soldi, c&#8217;\u00e8 sicuramente [&hellip;]<\/p>\n","protected":false},"author":1,"featured_media":0,"parent":0,"menu_order":5,"comment_status":"closed","ping_status":"closed","template":"","meta":{"footnotes":""},"class_list":["post-8760","page","type-page","status-publish","hentry"],"yoast_head":"<!-- This site is optimized with the Yoast SEO plugin v27.4 - https:\/\/yoast.com\/product\/yoast-seo-wordpress\/ -->\n<title>Quali sono i posti migliori per iniziare a giocare a poker online?<\/title>\n<meta name=\"description\" content=\"I posti migliori per il poker online, 5 regole d&#039;oro per iniziare\" \/>\n<meta name=\"robots\" content=\"index, follow, max-snippet:-1, max-image-preview:large, max-video-preview:-1\" \/>\n<link rel=\"canonical\" href=\"https:\/\/gambling6.com\/it\/poker\/\" \/>\n<meta property=\"og:locale\" content=\"it_IT\" \/>\n<meta property=\"og:type\" content=\"article\" \/>\n<meta property=\"og:title\" content=\"Quali sono i posti migliori per iniziare a giocare a poker online?\" \/>\n<meta property=\"og:description\" content=\"I posti migliori per il poker online, 5 regole d&#039;oro per iniziare\" \/>\n<meta property=\"og:url\" content=\"https:\/\/gambling6.com\/it\/poker\/\" \/>\n<meta property=\"og:site_name\" content=\"Gambling6\" \/>\n<meta property=\"article:modified_time\" content=\"2025-11-12T11:19:48+00:00\" \/>\n<meta property=\"og:image\" content=\"https:\/\/gambling6.com\/wp-content\/uploads\/2022\/04\/pokertournament.jpg\" \/>\n\t<meta property=\"og:image:width\" content=\"415\" \/>\n\t<meta property=\"og:image:height\" content=\"289\" \/>\n\t<meta property=\"og:image:type\" content=\"image\/jpeg\" \/>\n<meta name=\"twitter:card\" content=\"summary_large_image\" \/>\n<meta name=\"twitter:label1\" content=\"Tempo di lettura stimato\" \/>\n\t<meta name=\"twitter:data1\" content=\"2 minuti\" \/>\n<script type=\"application\/ld+json\" class=\"yoast-schema-graph\">{\"@context\":\"https:\\\/\\\/schema.org\",\"@graph\":[{\"@type\":\"WebPage\",\"@id\":\"https:\\\/\\\/gambling6.com\\\/it\\\/poker\\\/\",\"url\":\"https:\\\/\\\/gambling6.com\\\/it\\\/poker\\\/\",\"name\":\"Quali sono i posti migliori per iniziare a giocare a poker online?\",\"isPartOf\":{\"@id\":\"https:\\\/\\\/gambling6.com\\\/it\\\/#website\"},\"primaryImageOfPage\":{\"@id\":\"https:\\\/\\\/gambling6.com\\\/it\\\/poker\\\/#primaryimage\"},\"image\":{\"@id\":\"https:\\\/\\\/gambling6.com\\\/it\\\/poker\\\/#primaryimage\"},\"thumbnailUrl\":\"https:\\\/\\\/gambling6.com\\\/wp-content\\\/uploads\\\/2022\\\/04\\\/pokertournament-300x209.jpg\",\"datePublished\":\"2025-11-07T23:49:02+00:00\",\"dateModified\":\"2025-11-12T11:19:48+00:00\",\"description\":\"I posti migliori per il poker online, 5 regole d'oro per iniziare\",\"breadcrumb\":{\"@id\":\"https:\\\/\\\/gambling6.com\\\/it\\\/poker\\\/#breadcrumb\"},\"inLanguage\":\"it-IT\",\"potentialAction\":[{\"@type\":\"ReadAction\",\"target\":[\"https:\\\/\\\/gambling6.com\\\/it\\\/poker\\\/\"]}]},{\"@type\":\"ImageObject\",\"inLanguage\":\"it-IT\",\"@id\":\"https:\\\/\\\/gambling6.com\\\/it\\\/poker\\\/#primaryimage\",\"url\":\"https:\\\/\\\/gambling6.com\\\/wp-content\\\/uploads\\\/2022\\\/04\\\/pokertournament-300x209.jpg\",\"contentUrl\":\"https:\\\/\\\/gambling6.com\\\/wp-content\\\/uploads\\\/2022\\\/04\\\/pokertournament-300x209.jpg\"},{\"@type\":\"BreadcrumbList\",\"@id\":\"https:\\\/\\\/gambling6.com\\\/it\\\/poker\\\/#breadcrumb\",\"itemListElement\":[{\"@type\":\"ListItem\",\"position\":1,\"name\":\"Home\",\"item\":\"https:\\\/\\\/gambling6.com\\\/it\\\/home\\\/\"},{\"@type\":\"ListItem\",\"position\":2,\"name\":\"Poker\"}]},{\"@type\":\"WebSite\",\"@id\":\"https:\\\/\\\/gambling6.com\\\/it\\\/#website\",\"url\":\"https:\\\/\\\/gambling6.com\\\/it\\\/\",\"name\":\"Gambling6\",\"description\":\"\",\"potentialAction\":[{\"@type\":\"SearchAction\",\"target\":{\"@type\":\"EntryPoint\",\"urlTemplate\":\"https:\\\/\\\/gambling6.com\\\/it\\\/?s={search_term_string}\"},\"query-input\":{\"@type\":\"PropertyValueSpecification\",\"valueRequired\":true,\"valueName\":\"search_term_string\"}}],\"inLanguage\":\"it-IT\"}]}<\/script>\n<!-- \/ Yoast SEO plugin. -->","yoast_head_json":{"title":"Quali sono i posti migliori per iniziare a giocare a poker online?","description":"I posti migliori per il poker online, 5 regole d'oro per iniziare","robots":{"index":"index","follow":"follow","max-snippet":"max-snippet:-1","max-image-preview":"max-image-preview:large","max-video-preview":"max-video-preview:-1"},"canonical":"https:\/\/gambling6.com\/it\/poker\/","og_locale":"it_IT","og_type":"article","og_title":"Quali sono i posti migliori per iniziare a giocare a poker online?","og_description":"I posti migliori per il poker online, 5 regole d'oro per iniziare","og_url":"https:\/\/gambling6.com\/it\/poker\/","og_site_name":"Gambling6","article_modified_time":"2025-11-12T11:19:48+00:00","og_image":[{"width":415,"height":289,"url":"https:\/\/gambling6.com\/wp-content\/uploads\/2022\/04\/pokertournament.jpg","type":"image\/jpeg"}],"twitter_card":"summary_large_image","twitter_misc":{"Tempo di lettura stimato":"2 minuti"},"schema":{"@context":"https:\/\/schema.org","@graph":[{"@type":"WebPage","@id":"https:\/\/gambling6.com\/it\/poker\/","url":"https:\/\/gambling6.com\/it\/poker\/","name":"Quali sono i posti migliori per iniziare a giocare a poker online?","isPartOf":{"@id":"https:\/\/gambling6.com\/it\/#website"},"primaryImageOfPage":{"@id":"https:\/\/gambling6.com\/it\/poker\/#primaryimage"},"image":{"@id":"https:\/\/gambling6.com\/it\/poker\/#primaryimage"},"thumbnailUrl":"https:\/\/gambling6.com\/wp-content\/uploads\/2022\/04\/pokertournament-300x209.jpg","datePublished":"2025-11-07T23:49:02+00:00","dateModified":"2025-11-12T11:19:48+00:00","description":"I posti migliori per il poker online, 5 regole d'oro per iniziare","breadcrumb":{"@id":"https:\/\/gambling6.com\/it\/poker\/#breadcrumb"},"inLanguage":"it-IT","potentialAction":[{"@type":"ReadAction","target":["https:\/\/gambling6.com\/it\/poker\/"]}]},{"@type":"ImageObject","inLanguage":"it-IT","@id":"https:\/\/gambling6.com\/it\/poker\/#primaryimage","url":"https:\/\/gambling6.com\/wp-content\/uploads\/2022\/04\/pokertournament-300x209.jpg","contentUrl":"https:\/\/gambling6.com\/wp-content\/uploads\/2022\/04\/pokertournament-300x209.jpg"},{"@type":"BreadcrumbList","@id":"https:\/\/gambling6.com\/it\/poker\/#breadcrumb","itemListElement":[{"@type":"ListItem","position":1,"name":"Home","item":"https:\/\/gambling6.com\/it\/home\/"},{"@type":"ListItem","position":2,"name":"Poker"}]},{"@type":"WebSite","@id":"https:\/\/gambling6.com\/it\/#website","url":"https:\/\/gambling6.com\/it\/","name":"Gambling6","description":"","potentialAction":[{"@type":"SearchAction","target":{"@type":"EntryPoint","urlTemplate":"https:\/\/gambling6.com\/it\/?s={search_term_string}"},"query-input":{"@type":"PropertyValueSpecification","valueRequired":true,"valueName":"search_term_string"}}],"inLanguage":"it-IT"}]}},"_links":{"self":[{"href":"https:\/\/gambling6.com\/it\/wp-json\/wp\/v2\/pages\/8760","targetHints":{"allow":["GET"]}}],"collection":[{"href":"https:\/\/gambling6.com\/it\/wp-json\/wp\/v2\/pages"}],"about":[{"href":"https:\/\/gambling6.com\/it\/wp-json\/wp\/v2\/types\/page"}],"author":[{"embeddable":true,"href":"https:\/\/gambling6.com\/it\/wp-json\/wp\/v2\/users\/1"}],"replies":[{"embeddable":true,"href":"https:\/\/gambling6.com\/it\/wp-json\/wp\/v2\/comments?post=8760"}],"version-history":[{"count":1,"href":"https:\/\/gambling6.com\/it\/wp-json\/wp\/v2\/pages\/8760\/revisions"}],"predecessor-version":[{"id":10565,"href":"https:\/\/gambling6.com\/it\/wp-json\/wp\/v2\/pages\/8760\/revisions\/10565"}],"wp:attachment":[{"href":"https:\/\/gambling6.com\/it\/wp-json\/wp\/v2\/media?parent=8760"}],"curies":[{"name":"wp","href":"https:\/\/api.w.org\/{rel}","templated":true}]}}