{"id":8861,"date":"2025-11-08T09:00:57","date_gmt":"2025-11-08T09:00:57","guid":{"rendered":"https:\/\/gambling6.com\/casino\/mantenere-sicuro-il-tuo-account-di-gioco-online\/"},"modified":"2025-11-12T09:06:25","modified_gmt":"2025-11-12T09:06:25","slug":"mantenere-sicuro-il-tuo-account-di-gioco-online","status":"publish","type":"page","link":"https:\/\/gambling6.com\/it\/casino\/mantenere-sicuro-il-tuo-account-di-gioco-online\/","title":{"rendered":"Mantenere sicuro il tuo account di gioco online"},"content":{"rendered":"<h2>Evita i siti dannosi e adotta alcune misure di sicurezza.<\/h2>\n<p>Il mondo del gioco online \u00e8 cresciuto in modo significativo e, sebbene questo sia generalmente un aspetto positivo per i giocatori, presenta anche alcuni svantaggi. La sicurezza online offerta dai casin\u00f2 \u00e8 probabilmente l&#8217;elemento pi\u00f9 importante quando si gioca con soldi veri e agli utenti deve essere garantita la sicurezza di transazioni finanziarie impeccabili.<\/p>\n<p>Purtroppo, nel mondo tecnologicamente avanzato di oggi, truffe e frodi online sono fin troppo comuni per dare per scontato che non accadano e, quindi, non adottare misure per prevenirle. Nuovi casin\u00f2 online spuntano quasi da un giorno all&#8217;altro, promettendo bonus enormi per dare il via al gioco e attrarre un gran numero di clienti.<\/p>\n<p>Sapere se questi siti sono affidabili \u00e8 molto importante ed \u00e8 altamente consigliato informarsi prima su altri siti. Le recensioni di utenti o giocatori esperti stanno diventando molto popolari su Internet, poich\u00e9 sempre pi\u00f9 giocatori si rendono conto del rischio di lanciarsi alla cieca e cercano prima qualche rassicurazione.<\/p>\n<h2>Gioco d&#8217;azzardo online negli Stati Uniti<\/h2>\n<p><img loading=\"lazy\" decoding=\"async\" class=\" wp-image-2415 alignright\" src=\"https:\/\/gambling6.com\/wp-content\/uploads\/2022\/04\/1_play_euromillions_online3-300x200.jpg\" alt=\"sicurezza dei casin\u00f2\" width=\"263\" height=\"175\" srcset=\"https:\/\/gambling6.com\/wp-content\/uploads\/2022\/04\/1_play_euromillions_online3-300x200.jpg 300w, https:\/\/gambling6.com\/wp-content\/uploads\/2022\/04\/1_play_euromillions_online3.jpg 320w\" sizes=\"auto, (max-width: 263px) 100vw, 263px\" \/>Gli Stati Uniti sono un mercato del gioco d&#8217;azzardo online entusiasmante. Sebbene i casin\u00f2 online siano vietati in tutti gli stati tranne due, l&#8217;industria grigia del gioco d&#8217;azzardo online \u00e8 enorme, principalmente perch\u00e9 i giocatori americani vogliono giocare ai giochi da casin\u00f2 online. Il numero significativo di potenziali clienti significa anche che ci sono pi\u00f9 di una manciata di casin\u00f2 online negli Stati Uniti, rendendo molto facile per i giocatori americani iniziare.<\/p>\n<p>Infatti, i siti principali accettano persino carte di credito americane come metodo di pagamento e tutto \u00e8 progettato per essere il pi\u00f9 comodo possibile per i giocatori. Sebbene questi casin\u00f2 online non siano regolamentati dagli Stati Uniti, possiedono licenze rilasciate da giurisdizioni offshore che garantiscono un ambiente sicuro e protetto. Il problema \u00e8 che, oltre ai grandi casin\u00f2 che si rivolgono al mercato statunitense, ci sono anche molti siti poco affidabili che hanno problemi con i prelievi o semplicemente non offrono una percentuale di pagamento equa sui loro giochi.<\/p>\n<p>Per questo motivo \u00e8 fondamentale leggere prima alcune recensioni sul sito a cui si desidera iscriversi e verificare se \u00e8 davvero valido come sembra. Questo non richiede pi\u00f9 di pochi minuti e garantisce la migliore esperienza di gioco online possibile. Per quanto riguarda il gioco leale, i casin\u00f2 online affidabili utilizzano generatori di numeri casuali per garantire che ogni gioco sia basato esclusivamente sulla fortuna. Un casin\u00f2 online pu\u00f2 combinare i tavoli da casin\u00f2 tradizionali con i vantaggi del gioco online tramite lo streaming video in diretta di un croupier.<\/p>\n<p>Come giocatore residente negli Stati Uniti, non puoi sbagliarti affidandoti al fornitore leader di mercato per l&#8217;azione nei casin\u00f2 online, ovvero BetOnline. <a class=\"thirstylink\" title=\"Betonline casino en\" href=\"https:\/\/gambling6.com\/go\/betonline-casino-en\/\" target=\"_blank\" rel=\"nofollow noopener\">Clicca qui per visitare il loro sito web.<\/a> La tua sicurezza \u00e8 in buone mani, a differenza della maggior parte degli altri operatori di casin\u00f2 offshore che accettano residenti negli Stati Uniti.<\/p>\n<h2>Misure di sicurezza da considerare<\/h2>\n<p>Va anche ricordato che una parte significativa della responsabilit\u00e0 ricade sul giocatore, che pu\u00f2 adottare misure specifiche per prevenire le truffe e proteggere i propri fondi.<\/p>\n<p><strong>1. Avere una password sicura<\/strong><\/p>\n<p>Sempre pi\u00f9 siti incoraggiano gli utenti a utilizzare password sicure e difficili da indovinare. Includere numeri e lettere sia maiuscole che minuscole rende una password molto pi\u00f9 sicura, e si consiglia inoltre di non utilizzare la stessa password per pi\u00f9 account.<\/p>\n<p><strong>2. Assicurati di avere un buon antivirus<\/strong><\/p>\n<p>La maggior parte dei giocatori tende a dimenticare l&#8217;importanza di un buon antivirus. Questo pu\u00f2 rilevare immediatamente eventuali problemi durante la navigazione in Internet o il download di qualcosa, come l&#8217;app di un nuovo casin\u00f2 online.<\/p>\n<p><strong>3. Assicurati sempre che la pagina sia sicura<\/strong><\/p>\n<p>Quando inserisci dati personali, come le informazioni dell&#8217;account, assicurati che la pagina sia sicura. Questo si pu\u00f2 fare controllando la barra degli indirizzi del browser per verificare che sia presente il protocollo HTTPS e il lucchetto chiuso.<\/p>\n","protected":false},"excerpt":{"rendered":"<p>Evita i siti dannosi e adotta alcune misure di sicurezza. Il mondo del gioco online \u00e8 cresciuto in modo significativo e, sebbene questo sia generalmente un aspetto positivo per i giocatori, presenta anche alcuni svantaggi. La sicurezza online offerta dai casin\u00f2 \u00e8 probabilmente l&#8217;elemento pi\u00f9 importante quando si gioca con soldi veri e agli utenti [&hellip;]<\/p>\n","protected":false},"author":1,"featured_media":0,"parent":8312,"menu_order":36,"comment_status":"closed","ping_status":"closed","template":"","meta":{"footnotes":""},"class_list":["post-8861","page","type-page","status-publish","hentry"],"yoast_head":"<!-- This site is optimized with the Yoast SEO plugin v27.4 - https:\/\/yoast.com\/product\/yoast-seo-wordpress\/ -->\n<title>Come posso proteggere il mio account del casin\u00f2 online?<\/title>\n<meta name=\"description\" content=\"Consigli utili per la sicurezza del gioco d&#039;azzardo online: assicurati che il tuo account del casin\u00f2 sia sicuro\" \/>\n<meta name=\"robots\" content=\"index, follow, max-snippet:-1, max-image-preview:large, max-video-preview:-1\" \/>\n<link rel=\"canonical\" href=\"https:\/\/gambling6.com\/it\/casino\/mantenere-sicuro-il-tuo-account-di-gioco-online\/\" \/>\n<meta property=\"og:locale\" content=\"it_IT\" \/>\n<meta property=\"og:type\" content=\"article\" \/>\n<meta property=\"og:title\" content=\"Come posso proteggere il mio account del casin\u00f2 online?\" \/>\n<meta property=\"og:description\" content=\"Consigli utili per la sicurezza del gioco d&#039;azzardo online: assicurati che il tuo account del casin\u00f2 sia sicuro\" \/>\n<meta property=\"og:url\" content=\"https:\/\/gambling6.com\/it\/casino\/mantenere-sicuro-il-tuo-account-di-gioco-online\/\" \/>\n<meta property=\"og:site_name\" content=\"Gambling6\" \/>\n<meta property=\"article:modified_time\" content=\"2025-11-12T09:06:25+00:00\" \/>\n<meta property=\"og:image\" content=\"https:\/\/gambling6.com\/wp-content\/uploads\/2022\/04\/1_play_euromillions_online3.jpg\" \/>\n\t<meta property=\"og:image:width\" content=\"320\" \/>\n\t<meta property=\"og:image:height\" content=\"213\" \/>\n\t<meta property=\"og:image:type\" content=\"image\/jpeg\" \/>\n<meta name=\"twitter:card\" content=\"summary_large_image\" \/>\n<meta name=\"twitter:label1\" content=\"Tempo di lettura stimato\" \/>\n\t<meta name=\"twitter:data1\" content=\"3 minuti\" \/>\n<script type=\"application\/ld+json\" class=\"yoast-schema-graph\">{\"@context\":\"https:\\\/\\\/schema.org\",\"@graph\":[{\"@type\":\"WebPage\",\"@id\":\"https:\\\/\\\/gambling6.com\\\/it\\\/casino\\\/mantenere-sicuro-il-tuo-account-di-gioco-online\\\/\",\"url\":\"https:\\\/\\\/gambling6.com\\\/it\\\/casino\\\/mantenere-sicuro-il-tuo-account-di-gioco-online\\\/\",\"name\":\"Come posso proteggere il mio account del casin\u00f2 online?\",\"isPartOf\":{\"@id\":\"https:\\\/\\\/gambling6.com\\\/it\\\/#website\"},\"primaryImageOfPage\":{\"@id\":\"https:\\\/\\\/gambling6.com\\\/it\\\/casino\\\/mantenere-sicuro-il-tuo-account-di-gioco-online\\\/#primaryimage\"},\"image\":{\"@id\":\"https:\\\/\\\/gambling6.com\\\/it\\\/casino\\\/mantenere-sicuro-il-tuo-account-di-gioco-online\\\/#primaryimage\"},\"thumbnailUrl\":\"https:\\\/\\\/gambling6.com\\\/wp-content\\\/uploads\\\/2022\\\/04\\\/1_play_euromillions_online3-300x200.jpg\",\"datePublished\":\"2025-11-08T09:00:57+00:00\",\"dateModified\":\"2025-11-12T09:06:25+00:00\",\"description\":\"Consigli utili per la sicurezza del gioco d'azzardo online: assicurati che il tuo account del casin\u00f2 sia sicuro\",\"breadcrumb\":{\"@id\":\"https:\\\/\\\/gambling6.com\\\/it\\\/casino\\\/mantenere-sicuro-il-tuo-account-di-gioco-online\\\/#breadcrumb\"},\"inLanguage\":\"it-IT\",\"potentialAction\":[{\"@type\":\"ReadAction\",\"target\":[\"https:\\\/\\\/gambling6.com\\\/it\\\/casino\\\/mantenere-sicuro-il-tuo-account-di-gioco-online\\\/\"]}]},{\"@type\":\"ImageObject\",\"inLanguage\":\"it-IT\",\"@id\":\"https:\\\/\\\/gambling6.com\\\/it\\\/casino\\\/mantenere-sicuro-il-tuo-account-di-gioco-online\\\/#primaryimage\",\"url\":\"https:\\\/\\\/gambling6.com\\\/wp-content\\\/uploads\\\/2022\\\/04\\\/1_play_euromillions_online3-300x200.jpg\",\"contentUrl\":\"https:\\\/\\\/gambling6.com\\\/wp-content\\\/uploads\\\/2022\\\/04\\\/1_play_euromillions_online3-300x200.jpg\"},{\"@type\":\"BreadcrumbList\",\"@id\":\"https:\\\/\\\/gambling6.com\\\/it\\\/casino\\\/mantenere-sicuro-il-tuo-account-di-gioco-online\\\/#breadcrumb\",\"itemListElement\":[{\"@type\":\"ListItem\",\"position\":1,\"name\":\"Home\",\"item\":\"https:\\\/\\\/gambling6.com\\\/it\\\/home\\\/\"},{\"@type\":\"ListItem\",\"position\":2,\"name\":\"Casin\u00f2\",\"item\":\"https:\\\/\\\/gambling6.com\\\/it\\\/casino\\\/\"},{\"@type\":\"ListItem\",\"position\":3,\"name\":\"Mantenere sicuro il tuo account di gioco online\"}]},{\"@type\":\"WebSite\",\"@id\":\"https:\\\/\\\/gambling6.com\\\/it\\\/#website\",\"url\":\"https:\\\/\\\/gambling6.com\\\/it\\\/\",\"name\":\"Gambling6\",\"description\":\"\",\"potentialAction\":[{\"@type\":\"SearchAction\",\"target\":{\"@type\":\"EntryPoint\",\"urlTemplate\":\"https:\\\/\\\/gambling6.com\\\/it\\\/?s={search_term_string}\"},\"query-input\":{\"@type\":\"PropertyValueSpecification\",\"valueRequired\":true,\"valueName\":\"search_term_string\"}}],\"inLanguage\":\"it-IT\"}]}<\/script>\n<!-- \/ Yoast SEO plugin. -->","yoast_head_json":{"title":"Come posso proteggere il mio account del casin\u00f2 online?","description":"Consigli utili per la sicurezza del gioco d'azzardo online: assicurati che il tuo account del casin\u00f2 sia sicuro","robots":{"index":"index","follow":"follow","max-snippet":"max-snippet:-1","max-image-preview":"max-image-preview:large","max-video-preview":"max-video-preview:-1"},"canonical":"https:\/\/gambling6.com\/it\/casino\/mantenere-sicuro-il-tuo-account-di-gioco-online\/","og_locale":"it_IT","og_type":"article","og_title":"Come posso proteggere il mio account del casin\u00f2 online?","og_description":"Consigli utili per la sicurezza del gioco d'azzardo online: assicurati che il tuo account del casin\u00f2 sia sicuro","og_url":"https:\/\/gambling6.com\/it\/casino\/mantenere-sicuro-il-tuo-account-di-gioco-online\/","og_site_name":"Gambling6","article_modified_time":"2025-11-12T09:06:25+00:00","og_image":[{"width":320,"height":213,"url":"https:\/\/gambling6.com\/wp-content\/uploads\/2022\/04\/1_play_euromillions_online3.jpg","type":"image\/jpeg"}],"twitter_card":"summary_large_image","twitter_misc":{"Tempo di lettura stimato":"3 minuti"},"schema":{"@context":"https:\/\/schema.org","@graph":[{"@type":"WebPage","@id":"https:\/\/gambling6.com\/it\/casino\/mantenere-sicuro-il-tuo-account-di-gioco-online\/","url":"https:\/\/gambling6.com\/it\/casino\/mantenere-sicuro-il-tuo-account-di-gioco-online\/","name":"Come posso proteggere il mio account del casin\u00f2 online?","isPartOf":{"@id":"https:\/\/gambling6.com\/it\/#website"},"primaryImageOfPage":{"@id":"https:\/\/gambling6.com\/it\/casino\/mantenere-sicuro-il-tuo-account-di-gioco-online\/#primaryimage"},"image":{"@id":"https:\/\/gambling6.com\/it\/casino\/mantenere-sicuro-il-tuo-account-di-gioco-online\/#primaryimage"},"thumbnailUrl":"https:\/\/gambling6.com\/wp-content\/uploads\/2022\/04\/1_play_euromillions_online3-300x200.jpg","datePublished":"2025-11-08T09:00:57+00:00","dateModified":"2025-11-12T09:06:25+00:00","description":"Consigli utili per la sicurezza del gioco d'azzardo online: assicurati che il tuo account del casin\u00f2 sia sicuro","breadcrumb":{"@id":"https:\/\/gambling6.com\/it\/casino\/mantenere-sicuro-il-tuo-account-di-gioco-online\/#breadcrumb"},"inLanguage":"it-IT","potentialAction":[{"@type":"ReadAction","target":["https:\/\/gambling6.com\/it\/casino\/mantenere-sicuro-il-tuo-account-di-gioco-online\/"]}]},{"@type":"ImageObject","inLanguage":"it-IT","@id":"https:\/\/gambling6.com\/it\/casino\/mantenere-sicuro-il-tuo-account-di-gioco-online\/#primaryimage","url":"https:\/\/gambling6.com\/wp-content\/uploads\/2022\/04\/1_play_euromillions_online3-300x200.jpg","contentUrl":"https:\/\/gambling6.com\/wp-content\/uploads\/2022\/04\/1_play_euromillions_online3-300x200.jpg"},{"@type":"BreadcrumbList","@id":"https:\/\/gambling6.com\/it\/casino\/mantenere-sicuro-il-tuo-account-di-gioco-online\/#breadcrumb","itemListElement":[{"@type":"ListItem","position":1,"name":"Home","item":"https:\/\/gambling6.com\/it\/home\/"},{"@type":"ListItem","position":2,"name":"Casin\u00f2","item":"https:\/\/gambling6.com\/it\/casino\/"},{"@type":"ListItem","position":3,"name":"Mantenere sicuro il tuo account di gioco online"}]},{"@type":"WebSite","@id":"https:\/\/gambling6.com\/it\/#website","url":"https:\/\/gambling6.com\/it\/","name":"Gambling6","description":"","potentialAction":[{"@type":"SearchAction","target":{"@type":"EntryPoint","urlTemplate":"https:\/\/gambling6.com\/it\/?s={search_term_string}"},"query-input":{"@type":"PropertyValueSpecification","valueRequired":true,"valueName":"search_term_string"}}],"inLanguage":"it-IT"}]}},"_links":{"self":[{"href":"https:\/\/gambling6.com\/it\/wp-json\/wp\/v2\/pages\/8861","targetHints":{"allow":["GET"]}}],"collection":[{"href":"https:\/\/gambling6.com\/it\/wp-json\/wp\/v2\/pages"}],"about":[{"href":"https:\/\/gambling6.com\/it\/wp-json\/wp\/v2\/types\/page"}],"author":[{"embeddable":true,"href":"https:\/\/gambling6.com\/it\/wp-json\/wp\/v2\/users\/1"}],"replies":[{"embeddable":true,"href":"https:\/\/gambling6.com\/it\/wp-json\/wp\/v2\/comments?post=8861"}],"version-history":[{"count":1,"href":"https:\/\/gambling6.com\/it\/wp-json\/wp\/v2\/pages\/8861\/revisions"}],"predecessor-version":[{"id":10442,"href":"https:\/\/gambling6.com\/it\/wp-json\/wp\/v2\/pages\/8861\/revisions\/10442"}],"up":[{"embeddable":true,"href":"https:\/\/gambling6.com\/it\/wp-json\/wp\/v2\/pages\/8312"}],"wp:attachment":[{"href":"https:\/\/gambling6.com\/it\/wp-json\/wp\/v2\/media?parent=8861"}],"curies":[{"name":"wp","href":"https:\/\/api.w.org\/{rel}","templated":true}]}}