{"id":8938,"date":"2025-11-08T10:15:24","date_gmt":"2025-11-08T10:15:24","guid":{"rendered":"https:\/\/gambling6.com\/casino\/tutto-quello-che-devi-sapere-sulle-slot-online\/"},"modified":"2025-11-15T09:47:03","modified_gmt":"2025-11-15T09:47:03","slug":"tutto-quello-che-devi-sapere-sulle-slot-online","status":"publish","type":"page","link":"https:\/\/gambling6.com\/it\/casino\/tutto-quello-che-devi-sapere-sulle-slot-online\/","title":{"rendered":"Tutto quello che devi sapere sulle slot online"},"content":{"rendered":"<h2>Giocare alle slot: il gioco da casin\u00f2 online pi\u00f9 popolare<\/h2>\n<p>Le slot online sono la scelta pi\u00f9 popolare tra i giocatori di casin\u00f2, e ci sono molte ragioni per questo. Sebbene i giochi sembrino semplici a prima vista, in realt\u00e0 ci sono diverse cose che dovresti sapere, che possono aiutarti a migliorare i tuoi risultati e creare un&#8217;esperienza di gioco online migliore. Per informazioni sui vari aspetti delle slot con soldi veri, visita il nostro sito web dedicato a insegnare ai giocatori come funziona il gioco e quali strategie possono utilizzare.<\/p>\n<h2>Introduzione alle slot online<\/h2>\n<p><img loading=\"lazy\" decoding=\"async\" class=\" alignright size-full wp-image-370\" style=\"margin: 5px; float: right;\" src=\"http:\/\/gambling6.com\/wp-content\/uploads\/2013\/12\/Slots-150x150.jpg\" alt=\"Slot-150x150\" width=\"150\" height=\"150\" \/>Le slot machine sono molto popolari nei casin\u00f2 tradizionali e, in genere, riempiono grandi sale per soddisfare l&#8217;elevata domanda. Infatti, durante le ore di punta, \u00e8 molto probabile che non si riesca a trovare una slot machine disponibile nei casin\u00f2 pi\u00f9 gettonati. Il concetto del gioco \u00e8 semplice: ci sono diversi simboli su 3 o 5 rulli rotanti. Il giocatore deve piazzare una puntata e selezionare il numero di linee che desidera giocare.<\/p>\n<p>Pu\u00f2 quindi far girare i rulli e, se i simboli si fermano in una combinazione specifica su ciascuna linea selezionata, il gioco assegner\u00e0 un premio in base alle probabilit\u00e0 e all&#8217;importo della puntata. \u00c8 questa semplicit\u00e0 del gioco che lo ha reso cos\u00ec popolare fin dall&#8217;inizio, unita alla possibilit\u00e0 di vincere premi enormi. Con la crescente popolarit\u00e0 dei casin\u00f2 online nel corso degli anni, le slot hanno mantenuto la loro popolarit\u00e0, grazie anche al fatto che i giocatori si sono spostati online per accedere pi\u00f9 facilmente ai loro giochi preferiti.<\/p>\n<p>Si applicano le stesse regole, ma le slot online ora utilizzano generatori di numeri casuali per determinare quali simboli vengono mostrati una volta che i rulli smettono di girare. Le probabilit\u00e0 di vincita rimangono le stesse in teoria, ma la maggior parte dei giocatori sostiene che le slot online siano molto pi\u00f9 redditizie poich\u00e9 non vengono modificate in alcun modo a seconda della loro posizione nella sala del casin\u00f2.<\/p>\n<h2>Nuove possibilit\u00e0 online<\/h2>\n<p>Le slot online hanno avuto un vero e proprio successo negli ultimi anni e Internet ha dato agli sviluppatori di software la possibilit\u00e0 di portare il gioco a un livello superiore. I giocatori possono ora scegliere tra un gran numero di linee di pagamento. Ogni linea aggiuntiva ha le stesse probabilit\u00e0 di ottenere una combinazione vincente, quindi il giocatore ha la possibilit\u00e0 di pagare di pi\u00f9 e giocare pi\u00f9 linee in un giro. Internet ha anche fornito il modo migliore per espandere le slot online in base al loro tema e stile. Nuovi titoli vengono pubblicati abbastanza frequentemente e possono coprire vari temi, con le possibilit\u00e0 davvero limitate solo dall&#8217;immaginazione. Film famosi, come Il cavaliere oscuro e Il Gladiatore, ispirano le slot online.<\/p>\n<p>Tra i migliori casin\u00f2 per giochi da casin\u00f2 con temi accattivanti e un design accattivante c&#8217;\u00e8 sicuramente 888 Casino. <a class=\"thirstylink\" title=\"888 casino en\" href=\"https:\/\/gambling6.com\/go\/888-casino-en\/\" target=\"_blank\" rel=\"nofollow noopener\">Se volete provarle, seguite questo link: non rimarrete delusi.<\/a><\/p>\n<h2>Slot progressive<\/h2>\n<p>Le slot progressive si trovano anche nei casin\u00f2 fisici, ma sono molto popolari online. L&#8217;idea \u00e8 che il casin\u00f2 colleghi tra loro diverse slot machine in modo che ogni puntata possa contribuire a un jackpot standard che pu\u00f2 essere vinto in qualsiasi momento. Quando si tratta di casin\u00f2 online, collegare questi giochi \u00e8 molto pi\u00f9 semplice, consentendo a pi\u00f9 utenti di giocare allo stesso gioco. Questo si traduce in alcune slot progressive molto popolari che possono assegnare milioni di dollari ogni due mesi.<\/p>\n<p>Il jackpot aumenta con ogni puntata aggiuntiva piazzata dai giocatori, finch\u00e9 qualcuno non ottiene la combinazione vincente e si aggiudica l&#8217;intero importo. Ad esempio, in una slot online a tema poker, il jackpot si vince realizzando una Scala Reale. Naturalmente, ci sono anche premi minori assegnati per altre combinazioni che si verificano pi\u00f9 spesso, quindi i giocatori non puntano solo per il jackpot. Le slot progressive pi\u00f9 popolari possono essere trovate contemporaneamente in diversi casin\u00f2 online, purch\u00e9 utilizzino lo stesso fornitore di software.<\/p>\n<h2>Strategie per le slot online<\/h2>\n<p>Sebbene le slot siano puramente un gioco di fortuna, alcuni consigli utili possono aiutare ad aumentare i profitti. La cosa pi\u00f9 importante da sapere \u00e8 che un giro non dipende dal precedente; ogni giro ha le stesse probabilit\u00e0. Molti giocatori credono che giocando abbastanza a lungo, alla fine vinceranno il premio pi\u00f9 grande. Il modo migliore per vincere alle slot online \u00e8 gestire correttamente il proprio bankroll, evitando rischi inutili fin dall&#8217;inizio. Ci\u00f2 significa che dovresti giocare meno linee ed evitare giochi che offrono funzioni &#8220;raddoppia o niente&#8221;. Per imparare meglio come funziona il gioco, puoi prima giocare con denaro virtuale.<\/p>\n","protected":false},"excerpt":{"rendered":"<p>Giocare alle slot: il gioco da casin\u00f2 online pi\u00f9 popolare Le slot online sono la scelta pi\u00f9 popolare tra i giocatori di casin\u00f2, e ci sono molte ragioni per questo. Sebbene i giochi sembrino semplici a prima vista, in realt\u00e0 ci sono diverse cose che dovresti sapere, che possono aiutarti a migliorare i tuoi risultati [&hellip;]<\/p>\n","protected":false},"author":1,"featured_media":373,"parent":8312,"menu_order":42,"comment_status":"closed","ping_status":"closed","template":"","meta":{"footnotes":""},"class_list":["post-8938","page","type-page","status-publish","has-post-thumbnail","hentry"],"yoast_head":"<!-- This site is optimized with the Yoast SEO plugin v27.4 - https:\/\/yoast.com\/product\/yoast-seo-wordpress\/ -->\n<title>Informazioni su come giocare alle slot online<\/title>\n<meta name=\"description\" content=\"Impara a giocare alle slot online e a vincere milioni di dollari in jackpot progressivi con un solo clic del mouse.\" \/>\n<meta name=\"robots\" content=\"index, follow, max-snippet:-1, max-image-preview:large, max-video-preview:-1\" \/>\n<link rel=\"canonical\" href=\"https:\/\/gambling6.com\/it\/casino\/tutto-quello-che-devi-sapere-sulle-slot-online\/\" \/>\n<meta property=\"og:locale\" content=\"it_IT\" \/>\n<meta property=\"og:type\" content=\"article\" \/>\n<meta property=\"og:title\" content=\"Informazioni su come giocare alle slot online\" \/>\n<meta property=\"og:description\" content=\"Impara a giocare alle slot online e a vincere milioni di dollari in jackpot progressivi con un solo clic del mouse.\" \/>\n<meta property=\"og:url\" content=\"https:\/\/gambling6.com\/it\/casino\/tutto-quello-che-devi-sapere-sulle-slot-online\/\" \/>\n<meta property=\"og:site_name\" content=\"Gambling6\" \/>\n<meta property=\"article:modified_time\" content=\"2025-11-15T09:47:03+00:00\" \/>\n<meta property=\"og:image\" content=\"https:\/\/gambling6.com\/wp-content\/uploads\/2013\/12\/Slots-150x150.jpg\" \/>\n\t<meta property=\"og:image:width\" content=\"150\" \/>\n\t<meta property=\"og:image:height\" content=\"150\" \/>\n\t<meta property=\"og:image:type\" content=\"image\/jpeg\" \/>\n<meta name=\"twitter:card\" content=\"summary_large_image\" \/>\n<meta name=\"twitter:label1\" content=\"Tempo di lettura stimato\" \/>\n\t<meta name=\"twitter:data1\" content=\"4 minuti\" \/>\n<script type=\"application\/ld+json\" class=\"yoast-schema-graph\">{\"@context\":\"https:\\\/\\\/schema.org\",\"@graph\":[{\"@type\":\"WebPage\",\"@id\":\"https:\\\/\\\/gambling6.com\\\/it\\\/casino\\\/tutto-quello-che-devi-sapere-sulle-slot-online\\\/\",\"url\":\"https:\\\/\\\/gambling6.com\\\/it\\\/casino\\\/tutto-quello-che-devi-sapere-sulle-slot-online\\\/\",\"name\":\"Informazioni su come giocare alle slot online\",\"isPartOf\":{\"@id\":\"https:\\\/\\\/gambling6.com\\\/it\\\/#website\"},\"primaryImageOfPage\":{\"@id\":\"https:\\\/\\\/gambling6.com\\\/it\\\/casino\\\/tutto-quello-che-devi-sapere-sulle-slot-online\\\/#primaryimage\"},\"image\":{\"@id\":\"https:\\\/\\\/gambling6.com\\\/it\\\/casino\\\/tutto-quello-che-devi-sapere-sulle-slot-online\\\/#primaryimage\"},\"thumbnailUrl\":\"https:\\\/\\\/gambling6.com\\\/wp-content\\\/uploads\\\/2013\\\/12\\\/Slots-150x150.jpg\",\"datePublished\":\"2025-11-08T10:15:24+00:00\",\"dateModified\":\"2025-11-15T09:47:03+00:00\",\"description\":\"Impara a giocare alle slot online e a vincere milioni di dollari in jackpot progressivi con un solo clic del mouse.\",\"breadcrumb\":{\"@id\":\"https:\\\/\\\/gambling6.com\\\/it\\\/casino\\\/tutto-quello-che-devi-sapere-sulle-slot-online\\\/#breadcrumb\"},\"inLanguage\":\"it-IT\",\"potentialAction\":[{\"@type\":\"ReadAction\",\"target\":[\"https:\\\/\\\/gambling6.com\\\/it\\\/casino\\\/tutto-quello-che-devi-sapere-sulle-slot-online\\\/\"]}]},{\"@type\":\"ImageObject\",\"inLanguage\":\"it-IT\",\"@id\":\"https:\\\/\\\/gambling6.com\\\/it\\\/casino\\\/tutto-quello-che-devi-sapere-sulle-slot-online\\\/#primaryimage\",\"url\":\"https:\\\/\\\/gambling6.com\\\/wp-content\\\/uploads\\\/2013\\\/12\\\/Slots-150x150.jpg\",\"contentUrl\":\"https:\\\/\\\/gambling6.com\\\/wp-content\\\/uploads\\\/2013\\\/12\\\/Slots-150x150.jpg\",\"width\":150,\"height\":150},{\"@type\":\"BreadcrumbList\",\"@id\":\"https:\\\/\\\/gambling6.com\\\/it\\\/casino\\\/tutto-quello-che-devi-sapere-sulle-slot-online\\\/#breadcrumb\",\"itemListElement\":[{\"@type\":\"ListItem\",\"position\":1,\"name\":\"Home\",\"item\":\"https:\\\/\\\/gambling6.com\\\/it\\\/home\\\/\"},{\"@type\":\"ListItem\",\"position\":2,\"name\":\"Casin\u00f2\",\"item\":\"https:\\\/\\\/gambling6.com\\\/it\\\/casino\\\/\"},{\"@type\":\"ListItem\",\"position\":3,\"name\":\"Tutto quello che devi sapere sulle slot online\"}]},{\"@type\":\"WebSite\",\"@id\":\"https:\\\/\\\/gambling6.com\\\/it\\\/#website\",\"url\":\"https:\\\/\\\/gambling6.com\\\/it\\\/\",\"name\":\"Gambling6\",\"description\":\"\",\"potentialAction\":[{\"@type\":\"SearchAction\",\"target\":{\"@type\":\"EntryPoint\",\"urlTemplate\":\"https:\\\/\\\/gambling6.com\\\/it\\\/?s={search_term_string}\"},\"query-input\":{\"@type\":\"PropertyValueSpecification\",\"valueRequired\":true,\"valueName\":\"search_term_string\"}}],\"inLanguage\":\"it-IT\"}]}<\/script>\n<!-- \/ Yoast SEO plugin. -->","yoast_head_json":{"title":"Informazioni su come giocare alle slot online","description":"Impara a giocare alle slot online e a vincere milioni di dollari in jackpot progressivi con un solo clic del mouse.","robots":{"index":"index","follow":"follow","max-snippet":"max-snippet:-1","max-image-preview":"max-image-preview:large","max-video-preview":"max-video-preview:-1"},"canonical":"https:\/\/gambling6.com\/it\/casino\/tutto-quello-che-devi-sapere-sulle-slot-online\/","og_locale":"it_IT","og_type":"article","og_title":"Informazioni su come giocare alle slot online","og_description":"Impara a giocare alle slot online e a vincere milioni di dollari in jackpot progressivi con un solo clic del mouse.","og_url":"https:\/\/gambling6.com\/it\/casino\/tutto-quello-che-devi-sapere-sulle-slot-online\/","og_site_name":"Gambling6","article_modified_time":"2025-11-15T09:47:03+00:00","og_image":[{"width":150,"height":150,"url":"https:\/\/gambling6.com\/wp-content\/uploads\/2013\/12\/Slots-150x150.jpg","type":"image\/jpeg"}],"twitter_card":"summary_large_image","twitter_misc":{"Tempo di lettura stimato":"4 minuti"},"schema":{"@context":"https:\/\/schema.org","@graph":[{"@type":"WebPage","@id":"https:\/\/gambling6.com\/it\/casino\/tutto-quello-che-devi-sapere-sulle-slot-online\/","url":"https:\/\/gambling6.com\/it\/casino\/tutto-quello-che-devi-sapere-sulle-slot-online\/","name":"Informazioni su come giocare alle slot online","isPartOf":{"@id":"https:\/\/gambling6.com\/it\/#website"},"primaryImageOfPage":{"@id":"https:\/\/gambling6.com\/it\/casino\/tutto-quello-che-devi-sapere-sulle-slot-online\/#primaryimage"},"image":{"@id":"https:\/\/gambling6.com\/it\/casino\/tutto-quello-che-devi-sapere-sulle-slot-online\/#primaryimage"},"thumbnailUrl":"https:\/\/gambling6.com\/wp-content\/uploads\/2013\/12\/Slots-150x150.jpg","datePublished":"2025-11-08T10:15:24+00:00","dateModified":"2025-11-15T09:47:03+00:00","description":"Impara a giocare alle slot online e a vincere milioni di dollari in jackpot progressivi con un solo clic del mouse.","breadcrumb":{"@id":"https:\/\/gambling6.com\/it\/casino\/tutto-quello-che-devi-sapere-sulle-slot-online\/#breadcrumb"},"inLanguage":"it-IT","potentialAction":[{"@type":"ReadAction","target":["https:\/\/gambling6.com\/it\/casino\/tutto-quello-che-devi-sapere-sulle-slot-online\/"]}]},{"@type":"ImageObject","inLanguage":"it-IT","@id":"https:\/\/gambling6.com\/it\/casino\/tutto-quello-che-devi-sapere-sulle-slot-online\/#primaryimage","url":"https:\/\/gambling6.com\/wp-content\/uploads\/2013\/12\/Slots-150x150.jpg","contentUrl":"https:\/\/gambling6.com\/wp-content\/uploads\/2013\/12\/Slots-150x150.jpg","width":150,"height":150},{"@type":"BreadcrumbList","@id":"https:\/\/gambling6.com\/it\/casino\/tutto-quello-che-devi-sapere-sulle-slot-online\/#breadcrumb","itemListElement":[{"@type":"ListItem","position":1,"name":"Home","item":"https:\/\/gambling6.com\/it\/home\/"},{"@type":"ListItem","position":2,"name":"Casin\u00f2","item":"https:\/\/gambling6.com\/it\/casino\/"},{"@type":"ListItem","position":3,"name":"Tutto quello che devi sapere sulle slot online"}]},{"@type":"WebSite","@id":"https:\/\/gambling6.com\/it\/#website","url":"https:\/\/gambling6.com\/it\/","name":"Gambling6","description":"","potentialAction":[{"@type":"SearchAction","target":{"@type":"EntryPoint","urlTemplate":"https:\/\/gambling6.com\/it\/?s={search_term_string}"},"query-input":{"@type":"PropertyValueSpecification","valueRequired":true,"valueName":"search_term_string"}}],"inLanguage":"it-IT"}]}},"_links":{"self":[{"href":"https:\/\/gambling6.com\/it\/wp-json\/wp\/v2\/pages\/8938","targetHints":{"allow":["GET"]}}],"collection":[{"href":"https:\/\/gambling6.com\/it\/wp-json\/wp\/v2\/pages"}],"about":[{"href":"https:\/\/gambling6.com\/it\/wp-json\/wp\/v2\/types\/page"}],"author":[{"embeddable":true,"href":"https:\/\/gambling6.com\/it\/wp-json\/wp\/v2\/users\/1"}],"replies":[{"embeddable":true,"href":"https:\/\/gambling6.com\/it\/wp-json\/wp\/v2\/comments?post=8938"}],"version-history":[{"count":2,"href":"https:\/\/gambling6.com\/it\/wp-json\/wp\/v2\/pages\/8938\/revisions"}],"predecessor-version":[{"id":10896,"href":"https:\/\/gambling6.com\/it\/wp-json\/wp\/v2\/pages\/8938\/revisions\/10896"}],"up":[{"embeddable":true,"href":"https:\/\/gambling6.com\/it\/wp-json\/wp\/v2\/pages\/8312"}],"wp:featuredmedia":[{"embeddable":true,"href":"https:\/\/gambling6.com\/it\/wp-json\/wp\/v2\/media\/373"}],"wp:attachment":[{"href":"https:\/\/gambling6.com\/it\/wp-json\/wp\/v2\/media?parent=8938"}],"curies":[{"name":"wp","href":"https:\/\/api.w.org\/{rel}","templated":true}]}}