{"id":8963,"date":"2025-11-08T12:04:59","date_gmt":"2025-11-08T12:04:59","guid":{"rendered":"https:\/\/gambling6.com\/casino\/dove-trovare-slot-di-alta-qualita-online\/"},"modified":"2025-11-15T09:37:01","modified_gmt":"2025-11-15T09:37:01","slug":"dove-trovare-slot-di-alta-qualita-online","status":"publish","type":"page","link":"https:\/\/gambling6.com\/it\/casino\/dove-trovare-slot-di-alta-qualita-online\/","title":{"rendered":"Dove trovare slot di alta qualit\u00e0 online"},"content":{"rendered":"<h2>Casin\u00f2 di slot online di qualit\u00e0<\/h2>\n<p>Quando si tratta di casin\u00f2 online, le slot machine in genere occupano il primo posto in termini di variet\u00e0, numero di giocatori e jackpot. Naturalmente, \u00e8 facile capire perch\u00e9 i giochi di slot online siano cos\u00ec popolari: con un solo giro di simboli, ogni giocatore ha il potenziale per vincere grandi premi, persino milioni di dollari. Infatti, le slot sono cos\u00ec popolari online che alcuni casin\u00f2 online offrono bonus speciali solo per questi giochi, poich\u00e9 i giocatori si iscrivono solo per giocare a diverse slot e non sono interessati ad altro. Poich\u00e9 la strategia migliore nelle slot online \u00e8 giocare di pi\u00f9, questi bonus tornano rapidamente utili. <\/p>\n<h2>Fornitori di software per giochi da casin\u00f2<\/h2>\n<p><img loading=\"lazy\" decoding=\"async\" class=\"size-full wp-image-400 alignright\" src=\"https:\/\/gambling6.com\/wp-content\/uploads\/2013\/12\/mobile-gambling-150x150.jpg\" alt=\"slot machine online\" width=\"150\" height=\"150\" \/>Ogni casin\u00f2 online \u00e8 gestito da uno sviluppatore di software e ci sono diverse aziende che si sono fatte un nome offrendo alcuni dei giochi da casin\u00f2 pi\u00f9 belli su Internet. Segui il link se non sai quale software per slot scegliere: ti porter\u00e0 ai due nomi pi\u00f9 popolari del settore.<\/p>\n<h2>Giocare alle migliori slot su Internet<\/h2>\n<p>La grafica e le funzionalit\u00e0 possono variare notevolmente a seconda del software, quindi \u00e8 sempre una buona idea provare diverse opzioni e vedere quale ti piace di pi\u00f9. Conoscendo l&#8217;aspetto di alcuni giochi di un particolare sviluppatore di software, sar\u00e0 molto pi\u00f9 facile cercare un nuovo casin\u00f2 online per iscriversi. Sebbene alcuni siti offrano alcuni giochi unici, progettati appositamente per il casin\u00f2 online in questione, tutti i siti gestiti dallo stesso fornitore di software offrono praticamente gli stessi giochi. Per garantire la soddisfazione dei propri clienti, alcuni casin\u00f2 online offrono giochi di diversi fornitori di software, e questo \u00e8 sempre un piacere da vedere.<\/p>\n<h3>Giochi di slot online<\/h3>\n<p>Con cos\u00ec tanti casin\u00f2 online che offrono giochi di slot di diversi fornitori, pu\u00f2 essere molto difficile sapere quali siano effettivamente i migliori. Garantir\u00e0 un&#8217;esperienza di gioco eccezionale ogni volta. Dai un&#8217;occhiata a questa opzione, che ora \u00e8 considerata il casin\u00f2 con le migliori slot su internet, poich\u00e9 offre praticamente tutto. Il sito elencato qui potrebbe cambiare se dovesse presentarsi un&#8217;opzione migliore, ma per ora il sito migliore per giocare alle slot \u00e8 888 Casino. 888 \u00e8 uno dei leader nel gioco d&#8217;azzardo online con un ampio bookmaker, una sala da poker realistica e un casin\u00f2 grandioso.<\/p>\n<p>Ci\u00f2 che rende 888 Casino un posto cos\u00ec fantastico per giocare alle slot \u00e8 la sua ampia scelta, con titoli di Playtech, IGT, Microgaming e alcuni dei loro giochi. Un nuovo giocatore impiegher\u00e0 diversi giorni per provare tutti i giochi disponibili, e i diversi stili garantiscono che non si annoier\u00e0 mai.<br \/>\n<a href=\"https:\/\/ic.aff-handler.com\/C\/45871?sr=1064399&amp;anid=\" rel=\"nofollow\"><img loading=\"lazy\" decoding=\"async\" class=\"aligncenter\" src=\"https:\/\/ic.aff-handler.com\/I\/45871?sr=1064399&amp;anid=\" width=\"725\" height=\"93\" \/><\/a><\/p>\n<p>Ovviamente, un buon casin\u00f2 online non si basa solo sui giochi che offre; diversi fattori devono essere considerati significativi affinch\u00e9 il sito nel suo complesso possa essere considerato significativo. Forse la cosa pi\u00f9 importante \u00e8 la sicurezza, poich\u00e9 le transazioni finanziarie sono una parte importante del gioco d&#8217;azzardo online e il casin\u00f2 online dovrebbe garantire che tutto sia sicuro e protetto in ogni momento.<\/p>\n<p>E se sei residente negli Stati Uniti, la legislazione statunitense ti impedisce di iscriverti a 888 Casino. Le valide alternative per i giocatori statunitensi sono scarse, ma possiamo consigliare BetOnline Casino per tutte le tue attivit\u00e0 di gioco d&#8217;azzardo online. Clicca sul banner qui sotto per visitare BetOnlineCasino: non rimarrai deluso!<\/p>\n<p><a class=\"thirstylink\" title=\"Betonline casino it\" href=\"https:\/\/gambling6.com\/go\/betonline-casino-it\/\" target=\"_blank\" rel=\"nofollow noopener\"><img loading=\"lazy\" decoding=\"async\" class=\" wp-image-7875 aligncenter\" src=\"https:\/\/gambling6.com\/wp-content\/uploads\/2025\/10\/BOL_AQC_banner_468x60_FS1_casino-300x38.gif\" alt=\"BetOnline casino\" width=\"553\" height=\"70\" \/><\/a><\/p>\n<p>Ecco perch\u00e9 \u00e8 sempre bene controllare le recensioni e vedere quali casin\u00f2 online sono affidabili e quali sono noti per i problemi di pagamento. Dato che stiamo parlando di denaro, bonus e promozioni sono diventati molto importanti negli ultimi anni e di solito sono la prima cosa che un nuovo giocatore controlla. \u00c8 molto comune che i migliori casin\u00f2 online offrano bonus di benvenuto basati sull&#8217;importo del deposito; i bonus per le slot sono i pi\u00f9 comuni grazie alla popolarit\u00e0 del gioco.<\/p>\n","protected":false},"excerpt":{"rendered":"<p>Casin\u00f2 di slot online di qualit\u00e0 Quando si tratta di casin\u00f2 online, le slot machine in genere occupano il primo posto in termini di variet\u00e0, numero di giocatori e jackpot. Naturalmente, \u00e8 facile capire perch\u00e9 i giochi di slot online siano cos\u00ec popolari: con un solo giro di simboli, ogni giocatore ha il potenziale per [&hellip;]<\/p>\n","protected":false},"author":1,"featured_media":0,"parent":8312,"menu_order":47,"comment_status":"closed","ping_status":"closed","template":"","meta":{"footnotes":""},"class_list":["post-8963","page","type-page","status-publish","hentry"],"yoast_head":"<!-- This site is optimized with the Yoast SEO plugin v27.3 - https:\/\/yoast.com\/product\/yoast-seo-wordpress\/ -->\n<title>Slot machine online di alta qualit\u00e0<\/title>\n<meta name=\"description\" content=\"Gioca alle migliori slot machine e ai migliori giochi di slot su Internet. Trova slot machine online di alta qualit\u00e0 qui!\" \/>\n<meta name=\"robots\" content=\"index, follow, max-snippet:-1, max-image-preview:large, max-video-preview:-1\" \/>\n<link rel=\"canonical\" href=\"https:\/\/gambling6.com\/it\/casino\/dove-trovare-slot-di-alta-qualita-online\/\" \/>\n<meta property=\"og:locale\" content=\"it_IT\" \/>\n<meta property=\"og:type\" content=\"article\" \/>\n<meta property=\"og:title\" content=\"Slot machine online di alta qualit\u00e0\" \/>\n<meta property=\"og:description\" content=\"Gioca alle migliori slot machine e ai migliori giochi di slot su Internet. Trova slot machine online di alta qualit\u00e0 qui!\" \/>\n<meta property=\"og:url\" content=\"https:\/\/gambling6.com\/it\/casino\/dove-trovare-slot-di-alta-qualita-online\/\" \/>\n<meta property=\"og:site_name\" content=\"Gambling6\" \/>\n<meta property=\"article:modified_time\" content=\"2025-11-15T09:37:01+00:00\" \/>\n<meta property=\"og:image\" content=\"https:\/\/gambling6.com\/wp-content\/uploads\/2013\/12\/mobile-gambling-150x150.jpg\" \/>\n\t<meta property=\"og:image:width\" content=\"150\" \/>\n\t<meta property=\"og:image:height\" content=\"150\" \/>\n\t<meta property=\"og:image:type\" content=\"image\/jpeg\" \/>\n<meta name=\"twitter:card\" content=\"summary_large_image\" \/>\n<meta name=\"twitter:label1\" content=\"Tempo di lettura stimato\" \/>\n\t<meta name=\"twitter:data1\" content=\"3 minuti\" \/>\n<script type=\"application\/ld+json\" class=\"yoast-schema-graph\">{\"@context\":\"https:\\\/\\\/schema.org\",\"@graph\":[{\"@type\":\"WebPage\",\"@id\":\"https:\\\/\\\/gambling6.com\\\/it\\\/casino\\\/dove-trovare-slot-di-alta-qualita-online\\\/\",\"url\":\"https:\\\/\\\/gambling6.com\\\/it\\\/casino\\\/dove-trovare-slot-di-alta-qualita-online\\\/\",\"name\":\"Slot machine online di alta qualit\u00e0\",\"isPartOf\":{\"@id\":\"https:\\\/\\\/gambling6.com\\\/it\\\/#website\"},\"primaryImageOfPage\":{\"@id\":\"https:\\\/\\\/gambling6.com\\\/it\\\/casino\\\/dove-trovare-slot-di-alta-qualita-online\\\/#primaryimage\"},\"image\":{\"@id\":\"https:\\\/\\\/gambling6.com\\\/it\\\/casino\\\/dove-trovare-slot-di-alta-qualita-online\\\/#primaryimage\"},\"thumbnailUrl\":\"https:\\\/\\\/gambling6.com\\\/wp-content\\\/uploads\\\/2013\\\/12\\\/mobile-gambling-150x150.jpg\",\"datePublished\":\"2025-11-08T12:04:59+00:00\",\"dateModified\":\"2025-11-15T09:37:01+00:00\",\"description\":\"Gioca alle migliori slot machine e ai migliori giochi di slot su Internet. Trova slot machine online di alta qualit\u00e0 qui!\",\"breadcrumb\":{\"@id\":\"https:\\\/\\\/gambling6.com\\\/it\\\/casino\\\/dove-trovare-slot-di-alta-qualita-online\\\/#breadcrumb\"},\"inLanguage\":\"it-IT\",\"potentialAction\":[{\"@type\":\"ReadAction\",\"target\":[\"https:\\\/\\\/gambling6.com\\\/it\\\/casino\\\/dove-trovare-slot-di-alta-qualita-online\\\/\"]}]},{\"@type\":\"ImageObject\",\"inLanguage\":\"it-IT\",\"@id\":\"https:\\\/\\\/gambling6.com\\\/it\\\/casino\\\/dove-trovare-slot-di-alta-qualita-online\\\/#primaryimage\",\"url\":\"https:\\\/\\\/gambling6.com\\\/wp-content\\\/uploads\\\/2013\\\/12\\\/mobile-gambling-150x150.jpg\",\"contentUrl\":\"https:\\\/\\\/gambling6.com\\\/wp-content\\\/uploads\\\/2013\\\/12\\\/mobile-gambling-150x150.jpg\"},{\"@type\":\"BreadcrumbList\",\"@id\":\"https:\\\/\\\/gambling6.com\\\/it\\\/casino\\\/dove-trovare-slot-di-alta-qualita-online\\\/#breadcrumb\",\"itemListElement\":[{\"@type\":\"ListItem\",\"position\":1,\"name\":\"Home\",\"item\":\"https:\\\/\\\/gambling6.com\\\/it\\\/home\\\/\"},{\"@type\":\"ListItem\",\"position\":2,\"name\":\"Casin\u00f2\",\"item\":\"https:\\\/\\\/gambling6.com\\\/it\\\/casino\\\/\"},{\"@type\":\"ListItem\",\"position\":3,\"name\":\"Dove trovare slot di alta qualit\u00e0 online\"}]},{\"@type\":\"WebSite\",\"@id\":\"https:\\\/\\\/gambling6.com\\\/it\\\/#website\",\"url\":\"https:\\\/\\\/gambling6.com\\\/it\\\/\",\"name\":\"Gambling6\",\"description\":\"\",\"potentialAction\":[{\"@type\":\"SearchAction\",\"target\":{\"@type\":\"EntryPoint\",\"urlTemplate\":\"https:\\\/\\\/gambling6.com\\\/it\\\/?s={search_term_string}\"},\"query-input\":{\"@type\":\"PropertyValueSpecification\",\"valueRequired\":true,\"valueName\":\"search_term_string\"}}],\"inLanguage\":\"it-IT\"}]}<\/script>\n<!-- \/ Yoast SEO plugin. -->","yoast_head_json":{"title":"Slot machine online di alta qualit\u00e0","description":"Gioca alle migliori slot machine e ai migliori giochi di slot su Internet. Trova slot machine online di alta qualit\u00e0 qui!","robots":{"index":"index","follow":"follow","max-snippet":"max-snippet:-1","max-image-preview":"max-image-preview:large","max-video-preview":"max-video-preview:-1"},"canonical":"https:\/\/gambling6.com\/it\/casino\/dove-trovare-slot-di-alta-qualita-online\/","og_locale":"it_IT","og_type":"article","og_title":"Slot machine online di alta qualit\u00e0","og_description":"Gioca alle migliori slot machine e ai migliori giochi di slot su Internet. Trova slot machine online di alta qualit\u00e0 qui!","og_url":"https:\/\/gambling6.com\/it\/casino\/dove-trovare-slot-di-alta-qualita-online\/","og_site_name":"Gambling6","article_modified_time":"2025-11-15T09:37:01+00:00","og_image":[{"width":150,"height":150,"url":"https:\/\/gambling6.com\/wp-content\/uploads\/2013\/12\/mobile-gambling-150x150.jpg","type":"image\/jpeg"}],"twitter_card":"summary_large_image","twitter_misc":{"Tempo di lettura stimato":"3 minuti"},"schema":{"@context":"https:\/\/schema.org","@graph":[{"@type":"WebPage","@id":"https:\/\/gambling6.com\/it\/casino\/dove-trovare-slot-di-alta-qualita-online\/","url":"https:\/\/gambling6.com\/it\/casino\/dove-trovare-slot-di-alta-qualita-online\/","name":"Slot machine online di alta qualit\u00e0","isPartOf":{"@id":"https:\/\/gambling6.com\/it\/#website"},"primaryImageOfPage":{"@id":"https:\/\/gambling6.com\/it\/casino\/dove-trovare-slot-di-alta-qualita-online\/#primaryimage"},"image":{"@id":"https:\/\/gambling6.com\/it\/casino\/dove-trovare-slot-di-alta-qualita-online\/#primaryimage"},"thumbnailUrl":"https:\/\/gambling6.com\/wp-content\/uploads\/2013\/12\/mobile-gambling-150x150.jpg","datePublished":"2025-11-08T12:04:59+00:00","dateModified":"2025-11-15T09:37:01+00:00","description":"Gioca alle migliori slot machine e ai migliori giochi di slot su Internet. Trova slot machine online di alta qualit\u00e0 qui!","breadcrumb":{"@id":"https:\/\/gambling6.com\/it\/casino\/dove-trovare-slot-di-alta-qualita-online\/#breadcrumb"},"inLanguage":"it-IT","potentialAction":[{"@type":"ReadAction","target":["https:\/\/gambling6.com\/it\/casino\/dove-trovare-slot-di-alta-qualita-online\/"]}]},{"@type":"ImageObject","inLanguage":"it-IT","@id":"https:\/\/gambling6.com\/it\/casino\/dove-trovare-slot-di-alta-qualita-online\/#primaryimage","url":"https:\/\/gambling6.com\/wp-content\/uploads\/2013\/12\/mobile-gambling-150x150.jpg","contentUrl":"https:\/\/gambling6.com\/wp-content\/uploads\/2013\/12\/mobile-gambling-150x150.jpg"},{"@type":"BreadcrumbList","@id":"https:\/\/gambling6.com\/it\/casino\/dove-trovare-slot-di-alta-qualita-online\/#breadcrumb","itemListElement":[{"@type":"ListItem","position":1,"name":"Home","item":"https:\/\/gambling6.com\/it\/home\/"},{"@type":"ListItem","position":2,"name":"Casin\u00f2","item":"https:\/\/gambling6.com\/it\/casino\/"},{"@type":"ListItem","position":3,"name":"Dove trovare slot di alta qualit\u00e0 online"}]},{"@type":"WebSite","@id":"https:\/\/gambling6.com\/it\/#website","url":"https:\/\/gambling6.com\/it\/","name":"Gambling6","description":"","potentialAction":[{"@type":"SearchAction","target":{"@type":"EntryPoint","urlTemplate":"https:\/\/gambling6.com\/it\/?s={search_term_string}"},"query-input":{"@type":"PropertyValueSpecification","valueRequired":true,"valueName":"search_term_string"}}],"inLanguage":"it-IT"}]}},"_links":{"self":[{"href":"https:\/\/gambling6.com\/it\/wp-json\/wp\/v2\/pages\/8963","targetHints":{"allow":["GET"]}}],"collection":[{"href":"https:\/\/gambling6.com\/it\/wp-json\/wp\/v2\/pages"}],"about":[{"href":"https:\/\/gambling6.com\/it\/wp-json\/wp\/v2\/types\/page"}],"author":[{"embeddable":true,"href":"https:\/\/gambling6.com\/it\/wp-json\/wp\/v2\/users\/1"}],"replies":[{"embeddable":true,"href":"https:\/\/gambling6.com\/it\/wp-json\/wp\/v2\/comments?post=8963"}],"version-history":[{"count":1,"href":"https:\/\/gambling6.com\/it\/wp-json\/wp\/v2\/pages\/8963\/revisions"}],"predecessor-version":[{"id":10886,"href":"https:\/\/gambling6.com\/it\/wp-json\/wp\/v2\/pages\/8963\/revisions\/10886"}],"up":[{"embeddable":true,"href":"https:\/\/gambling6.com\/it\/wp-json\/wp\/v2\/pages\/8312"}],"wp:attachment":[{"href":"https:\/\/gambling6.com\/it\/wp-json\/wp\/v2\/media?parent=8963"}],"curies":[{"name":"wp","href":"https:\/\/api.w.org\/{rel}","templated":true}]}}