{"id":9012,"date":"2025-11-08T13:04:59","date_gmt":"2025-11-08T13:04:59","guid":{"rendered":"https:\/\/gambling6.com\/casino\/alcuni-giochi-da-casino-sono-davvero-gratuiti\/"},"modified":"2025-11-08T13:04:59","modified_gmt":"2025-11-08T13:04:59","slug":"alcuni-giochi-da-casino-sono-davvero-gratuiti","status":"publish","type":"page","link":"https:\/\/gambling6.com\/it\/casino\/alcuni-giochi-da-casino-sono-davvero-gratuiti\/","title":{"rendered":"Alcuni giochi da casin\u00f2 sono davvero gratuiti!"},"content":{"rendered":"<h2>Perch\u00e9 i casin\u00f2 offrono giochi gratuiti<\/h2>\n<p>Con l&#8217;avvento della tecnologia Internet, la maggior parte degli <a href=\"http:\/\/gambling6.com\/wp-content\/uploads\/2013\/12\/img_116.png\"><img loading=\"lazy\" decoding=\"async\" class=\"alignright size-full wp-image-638 alignleft size-full wp-image-238\" style=\"margin: 5px; float: left;\" src=\"http:\/\/gambling6.com\/wp-content\/uploads\/2013\/12\/img_116.png\" alt=\"fre2 giochi da casin\u00f2\" width=\"219\" height=\"151\" \/><\/a>appassionati di casin\u00f2 hanno iniziato a giocare ai giochi da casin\u00f2 comodamente da casa. I casin\u00f2 online offrono pi\u00f9 vantaggi rispetto ai casin\u00f2 tradizionali. Giocare online non solo offre comodit\u00e0, ma ti permette anche di giocare ai tuoi giochi preferiti senza rischiare i tuoi soldi. I casin\u00f2 online affrontano una forte concorrenza, quindi offrono giochi gratuiti per incoraggiare nuovi giocatori a diventare membri. Puoi giocare a questi giochi gratuiti finch\u00e9 non affini le tue abilit\u00e0 e diventi un esperto.<\/p>\n<h2>Cosa aspettarsi quando si scelgono i casin\u00f2 che offrono giochi gratuiti<\/h2>\n<p>La cosa pi\u00f9 importante da fare per giocare gratuitamente ai giochi da casin\u00f2 \u00e8 cercare un buon sito web che offra un&#8217;ampia variet\u00e0 di giochi gratuiti. Assicurati che il sito web sia affidabile e con una buona reputazione. La tua avventura di gioco online inizia con l&#8217;apertura di un account. I casin\u00f2 online richiedono di fornire dati personali come nome, et\u00e0, indirizzo e indirizzo email. I casin\u00f2 migliori cercano di offrire un ambiente sicuro e confortevole, dove puoi divertirti giocando ai tuoi giochi preferiti per ore. Una volta registrato il tuo account sul sito web, puoi scegliere tra la modalit\u00e0 per divertimento e quella con soldi veri. Puoi scegliere tra la modalit\u00e0 per divertimento o quella con soldi veri per provare diversi giochi senza spendere soldi dal tuo portafoglio.<\/p>\n<h2>Esistono rischi nel giocare gratuitamente?<\/h2>\n<p>Non ci sono rischi nel giocare gratuitamente ai giochi da casin\u00f2 se si presta attenzione alla scelta di un sito web affidabile. I casin\u00f2 adottano tutte le misure essenziali per offrirti un&#8217;esperienza di gioco piacevole, cos\u00ec che tu possa diventare un vero giocatore.<\/p>\n<p>Se desideri provare i giochi da casin\u00f2 gratuitamente mentre giochi con soldi veri, abbiamo un&#8217;ottima raccomandazione per te. 888 Casino ti offre 20 \u20ac con cui giocare, senza dover effettuare alcun deposito. E se decidi di depositare fondi aggiuntivi in \u200b\u200bseguito, riceverai comunque un altro bonus fino a 1500 \u20ac sul tuo primo deposito. <a href=\"https:\/\/ic.aff-handler.com\/C\/45871?sr=1064399&amp;anid=\" rel=\"nofollow\"><img loading=\"lazy\" decoding=\"async\" class=\"aligncenter\" src=\"https:\/\/ic.aff-handler.com\/I\/45871?sr=1064399&amp;anid=\" width=\"594\" height=\"77\" \/><\/a><br \/>\n<strong>Ci sono restrizioni?<\/strong><\/p>\n<p>I casin\u00f2 online di solito consentono di giocare per un numero specifico di volte e per un periodo di tempo specifico. Potrebbero esserci delle restrizioni per i giochi gratuiti. I casin\u00f2 potrebbero non consentire di giocare gratuitamente a tutti i giochi presenti sul loro sito web. La maggior parte dei casin\u00f2 richiede di piazzare la scommessa un numero specifico di volte prima di poter prelevare i fondi vinti.<\/p>\n<h2>Dove trovare giochi da casin\u00f2 gratuiti<\/h2>\n<p>Molti siti web consentono di giocare gratuitamente ai giochi da casin\u00f2. Il posto migliore per giocare gratuitamente \u00e8 un sito che non richiede il download di alcun software. Ti permette di giocare all&#8217;istante cliccando sul tuo gioco preferito. Puoi verificare se il sito offre un&#8217;ampia gamma di giochi gratuiti, come giochi da tavolo, slot machine, bingo, video poker e altri giochi, in modo da non annoiarti presto.<\/p>\n<p>I giochi da casin\u00f2 gratuiti ti offrono la possibilit\u00e0 di testare qualsiasi nuovo programma, tecnica o strategia e verificare se funzioner\u00e0 per te in un vero ambiente di gioco online. Poich\u00e9 non perderai denaro, non sentirai alcuna pressione mentre giochi.<\/p>\n","protected":false},"excerpt":{"rendered":"<p>Perch\u00e9 i casin\u00f2 offrono giochi gratuiti Con l&#8217;avvento della tecnologia Internet, la maggior parte degli appassionati di casin\u00f2 hanno iniziato a giocare ai giochi da casin\u00f2 comodamente da casa. I casin\u00f2 online offrono pi\u00f9 vantaggi rispetto ai casin\u00f2 tradizionali. Giocare online non solo offre comodit\u00e0, ma ti permette anche di giocare ai tuoi giochi preferiti [&hellip;]<\/p>\n","protected":false},"author":1,"featured_media":241,"parent":8312,"menu_order":53,"comment_status":"closed","ping_status":"closed","template":"","meta":{"footnotes":""},"class_list":["post-9012","page","type-page","status-publish","has-post-thumbnail","hentry"],"yoast_head":"<!-- This site is optimized with the Yoast SEO plugin v27.6 - https:\/\/yoast.com\/product\/yoast-seo-wordpress\/ -->\n<title>Gioca gratuitamente ai giochi da casin\u00f2 online<\/title>\n<meta name=\"description\" content=\"Giocare ai giochi da casin\u00f2 gratuiti \u00e8 molto divertente. Conoscere alcune cose importanti sui giochi da casin\u00f2 gratuiti pu\u00f2 aiutarti.\" \/>\n<meta name=\"robots\" content=\"index, follow, max-snippet:-1, max-image-preview:large, max-video-preview:-1\" \/>\n<link rel=\"canonical\" href=\"https:\/\/gambling6.com\/it\/casino\/alcuni-giochi-da-casino-sono-davvero-gratuiti\/\" \/>\n<meta property=\"og:locale\" content=\"it_IT\" \/>\n<meta property=\"og:type\" content=\"article\" \/>\n<meta property=\"og:title\" content=\"Gioca gratuitamente ai giochi da casin\u00f2 online\" \/>\n<meta property=\"og:description\" content=\"Giocare ai giochi da casin\u00f2 gratuiti \u00e8 molto divertente. Conoscere alcune cose importanti sui giochi da casin\u00f2 gratuiti pu\u00f2 aiutarti.\" \/>\n<meta property=\"og:url\" content=\"https:\/\/gambling6.com\/it\/casino\/alcuni-giochi-da-casino-sono-davvero-gratuiti\/\" \/>\n<meta property=\"og:site_name\" content=\"Gambling6\" \/>\n<meta property=\"og:image\" content=\"https:\/\/gambling6.com\/wp-content\/uploads\/2013\/12\/img_116.png\" \/>\n\t<meta property=\"og:image:width\" content=\"270\" \/>\n\t<meta property=\"og:image:height\" content=\"186\" \/>\n\t<meta property=\"og:image:type\" content=\"image\/png\" \/>\n<meta name=\"twitter:card\" content=\"summary_large_image\" \/>\n<meta name=\"twitter:label1\" content=\"Tempo di lettura stimato\" \/>\n\t<meta name=\"twitter:data1\" content=\"3 minuti\" \/>\n<script type=\"application\/ld+json\" class=\"yoast-schema-graph\">{\"@context\":\"https:\\\/\\\/schema.org\",\"@graph\":[{\"@type\":\"WebPage\",\"@id\":\"https:\\\/\\\/gambling6.com\\\/it\\\/casino\\\/alcuni-giochi-da-casino-sono-davvero-gratuiti\\\/\",\"url\":\"https:\\\/\\\/gambling6.com\\\/it\\\/casino\\\/alcuni-giochi-da-casino-sono-davvero-gratuiti\\\/\",\"name\":\"Gioca gratuitamente ai giochi da casin\u00f2 online\",\"isPartOf\":{\"@id\":\"https:\\\/\\\/gambling6.com\\\/it\\\/#website\"},\"primaryImageOfPage\":{\"@id\":\"https:\\\/\\\/gambling6.com\\\/it\\\/casino\\\/alcuni-giochi-da-casino-sono-davvero-gratuiti\\\/#primaryimage\"},\"image\":{\"@id\":\"https:\\\/\\\/gambling6.com\\\/it\\\/casino\\\/alcuni-giochi-da-casino-sono-davvero-gratuiti\\\/#primaryimage\"},\"thumbnailUrl\":\"https:\\\/\\\/gambling6.com\\\/wp-content\\\/uploads\\\/2013\\\/12\\\/img_116.png\",\"datePublished\":\"2025-11-08T13:04:59+00:00\",\"description\":\"Giocare ai giochi da casin\u00f2 gratuiti \u00e8 molto divertente. Conoscere alcune cose importanti sui giochi da casin\u00f2 gratuiti pu\u00f2 aiutarti.\",\"breadcrumb\":{\"@id\":\"https:\\\/\\\/gambling6.com\\\/it\\\/casino\\\/alcuni-giochi-da-casino-sono-davvero-gratuiti\\\/#breadcrumb\"},\"inLanguage\":\"it-IT\",\"potentialAction\":[{\"@type\":\"ReadAction\",\"target\":[\"https:\\\/\\\/gambling6.com\\\/it\\\/casino\\\/alcuni-giochi-da-casino-sono-davvero-gratuiti\\\/\"]}]},{\"@type\":\"ImageObject\",\"inLanguage\":\"it-IT\",\"@id\":\"https:\\\/\\\/gambling6.com\\\/it\\\/casino\\\/alcuni-giochi-da-casino-sono-davvero-gratuiti\\\/#primaryimage\",\"url\":\"https:\\\/\\\/gambling6.com\\\/wp-content\\\/uploads\\\/2013\\\/12\\\/img_116.png\",\"contentUrl\":\"https:\\\/\\\/gambling6.com\\\/wp-content\\\/uploads\\\/2013\\\/12\\\/img_116.png\",\"width\":270,\"height\":186},{\"@type\":\"BreadcrumbList\",\"@id\":\"https:\\\/\\\/gambling6.com\\\/it\\\/casino\\\/alcuni-giochi-da-casino-sono-davvero-gratuiti\\\/#breadcrumb\",\"itemListElement\":[{\"@type\":\"ListItem\",\"position\":1,\"name\":\"Home\",\"item\":\"https:\\\/\\\/gambling6.com\\\/it\\\/home\\\/\"},{\"@type\":\"ListItem\",\"position\":2,\"name\":\"Casin\u00f2\",\"item\":\"https:\\\/\\\/gambling6.com\\\/it\\\/casino\\\/\"},{\"@type\":\"ListItem\",\"position\":3,\"name\":\"Alcuni giochi da casin\u00f2 sono davvero gratuiti!\"}]},{\"@type\":\"WebSite\",\"@id\":\"https:\\\/\\\/gambling6.com\\\/it\\\/#website\",\"url\":\"https:\\\/\\\/gambling6.com\\\/it\\\/\",\"name\":\"Gambling6\",\"description\":\"\",\"potentialAction\":[{\"@type\":\"SearchAction\",\"target\":{\"@type\":\"EntryPoint\",\"urlTemplate\":\"https:\\\/\\\/gambling6.com\\\/it\\\/?s={search_term_string}\"},\"query-input\":{\"@type\":\"PropertyValueSpecification\",\"valueRequired\":true,\"valueName\":\"search_term_string\"}}],\"inLanguage\":\"it-IT\"}]}<\/script>\n<!-- \/ Yoast SEO plugin. -->","yoast_head_json":{"title":"Gioca gratuitamente ai giochi da casin\u00f2 online","description":"Giocare ai giochi da casin\u00f2 gratuiti \u00e8 molto divertente. Conoscere alcune cose importanti sui giochi da casin\u00f2 gratuiti pu\u00f2 aiutarti.","robots":{"index":"index","follow":"follow","max-snippet":"max-snippet:-1","max-image-preview":"max-image-preview:large","max-video-preview":"max-video-preview:-1"},"canonical":"https:\/\/gambling6.com\/it\/casino\/alcuni-giochi-da-casino-sono-davvero-gratuiti\/","og_locale":"it_IT","og_type":"article","og_title":"Gioca gratuitamente ai giochi da casin\u00f2 online","og_description":"Giocare ai giochi da casin\u00f2 gratuiti \u00e8 molto divertente. Conoscere alcune cose importanti sui giochi da casin\u00f2 gratuiti pu\u00f2 aiutarti.","og_url":"https:\/\/gambling6.com\/it\/casino\/alcuni-giochi-da-casino-sono-davvero-gratuiti\/","og_site_name":"Gambling6","og_image":[{"width":270,"height":186,"url":"https:\/\/gambling6.com\/wp-content\/uploads\/2013\/12\/img_116.png","type":"image\/png"}],"twitter_card":"summary_large_image","twitter_misc":{"Tempo di lettura stimato":"3 minuti"},"schema":{"@context":"https:\/\/schema.org","@graph":[{"@type":"WebPage","@id":"https:\/\/gambling6.com\/it\/casino\/alcuni-giochi-da-casino-sono-davvero-gratuiti\/","url":"https:\/\/gambling6.com\/it\/casino\/alcuni-giochi-da-casino-sono-davvero-gratuiti\/","name":"Gioca gratuitamente ai giochi da casin\u00f2 online","isPartOf":{"@id":"https:\/\/gambling6.com\/it\/#website"},"primaryImageOfPage":{"@id":"https:\/\/gambling6.com\/it\/casino\/alcuni-giochi-da-casino-sono-davvero-gratuiti\/#primaryimage"},"image":{"@id":"https:\/\/gambling6.com\/it\/casino\/alcuni-giochi-da-casino-sono-davvero-gratuiti\/#primaryimage"},"thumbnailUrl":"https:\/\/gambling6.com\/wp-content\/uploads\/2013\/12\/img_116.png","datePublished":"2025-11-08T13:04:59+00:00","description":"Giocare ai giochi da casin\u00f2 gratuiti \u00e8 molto divertente. Conoscere alcune cose importanti sui giochi da casin\u00f2 gratuiti pu\u00f2 aiutarti.","breadcrumb":{"@id":"https:\/\/gambling6.com\/it\/casino\/alcuni-giochi-da-casino-sono-davvero-gratuiti\/#breadcrumb"},"inLanguage":"it-IT","potentialAction":[{"@type":"ReadAction","target":["https:\/\/gambling6.com\/it\/casino\/alcuni-giochi-da-casino-sono-davvero-gratuiti\/"]}]},{"@type":"ImageObject","inLanguage":"it-IT","@id":"https:\/\/gambling6.com\/it\/casino\/alcuni-giochi-da-casino-sono-davvero-gratuiti\/#primaryimage","url":"https:\/\/gambling6.com\/wp-content\/uploads\/2013\/12\/img_116.png","contentUrl":"https:\/\/gambling6.com\/wp-content\/uploads\/2013\/12\/img_116.png","width":270,"height":186},{"@type":"BreadcrumbList","@id":"https:\/\/gambling6.com\/it\/casino\/alcuni-giochi-da-casino-sono-davvero-gratuiti\/#breadcrumb","itemListElement":[{"@type":"ListItem","position":1,"name":"Home","item":"https:\/\/gambling6.com\/it\/home\/"},{"@type":"ListItem","position":2,"name":"Casin\u00f2","item":"https:\/\/gambling6.com\/it\/casino\/"},{"@type":"ListItem","position":3,"name":"Alcuni giochi da casin\u00f2 sono davvero gratuiti!"}]},{"@type":"WebSite","@id":"https:\/\/gambling6.com\/it\/#website","url":"https:\/\/gambling6.com\/it\/","name":"Gambling6","description":"","potentialAction":[{"@type":"SearchAction","target":{"@type":"EntryPoint","urlTemplate":"https:\/\/gambling6.com\/it\/?s={search_term_string}"},"query-input":{"@type":"PropertyValueSpecification","valueRequired":true,"valueName":"search_term_string"}}],"inLanguage":"it-IT"}]}},"_links":{"self":[{"href":"https:\/\/gambling6.com\/it\/wp-json\/wp\/v2\/pages\/9012","targetHints":{"allow":["GET"]}}],"collection":[{"href":"https:\/\/gambling6.com\/it\/wp-json\/wp\/v2\/pages"}],"about":[{"href":"https:\/\/gambling6.com\/it\/wp-json\/wp\/v2\/types\/page"}],"author":[{"embeddable":true,"href":"https:\/\/gambling6.com\/it\/wp-json\/wp\/v2\/users\/1"}],"replies":[{"embeddable":true,"href":"https:\/\/gambling6.com\/it\/wp-json\/wp\/v2\/comments?post=9012"}],"version-history":[{"count":0,"href":"https:\/\/gambling6.com\/it\/wp-json\/wp\/v2\/pages\/9012\/revisions"}],"up":[{"embeddable":true,"href":"https:\/\/gambling6.com\/it\/wp-json\/wp\/v2\/pages\/8312"}],"wp:featuredmedia":[{"embeddable":true,"href":"https:\/\/gambling6.com\/it\/wp-json\/wp\/v2\/media\/241"}],"wp:attachment":[{"href":"https:\/\/gambling6.com\/it\/wp-json\/wp\/v2\/media?parent=9012"}],"curies":[{"name":"wp","href":"https:\/\/api.w.org\/{rel}","templated":true}]}}