{"id":9048,"date":"2025-11-08T13:40:39","date_gmt":"2025-11-08T13:40:39","guid":{"rendered":"https:\/\/gambling6.com\/casino\/casino-online-con-denaro-reale-comprendere-le-clausole-scritte-in-piccolo\/"},"modified":"2025-11-15T09:09:21","modified_gmt":"2025-11-15T09:09:21","slug":"casino-online-con-denaro-reale-comprendere-le-clausole-scritte-in-piccolo","status":"publish","type":"page","link":"https:\/\/gambling6.com\/it\/casino\/casino-online-con-denaro-reale-comprendere-le-clausole-scritte-in-piccolo\/","title":{"rendered":"Casin\u00f2 online con denaro reale: comprendere le clausole scritte in piccolo"},"content":{"rendered":"<h2>Verifica dei termini e condizioni dei casin\u00f2 online<\/h2>\n<p><img loading=\"lazy\" decoding=\"async\" class=\"alignright size-full wp-image-62 alignleft size-full wp-image-64\" style=\"margin: 5px; float: left;\" title=\"caratteri speciali del casin\u00f2\" src=\"http:\/\/gambling6.com\/wp-content\/uploads\/2013\/12\/casino-fine-print.jpg\" alt=\"termini e condizioni dei termini e condizioni dei casin\u00f2\" width=\"168\" height=\"147\" \/><span style=\"box-sizing: border-box; margin: 0px; padding: 0px;\">Quando ti registri a un <strong>casin\u00f2 online con denaro reale,<\/strong> ti viene richiesto di accettare il contratto di utilizzo, che contiene i termini e le condizioni del casin\u00f2 online che devi rispettare.<\/span> Alcune di queste condizioni riguardano i processi bancari del casin\u00f2, mentre altre possono riguardare scommesse, giochi e bonus.<\/p>\n<p>\u00c8 essenziale comprendere e comprendere appieno l&#8217;impatto di questi termini e condizioni prima di accettarli. Il trasferimento di fondi da e verso il casin\u00f2 \u00e8 forse la funzione pi\u00f9 critica che influisce sul giocatore. Pertanto, \u00e8 essenziale essere consapevoli di cosa si sta esattamente affrontando accettando i termini del casin\u00f2. In questo articolo, miriamo a semplificare il linguaggio legale per spiegare cosa comportano tali condizioni. Il giocatore deve accettare determinati obblighi quando accetta il contratto d&#8217;uso. Deve anche fornire determinate garanzie.<\/p>\n<p>In generale, si pu\u00f2 affermare che alcuni casin\u00f2 online includono paragrafi nelle clausole scritte in piccolo che possono avere conseguenze molto negative per i giocatori. Fanno affidamento sul fatto che nessuno leggerebbe tutte le clausole scritte in piccolo. Di conseguenza, suggeriamo di affidarsi a casin\u00f2 regolamentati, con una buona reputazione e, quindi, con termini e condizioni equi.<\/p>\n<p>BetOnline Casino \u00e8 uno di questi casin\u00f2. Le clausole scritte in piccolo non contengono sorprese. Riflettono il fatto che, a causa delle recenti normative statunitensi, il processo di deposito e prelievo non \u00e8 pi\u00f9 cos\u00ec semplice come un tempo. Tuttavia, date le circostanze, i loro termini sono ancora equi.<\/p>\n<p><a class=\"thirstylink\" title=\"Betonline casino it\" href=\"https:\/\/gambling6.com\/go\/betonline-casino-it\/\" target=\"_blank\" rel=\"nofollow noopener\"><img loading=\"lazy\" decoding=\"async\" class=\" wp-image-7875 aligncenter\" src=\"https:\/\/gambling6.com\/wp-content\/uploads\/2025\/10\/BOL_AQC_banner_468x60_FS1_casino-300x38.gif\" alt=\"Casin\u00f2 BetOnline\" width=\"498\" height=\"63\" \/><\/a><\/p>\n<h2>Cosa in genere il casin\u00f2 richiede al giocatore di fare<\/h2>\n<p>Il casin\u00f2 si aspetta anche che il giocatore confermi di essere il legittimo proprietario dei fondi utilizzati per le scommesse. In altre parole, non pu\u00f2 utilizzare una carta di credito che non gli appartiene per finanziare il suo conto. Inoltre, la sua carta di credito verr\u00e0 verificata prima di poter effettuare qualsiasi prelievo. Allo stesso modo, non pu\u00f2 utilizzare altre opzioni di pagamento che non siano a suo nome.<\/p>\n<p>Le violazioni dell&#8217;accordo, siano esse relative a procedure bancarie o scommesse, avranno innanzitutto effetto sul conto del giocatore. Se il conto viene sospeso, il casin\u00f2 in contanti pu\u00f2 trattenere i fondi contestati; nella maggior parte dei casi, tratterr\u00e0 tutti i fondi, inclusi bonus, depositi e rimborsi, senza alcuna distinzione. Questo \u00e8 in conformit\u00e0 con i termini che hai accettato.<\/p>\n<p>Se il giocatore deve dei soldi al casin\u00f2, il casin\u00f2 pu\u00f2 fare tutto il possibile per recuperare l&#8217;importo, anche rivolgendosi ad agenzie di recupero crediti. Alcuni casin\u00f2 online hanno politiche severe in materia di conti dormienti. Un mio amico l&#8217;ha imparato a sue spese. Si era registrato in un casin\u00f2 online e ci aveva giocato per un po&#8217; di tempo, vincendo una bella somma. Era passato a un altro casin\u00f2, con l&#8217;intenzione di tornare al primo dopo poco tempo. Quando ha controllato il suo conto la volta successiva, non ha trovato alcun saldo. Contattando il servizio clienti, gli \u00e8 stato detto che i suoi soldi erano stati confiscati perch\u00e9 non giocava al casin\u00f2 da pi\u00f9 di 6 mesi. Questo, ovviamente, \u00e8 un po&#8217; insolito e, anche se ti fosse successo, potresti risolvere il problema con una breve email al servizio clienti.<\/p>\n<h2>Cose a cui fare attenzione<\/h2>\n<p>Tuttavia, se decidi di smettere di giocare al tuo casin\u00f2 online, assicurati di prelevare tutti i fondi presenti sul tuo conto casin\u00f2, indipendentemente dalla durata della pausa. Verifica se verranno addebitate commissioni sui prelievi. Se \u00e8 prevista una commissione fissa per i prelievi, potresti voler prelevare tutti i fondi in una volta sola piuttosto che effettuare pi\u00f9 prelievi. Non prelevare se prevedi di depositare nuovamente poco dopo: perderai denaro. <strong>Confronta le diverse opzioni di elaborazione del denaro disponibili: alcune hanno commissioni pi\u00f9 basse, altre pi\u00f9 alte!<\/strong><\/p>\n<p>Esistono altri termini e condizioni relativi ai bonus e alle offerte promozionali del casin\u00f2. In genere, si tratta di condizioni di ammissibilit\u00e0 e requisiti di scommessa necessari per sbloccare il bonus del casin\u00f2. \u00c8 buona norma leggere e comprendere questi requisiti prima di accettare le offerte bonus del casin\u00f2. Allo stesso modo, prima di registrarsi a qualsiasi casin\u00f2 online, i giocatori devono leggere i termini e le condizioni e comprendere le clausole scritte in piccolo e le domande frequenti sui casin\u00f2 con soldi veri, per evitare inutili complicazioni in seguito. Di solito, i casin\u00f2 online hanno un&#8217;intera pagina dedicata ai termini e alle condizioni per l&#8217;utente finale, e tuIl primo compito da svolgere \u00e8 leggerli attentamente prima di decidere di iscriversi al casin\u00f2.<\/p>\n","protected":false},"excerpt":{"rendered":"<p>Verifica dei termini e condizioni dei casin\u00f2 online Quando ti registri a un casin\u00f2 online con denaro reale, ti viene richiesto di accettare il contratto di utilizzo, che contiene i termini e le condizioni del casin\u00f2 online che devi rispettare. Alcune di queste condizioni riguardano i processi bancari del casin\u00f2, mentre altre possono riguardare scommesse, [&hellip;]<\/p>\n","protected":false},"author":1,"featured_media":67,"parent":8312,"menu_order":68,"comment_status":"closed","ping_status":"closed","template":"","meta":{"footnotes":""},"class_list":["post-9048","page","type-page","status-publish","has-post-thumbnail","hentry"],"yoast_head":"<!-- This site is optimized with the Yoast SEO plugin v27.4 - https:\/\/yoast.com\/product\/yoast-seo-wordpress\/ -->\n<title>A cosa fare attenzione nei termini e condizioni del casin\u00f2<\/title>\n<meta name=\"description\" content=\"A cosa fare attenzione nei termini e condizioni del casin\u00f2\" \/>\n<meta name=\"robots\" content=\"index, follow, max-snippet:-1, max-image-preview:large, max-video-preview:-1\" \/>\n<link rel=\"canonical\" href=\"https:\/\/gambling6.com\/it\/casino\/casino-online-con-denaro-reale-comprendere-le-clausole-scritte-in-piccolo\/\" \/>\n<meta property=\"og:locale\" content=\"it_IT\" \/>\n<meta property=\"og:type\" content=\"article\" \/>\n<meta property=\"og:title\" content=\"A cosa fare attenzione nei termini e condizioni del casin\u00f2\" \/>\n<meta property=\"og:description\" content=\"A cosa fare attenzione nei termini e condizioni del casin\u00f2\" \/>\n<meta property=\"og:url\" content=\"https:\/\/gambling6.com\/it\/casino\/casino-online-con-denaro-reale-comprendere-le-clausole-scritte-in-piccolo\/\" \/>\n<meta property=\"og:site_name\" content=\"Gambling6\" \/>\n<meta property=\"article:modified_time\" content=\"2025-11-15T09:09:21+00:00\" \/>\n<meta property=\"og:image\" content=\"https:\/\/gambling6.com\/wp-content\/uploads\/2013\/12\/casino-fine-print.jpg\" \/>\n\t<meta property=\"og:image:width\" content=\"200\" \/>\n\t<meta property=\"og:image:height\" content=\"175\" \/>\n\t<meta property=\"og:image:type\" content=\"image\/jpeg\" \/>\n<meta name=\"twitter:card\" content=\"summary_large_image\" \/>\n<meta name=\"twitter:label1\" content=\"Tempo di lettura stimato\" \/>\n\t<meta name=\"twitter:data1\" content=\"4 minuti\" \/>\n<script type=\"application\/ld+json\" class=\"yoast-schema-graph\">{\"@context\":\"https:\\\/\\\/schema.org\",\"@graph\":[{\"@type\":\"WebPage\",\"@id\":\"https:\\\/\\\/gambling6.com\\\/it\\\/casino\\\/casino-online-con-denaro-reale-comprendere-le-clausole-scritte-in-piccolo\\\/\",\"url\":\"https:\\\/\\\/gambling6.com\\\/it\\\/casino\\\/casino-online-con-denaro-reale-comprendere-le-clausole-scritte-in-piccolo\\\/\",\"name\":\"A cosa fare attenzione nei termini e condizioni del casin\u00f2\",\"isPartOf\":{\"@id\":\"https:\\\/\\\/gambling6.com\\\/it\\\/#website\"},\"primaryImageOfPage\":{\"@id\":\"https:\\\/\\\/gambling6.com\\\/it\\\/casino\\\/casino-online-con-denaro-reale-comprendere-le-clausole-scritte-in-piccolo\\\/#primaryimage\"},\"image\":{\"@id\":\"https:\\\/\\\/gambling6.com\\\/it\\\/casino\\\/casino-online-con-denaro-reale-comprendere-le-clausole-scritte-in-piccolo\\\/#primaryimage\"},\"thumbnailUrl\":\"https:\\\/\\\/gambling6.com\\\/wp-content\\\/uploads\\\/2013\\\/12\\\/casino-fine-print.jpg\",\"datePublished\":\"2025-11-08T13:40:39+00:00\",\"dateModified\":\"2025-11-15T09:09:21+00:00\",\"description\":\"A cosa fare attenzione nei termini e condizioni del casin\u00f2\",\"breadcrumb\":{\"@id\":\"https:\\\/\\\/gambling6.com\\\/it\\\/casino\\\/casino-online-con-denaro-reale-comprendere-le-clausole-scritte-in-piccolo\\\/#breadcrumb\"},\"inLanguage\":\"it-IT\",\"potentialAction\":[{\"@type\":\"ReadAction\",\"target\":[\"https:\\\/\\\/gambling6.com\\\/it\\\/casino\\\/casino-online-con-denaro-reale-comprendere-le-clausole-scritte-in-piccolo\\\/\"]}]},{\"@type\":\"ImageObject\",\"inLanguage\":\"it-IT\",\"@id\":\"https:\\\/\\\/gambling6.com\\\/it\\\/casino\\\/casino-online-con-denaro-reale-comprendere-le-clausole-scritte-in-piccolo\\\/#primaryimage\",\"url\":\"https:\\\/\\\/gambling6.com\\\/wp-content\\\/uploads\\\/2013\\\/12\\\/casino-fine-print.jpg\",\"contentUrl\":\"https:\\\/\\\/gambling6.com\\\/wp-content\\\/uploads\\\/2013\\\/12\\\/casino-fine-print.jpg\",\"width\":200,\"height\":175,\"caption\":\"casino fine print\"},{\"@type\":\"BreadcrumbList\",\"@id\":\"https:\\\/\\\/gambling6.com\\\/it\\\/casino\\\/casino-online-con-denaro-reale-comprendere-le-clausole-scritte-in-piccolo\\\/#breadcrumb\",\"itemListElement\":[{\"@type\":\"ListItem\",\"position\":1,\"name\":\"Home\",\"item\":\"https:\\\/\\\/gambling6.com\\\/it\\\/home\\\/\"},{\"@type\":\"ListItem\",\"position\":2,\"name\":\"Casin\u00f2\",\"item\":\"https:\\\/\\\/gambling6.com\\\/it\\\/casino\\\/\"},{\"@type\":\"ListItem\",\"position\":3,\"name\":\"Casin\u00f2 online con denaro reale: comprendere le clausole scritte in piccolo\"}]},{\"@type\":\"WebSite\",\"@id\":\"https:\\\/\\\/gambling6.com\\\/it\\\/#website\",\"url\":\"https:\\\/\\\/gambling6.com\\\/it\\\/\",\"name\":\"Gambling6\",\"description\":\"\",\"potentialAction\":[{\"@type\":\"SearchAction\",\"target\":{\"@type\":\"EntryPoint\",\"urlTemplate\":\"https:\\\/\\\/gambling6.com\\\/it\\\/?s={search_term_string}\"},\"query-input\":{\"@type\":\"PropertyValueSpecification\",\"valueRequired\":true,\"valueName\":\"search_term_string\"}}],\"inLanguage\":\"it-IT\"}]}<\/script>\n<!-- \/ Yoast SEO plugin. -->","yoast_head_json":{"title":"A cosa fare attenzione nei termini e condizioni del casin\u00f2","description":"A cosa fare attenzione nei termini e condizioni del casin\u00f2","robots":{"index":"index","follow":"follow","max-snippet":"max-snippet:-1","max-image-preview":"max-image-preview:large","max-video-preview":"max-video-preview:-1"},"canonical":"https:\/\/gambling6.com\/it\/casino\/casino-online-con-denaro-reale-comprendere-le-clausole-scritte-in-piccolo\/","og_locale":"it_IT","og_type":"article","og_title":"A cosa fare attenzione nei termini e condizioni del casin\u00f2","og_description":"A cosa fare attenzione nei termini e condizioni del casin\u00f2","og_url":"https:\/\/gambling6.com\/it\/casino\/casino-online-con-denaro-reale-comprendere-le-clausole-scritte-in-piccolo\/","og_site_name":"Gambling6","article_modified_time":"2025-11-15T09:09:21+00:00","og_image":[{"width":200,"height":175,"url":"https:\/\/gambling6.com\/wp-content\/uploads\/2013\/12\/casino-fine-print.jpg","type":"image\/jpeg"}],"twitter_card":"summary_large_image","twitter_misc":{"Tempo di lettura stimato":"4 minuti"},"schema":{"@context":"https:\/\/schema.org","@graph":[{"@type":"WebPage","@id":"https:\/\/gambling6.com\/it\/casino\/casino-online-con-denaro-reale-comprendere-le-clausole-scritte-in-piccolo\/","url":"https:\/\/gambling6.com\/it\/casino\/casino-online-con-denaro-reale-comprendere-le-clausole-scritte-in-piccolo\/","name":"A cosa fare attenzione nei termini e condizioni del casin\u00f2","isPartOf":{"@id":"https:\/\/gambling6.com\/it\/#website"},"primaryImageOfPage":{"@id":"https:\/\/gambling6.com\/it\/casino\/casino-online-con-denaro-reale-comprendere-le-clausole-scritte-in-piccolo\/#primaryimage"},"image":{"@id":"https:\/\/gambling6.com\/it\/casino\/casino-online-con-denaro-reale-comprendere-le-clausole-scritte-in-piccolo\/#primaryimage"},"thumbnailUrl":"https:\/\/gambling6.com\/wp-content\/uploads\/2013\/12\/casino-fine-print.jpg","datePublished":"2025-11-08T13:40:39+00:00","dateModified":"2025-11-15T09:09:21+00:00","description":"A cosa fare attenzione nei termini e condizioni del casin\u00f2","breadcrumb":{"@id":"https:\/\/gambling6.com\/it\/casino\/casino-online-con-denaro-reale-comprendere-le-clausole-scritte-in-piccolo\/#breadcrumb"},"inLanguage":"it-IT","potentialAction":[{"@type":"ReadAction","target":["https:\/\/gambling6.com\/it\/casino\/casino-online-con-denaro-reale-comprendere-le-clausole-scritte-in-piccolo\/"]}]},{"@type":"ImageObject","inLanguage":"it-IT","@id":"https:\/\/gambling6.com\/it\/casino\/casino-online-con-denaro-reale-comprendere-le-clausole-scritte-in-piccolo\/#primaryimage","url":"https:\/\/gambling6.com\/wp-content\/uploads\/2013\/12\/casino-fine-print.jpg","contentUrl":"https:\/\/gambling6.com\/wp-content\/uploads\/2013\/12\/casino-fine-print.jpg","width":200,"height":175,"caption":"casino fine print"},{"@type":"BreadcrumbList","@id":"https:\/\/gambling6.com\/it\/casino\/casino-online-con-denaro-reale-comprendere-le-clausole-scritte-in-piccolo\/#breadcrumb","itemListElement":[{"@type":"ListItem","position":1,"name":"Home","item":"https:\/\/gambling6.com\/it\/home\/"},{"@type":"ListItem","position":2,"name":"Casin\u00f2","item":"https:\/\/gambling6.com\/it\/casino\/"},{"@type":"ListItem","position":3,"name":"Casin\u00f2 online con denaro reale: comprendere le clausole scritte in piccolo"}]},{"@type":"WebSite","@id":"https:\/\/gambling6.com\/it\/#website","url":"https:\/\/gambling6.com\/it\/","name":"Gambling6","description":"","potentialAction":[{"@type":"SearchAction","target":{"@type":"EntryPoint","urlTemplate":"https:\/\/gambling6.com\/it\/?s={search_term_string}"},"query-input":{"@type":"PropertyValueSpecification","valueRequired":true,"valueName":"search_term_string"}}],"inLanguage":"it-IT"}]}},"_links":{"self":[{"href":"https:\/\/gambling6.com\/it\/wp-json\/wp\/v2\/pages\/9048","targetHints":{"allow":["GET"]}}],"collection":[{"href":"https:\/\/gambling6.com\/it\/wp-json\/wp\/v2\/pages"}],"about":[{"href":"https:\/\/gambling6.com\/it\/wp-json\/wp\/v2\/types\/page"}],"author":[{"embeddable":true,"href":"https:\/\/gambling6.com\/it\/wp-json\/wp\/v2\/users\/1"}],"replies":[{"embeddable":true,"href":"https:\/\/gambling6.com\/it\/wp-json\/wp\/v2\/comments?post=9048"}],"version-history":[{"count":1,"href":"https:\/\/gambling6.com\/it\/wp-json\/wp\/v2\/pages\/9048\/revisions"}],"predecessor-version":[{"id":10860,"href":"https:\/\/gambling6.com\/it\/wp-json\/wp\/v2\/pages\/9048\/revisions\/10860"}],"up":[{"embeddable":true,"href":"https:\/\/gambling6.com\/it\/wp-json\/wp\/v2\/pages\/8312"}],"wp:featuredmedia":[{"embeddable":true,"href":"https:\/\/gambling6.com\/it\/wp-json\/wp\/v2\/media\/67"}],"wp:attachment":[{"href":"https:\/\/gambling6.com\/it\/wp-json\/wp\/v2\/media?parent=9048"}],"curies":[{"name":"wp","href":"https:\/\/api.w.org\/{rel}","templated":true}]}}