{"id":9101,"date":"2025-11-08T14:57:00","date_gmt":"2025-11-08T14:57:00","guid":{"rendered":"https:\/\/gambling6.com\/suggerimenti-sulle-scommesse-sportive-la-tua-guida-alle-scommesse-online\/"},"modified":"2025-11-12T19:18:44","modified_gmt":"2025-11-12T19:18:44","slug":"suggerimenti-sulle-scommesse-sportive-la-tua-guida-alle-scommesse-online","status":"publish","type":"page","link":"https:\/\/gambling6.com\/it\/scommesse-sportive\/suggerimenti-sulle-scommesse-sportive-la-tua-guida-alle-scommesse-online\/","title":{"rendered":"Suggerimenti sulle scommesse sportive &#8211; La tua guida alle scommesse online"},"content":{"rendered":"<h2>Una guida completa al mondo delle scommesse online!<\/h2>\n<p>Fin dagli albori dell&#8217;umanit\u00e0, il gioco d&#8217;azzardo \u00e8 sempre stato nella nostra natura. Con l&#8217;avvento di Internet, \u00e8 stato naturale che comparissero siti di gioco d&#8217;azzardo. Da allora, hanno riscosso un enorme successo, tanto che il gioco d&#8217;azzardo online \u00e8 oggi una delle attivit\u00e0 pi\u00f9 popolari al mondo.<\/p>\n<p>Supponiamo che tu voglia iniziare a giocare a un gioco d&#8217;azzardo online. In tal caso, dovresti sapere che registrarti su uno dei principali siti di gioco d&#8217;azzardo online ti richieder\u00e0 solo un paio di minuti, dopodich\u00e9 sarai libero di giocare a qualsiasi cosa tu voglia, dai giochi da casin\u00f2 online al poker online, o persino scommettere su siti sportivi o finanziari.<\/p>\n<p><img loading=\"lazy\" decoding=\"async\" class=\"size-medium wp-image-3057 alignright\" src=\"https:\/\/gambling6.com\/wp-content\/uploads\/2022\/04\/soccermoney-300x200.jpg\" alt=\"guida alle scommesse online\" width=\"300\" height=\"200\" srcset=\"https:\/\/gambling6.com\/wp-content\/uploads\/2022\/04\/soccermoney-300x200.jpg 300w, https:\/\/gambling6.com\/wp-content\/uploads\/2022\/04\/soccermoney.jpg 424w\" sizes=\"auto, (max-width: 300px) 100vw, 300px\" \/>A proposito di scommesse online, dovresti sapere che se vuoi iscriverti a un sito di gioco d&#8217;azzardo online che non richiede di imparare a giocare a un nuovo gioco (come nel caso di qualsiasi cosa, dal poker online ai giochi da casin\u00f2 online), le scommesse online sono la soluzione perfetta. Conosci gi\u00e0 le regole: tutto ci\u00f2 che devi fare \u00e8 indovinare correttamente l&#8217;esito di una partita di uno sport professionistico, e il gioco \u00e8 fatto. Se indovini, vieni pagato. Se sbagli, puoi riprovare.<\/p>\n<p>Supponiamo che tu non abbia ancora scoperto le scommesse online. Sarebbe sciocco iniziare a giocare senza sapere nulla del settore, degli sport o persino dei siti di gioco d&#8217;azzardo online a cui vuoi iscriverti. Ecco perch\u00e9 esistono siti il \u200b\u200bcui unico scopo \u00e8 avvicinarti alle tue attivit\u00e0 di gioco d&#8217;azzardo online preferite, offrendoti quante pi\u00f9 informazioni possibili.<\/p>\n<p><strong>BetOnline<\/strong> \u00e8 uno dei migliori siti di scommesse online al mondo. Dalle scommesse sulle corse alle scommesse sportive, fino alle scommesse finanziarie, qui vengono presentate tutte in modo molto dettagliato, e puoi imparare tutto ci\u00f2 che un principiante deve sapere dedicando solo un paio di minuti alla sezione che ti interessa.<\/p>\n<p><a class=\"thirstylink\" title=\"Betonline sports en\" href=\"https:\/\/gambling6.com\/go\/betonline-sports-en\/\" target=\"_blank\" rel=\"nofollow noopener\">Unisciti ai milioni di appassionati di scommesse sportive da tutto il mondo su Betonline, il nostro bookmaker preferito, seguendo questo link.<\/a><\/p>\n<p>Ad esempio, se vuoi iniziare a scommettere sulle corse, dovresti consultare la sezione Scommesse sulle corse, che offre tutto ci\u00f2 che c&#8217;\u00e8 da sapere sulle corse online: dalle corse dei cani alle corse dei cavalli, passando per gli sport pi\u00f9 recenti come la NASCAR o la Formula 1, BetOnline \u00e8 qui per offrirti tutto ci\u00f2 che vorresti sapere su ognuno di questi sport.<\/p>\n<p>Tutto sommato, se vuoi iniziare a scommettere sugli sport, dovresti provare BetOnline, uno dei migliori siti di gioco d&#8217;azzardo online in circolazione. Ti porter\u00e0 dal non sapere assolutamente nulla di questo settore a guadagnare un sacco di soldi!<\/p>\n","protected":false},"excerpt":{"rendered":"<p>Una guida completa al mondo delle scommesse online! Fin dagli albori dell&#8217;umanit\u00e0, il gioco d&#8217;azzardo \u00e8 sempre stato nella nostra natura. Con l&#8217;avvento di Internet, \u00e8 stato naturale che comparissero siti di gioco d&#8217;azzardo. Da allora, hanno riscosso un enorme successo, tanto che il gioco d&#8217;azzardo online \u00e8 oggi una delle attivit\u00e0 pi\u00f9 popolari al [&hellip;]<\/p>\n","protected":false},"author":1,"featured_media":0,"parent":9224,"menu_order":14,"comment_status":"closed","ping_status":"closed","template":"","meta":{"footnotes":""},"class_list":["post-9101","page","type-page","status-publish","hentry"],"yoast_head":"<!-- This site is optimized with the Yoast SEO plugin v27.4 - https:\/\/yoast.com\/product\/yoast-seo-wordpress\/ -->\n<title>Guida e consigli per le scommesse sportive online<\/title>\n<meta name=\"description\" content=\"Inizia a scommettere online oggi stesso. Visita BetOnline per una scelta completa di opzioni di scommessa, oltre a poker e casin\u00f2 online, tutto su un unico sito web.\" \/>\n<meta name=\"robots\" content=\"index, follow, max-snippet:-1, max-image-preview:large, max-video-preview:-1\" \/>\n<link rel=\"canonical\" href=\"https:\/\/gambling6.com\/it\/scommesse-sportive\/suggerimenti-sulle-scommesse-sportive-la-tua-guida-alle-scommesse-online\/\" \/>\n<meta property=\"og:locale\" content=\"it_IT\" \/>\n<meta property=\"og:type\" content=\"article\" \/>\n<meta property=\"og:title\" content=\"Guida e consigli per le scommesse sportive online\" \/>\n<meta property=\"og:description\" content=\"Inizia a scommettere online oggi stesso. Visita BetOnline per una scelta completa di opzioni di scommessa, oltre a poker e casin\u00f2 online, tutto su un unico sito web.\" \/>\n<meta property=\"og:url\" content=\"https:\/\/gambling6.com\/it\/scommesse-sportive\/suggerimenti-sulle-scommesse-sportive-la-tua-guida-alle-scommesse-online\/\" \/>\n<meta property=\"og:site_name\" content=\"Gambling6\" \/>\n<meta property=\"article:modified_time\" content=\"2025-11-12T19:18:44+00:00\" \/>\n<meta property=\"og:image\" content=\"https:\/\/gambling6.com\/wp-content\/uploads\/2022\/04\/soccermoney.jpg\" \/>\n\t<meta property=\"og:image:width\" content=\"424\" \/>\n\t<meta property=\"og:image:height\" content=\"283\" \/>\n\t<meta property=\"og:image:type\" content=\"image\/jpeg\" \/>\n<meta name=\"twitter:card\" content=\"summary_large_image\" \/>\n<meta name=\"twitter:label1\" content=\"Tempo di lettura stimato\" \/>\n\t<meta name=\"twitter:data1\" content=\"2 minuti\" \/>\n<script type=\"application\/ld+json\" class=\"yoast-schema-graph\">{\"@context\":\"https:\\\/\\\/schema.org\",\"@graph\":[{\"@type\":\"WebPage\",\"@id\":\"https:\\\/\\\/gambling6.com\\\/it\\\/scommesse-sportive\\\/suggerimenti-sulle-scommesse-sportive-la-tua-guida-alle-scommesse-online\\\/\",\"url\":\"https:\\\/\\\/gambling6.com\\\/it\\\/scommesse-sportive\\\/suggerimenti-sulle-scommesse-sportive-la-tua-guida-alle-scommesse-online\\\/\",\"name\":\"Guida e consigli per le scommesse sportive online\",\"isPartOf\":{\"@id\":\"https:\\\/\\\/gambling6.com\\\/it\\\/#website\"},\"primaryImageOfPage\":{\"@id\":\"https:\\\/\\\/gambling6.com\\\/it\\\/scommesse-sportive\\\/suggerimenti-sulle-scommesse-sportive-la-tua-guida-alle-scommesse-online\\\/#primaryimage\"},\"image\":{\"@id\":\"https:\\\/\\\/gambling6.com\\\/it\\\/scommesse-sportive\\\/suggerimenti-sulle-scommesse-sportive-la-tua-guida-alle-scommesse-online\\\/#primaryimage\"},\"thumbnailUrl\":\"https:\\\/\\\/gambling6.com\\\/wp-content\\\/uploads\\\/2022\\\/04\\\/soccermoney-300x200.jpg\",\"datePublished\":\"2025-11-08T14:57:00+00:00\",\"dateModified\":\"2025-11-12T19:18:44+00:00\",\"description\":\"Inizia a scommettere online oggi stesso. Visita BetOnline per una scelta completa di opzioni di scommessa, oltre a poker e casin\u00f2 online, tutto su un unico sito web.\",\"breadcrumb\":{\"@id\":\"https:\\\/\\\/gambling6.com\\\/it\\\/scommesse-sportive\\\/suggerimenti-sulle-scommesse-sportive-la-tua-guida-alle-scommesse-online\\\/#breadcrumb\"},\"inLanguage\":\"it-IT\",\"potentialAction\":[{\"@type\":\"ReadAction\",\"target\":[\"https:\\\/\\\/gambling6.com\\\/it\\\/scommesse-sportive\\\/suggerimenti-sulle-scommesse-sportive-la-tua-guida-alle-scommesse-online\\\/\"]}]},{\"@type\":\"ImageObject\",\"inLanguage\":\"it-IT\",\"@id\":\"https:\\\/\\\/gambling6.com\\\/it\\\/scommesse-sportive\\\/suggerimenti-sulle-scommesse-sportive-la-tua-guida-alle-scommesse-online\\\/#primaryimage\",\"url\":\"https:\\\/\\\/gambling6.com\\\/wp-content\\\/uploads\\\/2022\\\/04\\\/soccermoney-300x200.jpg\",\"contentUrl\":\"https:\\\/\\\/gambling6.com\\\/wp-content\\\/uploads\\\/2022\\\/04\\\/soccermoney-300x200.jpg\"},{\"@type\":\"BreadcrumbList\",\"@id\":\"https:\\\/\\\/gambling6.com\\\/it\\\/scommesse-sportive\\\/suggerimenti-sulle-scommesse-sportive-la-tua-guida-alle-scommesse-online\\\/#breadcrumb\",\"itemListElement\":[{\"@type\":\"ListItem\",\"position\":1,\"name\":\"Home\",\"item\":\"https:\\\/\\\/gambling6.com\\\/it\\\/home\\\/\"},{\"@type\":\"ListItem\",\"position\":2,\"name\":\"Scommesse sportive\",\"item\":\"https:\\\/\\\/gambling6.com\\\/it\\\/introduction-to-online-sportsbetting\\\/\"},{\"@type\":\"ListItem\",\"position\":3,\"name\":\"Suggerimenti sulle scommesse sportive &#8211; La tua guida alle scommesse online\"}]},{\"@type\":\"WebSite\",\"@id\":\"https:\\\/\\\/gambling6.com\\\/it\\\/#website\",\"url\":\"https:\\\/\\\/gambling6.com\\\/it\\\/\",\"name\":\"Gambling6\",\"description\":\"\",\"potentialAction\":[{\"@type\":\"SearchAction\",\"target\":{\"@type\":\"EntryPoint\",\"urlTemplate\":\"https:\\\/\\\/gambling6.com\\\/it\\\/?s={search_term_string}\"},\"query-input\":{\"@type\":\"PropertyValueSpecification\",\"valueRequired\":true,\"valueName\":\"search_term_string\"}}],\"inLanguage\":\"it-IT\"}]}<\/script>\n<!-- \/ Yoast SEO plugin. -->","yoast_head_json":{"title":"Guida e consigli per le scommesse sportive online","description":"Inizia a scommettere online oggi stesso. Visita BetOnline per una scelta completa di opzioni di scommessa, oltre a poker e casin\u00f2 online, tutto su un unico sito web.","robots":{"index":"index","follow":"follow","max-snippet":"max-snippet:-1","max-image-preview":"max-image-preview:large","max-video-preview":"max-video-preview:-1"},"canonical":"https:\/\/gambling6.com\/it\/scommesse-sportive\/suggerimenti-sulle-scommesse-sportive-la-tua-guida-alle-scommesse-online\/","og_locale":"it_IT","og_type":"article","og_title":"Guida e consigli per le scommesse sportive online","og_description":"Inizia a scommettere online oggi stesso. Visita BetOnline per una scelta completa di opzioni di scommessa, oltre a poker e casin\u00f2 online, tutto su un unico sito web.","og_url":"https:\/\/gambling6.com\/it\/scommesse-sportive\/suggerimenti-sulle-scommesse-sportive-la-tua-guida-alle-scommesse-online\/","og_site_name":"Gambling6","article_modified_time":"2025-11-12T19:18:44+00:00","og_image":[{"width":424,"height":283,"url":"https:\/\/gambling6.com\/wp-content\/uploads\/2022\/04\/soccermoney.jpg","type":"image\/jpeg"}],"twitter_card":"summary_large_image","twitter_misc":{"Tempo di lettura stimato":"2 minuti"},"schema":{"@context":"https:\/\/schema.org","@graph":[{"@type":"WebPage","@id":"https:\/\/gambling6.com\/it\/scommesse-sportive\/suggerimenti-sulle-scommesse-sportive-la-tua-guida-alle-scommesse-online\/","url":"https:\/\/gambling6.com\/it\/scommesse-sportive\/suggerimenti-sulle-scommesse-sportive-la-tua-guida-alle-scommesse-online\/","name":"Guida e consigli per le scommesse sportive online","isPartOf":{"@id":"https:\/\/gambling6.com\/it\/#website"},"primaryImageOfPage":{"@id":"https:\/\/gambling6.com\/it\/scommesse-sportive\/suggerimenti-sulle-scommesse-sportive-la-tua-guida-alle-scommesse-online\/#primaryimage"},"image":{"@id":"https:\/\/gambling6.com\/it\/scommesse-sportive\/suggerimenti-sulle-scommesse-sportive-la-tua-guida-alle-scommesse-online\/#primaryimage"},"thumbnailUrl":"https:\/\/gambling6.com\/wp-content\/uploads\/2022\/04\/soccermoney-300x200.jpg","datePublished":"2025-11-08T14:57:00+00:00","dateModified":"2025-11-12T19:18:44+00:00","description":"Inizia a scommettere online oggi stesso. Visita BetOnline per una scelta completa di opzioni di scommessa, oltre a poker e casin\u00f2 online, tutto su un unico sito web.","breadcrumb":{"@id":"https:\/\/gambling6.com\/it\/scommesse-sportive\/suggerimenti-sulle-scommesse-sportive-la-tua-guida-alle-scommesse-online\/#breadcrumb"},"inLanguage":"it-IT","potentialAction":[{"@type":"ReadAction","target":["https:\/\/gambling6.com\/it\/scommesse-sportive\/suggerimenti-sulle-scommesse-sportive-la-tua-guida-alle-scommesse-online\/"]}]},{"@type":"ImageObject","inLanguage":"it-IT","@id":"https:\/\/gambling6.com\/it\/scommesse-sportive\/suggerimenti-sulle-scommesse-sportive-la-tua-guida-alle-scommesse-online\/#primaryimage","url":"https:\/\/gambling6.com\/wp-content\/uploads\/2022\/04\/soccermoney-300x200.jpg","contentUrl":"https:\/\/gambling6.com\/wp-content\/uploads\/2022\/04\/soccermoney-300x200.jpg"},{"@type":"BreadcrumbList","@id":"https:\/\/gambling6.com\/it\/scommesse-sportive\/suggerimenti-sulle-scommesse-sportive-la-tua-guida-alle-scommesse-online\/#breadcrumb","itemListElement":[{"@type":"ListItem","position":1,"name":"Home","item":"https:\/\/gambling6.com\/it\/home\/"},{"@type":"ListItem","position":2,"name":"Scommesse sportive","item":"https:\/\/gambling6.com\/it\/introduction-to-online-sportsbetting\/"},{"@type":"ListItem","position":3,"name":"Suggerimenti sulle scommesse sportive &#8211; La tua guida alle scommesse online"}]},{"@type":"WebSite","@id":"https:\/\/gambling6.com\/it\/#website","url":"https:\/\/gambling6.com\/it\/","name":"Gambling6","description":"","potentialAction":[{"@type":"SearchAction","target":{"@type":"EntryPoint","urlTemplate":"https:\/\/gambling6.com\/it\/?s={search_term_string}"},"query-input":{"@type":"PropertyValueSpecification","valueRequired":true,"valueName":"search_term_string"}}],"inLanguage":"it-IT"}]}},"_links":{"self":[{"href":"https:\/\/gambling6.com\/it\/wp-json\/wp\/v2\/pages\/9101","targetHints":{"allow":["GET"]}}],"collection":[{"href":"https:\/\/gambling6.com\/it\/wp-json\/wp\/v2\/pages"}],"about":[{"href":"https:\/\/gambling6.com\/it\/wp-json\/wp\/v2\/types\/page"}],"author":[{"embeddable":true,"href":"https:\/\/gambling6.com\/it\/wp-json\/wp\/v2\/users\/1"}],"replies":[{"embeddable":true,"href":"https:\/\/gambling6.com\/it\/wp-json\/wp\/v2\/comments?post=9101"}],"version-history":[{"count":2,"href":"https:\/\/gambling6.com\/it\/wp-json\/wp\/v2\/pages\/9101\/revisions"}],"predecessor-version":[{"id":10547,"href":"https:\/\/gambling6.com\/it\/wp-json\/wp\/v2\/pages\/9101\/revisions\/10547"}],"up":[{"embeddable":true,"href":"https:\/\/gambling6.com\/it\/wp-json\/wp\/v2\/pages\/9224"}],"wp:attachment":[{"href":"https:\/\/gambling6.com\/it\/wp-json\/wp\/v2\/media?parent=9101"}],"curies":[{"name":"wp","href":"https:\/\/api.w.org\/{rel}","templated":true}]}}