{"id":9168,"date":"2025-11-10T10:36:26","date_gmt":"2025-11-10T10:36:26","guid":{"rendered":"https:\/\/gambling6.com\/ottieni-biglietti-online-per-la-lotteria-powerball\/"},"modified":"2025-11-12T10:00:15","modified_gmt":"2025-11-12T10:00:15","slug":"ottieni-biglietti-online-per-la-lotteria-powerball","status":"publish","type":"page","link":"https:\/\/gambling6.com\/it\/ottieni-biglietti-online-per-la-lotteria-powerball\/","title":{"rendered":"Ottieni biglietti online per la lotteria Powerball"},"content":{"rendered":"<h2>Gioca alla lotteria Powerball online.<\/h2>\n<p>La lotteria Powerball \u00e8 famosa in tutto il mondo per i suoi incredibili jackpot. Troverai jackpot che superano regolarmente i 100 milioni di dollari. <strong>Gli aumenti del jackpot sono esponenziali perch\u00e9 \u00e8 possibile acquistare biglietti online per la lotteria Powerball.<\/strong> Giocare al Powerball online \u00e8 semplice, comodamente da casa, basta un computer e una connessione Internet.<\/p>\n<h2>Biglietti Powerball online, facili come contare fino a 3<\/h2>\n<p>Per giocare alla lotteria Powerball online, devi visitare il sito del nostro partner <a class=\"thirstylink\" title=\"Redfoxlotto\" href=\"https:\/\/gambling6.com\/go\/redfoxlotto\/\" target=\"_blank\" rel=\"nofollow noopener\">RedFoxLotto (clicca qui per visitare)<\/a> e creare un account. Aprire un conto \u00e8 facile e puoi iniziare a giocare alla lotteria Powerball in pochi minuti. Il passo successivo \u00e8 andare alla sezione biglietti, dove puoi usare il modulo per scegliere cinque numeri principali.<\/p>\n<p>Una volta fatto, puoi scegliere un numero bonus Powerball. <strong>Per vincere il jackpot, devi indovinare i tuoi cinque numeri principali pi\u00f9 il Powerball con le palline estratte.<\/strong> Non preoccuparti, se non indovini questi numeri, puoi partecipare per aggiudicarti una delle altre sette categorie di premi.<\/p>\n<h2>Le vendite di biglietti online del Powerball aumentano vertiginosamente<\/h2>\n<p><img loading=\"lazy\" decoding=\"async\" class=\"size-medium wp-image-1533 alignright\" src=\"https:\/\/gambling6.com\/wp-content\/uploads\/2022\/04\/2_ticket_powerball_au2-1-163x300.jpg\" alt=\"biglietto Powerball\" width=\"163\" height=\"300\" srcset=\"https:\/\/gambling6.com\/wp-content\/uploads\/2022\/04\/2_ticket_powerball_au2-1-163x300.jpg 163w, https:\/\/gambling6.com\/wp-content\/uploads\/2022\/04\/2_ticket_powerball_au2-1.jpg 250w\" sizes=\"auto, (max-width: 163px) 100vw, 163px\" \/>Negli ultimi due anni, le vendite di biglietti per il Powerball USA sono cresciute a un ritmo molto rapido, raddoppiando di anno in anno in questo periodo. <strong>L&#8217;entit\u00e0 dei jackpot, insieme alla facilit\u00e0 con cui \u00e8 possibile acquistare biglietti online, \u00e8 stata la forza trainante che ha determinato una crescita cos\u00ec sostanziale.<\/strong> Se il passato \u00e8 un indicatore delle vendite future, possiamo aspettarci una crescita maggiore delle dimensioni dei jackpot nei prossimi anni.<\/p>\n<h2>Il gioco del lotto in tutto il mondo \u00e8 in crescita.<\/h2>\n<p>Ad eccezione del Mega Millions, che detiene il record per l&#8217;importo del jackpot del lotto, abbiamo assistito a jackpot record nella maggior parte delle lotterie giocate online nell&#8217;ultimo anno. Non ci sono indicazioni che questi jackpot record si attenueranno a breve. Anzi, possiamo aspettarci di vedere i record crollati ripetutamente, con le persone che si affollano sui loro computer quando le notizie di jackpot raggiungono livelli elevati.<\/p>\n<h2>Controlla i numeri vincenti del Powerball online.<\/h2>\n<p>Assicurati, se acquisti biglietti, di prenderti il \u200b\u200btempo di controllare i risultati utilizzando un database online. Molti premi ogni anno non vengono riscossi perch\u00e9 quando le persone vengono a sapere che i jackpot sono stati vinti in una zona in cui non vivono o in un locale in cui non hanno acquistato il biglietto, lo buttano via e non controllano se ci sono vincite su altri livelli di premio.<\/p>\n<p>Non commettere l&#8217;errore di buttare i soldi nella spazzatura o di lasciarli invisibili nel portafoglio. Ti meriti tutti i soldi che hai vinto. Gioca oggi stesso alla lotteria Powerball online e potresti diventare il prossimo multimilionario del mondo.<\/p>\n<table style=\"width: 500px;\" border=\"1\" cellspacing=\"5\" cellpadding=\"5\" align=\"center\">\n<tbody>\n<tr>\n<td colspan=\"3\" align=\"center\">I dieci migliori jackpot del 2013<\/td>\n<\/tr>\n<tr>\n<td>Estrazione<\/td>\n<td align=\"center\">Data<\/td>\n<td align=\"center\">Jackpot (USD)<\/td>\n<\/tr>\n<tr>\n<td>Powerball &#8211; USA<\/td>\n<td align=\"center\">18 maggio 2013<\/td>\n<td align=\"right\">$590.500.000<\/td>\n<\/tr>\n<tr>\n<td>Powerball &#8211; USA<\/td>\n<td align=\"center\">7 agosto 2013<\/td>\n<td align=\"right\">$448.400.000<\/td>\n<\/tr>\n<tr>\n<td>Powerball &#8211; USA<\/td>\n<td align=\"center\">18-set-13<\/td>\n<td align=\"right\">$399.400.000<\/td>\n<\/tr>\n<tr>\n<td>Powerball &#8211; USA<\/td>\n<td align=\"center\">23-mar-13<\/td>\n<td align=\"right\">$338.300.000<\/td>\n<\/tr>\n<tr>\n<td>Powerball &#8211; USA<\/td>\n<td align=\"center\">6-feb-13<\/td>\n<td align=\"right\">$217.000.000<\/td>\n<\/tr>\n<tr>\n<td>Powerball &#8211; USA<\/td>\n<td align=\"center\">23-ott-13<\/td>\n<td align=\"right\">$213.400.000<\/td>\n<\/tr>\n<tr>\n<td>Powerball &#8211; USA<\/td>\n<td align=\"center\">22-giu-13<\/td>\n<td align=\"right\">$131.500.000<\/td>\n<\/tr>\n<tr>\n<td>Powerball &#8211; USA<\/td>\n<td align=\"center\">16-nov-13<\/td>\n<td align=\"right\">$130.300.000<\/td>\n<\/tr>\n<tr>\n<td>Powerball &#8211; USA<\/td>\n<td align=\"center\">11-dic-13<\/td>\n<td align=\"right\">$122.900.000<\/td>\n<\/tr>\n<tr>\n<td>Powerball &#8211; USA<\/td>\n<td align=\"center\">25-dic-13<\/td>\n<td align=\"right\">$74.000.000<\/td>\n<\/tr>\n<\/tbody>\n<\/table>\n<table style=\"width: 500px;\" border=\"1\" cellspacing=\"5\" cellpadding=\"5\" align=\"center\">\n<tbody>\n<tr>\n<td colspan=\"3\" align=\"center\">Powerball Lotto &#8211; Livelli di premio USA<\/td>\n<\/tr>\n<tr>\n<td>Premio<\/td>\n<td align=\"center\">Partite<\/td>\n<td align=\"center\">Quote<\/td>\n<\/tr>\n<tr>\n<td>1\u00b0 (Jackpot)<\/td>\n<td align=\"center\">5 + 1<\/td>\n<td align=\"right\">175.223.510 : 1<\/td>\n<\/tr>\n<tr>\n<td>2\u00b0<\/td>\n<td align=\"center\">5<\/td>\n<td align=\"right\">5.153.633 : 1<\/td>\n<\/tr>\n<tr>\n<td>3\u00b0<\/td>\n<td align=\"center\">4 + 1<\/td>\n<td align=\"right\">648.976 : 1<\/td>\n<\/tr>\n<tr>\n<td>4\u00b0<\/td>\n<td align=\"center\">4<\/td>\n<td align=\"right\">19.087 : 1<\/td>\n<\/tr>\n<tr>\n<td>5\u00b0<\/td>\n<td align=\"centrer\">3 + 1<\/td>\n<td align=\"right\">12.245 : 1<\/td>\n<\/tr>\n<tr>\n<td>6\u00b0<\/td>\n<td align=\"center\">3<\/td>\n<td align=\"right\">360 : 1<\/td>\n<\/tr>\n<tr>\n<td>7\u00b0<\/td>\n<td align=\"center\">2 + 1<\/td>\n<td align=\"right\">706 : 1<\/td>\n<\/tr>\n<tr>\n<td>8\u00b0<\/td>\n<td align=\"center\">1 + 1<\/td>\n<td align=\"right\">111 : 1<\/td>\n<\/tr>\n<tr>\n<td>9\u00b0<\/td>\n<td align=\"center\">0 + 1<br \/>\n55:1<br \/>\n&#8230;<\/td>\n<\/tr>\n<\/tbody>\n<\/table>\n","protected":false},"excerpt":{"rendered":"<p>Gioca alla lotteria Powerball online. La lotteria Powerball \u00e8 famosa in tutto il mondo per i suoi incredibili jackpot. Troverai jackpot che superano regolarmente i 100 milioni di dollari. Gli aumenti del jackpot sono esponenziali perch\u00e9 \u00e8 possibile acquistare biglietti online per la lotteria Powerball. Giocare al Powerball online \u00e8 semplice, comodamente da casa, basta [&hellip;]<\/p>\n","protected":false},"author":1,"featured_media":0,"parent":0,"menu_order":4,"comment_status":"closed","ping_status":"closed","template":"","meta":{"footnotes":""},"class_list":["post-9168","page","type-page","status-publish","hentry"],"yoast_head":"<!-- This site is optimized with the Yoast SEO plugin v27.3 - https:\/\/yoast.com\/product\/yoast-seo-wordpress\/ -->\n<title>Acquista online i biglietti per la lotteria Powerball<\/title>\n<meta name=\"description\" content=\"Acquista subito online i biglietti per la lotteria Powerball USA.\" \/>\n<meta name=\"robots\" content=\"index, follow, max-snippet:-1, max-image-preview:large, max-video-preview:-1\" \/>\n<link rel=\"canonical\" href=\"https:\/\/gambling6.com\/it\/ottieni-biglietti-online-per-la-lotteria-powerball\/\" \/>\n<meta property=\"og:locale\" content=\"it_IT\" \/>\n<meta property=\"og:type\" content=\"article\" \/>\n<meta property=\"og:title\" content=\"Acquista online i biglietti per la lotteria Powerball\" \/>\n<meta property=\"og:description\" content=\"Acquista subito online i biglietti per la lotteria Powerball USA.\" \/>\n<meta property=\"og:url\" content=\"https:\/\/gambling6.com\/it\/ottieni-biglietti-online-per-la-lotteria-powerball\/\" \/>\n<meta property=\"og:site_name\" content=\"Gambling6\" \/>\n<meta property=\"article:modified_time\" content=\"2025-11-12T10:00:15+00:00\" \/>\n<meta property=\"og:image\" content=\"https:\/\/gambling6.com\/wp-content\/uploads\/2022\/04\/2_ticket_powerball_au2-1.jpg\" \/>\n\t<meta property=\"og:image:width\" content=\"250\" \/>\n\t<meta property=\"og:image:height\" content=\"460\" \/>\n\t<meta property=\"og:image:type\" content=\"image\/jpeg\" \/>\n<meta name=\"twitter:card\" content=\"summary_large_image\" \/>\n<meta name=\"twitter:label1\" content=\"Tempo di lettura stimato\" \/>\n\t<meta name=\"twitter:data1\" content=\"2 minuti\" \/>\n<script type=\"application\/ld+json\" class=\"yoast-schema-graph\">{\"@context\":\"https:\\\/\\\/schema.org\",\"@graph\":[{\"@type\":\"WebPage\",\"@id\":\"https:\\\/\\\/gambling6.com\\\/it\\\/ottieni-biglietti-online-per-la-lotteria-powerball\\\/\",\"url\":\"https:\\\/\\\/gambling6.com\\\/it\\\/ottieni-biglietti-online-per-la-lotteria-powerball\\\/\",\"name\":\"Acquista online i biglietti per la lotteria Powerball\",\"isPartOf\":{\"@id\":\"https:\\\/\\\/gambling6.com\\\/it\\\/#website\"},\"primaryImageOfPage\":{\"@id\":\"https:\\\/\\\/gambling6.com\\\/it\\\/ottieni-biglietti-online-per-la-lotteria-powerball\\\/#primaryimage\"},\"image\":{\"@id\":\"https:\\\/\\\/gambling6.com\\\/it\\\/ottieni-biglietti-online-per-la-lotteria-powerball\\\/#primaryimage\"},\"thumbnailUrl\":\"https:\\\/\\\/gambling6.com\\\/wp-content\\\/uploads\\\/2022\\\/04\\\/2_ticket_powerball_au2-1-163x300.jpg\",\"datePublished\":\"2025-11-10T10:36:26+00:00\",\"dateModified\":\"2025-11-12T10:00:15+00:00\",\"description\":\"Acquista subito online i biglietti per la lotteria Powerball USA.\",\"breadcrumb\":{\"@id\":\"https:\\\/\\\/gambling6.com\\\/it\\\/ottieni-biglietti-online-per-la-lotteria-powerball\\\/#breadcrumb\"},\"inLanguage\":\"it-IT\",\"potentialAction\":[{\"@type\":\"ReadAction\",\"target\":[\"https:\\\/\\\/gambling6.com\\\/it\\\/ottieni-biglietti-online-per-la-lotteria-powerball\\\/\"]}]},{\"@type\":\"ImageObject\",\"inLanguage\":\"it-IT\",\"@id\":\"https:\\\/\\\/gambling6.com\\\/it\\\/ottieni-biglietti-online-per-la-lotteria-powerball\\\/#primaryimage\",\"url\":\"https:\\\/\\\/gambling6.com\\\/wp-content\\\/uploads\\\/2022\\\/04\\\/2_ticket_powerball_au2-1-163x300.jpg\",\"contentUrl\":\"https:\\\/\\\/gambling6.com\\\/wp-content\\\/uploads\\\/2022\\\/04\\\/2_ticket_powerball_au2-1-163x300.jpg\"},{\"@type\":\"BreadcrumbList\",\"@id\":\"https:\\\/\\\/gambling6.com\\\/it\\\/ottieni-biglietti-online-per-la-lotteria-powerball\\\/#breadcrumb\",\"itemListElement\":[{\"@type\":\"ListItem\",\"position\":1,\"name\":\"Home\",\"item\":\"https:\\\/\\\/gambling6.com\\\/it\\\/home\\\/\"},{\"@type\":\"ListItem\",\"position\":2,\"name\":\"Ottieni biglietti online per la lotteria Powerball\"}]},{\"@type\":\"WebSite\",\"@id\":\"https:\\\/\\\/gambling6.com\\\/it\\\/#website\",\"url\":\"https:\\\/\\\/gambling6.com\\\/it\\\/\",\"name\":\"Gambling6\",\"description\":\"\",\"potentialAction\":[{\"@type\":\"SearchAction\",\"target\":{\"@type\":\"EntryPoint\",\"urlTemplate\":\"https:\\\/\\\/gambling6.com\\\/it\\\/?s={search_term_string}\"},\"query-input\":{\"@type\":\"PropertyValueSpecification\",\"valueRequired\":true,\"valueName\":\"search_term_string\"}}],\"inLanguage\":\"it-IT\"}]}<\/script>\n<!-- \/ Yoast SEO plugin. -->","yoast_head_json":{"title":"Acquista online i biglietti per la lotteria Powerball","description":"Acquista subito online i biglietti per la lotteria Powerball USA.","robots":{"index":"index","follow":"follow","max-snippet":"max-snippet:-1","max-image-preview":"max-image-preview:large","max-video-preview":"max-video-preview:-1"},"canonical":"https:\/\/gambling6.com\/it\/ottieni-biglietti-online-per-la-lotteria-powerball\/","og_locale":"it_IT","og_type":"article","og_title":"Acquista online i biglietti per la lotteria Powerball","og_description":"Acquista subito online i biglietti per la lotteria Powerball USA.","og_url":"https:\/\/gambling6.com\/it\/ottieni-biglietti-online-per-la-lotteria-powerball\/","og_site_name":"Gambling6","article_modified_time":"2025-11-12T10:00:15+00:00","og_image":[{"width":250,"height":460,"url":"https:\/\/gambling6.com\/wp-content\/uploads\/2022\/04\/2_ticket_powerball_au2-1.jpg","type":"image\/jpeg"}],"twitter_card":"summary_large_image","twitter_misc":{"Tempo di lettura stimato":"2 minuti"},"schema":{"@context":"https:\/\/schema.org","@graph":[{"@type":"WebPage","@id":"https:\/\/gambling6.com\/it\/ottieni-biglietti-online-per-la-lotteria-powerball\/","url":"https:\/\/gambling6.com\/it\/ottieni-biglietti-online-per-la-lotteria-powerball\/","name":"Acquista online i biglietti per la lotteria Powerball","isPartOf":{"@id":"https:\/\/gambling6.com\/it\/#website"},"primaryImageOfPage":{"@id":"https:\/\/gambling6.com\/it\/ottieni-biglietti-online-per-la-lotteria-powerball\/#primaryimage"},"image":{"@id":"https:\/\/gambling6.com\/it\/ottieni-biglietti-online-per-la-lotteria-powerball\/#primaryimage"},"thumbnailUrl":"https:\/\/gambling6.com\/wp-content\/uploads\/2022\/04\/2_ticket_powerball_au2-1-163x300.jpg","datePublished":"2025-11-10T10:36:26+00:00","dateModified":"2025-11-12T10:00:15+00:00","description":"Acquista subito online i biglietti per la lotteria Powerball USA.","breadcrumb":{"@id":"https:\/\/gambling6.com\/it\/ottieni-biglietti-online-per-la-lotteria-powerball\/#breadcrumb"},"inLanguage":"it-IT","potentialAction":[{"@type":"ReadAction","target":["https:\/\/gambling6.com\/it\/ottieni-biglietti-online-per-la-lotteria-powerball\/"]}]},{"@type":"ImageObject","inLanguage":"it-IT","@id":"https:\/\/gambling6.com\/it\/ottieni-biglietti-online-per-la-lotteria-powerball\/#primaryimage","url":"https:\/\/gambling6.com\/wp-content\/uploads\/2022\/04\/2_ticket_powerball_au2-1-163x300.jpg","contentUrl":"https:\/\/gambling6.com\/wp-content\/uploads\/2022\/04\/2_ticket_powerball_au2-1-163x300.jpg"},{"@type":"BreadcrumbList","@id":"https:\/\/gambling6.com\/it\/ottieni-biglietti-online-per-la-lotteria-powerball\/#breadcrumb","itemListElement":[{"@type":"ListItem","position":1,"name":"Home","item":"https:\/\/gambling6.com\/it\/home\/"},{"@type":"ListItem","position":2,"name":"Ottieni biglietti online per la lotteria Powerball"}]},{"@type":"WebSite","@id":"https:\/\/gambling6.com\/it\/#website","url":"https:\/\/gambling6.com\/it\/","name":"Gambling6","description":"","potentialAction":[{"@type":"SearchAction","target":{"@type":"EntryPoint","urlTemplate":"https:\/\/gambling6.com\/it\/?s={search_term_string}"},"query-input":{"@type":"PropertyValueSpecification","valueRequired":true,"valueName":"search_term_string"}}],"inLanguage":"it-IT"}]}},"_links":{"self":[{"href":"https:\/\/gambling6.com\/it\/wp-json\/wp\/v2\/pages\/9168","targetHints":{"allow":["GET"]}}],"collection":[{"href":"https:\/\/gambling6.com\/it\/wp-json\/wp\/v2\/pages"}],"about":[{"href":"https:\/\/gambling6.com\/it\/wp-json\/wp\/v2\/types\/page"}],"author":[{"embeddable":true,"href":"https:\/\/gambling6.com\/it\/wp-json\/wp\/v2\/users\/1"}],"replies":[{"embeddable":true,"href":"https:\/\/gambling6.com\/it\/wp-json\/wp\/v2\/comments?post=9168"}],"version-history":[{"count":1,"href":"https:\/\/gambling6.com\/it\/wp-json\/wp\/v2\/pages\/9168\/revisions"}],"predecessor-version":[{"id":10508,"href":"https:\/\/gambling6.com\/it\/wp-json\/wp\/v2\/pages\/9168\/revisions\/10508"}],"wp:attachment":[{"href":"https:\/\/gambling6.com\/it\/wp-json\/wp\/v2\/media?parent=9168"}],"curies":[{"name":"wp","href":"https:\/\/api.w.org\/{rel}","templated":true}]}}