{"id":9224,"date":"2025-11-10T12:24:28","date_gmt":"2025-11-10T12:24:28","guid":{"rendered":"https:\/\/gambling6.com\/scommesse-sportive\/"},"modified":"2025-11-12T10:22:02","modified_gmt":"2025-11-12T10:22:02","slug":"scommesse-sportive","status":"publish","type":"page","link":"https:\/\/gambling6.com\/it\/scommesse-sportive\/","title":{"rendered":"Scommesse sportive"},"content":{"rendered":"<h2>Le basi delle scommesse sportive<\/h2>\n<p>Le scommesse sportive \u2013 un termine che nasce semplicemente dalla combinazione delle parole descrittive stesse \u2013 consistono nel prevedere i risultati di eventi sportivi professionistici o amatoriali e nel piazzare una scommessa sull\u2019esito. <strong>Sportsbet \u00e8 il termine utilizzato per descrivere un luogo in cui si pratica l\u2019attivit\u00e0 delle scommesse sportive.<\/strong> In generale, negli Stati Uniti questa pratica non \u00e8 legale. In effetti, solo quattro dei cinquanta stati americani riconoscono le scommesse sportive come completamente legali. Poi \u00e8 arrivato Internet.<\/p>\n<h2>Milioni di persone partecipano ogni giorno alle scommesse sportive<\/h2>\n<p>Ogni giorno, milioni di persone affollano migliaia di siti web per piazzare scommesse su qualsiasi sport si possa immaginare. Tuttavia, <strong>questa introduzione alle scommesse sportive online ti mostrer\u00e0 che c\u2019\u00e8 molto di pi\u00f9 da sapere oltre a conoscere il punteggio e scommettere sulla squadra<\/strong> che vuoi veda vincere. Scommettere su una partita non solo pu\u00f2 renderla pi\u00f9 interessante da guardare, ma l\u2019arte delle scommesse sportive pu\u00f2 anche farti guadagnare molto denaro se eseguita correttamente. Se sei nuovo nel mondo delle scommesse sportive, dovrai conoscere i fondamenti e i principi di base per non sentirti disorientato una volta che l\u2019azione avr\u00e0 inizio.<\/p>\n<h2>Terminologia delle scommesse sportive online<\/h2>\n<p>Per prima cosa, <strong>devi familiarizzare con alcuni dei termini usati nelle scommesse sportive<\/strong>. Il primo termine che introdurr\u00f2 \u00e8 \u201c<a href=\"http:\/\/it.wikipedia.org\/wiki\/Handicap\" target=\"_blank\" rel=\"noopener\">Handicap<\/a>\u201d; significa dare a una squadra o a un giocatore un vantaggio su un altro, concedendo punti, gol o altre unit\u00e0 per rendere il confronto pi\u00f9 equilibrato. Ad esempio, se dovessi giocare una partita di basket uno contro uno con Michael Jordan fino a 21 punti, potrei ricevere un vantaggio di 18 punti \u2013 questo significherebbe che lui avrebbe un handicap di 18 punti. Dovrebbe segnare 21 punti prima che io ne segni 3 per vincere. Ci sono molti esempi di handicap o \u201cpoint spread\u201d, come vengono anche chiamati. Comprendere questo principio \u00e8 una delle chiavi per capire come piazzare buone scommesse nelle scommesse sportive online.<\/p>\n<h2>Conosci il tuo sito di scommesse online<\/h2>\n<p><strong>Le scommesse sportive, sia online che dal vivo, si effettuano di solito in quello che viene chiamato \u201csportsbook\u201d.<\/strong> Un \u201cBook\u201d \u00e8 un esercizio che accetta scommesse, mentre il bookmaker \u00e8 la persona che di solito stabilisce il punteggio o la quota per un determinato evento. Il processo di definizione dello \u201cspread\u201d rispetto alla \u201cpari quota\u201d (una scommessa con probabilit\u00e0 1:1) pu\u00f2 essere piuttosto complesso e variare da un sito di scommesse all\u2019altro.<\/p>\n<h2>Betonline Sportsbook &#8211; accetta appassionati di sport statunitensi<\/h2>\n<p>Quando sei pronto per scommettere, devi trovare un casin\u00f2 online o uno sportsbook affidabile dove poter piazzare le tue scommesse. <a class=\"thirstylink\" title=\"Betonline casino en\" href=\"https:\/\/gambling6.com\/go\/betonline-casino-en\/\" target=\"_blank\" rel=\"nofollow noopener\">Puoi dare un\u2019occhiata al Betonline Sportsbook<\/a>: \u00e8 un casin\u00f2 online molto conosciuto, con una grande reputazione per la sua sicurezza. Offrono numerosi metodi di deposito e prelievo, quindi troverai sicuramente un modo che si adatta alle tue esigenze personali.<\/p>\n<p>Un\u2019altra ottima alternativa \u00e8 888 Casino \u2013 la loro sezione dedicata alle scommesse sportive \u00e8 tra le migliori in circolazione. Inoltre, offrono anche una fantastica sala da poker, i migliori giochi da casin\u00f2 e persino attivit\u00e0 come Bingo e gratta e vinci.<\/p>\n<p>L\u2019unico inconveniente di 888 \u00e8 che non accettano clienti dagli Stati Uniti. Ma se risiedi in un altro paese, dovresti assolutamente <a class=\"thirstylink\" title=\"888 casino en\" href=\"https:\/\/gambling6.com\/go\/888-casino-en\/\" target=\"_blank\" rel=\"nofollow noopener\">visitare il sito di 888 Casino \u2013 segui semplicemente questo link.<\/a><\/p>\n<p>Fai una prova, ma ricorda che hai ancora molto da imparare sulle scommesse sportive online. Continueremo ad aggiornare questo sito in modo che tu possa conoscere le quote e i fattori che influenzano i risultati di determinati eventi. <strong>Se vuoi diventare un esperto nel campo delle scommesse sportive,<\/strong> sei nel posto giusto. Rilassati, mettiti comodo e divertiti con le scommesse sportive online.<\/p>\n","protected":false},"excerpt":{"rendered":"<p>Le basi delle scommesse sportive Le scommesse sportive \u2013 un termine che nasce semplicemente dalla combinazione delle parole descrittive stesse \u2013 consistono nel prevedere i risultati di eventi sportivi professionistici o amatoriali e nel piazzare una scommessa sull\u2019esito. Sportsbet \u00e8 il termine utilizzato per descrivere un luogo in cui si pratica l\u2019attivit\u00e0 delle scommesse sportive. [&hellip;]<\/p>\n","protected":false},"author":1,"featured_media":0,"parent":0,"menu_order":4,"comment_status":"closed","ping_status":"closed","template":"","meta":{"footnotes":""},"class_list":["post-9224","page","type-page","status-publish","hentry"],"yoast_head":"<!-- This site is optimized with the Yoast SEO plugin v27.4 - https:\/\/yoast.com\/product\/yoast-seo-wordpress\/ -->\n<title>Introduzione alle scommesse sportive online<\/title>\n<meta name=\"description\" content=\"Scopri alcuni termini utilizzati nelle scommesse sportive online.\" \/>\n<meta name=\"robots\" content=\"index, follow, max-snippet:-1, max-image-preview:large, max-video-preview:-1\" \/>\n<link rel=\"canonical\" href=\"https:\/\/gambling6.com\/it\/scommesse-sportive\/\" \/>\n<meta property=\"og:locale\" content=\"it_IT\" \/>\n<meta property=\"og:type\" content=\"article\" \/>\n<meta property=\"og:title\" content=\"Introduzione alle scommesse sportive online\" \/>\n<meta property=\"og:description\" content=\"Scopri alcuni termini utilizzati nelle scommesse sportive online.\" \/>\n<meta property=\"og:url\" content=\"https:\/\/gambling6.com\/it\/scommesse-sportive\/\" \/>\n<meta property=\"og:site_name\" content=\"Gambling6\" \/>\n<meta property=\"article:modified_time\" content=\"2025-11-12T10:22:02+00:00\" \/>\n<meta name=\"twitter:card\" content=\"summary_large_image\" \/>\n<meta name=\"twitter:label1\" content=\"Tempo di lettura stimato\" \/>\n\t<meta name=\"twitter:data1\" content=\"3 minuti\" \/>\n<script type=\"application\/ld+json\" class=\"yoast-schema-graph\">{\"@context\":\"https:\\\/\\\/schema.org\",\"@graph\":[{\"@type\":\"WebPage\",\"@id\":\"https:\\\/\\\/gambling6.com\\\/it\\\/scommesse-sportive\\\/\",\"url\":\"https:\\\/\\\/gambling6.com\\\/it\\\/scommesse-sportive\\\/\",\"name\":\"Introduzione alle scommesse sportive online\",\"isPartOf\":{\"@id\":\"https:\\\/\\\/gambling6.com\\\/it\\\/#website\"},\"datePublished\":\"2025-11-10T12:24:28+00:00\",\"dateModified\":\"2025-11-12T10:22:02+00:00\",\"description\":\"Scopri alcuni termini utilizzati nelle scommesse sportive online.\",\"breadcrumb\":{\"@id\":\"https:\\\/\\\/gambling6.com\\\/it\\\/scommesse-sportive\\\/#breadcrumb\"},\"inLanguage\":\"it-IT\",\"potentialAction\":[{\"@type\":\"ReadAction\",\"target\":[\"https:\\\/\\\/gambling6.com\\\/it\\\/scommesse-sportive\\\/\"]}]},{\"@type\":\"BreadcrumbList\",\"@id\":\"https:\\\/\\\/gambling6.com\\\/it\\\/scommesse-sportive\\\/#breadcrumb\",\"itemListElement\":[{\"@type\":\"ListItem\",\"position\":1,\"name\":\"Home\",\"item\":\"https:\\\/\\\/gambling6.com\\\/it\\\/home\\\/\"},{\"@type\":\"ListItem\",\"position\":2,\"name\":\"Scommesse sportive\"}]},{\"@type\":\"WebSite\",\"@id\":\"https:\\\/\\\/gambling6.com\\\/it\\\/#website\",\"url\":\"https:\\\/\\\/gambling6.com\\\/it\\\/\",\"name\":\"Gambling6\",\"description\":\"\",\"potentialAction\":[{\"@type\":\"SearchAction\",\"target\":{\"@type\":\"EntryPoint\",\"urlTemplate\":\"https:\\\/\\\/gambling6.com\\\/it\\\/?s={search_term_string}\"},\"query-input\":{\"@type\":\"PropertyValueSpecification\",\"valueRequired\":true,\"valueName\":\"search_term_string\"}}],\"inLanguage\":\"it-IT\"}]}<\/script>\n<!-- \/ Yoast SEO plugin. -->","yoast_head_json":{"title":"Introduzione alle scommesse sportive online","description":"Scopri alcuni termini utilizzati nelle scommesse sportive online.","robots":{"index":"index","follow":"follow","max-snippet":"max-snippet:-1","max-image-preview":"max-image-preview:large","max-video-preview":"max-video-preview:-1"},"canonical":"https:\/\/gambling6.com\/it\/scommesse-sportive\/","og_locale":"it_IT","og_type":"article","og_title":"Introduzione alle scommesse sportive online","og_description":"Scopri alcuni termini utilizzati nelle scommesse sportive online.","og_url":"https:\/\/gambling6.com\/it\/scommesse-sportive\/","og_site_name":"Gambling6","article_modified_time":"2025-11-12T10:22:02+00:00","twitter_card":"summary_large_image","twitter_misc":{"Tempo di lettura stimato":"3 minuti"},"schema":{"@context":"https:\/\/schema.org","@graph":[{"@type":"WebPage","@id":"https:\/\/gambling6.com\/it\/scommesse-sportive\/","url":"https:\/\/gambling6.com\/it\/scommesse-sportive\/","name":"Introduzione alle scommesse sportive online","isPartOf":{"@id":"https:\/\/gambling6.com\/it\/#website"},"datePublished":"2025-11-10T12:24:28+00:00","dateModified":"2025-11-12T10:22:02+00:00","description":"Scopri alcuni termini utilizzati nelle scommesse sportive online.","breadcrumb":{"@id":"https:\/\/gambling6.com\/it\/scommesse-sportive\/#breadcrumb"},"inLanguage":"it-IT","potentialAction":[{"@type":"ReadAction","target":["https:\/\/gambling6.com\/it\/scommesse-sportive\/"]}]},{"@type":"BreadcrumbList","@id":"https:\/\/gambling6.com\/it\/scommesse-sportive\/#breadcrumb","itemListElement":[{"@type":"ListItem","position":1,"name":"Home","item":"https:\/\/gambling6.com\/it\/home\/"},{"@type":"ListItem","position":2,"name":"Scommesse sportive"}]},{"@type":"WebSite","@id":"https:\/\/gambling6.com\/it\/#website","url":"https:\/\/gambling6.com\/it\/","name":"Gambling6","description":"","potentialAction":[{"@type":"SearchAction","target":{"@type":"EntryPoint","urlTemplate":"https:\/\/gambling6.com\/it\/?s={search_term_string}"},"query-input":{"@type":"PropertyValueSpecification","valueRequired":true,"valueName":"search_term_string"}}],"inLanguage":"it-IT"}]}},"_links":{"self":[{"href":"https:\/\/gambling6.com\/it\/wp-json\/wp\/v2\/pages\/9224","targetHints":{"allow":["GET"]}}],"collection":[{"href":"https:\/\/gambling6.com\/it\/wp-json\/wp\/v2\/pages"}],"about":[{"href":"https:\/\/gambling6.com\/it\/wp-json\/wp\/v2\/types\/page"}],"author":[{"embeddable":true,"href":"https:\/\/gambling6.com\/it\/wp-json\/wp\/v2\/users\/1"}],"replies":[{"embeddable":true,"href":"https:\/\/gambling6.com\/it\/wp-json\/wp\/v2\/comments?post=9224"}],"version-history":[{"count":1,"href":"https:\/\/gambling6.com\/it\/wp-json\/wp\/v2\/pages\/9224\/revisions"}],"predecessor-version":[{"id":10530,"href":"https:\/\/gambling6.com\/it\/wp-json\/wp\/v2\/pages\/9224\/revisions\/10530"}],"wp:attachment":[{"href":"https:\/\/gambling6.com\/it\/wp-json\/wp\/v2\/media?parent=9224"}],"curies":[{"name":"wp","href":"https:\/\/api.w.org\/{rel}","templated":true}]}}