{"id":9304,"date":"2025-11-10T13:24:06","date_gmt":"2025-11-10T13:24:06","guid":{"rendered":"https:\/\/gambling6.com\/lotteria\/"},"modified":"2025-11-15T11:42:37","modified_gmt":"2025-11-15T11:42:37","slug":"lotteria","status":"publish","type":"page","link":"https:\/\/gambling6.com\/it\/lotteria\/","title":{"rendered":"Lotteria"},"content":{"rendered":"<h2>Il lotto diventa internazionale e online<\/h2>\n<p>Sebbene sia considerato una grande forma di intrattenimento, l\u2019acquisto di biglietti della lotteria internazionale \u00e8 diventato anche un grande business. Il gioco d\u2019azzardo in generale \u00e8 esploso, in parte grazie alla straordinaria esposizione mediatica del poker, e il successo di Internet ha contribuito ulteriormente. <strong>Giocare alle lotterie internazionali e acquistare i biglietti online ha accelerato la crescita dei jackpot,<\/strong> e molte persone oggi includono RedFoxLotto come parte del proprio piano di reddito.<\/p>\n<h2>Internet rende facile acquistare i biglietti della lotteria<\/h2>\n<p>Internet ha cambiato le nostre vite in molti modi; ha sicuramente reso il mondo un posto molto pi\u00f9 piccolo. Esistono centinaia di lotterie che si giocano ogni giorno in diversi paesi del mondo. La maggior parte delle estrazioni nazionali, comprese quelle con jackpot pi\u00f9 grandi, sono ora disponibili anche per chi acquista biglietti del lotto a livello internazionale. <strong>Le principali lotterie mondiali, come Mega Millions negli Stati Uniti e Powerball sia dagli USA che dall\u2019Australia, consentono l\u2019acquisto di biglietti online tramite il nostro partner RedFoxLotto.<\/strong><img loading=\"lazy\" decoding=\"async\" class=\"alignright size-full wp-image-437\" style=\"margin: 10px; border: 5px none #ffffff; float: right;\" src=\"http:\/\/gambling6.com\/wp-content\/uploads\/2013\/12\/International-Community-150x150.jpg\" alt=\"Lotterie internazionali online\" width=\"150\" height=\"150\" \/><\/p>\n<h2>Acquista biglietti della lotteria 24 ore su 24<\/h2>\n<p>Nel mondo tecnologico di oggi possiamo acquistare biglietti per molte lotterie internazionali 24 ore su 24, 365 giorni all\u2019anno. Grazie a Internet possiamo comprare questi biglietti senza correre dal rivenditore o fare la fila. Possiamo prenderci il tempo per scegliere i numeri e utilizzare i diversi strumenti disponibili. La facilit\u00e0 con cui si pu\u00f2 partecipare alle lotterie internazionali ha fatto aumentare i jackpot e i premi multi-livello fino a livelli record. Questi alti montepremi hanno spinto molti a costruire un\u2019attivit\u00e0 giocando su RedFoxLotto online.<\/p>\n<h2>Acquistare biglietti della lotteria online \u00e8 sicuro<\/h2>\n<p>Con il nostro partner RedFoxLotto, acquistare biglietti per le lotterie internazionali \u00e8 sicuro e semplice. Innanzitutto, devi aprire un account. Durante la registrazione ti verranno richieste alcune informazioni personali. Assicurati di inserire dati corretti e aggiornati per poter verificare la tua identit\u00e0 nel caso in cui vincessi un grande jackpot. Le informazioni che inserisci e invii sono protette da una crittografia a 256 bit, e l\u2019hosting sicuro garantisce che restino private e utilizzate solo per gli scopi indicati sul sito.<\/p>\n<h2>Metodi di pagamento online per i vincitori di RedFoxLotto<\/h2>\n<p>Puoi utilizzare carte come Visa, MasterCard e Visa Debit per acquistare i biglietti. Sono disponibili anche altri metodi di pagamento, come bonifici bancari e pagamenti in criptovalute. Tuttavia, in caso di vincita significativa, dovrai fornire un conto bancario per poter ricevere l\u2019accredito del premio. L\u2019ambiente sicuro rende RedFoxLotto una scelta ideale per giocare alle lotterie internazionali e ricevere le vincite in tutta tranquillit\u00e0.<\/p>\n<h2>Acquistare biglietti della lotteria online ha molti vantaggi<\/h2>\n<p>Un altro vantaggio dell\u2019acquisto online dei biglietti della lotteria \u00e8 la disponibilit\u00e0 di numerosi strumenti che aiutano ad analizzare i numeri delle pi\u00f9 grandi estrazioni internazionali. Gli strumenti online consentono di visualizzare i numeri pi\u00f9 frequenti, quelli meno estratti e la cronologia delle estrazioni di lotterie in tutto il mondo. Queste informazioni offrono un vantaggio nell\u2019acquisto dei biglietti e possono far crescere il tuo conto bancario grazie a vincite multi-livello.<\/p>\n<p>Giocare su RedFoxLotto pu\u00f2 essere divertente e redditizio. Inizia a giocare alle lotterie internazionali oggi stesso. <a class=\"thirstylink\" title=\"Redfoxlotto\" href=\"https:\/\/gambling6.com\/go\/redfoxlotto\/\" target=\"_blank\" rel=\"nofollow noopener\">Per acquistare i tuoi biglietti della lotteria internazionale online, visita il nostro partner RedFoxLotto.<\/a><\/p>\n<h2>Devi essere residente per giocare a una lotteria internazionale?<\/h2>\n<p>La risposta \u00e8 semplice: no, non \u00e8 necessario! Se hai letto articoli su Internet o sui giornali su persone che hanno vinto jackpot da milioni di dollari, potresti esserti chiesto: \u201cPerch\u00e9 non posso provare anch\u2019io una di quelle lotterie?\u201d. Bene, ora non \u00e8 pi\u00f9 un problema non essere residente nel paese in cui viene estratta la lotteria del jackpot.<\/p>\n<p>Puoi acquistare un biglietto per qualsiasi jackpot del lotto che desideri vincere, poich\u00e9 sono disponibili online per chiunque nel mondo. Questo sito ti aiuta ad acquistare biglietti del lotto online per i pi\u00f9 grandi jackpot internazionali. E la procedura non potrebbe essere pi\u00f9 semplice. Clicca sul link qui sopra e scegli una lotteria. Verrai reindirizzato a una pagina dove potrai selezionare personalmente i tuoi numeri preferiti oppure lasciare che il computer li scelga casualmente per te.<\/p>\n<p>Poi effettui il pagamento online, scegliendo l\u2019opzione di pagamento pi\u00f9 comoda per te. I metodi disponibili includono portafogli elettronici popolari e sicuri come Skrill e persino criptovalute. Naturalmente, puoi anche scegliere l\u2019opzione pi\u00f9 comune: il pagamento con carta di credito.<\/p>\n<p><strong>Cosa succede dopo \u2013 come ricevo il mio biglietto del lotto online?<\/strong> Funziona come un servizio di consegna: il tuo biglietto online viene acquistato a tuo nome, quindi scannerizzato e caricato sul tuo account.<\/p>\n<p>Non ti resta che rilassarti e attendere l\u2019estrazione, controllare i tuoi numeri e vedere quanto hai vinto. Se vinci un importo inferiore a 2000 \u20ac, il denaro verr\u00e0 accreditato sul tuo conto cliente. Per importi superiori, il regolamento di RedFoxLotto richiede di compilare un modulo di richiesta disponibile sul sito. Questo verr\u00e0 inoltrato alla commissione della lotteria competente per tuo conto e, prima che te ne accorga, un assegno sar\u00e0 gi\u00e0 in arrivo! <a class=\"thirstylink\" title=\"Redfoxlotto\" href=\"https:\/\/gambling6.com\/go\/redfoxlotto\/\" target=\"_blank\" rel=\"nofollow noopener\">Acquista oggi stesso i biglietti della lotteria su RedFoxLotto!<\/a><\/p>\n<p>&nbsp;<\/p>\n","protected":false},"excerpt":{"rendered":"<p>Il lotto diventa internazionale e online Sebbene sia considerato una grande forma di intrattenimento, l\u2019acquisto di biglietti della lotteria internazionale \u00e8 diventato anche un grande business. Il gioco d\u2019azzardo in generale \u00e8 esploso, in parte grazie alla straordinaria esposizione mediatica del poker, e il successo di Internet ha contribuito ulteriormente. Giocare alle lotterie internazionali e [&hellip;]<\/p>\n","protected":false},"author":1,"featured_media":440,"parent":0,"menu_order":8,"comment_status":"closed","ping_status":"closed","template":"","meta":{"footnotes":""},"class_list":["post-9304","page","type-page","status-publish","has-post-thumbnail","hentry"],"yoast_head":"<!-- This site is optimized with the Yoast SEO plugin v27.3 - https:\/\/yoast.com\/product\/yoast-seo-wordpress\/ -->\n<title>Acquistare biglietti della Lotteria Internazionale online<\/title>\n<meta name=\"description\" content=\"Acquistare biglietti per le lotterie internazionali online \u00e8 facile. Non importa dove vivi, partecipa a una qualsiasi delle migliori lotterie del mondo.\" \/>\n<meta name=\"robots\" content=\"index, follow, max-snippet:-1, max-image-preview:large, max-video-preview:-1\" \/>\n<link rel=\"canonical\" href=\"https:\/\/gambling6.com\/it\/lotteria\/\" \/>\n<meta property=\"og:locale\" content=\"it_IT\" \/>\n<meta property=\"og:type\" content=\"article\" \/>\n<meta property=\"og:title\" content=\"Acquistare biglietti della Lotteria Internazionale online\" \/>\n<meta property=\"og:description\" content=\"Acquistare biglietti per le lotterie internazionali online \u00e8 facile. Non importa dove vivi, partecipa a una qualsiasi delle migliori lotterie del mondo.\" \/>\n<meta property=\"og:url\" content=\"https:\/\/gambling6.com\/it\/lotteria\/\" \/>\n<meta property=\"og:site_name\" content=\"Gambling6\" \/>\n<meta property=\"article:modified_time\" content=\"2025-11-15T11:42:37+00:00\" \/>\n<meta property=\"og:image\" content=\"https:\/\/gambling6.com\/wp-content\/uploads\/2013\/12\/International-Community-150x150.jpg\" \/>\n\t<meta property=\"og:image:width\" content=\"150\" \/>\n\t<meta property=\"og:image:height\" content=\"150\" \/>\n\t<meta property=\"og:image:type\" content=\"image\/jpeg\" \/>\n<meta name=\"twitter:card\" content=\"summary_large_image\" \/>\n<meta name=\"twitter:label1\" content=\"Tempo di lettura stimato\" \/>\n\t<meta name=\"twitter:data1\" content=\"4 minuti\" \/>\n<script type=\"application\/ld+json\" class=\"yoast-schema-graph\">{\"@context\":\"https:\\\/\\\/schema.org\",\"@graph\":[{\"@type\":\"WebPage\",\"@id\":\"https:\\\/\\\/gambling6.com\\\/it\\\/lotteria\\\/\",\"url\":\"https:\\\/\\\/gambling6.com\\\/it\\\/lotteria\\\/\",\"name\":\"Acquistare biglietti della Lotteria Internazionale online\",\"isPartOf\":{\"@id\":\"https:\\\/\\\/gambling6.com\\\/it\\\/#website\"},\"primaryImageOfPage\":{\"@id\":\"https:\\\/\\\/gambling6.com\\\/it\\\/lotteria\\\/#primaryimage\"},\"image\":{\"@id\":\"https:\\\/\\\/gambling6.com\\\/it\\\/lotteria\\\/#primaryimage\"},\"thumbnailUrl\":\"https:\\\/\\\/gambling6.com\\\/wp-content\\\/uploads\\\/2013\\\/12\\\/International-Community-150x150.jpg\",\"datePublished\":\"2025-11-10T13:24:06+00:00\",\"dateModified\":\"2025-11-15T11:42:37+00:00\",\"description\":\"Acquistare biglietti per le lotterie internazionali online \u00e8 facile. Non importa dove vivi, partecipa a una qualsiasi delle migliori lotterie del mondo.\",\"breadcrumb\":{\"@id\":\"https:\\\/\\\/gambling6.com\\\/it\\\/lotteria\\\/#breadcrumb\"},\"inLanguage\":\"it-IT\",\"potentialAction\":[{\"@type\":\"ReadAction\",\"target\":[\"https:\\\/\\\/gambling6.com\\\/it\\\/lotteria\\\/\"]}]},{\"@type\":\"ImageObject\",\"inLanguage\":\"it-IT\",\"@id\":\"https:\\\/\\\/gambling6.com\\\/it\\\/lotteria\\\/#primaryimage\",\"url\":\"https:\\\/\\\/gambling6.com\\\/wp-content\\\/uploads\\\/2013\\\/12\\\/International-Community-150x150.jpg\",\"contentUrl\":\"https:\\\/\\\/gambling6.com\\\/wp-content\\\/uploads\\\/2013\\\/12\\\/International-Community-150x150.jpg\",\"width\":150,\"height\":150},{\"@type\":\"BreadcrumbList\",\"@id\":\"https:\\\/\\\/gambling6.com\\\/it\\\/lotteria\\\/#breadcrumb\",\"itemListElement\":[{\"@type\":\"ListItem\",\"position\":1,\"name\":\"Home\",\"item\":\"https:\\\/\\\/gambling6.com\\\/it\\\/home\\\/\"},{\"@type\":\"ListItem\",\"position\":2,\"name\":\"Lotteria\"}]},{\"@type\":\"WebSite\",\"@id\":\"https:\\\/\\\/gambling6.com\\\/it\\\/#website\",\"url\":\"https:\\\/\\\/gambling6.com\\\/it\\\/\",\"name\":\"Gambling6\",\"description\":\"\",\"potentialAction\":[{\"@type\":\"SearchAction\",\"target\":{\"@type\":\"EntryPoint\",\"urlTemplate\":\"https:\\\/\\\/gambling6.com\\\/it\\\/?s={search_term_string}\"},\"query-input\":{\"@type\":\"PropertyValueSpecification\",\"valueRequired\":true,\"valueName\":\"search_term_string\"}}],\"inLanguage\":\"it-IT\"}]}<\/script>\n<!-- \/ Yoast SEO plugin. -->","yoast_head_json":{"title":"Acquistare biglietti della Lotteria Internazionale online","description":"Acquistare biglietti per le lotterie internazionali online \u00e8 facile. Non importa dove vivi, partecipa a una qualsiasi delle migliori lotterie del mondo.","robots":{"index":"index","follow":"follow","max-snippet":"max-snippet:-1","max-image-preview":"max-image-preview:large","max-video-preview":"max-video-preview:-1"},"canonical":"https:\/\/gambling6.com\/it\/lotteria\/","og_locale":"it_IT","og_type":"article","og_title":"Acquistare biglietti della Lotteria Internazionale online","og_description":"Acquistare biglietti per le lotterie internazionali online \u00e8 facile. Non importa dove vivi, partecipa a una qualsiasi delle migliori lotterie del mondo.","og_url":"https:\/\/gambling6.com\/it\/lotteria\/","og_site_name":"Gambling6","article_modified_time":"2025-11-15T11:42:37+00:00","og_image":[{"width":150,"height":150,"url":"https:\/\/gambling6.com\/wp-content\/uploads\/2013\/12\/International-Community-150x150.jpg","type":"image\/jpeg"}],"twitter_card":"summary_large_image","twitter_misc":{"Tempo di lettura stimato":"4 minuti"},"schema":{"@context":"https:\/\/schema.org","@graph":[{"@type":"WebPage","@id":"https:\/\/gambling6.com\/it\/lotteria\/","url":"https:\/\/gambling6.com\/it\/lotteria\/","name":"Acquistare biglietti della Lotteria Internazionale online","isPartOf":{"@id":"https:\/\/gambling6.com\/it\/#website"},"primaryImageOfPage":{"@id":"https:\/\/gambling6.com\/it\/lotteria\/#primaryimage"},"image":{"@id":"https:\/\/gambling6.com\/it\/lotteria\/#primaryimage"},"thumbnailUrl":"https:\/\/gambling6.com\/wp-content\/uploads\/2013\/12\/International-Community-150x150.jpg","datePublished":"2025-11-10T13:24:06+00:00","dateModified":"2025-11-15T11:42:37+00:00","description":"Acquistare biglietti per le lotterie internazionali online \u00e8 facile. Non importa dove vivi, partecipa a una qualsiasi delle migliori lotterie del mondo.","breadcrumb":{"@id":"https:\/\/gambling6.com\/it\/lotteria\/#breadcrumb"},"inLanguage":"it-IT","potentialAction":[{"@type":"ReadAction","target":["https:\/\/gambling6.com\/it\/lotteria\/"]}]},{"@type":"ImageObject","inLanguage":"it-IT","@id":"https:\/\/gambling6.com\/it\/lotteria\/#primaryimage","url":"https:\/\/gambling6.com\/wp-content\/uploads\/2013\/12\/International-Community-150x150.jpg","contentUrl":"https:\/\/gambling6.com\/wp-content\/uploads\/2013\/12\/International-Community-150x150.jpg","width":150,"height":150},{"@type":"BreadcrumbList","@id":"https:\/\/gambling6.com\/it\/lotteria\/#breadcrumb","itemListElement":[{"@type":"ListItem","position":1,"name":"Home","item":"https:\/\/gambling6.com\/it\/home\/"},{"@type":"ListItem","position":2,"name":"Lotteria"}]},{"@type":"WebSite","@id":"https:\/\/gambling6.com\/it\/#website","url":"https:\/\/gambling6.com\/it\/","name":"Gambling6","description":"","potentialAction":[{"@type":"SearchAction","target":{"@type":"EntryPoint","urlTemplate":"https:\/\/gambling6.com\/it\/?s={search_term_string}"},"query-input":{"@type":"PropertyValueSpecification","valueRequired":true,"valueName":"search_term_string"}}],"inLanguage":"it-IT"}]}},"_links":{"self":[{"href":"https:\/\/gambling6.com\/it\/wp-json\/wp\/v2\/pages\/9304","targetHints":{"allow":["GET"]}}],"collection":[{"href":"https:\/\/gambling6.com\/it\/wp-json\/wp\/v2\/pages"}],"about":[{"href":"https:\/\/gambling6.com\/it\/wp-json\/wp\/v2\/types\/page"}],"author":[{"embeddable":true,"href":"https:\/\/gambling6.com\/it\/wp-json\/wp\/v2\/users\/1"}],"replies":[{"embeddable":true,"href":"https:\/\/gambling6.com\/it\/wp-json\/wp\/v2\/comments?post=9304"}],"version-history":[{"count":1,"href":"https:\/\/gambling6.com\/it\/wp-json\/wp\/v2\/pages\/9304\/revisions"}],"predecessor-version":[{"id":10646,"href":"https:\/\/gambling6.com\/it\/wp-json\/wp\/v2\/pages\/9304\/revisions\/10646"}],"wp:featuredmedia":[{"embeddable":true,"href":"https:\/\/gambling6.com\/it\/wp-json\/wp\/v2\/media\/440"}],"wp:attachment":[{"href":"https:\/\/gambling6.com\/it\/wp-json\/wp\/v2\/media?parent=9304"}],"curies":[{"name":"wp","href":"https:\/\/api.w.org\/{rel}","templated":true}]}}