{"id":9360,"date":"2025-11-10T20:42:39","date_gmt":"2025-11-10T20:42:39","guid":{"rendered":"https:\/\/gambling6.com\/lotteria\/ottieni-i-biglietti-online-per-la-lotteria-mega-millions\/"},"modified":"2025-11-10T20:42:39","modified_gmt":"2025-11-10T20:42:39","slug":"ottieni-i-biglietti-online-per-la-lotteria-mega-millions","status":"publish","type":"page","link":"https:\/\/gambling6.com\/it\/lotteria\/ottieni-i-biglietti-online-per-la-lotteria-mega-millions\/","title":{"rendered":"Ottieni i biglietti online per la lotteria Mega Millions"},"content":{"rendered":"<h2>Biglietti della lotteria Mega Millions disponibili da qualsiasi parte del mondo<\/h2>\n<p>Un numero incredibile di persone acquista biglietti della lotteria ogni giorno, sia in Nord America che in tutto il mondo. La maggior parte dei partecipanti alla lotteria \u00e8 ben consapevole che le proprie possibilit\u00e0 di vincere il jackpot sono molto scarse. <strong>Eppure, con la possibilit\u00e0 di\u00a0<\/strong><span style=\"box-sizing: border-box; margin: 0px; padding: 0px;\"><strong>acquistare biglietti online per la lotteria Mega Millions, le persone si precipitano al computer ogni giorno<\/strong>, accedono al nostro partner RedFoxLotto.com e acquistano i biglietti <\/span>per la gigantesca lotteria Mega Millions con sede negli Stati Uniti.<img loading=\"lazy\" decoding=\"async\" class=\" alignright wp-image-544\" style=\"margin: 10px; border: 5px solid #ffffff; float: right;\" src=\"http:\/\/gambling6.com\/wp-content\/uploads\/2013\/12\/get-mega-millions-tickets-online.png\" alt=\"i tuoi biglietti Mega Millions online\" width=\"297\" height=\"163\" srcset=\"https:\/\/gambling6.com\/wp-content\/uploads\/2013\/12\/get-mega-millions-tickets-online.png 388w, https:\/\/gambling6.com\/wp-content\/uploads\/2013\/12\/get-mega-millions-tickets-online-300x165.png 300w\" sizes=\"auto, (max-width: 297px) 100vw, 297px\" \/><\/p>\n<h2>Per vincere, devi procurarti i biglietti online.<\/h2>\n<p>Molte persone preferiscono avere una minima possibilit\u00e0 di vincita piuttosto che nessuna. Come dice il proverbio: &#8220;senza biglietto non si vince&#8221;. Questa frase \u00e8 impressa nella mente di molte persone e, con le immagini del lotto che le inondano ogni giorno, \u00e8 molto probabile che acquistino i biglietti online. Internet ha permesso a persone di tutto il mondo di acquistare biglietti per ogni estrazione della lotteria. Essendo Mega Millions una delle pi\u00f9 grandi estrazioni al mondo, \u00e8 semplicemente logico che le persone si riversino ad acquistare i biglietti online.<\/p>\n<p>Per acquistare il tuo biglietto, <a class=\"thirstylink\" title=\"Redfoxlotto\" href=\"https:\/\/gambling6.com\/go\/redfoxlotto\/\" target=\"_blank\" rel=\"nofollow noopener\">clicca qui per visitare RedFoxLotto.com<\/a>, un eccellente servizio di messaggistica per biglietti della lotteria, dove puoi acquistare biglietti per i jackpot pi\u00f9 importanti da tutto il mondo.<\/p>\n<h2>Opportunit\u00e0 che cambiano la vita attendono gli acquirenti online.<\/h2>\n<p>\u00c8 importante notare che le persone acquistano biglietti online per la lotteria Mega Millions per cercare di cambiare la propria vita. Quando vengono a sapere che una coppia di Tunkhannock, in Pennsylvania, ha vinto il primo premio, rimangono delusi e non controllano nemmeno i biglietti.<\/p>\n<h2>I biglietti online per Mega Millions e Powerball sono i pi\u00f9 popolari.<\/h2>\n<p>Le due lotterie negli Stati Uniti, ovvero Mega Millions e Powerball, sono effettivamente le lotterie con i jackpot pi\u00f9 alti al mondo. Non sorprende quindi che le vendite online dei biglietti per questi due giganti raggiungano nuovi picchi ogni settimana. Acquistare biglietti online per il Mega Millions ha regolarmente portato i jackpot a livelli straordinari.<\/p>\n<h2>Gli incredibili jackpot del Mega Millions del 2013 sfiorano il record<\/h2>\n<table style=\"width: 500px;\" border=\"1\" cellspacing=\"5\" cellpadding=\"5\" align=\"center\">\n<tbody>\n<tr>\n<td colspan=\"3\" align=\"center\">I cinque migliori jackpot del 2013<\/td>\n<\/tr>\n<tr>\n<td>Estrazione<\/td>\n<td align=\"center\">Data<\/td>\n<td align=\"center\">Jackpot (USD)<\/td>\n<\/tr>\n<tr>\n<td>Mega Millions &#8211; USA<\/td>\n<td align=\"center\">17 dic-13<\/td>\n<td align=\"right\">$636.000.000<\/td>\n<\/tr>\n<tr>\n<td>Mega Millions &#8211; USA<\/td>\n<td align=\"center\">17 mag-13<\/td>\n<td align=\"right\">$190.000.000<\/td>\n<\/tr>\n<tr>\n<td>Mega Millions &#8211; USA<\/td>\n<td align=\"center\">1-ott-13<\/td>\n<td align=\"right\">$189.000.000<\/td>\n<\/tr>\n<tr>\n<td>Mega Millions &#8211; USA<\/td>\n<td align=\"center\">25-gen-13<\/td>\n<td align=\"right\">$89.000.000<\/td>\n<\/tr>\n<tr>\n<td>Mega Millions &#8211; USA<\/td>\n<td align=\"center\">5-lug-13<\/td>\n<td align=\"right\">$79.000.000<\/td>\n<\/tr>\n<\/tbody>\n<\/table>\n<h2>\u00a0Tanti premi per i possessori di biglietti online del Mega Millions<\/h2>\n<table style=\"width: 500px;\" border=\"1\" cellspacing=\"5\" cellpadding=\"5\" align=\"center\">\n<tbody>\n<tr>\n<td colspan=\"3\" align=\"center\">Livello di premio della lotteria Mega Millions<\/td>\n<\/tr>\n<tr>\n<td>Premio<\/td>\n<td align=\"center\">Partite<\/td>\n<td align=\"center\">Quote<\/td>\n<\/tr>\n<tr>\n<td>1\u00b0 (Jackpot)<\/td>\n<td align=\"center\">5 + 1<\/td>\n<td align=\"right\">175.711.538 : 1<\/td>\n<\/tr>\n<tr>\n<td>2\u00b0<\/td>\n<td align=\"center\">5<\/td>\n<td align=\"right\">3.904.701 : 1<\/td>\n<\/tr>\n<tr>\n<td>3\u00b0<\/td>\n<td align=\"center\">4 + 1<\/td>\n<td align=\"right\">689.065 : 1<\/td>\n<\/tr>\n<tr>\n<td>4\u00b0<\/td>\n<td align=\"center\">4<\/td>\n<td align=\"right\">15.313 : 1<\/td>\n<\/tr>\n<tr>\n<td>5\u00b0<\/td>\n<td align=\"center\">3 + 1<\/td>\n<td align=\"right\">13.781 : 1<\/td>\n<\/tr>\n<tr>\n<td>6\u00b0<\/td>\n<td align=\"center\">2 + 1<\/td>\n<td align=\"right\">844 : 1<\/td>\n<\/tr>\n<tr>\n<td>7\u00b0<\/td>\n<td align=\"center\">3<\/td>\n<td align=\"right\">360 : 1<\/td>\n<\/tr>\n<tr>\n<td>8\u00b0<\/td>\n<td align=\"center\">1 + 1<\/td>\n<td align=\"right\">141 : 1<\/td>\n<\/tr>\n<tr>\n<td>9\u00b0<\/td>\n<td align=\"center\">0 + 1<\/td>\n<td align=\"right\">75 : 1<\/td>\n<\/tr>\n<\/tbody>\n<\/table>\n<p style=\"text-align: center;\"><strong>Gioca a Mega Millions oggi stesso con i tuoi biglietti online e potresti realizzare i tuoi sogni!<\/strong><\/p>\n","protected":false},"excerpt":{"rendered":"<p>Biglietti della lotteria Mega Millions disponibili da qualsiasi parte del mondo Un numero incredibile di persone acquista biglietti della lotteria ogni giorno, sia in Nord America che in tutto il mondo. La maggior parte dei partecipanti alla lotteria \u00e8 ben consapevole che le proprie possibilit\u00e0 di vincere il jackpot sono molto scarse. Eppure, con la [&hellip;]<\/p>\n","protected":false},"author":1,"featured_media":547,"parent":9304,"menu_order":13,"comment_status":"closed","ping_status":"closed","template":"","meta":{"footnotes":""},"class_list":["post-9360","page","type-page","status-publish","has-post-thumbnail","hentry"],"yoast_head":"<!-- This site is optimized with the Yoast SEO plugin v27.3 - https:\/\/yoast.com\/product\/yoast-seo-wordpress\/ -->\n<title>Acquista online i biglietti della lotteria Mega Millions<\/title>\n<meta name=\"description\" content=\"Vinci alla grande acquistando online i biglietti della lotteria Mega Millions.\" \/>\n<meta name=\"robots\" content=\"index, follow, max-snippet:-1, max-image-preview:large, max-video-preview:-1\" \/>\n<link rel=\"canonical\" href=\"https:\/\/gambling6.com\/it\/lotteria\/ottieni-i-biglietti-online-per-la-lotteria-mega-millions\/\" \/>\n<meta property=\"og:locale\" content=\"it_IT\" \/>\n<meta property=\"og:type\" content=\"article\" \/>\n<meta property=\"og:title\" content=\"Acquista online i biglietti della lotteria Mega Millions\" \/>\n<meta property=\"og:description\" content=\"Vinci alla grande acquistando online i biglietti della lotteria Mega Millions.\" \/>\n<meta property=\"og:url\" content=\"https:\/\/gambling6.com\/it\/lotteria\/ottieni-i-biglietti-online-per-la-lotteria-mega-millions\/\" \/>\n<meta property=\"og:site_name\" content=\"Gambling6\" \/>\n<meta property=\"og:image\" content=\"https:\/\/gambling6.com\/wp-content\/uploads\/2013\/12\/get-mega-millions-tickets-online.png\" \/>\n\t<meta property=\"og:image:width\" content=\"388\" \/>\n\t<meta property=\"og:image:height\" content=\"213\" \/>\n\t<meta property=\"og:image:type\" content=\"image\/png\" \/>\n<meta name=\"twitter:card\" content=\"summary_large_image\" \/>\n<meta name=\"twitter:label1\" content=\"Tempo di lettura stimato\" \/>\n\t<meta name=\"twitter:data1\" content=\"2 minuti\" \/>\n<script type=\"application\/ld+json\" class=\"yoast-schema-graph\">{\"@context\":\"https:\\\/\\\/schema.org\",\"@graph\":[{\"@type\":\"WebPage\",\"@id\":\"https:\\\/\\\/gambling6.com\\\/it\\\/lotteria\\\/ottieni-i-biglietti-online-per-la-lotteria-mega-millions\\\/\",\"url\":\"https:\\\/\\\/gambling6.com\\\/it\\\/lotteria\\\/ottieni-i-biglietti-online-per-la-lotteria-mega-millions\\\/\",\"name\":\"Acquista online i biglietti della lotteria Mega Millions\",\"isPartOf\":{\"@id\":\"https:\\\/\\\/gambling6.com\\\/it\\\/#website\"},\"primaryImageOfPage\":{\"@id\":\"https:\\\/\\\/gambling6.com\\\/it\\\/lotteria\\\/ottieni-i-biglietti-online-per-la-lotteria-mega-millions\\\/#primaryimage\"},\"image\":{\"@id\":\"https:\\\/\\\/gambling6.com\\\/it\\\/lotteria\\\/ottieni-i-biglietti-online-per-la-lotteria-mega-millions\\\/#primaryimage\"},\"thumbnailUrl\":\"https:\\\/\\\/gambling6.com\\\/wp-content\\\/uploads\\\/2013\\\/12\\\/get-mega-millions-tickets-online.png\",\"datePublished\":\"2025-11-10T20:42:39+00:00\",\"description\":\"Vinci alla grande acquistando online i biglietti della lotteria Mega Millions.\",\"breadcrumb\":{\"@id\":\"https:\\\/\\\/gambling6.com\\\/it\\\/lotteria\\\/ottieni-i-biglietti-online-per-la-lotteria-mega-millions\\\/#breadcrumb\"},\"inLanguage\":\"it-IT\",\"potentialAction\":[{\"@type\":\"ReadAction\",\"target\":[\"https:\\\/\\\/gambling6.com\\\/it\\\/lotteria\\\/ottieni-i-biglietti-online-per-la-lotteria-mega-millions\\\/\"]}]},{\"@type\":\"ImageObject\",\"inLanguage\":\"it-IT\",\"@id\":\"https:\\\/\\\/gambling6.com\\\/it\\\/lotteria\\\/ottieni-i-biglietti-online-per-la-lotteria-mega-millions\\\/#primaryimage\",\"url\":\"https:\\\/\\\/gambling6.com\\\/wp-content\\\/uploads\\\/2013\\\/12\\\/get-mega-millions-tickets-online.png\",\"contentUrl\":\"https:\\\/\\\/gambling6.com\\\/wp-content\\\/uploads\\\/2013\\\/12\\\/get-mega-millions-tickets-online.png\",\"width\":388,\"height\":213},{\"@type\":\"BreadcrumbList\",\"@id\":\"https:\\\/\\\/gambling6.com\\\/it\\\/lotteria\\\/ottieni-i-biglietti-online-per-la-lotteria-mega-millions\\\/#breadcrumb\",\"itemListElement\":[{\"@type\":\"ListItem\",\"position\":1,\"name\":\"Home\",\"item\":\"https:\\\/\\\/gambling6.com\\\/it\\\/home\\\/\"},{\"@type\":\"ListItem\",\"position\":2,\"name\":\"Lotteria\",\"item\":\"https:\\\/\\\/gambling6.com\\\/it\\\/lotteria\\\/\"},{\"@type\":\"ListItem\",\"position\":3,\"name\":\"Ottieni i biglietti online per la lotteria Mega Millions\"}]},{\"@type\":\"WebSite\",\"@id\":\"https:\\\/\\\/gambling6.com\\\/it\\\/#website\",\"url\":\"https:\\\/\\\/gambling6.com\\\/it\\\/\",\"name\":\"Gambling6\",\"description\":\"\",\"potentialAction\":[{\"@type\":\"SearchAction\",\"target\":{\"@type\":\"EntryPoint\",\"urlTemplate\":\"https:\\\/\\\/gambling6.com\\\/it\\\/?s={search_term_string}\"},\"query-input\":{\"@type\":\"PropertyValueSpecification\",\"valueRequired\":true,\"valueName\":\"search_term_string\"}}],\"inLanguage\":\"it-IT\"}]}<\/script>\n<!-- \/ Yoast SEO plugin. -->","yoast_head_json":{"title":"Acquista online i biglietti della lotteria Mega Millions","description":"Vinci alla grande acquistando online i biglietti della lotteria Mega Millions.","robots":{"index":"index","follow":"follow","max-snippet":"max-snippet:-1","max-image-preview":"max-image-preview:large","max-video-preview":"max-video-preview:-1"},"canonical":"https:\/\/gambling6.com\/it\/lotteria\/ottieni-i-biglietti-online-per-la-lotteria-mega-millions\/","og_locale":"it_IT","og_type":"article","og_title":"Acquista online i biglietti della lotteria Mega Millions","og_description":"Vinci alla grande acquistando online i biglietti della lotteria Mega Millions.","og_url":"https:\/\/gambling6.com\/it\/lotteria\/ottieni-i-biglietti-online-per-la-lotteria-mega-millions\/","og_site_name":"Gambling6","og_image":[{"width":388,"height":213,"url":"https:\/\/gambling6.com\/wp-content\/uploads\/2013\/12\/get-mega-millions-tickets-online.png","type":"image\/png"}],"twitter_card":"summary_large_image","twitter_misc":{"Tempo di lettura stimato":"2 minuti"},"schema":{"@context":"https:\/\/schema.org","@graph":[{"@type":"WebPage","@id":"https:\/\/gambling6.com\/it\/lotteria\/ottieni-i-biglietti-online-per-la-lotteria-mega-millions\/","url":"https:\/\/gambling6.com\/it\/lotteria\/ottieni-i-biglietti-online-per-la-lotteria-mega-millions\/","name":"Acquista online i biglietti della lotteria Mega Millions","isPartOf":{"@id":"https:\/\/gambling6.com\/it\/#website"},"primaryImageOfPage":{"@id":"https:\/\/gambling6.com\/it\/lotteria\/ottieni-i-biglietti-online-per-la-lotteria-mega-millions\/#primaryimage"},"image":{"@id":"https:\/\/gambling6.com\/it\/lotteria\/ottieni-i-biglietti-online-per-la-lotteria-mega-millions\/#primaryimage"},"thumbnailUrl":"https:\/\/gambling6.com\/wp-content\/uploads\/2013\/12\/get-mega-millions-tickets-online.png","datePublished":"2025-11-10T20:42:39+00:00","description":"Vinci alla grande acquistando online i biglietti della lotteria Mega Millions.","breadcrumb":{"@id":"https:\/\/gambling6.com\/it\/lotteria\/ottieni-i-biglietti-online-per-la-lotteria-mega-millions\/#breadcrumb"},"inLanguage":"it-IT","potentialAction":[{"@type":"ReadAction","target":["https:\/\/gambling6.com\/it\/lotteria\/ottieni-i-biglietti-online-per-la-lotteria-mega-millions\/"]}]},{"@type":"ImageObject","inLanguage":"it-IT","@id":"https:\/\/gambling6.com\/it\/lotteria\/ottieni-i-biglietti-online-per-la-lotteria-mega-millions\/#primaryimage","url":"https:\/\/gambling6.com\/wp-content\/uploads\/2013\/12\/get-mega-millions-tickets-online.png","contentUrl":"https:\/\/gambling6.com\/wp-content\/uploads\/2013\/12\/get-mega-millions-tickets-online.png","width":388,"height":213},{"@type":"BreadcrumbList","@id":"https:\/\/gambling6.com\/it\/lotteria\/ottieni-i-biglietti-online-per-la-lotteria-mega-millions\/#breadcrumb","itemListElement":[{"@type":"ListItem","position":1,"name":"Home","item":"https:\/\/gambling6.com\/it\/home\/"},{"@type":"ListItem","position":2,"name":"Lotteria","item":"https:\/\/gambling6.com\/it\/lotteria\/"},{"@type":"ListItem","position":3,"name":"Ottieni i biglietti online per la lotteria Mega Millions"}]},{"@type":"WebSite","@id":"https:\/\/gambling6.com\/it\/#website","url":"https:\/\/gambling6.com\/it\/","name":"Gambling6","description":"","potentialAction":[{"@type":"SearchAction","target":{"@type":"EntryPoint","urlTemplate":"https:\/\/gambling6.com\/it\/?s={search_term_string}"},"query-input":{"@type":"PropertyValueSpecification","valueRequired":true,"valueName":"search_term_string"}}],"inLanguage":"it-IT"}]}},"_links":{"self":[{"href":"https:\/\/gambling6.com\/it\/wp-json\/wp\/v2\/pages\/9360","targetHints":{"allow":["GET"]}}],"collection":[{"href":"https:\/\/gambling6.com\/it\/wp-json\/wp\/v2\/pages"}],"about":[{"href":"https:\/\/gambling6.com\/it\/wp-json\/wp\/v2\/types\/page"}],"author":[{"embeddable":true,"href":"https:\/\/gambling6.com\/it\/wp-json\/wp\/v2\/users\/1"}],"replies":[{"embeddable":true,"href":"https:\/\/gambling6.com\/it\/wp-json\/wp\/v2\/comments?post=9360"}],"version-history":[{"count":0,"href":"https:\/\/gambling6.com\/it\/wp-json\/wp\/v2\/pages\/9360\/revisions"}],"up":[{"embeddable":true,"href":"https:\/\/gambling6.com\/it\/wp-json\/wp\/v2\/pages\/9304"}],"wp:featuredmedia":[{"embeddable":true,"href":"https:\/\/gambling6.com\/it\/wp-json\/wp\/v2\/media\/547"}],"wp:attachment":[{"href":"https:\/\/gambling6.com\/it\/wp-json\/wp\/v2\/media?parent=9360"}],"curies":[{"name":"wp","href":"https:\/\/api.w.org\/{rel}","templated":true}]}}