{"id":9403,"date":"2025-11-10T21:42:33","date_gmt":"2025-11-10T21:42:33","guid":{"rendered":"https:\/\/gambling6.com\/lotteria\/come-posso-acquistare-online-i-biglietti-della-lotteria-euromillions-da-fuori-europa\/"},"modified":"2025-11-12T18:45:39","modified_gmt":"2025-11-12T18:45:39","slug":"come-posso-acquistare-online-i-biglietti-della-lotteria-euromillions-da-fuori-europa","status":"publish","type":"page","link":"https:\/\/gambling6.com\/it\/lotteria\/come-posso-acquistare-online-i-biglietti-della-lotteria-euromillions-da-fuori-europa\/","title":{"rendered":"Come posso acquistare online i biglietti della lotteria Euromillions da fuori Europa?"},"content":{"rendered":"<h2>Euro Millions<\/h2>\n<p>Con 185 milioni di euro in palio e la consueta<span style=\"box-sizing: border-box; margin: 0px; padding: 0px;\">possibilit\u00e0 di vincere oltre 100 milioni di euro, le persone si stanno affrettando ad acquistare online i biglietti per la lotteria EuroMillions<\/span><strong>.<\/strong> L&#8217;EuroMillions si gioca in 9 paesi in tutta Europa e l&#8217;anno scorso ha distribuito premi per oltre 2,5 miliardi di dollari. Perch\u00e9 non provare a vincere questo jackpot? Tutto quello che devi fare \u00e8 visitare il nostro partner RedFoxLotto e acquistare i tuoi biglietti online. Giocare a RedFoxLotto non \u00e8 mai stato cos\u00ec facile.<\/p>\n<p><strong>Puoi acquistare online i biglietti per la lotteria EuroMillions due volte a settimana<\/strong> e, cos\u00ec facendo, hai la possibilit\u00e0 di vincere fino a 13 diversi livelli di premio. Per acquistare i biglietti online, seleziona 5 numeri principali da 1 a 50. In secondo luogo, ci sono due numeri fortunati, entrambi compresi tra 1 e 11, estratti da una macchina separata. Per aggiudicarsi il jackpot del primo premio, \u00e8 necessario indovinare tutti e sette i numeri.<\/p>\n<h2>Perch\u00e9 giocare alla lotteria Euromillions online?<\/h2>\n<p><img loading=\"lazy\" decoding=\"async\" class=\" wp-image-1437 alignright\" src=\"https:\/\/gambling6.com\/wp-content\/uploads\/2022\/04\/2_ticket_euromillions-112x300.jpg\" alt=\"biglietto Euromillions\" width=\"99\" height=\"265\" srcset=\"https:\/\/gambling6.com\/wp-content\/uploads\/2022\/04\/2_ticket_euromillions-112x300.jpg 112w, https:\/\/gambling6.com\/wp-content\/uploads\/2022\/04\/2_ticket_euromillions.jpg 200w\" sizes=\"auto, (max-width: 99px) 100vw, 99px\" \/>La febbre della lotteria in Europa pu\u00f2 raggiungere livelli epidemici, e lo ha gi\u00e0 fatto. Per questo, ogni settimana le persone si mettono in coda per giocare alla lotteria pi\u00f9 grande d&#8217;Europa, con uno dei tre jackpot pi\u00f9 alti al mondo. La lotteria Euromillions \u00e8 nata nel 2004 e si gioca in Belgio, Francia, Irlanda, Austria, Lussemburgo, Spagna, Portogallo, Svizzera e Regno Unito. Una coppia scozzese ha vinto il jackpot pi\u00f9 alto di sempre nel luglio 2011, aggiudicandosi 185 milioni di euro.<\/p>\n<p>Oltre a tutti i giocatori europei nei paesi sopra menzionati, milioni di persone acquistano biglietti online ogni settimana. Acquistare i biglietti online per la lotteria Euromillions \u00e8 semplicissimo: visita il nostro partner RedFoxLotto. Le probabilit\u00e0 di vincere il jackpot del primo premio della lotteria EuroMillions sono di 1 su 116.531.800. Tuttavia, per partecipare a uno degli altri 13 livelli di premio, le probabilit\u00e0 complessive sono di una su 13.<\/p>\n<p>Ancora una volta, scoprirai che la lotteria Euromillions \u00e8 una delle pi\u00f9 emozionanti a cui giocare in tutto il mondo. <span style=\"box-sizing: border-box; margin: 0px; padding: 0px;\">Prenditi il \u200b\u200btempo di <a href=\"https:\/\/gambling6.com\/go\/redfoxlotto-it\/\" target=\"_blank\" rel=\"noopener\">visitare RedFoxLotto oggi stesso seguendo questo link<\/a>, aprire un conto e iniziare a giocare a questa gigantesca lotteria europea.<\/span> Siamo sicuri che sarai contento di averlo fatto. \u00c8 facile ottenere biglietti online per l&#8217;EuroMillions e altre lotterie popolari in tutto il mondo.<\/p>\n<table style=\"width: 500px;\" border=\"1\" cellspacing=\"5\" cellpadding=\"5\" align=\"center\">\n<tbody>\n<tr>\n<td colspan=\"3\" align=\"center\">I cinque migliori jackpot del 2013<\/td>\n<\/tr>\n<tr>\n<td>Estrazione<\/td>\n<td align=\"center\">Data<\/td>\n<td align=\"center\">Jackpot (USD)<\/td>\n<\/tr>\n<tr>\n<td>Euro Millions &#8211; Europa<\/td>\n<td align=\"center\">25 giugno 2013<\/td>\n<td align=\"right\">$260.129.094<\/td>\n<\/tr>\n<tr>\n<td>Euro Millions &#8211; Europa<\/td>\n<td align=\"center\">15 novembre 2013<\/td>\n<td align=\"right\">$137.000.000<\/td>\n<\/tr>\n<tr>\n<td>Euro Millions &#8211; Europa<\/td>\n<td align=\"center\">28-mag-13<\/td>\n<td align=\"right\">$132.676.542<\/td>\n<\/tr>\n<tr>\n<td>Euro Millions &#8211; Europa<\/td>\n<td align=\"center\">25-giu-13<\/td>\n<td align=\"right\">$131.636.203<\/td>\n<\/tr>\n<tr>\n<td>Euro Millions &#8211; Europa<\/td>\n<td align=\"center\">23-ago-13<\/td>\n<td align=\"right\">$131.628.767<\/td>\n<\/tr>\n<\/tbody>\n<\/table>\n<table style=\"width: 500px;\" border=\"1\" cellspacing=\"5\" cellpadding=\"5\" align=\"center\">\n<tbody>\n<tr>\n<td colspan=\"3\" align=\"center\">Fasce di premio dell&#8217;EuroMillions<\/td>\n<\/tr>\n<tr>\n<td>Premio<\/td>\n<td align=\"center\">Partite<\/td>\n<td align=\"center\">Quote<\/td>\n<\/tr>\n<tr>\n<td>1\u00b0 (Jackpot)<\/td>\n<td align=\"center\">5 + 2<\/td>\n<td align=\"right\">116.531.800 : 1<\/td>\n<\/tr>\n<tr>\n<td>2\u00b0<\/td>\n<td align=\"center\">5 + 1<\/td>\n<td align=\"right\">6.473.989 : 1<\/td>\n<\/tr>\n<tr>\n<td>3\u00b0<\/td>\n<td align=\"center\">5<\/td>\n<td align=\"right\">3.236.994 : 1<\/td>\n<\/tr>\n<tr>\n<td>4\u00b0<\/td>\n<td align=\"center\">4 + 2<\/td>\n<td align=\"right\">517.919 : 1<\/td>\n<\/tr>\n<tr>\n<td>5\u00b0<\/td>\n<td align=\"center\">4 + 1<\/td>\n<td align=\"right\">28.773 : 1<\/td>\n<\/tr>\n<tr>\n<td>6\u00b0<\/td>\n<td align=\"center\">4<\/td>\n<td align=\"right\">14.387 : 1<\/td>\n<\/tr>\n<tr>\n<td>7\u00b0<\/td>\n<td align=\"center\">3 + 2<\/td>\n<td align=\"right\">11.771 : 1<\/td>\n<\/tr>\n<tr>\n<td>8\u00b0<\/td>\n<td align=\"center\">2 + 2<\/td>\n<td align=\"right\">821 : 1<\/td>\n<\/tr>\n<tr>\n<td>9\u00b0<\/td>\n<td align=\"center\">3 + 1<\/td>\n<td align=\"right\">654 : 1<\/td>\n<\/tr>\n<tr>\n<td>10\u00b0<\/td>\n<td align=\"center\">3<\/td>\n<td align=\"right\">327 : 1<\/td>\n<\/tr>\n<tr>\n<td>11\u00b0<\/td>\n<td align=\"center\">1 + 2<\/td>\n<td align=\"right\">156 : 1<\/td>\n<\/tr>\n<tr>\n<td>12\u00b0<\/td>\n<td align=\"center\">2 + 1<\/td>\n<td align=\"right\">46 : 1<\/td>\n<\/tr>\n<tr>\n<td>13\u00b0<\/td>\n<td align=\"center\">2<\/td>\n<td align=\"right\">23 : 1<\/td>\n<\/tr>\n<\/tbody>\n<\/table>\n","protected":false},"excerpt":{"rendered":"<p>Euro Millions Con 185 milioni di euro in palio e la consuetapossibilit\u00e0 di vincere oltre 100 milioni di euro, le persone si stanno affrettando ad acquistare online i biglietti per la lotteria EuroMillions. L&#8217;EuroMillions si gioca in 9 paesi in tutta Europa e l&#8217;anno scorso ha distribuito premi per oltre 2,5 miliardi di dollari. Perch\u00e9 [&hellip;]<\/p>\n","protected":false},"author":1,"featured_media":0,"parent":9304,"menu_order":2,"comment_status":"closed","ping_status":"closed","template":"","meta":{"footnotes":""},"class_list":["post-9403","page","type-page","status-publish","hentry"],"yoast_head":"<!-- This site is optimized with the Yoast SEO plugin v27.4 - https:\/\/yoast.com\/product\/yoast-seo-wordpress\/ -->\n<title>Acquista online i biglietti per la lotteria Euromillions<\/title>\n<meta name=\"description\" content=\"Assicuratevi di acquistare i biglietti online per la lotteria pi\u00f9 grande d&#039;Europa, Euromillions ed Euromillions UK, da un fornitore affidabile come RedFoxLotto.com.\" \/>\n<meta name=\"robots\" content=\"index, follow, max-snippet:-1, max-image-preview:large, max-video-preview:-1\" \/>\n<link rel=\"canonical\" href=\"https:\/\/gambling6.com\/it\/lotteria\/come-posso-acquistare-online-i-biglietti-della-lotteria-euromillions-da-fuori-europa\/\" \/>\n<meta property=\"og:locale\" content=\"it_IT\" \/>\n<meta property=\"og:type\" content=\"article\" \/>\n<meta property=\"og:title\" content=\"Acquista online i biglietti per la lotteria Euromillions\" \/>\n<meta property=\"og:description\" content=\"Assicuratevi di acquistare i biglietti online per la lotteria pi\u00f9 grande d&#039;Europa, Euromillions ed Euromillions UK, da un fornitore affidabile come RedFoxLotto.com.\" \/>\n<meta property=\"og:url\" content=\"https:\/\/gambling6.com\/it\/lotteria\/come-posso-acquistare-online-i-biglietti-della-lotteria-euromillions-da-fuori-europa\/\" \/>\n<meta property=\"og:site_name\" content=\"Gambling6\" \/>\n<meta property=\"article:modified_time\" content=\"2025-11-12T18:45:39+00:00\" \/>\n<meta property=\"og:image\" content=\"https:\/\/gambling6.com\/wp-content\/uploads\/2022\/04\/2_ticket_euromillions.jpg\" \/>\n\t<meta property=\"og:image:width\" content=\"200\" \/>\n\t<meta property=\"og:image:height\" content=\"534\" \/>\n\t<meta property=\"og:image:type\" content=\"image\/jpeg\" \/>\n<meta name=\"twitter:card\" content=\"summary_large_image\" \/>\n<meta name=\"twitter:label1\" content=\"Tempo di lettura stimato\" \/>\n\t<meta name=\"twitter:data1\" content=\"2 minuti\" \/>\n<script type=\"application\/ld+json\" class=\"yoast-schema-graph\">{\"@context\":\"https:\\\/\\\/schema.org\",\"@graph\":[{\"@type\":\"WebPage\",\"@id\":\"https:\\\/\\\/gambling6.com\\\/it\\\/lotteria\\\/come-posso-acquistare-online-i-biglietti-della-lotteria-euromillions-da-fuori-europa\\\/\",\"url\":\"https:\\\/\\\/gambling6.com\\\/it\\\/lotteria\\\/come-posso-acquistare-online-i-biglietti-della-lotteria-euromillions-da-fuori-europa\\\/\",\"name\":\"Acquista online i biglietti per la lotteria Euromillions\",\"isPartOf\":{\"@id\":\"https:\\\/\\\/gambling6.com\\\/it\\\/#website\"},\"primaryImageOfPage\":{\"@id\":\"https:\\\/\\\/gambling6.com\\\/it\\\/lotteria\\\/come-posso-acquistare-online-i-biglietti-della-lotteria-euromillions-da-fuori-europa\\\/#primaryimage\"},\"image\":{\"@id\":\"https:\\\/\\\/gambling6.com\\\/it\\\/lotteria\\\/come-posso-acquistare-online-i-biglietti-della-lotteria-euromillions-da-fuori-europa\\\/#primaryimage\"},\"thumbnailUrl\":\"https:\\\/\\\/gambling6.com\\\/wp-content\\\/uploads\\\/2022\\\/04\\\/2_ticket_euromillions-112x300.jpg\",\"datePublished\":\"2025-11-10T21:42:33+00:00\",\"dateModified\":\"2025-11-12T18:45:39+00:00\",\"description\":\"Assicuratevi di acquistare i biglietti online per la lotteria pi\u00f9 grande d'Europa, Euromillions ed Euromillions UK, da un fornitore affidabile come RedFoxLotto.com.\",\"breadcrumb\":{\"@id\":\"https:\\\/\\\/gambling6.com\\\/it\\\/lotteria\\\/come-posso-acquistare-online-i-biglietti-della-lotteria-euromillions-da-fuori-europa\\\/#breadcrumb\"},\"inLanguage\":\"it-IT\",\"potentialAction\":[{\"@type\":\"ReadAction\",\"target\":[\"https:\\\/\\\/gambling6.com\\\/it\\\/lotteria\\\/come-posso-acquistare-online-i-biglietti-della-lotteria-euromillions-da-fuori-europa\\\/\"]}]},{\"@type\":\"ImageObject\",\"inLanguage\":\"it-IT\",\"@id\":\"https:\\\/\\\/gambling6.com\\\/it\\\/lotteria\\\/come-posso-acquistare-online-i-biglietti-della-lotteria-euromillions-da-fuori-europa\\\/#primaryimage\",\"url\":\"https:\\\/\\\/gambling6.com\\\/wp-content\\\/uploads\\\/2022\\\/04\\\/2_ticket_euromillions-112x300.jpg\",\"contentUrl\":\"https:\\\/\\\/gambling6.com\\\/wp-content\\\/uploads\\\/2022\\\/04\\\/2_ticket_euromillions-112x300.jpg\"},{\"@type\":\"BreadcrumbList\",\"@id\":\"https:\\\/\\\/gambling6.com\\\/it\\\/lotteria\\\/come-posso-acquistare-online-i-biglietti-della-lotteria-euromillions-da-fuori-europa\\\/#breadcrumb\",\"itemListElement\":[{\"@type\":\"ListItem\",\"position\":1,\"name\":\"Home\",\"item\":\"https:\\\/\\\/gambling6.com\\\/it\\\/home\\\/\"},{\"@type\":\"ListItem\",\"position\":2,\"name\":\"Lotteria\",\"item\":\"https:\\\/\\\/gambling6.com\\\/it\\\/lotteria\\\/\"},{\"@type\":\"ListItem\",\"position\":3,\"name\":\"Come posso acquistare online i biglietti della lotteria Euromillions da fuori Europa?\"}]},{\"@type\":\"WebSite\",\"@id\":\"https:\\\/\\\/gambling6.com\\\/it\\\/#website\",\"url\":\"https:\\\/\\\/gambling6.com\\\/it\\\/\",\"name\":\"Gambling6\",\"description\":\"\",\"potentialAction\":[{\"@type\":\"SearchAction\",\"target\":{\"@type\":\"EntryPoint\",\"urlTemplate\":\"https:\\\/\\\/gambling6.com\\\/it\\\/?s={search_term_string}\"},\"query-input\":{\"@type\":\"PropertyValueSpecification\",\"valueRequired\":true,\"valueName\":\"search_term_string\"}}],\"inLanguage\":\"it-IT\"}]}<\/script>\n<!-- \/ Yoast SEO plugin. -->","yoast_head_json":{"title":"Acquista online i biglietti per la lotteria Euromillions","description":"Assicuratevi di acquistare i biglietti online per la lotteria pi\u00f9 grande d'Europa, Euromillions ed Euromillions UK, da un fornitore affidabile come RedFoxLotto.com.","robots":{"index":"index","follow":"follow","max-snippet":"max-snippet:-1","max-image-preview":"max-image-preview:large","max-video-preview":"max-video-preview:-1"},"canonical":"https:\/\/gambling6.com\/it\/lotteria\/come-posso-acquistare-online-i-biglietti-della-lotteria-euromillions-da-fuori-europa\/","og_locale":"it_IT","og_type":"article","og_title":"Acquista online i biglietti per la lotteria Euromillions","og_description":"Assicuratevi di acquistare i biglietti online per la lotteria pi\u00f9 grande d'Europa, Euromillions ed Euromillions UK, da un fornitore affidabile come RedFoxLotto.com.","og_url":"https:\/\/gambling6.com\/it\/lotteria\/come-posso-acquistare-online-i-biglietti-della-lotteria-euromillions-da-fuori-europa\/","og_site_name":"Gambling6","article_modified_time":"2025-11-12T18:45:39+00:00","og_image":[{"width":200,"height":534,"url":"https:\/\/gambling6.com\/wp-content\/uploads\/2022\/04\/2_ticket_euromillions.jpg","type":"image\/jpeg"}],"twitter_card":"summary_large_image","twitter_misc":{"Tempo di lettura stimato":"2 minuti"},"schema":{"@context":"https:\/\/schema.org","@graph":[{"@type":"WebPage","@id":"https:\/\/gambling6.com\/it\/lotteria\/come-posso-acquistare-online-i-biglietti-della-lotteria-euromillions-da-fuori-europa\/","url":"https:\/\/gambling6.com\/it\/lotteria\/come-posso-acquistare-online-i-biglietti-della-lotteria-euromillions-da-fuori-europa\/","name":"Acquista online i biglietti per la lotteria Euromillions","isPartOf":{"@id":"https:\/\/gambling6.com\/it\/#website"},"primaryImageOfPage":{"@id":"https:\/\/gambling6.com\/it\/lotteria\/come-posso-acquistare-online-i-biglietti-della-lotteria-euromillions-da-fuori-europa\/#primaryimage"},"image":{"@id":"https:\/\/gambling6.com\/it\/lotteria\/come-posso-acquistare-online-i-biglietti-della-lotteria-euromillions-da-fuori-europa\/#primaryimage"},"thumbnailUrl":"https:\/\/gambling6.com\/wp-content\/uploads\/2022\/04\/2_ticket_euromillions-112x300.jpg","datePublished":"2025-11-10T21:42:33+00:00","dateModified":"2025-11-12T18:45:39+00:00","description":"Assicuratevi di acquistare i biglietti online per la lotteria pi\u00f9 grande d'Europa, Euromillions ed Euromillions UK, da un fornitore affidabile come RedFoxLotto.com.","breadcrumb":{"@id":"https:\/\/gambling6.com\/it\/lotteria\/come-posso-acquistare-online-i-biglietti-della-lotteria-euromillions-da-fuori-europa\/#breadcrumb"},"inLanguage":"it-IT","potentialAction":[{"@type":"ReadAction","target":["https:\/\/gambling6.com\/it\/lotteria\/come-posso-acquistare-online-i-biglietti-della-lotteria-euromillions-da-fuori-europa\/"]}]},{"@type":"ImageObject","inLanguage":"it-IT","@id":"https:\/\/gambling6.com\/it\/lotteria\/come-posso-acquistare-online-i-biglietti-della-lotteria-euromillions-da-fuori-europa\/#primaryimage","url":"https:\/\/gambling6.com\/wp-content\/uploads\/2022\/04\/2_ticket_euromillions-112x300.jpg","contentUrl":"https:\/\/gambling6.com\/wp-content\/uploads\/2022\/04\/2_ticket_euromillions-112x300.jpg"},{"@type":"BreadcrumbList","@id":"https:\/\/gambling6.com\/it\/lotteria\/come-posso-acquistare-online-i-biglietti-della-lotteria-euromillions-da-fuori-europa\/#breadcrumb","itemListElement":[{"@type":"ListItem","position":1,"name":"Home","item":"https:\/\/gambling6.com\/it\/home\/"},{"@type":"ListItem","position":2,"name":"Lotteria","item":"https:\/\/gambling6.com\/it\/lotteria\/"},{"@type":"ListItem","position":3,"name":"Come posso acquistare online i biglietti della lotteria Euromillions da fuori Europa?"}]},{"@type":"WebSite","@id":"https:\/\/gambling6.com\/it\/#website","url":"https:\/\/gambling6.com\/it\/","name":"Gambling6","description":"","potentialAction":[{"@type":"SearchAction","target":{"@type":"EntryPoint","urlTemplate":"https:\/\/gambling6.com\/it\/?s={search_term_string}"},"query-input":{"@type":"PropertyValueSpecification","valueRequired":true,"valueName":"search_term_string"}}],"inLanguage":"it-IT"}]}},"_links":{"self":[{"href":"https:\/\/gambling6.com\/it\/wp-json\/wp\/v2\/pages\/9403","targetHints":{"allow":["GET"]}}],"collection":[{"href":"https:\/\/gambling6.com\/it\/wp-json\/wp\/v2\/pages"}],"about":[{"href":"https:\/\/gambling6.com\/it\/wp-json\/wp\/v2\/types\/page"}],"author":[{"embeddable":true,"href":"https:\/\/gambling6.com\/it\/wp-json\/wp\/v2\/users\/1"}],"replies":[{"embeddable":true,"href":"https:\/\/gambling6.com\/it\/wp-json\/wp\/v2\/comments?post=9403"}],"version-history":[{"count":1,"href":"https:\/\/gambling6.com\/it\/wp-json\/wp\/v2\/pages\/9403\/revisions"}],"predecessor-version":[{"id":10764,"href":"https:\/\/gambling6.com\/it\/wp-json\/wp\/v2\/pages\/9403\/revisions\/10764"}],"up":[{"embeddable":true,"href":"https:\/\/gambling6.com\/it\/wp-json\/wp\/v2\/pages\/9304"}],"wp:attachment":[{"href":"https:\/\/gambling6.com\/it\/wp-json\/wp\/v2\/media?parent=9403"}],"curies":[{"name":"wp","href":"https:\/\/api.w.org\/{rel}","templated":true}]}}