{"id":9427,"date":"2025-11-11T02:32:43","date_gmt":"2025-11-11T02:32:43","guid":{"rendered":"https:\/\/gambling6.com\/lotteria\/acquista-online-i-biglietti-per-la-lotteria-di-new-york\/"},"modified":"2025-11-15T15:50:29","modified_gmt":"2025-11-15T15:50:29","slug":"acquista-online-i-biglietti-per-la-lotteria-di-new-york","status":"publish","type":"page","link":"https:\/\/gambling6.com\/it\/lotteria\/acquista-online-i-biglietti-per-la-lotteria-di-new-york\/","title":{"rendered":"Acquista online i biglietti per la lotteria di New York"},"content":{"rendered":"<h2>La Lotteria di New York online<\/h2>\n<p>Con jackpot che partono da 3 milioni di dollari, il Lotto di New York diventa grande quanto la citt\u00e0 stessa quando si tratta dell&#8217;estrazione. Per vostra informazione, il jackpot minimo \u00e8 molto pi\u00f9 alto della maggior parte, <strong>quindi, quando prendete una decisione, considerate l&#8217;acquisto online dei biglietti per la Lotteria di New York<\/strong>.<\/p>\n<p>Se il jackpot non viene vinto, potete aspettarvi jackpot con vincita variabile, che spesso vengono aumentati fino a 10 cifre. Infatti, il jackpot record per il Lotto di New York \u00e8 di 58 milioni di dollari. <strong>Con la possibilit\u00e0 di acquistare i biglietti online, potreste partecipare al prossimo jackpot record.<\/strong><\/p>\n<h2>Il Lotto di New York viene estratto due volte a settimana.<\/h2>\n<p>Il jackpot \u00e8 sempre di milioni di dollari nell&#8217;estrazione che si tiene due volte a settimana a New York. \u00c8 logico che una delle citt\u00e0 pi\u00f9 grandi del mondo abbia una lotteria con jackpot che inizia come una delle pi\u00f9 grandi al mondo. Ogni settimana, milioni di residenti di New York fanno la fila per acquistare i biglietti di questa lotteria che cambia la vita. <b>Non c&#8217;\u00e8 bisogno di mettersi in coda se si possono acquistare i biglietti online.<\/b><\/p>\n<p>Una delle lotterie pi\u00f9 antiche degli Stati Uniti, fondata nel 1967, la Lotteria di New York ha raccolto quasi 40 miliardi di dollari per cause benefiche in tutto il mondo. Nel 2004, un singolo possessore di biglietto si \u00e8 aggiudicato la ragguardevole cifra di 58 milioni di dollari, che all&#8217;epoca rappresentava una delle pi\u00f9 alte vincite nella storia della lotteria statunitense.<\/p>\n<p>La Lotteria di New York \u00e8 facile da giocare. Questo Lotto in stile 6\/59 richiede di scegliere sei numeri da 1 a 59 pi\u00f9 il numero bonus. <strong>Per vincere il jackpot, \u00e8 necessario indovinare sei numeri principali e le probabilit\u00e0 di vincita sono circa 1 su 45 milioni.<\/strong> Indovinando cinque, quattro o tre numeri, \u00e8 possibile partecipare a uno dei cinque premi secondari disponibili per ogni estrazione il mercoled\u00ec e il sabato di ogni settimana.<\/p>\n<p>La lotteria di New York \u00e8 un gioco a cui tutti vogliono giocare e ora <span style=\"box-sizing: border-box; margin: 0px; padding: 0px;\">puoi <a href=\"https:\/\/gambling6.com\/go\/redfoxlotto-en\/\" target=\"_blank\" rel=\"noopener\">acquistare i tuoi biglietti online tramite il nostro partner RedFoxLotto utilizzando <\/a><\/span><a class=\"thirstylink\" title=\"RedFoxLotto en\" href=\"https:\/\/gambling6.com\/go\/redfoxlotto-en\/\" target=\"_blank\" rel=\"nofollow noopener\">questo link.<\/a><\/p>\n<table style=\"width: 500px;\" border=\"1\" cellspacing=\"5\" cellpadding=\"5\" align=\"center\">\n<tbody>\n<tr>\n<td colspan=\"3\" align=\"center\">I cinque migliori jackpot del 2013<\/td>\n<\/tr>\n<tr>\n<td>Estrazione<\/td>\n<td align=\"center\">Data<\/td>\n<td align=\"center\">Jackpot (USD)<\/td>\n<\/tr>\n<tr>\n<td>New York Lotto &#8211; USA<\/td>\n<td align=\"center\">10-apr-13<\/td>\n<td align=\"right\">$26.500.000<\/td>\n<\/tr>\n<tr>\n<td>New York Lotto &#8211; USA<\/td>\n<td align=\"center\">29-giu-13<\/td>\n<td align=\"right\">$10.700.000<\/td>\n<\/tr>\n<tr>\n<td>Lotto di New York &#8211; USA<\/td>\n<td align=\"center\">4-set-13<\/td>\n<td align=\"right\">$7.100.000<\/td>\n<\/tr>\n<tr>\n<td>Lotto di New York &#8211; USA<\/td>\n<td align=\"center\">6-nov-13<\/td>\n<td align=\"right\">$6.200.000<\/td>\n<\/tr>\n<tr>\n<td>Lotto di New York &#8211; USA<\/td>\n<td align=\"center\">23-nov-13<\/td>\n<td align=\"right\">$3.200.000<\/td>\n<\/tr>\n<\/tbody>\n<\/table>\n<p>&nbsp;<\/p>\n<table style=\"larghezza: 500px;\" border=\"1\" cellspacing=\"5\" cellpadding=\"5\" align=\"center\">\n<tbody>\n<tr>\n<td colspan=\"3\" align=\"center\">Lotto di New York &#8211; Livelli di premio USA<\/td>\n<\/tr>\n<tr>\n<td>Premio<\/td>\n<td align=\"center\">Partite<\/td>\n<td align=\"center\">Quote<\/td>\n<\/tr>\n<tr>\n<td>1\u00b0 (Jackpot)<\/td>\n<td align=\"center\">6<\/td>\n<td align=\"right\">45.057.474 : 1<\/td>\n<\/tr>\n<tr>\n<td>2\u00b0<\/td>\n<td align=\"center\">5 + 1<\/td>\n<td align=\"right\">7.509.579 : 1<\/td>\n<\/tr>\n<tr>\n<td>3\u00b0<\/td>\n<td align=\"center\">5<\/td>\n<td align=\"right\">141.690 : 1<\/td>\n<\/tr>\n<tr>\n<td>4\u00b0<\/td>\n<td align=\"center\">4<\/td>\n<td align=\"right\">2.180 : 1<\/td>\n<\/tr>\n<tr>\n<td>5\u00b0<\/td>\n<td align=\"center\">3<\/td>\n<td align=\"right\">96 : 1<\/td>\n<\/tr>\n<\/tbody>\n<\/table>\n","protected":false},"excerpt":{"rendered":"<p>La Lotteria di New York online Con jackpot che partono da 3 milioni di dollari, il Lotto di New York diventa grande quanto la citt\u00e0 stessa quando si tratta dell&#8217;estrazione. Per vostra informazione, il jackpot minimo \u00e8 molto pi\u00f9 alto della maggior parte, quindi, quando prendete una decisione, considerate l&#8217;acquisto online dei biglietti per la [&hellip;]<\/p>\n","protected":false},"author":1,"featured_media":0,"parent":9304,"menu_order":12,"comment_status":"closed","ping_status":"closed","template":"","meta":{"footnotes":""},"class_list":["post-9427","page","type-page","status-publish","hentry"],"yoast_head":"<!-- This site is optimized with the Yoast SEO plugin v27.3 - https:\/\/yoast.com\/product\/yoast-seo-wordpress\/ -->\n<title>Acquista online i biglietti per la lotteria di New York<\/title>\n<meta name=\"description\" content=\"Diventa milionario all&#039;istante acquistando online i biglietti per la lotteria di New York.\" \/>\n<meta name=\"robots\" content=\"index, follow, max-snippet:-1, max-image-preview:large, max-video-preview:-1\" \/>\n<link rel=\"canonical\" href=\"https:\/\/gambling6.com\/it\/lotteria\/acquista-online-i-biglietti-per-la-lotteria-di-new-york\/\" \/>\n<meta property=\"og:locale\" content=\"it_IT\" \/>\n<meta property=\"og:type\" content=\"article\" \/>\n<meta property=\"og:title\" content=\"Acquista online i biglietti per la lotteria di New York\" \/>\n<meta property=\"og:description\" content=\"Diventa milionario all&#039;istante acquistando online i biglietti per la lotteria di New York.\" \/>\n<meta property=\"og:url\" content=\"https:\/\/gambling6.com\/it\/lotteria\/acquista-online-i-biglietti-per-la-lotteria-di-new-york\/\" \/>\n<meta property=\"og:site_name\" content=\"Gambling6\" \/>\n<meta property=\"article:modified_time\" content=\"2025-11-15T15:50:29+00:00\" \/>\n<meta name=\"twitter:card\" content=\"summary_large_image\" \/>\n<meta name=\"twitter:label1\" content=\"Tempo di lettura stimato\" \/>\n\t<meta name=\"twitter:data1\" content=\"2 minuti\" \/>\n<script type=\"application\/ld+json\" class=\"yoast-schema-graph\">{\"@context\":\"https:\\\/\\\/schema.org\",\"@graph\":[{\"@type\":\"WebPage\",\"@id\":\"https:\\\/\\\/gambling6.com\\\/it\\\/lotteria\\\/acquista-online-i-biglietti-per-la-lotteria-di-new-york\\\/\",\"url\":\"https:\\\/\\\/gambling6.com\\\/it\\\/lotteria\\\/acquista-online-i-biglietti-per-la-lotteria-di-new-york\\\/\",\"name\":\"Acquista online i biglietti per la lotteria di New York\",\"isPartOf\":{\"@id\":\"https:\\\/\\\/gambling6.com\\\/it\\\/#website\"},\"datePublished\":\"2025-11-11T02:32:43+00:00\",\"dateModified\":\"2025-11-15T15:50:29+00:00\",\"description\":\"Diventa milionario all'istante acquistando online i biglietti per la lotteria di New York.\",\"breadcrumb\":{\"@id\":\"https:\\\/\\\/gambling6.com\\\/it\\\/lotteria\\\/acquista-online-i-biglietti-per-la-lotteria-di-new-york\\\/#breadcrumb\"},\"inLanguage\":\"it-IT\",\"potentialAction\":[{\"@type\":\"ReadAction\",\"target\":[\"https:\\\/\\\/gambling6.com\\\/it\\\/lotteria\\\/acquista-online-i-biglietti-per-la-lotteria-di-new-york\\\/\"]}]},{\"@type\":\"BreadcrumbList\",\"@id\":\"https:\\\/\\\/gambling6.com\\\/it\\\/lotteria\\\/acquista-online-i-biglietti-per-la-lotteria-di-new-york\\\/#breadcrumb\",\"itemListElement\":[{\"@type\":\"ListItem\",\"position\":1,\"name\":\"Home\",\"item\":\"https:\\\/\\\/gambling6.com\\\/it\\\/home\\\/\"},{\"@type\":\"ListItem\",\"position\":2,\"name\":\"Lotteria\",\"item\":\"https:\\\/\\\/gambling6.com\\\/it\\\/lotteria\\\/\"},{\"@type\":\"ListItem\",\"position\":3,\"name\":\"Acquista online i biglietti per la lotteria di New York\"}]},{\"@type\":\"WebSite\",\"@id\":\"https:\\\/\\\/gambling6.com\\\/it\\\/#website\",\"url\":\"https:\\\/\\\/gambling6.com\\\/it\\\/\",\"name\":\"Gambling6\",\"description\":\"\",\"potentialAction\":[{\"@type\":\"SearchAction\",\"target\":{\"@type\":\"EntryPoint\",\"urlTemplate\":\"https:\\\/\\\/gambling6.com\\\/it\\\/?s={search_term_string}\"},\"query-input\":{\"@type\":\"PropertyValueSpecification\",\"valueRequired\":true,\"valueName\":\"search_term_string\"}}],\"inLanguage\":\"it-IT\"}]}<\/script>\n<!-- \/ Yoast SEO plugin. -->","yoast_head_json":{"title":"Acquista online i biglietti per la lotteria di New York","description":"Diventa milionario all'istante acquistando online i biglietti per la lotteria di New York.","robots":{"index":"index","follow":"follow","max-snippet":"max-snippet:-1","max-image-preview":"max-image-preview:large","max-video-preview":"max-video-preview:-1"},"canonical":"https:\/\/gambling6.com\/it\/lotteria\/acquista-online-i-biglietti-per-la-lotteria-di-new-york\/","og_locale":"it_IT","og_type":"article","og_title":"Acquista online i biglietti per la lotteria di New York","og_description":"Diventa milionario all'istante acquistando online i biglietti per la lotteria di New York.","og_url":"https:\/\/gambling6.com\/it\/lotteria\/acquista-online-i-biglietti-per-la-lotteria-di-new-york\/","og_site_name":"Gambling6","article_modified_time":"2025-11-15T15:50:29+00:00","twitter_card":"summary_large_image","twitter_misc":{"Tempo di lettura stimato":"2 minuti"},"schema":{"@context":"https:\/\/schema.org","@graph":[{"@type":"WebPage","@id":"https:\/\/gambling6.com\/it\/lotteria\/acquista-online-i-biglietti-per-la-lotteria-di-new-york\/","url":"https:\/\/gambling6.com\/it\/lotteria\/acquista-online-i-biglietti-per-la-lotteria-di-new-york\/","name":"Acquista online i biglietti per la lotteria di New York","isPartOf":{"@id":"https:\/\/gambling6.com\/it\/#website"},"datePublished":"2025-11-11T02:32:43+00:00","dateModified":"2025-11-15T15:50:29+00:00","description":"Diventa milionario all'istante acquistando online i biglietti per la lotteria di New York.","breadcrumb":{"@id":"https:\/\/gambling6.com\/it\/lotteria\/acquista-online-i-biglietti-per-la-lotteria-di-new-york\/#breadcrumb"},"inLanguage":"it-IT","potentialAction":[{"@type":"ReadAction","target":["https:\/\/gambling6.com\/it\/lotteria\/acquista-online-i-biglietti-per-la-lotteria-di-new-york\/"]}]},{"@type":"BreadcrumbList","@id":"https:\/\/gambling6.com\/it\/lotteria\/acquista-online-i-biglietti-per-la-lotteria-di-new-york\/#breadcrumb","itemListElement":[{"@type":"ListItem","position":1,"name":"Home","item":"https:\/\/gambling6.com\/it\/home\/"},{"@type":"ListItem","position":2,"name":"Lotteria","item":"https:\/\/gambling6.com\/it\/lotteria\/"},{"@type":"ListItem","position":3,"name":"Acquista online i biglietti per la lotteria di New York"}]},{"@type":"WebSite","@id":"https:\/\/gambling6.com\/it\/#website","url":"https:\/\/gambling6.com\/it\/","name":"Gambling6","description":"","potentialAction":[{"@type":"SearchAction","target":{"@type":"EntryPoint","urlTemplate":"https:\/\/gambling6.com\/it\/?s={search_term_string}"},"query-input":{"@type":"PropertyValueSpecification","valueRequired":true,"valueName":"search_term_string"}}],"inLanguage":"it-IT"}]}},"_links":{"self":[{"href":"https:\/\/gambling6.com\/it\/wp-json\/wp\/v2\/pages\/9427","targetHints":{"allow":["GET"]}}],"collection":[{"href":"https:\/\/gambling6.com\/it\/wp-json\/wp\/v2\/pages"}],"about":[{"href":"https:\/\/gambling6.com\/it\/wp-json\/wp\/v2\/types\/page"}],"author":[{"embeddable":true,"href":"https:\/\/gambling6.com\/it\/wp-json\/wp\/v2\/users\/1"}],"replies":[{"embeddable":true,"href":"https:\/\/gambling6.com\/it\/wp-json\/wp\/v2\/comments?post=9427"}],"version-history":[{"count":1,"href":"https:\/\/gambling6.com\/it\/wp-json\/wp\/v2\/pages\/9427\/revisions"}],"predecessor-version":[{"id":10958,"href":"https:\/\/gambling6.com\/it\/wp-json\/wp\/v2\/pages\/9427\/revisions\/10958"}],"up":[{"embeddable":true,"href":"https:\/\/gambling6.com\/it\/wp-json\/wp\/v2\/pages\/9304"}],"wp:attachment":[{"href":"https:\/\/gambling6.com\/it\/wp-json\/wp\/v2\/media?parent=9427"}],"curies":[{"name":"wp","href":"https:\/\/api.w.org\/{rel}","templated":true}]}}