{"id":9493,"date":"2025-11-11T03:29:04","date_gmt":"2025-11-11T03:29:04","guid":{"rendered":"https:\/\/gambling6.com\/lotteria\/partecipa-al-lotto-canada-6-49\/"},"modified":"2025-11-15T15:53:40","modified_gmt":"2025-11-15T15:53:40","slug":"partecipa-al-lotto-canada-6-49","status":"publish","type":"page","link":"https:\/\/gambling6.com\/it\/lotteria\/partecipa-al-lotto-canada-6-49\/","title":{"rendered":"Partecipa al Lotto Canada 6\/49"},"content":{"rendered":"<h2>Lotto Canada 6\/49<\/h2>\n<p>Dal 1982, in Canada, due cose erano garantite in inverno. La prima cosa su cui si poteva contare era il fatto di poter guardare Hockey Night in Canada sulla CBC. La seconda cosa su cui si poteva prevedere era che qualcuno sarebbe diventato milionario giocando al Lotto 6\/49. Ancora oggi si pu\u00f2 contare sull&#8217;estrazione del sabato sera. <strong>La grande differenza oggi \u00e8 che puoi acquistare online i biglietti per l&#8217;estrazione del Lotto 6\/49 del Canada.<\/strong> Prenditi il \u200b\u200btempo di <a class=\"thirstylink\" title=\"Redfoxlotto\" href=\"https:\/\/gambling6.com\/go\/redfoxlotto\/\" target=\"_blank\" rel=\"nofollow noopener\">acquistare i tuoi biglietti online oggi stesso presso il nostro partner RedFoxLotto.com.<\/a><img loading=\"lazy\" decoding=\"async\" class=\" alignright size-full wp-image-562\" style=\"margin: 10px; border: 5px solid #ffffff; float: right;\" src=\"http:\/\/gambling6.com\/wp-content\/uploads\/2013\/12\/get-online-649-lotto-tickets.png\" alt=\"Lotto 6\/49 Canada\" width=\"300\" height=\"190\" \/><\/p>\n<p>La probabilit\u00e0 di aggiudicarsi il primo premio al Lotto 6\/49 canadese \u00e8 di 13.983.816:1. Le probabilit\u00e0 complessive di aggiudicarsi una vincita sono circa una su 32. Per ottenere i biglietti online, seleziona prima sei numeri principali da 1 a 49. <strong>Per aggiudicarti una parte del jackpot, devi indovinare tutti e sei i numeri estratti<\/strong>. Per aggiudicarti il \u200b\u200bsecondo premio, scegli correttamente cinque numeri principali pi\u00f9 il numero bonus. Le estrazioni si svolgono il sabato e il mercoled\u00ec sera alle 19:10 circa EST in Canada. Ci sono sei livelli di premio e, se nessuno vince il jackpot, questo viene trasferito alla partita successiva finch\u00e9 qualcuno non vince.<\/p>\n<h2>Gioca per jackpot enormi con i biglietti online del Lotto 6\/49<\/h2>\n<table style=\"width: 500px;\" border=\"1\" cellspacing=\"5\" cellpadding=\"5\" align=\"center\">\n<tbody>\n<tr>\n<td colspan=\"3\" align=\"center\">I cinque migliori jackpot del 2013<\/td>\n<\/tr>\n<tr>\n<td>Estrazione<\/td>\n<td align=\"center\">Data<\/td>\n<td align=\"center\">Jackpot (USD)<\/td>\n<\/tr>\n<tr>\n<td>Lotto 6\/49 &#8211; Canada<\/td>\n<td align=\"center\">13-apr-13<\/td>\n<td align=\"right\">$58.974.913<\/td>\n<\/tr>\n<tr>\n<td>Lotto 6\/49 &#8211; Canada<\/td>\n<td align=\"center\">12-ott-13<\/td>\n<td align=\"right\">$37.200.000<\/td>\n<\/tr>\n<tr>\n<td>Lotto 6\/49 &#8211; Canada<\/td>\n<td align=\"center\">30-ott-13<\/td>\n<td align=\"right\">$18.807.390<\/td>\n<\/tr>\n<tr>\n<td>Lotto 6\/49 &#8211; Canada<\/td>\n<td align=\"center\">6-lug-13<\/td>\n<td align=\"right\">$18.351.756<\/td>\n<\/tr>\n<tr>\n<td>Lotto 6\/49 &#8211; Canada<\/td>\n<td align=\"center\">4-dic-13<\/td>\n<td align=\"right\">$17.670.000<\/td>\n<\/tr>\n<\/tbody>\n<\/table>\n<h2>Molti livelli di premio da vincere con i biglietti del lotto online<\/h2>\n<p>Avere la possibilit\u00e0 di vincere con sette diversi livelli di premio apre un mondo di possibilit\u00e0 di guadagno quando si acquistano biglietti online per il Lotto 6\/49. Molte persone, infatti, dimenticano tutti i livelli extra con cui \u00e8 possibile vincere un premio. \u00c8 importante, una volta acquistati i biglietti, controllarli per vedere se si \u00e8 vinto qualcosa.<\/p>\n<p>\u00c8 un dato di fatto che molte persone acquistano biglietti ogni settimana e non controllano se hanno vinto qualcosa dopo aver sentito che qualcun altro ha acquistato un biglietto in un luogo diverso dal loro e ha vinto il jackpot. <b>Per quanto sia facile acquistare biglietti del Lotto 6\/49 online, \u00e8 altrettanto facile controllare i propri biglietti online.<\/b> Esistono numerosi strumenti per aiutarti a cercare in numerosi database le principali lotterie in tutto il mondo.<\/p>\n<table style=\"larghezza: 500px;\" border=\"1\" cellspacing=\"5\" cellpadding=\"5\" align=\"center\">\n<tbody>\n<tr>\n<td colspan=\"3\" align=\"center\">Lotto 6\/49 &#8211; Canada &#8211; Fasce di premio<\/td>\n<\/tr>\n<tr>\n<td>Premio<\/td>\n<td align=\"center\">Partite<\/td>\n<td align=\"center\">Quote<\/td>\n<\/tr>\n<tr>\n<td>1\u00b0 (Jackpot)<\/td>\n<td align=\"center\">6<\/td>\n<td align=\"right\">13.983.816 : 1<\/td>\n<\/tr>\n<tr>\n<td>2\u00b0<\/td>\n<td align=\"center\">5 + 1<\/td>\n<td align=\"right\">2.330.636 : 1<\/td>\n<\/tr>\n<tr>\n<td>3\u00b0<\/td>\n<td align=\"center\">5<\/td>\n<td align=\"right\">55.492 : 1<\/td>\n<\/tr>\n<tr>\n<td>4\u00b0<\/td>\n<td align=\"center\">4<\/td>\n<td align=\"right\">1.033 : 1<\/td>\n<\/tr>\n<tr>\n<td>5\u00b0<\/td>\n<td align=\"center\">3<\/td>\n<td align=\"right\">57 : 1<\/td>\n<\/tr>\n<tr>\n<td>6\u00b0<\/td>\n<td align=\"center\">2 + 1<\/td>\n<td align=\"right\">81 : 1<\/td>\n<\/tr>\n<tr>\n<td>7\u00b0<\/td>\n<td align=\"center\">2<\/td>\n<td align=\"right\">8 : 1<\/td>\n<\/tr>\n<\/tbody>\n<\/table>\n<p style=\"text-align: center;\"><strong>Gioca online al lotto canadese 6\/49 e goditi la libert\u00e0 di diventare milionario!<\/strong><\/p>\n","protected":false},"excerpt":{"rendered":"<p>Lotto Canada 6\/49 Dal 1982, in Canada, due cose erano garantite in inverno. La prima cosa su cui si poteva contare era il fatto di poter guardare Hockey Night in Canada sulla CBC. La seconda cosa su cui si poteva prevedere era che qualcuno sarebbe diventato milionario giocando al Lotto 6\/49. Ancora oggi si pu\u00f2 [&hellip;]<\/p>\n","protected":false},"author":1,"featured_media":565,"parent":9304,"menu_order":5,"comment_status":"closed","ping_status":"closed","template":"","meta":{"footnotes":""},"class_list":["post-9493","page","type-page","status-publish","has-post-thumbnail","hentry"],"yoast_head":"<!-- This site is optimized with the Yoast SEO plugin v27.5 - https:\/\/yoast.com\/product\/yoast-seo-wordpress\/ -->\n<title>Acquista online i biglietti per la lotteria canadese 6\/49<\/title>\n<meta name=\"description\" content=\"Ora \u00e8 facile acquistare online i biglietti per la Lotteria 6\/49 in Canada.\" \/>\n<meta name=\"robots\" content=\"index, follow, max-snippet:-1, max-image-preview:large, max-video-preview:-1\" \/>\n<link rel=\"canonical\" href=\"https:\/\/gambling6.com\/it\/lotteria\/partecipa-al-lotto-canada-6-49\/\" \/>\n<meta property=\"og:locale\" content=\"it_IT\" \/>\n<meta property=\"og:type\" content=\"article\" \/>\n<meta property=\"og:title\" content=\"Acquista online i biglietti per la lotteria canadese 6\/49\" \/>\n<meta property=\"og:description\" content=\"Ora \u00e8 facile acquistare online i biglietti per la Lotteria 6\/49 in Canada.\" \/>\n<meta property=\"og:url\" content=\"https:\/\/gambling6.com\/it\/lotteria\/partecipa-al-lotto-canada-6-49\/\" \/>\n<meta property=\"og:site_name\" content=\"Gambling6\" \/>\n<meta property=\"article:modified_time\" content=\"2025-11-15T15:53:40+00:00\" \/>\n<meta property=\"og:image\" content=\"https:\/\/gambling6.com\/wp-content\/uploads\/2013\/12\/get-online-649-lotto-tickets.png\" \/>\n\t<meta property=\"og:image:width\" content=\"300\" \/>\n\t<meta property=\"og:image:height\" content=\"190\" \/>\n\t<meta property=\"og:image:type\" content=\"image\/png\" \/>\n<meta name=\"twitter:card\" content=\"summary_large_image\" \/>\n<meta name=\"twitter:label1\" content=\"Tempo di lettura stimato\" \/>\n\t<meta name=\"twitter:data1\" content=\"2 minuti\" \/>\n<script type=\"application\/ld+json\" class=\"yoast-schema-graph\">{\"@context\":\"https:\\\/\\\/schema.org\",\"@graph\":[{\"@type\":\"WebPage\",\"@id\":\"https:\\\/\\\/gambling6.com\\\/it\\\/lotteria\\\/partecipa-al-lotto-canada-6-49\\\/\",\"url\":\"https:\\\/\\\/gambling6.com\\\/it\\\/lotteria\\\/partecipa-al-lotto-canada-6-49\\\/\",\"name\":\"Acquista online i biglietti per la lotteria canadese 6\\\/49\",\"isPartOf\":{\"@id\":\"https:\\\/\\\/gambling6.com\\\/it\\\/#website\"},\"primaryImageOfPage\":{\"@id\":\"https:\\\/\\\/gambling6.com\\\/it\\\/lotteria\\\/partecipa-al-lotto-canada-6-49\\\/#primaryimage\"},\"image\":{\"@id\":\"https:\\\/\\\/gambling6.com\\\/it\\\/lotteria\\\/partecipa-al-lotto-canada-6-49\\\/#primaryimage\"},\"thumbnailUrl\":\"https:\\\/\\\/gambling6.com\\\/wp-content\\\/uploads\\\/2013\\\/12\\\/get-online-649-lotto-tickets.png\",\"datePublished\":\"2025-11-11T03:29:04+00:00\",\"dateModified\":\"2025-11-15T15:53:40+00:00\",\"description\":\"Ora \u00e8 facile acquistare online i biglietti per la Lotteria 6\\\/49 in Canada.\",\"breadcrumb\":{\"@id\":\"https:\\\/\\\/gambling6.com\\\/it\\\/lotteria\\\/partecipa-al-lotto-canada-6-49\\\/#breadcrumb\"},\"inLanguage\":\"it-IT\",\"potentialAction\":[{\"@type\":\"ReadAction\",\"target\":[\"https:\\\/\\\/gambling6.com\\\/it\\\/lotteria\\\/partecipa-al-lotto-canada-6-49\\\/\"]}]},{\"@type\":\"ImageObject\",\"inLanguage\":\"it-IT\",\"@id\":\"https:\\\/\\\/gambling6.com\\\/it\\\/lotteria\\\/partecipa-al-lotto-canada-6-49\\\/#primaryimage\",\"url\":\"https:\\\/\\\/gambling6.com\\\/wp-content\\\/uploads\\\/2013\\\/12\\\/get-online-649-lotto-tickets.png\",\"contentUrl\":\"https:\\\/\\\/gambling6.com\\\/wp-content\\\/uploads\\\/2013\\\/12\\\/get-online-649-lotto-tickets.png\",\"width\":300,\"height\":190},{\"@type\":\"BreadcrumbList\",\"@id\":\"https:\\\/\\\/gambling6.com\\\/it\\\/lotteria\\\/partecipa-al-lotto-canada-6-49\\\/#breadcrumb\",\"itemListElement\":[{\"@type\":\"ListItem\",\"position\":1,\"name\":\"Home\",\"item\":\"https:\\\/\\\/gambling6.com\\\/it\\\/home\\\/\"},{\"@type\":\"ListItem\",\"position\":2,\"name\":\"Lotteria\",\"item\":\"https:\\\/\\\/gambling6.com\\\/it\\\/lotteria\\\/\"},{\"@type\":\"ListItem\",\"position\":3,\"name\":\"Partecipa al Lotto Canada 6\\\/49\"}]},{\"@type\":\"WebSite\",\"@id\":\"https:\\\/\\\/gambling6.com\\\/it\\\/#website\",\"url\":\"https:\\\/\\\/gambling6.com\\\/it\\\/\",\"name\":\"Gambling6\",\"description\":\"\",\"potentialAction\":[{\"@type\":\"SearchAction\",\"target\":{\"@type\":\"EntryPoint\",\"urlTemplate\":\"https:\\\/\\\/gambling6.com\\\/it\\\/?s={search_term_string}\"},\"query-input\":{\"@type\":\"PropertyValueSpecification\",\"valueRequired\":true,\"valueName\":\"search_term_string\"}}],\"inLanguage\":\"it-IT\"}]}<\/script>\n<!-- \/ Yoast SEO plugin. -->","yoast_head_json":{"title":"Acquista online i biglietti per la lotteria canadese 6\/49","description":"Ora \u00e8 facile acquistare online i biglietti per la Lotteria 6\/49 in Canada.","robots":{"index":"index","follow":"follow","max-snippet":"max-snippet:-1","max-image-preview":"max-image-preview:large","max-video-preview":"max-video-preview:-1"},"canonical":"https:\/\/gambling6.com\/it\/lotteria\/partecipa-al-lotto-canada-6-49\/","og_locale":"it_IT","og_type":"article","og_title":"Acquista online i biglietti per la lotteria canadese 6\/49","og_description":"Ora \u00e8 facile acquistare online i biglietti per la Lotteria 6\/49 in Canada.","og_url":"https:\/\/gambling6.com\/it\/lotteria\/partecipa-al-lotto-canada-6-49\/","og_site_name":"Gambling6","article_modified_time":"2025-11-15T15:53:40+00:00","og_image":[{"width":300,"height":190,"url":"https:\/\/gambling6.com\/wp-content\/uploads\/2013\/12\/get-online-649-lotto-tickets.png","type":"image\/png"}],"twitter_card":"summary_large_image","twitter_misc":{"Tempo di lettura stimato":"2 minuti"},"schema":{"@context":"https:\/\/schema.org","@graph":[{"@type":"WebPage","@id":"https:\/\/gambling6.com\/it\/lotteria\/partecipa-al-lotto-canada-6-49\/","url":"https:\/\/gambling6.com\/it\/lotteria\/partecipa-al-lotto-canada-6-49\/","name":"Acquista online i biglietti per la lotteria canadese 6\/49","isPartOf":{"@id":"https:\/\/gambling6.com\/it\/#website"},"primaryImageOfPage":{"@id":"https:\/\/gambling6.com\/it\/lotteria\/partecipa-al-lotto-canada-6-49\/#primaryimage"},"image":{"@id":"https:\/\/gambling6.com\/it\/lotteria\/partecipa-al-lotto-canada-6-49\/#primaryimage"},"thumbnailUrl":"https:\/\/gambling6.com\/wp-content\/uploads\/2013\/12\/get-online-649-lotto-tickets.png","datePublished":"2025-11-11T03:29:04+00:00","dateModified":"2025-11-15T15:53:40+00:00","description":"Ora \u00e8 facile acquistare online i biglietti per la Lotteria 6\/49 in Canada.","breadcrumb":{"@id":"https:\/\/gambling6.com\/it\/lotteria\/partecipa-al-lotto-canada-6-49\/#breadcrumb"},"inLanguage":"it-IT","potentialAction":[{"@type":"ReadAction","target":["https:\/\/gambling6.com\/it\/lotteria\/partecipa-al-lotto-canada-6-49\/"]}]},{"@type":"ImageObject","inLanguage":"it-IT","@id":"https:\/\/gambling6.com\/it\/lotteria\/partecipa-al-lotto-canada-6-49\/#primaryimage","url":"https:\/\/gambling6.com\/wp-content\/uploads\/2013\/12\/get-online-649-lotto-tickets.png","contentUrl":"https:\/\/gambling6.com\/wp-content\/uploads\/2013\/12\/get-online-649-lotto-tickets.png","width":300,"height":190},{"@type":"BreadcrumbList","@id":"https:\/\/gambling6.com\/it\/lotteria\/partecipa-al-lotto-canada-6-49\/#breadcrumb","itemListElement":[{"@type":"ListItem","position":1,"name":"Home","item":"https:\/\/gambling6.com\/it\/home\/"},{"@type":"ListItem","position":2,"name":"Lotteria","item":"https:\/\/gambling6.com\/it\/lotteria\/"},{"@type":"ListItem","position":3,"name":"Partecipa al Lotto Canada 6\/49"}]},{"@type":"WebSite","@id":"https:\/\/gambling6.com\/it\/#website","url":"https:\/\/gambling6.com\/it\/","name":"Gambling6","description":"","potentialAction":[{"@type":"SearchAction","target":{"@type":"EntryPoint","urlTemplate":"https:\/\/gambling6.com\/it\/?s={search_term_string}"},"query-input":{"@type":"PropertyValueSpecification","valueRequired":true,"valueName":"search_term_string"}}],"inLanguage":"it-IT"}]}},"_links":{"self":[{"href":"https:\/\/gambling6.com\/it\/wp-json\/wp\/v2\/pages\/9493","targetHints":{"allow":["GET"]}}],"collection":[{"href":"https:\/\/gambling6.com\/it\/wp-json\/wp\/v2\/pages"}],"about":[{"href":"https:\/\/gambling6.com\/it\/wp-json\/wp\/v2\/types\/page"}],"author":[{"embeddable":true,"href":"https:\/\/gambling6.com\/it\/wp-json\/wp\/v2\/users\/1"}],"replies":[{"embeddable":true,"href":"https:\/\/gambling6.com\/it\/wp-json\/wp\/v2\/comments?post=9493"}],"version-history":[{"count":1,"href":"https:\/\/gambling6.com\/it\/wp-json\/wp\/v2\/pages\/9493\/revisions"}],"predecessor-version":[{"id":10961,"href":"https:\/\/gambling6.com\/it\/wp-json\/wp\/v2\/pages\/9493\/revisions\/10961"}],"up":[{"embeddable":true,"href":"https:\/\/gambling6.com\/it\/wp-json\/wp\/v2\/pages\/9304"}],"wp:featuredmedia":[{"embeddable":true,"href":"https:\/\/gambling6.com\/it\/wp-json\/wp\/v2\/media\/565"}],"wp:attachment":[{"href":"https:\/\/gambling6.com\/it\/wp-json\/wp\/v2\/media?parent=9493"}],"curies":[{"name":"wp","href":"https:\/\/api.w.org\/{rel}","templated":true}]}}