{"id":9511,"date":"2025-11-11T04:11:20","date_gmt":"2025-11-11T04:11:20","guid":{"rendered":"https:\/\/gambling6.com\/lotteria\/acquista-i-biglietti-per-la-lotteria-della-florida-online\/"},"modified":"2025-11-11T04:11:20","modified_gmt":"2025-11-11T04:11:20","slug":"acquista-i-biglietti-per-la-lotteria-della-florida-online","status":"publish","type":"page","link":"https:\/\/gambling6.com\/it\/lotteria\/acquista-i-biglietti-per-la-lotteria-della-florida-online\/","title":{"rendered":"Acquista i biglietti per la lotteria della Florida online"},"content":{"rendered":"<h2>Florida Lotto<\/h2>\n<p>Stato caldo, lotteria calda! Gli abitanti della Florida concorderebbero sicuramente sul fatto che la loro lotteria sia un must ogni mercoled\u00ec e sabato. Con jackpot che partono da 2 milioni di dollari e che spesso superano i 10 milioni e oltre, la Lotteria della Florida \u00e8 diventata incredibilmente popolare tra gli amanti delle lotterie online e gli amanti delle lotterie online. <strong>Acquistare i biglietti online per la Lotteria della Florida \u00e8 pi\u00f9 facile che recarsi in Florida.<\/strong><\/p>\n<p>Sebbene le probabilit\u00e0 di vincere il jackpot siano di una su 22.957.480, <strong>hai pi\u00f9 di 1 possibilit\u00e0 su 67 di vincere uno dei premi disponibili nelle quattro categorie<\/strong>. Poich\u00e9 ci sono solo quattro categorie di premi, gli importi in denaro sono pi\u00f9 alti rispetto alla maggior parte delle altre lotterie. Eppure, vincere il jackpot non \u00e8 da escludere. Il jackpot record \u00e8 stato di poco superiore a 106 milioni di dollari; all&#8217;epoca, si trattava di uno dei jackpot pi\u00f9 alti nella storia americana. <\/p>\n<h2>Il Lotto della Florida aiuta l&#8217;istruzione<\/h2>\n<p>Nel 1988, per contribuire a finanziare l&#8217;istruzione nello stato della Florida, \u00e8 stato creato il Lotto della Florida. Sono stati raccolti molti fondi per la causa e, con l&#8217;aggiunta delle vendite online, il Lotto della Florida ha visto i jackpot crescere rapidamente. Ci\u00f2 \u00e8 evidente dal jackpot record del 1990 di 106 milioni di dollari. <strong>Questo jackpot record \u00e8 stato vinto da sei vincitori diversi, tutti indovinando i numeri sul loro biglietto.<\/strong><\/p>\n<p>Per giocare a questa lotteria, \u00e8 necessario scegliere sei numeri tra 1 e 53. Per riscuotere il jackpot, \u00e8 sufficiente indovinare tutti e sei i numeri. Se il jackpot non viene riscosso, viene accumulato all&#8217;estrazione successiva. Come possessore di un biglietto online, hai la possibilit\u00e0 di incassare quattro diversi livelli di premio che potrebbero anche farti vincere un sacco di soldi.<\/p>\n<p>Forse non riesci a sopportare il caldo che offre la Florida. Tuttavia, puoi sicuramente <a class=\"thirstylink\" title=\"TheLotter it\" href=\"https:\/\/gambling6.com\/go\/thelotter-it\/\" target=\"_blank\" rel=\"nofollow noopener\"><strong>approfittare dell&#8217;opportunit\u00e0 di acquistare i tuoi biglietti online per il Florida Lotto visitando il nostro partner, TheLotter<\/strong>.<\/a><\/p>\n<table style=\"width: 500px;\" border=\"1\" cellspacing=\"5\" cellpadding=\"5\" align=\"center\">\n<tbody>\n<tr>\n<td colspan=\"3\" align=\"center\">I migliori jackpot del 2013<\/td>\n<\/tr>\n<tr>\n<td>Estrazione<\/td>\n<td align=\"center\">Data<\/td>\n<td align=\"center\">Jackpot (USD)<\/td>\n<\/tr>\n<tr>\n<td>Florida Lotto &#8211; USA<\/td>\n<td align=\"center\">24-ago-13<\/td>\n<td align=\"right\">$58.000.000<\/td>\n<\/tr>\n<tr>\n<td>Florida Lotto &#8211; USA<\/td>\n<td align=\"center\">18-dic-13<\/td>\n<td align=\"right\">$46.000.000<\/td>\n<\/tr>\n<\/tbody>\n<\/table>\n<table style=\"width: 500px;\" border=\"1\" cellspacing=\"5\" cellpadding=\"5\" align=\"center\">\n<tbody>\n<tr>\n<td colspan=\"3\" align=\"center\">Florida Lotto &#8211; USA Livelli di premio<\/td>\n<\/tr>\n<tr>\n<td>Premio<\/td>\n<td align=\"center\">Partite<\/td>\n<td align=\"center\">Quote<\/td>\n<\/tr>\n<tr>\n<td>1\u00b0 (Jackpot)<\/td>\n<td align=\"center\">6<\/td>\n<td align=\"right\">22.957.480 : 1<\/td>\n<\/tr>\n<tr>\n<td>2\u00b0<\/td>\n<td align=\"center\">5<\/td>\n<td align=\"right\">81.410 : 1<\/td>\n<\/tr>\n<tr>\n<td>3\u00b0<\/td>\n<td align=\"center\">4<\/td>\n<td align=\"right\">1.416 : 1<\/td>\n<\/tr>\n<tr>\n<td>4\u00b0<\/td>\n<td align=\"center\">3<\/td>\n<td align=\"right\">71 : 1<\/td>\n<\/tr>\n<\/tbody>\n<\/table>\n","protected":false},"excerpt":{"rendered":"<p>Florida Lotto Stato caldo, lotteria calda! Gli abitanti della Florida concorderebbero sicuramente sul fatto che la loro lotteria sia un must ogni mercoled\u00ec e sabato. Con jackpot che partono da 2 milioni di dollari e che spesso superano i 10 milioni e oltre, la Lotteria della Florida \u00e8 diventata incredibilmente popolare tra gli amanti delle [&hellip;]<\/p>\n","protected":false},"author":1,"featured_media":0,"parent":9304,"menu_order":11,"comment_status":"closed","ping_status":"closed","template":"","meta":{"footnotes":""},"class_list":["post-9511","page","type-page","status-publish","hentry"],"yoast_head":"<!-- This site is optimized with the Yoast SEO plugin v27.3 - https:\/\/yoast.com\/product\/yoast-seo-wordpress\/ -->\n<title>Acquista online i biglietti per la lotteria della Florida<\/title>\n<meta name=\"description\" content=\"Partecipa al Florida Lotto e combatti la calura acquistando i biglietti online.\" \/>\n<meta name=\"robots\" content=\"index, follow, max-snippet:-1, max-image-preview:large, max-video-preview:-1\" \/>\n<link rel=\"canonical\" href=\"https:\/\/gambling6.com\/it\/lotteria\/acquista-i-biglietti-per-la-lotteria-della-florida-online\/\" \/>\n<meta property=\"og:locale\" content=\"it_IT\" \/>\n<meta property=\"og:type\" content=\"article\" \/>\n<meta property=\"og:title\" content=\"Acquista online i biglietti per la lotteria della Florida\" \/>\n<meta property=\"og:description\" content=\"Partecipa al Florida Lotto e combatti la calura acquistando i biglietti online.\" \/>\n<meta property=\"og:url\" content=\"https:\/\/gambling6.com\/it\/lotteria\/acquista-i-biglietti-per-la-lotteria-della-florida-online\/\" \/>\n<meta property=\"og:site_name\" content=\"Gambling6\" \/>\n<meta name=\"twitter:card\" content=\"summary_large_image\" \/>\n<meta name=\"twitter:label1\" content=\"Tempo di lettura stimato\" \/>\n\t<meta name=\"twitter:data1\" content=\"2 minuti\" \/>\n<script type=\"application\/ld+json\" class=\"yoast-schema-graph\">{\"@context\":\"https:\\\/\\\/schema.org\",\"@graph\":[{\"@type\":\"WebPage\",\"@id\":\"https:\\\/\\\/gambling6.com\\\/it\\\/lotteria\\\/acquista-i-biglietti-per-la-lotteria-della-florida-online\\\/\",\"url\":\"https:\\\/\\\/gambling6.com\\\/it\\\/lotteria\\\/acquista-i-biglietti-per-la-lotteria-della-florida-online\\\/\",\"name\":\"Acquista online i biglietti per la lotteria della Florida\",\"isPartOf\":{\"@id\":\"https:\\\/\\\/gambling6.com\\\/it\\\/#website\"},\"datePublished\":\"2025-11-11T04:11:20+00:00\",\"description\":\"Partecipa al Florida Lotto e combatti la calura acquistando i biglietti online.\",\"breadcrumb\":{\"@id\":\"https:\\\/\\\/gambling6.com\\\/it\\\/lotteria\\\/acquista-i-biglietti-per-la-lotteria-della-florida-online\\\/#breadcrumb\"},\"inLanguage\":\"it-IT\",\"potentialAction\":[{\"@type\":\"ReadAction\",\"target\":[\"https:\\\/\\\/gambling6.com\\\/it\\\/lotteria\\\/acquista-i-biglietti-per-la-lotteria-della-florida-online\\\/\"]}]},{\"@type\":\"BreadcrumbList\",\"@id\":\"https:\\\/\\\/gambling6.com\\\/it\\\/lotteria\\\/acquista-i-biglietti-per-la-lotteria-della-florida-online\\\/#breadcrumb\",\"itemListElement\":[{\"@type\":\"ListItem\",\"position\":1,\"name\":\"Home\",\"item\":\"https:\\\/\\\/gambling6.com\\\/it\\\/home\\\/\"},{\"@type\":\"ListItem\",\"position\":2,\"name\":\"Lotteria\",\"item\":\"https:\\\/\\\/gambling6.com\\\/it\\\/lotteria\\\/\"},{\"@type\":\"ListItem\",\"position\":3,\"name\":\"Acquista i biglietti per la lotteria della Florida online\"}]},{\"@type\":\"WebSite\",\"@id\":\"https:\\\/\\\/gambling6.com\\\/it\\\/#website\",\"url\":\"https:\\\/\\\/gambling6.com\\\/it\\\/\",\"name\":\"Gambling6\",\"description\":\"\",\"potentialAction\":[{\"@type\":\"SearchAction\",\"target\":{\"@type\":\"EntryPoint\",\"urlTemplate\":\"https:\\\/\\\/gambling6.com\\\/it\\\/?s={search_term_string}\"},\"query-input\":{\"@type\":\"PropertyValueSpecification\",\"valueRequired\":true,\"valueName\":\"search_term_string\"}}],\"inLanguage\":\"it-IT\"}]}<\/script>\n<!-- \/ Yoast SEO plugin. -->","yoast_head_json":{"title":"Acquista online i biglietti per la lotteria della Florida","description":"Partecipa al Florida Lotto e combatti la calura acquistando i biglietti online.","robots":{"index":"index","follow":"follow","max-snippet":"max-snippet:-1","max-image-preview":"max-image-preview:large","max-video-preview":"max-video-preview:-1"},"canonical":"https:\/\/gambling6.com\/it\/lotteria\/acquista-i-biglietti-per-la-lotteria-della-florida-online\/","og_locale":"it_IT","og_type":"article","og_title":"Acquista online i biglietti per la lotteria della Florida","og_description":"Partecipa al Florida Lotto e combatti la calura acquistando i biglietti online.","og_url":"https:\/\/gambling6.com\/it\/lotteria\/acquista-i-biglietti-per-la-lotteria-della-florida-online\/","og_site_name":"Gambling6","twitter_card":"summary_large_image","twitter_misc":{"Tempo di lettura stimato":"2 minuti"},"schema":{"@context":"https:\/\/schema.org","@graph":[{"@type":"WebPage","@id":"https:\/\/gambling6.com\/it\/lotteria\/acquista-i-biglietti-per-la-lotteria-della-florida-online\/","url":"https:\/\/gambling6.com\/it\/lotteria\/acquista-i-biglietti-per-la-lotteria-della-florida-online\/","name":"Acquista online i biglietti per la lotteria della Florida","isPartOf":{"@id":"https:\/\/gambling6.com\/it\/#website"},"datePublished":"2025-11-11T04:11:20+00:00","description":"Partecipa al Florida Lotto e combatti la calura acquistando i biglietti online.","breadcrumb":{"@id":"https:\/\/gambling6.com\/it\/lotteria\/acquista-i-biglietti-per-la-lotteria-della-florida-online\/#breadcrumb"},"inLanguage":"it-IT","potentialAction":[{"@type":"ReadAction","target":["https:\/\/gambling6.com\/it\/lotteria\/acquista-i-biglietti-per-la-lotteria-della-florida-online\/"]}]},{"@type":"BreadcrumbList","@id":"https:\/\/gambling6.com\/it\/lotteria\/acquista-i-biglietti-per-la-lotteria-della-florida-online\/#breadcrumb","itemListElement":[{"@type":"ListItem","position":1,"name":"Home","item":"https:\/\/gambling6.com\/it\/home\/"},{"@type":"ListItem","position":2,"name":"Lotteria","item":"https:\/\/gambling6.com\/it\/lotteria\/"},{"@type":"ListItem","position":3,"name":"Acquista i biglietti per la lotteria della Florida online"}]},{"@type":"WebSite","@id":"https:\/\/gambling6.com\/it\/#website","url":"https:\/\/gambling6.com\/it\/","name":"Gambling6","description":"","potentialAction":[{"@type":"SearchAction","target":{"@type":"EntryPoint","urlTemplate":"https:\/\/gambling6.com\/it\/?s={search_term_string}"},"query-input":{"@type":"PropertyValueSpecification","valueRequired":true,"valueName":"search_term_string"}}],"inLanguage":"it-IT"}]}},"_links":{"self":[{"href":"https:\/\/gambling6.com\/it\/wp-json\/wp\/v2\/pages\/9511","targetHints":{"allow":["GET"]}}],"collection":[{"href":"https:\/\/gambling6.com\/it\/wp-json\/wp\/v2\/pages"}],"about":[{"href":"https:\/\/gambling6.com\/it\/wp-json\/wp\/v2\/types\/page"}],"author":[{"embeddable":true,"href":"https:\/\/gambling6.com\/it\/wp-json\/wp\/v2\/users\/1"}],"replies":[{"embeddable":true,"href":"https:\/\/gambling6.com\/it\/wp-json\/wp\/v2\/comments?post=9511"}],"version-history":[{"count":0,"href":"https:\/\/gambling6.com\/it\/wp-json\/wp\/v2\/pages\/9511\/revisions"}],"up":[{"embeddable":true,"href":"https:\/\/gambling6.com\/it\/wp-json\/wp\/v2\/pages\/9304"}],"wp:attachment":[{"href":"https:\/\/gambling6.com\/it\/wp-json\/wp\/v2\/media?parent=9511"}],"curies":[{"name":"wp","href":"https:\/\/api.w.org\/{rel}","templated":true}]}}