{"id":9537,"date":"2025-11-11T04:25:31","date_gmt":"2025-11-11T04:25:31","guid":{"rendered":"https:\/\/gambling6.com\/lotteria\/ottieni-biglietti-online-per-la-lotteria-australiana\/"},"modified":"2025-11-11T04:25:31","modified_gmt":"2025-11-11T04:25:31","slug":"ottieni-biglietti-online-per-la-lotteria-australiana","status":"publish","type":"page","link":"https:\/\/gambling6.com\/it\/lotteria\/ottieni-biglietti-online-per-la-lotteria-australiana\/","title":{"rendered":"Ottieni biglietti online per la lotteria australiana"},"content":{"rendered":"<h2>La Lotteria Australiana<\/h2>\n<p>Ogni settimana, il marted\u00ec e il gioved\u00ec, in Australia si svolgono due lotterie molto emozionanti. I biglietti del Powerball e dell&#8217;Oz Lotto sono disponibili per l&#8217;acquisto online. Acquistare i biglietti online per l&#8217;Australian Lottery \u00e8 facile come &#8220;mettere un altro gambero sul barbecue&#8221;. Si gioca a queste lotterie per i jackpot, che di solito sono alti, di 50 milioni di dollari e oltre.<\/p>\n<p>Le probabilit\u00e0 di vincita per entrambi i jackpot sono piuttosto favorevoli, data la loro entit\u00e0, e con la possibilit\u00e0 di acquistare i biglietti online, aumentano piuttosto rapidamente. A livello globale, questi jackpot hanno guadagnato popolarit\u00e0 negli ultimi anni. Ogni giorno si sente parlare di queste estrazioni nei notiziari.<\/p>\n<h2>I biglietti online dell&#8217;Oz Lotto sono sicuri e protetti.<\/h2>\n<p>Puoi scegliere i tuoi 7 numeri in tutta sicurezza e attendere l&#8217;estrazione. Il nostro partner <a class=\"thirstylink\" title=\"Redfoxlotto\" href=\"https:\/\/gambling6.com\/go\/redfoxlotto\/\" target=\"_blank\" rel=\"nofollow noopener\">RedFoxLotto.com<\/a> elimina ogni preoccupazione legata all&#8217;acquisto di biglietti della lotteria online, cos\u00ec non dovrai far altro che rilassarti e aspettare di vincere.<\/p>\n<p>I giocatori statunitensi <span style=\"box-sizing: border-box; margin: 0px; padding: 0px;\">che desiderano partecipare e acquistare un biglietto online per il Powerball o qualsiasi altra lotteria australiana dovrebbero scegliere il nostro secondo consiglio: <a href=\"https:\/\/gambling6.com\/go\/thelotter-en\/\" target=\"_blank\" rel=\"noopener\">TheLotter. Clicca qui per visitare il loro sito web.<\/a><\/span><\/p>\n<h2>Jackpot enormi con i biglietti online per il Powerball Australia<\/h2>\n<table style=\"width: 500px;\" border=\"1\" cellspacing=\"5\" cellpadding=\"5\" align=\"center\">\n<tbody>\n<tr>\n<td colspan=\"3\" align=\"center\">I cinque migliori jackpot del 2013<\/td>\n<\/tr>\n<tr>\n<td>Estrazione<\/td>\n<td align=\"center\">Data<\/td>\n<td align=\"center\">Jackpot (USD)<\/td>\n<\/tr>\n<tr>\n<td>Powerball &#8211; Australia<\/td>\n<td align=\"center\">2 maggio 2013<\/td>\n<td align=\"right\">$55.229.291<\/td>\n<\/tr>\n<tr>\n<td>Powerball &#8211; Australia<\/td>\n<td align=\"center\">18 luglio 2013<\/td>\n<td align=\"right\">$26.700.000<\/td>\n<\/tr>\n<tr>\n<td>Powerball &#8211; Australia<\/td>\n<td align=\"center\">19-set-13<\/td>\n<td align=\"right\">$26.700.000<\/td>\n<\/tr>\n<tr>\n<td>Powerball &#8211; Australia<\/td>\n<td align=\"center\">24-ott-13<\/td>\n<td align=\"right\">$26.700.000<\/td>\n<\/tr>\n<tr>\n<td>Powerball &#8211; Australia<\/td>\n<td align=\"center\">3-gen-13<\/td>\n<td align=\"right\">$22.250.000<\/td>\n<\/tr>\n<\/tbody>\n<\/table>\n<h2>\u00a0Otto Livelli di premio per gli acquirenti online dei biglietti dell&#8217;Australian Powerball<\/h2>\n<table style=\"width: 500px;\" border=\"1\" cellspacing=\"5\" cellpadding=\"5\" align=\"center\">\n<tbody>\n<tr>\n<td colspan=\"3\" align=\"center\">Powerball Lotto &#8211; Australia Livelli di Premio<\/td>\n<\/tr>\n<tr>\n<td>Premio<\/td>\n<td align=\"center\">Partite<\/td>\n<td align=\"center\">Quote<\/td>\n<\/tr>\n<tr>\n<td>1\u00b0 (Jackpot)<\/td>\n<td align=\"center\">6 + 1<\/td>\n<td align=\"right\">76.767.600 : 1<\/td>\n<\/tr>\n<tr>\n<td>2\u00b0<\/td>\n<td align=\"center\">6<\/td>\n<td align=\"right\">4.040.400 : 1<\/td>\n<\/tr>\n<tr>\n<td>3\u00b0<\/td>\n<td align=\"center\">5 + 1<\/td>\n<td align=\"right\">376.312 : 1<\/td>\n<\/tr>\n<tr>\n<td>4\u00b0<\/td>\n<td align=\"center\">5<\/td>\n<td align=\"right\">19.806 : 1<\/td>\n<\/tr>\n<tr>\n<td>5\u00b0<\/td>\n<td align=\"center\">4 + 1<\/td>\n<td align=\"right\">9.123 : 1<\/td>\n<\/tr>\n<tr>\n<td>6\u00b0<\/td>\n<td align=\"center\">3 + 1<\/td>\n<td align=\"right\">641 : 1<\/td>\n<\/tr>\n<tr>\n<td>7\u00b0<\/td>\n<td align=\"center\">4<\/td>\n<td align=\"right\">480 : 1<\/td>\n<\/tr>\n<tr>\n<td>8\u00b0<\/td>\n<td align=\"center\">2 + 1<\/td>\n<td align=\"right\">110 : 1<\/td>\n<\/tr>\n<\/tbody>\n<\/table>\n<h2>\u00a0I possessori di biglietti online dell&#8217;Oz Lotto possono vincere alla grande<\/h2>\n<table style=\"width: 500px;\" border=\"1\" cellspacing=\"5\" cellpadding=\"5\" align=\"center\">\n<tbody>\n<tr>\n<td colspan=\"3\" align=\"center\">I cinque migliori jackpot del 2013<\/td>\n<\/tr>\n<tr>\n<td>Estrazione<\/td>\n<td align=\"center\">Data<\/td>\n<td align=\"center\">Jackpot (USD)<\/td>\n<\/tr>\n<tr>\n<td>Oz Lotto &#8211; Australia<\/td>\n<td align=\"center\">17-dic-13<\/td>\n<td align=\"right\">$62.300.000<\/td>\n<\/tr>\n<tr>\n<td>Oz Lotto &#8211; Australia<\/td>\n<td align=\"center\">2-lug-13<\/td>\n<td align=\"right\">$44.500.000<\/td>\n<\/tr>\n<tr>\n<td>Oz Lotto &#8211; Australia<\/td>\n<td align=\"center\">30-apr-13<\/td>\n<td align=\"right\">$26.700.000<\/td>\n<\/tr>\n<tr>\n<td>Oz Lotto &#8211; Australia<\/td>\n<td align=\"center\">29-gen-13<\/td>\n<td align=\"right\">$20.296.484<\/td>\n<\/tr>\n<tr>\n<td>Oz Lotto &#8211; Australia<\/td>\n<td align=\"center\">3-set-13<\/td>\n<td align=\"right\">$19.790.620<\/td>\n<\/tr>\n<\/tbody>\n<\/table>\n<h2>\u00a0Controlla i biglietti online per vedere se ci sono partite a pagamento<\/h2>\n<table style=\"width: 500px;\" border=\"1\" cellspacing=\"5\" cellpadding=\"5\" align=\"center\">\n<tbody>\n<tr>\n<td colspan=\"3\" align=\"center\">Fasce di premio Oz Lotto &#8211; Australia<\/td>\n<\/tr>\n<tr>\n<td>Premio<\/td>\n<td align=\"center\">Partite<\/td>\n<td align=\"center\">Quote<\/td>\n<\/tr>\n<tr>\n<td>1\u00b0 (Jackpot)<\/td>\n<td align=\"center\">7<\/td>\n<td align=\"right\">45.379.620 : 1<\/td>\n<\/tr>\n<tr>\n<td>2\u00b0<\/td>\n<td align=\"center\">6 + 1<\/td>\n<td align=\"right\">3.241.401 : 1<\/td>\n<\/tr>\n<tr>\n<td>3\u00b0<\/td>\n<td align=\"center\">6<\/td>\n<td align=\"right\">180.078 : 1<\/td>\n<\/tr>\n<tr>\n<td>4\u00b0<\/td>\n<td align=\"center\">5 + 1<\/td>\n<td align=\"right\">29.602 : 1<\/td>\n<\/tr>\n<tr>\n<td>5\u00b0<\/td>\n<td align=\"center\">5<\/td>\n<td align=\"right\">3.430 : 1<\/td>\n<\/tr>\n<tr>\n<td>6\u00b0<\/td>\n<td align=\"center\">4<\/td>\n<td align=\"right\">154 : 1<\/td>\n<\/tr>\n<tr>\n<td>7\u00b0<\/td>\n<td align=\"center\">3 + 1<\/td>\n<td align=\"right\">55 : 1<\/td>\n<\/tr>\n<\/tbody>\n<\/table>\n","protected":false},"excerpt":{"rendered":"<p>La Lotteria Australiana Ogni settimana, il marted\u00ec e il gioved\u00ec, in Australia si svolgono due lotterie molto emozionanti. I biglietti del Powerball e dell&#8217;Oz Lotto sono disponibili per l&#8217;acquisto online. Acquistare i biglietti online per l&#8217;Australian Lottery \u00e8 facile come &#8220;mettere un altro gambero sul barbecue&#8221;. Si gioca a queste lotterie per i jackpot, che [&hellip;]<\/p>\n","protected":false},"author":1,"featured_media":0,"parent":9304,"menu_order":9,"comment_status":"closed","ping_status":"closed","template":"","meta":{"footnotes":""},"class_list":["post-9537","page","type-page","status-publish","hentry"],"yoast_head":"<!-- This site is optimized with the Yoast SEO plugin v27.4 - https:\/\/yoast.com\/product\/yoast-seo-wordpress\/ -->\n<title>Acquista online i biglietti per la lotteria australiana<\/title>\n<meta name=\"description\" content=\"Acquistare online i biglietti per le lotterie australiane porta l&#039;entusiasmo a nuovi livelli.\" \/>\n<meta name=\"robots\" content=\"index, follow, max-snippet:-1, max-image-preview:large, max-video-preview:-1\" \/>\n<link rel=\"canonical\" href=\"https:\/\/gambling6.com\/it\/lotteria\/ottieni-biglietti-online-per-la-lotteria-australiana\/\" \/>\n<meta property=\"og:locale\" content=\"it_IT\" \/>\n<meta property=\"og:type\" content=\"article\" \/>\n<meta property=\"og:title\" content=\"Acquista online i biglietti per la lotteria australiana\" \/>\n<meta property=\"og:description\" content=\"Acquistare online i biglietti per le lotterie australiane porta l&#039;entusiasmo a nuovi livelli.\" \/>\n<meta property=\"og:url\" content=\"https:\/\/gambling6.com\/it\/lotteria\/ottieni-biglietti-online-per-la-lotteria-australiana\/\" \/>\n<meta property=\"og:site_name\" content=\"Gambling6\" \/>\n<meta name=\"twitter:card\" content=\"summary_large_image\" \/>\n<meta name=\"twitter:label1\" content=\"Tempo di lettura stimato\" \/>\n\t<meta name=\"twitter:data1\" content=\"2 minuti\" \/>\n<script type=\"application\/ld+json\" class=\"yoast-schema-graph\">{\"@context\":\"https:\\\/\\\/schema.org\",\"@graph\":[{\"@type\":\"WebPage\",\"@id\":\"https:\\\/\\\/gambling6.com\\\/it\\\/lotteria\\\/ottieni-biglietti-online-per-la-lotteria-australiana\\\/\",\"url\":\"https:\\\/\\\/gambling6.com\\\/it\\\/lotteria\\\/ottieni-biglietti-online-per-la-lotteria-australiana\\\/\",\"name\":\"Acquista online i biglietti per la lotteria australiana\",\"isPartOf\":{\"@id\":\"https:\\\/\\\/gambling6.com\\\/it\\\/#website\"},\"datePublished\":\"2025-11-11T04:25:31+00:00\",\"description\":\"Acquistare online i biglietti per le lotterie australiane porta l'entusiasmo a nuovi livelli.\",\"breadcrumb\":{\"@id\":\"https:\\\/\\\/gambling6.com\\\/it\\\/lotteria\\\/ottieni-biglietti-online-per-la-lotteria-australiana\\\/#breadcrumb\"},\"inLanguage\":\"it-IT\",\"potentialAction\":[{\"@type\":\"ReadAction\",\"target\":[\"https:\\\/\\\/gambling6.com\\\/it\\\/lotteria\\\/ottieni-biglietti-online-per-la-lotteria-australiana\\\/\"]}]},{\"@type\":\"BreadcrumbList\",\"@id\":\"https:\\\/\\\/gambling6.com\\\/it\\\/lotteria\\\/ottieni-biglietti-online-per-la-lotteria-australiana\\\/#breadcrumb\",\"itemListElement\":[{\"@type\":\"ListItem\",\"position\":1,\"name\":\"Home\",\"item\":\"https:\\\/\\\/gambling6.com\\\/it\\\/home\\\/\"},{\"@type\":\"ListItem\",\"position\":2,\"name\":\"Lotteria\",\"item\":\"https:\\\/\\\/gambling6.com\\\/it\\\/lotteria\\\/\"},{\"@type\":\"ListItem\",\"position\":3,\"name\":\"Ottieni biglietti online per la lotteria australiana\"}]},{\"@type\":\"WebSite\",\"@id\":\"https:\\\/\\\/gambling6.com\\\/it\\\/#website\",\"url\":\"https:\\\/\\\/gambling6.com\\\/it\\\/\",\"name\":\"Gambling6\",\"description\":\"\",\"potentialAction\":[{\"@type\":\"SearchAction\",\"target\":{\"@type\":\"EntryPoint\",\"urlTemplate\":\"https:\\\/\\\/gambling6.com\\\/it\\\/?s={search_term_string}\"},\"query-input\":{\"@type\":\"PropertyValueSpecification\",\"valueRequired\":true,\"valueName\":\"search_term_string\"}}],\"inLanguage\":\"it-IT\"}]}<\/script>\n<!-- \/ Yoast SEO plugin. -->","yoast_head_json":{"title":"Acquista online i biglietti per la lotteria australiana","description":"Acquistare online i biglietti per le lotterie australiane porta l'entusiasmo a nuovi livelli.","robots":{"index":"index","follow":"follow","max-snippet":"max-snippet:-1","max-image-preview":"max-image-preview:large","max-video-preview":"max-video-preview:-1"},"canonical":"https:\/\/gambling6.com\/it\/lotteria\/ottieni-biglietti-online-per-la-lotteria-australiana\/","og_locale":"it_IT","og_type":"article","og_title":"Acquista online i biglietti per la lotteria australiana","og_description":"Acquistare online i biglietti per le lotterie australiane porta l'entusiasmo a nuovi livelli.","og_url":"https:\/\/gambling6.com\/it\/lotteria\/ottieni-biglietti-online-per-la-lotteria-australiana\/","og_site_name":"Gambling6","twitter_card":"summary_large_image","twitter_misc":{"Tempo di lettura stimato":"2 minuti"},"schema":{"@context":"https:\/\/schema.org","@graph":[{"@type":"WebPage","@id":"https:\/\/gambling6.com\/it\/lotteria\/ottieni-biglietti-online-per-la-lotteria-australiana\/","url":"https:\/\/gambling6.com\/it\/lotteria\/ottieni-biglietti-online-per-la-lotteria-australiana\/","name":"Acquista online i biglietti per la lotteria australiana","isPartOf":{"@id":"https:\/\/gambling6.com\/it\/#website"},"datePublished":"2025-11-11T04:25:31+00:00","description":"Acquistare online i biglietti per le lotterie australiane porta l'entusiasmo a nuovi livelli.","breadcrumb":{"@id":"https:\/\/gambling6.com\/it\/lotteria\/ottieni-biglietti-online-per-la-lotteria-australiana\/#breadcrumb"},"inLanguage":"it-IT","potentialAction":[{"@type":"ReadAction","target":["https:\/\/gambling6.com\/it\/lotteria\/ottieni-biglietti-online-per-la-lotteria-australiana\/"]}]},{"@type":"BreadcrumbList","@id":"https:\/\/gambling6.com\/it\/lotteria\/ottieni-biglietti-online-per-la-lotteria-australiana\/#breadcrumb","itemListElement":[{"@type":"ListItem","position":1,"name":"Home","item":"https:\/\/gambling6.com\/it\/home\/"},{"@type":"ListItem","position":2,"name":"Lotteria","item":"https:\/\/gambling6.com\/it\/lotteria\/"},{"@type":"ListItem","position":3,"name":"Ottieni biglietti online per la lotteria australiana"}]},{"@type":"WebSite","@id":"https:\/\/gambling6.com\/it\/#website","url":"https:\/\/gambling6.com\/it\/","name":"Gambling6","description":"","potentialAction":[{"@type":"SearchAction","target":{"@type":"EntryPoint","urlTemplate":"https:\/\/gambling6.com\/it\/?s={search_term_string}"},"query-input":{"@type":"PropertyValueSpecification","valueRequired":true,"valueName":"search_term_string"}}],"inLanguage":"it-IT"}]}},"_links":{"self":[{"href":"https:\/\/gambling6.com\/it\/wp-json\/wp\/v2\/pages\/9537","targetHints":{"allow":["GET"]}}],"collection":[{"href":"https:\/\/gambling6.com\/it\/wp-json\/wp\/v2\/pages"}],"about":[{"href":"https:\/\/gambling6.com\/it\/wp-json\/wp\/v2\/types\/page"}],"author":[{"embeddable":true,"href":"https:\/\/gambling6.com\/it\/wp-json\/wp\/v2\/users\/1"}],"replies":[{"embeddable":true,"href":"https:\/\/gambling6.com\/it\/wp-json\/wp\/v2\/comments?post=9537"}],"version-history":[{"count":0,"href":"https:\/\/gambling6.com\/it\/wp-json\/wp\/v2\/pages\/9537\/revisions"}],"up":[{"embeddable":true,"href":"https:\/\/gambling6.com\/it\/wp-json\/wp\/v2\/pages\/9304"}],"wp:attachment":[{"href":"https:\/\/gambling6.com\/it\/wp-json\/wp\/v2\/media?parent=9537"}],"curies":[{"name":"wp","href":"https:\/\/api.w.org\/{rel}","templated":true}]}}