{"id":9541,"date":"2025-11-11T04:34:19","date_gmt":"2025-11-11T04:34:19","guid":{"rendered":"https:\/\/gambling6.com\/lotteria\/ottieni-i-biglietti-online-per-la-lotteria-mega-sena\/"},"modified":"2025-11-11T04:34:19","modified_gmt":"2025-11-11T04:34:19","slug":"ottieni-i-biglietti-online-per-la-lotteria-mega-sena","status":"publish","type":"page","link":"https:\/\/gambling6.com\/it\/lotteria\/ottieni-i-biglietti-online-per-la-lotteria-mega-sena\/","title":{"rendered":"Ottieni i biglietti online per la lotteria Mega Sena"},"content":{"rendered":"<h2>Lotteria Mega Sena<\/h2>\n<p>Con un jackpot minimo garantito di 1,1 milioni di dollari, la Lotteria Mega Sena in Brasile attira un enorme seguito due volte a settimana. Grazie alla possibilit\u00e0 di acquistare i biglietti online per la Lotteria Mega Sena, i jackpot spesso salgono molto pi\u00f9 in alto. In un paese noto in tutto il mondo per le belle donne in spiaggia e per il divertimento, la Lotteria nazionale brasiliana Mega-Sena aggiunge ulteriore adrenalina con jackpot che possono raggiungere i 35 milioni di dollari.<\/p>\n<p><strong>Come se 35 milioni di dollari non bastassero, a Capodanno si tiene un&#8217;estrazione speciale con un jackpot garantito di 200 milioni di dollari.<\/strong><\/p>\n<p>La Lotteria Mega-Sena, che si tiene due volte a settimana in Brasile, \u00e8 la pi\u00f9 grande del Sud America e pu\u00f2 essere acquistata online. I residenti brasiliani, insieme a molti giocatori online, si accalcano per acquistare i biglietti due volte a settimana per questa lotteria facile da giocare. Giocare alla lotteria Mega-Sena online.<br \/>\nPer partecipare a questa lotteria, tutto ci\u00f2 che devi fare \u00e8 selezionare sei numeri tra 1 e 60 e attendere l&#8217;estrazione. Per riscuotere il jackpot, tutto ci\u00f2 che devi fare \u00e8 indovinare sei numeri. <strong>Come giocatore online, il passo successivo sarebbe volare in Brasile<\/strong>, riscuotere il jackpot e andare in spiaggia con tutti i tuoi nuovi amici.<\/p>\n<p>Le probabilit\u00e0 di vincere Mega Sena con i tuoi biglietti online sono di circa 50.000.000 a 1. Acquistando i biglietti Mega Sena online puoi anche vincere uno dei premi di secondo o terzo livello, che sono spesso sostanziosi. <a class=\"thirstylink\" title=\"Redfoxlotto\" href=\"https:\/\/gambling6.com\/go\/redfoxlotto\/\" target=\"_blank\" rel=\"nofollow noopener\">Clicca qui per visitare il nostro partner RedFoxlotto e acquistare online i biglietti per la lotteria Mega Sena.<\/a><\/p>\n<table style=\"width: 500px;\" border=\"1\" cellspacing=\"5\" cellpadding=\"5\" align=\"center\">\n<tbody>\n<tr>\n<td colspan=\"3\" align=\"center\">I cinque migliori jackpot del 2013<\/td>\n<\/tr>\n<tr>\n<td>Estrazione<\/td>\n<td align=\"center\">Data<\/td>\n<td align=\"center\">Jackpot (USD)<\/td>\n<\/tr>\n<tr>\n<td>Mega-Sena &#8211; America Latina<\/td>\n<td align=\"center\">6 novembre 2013<\/td>\n<td align=\"right\">$34.615.000<\/td>\n<\/tr>\n<tr>\n<td>Mega-Sena &#8211; America Latina<\/td>\n<td align=\"center\">1 giugno 2013<\/td>\n<td align=\"right\">$18.505.745<\/td>\n<\/tr>\n<tr>\n<td>Mega-Sena &#8211; America Latina<\/td>\n<td align=\"center\">3-lug-13<\/td>\n<td align=\"right\">$18.205.319<\/td>\n<\/tr>\n<tr>\n<td>Mega-Sena &#8211; America Latina<\/td>\n<td align=\"center\">31-ago-13<\/td>\n<td align=\"right\">$13.760.000<\/td>\n<\/tr>\n<tr>\n<td>Mega-Sena &#8211; America Latina<\/td>\n<td align=\"center\">14-ago-13<\/td>\n<td align=\"right\">$10.884.923<\/td>\n<\/tr>\n<\/tbody>\n<\/table>\n<table style=\"width: 500px;\" border=\"1\" cellspacing=\"5\" cellpadding=\"5\" align=\"center\">\n<tbody>\n<tr>\n<td colspan=\"3\" align=\"center\">Lotteria Mega-Sena &#8211; Livelli di premio in Brasile<\/td>\n<\/tr>\n<tr>\n<td>Premio<\/td>\n<td align=\"center\">Partite<\/td>\n<td align=\"center\">Quote<\/td>\n<\/tr>\n<tr>\n<td>1\u00b0 (Jackpot)<\/td>\n<td align=\"center\">6<\/td>\n<td align=\"right\">50.063.856 : 1<\/td>\n<\/tr>\n<tr>\n<td>2\u00b0<\/td>\n<td align=\"center\">5<\/td>\n<td align=\"right\">154.518 : 1<\/td>\n<\/tr>\n<tr>\n<td>3\u00b0<\/td>\n<td align=\"center\">4<\/td>\n<td align=\"right\">2.332 : 1<\/td>\n<\/tr>\n<\/tbody>\n<\/table>\n","protected":false},"excerpt":{"rendered":"<p>Lotteria Mega Sena Con un jackpot minimo garantito di 1,1 milioni di dollari, la Lotteria Mega Sena in Brasile attira un enorme seguito due volte a settimana. Grazie alla possibilit\u00e0 di acquistare i biglietti online per la Lotteria Mega Sena, i jackpot spesso salgono molto pi\u00f9 in alto. In un paese noto in tutto il [&hellip;]<\/p>\n","protected":false},"author":1,"featured_media":0,"parent":9304,"menu_order":8,"comment_status":"closed","ping_status":"closed","template":"","meta":{"footnotes":""},"class_list":["post-9541","page","type-page","status-publish","hentry"],"yoast_head":"<!-- This site is optimized with the Yoast SEO plugin v27.6 - https:\/\/yoast.com\/product\/yoast-seo-wordpress\/ -->\n<title>Acquista online i biglietti per la lotteria Mega Sena<\/title>\n<meta name=\"description\" content=\"Scopri come acquistare online i biglietti per la lotteria Mega-Sena del Brasile.\" \/>\n<meta name=\"robots\" content=\"index, follow, max-snippet:-1, max-image-preview:large, max-video-preview:-1\" \/>\n<link rel=\"canonical\" href=\"https:\/\/gambling6.com\/it\/lotteria\/ottieni-i-biglietti-online-per-la-lotteria-mega-sena\/\" \/>\n<meta property=\"og:locale\" content=\"it_IT\" \/>\n<meta property=\"og:type\" content=\"article\" \/>\n<meta property=\"og:title\" content=\"Acquista online i biglietti per la lotteria Mega Sena\" \/>\n<meta property=\"og:description\" content=\"Scopri come acquistare online i biglietti per la lotteria Mega-Sena del Brasile.\" \/>\n<meta property=\"og:url\" content=\"https:\/\/gambling6.com\/it\/lotteria\/ottieni-i-biglietti-online-per-la-lotteria-mega-sena\/\" \/>\n<meta property=\"og:site_name\" content=\"Gambling6\" \/>\n<meta name=\"twitter:card\" content=\"summary_large_image\" \/>\n<meta name=\"twitter:label1\" content=\"Tempo di lettura stimato\" \/>\n\t<meta name=\"twitter:data1\" content=\"2 minuti\" \/>\n<script type=\"application\/ld+json\" class=\"yoast-schema-graph\">{\"@context\":\"https:\\\/\\\/schema.org\",\"@graph\":[{\"@type\":\"WebPage\",\"@id\":\"https:\\\/\\\/gambling6.com\\\/it\\\/lotteria\\\/ottieni-i-biglietti-online-per-la-lotteria-mega-sena\\\/\",\"url\":\"https:\\\/\\\/gambling6.com\\\/it\\\/lotteria\\\/ottieni-i-biglietti-online-per-la-lotteria-mega-sena\\\/\",\"name\":\"Acquista online i biglietti per la lotteria Mega Sena\",\"isPartOf\":{\"@id\":\"https:\\\/\\\/gambling6.com\\\/it\\\/#website\"},\"datePublished\":\"2025-11-11T04:34:19+00:00\",\"description\":\"Scopri come acquistare online i biglietti per la lotteria Mega-Sena del Brasile.\",\"breadcrumb\":{\"@id\":\"https:\\\/\\\/gambling6.com\\\/it\\\/lotteria\\\/ottieni-i-biglietti-online-per-la-lotteria-mega-sena\\\/#breadcrumb\"},\"inLanguage\":\"it-IT\",\"potentialAction\":[{\"@type\":\"ReadAction\",\"target\":[\"https:\\\/\\\/gambling6.com\\\/it\\\/lotteria\\\/ottieni-i-biglietti-online-per-la-lotteria-mega-sena\\\/\"]}]},{\"@type\":\"BreadcrumbList\",\"@id\":\"https:\\\/\\\/gambling6.com\\\/it\\\/lotteria\\\/ottieni-i-biglietti-online-per-la-lotteria-mega-sena\\\/#breadcrumb\",\"itemListElement\":[{\"@type\":\"ListItem\",\"position\":1,\"name\":\"Home\",\"item\":\"https:\\\/\\\/gambling6.com\\\/it\\\/home\\\/\"},{\"@type\":\"ListItem\",\"position\":2,\"name\":\"Lotteria\",\"item\":\"https:\\\/\\\/gambling6.com\\\/it\\\/lotteria\\\/\"},{\"@type\":\"ListItem\",\"position\":3,\"name\":\"Ottieni i biglietti online per la lotteria Mega Sena\"}]},{\"@type\":\"WebSite\",\"@id\":\"https:\\\/\\\/gambling6.com\\\/it\\\/#website\",\"url\":\"https:\\\/\\\/gambling6.com\\\/it\\\/\",\"name\":\"Gambling6\",\"description\":\"\",\"potentialAction\":[{\"@type\":\"SearchAction\",\"target\":{\"@type\":\"EntryPoint\",\"urlTemplate\":\"https:\\\/\\\/gambling6.com\\\/it\\\/?s={search_term_string}\"},\"query-input\":{\"@type\":\"PropertyValueSpecification\",\"valueRequired\":true,\"valueName\":\"search_term_string\"}}],\"inLanguage\":\"it-IT\"}]}<\/script>\n<!-- \/ Yoast SEO plugin. -->","yoast_head_json":{"title":"Acquista online i biglietti per la lotteria Mega Sena","description":"Scopri come acquistare online i biglietti per la lotteria Mega-Sena del Brasile.","robots":{"index":"index","follow":"follow","max-snippet":"max-snippet:-1","max-image-preview":"max-image-preview:large","max-video-preview":"max-video-preview:-1"},"canonical":"https:\/\/gambling6.com\/it\/lotteria\/ottieni-i-biglietti-online-per-la-lotteria-mega-sena\/","og_locale":"it_IT","og_type":"article","og_title":"Acquista online i biglietti per la lotteria Mega Sena","og_description":"Scopri come acquistare online i biglietti per la lotteria Mega-Sena del Brasile.","og_url":"https:\/\/gambling6.com\/it\/lotteria\/ottieni-i-biglietti-online-per-la-lotteria-mega-sena\/","og_site_name":"Gambling6","twitter_card":"summary_large_image","twitter_misc":{"Tempo di lettura stimato":"2 minuti"},"schema":{"@context":"https:\/\/schema.org","@graph":[{"@type":"WebPage","@id":"https:\/\/gambling6.com\/it\/lotteria\/ottieni-i-biglietti-online-per-la-lotteria-mega-sena\/","url":"https:\/\/gambling6.com\/it\/lotteria\/ottieni-i-biglietti-online-per-la-lotteria-mega-sena\/","name":"Acquista online i biglietti per la lotteria Mega Sena","isPartOf":{"@id":"https:\/\/gambling6.com\/it\/#website"},"datePublished":"2025-11-11T04:34:19+00:00","description":"Scopri come acquistare online i biglietti per la lotteria Mega-Sena del Brasile.","breadcrumb":{"@id":"https:\/\/gambling6.com\/it\/lotteria\/ottieni-i-biglietti-online-per-la-lotteria-mega-sena\/#breadcrumb"},"inLanguage":"it-IT","potentialAction":[{"@type":"ReadAction","target":["https:\/\/gambling6.com\/it\/lotteria\/ottieni-i-biglietti-online-per-la-lotteria-mega-sena\/"]}]},{"@type":"BreadcrumbList","@id":"https:\/\/gambling6.com\/it\/lotteria\/ottieni-i-biglietti-online-per-la-lotteria-mega-sena\/#breadcrumb","itemListElement":[{"@type":"ListItem","position":1,"name":"Home","item":"https:\/\/gambling6.com\/it\/home\/"},{"@type":"ListItem","position":2,"name":"Lotteria","item":"https:\/\/gambling6.com\/it\/lotteria\/"},{"@type":"ListItem","position":3,"name":"Ottieni i biglietti online per la lotteria Mega Sena"}]},{"@type":"WebSite","@id":"https:\/\/gambling6.com\/it\/#website","url":"https:\/\/gambling6.com\/it\/","name":"Gambling6","description":"","potentialAction":[{"@type":"SearchAction","target":{"@type":"EntryPoint","urlTemplate":"https:\/\/gambling6.com\/it\/?s={search_term_string}"},"query-input":{"@type":"PropertyValueSpecification","valueRequired":true,"valueName":"search_term_string"}}],"inLanguage":"it-IT"}]}},"_links":{"self":[{"href":"https:\/\/gambling6.com\/it\/wp-json\/wp\/v2\/pages\/9541","targetHints":{"allow":["GET"]}}],"collection":[{"href":"https:\/\/gambling6.com\/it\/wp-json\/wp\/v2\/pages"}],"about":[{"href":"https:\/\/gambling6.com\/it\/wp-json\/wp\/v2\/types\/page"}],"author":[{"embeddable":true,"href":"https:\/\/gambling6.com\/it\/wp-json\/wp\/v2\/users\/1"}],"replies":[{"embeddable":true,"href":"https:\/\/gambling6.com\/it\/wp-json\/wp\/v2\/comments?post=9541"}],"version-history":[{"count":0,"href":"https:\/\/gambling6.com\/it\/wp-json\/wp\/v2\/pages\/9541\/revisions"}],"up":[{"embeddable":true,"href":"https:\/\/gambling6.com\/it\/wp-json\/wp\/v2\/pages\/9304"}],"wp:attachment":[{"href":"https:\/\/gambling6.com\/it\/wp-json\/wp\/v2\/media?parent=9541"}],"curies":[{"name":"wp","href":"https:\/\/api.w.org\/{rel}","templated":true}]}}